{"id":15861,"date":"2023-07-15T07:45:08","date_gmt":"2023-07-15T07:45:08","guid":{"rendered":"https:\/\/www.ticketswhales.com\/27-waterfalls-from-santo-domingo-private-or-small-group-trip\/"},"modified":"2023-07-15T07:45:08","modified_gmt":"2023-07-15T07:45:08","slug":"27-waterfalls-from-santo-domingo-private-or-small-group-trip","status":"publish","type":"page","link":"https:\/\/www.boattoursamana.com\/es\/27-cascadas-desde-santo-domingo-viaje-privado-o-en-grupos-pequenos","title":{"rendered":"27 cascadas desde Santo Domingo \u2013 Viaje privado o en grupo peque\u00f1o"},"content":{"rendered":"<p id=\"tw-target-text\" class=\"tw-data-text tw-text-large tw-ta\" dir=\"ltr\" data-placeholder=\"Translation\"><span class=\"Y2IQFc\" lang=\"en\">Esta excursi\u00f3n desde Santo Domingo a las 27 cascadas de Damajagua en Puerto Plata, Almuerzo y Excursi\u00f3n por las 27 cascadas, caminata y salto al r\u00edo. Viaje ecol\u00f3gico a las 27 cascadas de Puerto Plata. Obtenga sus boletos para una excursi\u00f3n de d\u00eda completo desde el \u00e1rea de Punta Cana a Cascada 27 desde Damajagua. <\/span><\/p>\n<p>n<\/p>\n<p class=\"tw-data-text tw-text-large tw-ta\" dir=\"ltr\" data-placeholder=\"Translation\"><span class=\"Y2IQFc\" lang=\"en\">Entradas con almuerzo y excursi\u00f3n Incluyen saltos y nado en las cascadas m\u00e1s hermosas de Rep\u00fablica Dominicana. \u00a1Camina y nada con equipo de seguridad para tener la mejor experiencia!<\/span><\/p>\n<p>n<\/p>\n<p class=\"tw-data-text tw-text-large tw-ta\" dir=\"ltr\" data-placeholder=\"Translation\"><strong><span class=\"Y2IQFc\" lang=\"en\">Seleccione la fecha para el Tour:<\/span><\/strong><\/p>\n<p>&nbsp;<\/p>\n<div class=\"vc_row wpb_row vc_row-fluid\" ><div class=\"wpb_column vc_column_container vc_col-sm-12\"><div class=\"vc_column-inner\"><div class=\"wpb_wrapper\"><div class=\"vc_btn3-container vc_btn3-inline\" ><button class=\"vc_general vc_btn3 vc_btn3-size-md vc_btn3-shape-rounded vc_btn3-style-modern vc_btn3-color-green\">RESERVAR AHORA<\/button><\/div><div class=\"mkdf-section-title-holder\" style=\"text-align: left\">\n\t<div class=\"mkdf-st-inner\">\n\t\t\t\t\t<h5 class=\"mkdf-st-subtitle\" >\n\t\t\t\tAlmuerzo y transporte incluidos\t\t\t<\/h5>\n\t\t\t\t\t\t\t<h3 class=\"mkdf-st-title\" >\n\t\t\t\t27 cascadas desde Santo Domingo - Viaje privado o en grupo peque\u00f1o\t\t\t<\/h3>\n\t\t\t\t\t<\/div>\n<\/div><\/div><\/div><\/div><\/div><div class=\"vc_row wpb_row vc_row-fluid\" ><div class=\"wpb_column vc_column_container vc_col-sm-12\"><div class=\"vc_column-inner\"><div class=\"wpb_wrapper\">\n\t<div class=\"wpb_text_column wpb_content_element\" >\n\t\t<div class=\"wpb_wrapper\">\n\t\t\t<p>\nn<\/p>\n<h3 class=\"ui_header h1 attractions-product-info-ProductTitle__title--1qM0o\"><\/h3>\n<p>n<\/p>\n<h4><b><i>Descripci\u00f3n general <\/i><\/b><\/h4>\n<p>nObtenga sus entradas para una excursi\u00f3n de d\u00eda completo con salida desde Santo Domingo a la Cascada 27 de Damajagua. Entradas con Almuerzo y Excursi\u00f3n Incluye saltar y nadar en las cascadas m\u00e1s bellas de la Rep\u00fablica Dominicana. \u00a1\u00a1\u00a1Salto y Nado con equipo de seguridad para tener la mejor experiencia!!!<br \/>\nn<br \/>\nnDespu\u00e9s de esta experiencia, volver\u00e1 a Santo Domingo en el Lugar donde se reunir\u00e1 con el Gu\u00eda de Turismo o el Hotel.<br \/>\nn<\/p>\n<ul>\nn \t<\/p>\n<li style=\"font-weight: 400;\">Tarifas incluidas<\/li>\n<p>n \t<\/p>\n<li>Almuerzo<\/li>\n<p>n \t<\/p>\n<li>Meriendas<\/li>\n<p>n \t<\/p>\n<li style=\"font-weight: 400;\">Gu\u00eda tur\u00edstico local en ingl\u00e9s<\/li>\n<p>n<\/ul>\n<p>n&nbsp;<br \/>\nn<\/p>\n<h4><b>Inclusiones y Exclusiones<\/b><\/h4>\n<p>n&nbsp;<br \/>\nn<br \/>\nn<b>Inclusiones<\/b><br \/>\nn<\/p>\n<ol>\nn \t<\/p>\n<li style=\"font-weight: 400;\">27 Cascadas de Damajagua<\/li>\n<p>n \t<\/p>\n<li>Almuerzo<\/li>\n<p>n \t<\/p>\n<li style=\"font-weight: 400;\"><span style=\"font-weight: 400;\">Todos los impuestos, tasas y gastos de tramitaci\u00f3n<\/span><\/li>\n<p>n \t<\/p>\n<li style=\"font-weight: 400;\"><span style=\"font-weight: 400;\">Impuestos locales<\/span><\/li>\n<p>n \t<\/p>\n<li style=\"font-weight: 400;\"><span style=\"font-weight: 400;\">Bebidas<\/span><\/li>\n<p>n \t<\/p>\n<li>Meriendas<\/li>\n<p>n \t<\/p>\n<li style=\"font-weight: 400;\"><span style=\"font-weight: 400;\">Todas las actividades<\/span><\/li>\n<p>n \t<\/p>\n<li style=\"font-weight: 400;\"><span style=\"font-weight: 400;\">Gu\u00eda local<\/span><\/li>\n<p>n \t<\/p>\n<li>Transportaci\u00f3n<\/li>\n<p>n<\/ol>\n<p>n<b> Exclusiones<\/b><br \/>\nn<\/p>\n<ol>\nn \t<\/p>\n<li style=\"font-weight: 400;\"><span style=\"font-weight: 400;\">Propinas<\/span><\/li>\n<p>n \t<\/p>\n<li style=\"font-weight: 400;\"><span style=\"font-weight: 400;\">Bebidas alcoh\u00f3licas<\/span><\/li>\n<p>n<\/ol>\n<p>n&nbsp;<br \/>\nn<\/p>\n<h4><em><strong>Salida y Regreso<\/strong><\/em><\/h4>\n<p>n<span style=\"font-weight: 400;\">El viajero ser\u00e1 recogido en los Hoteles de Santo Domingo. Los recorridos comienzan y terminan en sus puntos de encuentro.<\/span><br \/>\nn<\/p>\n<h4><\/h4>\n<p>n<\/p>\n<h3 class=\"ui_header h1 attractions-product-info-ProductTitle__title--1qM0o\">27 Tour Cataratas de Damajagua desde Santo Domingo.<\/h3>\n<p>n<\/p>\n<h4><b><i>\u00bfQue esperar?<\/i><\/b><\/h4>\n<p>n<\/p>\n<div class=\"apd_content_block\" data-tab=\"TABS_OVERVIEW\">\nn<\/p>\n<div class=\"ui_card section attractions-product-details-Overview__sectionMargin--uHktd attractions-product-details-Overview__cleanslateOverrideDT--39Ov7\"><strong>Nota:<\/strong> El viaje de ida desde Santo Domingo a Puerto Plata es de alrededor de 3 horas. Salimos de Santo Domingo alrededor de las 7:00 AM. Regreso a Santo Domingo alrededor de las 7:00 PM.<\/div>\n<p>n\n<\/p><\/div>\n<p>n<\/p>\n<div data-tab=\"TABS_WHAT_TO_EXPECT\">\nn<\/p>\n<div class=\"ui_card attractions-card-CollapsibleProductDetailsCard__cardContainer--3r2wk attractions-card-CollapsibleProductDetailsCard__cleanslateOverrideDT--2AJh0\">\nn<\/p>\n<div class=\"attractions-card-CollapsibleCard__header--IDA3r\">\nn<\/p>\n<div class=\"attractions-card-CollapsibleCard__headerSection--3gTKb\"><\/div>\n<p>n\n<\/p><\/div>\n<p>n<\/p>\n<div class=\"attractions-card-CollapsibleCard__content--2Ws8q\">\nn<\/p>\n<div class=\"attractions-card-CollapsibleCard__contentWrap--374jk attractions-card-CollapsibleCard__titleUnderline--1uHze\">\nn<\/p>\n<div>Descubra las aisladas Cataratas de Damajagua, escondidas en las colinas del Corredor Norte de la Rep\u00fablica Dominicana, en esta excursi\u00f3n de un d\u00eda completo desde Puerto Plata. Explore las veintisiete cataratas v\u00edrgenes, que caen en cascada sobre piedra caliza, con su gu\u00eda local. Obtenga un breve resumen de seguridad, luego salte, nade y desl\u00edcese por los toboganes de agua naturales.<\/div>\n<p>n<\/p>\n<div><\/div>\n<p>n<\/p>\n<div>Almuerzo, bebidas incluidas. Una caminata cuesta arriba moderada de 40 minutos a trav\u00e9s de un hermoso paisaje selv\u00e1tico lo llevar\u00e1 a la cascada n\u00famero 12 o, si est\u00e1 en excelente forma f\u00edsica, elija caminar hasta la cima de las 27 cascadas (aproximadamente 70 minutos) y experim\u00e9ntelo todo .<\/div>\n<p>n<\/p>\n<div class=\"attractions-card-CollapsibleProductDetailsCard__cardContent--23ext\">\nn<\/p>\n<div class=\"common-text-ReadMore__readMore--3Iu8c common-text-ReadMore__variantFadeOut--1tInd\">\nn<\/p>\n<div class=\"common-text-ReadMore__content--2X4LR\">\nn<\/p>\n<div class=\"ui_columns is-desktop\">\nn<\/p>\n<div><\/div>\n<p>n<\/p>\n<div class=\"ui_column\">De cualquier manera, tu verdadera diversi\u00f3n comienza cuando regresamos r\u00edo abajo y saltas, te deslizas y nadas a trav\u00e9s de una serie de espectaculares cascadas, ca\u00f1ones y piscinas azules, \u00a1emergiendo con una sonrisa tonta en tu rostro y recuerdos incre\u00edbles para atesorar! Los recorridos incluyen saltos de hasta 25 pies (8 metros) pero no te preocupes, los grandes tienen otra forma de bajar si no quieres saltar.<\/div>\n<p>n<\/p>\n<div><\/div>\n<p>n<\/p>\n<div class=\"ui_column\">Despu\u00e9s de una caminata de 15 minutos de regreso al campamento base y ponerse ropa seca, disfrute de un delicioso y variado almuerzo buffet dominicano, que incluye cosas como pollo y cerdo a la parrilla, guisos, arroz, pasta y ensaladas.<\/div>\n<p>n<\/p>\n<div><\/div>\n<p>n<\/p>\n<div class=\"ui_column\">Se incluyen bebidas locales de ron, refrescos y agua (la cerveza est\u00e1 disponible, pero no est\u00e1 incluida). Despu\u00e9s de la comida, desp\u00eddete de los gu\u00edas locales y tu mejor experiencia quedar\u00e1 en mente y fotos o videos para el resto de tu vida.<\/div>\n<p>n<\/p>\n<div class=\"ui_column\">Despu\u00e9s de esto, regresamos a Santo Domingo.<\/div>\n<p>n\n<\/p><\/div>\n<p>n\n<\/p><\/div>\n<p>n\n<\/p><\/div>\n<p>n\n<\/p><\/div>\n<p>n\n<\/p><\/div>\n<p>n\n<\/p><\/div>\n<p>n\n<\/p><\/div>\n<p>n\n<\/p><\/div>\n<p>n<\/p>\n<h4><em><strong>\u00bfQu\u00e9 debes traer?<\/strong><\/em><\/h4>\n<p>n<\/p>\n<ul>\nn \t<\/p>\n<li style=\"font-weight: 400;\"><span style=\"font-weight: 400;\">C\u00e1mara<\/span><\/li>\n<p>n \t<\/p>\n<li style=\"font-weight: 400;\"><span style=\"font-weight: 400;\">Cogollos repelentes<\/span><\/li>\n<p>n \t<\/p>\n<li style=\"font-weight: 400;\"><span style=\"font-weight: 400;\">crema solar<\/span><\/li>\n<p>n \t<\/p>\n<li style=\"font-weight: 400;\"><span style=\"font-weight: 400;\">Sombrero<\/span><\/li>\n<p>n \t<\/p>\n<li style=\"font-weight: 400;\"><span style=\"font-weight: 400;\">Pantalones c\u00f3modos<\/span><\/li>\n<p>n \t<\/p>\n<li style=\"font-weight: 400;\"><span style=\"font-weight: 400;\">Zapatos de senderismo para el bosque<\/span><\/li>\n<p>n \t<\/p>\n<li style=\"font-weight: 400;\"><span style=\"font-weight: 400;\">Sandalias para las zonas Primavera.<\/span><\/li>\n<p>n \t<\/p>\n<li style=\"font-weight: 400;\"><span style=\"font-weight: 400;\">Vestido nadador<\/span><\/li>\n<p>n<\/ul>\n<p>n&nbsp;<br \/>\nn<\/p>\n<h4><b><i>Recogida en el hotel <\/i><\/b><\/h4>\n<p>n<span style=\"font-weight: 400;\">Se ofrece recogida en el hotel para este tour. Configuramos Pick up contact\u00e1ndonos por Whatsapp.<\/span><br \/>\nn<br \/>\nn&nbsp;<br \/>\nn<br \/>\nn<b>Nota:<\/b><span style=\"font-weight: 400;\"> Si realiza la reserva dentro de las 24 horas anteriores a la hora de salida del tour\/excursi\u00f3n, podemos organizar la recogida en el hotel. Una vez que se complete su compra, le enviaremos la informaci\u00f3n de contacto completa (n\u00famero de tel\u00e9fono, direcci\u00f3n de correo electr\u00f3nico, etc.) para que nuestro gu\u00eda tur\u00edstico local organice los arreglos de recogida.<\/span><br \/>\nn<\/p>\n<h4><b><i>Confirmaci\u00f3n de informaci\u00f3n adicional <\/i><\/b><\/h4>\n<p>n<\/p>\n<ol>\nn \t<\/p>\n<li>Los boletos son el Recibo despu\u00e9s de pagar por este Tour. Puede mostrar el pago en su tel\u00e9fono.<\/li>\n<p>n \t<\/p>\n<li style=\"font-weight: 400;\"><span style=\"font-weight: 400;\">El Punto de Encuentro se recibir\u00e1 Despu\u00e9s del Proceso de Reserva.<\/span><\/li>\n<p>n \t<\/p>\n<li style=\"font-weight: 400;\"><span style=\"font-weight: 400;\">Los ni\u00f1os deben estar acompa\u00f1ados por un adulto.<\/span><\/li>\n<p>n \t<\/p>\n<li style=\"font-weight: 400;\"><span style=\"font-weight: 400;\"> No accesible para sillas de ruedas <\/span><\/li>\n<p>n \t<\/p>\n<li style=\"font-weight: 400;\"><span style=\"font-weight: 400;\">Los beb\u00e9s deben sentarse en el regazo <\/span><\/li>\n<p>n \t<\/p>\n<li style=\"font-weight: 400;\"><span style=\"font-weight: 400;\">No recomendado para viajeros con problemas de espalda.<\/span><\/li>\n<p>n \t<\/p>\n<li style=\"font-weight: 400;\"><span style=\"font-weight: 400;\">No recomendado para viajeros embarazadas. <\/span><\/li>\n<p>n \t<\/p>\n<li style=\"font-weight: 400;\"><span style=\"font-weight: 400;\"> Sin problemas card\u00edacos u otras condiciones m\u00e9dicas graves. <\/span><\/li>\n<p>n \t<\/p>\n<li style=\"font-weight: 400;\"><span style=\"font-weight: 400;\">La mayor\u00eda de los viajeros pueden participar<\/span><\/li>\n<p>n<\/ol>\n<p>n<\/p>\n<h4><b><i>Pol\u00edtica de cancelaci\u00f3n<\/i><\/b><\/h4>\n<p>nPara obtener un reembolso completo, lea nuestra Pol\u00edtica de cancelaci\u00f3n.\u00a0<a href=\"https:\/\/www.boattoursamana.com\/es\/reserva-en-linea\/\" target=\"_blank\" rel=\"noopener\" data-saferedirecturl=\"https:\/\/www.google.com\/url?q=https:\/\/www.boattoursamana.com\/online-booking\/&amp;source=gmail&amp;ust=1672449202351000&amp;usg=AOvVaw1yAeVAPktmaVCqDujgUn90\">haga clic aqu\u00ed<\/a>. Los fondos se perder\u00e1n si la reserva se cancela el mismo d\u00eda del viaje.<\/p>\n\n\t\t<\/div>\n\t<\/div>\n<div class=\"vc_btn3-container vc_btn3-inline\" ><button class=\"vc_general vc_btn3 vc_btn3-size-md vc_btn3-shape-rounded vc_btn3-style-modern vc_btn3-color-green\">RESERVAR AHORA<\/button><\/div><\/div><\/div><\/div><\/div><div class=\"vc_row wpb_row vc_row-fluid\" ><div class=\"wpb_column vc_column_container vc_col-sm-12\"><div class=\"vc_column-inner\"><div class=\"wpb_wrapper\">\n\t<div class=\"wpb_video_widget wpb_content_element vc_clearfix   vc_video-aspect-ratio-169 vc_video-el-width-100 vc_video-align-left\" >\n\t\t<div class=\"wpb_wrapper\">\n\t\t\t<h2 class=\"wpb_heading wpb_video_heading\">Tour 27 Cascadas de Damajagua desde Puerto Plata:<\/h2>\n\t\t\t<div class=\"wpb_video_wrapper\"><iframe loading=\"lazy\" title=\"27 Cascadas de Damajagua por Booking Adventures &amp; Travel Rep\u00fablica Dominicana\" width=\"1100\" height=\"619\" src=\"https:\/\/www.youtube.com\/embed\/AVNh_we_RQE?start=17&feature=oembed\" frameborder=\"0\" allow=\"accelerometer; autoplay; clipboard-write; encrypted-media; gyroscope; picture-in-picture; web-share\" allowfullscreen><\/iframe><\/div>\n\t\t<\/div>\n\t<\/div>\n<\/div><\/div><\/div><\/div><div class=\"wpb_column vc_column_container vc_col-sm-12\"><div class=\"vc_column-inner\"><div class=\"wpb_wrapper\"><\/div><\/div><\/div><div class=\"vc_row wpb_row vc_row-fluid\" ><div class=\"wpb_column vc_column_container vc_col-sm-12\"><div class=\"vc_column-inner\"><div class=\"wpb_wrapper\"><div class=\"vc_btn3-container vc_btn3-inline\" ><button class=\"vc_general vc_btn3 vc_btn3-size-md vc_btn3-shape-rounded vc_btn3-style-modern vc_btn3-color-green\">RESERVAR AHORA<\/button><\/div><\/div><\/div><\/div><\/div>","protected":false},"excerpt":{"rendered":"<p>This excursion from Santo Domingo to 27 waterfalls of Damajagua in Puerto Plata, Lunch and Excursion through the 27 waterfalls, walk and jump to the river. Ecological trip to the 27 waterfalls of Puerto Plata. Get your tickets for a full-day excursion from the Punta Cana area to Cascada 27 from Damajagua. n Entrance tickets with lunch and excursion They include jumps and swimming in the most beautiful waterfalls in the Dominican Republic. Hike and swim with safety equipment to [&hellip;]<\/p>\n","protected":false},"author":2,"featured_media":0,"parent":0,"menu_order":0,"comment_status":"open","ping_status":"closed","template":"","meta":{"footnotes":""},"class_list":["post-15861","page","type-page","status-publish","hentry"],"_links":{"self":[{"href":"https:\/\/www.boattoursamana.com\/es\/wp-json\/wp\/v2\/pages\/15861","targetHints":{"allow":["GET"]}}],"collection":[{"href":"https:\/\/www.boattoursamana.com\/es\/wp-json\/wp\/v2\/pages"}],"about":[{"href":"https:\/\/www.boattoursamana.com\/es\/wp-json\/wp\/v2\/types\/page"}],"author":[{"embeddable":true,"href":"https:\/\/www.boattoursamana.com\/es\/wp-json\/wp\/v2\/users\/2"}],"replies":[{"embeddable":true,"href":"https:\/\/www.boattoursamana.com\/es\/wp-json\/wp\/v2\/comments?post=15861"}],"version-history":[{"count":0,"href":"https:\/\/www.boattoursamana.com\/es\/wp-json\/wp\/v2\/pages\/15861\/revisions"}],"wp:attachment":[{"href":"https:\/\/www.boattoursamana.com\/es\/wp-json\/wp\/v2\/media?parent=15861"}],"curies":[{"name":"wp","href":"https:\/\/api.w.org\/{rel}","templated":true}]}}