{"id":15866,"date":"2023-07-15T07:45:08","date_gmt":"2023-07-15T07:45:08","guid":{"rendered":"https:\/\/www.ticketswhales.com\/punta-cana-helicopter-tour-to-salto-de-la-jalda-waterfall-60-minutes-experience\/"},"modified":"2023-07-15T07:45:08","modified_gmt":"2023-07-15T07:45:08","slug":"punta-cana-helicopter-tour-to-salto-de-la-jalda-waterfall-60-minutes-experience","status":"publish","type":"page","link":"https:\/\/www.boattoursamana.com\/es\/punta-cana-helicopter-tour-to-salto-de-la-jalda-waterfall-60-minutes-experience","title":{"rendered":"Tour en helic\u00f3ptero de Punta Cana a la cascada Salto de la Jalda Experiencia de 60 minutos"},"content":{"rendered":"<p>Disfruta de una experiencia \u00fanica volando en helic\u00f3ptero sobre la cascada m\u00e1s alta del Caribe, el Salto La Jada. Vea las playas v\u00edrgenes de Punta Cana y descubra la magia de esta incre\u00edble belleza enclavada en lo profundo de una exuberante selva tropical.<br \/>\nn<br \/>\nn&nbsp;<br \/>\nn<br \/>\nn<strong>Seleccione la fecha para el Tour\u00a0<\/strong><\/p>\n<p>&nbsp;<\/p>\n<div class=\"vc_row wpb_row vc_row-fluid\" ><div class=\"wpb_column vc_column_container vc_col-sm-12\"><div class=\"vc_column-inner\"><div class=\"wpb_wrapper\"><div class=\"mkdf-section-title-holder\" style=\"text-align: left\">\n\t<div class=\"mkdf-st-inner\">\n\t\t\t\t\t<h5 class=\"mkdf-st-subtitle\" >\n\t\t\t\tSalto la Jalda\t\t\t<\/h5>\n\t\t\t\t\t\t\t<h3 class=\"mkdf-st-title\" >\n\t\t\t\tTour en helic\u00f3ptero de Punta Cana a la cascada Salto de la Jalda Experiencia de 60 minutos\t\t\t<\/h3>\n\t\t\t\t\t\t\t<p class=\"mkdf-st-text\" >\n\t\t\t\tTour en helic\u00f3ptero Experiencia de 60 minutos\t\t\t<\/p>\n\t\t\t<\/div>\n<\/div><\/div><\/div><\/div><\/div><div class=\"vc_row wpb_row vc_row-fluid\" ><div class=\"wpb_column vc_column_container vc_col-sm-12\"><div class=\"vc_column-inner\"><div class=\"wpb_wrapper\">\n\t<div class=\"wpb_text_column wpb_content_element\" >\n\t\t<div class=\"wpb_wrapper\">\n\t\t\t<p>\nn<\/p>\n<h4><b><i>Descripci\u00f3n general <\/i><\/b><\/h4>\n<p>nEste es un tour privado a\u00a0<strong>Cascadas Salto de la Jalda <\/strong>Ubicado en lo profundo de la Cordillera Oriental y rodeado de una exuberante selva tropical, se encuentra la cascada m\u00e1s alta del Caribe, Salto La Jalda. Vuele a lo largo de las playas v\u00edrgenes de Punta Cana, pase los tranquilos pueblos de las laderas norte de la sierra y descubra la magia y el misterio de esta incre\u00edble belleza enclavada en lo profundo de una exuberante selva tropical. Experimente un vuelo en helic\u00f3ptero de ida y vuelta de 60 minutos sobre la cascada y Playa Esmeralda con una parada de picnic de una hora. Vea c\u00f3mo las aguas torrenciales se derraman sobre los acantilados y luego disfrute de la paz y la tranquilidad de la naturaleza durante su estad\u00eda en la playa Esmeralda m\u00e1s incre\u00edble.<br \/>\nn<br \/>\nn&nbsp;<br \/>\nn<\/p>\n<ul>\nn \t<\/p>\n<li class=\"activity-highlights__list-item\" data-v-86039ad0=\"\">Descubre la magia de la cascada m\u00e1s alta del Caribe, Salto La jada<\/li>\n<p>n \t<\/p>\n<li class=\"activity-highlights__list-item\" data-v-86039ad0=\"\">Explora la naturaleza durante tu estad\u00eda en playa Esmeralda<\/li>\n<p>n \t<\/p>\n<li class=\"activity-highlights__list-item\" data-v-86039ad0=\"\">Vuela sobre playas incre\u00edbles y pasa por los tranquilos pueblos de las laderas norte de la Sierra.<\/li>\n<p>n \t<\/p>\n<li class=\"activity-highlights__list-item\" data-v-86039ad0=\"\">Mira c\u00f3mo las aguas torrenciales se derraman sobre los acantilados.<\/li>\n<p>n<\/ul>\n<p>n<\/p>\n<h4><b>Inclusiones y Exclusiones<\/b><\/h4>\n<p>n&nbsp;<br \/>\nn<br \/>\nn<b>Inclusiones<\/b><br \/>\nn<\/p>\n<ol>\nn \t<\/p>\n<li class=\"activity-inclusions__item activity-inclusions__item--inclusion\" data-v-0d17907c=\"\"><span class=\"activity-inclusions__test activity-inclusions__test--include\" data-v-0d17907c=\"\">Transporte terrestre desde\/hacia su hotel<\/span><\/li>\n<p>n \t<\/p>\n<li class=\"activity-inclusions__item activity-inclusions__item--inclusion\" data-v-0d17907c=\"\"><span class=\"activity-inclusions__test activity-inclusions__test--include\" data-v-0d17907c=\"\">Check-in Express VIP a la llegada<\/span><\/li>\n<p>n \t<\/p>\n<li class=\"activity-inclusions__item activity-inclusions__item--inclusion\" data-v-0d17907c=\"\"><span class=\"activity-inclusions__test activity-inclusions__test--include\" data-v-0d17907c=\"\">Vuelo en helic\u00f3ptero de ida y vuelta de 60 minutos<\/span><\/li>\n<p>n \t<\/p>\n<li class=\"activity-inclusions__item activity-inclusions__item--inclusion\" data-v-0d17907c=\"\"><span class=\"activity-inclusions__test activity-inclusions__test--include\" data-v-0d17907c=\"\">Estancia total de 1 hora en la playa virgen m\u00e1s incre\u00edble<\/span><\/li>\n<p>n \t<\/p>\n<li class=\"activity-inclusions__item activity-inclusions__item--inclusion\" data-v-0d17907c=\"\"><span class=\"activity-inclusions__test activity-inclusions__test--include\" data-v-0d17907c=\"\">Almuerzo tipo picnic en el metro en la playa con refrescos y agua.<\/span><\/li>\n<p>n \t<\/p>\n<li style=\"font-weight: 400;\"><span style=\"font-weight: 400;\">Todos los impuestos, tasas y gastos de tramitaci\u00f3n<\/span><\/li>\n<p>n \t<\/p>\n<li style=\"font-weight: 400;\"><span style=\"font-weight: 400;\">Impuestos locales<\/span><\/li>\n<p>n \t<\/p>\n<li style=\"font-weight: 400;\"><span style=\"font-weight: 400;\">Todas las actividades<\/span><\/li>\n<p>n \t<\/p>\n<li style=\"font-weight: 400;\"><span style=\"font-weight: 400;\">Gu\u00eda local<\/span><\/li>\n<p>n<\/ol>\n<p>n<b> Exclusiones<\/b><br \/>\nn<\/p>\n<ol>\nn \t<\/p>\n<li style=\"font-weight: 400;\"><span style=\"font-weight: 400;\">Propinas<\/span><\/li>\n<p>n \t<\/p>\n<li style=\"font-weight: 400;\"><span style=\"font-weight: 400;\">Transferir<\/span><\/li>\n<p>n \t<\/p>\n<li>Almuerzo<\/li>\n<p>n \t<\/p>\n<li style=\"font-weight: 400;\"><span style=\"font-weight: 400;\">Bebidas alcoh\u00f3licas<\/span><\/li>\n<p>n<\/ol>\n<p>n&nbsp;<br \/>\nn<\/p>\n<h4><em><strong>Salida y Regreso<\/strong><\/em><\/h4>\n<p>n<span style=\"font-weight: 400;\">El viajero obtendr\u00e1 un punto de encuentro despu\u00e9s del Proceso de Reserva. Los tours comienzan y terminan en nuestros puntos de encuentro.<\/span><br \/>\nn<br \/>\nn&nbsp;<br \/>\nn<\/p>\n<h2>Helic\u00f3ptero Punta Cana<\/h2>\n<p>n<\/p>\n<h4><b><i>\u00bfQue esperar?<\/i><\/b><\/h4>\n<p>n<em><strong>Consigue tus entradas<\/strong><\/em> para visitar Las Cataratas M\u00e1s Altas del Caribe.\u00a0 <strong>El Salto la Jalda<\/strong> en vuelo en Helic\u00f3ptero desde Punta Cana.<br \/>\nn<br \/>\nnDiscover like a bird Salto La Jalda &#8211; the highest waterfall in the Caribbean which is nestled deep in the Cordillera Oriental Mountain Range and surrounded by a lush tropical rainforest. An experience you will never forget.<br \/>\nn<br \/>\nnThere&#8217;s only one way to appreciate the sweeping valleys and dramatic landscape of the Dominican Republic&#8217;s tallest waterfall &#8211; and that&#8217;s from the air. Take a breathtaking helicopter flight over Salto Jalda National Park for an unforgettable holiday experience.<br \/>\nn<br \/>\nnThe adventure begins as you&#8217;re whisked from your hotel to the heliport. Climb aboard the chopper and get ready for takeoff. You&#8217;ll soon be soaring above remote farms, villages, and lush green rainforest towards the northern slopes of the Cordillera Oriental mountain range. Sweeping over the clifftops, your expert pilot will get closer than ever for you to admire the 272ft heights of Salto Jalda.<br \/>\nn<br \/>\nnThen, descending through the jungle canopy, you&#8217;ll touch down at the secluded Playa Esmerelda beach. Spread out your towel here and soak up some sun on the white sand. And you&#8217;ve time for a dip in the Caribbean before the return flight serves up more grandstand views.<br \/>\nn<br \/>\nn&nbsp;<br \/>\nn<\/p>\n<h4><em><strong>\u00bfQu\u00e9 debes traer?<\/strong><\/em><\/h4>\n<p>n<\/p>\n<ul>\nn \t<\/p>\n<li style=\"font-weight: 400;\"><span style=\"font-weight: 400;\">C\u00e1mara<\/span><\/li>\n<p>n \t<\/p>\n<li style=\"font-weight: 400;\"><span style=\"font-weight: 400;\">Cogollos repelentes<\/span><\/li>\n<p>n \t<\/p>\n<li style=\"font-weight: 400;\"><span style=\"font-weight: 400;\">crema solar<\/span><\/li>\n<p>n \t<\/p>\n<li style=\"font-weight: 400;\"><span style=\"font-weight: 400;\">Sombrero<\/span><\/li>\n<p>n \t<\/p>\n<li style=\"font-weight: 400;\"><span style=\"font-weight: 400;\">Pantalones c\u00f3modos<\/span><\/li>\n<p>n \t<\/p>\n<li style=\"font-weight: 400;\"><span style=\"font-weight: 400;\">Zapatos de senderismo para el bosque<\/span><\/li>\n<p>n \t<\/p>\n<li style=\"font-weight: 400;\"><span style=\"font-weight: 400;\">Vestido nadador<\/span><\/li>\n<p>n \t<\/p>\n<li>Botella de agua adicional<\/li>\n<p>n \t<\/p>\n<li>Almuerzo o merienda<\/li>\n<p>n<\/ul>\n<p>n&nbsp;<br \/>\nn<\/p>\n<h4><b><i>Recogida en el hotel <\/i><\/b><\/h4>\n<p>n<span style=\"font-weight: 400;\">Se ofrece recogida en el hotel para este tour. <\/span><br \/>\nn<br \/>\nn&nbsp;<br \/>\nn<br \/>\nn<b>Nota:<\/b><span style=\"font-weight: 400;\"> Si realiza la reserva dentro de las 24 horas anteriores a la hora de salida del tour\/excursi\u00f3n, podemos organizar la recogida en el hotel sin cargos adicionales. Una vez que se complete su compra, le enviaremos la informaci\u00f3n de contacto completa (n\u00famero de tel\u00e9fono, direcci\u00f3n de correo electr\u00f3nico, etc.) para que nuestro gu\u00eda tur\u00edstico local organice los arreglos de recogida.<\/span><br \/>\nn<\/p>\n<h4><b><i>Confirmaci\u00f3n de informaci\u00f3n adicional <\/i><\/b><\/h4>\n<p>n<\/p>\n<ol>\nn \t<\/p>\n<li>Los boletos son el Recibo despu\u00e9s de pagar este Tour. Puede mostrar el pago en su tel\u00e9fono.<\/li>\n<p>n \t<\/p>\n<li style=\"font-weight: 400;\"><span style=\"font-weight: 400;\">El Punto de Encuentro se recibir\u00e1 Despu\u00e9s del Proceso de Reserva.<\/span><\/li>\n<p>n \t<\/p>\n<li style=\"font-weight: 400;\"><span style=\"font-weight: 400;\">Los ni\u00f1os deben estar acompa\u00f1ados por un adulto y la edad m\u00ednima es de 7 a\u00f1os.<\/span><\/li>\n<p>n \t<\/p>\n<li class=\"activity-important-information__item\" data-v-772d15b6=\"\" data-v-45a03bbc=\"\">Este tour no se recomienda para personas con movilidad limitada a menos que tengan al menos 2 personas que puedan ayudarlos.<\/li>\n<p>n \t<\/p>\n<li class=\"activity-important-information__item\" data-v-772d15b6=\"\" data-v-45a03bbc=\"\">Todos los vuelos est\u00e1n sujetos a disponibilidad y condiciones clim\u00e1ticas.<\/li>\n<p>n \t<\/p>\n<li class=\"activity-important-information__item\" data-v-772d15b6=\"\" data-v-45a03bbc=\"\">El proveedor de la actividad se reserva el derecho de agregar m\u00e1s pasajeros al tour.<\/li>\n<p>n \t<\/p>\n<li style=\"font-weight: 400;\"><span style=\"font-weight: 400;\"> No accesible para sillas de ruedas <\/span><\/li>\n<p>n \t<\/p>\n<li style=\"font-weight: 400;\"><span style=\"font-weight: 400;\">No se permiten beb\u00e9s para este viaje.<\/span><\/li>\n<p>n \t<\/p>\n<li style=\"font-weight: 400;\"><span style=\"font-weight: 400;\">No recomendado para viajeros con problemas de espalda.<\/span><\/li>\n<p>n \t<\/p>\n<li style=\"font-weight: 400;\"><span style=\"font-weight: 400;\">No recomendado para viajeros embarazadas. <\/span><\/li>\n<p>n \t<\/p>\n<li style=\"font-weight: 400;\"><span style=\"font-weight: 400;\"> Sin problemas card\u00edacos u otras condiciones m\u00e9dicas graves. <\/span><\/li>\n<p>n \t<\/p>\n<li style=\"font-weight: 400;\"><span style=\"font-weight: 400;\">La mayor\u00eda de los viajeros pueden participar<\/span><\/li>\n<p>n<\/ol>\n<p>n<\/p>\n<h4><b><i>Pol\u00edtica de cancelaci\u00f3n<\/i><\/b><\/h4>\n<p>nPara obtener un reembolso completo, lea nuestra Pol\u00edtica de cancelaci\u00f3n.\u00a0<a href=\"https:\/\/www.boattoursamana.com\/es\/reserva-en-linea\/\" target=\"_blank\" rel=\"noopener\" data-saferedirecturl=\"https:\/\/www.google.com\/url?q=https:\/\/www.boattoursamana.com\/online-booking\/&amp;source=gmail&amp;ust=1672449202351000&amp;usg=AOvVaw1yAeVAPktmaVCqDujgUn90\">haga clic aqu\u00ed<\/a>. Los fondos se perder\u00e1n si la reserva se cancela el mismo d\u00eda del viaje.<\/p>\n\n\t\t<\/div>\n\t<\/div>\n<\/div><\/div><\/div><\/div><div class=\"vc_row wpb_row vc_row-fluid\" ><div class=\"wpb_column vc_column_container vc_col-sm-12\"><div class=\"vc_column-inner\"><div class=\"wpb_wrapper\">\n\t<div class=\"wpb_text_column wpb_content_element\" >\n\t\t<div class=\"wpb_wrapper\">\n\t\t\t<p>\nn<\/p>\n<h4>\u00bfCont\u00e1ctenos?<\/h4>\n<p>n<\/p>\n<h5><em><strong>Reservando Aventuras<\/strong><\/em><\/h5>\n<p>n<em><strong>Locales<\/strong> y <strong>Nacionales<\/strong> Gu\u00edas tur\u00edsticos y servicios para hu\u00e9spedes<\/em><br \/>\nn<br \/>\nn<span class=\"text-turquoise\">Reservas:<\/span> Tours y Excursiones en Dom. Reps.<br \/>\nn<br \/>\nn<img decoding=\"async\" class=\"emoji\" draggable=\"false\" src=\"https:\/\/s.w.org\/images\/core\/emoji\/11.2.0\/svg\/1f4de.svg\" alt=\" \" title=\"\"> Tel\u00e9fono \/ Whatsapp\u00a0 <a href=\"tel:+1-809-720-6035\">+1-809-720-6035<\/a>.<br \/>\nn<br \/>\nn<img decoding=\"async\" class=\"emoji\" draggable=\"false\" src=\"https:\/\/s.w.org\/images\/core\/emoji\/11.2.0\/svg\/1f4e9.svg\" alt=\" \" title=\"\"> <a href=\"mailto:info@bookingadventures.com.do\">info@bookingadventures.com.do<\/a><br \/>\nn<br \/>\nn<strong>Somos Tours Privados de Ambiente Flexible por Whatsapp: <a href=\"tel:+18097206035\">+18097206035.<\/a><\/strong><\/p>\n\n\t\t<\/div>\n\t<\/div>\n<\/div><\/div><\/div><\/div>","protected":false},"excerpt":{"rendered":"<p>Enjoy a unique experience flying in a helicopter over the highest waterfall in the Caribbean, Salto La Jada. See the pristine beaches of Punta Cana and discover the magic of this incredible beauty nestled deep in a lush tropical rainforest. n n&nbsp; n nPlease Select date for The Tour\u00a0 &nbsp;<\/p>","protected":false},"author":2,"featured_media":0,"parent":0,"menu_order":0,"comment_status":"open","ping_status":"closed","template":"","meta":{"footnotes":""},"class_list":["post-15866","page","type-page","status-publish","hentry"],"_links":{"self":[{"href":"https:\/\/www.boattoursamana.com\/es\/wp-json\/wp\/v2\/pages\/15866","targetHints":{"allow":["GET"]}}],"collection":[{"href":"https:\/\/www.boattoursamana.com\/es\/wp-json\/wp\/v2\/pages"}],"about":[{"href":"https:\/\/www.boattoursamana.com\/es\/wp-json\/wp\/v2\/types\/page"}],"author":[{"embeddable":true,"href":"https:\/\/www.boattoursamana.com\/es\/wp-json\/wp\/v2\/users\/2"}],"replies":[{"embeddable":true,"href":"https:\/\/www.boattoursamana.com\/es\/wp-json\/wp\/v2\/comments?post=15866"}],"version-history":[{"count":0,"href":"https:\/\/www.boattoursamana.com\/es\/wp-json\/wp\/v2\/pages\/15866\/revisions"}],"wp:attachment":[{"href":"https:\/\/www.boattoursamana.com\/es\/wp-json\/wp\/v2\/media?parent=15866"}],"curies":[{"name":"wp","href":"https:\/\/api.w.org\/{rel}","templated":true}]}}