{"id":16701,"date":"2018-11-10T11:14:43","date_gmt":"2018-11-10T11:14:43","guid":{"rendered":"https:\/\/www.ticketswhales.com\/?page_id=16701"},"modified":"2023-11-10T11:22:29","modified_gmt":"2023-11-10T11:22:29","slug":"private-birding-tours-of-the-dominican-republic","status":"publish","type":"page","link":"https:\/\/www.boattoursamana.com\/es\/private-birding-tours-of-the-dominican-republic","title":{"rendered":"Tours Privados de Observaci\u00f3n de Aves en la Rep\u00fablica Dominicana"},"content":{"rendered":"<div class=\"vc_row wpb_row vc_row-fluid\" ><div class=\"wpb_column vc_column_container vc_col-sm-12\"><div class=\"vc_column-inner\"><div class=\"wpb_wrapper\">\n\t<div class=\"wpb_text_column wpb_content_element\" >\n\t\t<div class=\"wpb_wrapper\">\n\t\t\t<h2 class=\"LC20lb MBeuO DKV0Md\">Tours Privados de Observaci\u00f3n de Aves en la Rep\u00fablica Dominicana<\/h2>\n\n\t\t<\/div>\n\t<\/div>\n<div class=\"vc_empty_space\"   style=\"height: 32px\"><span class=\"vc_empty_space_inner\"><\/span><\/div>\n\t<div class=\"wpb_text_column wpb_content_element\" >\n\t\t<div class=\"wpb_wrapper\">\n\t\t\t<p>Private Birding in Dominican Republic with Officials birdwatchers tour guides. Book with local&#8217;s birders and support small communities.<\/p>\n\n\t\t<\/div>\n\t<\/div>\n<div class=\"vc_empty_space\"   style=\"height: 32px\"><span class=\"vc_empty_space_inner\"><\/span><\/div><div class=\"woocommerce columns-4\"><ul class=\"products columns-4\">\n<li class=\"product type-product post-16335 status-publish first instock product_cat-birding-dominican-republic product_tag-bird-watching product_tag-bird-watching-bayahibe product_tag-birding-bayahibe product_tag-birding-dominican-republic product_tag-birding-in-los-haitises product_tag-birding-punta-cana product_tag-los-haitises-national-park-birding-tour-from-punta-cana product_tag-birds-of-dominican-republic product_tag-birdwatching-dominicana product_tag-punta-cana has-post-thumbnail sale shipping-taxable product-type-external\">\n\t<div class=\"mkdf-pl-inner\"><div class=\"mkdf-pl-image\"><div class=\"mkdf-pl-text\"><div class=\"mkdf-pl-text-outer\"><div class=\"mkdf-pl-text-inner\"><a href=\"https:\/\/bookingadventures.tours\/booking.php?tour_id=a45f385425edc461f216e91e21abe0c5\" data-quantity=\"1\" class=\"button wp-element-button product_type_external\" data-product_id=\"16335\" data-product_sku=\"\" aria-label=\"RESERVAR AHORA\" rel=\"nofollow noopener\">RESERVAR AHORA<\/a><\/div><\/div><\/div><\/div><a href=\"https:\/\/www.boattoursamana.com\/es\/recorrido\/bayahibe-private-samana-whale-watching-cayo-levantado-bacardi-island\" class=\"woocommerce-LoopProduct-link woocommerce-loop-product__link\"><\/a><\/div><div class=\"mkdf-pl-text-wrapper\"><h4 class=\"mkdf-product-list-title\"><a href=\"https:\/\/www.boattoursamana.com\/es\/recorrido\/bayahibe-private-samana-whale-watching-cayo-levantado-bacardi-island\">Bayahibe: observaci\u00f3n de aves y parque nacional Cotubanama<\/a><\/h4>\n\t<span class=\"price\"><del aria-hidden=\"true\"><span class=\"woocommerce-Price-amount amount\"><bdi><span class=\"woocommerce-Price-currencySymbol\">&#36;<\/span>250.00<\/bdi><\/span><\/del> <ins><span class=\"woocommerce-Price-amount amount\"><bdi><span class=\"woocommerce-Price-currencySymbol\">&#36;<\/span>170.00<\/bdi><\/span><\/ins><\/span>\n<\/div><\/li><li class=\"product type-product post-16340 status-publish instock product_cat-birding-dominican-republic product_tag-bahoruco product_tag-bird-watching product_tag-bird-watching-bayahibe product_tag-birding-bayahibe product_tag-birding-dominican-republic product_tag-birding-in-los-haitises product_tag-birding-punta-cana product_tag-los-haitises-national-park-birding-tour-from-punta-cana product_tag-birds-of-dominican-republic product_tag-birdwatching-dominicana product_tag-cotubanama product_tag-los-haitises product_tag-pedernales product_tag-punta-cana has-post-thumbnail sale shipping-taxable product-type-external\">\n\t<div class=\"mkdf-pl-inner\"><div class=\"mkdf-pl-image\"><div class=\"mkdf-pl-text\"><div class=\"mkdf-pl-text-outer\"><div class=\"mkdf-pl-text-inner\"><a href=\"https:\/\/bookingadventures.tours\/booking.php?tour_id=40b673fca3df2f87279f13e40ffaa9a8\" data-quantity=\"1\" class=\"button wp-element-button product_type_external\" data-product_id=\"16340\" data-product_sku=\"\" aria-label=\"RESERVAR AHORA\" rel=\"nofollow noopener\">RESERVAR AHORA<\/a><\/div><\/div><\/div><\/div><a href=\"https:\/\/www.boattoursamana.com\/es\/recorrido\/bayahibe-private-samana-whale-watching-cayo-levantado-bacardi-island\" class=\"woocommerce-LoopProduct-link woocommerce-loop-product__link\"><\/a><\/div><div class=\"mkdf-pl-text-wrapper\"><h4 class=\"mkdf-product-list-title\"><a href=\"https:\/\/www.boattoursamana.com\/es\/recorrido\/bayahibe-private-samana-whale-watching-cayo-levantado-bacardi-island\">Observaci\u00f3n de aves: 4 d\u00edas de observaci\u00f3n de aves Rep\u00fablica Dominicana<\/a><\/h4>\n\t<span class=\"price\"><del aria-hidden=\"true\"><span class=\"woocommerce-Price-amount amount\"><bdi><span class=\"woocommerce-Price-currencySymbol\">&#36;<\/span>900.00<\/bdi><\/span><\/del> <ins><span class=\"woocommerce-Price-amount amount\"><bdi><span class=\"woocommerce-Price-currencySymbol\">&#36;<\/span>800.00<\/bdi><\/span><\/ins><\/span>\n<\/div><\/li><li class=\"product type-product post-8848 status-publish instock product_cat-hiking product_cat-1-sabana-de-la-mar product_cat-birdwatching-los-haitises product_cat-caves product_cat-fees-entrace product_cat-local-tour-guides product_cat-mangroves product_cat-tours-and-excursions product_cat-tours-excursions-los-haitises-national-park product_cat-tours-excursions-samana-bay-dominican-republic product_tag-biding-sabana-de-la-mar product_tag-birding product_tag-birding-dominican-republic product_tag-birding-in-los-haitises product_tag-los-haitises-national-park-birding-tour-from-punta-cana product_tag-birdwatching product_tag-birdwatching-dominicana product_tag-birdwtaching product_tag-boat-tour-birding product_tag-carretera-cano-hondo product_tag-eco-lodge-paraiso-cano-hondo product_tag-hire-a-guide-in-los-haitises product_tag-los-haitises product_tag-los-haitises-birding product_tag-los-haitises-national-park product_tag-los-haitises-national-park-cano-hondo product_tag-los-haitises-samana product_tag-nature product_tag-ridgways-hawk product_tag-sabana-de-la-mar product_tag-samana product_tag-samana-bay product_tag-wildlife has-post-thumbnail sale sold-individually shipping-taxable product-type-external\">\n\t<div class=\"mkdf-pl-inner\"><div class=\"mkdf-pl-image\"><div class=\"mkdf-pl-text\"><div class=\"mkdf-pl-text-outer\"><div class=\"mkdf-pl-text-inner\"><a href=\"https:\/\/bookingadventures.tours\/booking.php?tour_id=ba22ca77a6307e3f7dfd43d2873c8f4d\" data-quantity=\"1\" class=\"button wp-element-button product_type_external\" data-product_id=\"8848\" data-product_sku=\"\" aria-label=\"RESERVAR AHORA\" rel=\"nofollow noopener\">RESERVAR AHORA<\/a><\/div><\/div><\/div><\/div><a href=\"https:\/\/www.boattoursamana.com\/es\/recorrido\/avistamiento-de-aves-en-el-parque-nacional-los-haitises-2\" class=\"woocommerce-LoopProduct-link woocommerce-loop-product__link\"><\/a><\/div><div class=\"mkdf-pl-text-wrapper\"><div class=\"mkdf-pl-rating-holder\"><\/div><h4 class=\"mkdf-product-list-title\"><a href=\"https:\/\/www.boattoursamana.com\/es\/recorrido\/avistamiento-de-aves-en-el-parque-nacional-los-haitises-2\">Observaci\u00f3n de aves en el Parque Nacional Los Haitises<\/a><\/h4>\n\t<span class=\"price\"><del aria-hidden=\"true\"><span class=\"woocommerce-Price-amount amount\"><bdi><span class=\"woocommerce-Price-currencySymbol\">&#36;<\/span>75.00<\/bdi><\/span><\/del> <ins><span class=\"woocommerce-Price-amount amount\"><bdi><span class=\"woocommerce-Price-currencySymbol\">&#36;<\/span>65.99<\/bdi><\/span><\/ins><\/span>\n<\/div><\/li><li class=\"product type-product post-9918 status-publish last instock product_cat-hiking product_cat-1-punta-cana product_cat-1-sabana-de-la-mar product_cat-birdwatching-los-haitises product_cat-caves product_cat-fees-entrace product_cat-hiking-los-haitises product_cat-local-tour-guides product_cat-mangroves product_cat-private-tours-excursions product_cat-punta-cana-private-tours product_cat-punta-cana-los-haitises product_cat-tours-and-excursions product_cat-tours-excursions-los-haitises-national-park product_cat-tours-excursions-samana-bay-dominican-republic product_tag-biding-sabana-de-la-mar product_tag-birding product_tag-birding-dominican-republic product_tag-birding-in-los-haitises product_tag-los-haitises-national-park-birding-tour-from-punta-cana product_tag-birdwatching product_tag-birdwatching-dominicana product_tag-birdwtaching product_tag-carretera-cano-hondo product_tag-eco-lodge-paraiso-cano-hondo product_tag-hire-a-guide-in-los-haitises product_tag-los-haitises product_tag-los-haitises-birding product_tag-los-haitises-national-park product_tag-los-haitises-national-park-cano-hondo product_tag-nature product_tag-ridgways-hawk product_tag-sabana-de-la-mar product_tag-wildlife has-post-thumbnail sale sold-individually shipping-taxable product-type-external\">\n\t<div class=\"mkdf-pl-inner\"><div class=\"mkdf-pl-image\"><div class=\"mkdf-pl-text\"><div class=\"mkdf-pl-text-outer\"><div class=\"mkdf-pl-text-inner\"><a href=\"https:\/\/bookingadventures.tours\/booking.php?tour_id=7508224bb326afaef3e2c26d0a22b762\" data-quantity=\"1\" class=\"button wp-element-button product_type_external\" data-product_id=\"9918\" data-product_sku=\"\" aria-label=\"RESERVAR AHORA\" rel=\"nofollow noopener\">RESERVAR AHORA<\/a><\/div><\/div><\/div><\/div><a href=\"https:\/\/www.boattoursamana.com\/es\/recorrido\/birdwatching-punta-cana-birding-tours-from-punta-cana-to-los-haitises-national-park-2\" class=\"woocommerce-LoopProduct-link woocommerce-loop-product__link\"><\/a><\/div><div class=\"mkdf-pl-text-wrapper\"><h4 class=\"mkdf-product-list-title\"><a href=\"https:\/\/www.boattoursamana.com\/es\/recorrido\/birdwatching-punta-cana-birding-tours-from-punta-cana-to-los-haitises-national-park-2\">Birdwatching Punta Cana \u2013 Birding Tours desde Punta Cana hasta el Parque Nacional Los Haitises<\/a><\/h4>\n\t<span class=\"price\"><del aria-hidden=\"true\"><span class=\"woocommerce-Price-amount amount\"><bdi><span class=\"woocommerce-Price-currencySymbol\">&#36;<\/span>195.00<\/bdi><\/span><\/del> <ins><span class=\"woocommerce-Price-amount amount\"><bdi><span class=\"woocommerce-Price-currencySymbol\">&#36;<\/span>145.00<\/bdi><\/span><\/ins><\/span>\n<\/div><\/li><li class=\"product type-product post-16641 status-publish first instock product_cat-tours-excursions-samana-bay-dominican-republic product_cat-bestbirding product_cat-bird-watching-dominican-republic product_cat-birding-dominican-republic product_cat-birdwatching-los-haitises product_cat-hiking product_cat-tours-and-excursions product_cat-ultimo2022 product_cat-w product_cat-whale-watching-la-romana-bayahibe product_tag-bird-watching product_tag-birding-dominican-republic product_tag-birding-in-los-haitises product_tag-los-haitises-national-park-birding-tour-from-punta-cana product_tag-birds-of-dominican-republic product_tag-birdwatching-dominicana has-post-thumbnail sale shipping-taxable product-type-external\">\n\t<div class=\"mkdf-pl-inner\"><div class=\"mkdf-pl-image\"><div class=\"mkdf-pl-text\"><div class=\"mkdf-pl-text-outer\"><div class=\"mkdf-pl-text-inner\"><a href=\"https:\/\/bookingadventures.tours\/booking.php?tour_id=a45f385425edc461f216e91e21abe0c5\" data-quantity=\"1\" class=\"button wp-element-button product_type_external\" data-product_id=\"16641\" data-product_sku=\"\" aria-label=\"RESERVAR AHORA\" rel=\"nofollow noopener\">RESERVAR AHORA<\/a><\/div><\/div><\/div><\/div><a href=\"https:\/\/www.boattoursamana.com\/es\/recorrido\/bayahibe-private-samana-whale-watching-cayo-levantado-bacardi-island\" class=\"woocommerce-LoopProduct-link woocommerce-loop-product__link\"><\/a><\/div><div class=\"mkdf-pl-text-wrapper\"><h4 class=\"mkdf-product-list-title\"><a href=\"https:\/\/www.boattoursamana.com\/es\/recorrido\/bayahibe-private-samana-whale-watching-cayo-levantado-bacardi-island\">REP\u00daBLICA DOMINICANA: Observaci\u00f3n de aves end\u00e9micas de La Espa\u00f1ola<\/a><\/h4>\n\t<span class=\"price\"><del aria-hidden=\"true\"><span class=\"woocommerce-Price-amount amount\"><bdi><span class=\"woocommerce-Price-currencySymbol\">&#36;<\/span>3,000.00<\/bdi><\/span><\/del> <ins><span class=\"woocommerce-Price-amount amount\"><bdi><span class=\"woocommerce-Price-currencySymbol\">&#36;<\/span>2,800.00<\/bdi><\/span><\/ins><\/span>\n<\/div><\/li><li class=\"product type-product post-16285 status-publish instock product_cat-tours-excursions-samana-bay-dominican-republic product_cat-bestbirding product_cat-bird-watching-dominican-republic product_cat-birding-dominican-republic product_cat-birdwatching-los-haitises product_cat-hiking product_cat-tours-and-excursions product_cat-ultimo2022 product_cat-w product_cat-whale-watching-la-romana-bayahibe product_tag-bird-watching product_tag-birding-dominican-republic product_tag-birding-in-los-haitises product_tag-los-haitises-national-park-birding-tour-from-punta-cana product_tag-birds-of-dominican-republic product_tag-birdwatching-dominicana has-post-thumbnail sale shipping-taxable product-type-external\">\n\t<div class=\"mkdf-pl-inner\"><div class=\"mkdf-pl-image\"><div class=\"mkdf-pl-text\"><div class=\"mkdf-pl-text-outer\"><div class=\"mkdf-pl-text-inner\"><a href=\"https:\/\/bookingadventures.tours\/booking.php?tour_id=a45f385425edc461f216e91e21abe0c5\" data-quantity=\"1\" class=\"button wp-element-button product_type_external\" data-product_id=\"16285\" data-product_sku=\"\" aria-label=\"RESERVAR AHORA\" rel=\"nofollow noopener\">RESERVAR AHORA<\/a><\/div><\/div><\/div><\/div><a href=\"https:\/\/www.boattoursamana.com\/es\/recorrido\/bayahibe-private-samana-whale-watching-cayo-levantado-bacardi-island\" class=\"woocommerce-LoopProduct-link woocommerce-loop-product__link\"><\/a><\/div><div class=\"mkdf-pl-text-wrapper\"><h4 class=\"mkdf-product-list-title\"><a href=\"https:\/\/www.boattoursamana.com\/es\/recorrido\/bayahibe-private-samana-whale-watching-cayo-levantado-bacardi-island\">Nuevo Birding Rep\u00fablica Dominicana One Week<\/a><\/h4>\n\t<span class=\"price\"><del aria-hidden=\"true\"><span class=\"woocommerce-Price-amount amount\"><bdi><span class=\"woocommerce-Price-currencySymbol\">&#36;<\/span>3,000.00<\/bdi><\/span><\/del> <ins><span class=\"woocommerce-Price-amount amount\"><bdi><span class=\"woocommerce-Price-currencySymbol\">&#36;<\/span>2,800.00<\/bdi><\/span><\/ins><\/span>\n<\/div><\/li><li class=\"product type-product post-16326 status-publish instock product_cat-birding-dominican-republic product_tag-bird-watching product_tag-birding-dominican-republic product_tag-birding-in-los-haitises product_tag-birding-punta-cana product_tag-los-haitises-national-park-birding-tour-from-punta-cana product_tag-birds-of-dominican-republic product_tag-birdwatching-dominicana product_tag-punta-cana has-post-thumbnail sale shipping-taxable product-type-external\">\n\t<div class=\"mkdf-pl-inner\"><div class=\"mkdf-pl-image\"><div class=\"mkdf-pl-text\"><div class=\"mkdf-pl-text-outer\"><div class=\"mkdf-pl-text-inner\"><a href=\"https:\/\/bookingadventures.tours\/booking.php?tour_id=a45f385425edc461f216e91e21abe0c5\" data-quantity=\"1\" class=\"button wp-element-button product_type_external\" data-product_id=\"16326\" data-product_sku=\"\" aria-label=\"RESERVAR AHORA\" rel=\"nofollow noopener\">RESERVAR AHORA<\/a><\/div><\/div><\/div><\/div><a href=\"https:\/\/www.boattoursamana.com\/es\/recorrido\/bayahibe-private-samana-whale-watching-cayo-levantado-bacardi-island\" class=\"woocommerce-LoopProduct-link woocommerce-loop-product__link\"><\/a><\/div><div class=\"mkdf-pl-text-wrapper\"><h4 class=\"mkdf-product-list-title\"><a href=\"https:\/\/www.boattoursamana.com\/es\/recorrido\/bayahibe-private-samana-whale-watching-cayo-levantado-bacardi-island\">Punta Cana: Observaci\u00f3n de aves en el \u00c1rea de la Fundaci\u00f3n Punta Cana<\/a><\/h4>\n\t<span class=\"price\"><del aria-hidden=\"true\"><span class=\"woocommerce-Price-amount amount\"><bdi><span class=\"woocommerce-Price-currencySymbol\">&#36;<\/span>250.00<\/bdi><\/span><\/del> <ins><span class=\"woocommerce-Price-amount amount\"><bdi><span class=\"woocommerce-Price-currencySymbol\">&#36;<\/span>170.00<\/bdi><\/span><\/ins><\/span>\n<\/div><\/li><li class=\"product type-product post-8850 status-publish last instock product_cat-tours-excursions-samana-bay-dominican-republic product_cat-1-sabana-de-la-mar product_cat-birdwatching-los-haitises product_cat-hiking-los-haitises product_cat-tours-and-excursions product_cat-tours-excursions-los-haitises-national-park product_tag-birding product_tag-birdwatching product_tag-los-haitises product_tag-los-haitises-national-park product_tag-nature product_tag-ridgways-hawk product_tag-sabana-de-la-mar product_tag-samana product_tag-samana-bay product_tag-wildlife has-post-thumbnail sale shipping-taxable product-type-external\">\n\t<div class=\"mkdf-pl-inner\"><div class=\"mkdf-pl-image\"><div class=\"mkdf-pl-text\"><div class=\"mkdf-pl-text-outer\"><div class=\"mkdf-pl-text-inner\"><a href=\"https:\/\/bookingadventures.tours\/booking.php?tour_id=3f582351e669d76f309c91a7d64fcfca\" data-quantity=\"1\" class=\"button wp-element-button product_type_external\" data-product_id=\"8850\" data-product_sku=\"\" aria-label=\"RESERVAR AHORA\" rel=\"nofollow noopener\">RESERVAR AHORA<\/a><\/div><\/div><\/div><\/div><a href=\"https:\/\/www.boattoursamana.com\/es\/recorrido\/ridgways-hawk-tour-bird-watching-los-haitises-national-park-tour\" class=\"woocommerce-LoopProduct-link woocommerce-loop-product__link\"><\/a><\/div><div class=\"mkdf-pl-text-wrapper\"><div class=\"mkdf-pl-rating-holder\"><\/div><h4 class=\"mkdf-product-list-title\"><a href=\"https:\/\/www.boattoursamana.com\/es\/recorrido\/ridgways-hawk-tour-bird-watching-los-haitises-national-park-tour\">Ridgway&#039;s Hawk Tour \u2013 Observaci\u00f3n de aves Excursi\u00f3n al Parque Nacional Los Haitises<\/a><\/h4>\n\t<span class=\"price\"><del aria-hidden=\"true\"><span class=\"woocommerce-Price-amount amount\"><bdi><span class=\"woocommerce-Price-currencySymbol\">&#36;<\/span>65.00<\/bdi><\/span><\/del> <ins><span class=\"woocommerce-Price-amount amount\"><bdi><span class=\"woocommerce-Price-currencySymbol\">&#36;<\/span>49.00<\/bdi><\/span><\/ins><\/span>\n<\/div><\/li><li class=\"product type-product post-16338 status-publish first instock product_cat-birding-dominican-republic product_tag-bird-watching product_tag-bird-watching-bayahibe product_tag-birding-bayahibe product_tag-birding-dominican-republic product_tag-birding-in-los-haitises product_tag-birding-punta-cana product_tag-los-haitises-national-park-birding-tour-from-punta-cana product_tag-birds-of-dominican-republic product_tag-birdwatching-dominicana product_tag-punta-cana has-post-thumbnail sale shipping-taxable product-type-external\">\n\t<div class=\"mkdf-pl-inner\"><div class=\"mkdf-pl-image\"><div class=\"mkdf-pl-text\"><div class=\"mkdf-pl-text-outer\"><div class=\"mkdf-pl-text-inner\"><a href=\"https:\/\/bookingadventures.tours\/booking.php?tour_id=a45f385425edc461f216e91e21abe0c5\" data-quantity=\"1\" class=\"button wp-element-button product_type_external\" data-product_id=\"16338\" data-product_sku=\"\" aria-label=\"RESERVAR AHORA\" rel=\"nofollow noopener\">RESERVAR AHORA<\/a><\/div><\/div><\/div><\/div><a href=\"https:\/\/www.boattoursamana.com\/es\/recorrido\/bayahibe-private-samana-whale-watching-cayo-levantado-bacardi-island\" class=\"woocommerce-LoopProduct-link woocommerce-loop-product__link\"><\/a><\/div><div class=\"mkdf-pl-text-wrapper\"><h4 class=\"mkdf-product-list-title\"><a href=\"https:\/\/www.boattoursamana.com\/es\/recorrido\/bayahibe-private-samana-whale-watching-cayo-levantado-bacardi-island\">Sabana de la Mar: Observaci\u00f3n de Aves y Parque Nacional Los Haitises<\/a><\/h4>\n\t<span class=\"price\"><del aria-hidden=\"true\"><span class=\"woocommerce-Price-amount amount\"><bdi><span class=\"woocommerce-Price-currencySymbol\">&#36;<\/span>250.00<\/bdi><\/span><\/del> <ins><span class=\"woocommerce-Price-amount amount\"><bdi><span class=\"woocommerce-Price-currencySymbol\">&#36;<\/span>170.00<\/bdi><\/span><\/ins><\/span>\n<\/div><\/li><li class=\"product type-product post-16295 status-publish instock product_cat-birding-dominican-republic product_tag-bird-watching product_tag-birding-dominican-republic product_tag-birding-in-los-haitises product_tag-los-haitises-national-park-birding-tour-from-punta-cana product_tag-birds-of-dominican-republic product_tag-birdwatching-dominicana has-post-thumbnail sale shipping-taxable product-type-external\">\n\t<div class=\"mkdf-pl-inner\"><div class=\"mkdf-pl-image\"><div class=\"mkdf-pl-text\"><div class=\"mkdf-pl-text-outer\"><div class=\"mkdf-pl-text-inner\"><a href=\"https:\/\/bookingadventures.tours\/booking.php?tour_id=65169de389500d780418f30a412b7e7b\" data-quantity=\"1\" class=\"button wp-element-button product_type_external\" data-product_id=\"16295\" data-product_sku=\"\" aria-label=\"RESERVAR AHORA\" rel=\"nofollow noopener\">RESERVAR AHORA<\/a><\/div><\/div><\/div><\/div><a href=\"https:\/\/www.boattoursamana.com\/es\/recorrido\/bayahibe-private-samana-whale-watching-cayo-levantado-bacardi-island\" class=\"woocommerce-LoopProduct-link woocommerce-loop-product__link\"><\/a><\/div><div class=\"mkdf-pl-text-wrapper\"><h4 class=\"mkdf-product-list-title\"><a href=\"https:\/\/www.boattoursamana.com\/es\/recorrido\/bayahibe-private-samana-whale-watching-cayo-levantado-bacardi-island\">Saman\u00e1: observaci\u00f3n de aves y cascada de Lim\u00f3n<\/a><\/h4>\n\t<span class=\"price\"><del aria-hidden=\"true\"><span class=\"woocommerce-Price-amount amount\"><bdi><span class=\"woocommerce-Price-currencySymbol\">&#36;<\/span>250.00<\/bdi><\/span><\/del> <ins><span class=\"woocommerce-Price-amount amount\"><bdi><span class=\"woocommerce-Price-currencySymbol\">&#36;<\/span>170.00<\/bdi><\/span><\/ins><\/span>\n<\/div><\/li><\/ul>\n<\/div><div class=\"vc_empty_space\"   style=\"height: 32px\"><span class=\"vc_empty_space_inner\"><\/span><\/div><\/div><\/div><\/div><\/div>","protected":false},"excerpt":{"rendered":"Private Birding Tours of the Dominican Republic Private Birding in Dominican Republic with Officials birdwatchers tour guides. Book with local's birders and support small communities. BOOK NOWBayahibe: Bird Watching &#038; Cotubanama National Park &#36;250.00 &#36;170.00 BOOK NOWBirding: 4 Days of Bird Watching Dominican Republic &#36;900.00 &#36;800.00 BOOK NOWBirdwatching in Los Haitises National Park &#36;75.00 &#36;65.99 BOOK NOWBirdwatching Punta Cana &#8211; Birding Tours from Punta Cana to Los Haitises National Park &#36;195.00 &#36;145.00 BOOK NOWDOMINICAN REPUBLIC: Hispaniola Endemic Birding &#36;3,000.00 &#36;2,800.00 [...]","protected":false},"author":8,"featured_media":0,"parent":0,"menu_order":0,"comment_status":"closed","ping_status":"closed","template":"","meta":{"footnotes":""},"class_list":["post-16701","page","type-page","status-publish","hentry"],"_links":{"self":[{"href":"https:\/\/www.boattoursamana.com\/es\/wp-json\/wp\/v2\/pages\/16701","targetHints":{"allow":["GET"]}}],"collection":[{"href":"https:\/\/www.boattoursamana.com\/es\/wp-json\/wp\/v2\/pages"}],"about":[{"href":"https:\/\/www.boattoursamana.com\/es\/wp-json\/wp\/v2\/types\/page"}],"author":[{"embeddable":true,"href":"https:\/\/www.boattoursamana.com\/es\/wp-json\/wp\/v2\/users\/8"}],"replies":[{"embeddable":true,"href":"https:\/\/www.boattoursamana.com\/es\/wp-json\/wp\/v2\/comments?post=16701"}],"version-history":[{"count":0,"href":"https:\/\/www.boattoursamana.com\/es\/wp-json\/wp\/v2\/pages\/16701\/revisions"}],"wp:attachment":[{"href":"https:\/\/www.boattoursamana.com\/es\/wp-json\/wp\/v2\/media?parent=16701"}],"curies":[{"name":"wp","href":"https:\/\/api.w.org\/{rel}","templated":true}]}}