{"id":11525,"date":"2020-09-08T10:03:32","date_gmt":"2020-09-08T10:03:32","guid":{"rendered":"https:\/\/www.ticketswhales.com\/Tours-Excursions\/uncategorized\/import-placeholder-for-302178\/"},"modified":"2023-11-09T13:52:44","modified_gmt":"2023-11-09T13:52:44","slug":"saona-island-private-tour-from-boca-chica-hotels-boca-chica-lobby","status":"publish","type":"product","link":"https:\/\/www.boattoursamana.com\/es\/recorrido\/tour-privado-a-la-isla-saona-desde-hoteles-de-boca-chica-lobby-de-boca-chica","title":{"rendered":"Tour privado a la isla Saona desde los hoteles de Boca Chica - Vest\u00edbulo de Boca Chica"},"content":{"rendered":"<div class=\"vc_row wpb_row vc_row-fluid\" ><div class=\"wpb_column vc_column_container vc_col-sm-12\"><div class=\"vc_column-inner\"><div class=\"wpb_wrapper\"><div class=\"vc_btn3-container vc_btn3-inline\" ><a class=\"vc_general vc_btn3 vc_btn3-size-md vc_btn3-shape-rounded vc_btn3-style-modern vc_btn3-color-green\" href=\"https:\/\/bookingadventures.tours\/booking.php?tour_id=af94ac080d3382290b700f103567ecab\" title=\"\" rel=\"noopener\">RESERVAR AHORA<\/a><\/div>\n\t<div class=\"wpb_text_column wpb_content_element\" >\n\t\t<div class=\"wpb_wrapper\">\n\t\t\t<h2><b><i>Viaje privado a la isla Saona\u00a0<\/i><\/b><\/h2>\n<h4><b><i>Descripci\u00f3n general<\/i><\/b><\/h4>\n<div>La salida en Botes es desde el muelle principal de <strong>Bayah\u00edbe<\/strong> a las 9:00 am y regreso a las 5 pm. Si\u00a0<b>(Est\u00e1 agregando un traslado privado desde otras salidas a este viaje, el tiempo puede cambiar)<\/b> <span style=\"font-size: 16px;\">Este viaje te lleva a las mejores playas de <strong>isla saona<\/strong> (Isla Saona) comenzando desde el pueblo de Bayahibe, su almuerzo es en la isla y se detendr\u00e1 en las piscinas naturales de la<strong> Parque Nacional Cotubanama<\/strong>. Disfrutando de la hermosa costa sureste de Rep\u00fablica Dominicana, donde luego de tomar el bote navegar\u00e1s por la costa observando las diferentes playas, paisajes, manglares y formaciones calizas de este lugar \u00fanico.\u00a0<\/span><\/div>\n<div>\n<p><span style=\"font-weight: 400;\">Llegar a la isla toma alrededor de 45 minutos y durante el recorrido tendr\u00e1s la posibilidad de ver <strong>Mano Juan<\/strong>, que es la \u00fanica comunidad establecida en la isla, en este mismo lugar tienes la posibilidad de almorzar, en caso de no llegar a Mano Juan, estar\u00e1s visitando diferentes playas de la zona y el almuerzo ser\u00e1 en la playa, tambi\u00e9n tendr\u00e1s la oportunidad de hacer snorkel en la isla.<\/span><\/p>\n<p><span style=\"font-weight: 400;\">Cuando termine su viaje en los diferentes lugares de la isla, regresar\u00e1 al lugar donde se reuni\u00f3 con el Gu\u00eda tur\u00edstico.<\/span><\/p>\n<ul>\n<li style=\"font-weight: 400;\"><span style=\"font-weight: 400;\">Incluye almuerzo buffet en la playa.<\/span><\/li>\n<li style=\"font-weight: 400;\"><span style=\"font-weight: 400;\">piscina natural<\/span><\/li>\n<li style=\"font-weight: 400;\"><span style=\"font-weight: 400;\">Traslado en barco o catamar\u00e1n<\/span><\/li>\n<li style=\"font-weight: 400;\"><span style=\"font-weight: 400;\">El Capit\u00e1n proporciona instrucci\u00f3n y supervisi\u00f3n.<\/span><\/li>\n<\/ul>\n<\/div>\n<p>&nbsp;<\/p>\n<h2><b>Inclusiones y Exclusiones<\/b><\/h2>\n<p><b>Inclusiones<\/b><\/p>\n<ol>\n<li>Paseo en lancha r\u00e1pida o catamar\u00e1n (todo depende del tama\u00f1o del grupo)<\/li>\n<li style=\"font-weight: 400;\"><span style=\"font-weight: 400;\">Almuerzo buffet en la playa<\/span><\/li>\n<li>piscina natural<\/li>\n<li style=\"font-weight: 400;\"><span style=\"font-weight: 400;\">Todos los impuestos, tasas y gastos de tramitaci\u00f3n<\/span><\/li>\n<li style=\"font-weight: 400;\"><span style=\"font-weight: 400;\">Impuestos locales<\/span><\/li>\n<li style=\"font-weight: 400;\"><span style=\"font-weight: 400;\">Bebidas<\/span><\/li>\n<\/ol>\n<p><b> Exclusiones<\/b><\/p>\n<ol>\n<li style=\"font-weight: 400;\"><span style=\"font-weight: 400;\">Propinas<\/span><\/li>\n<li>Gu\u00eda local<\/li>\n<\/ol>\n<p>&nbsp;<\/p>\n<h4><em><strong>Salida y Regreso<\/strong><\/em><\/h4>\n<p><span style=\"font-weight: 400;\">Tenemos un horario dise\u00f1ado para recogerlo y dejarlo seg\u00fan el \u00e1rea en la que se encuentre. <\/span><span style=\"font-weight: 400;\">El viajero obtendr\u00e1 un punto de encuentro despu\u00e9s del Proceso de Reserva. Los tours comienzan y terminan en nuestros puntos de encuentro.<\/span><\/p>\n<p>&nbsp;<\/p>\n<h4><b><i>\u00bfQue esperar?<\/i><\/b><\/h4>\n<p>&nbsp;<\/p>\n<p><em><strong>Consigue tus entradas<\/strong><\/em> pase de un d\u00eda en la isla Saona (Isla Saona) en Bayahibe m\u00e1s un maravilloso almuerzo y tiempo en la playa.<\/p>\n<p><span style=\"font-weight: 400;\">El Day Trip, organizado por \u201cBooking Adventures\u201d comienza en el punto de encuentro establecido con el Gu\u00eda Tur\u00edstico. <\/span>Almuerzo en la playa y puedes quedarte todo el tiempo que quieras nadando. Si eres vegano tambi\u00e9n podemos prepararte algo de comida.<\/p>\n<p>Este viaje en barco comienza en Bayahibe, pero ofrecemos traslado privado por un costo adicional dependiendo de d\u00f3nde se encuentre el grupo.<\/p>\n<p><strong>Calendario:<\/strong><\/p>\n<p>7:45 a. m. a 6:00 p. m.<\/p>\n<p>&nbsp;<\/p>\n<h4><em><strong>\u00bfQu\u00e9 debes traer?<\/strong><\/em><\/h4>\n<ul>\n<li style=\"font-weight: 400;\"><span style=\"font-weight: 400;\">C\u00e1mara<\/span><\/li>\n<li style=\"font-weight: 400;\"><span style=\"font-weight: 400;\">Cogollos repelentes<\/span><\/li>\n<li style=\"font-weight: 400;\"><span style=\"font-weight: 400;\">crema solar<\/span><\/li>\n<li style=\"font-weight: 400;\"><span style=\"font-weight: 400;\">Sombrero<\/span><\/li>\n<li style=\"font-weight: 400;\"><span style=\"font-weight: 400;\">Pantalones c\u00f3modos<\/span><\/li>\n<li style=\"font-weight: 400;\"><span style=\"font-weight: 400;\">Zapatos de senderismo para el bosque<\/span><\/li>\n<li style=\"font-weight: 400;\"><span style=\"font-weight: 400;\">Sandalias a la playa<\/span><\/li>\n<li style=\"font-weight: 400;\"><span style=\"font-weight: 400;\">Vestido nadador<\/span><\/li>\n<li>Efectivo para souvenirs<\/li>\n<\/ul>\n<p>&nbsp;<\/p>\n<h2><b><i>Recogida en el hotel para la excursi\u00f3n de un d\u00eda a la isla Saona<\/i><\/b><\/h2>\n<p><span style=\"font-weight: 400;\">Este es el programa que hemos establecido en funci\u00f3n de sus ubicaciones. Por favor, h\u00e1ganos saber su hotel espec\u00edfico y nos pondremos en contacto con usted para decirle d\u00f3nde nos reuniremos con usted. Estas opciones de Transfer aplican un costo extra. Este viaje comienza en Bayahibe.<\/span><\/p>\n<table style=\"height: 487px;\" width=\"420\">\n<tbody>\n<tr>\n<td><b>Lugar<\/b><\/td>\n<td><b>Hora<\/b><\/td>\n<\/tr>\n<tr>\n<td><b>punta Cana<\/b><\/td>\n<td><b>7:45 a.m.<\/b><\/td>\n<\/tr>\n<tr>\n<td><b>B\u00e1varo<\/b><\/td>\n<td><b>7:30 a.m.<\/b><\/td>\n<\/tr>\n<tr>\n<td><b>Uvero Altos<\/b><\/td>\n<td><b>7 a.m<\/b><\/td>\n<\/tr>\n<tr>\n<td><b>Club Med<\/b><\/td>\n<td><b>7 a.m<\/b><\/td>\n<\/tr>\n<tr>\n<td><b>bocachica<\/b><\/td>\n<td><b>7 a.m<\/b><\/td>\n<\/tr>\n<tr>\n<td><b>Santo Domingo<\/b><\/td>\n<td><b>6:40 a.m.<\/b><\/td>\n<\/tr>\n<tr>\n<td><b>Juan Dolio<\/b><\/td>\n<td><b>7 a.m<\/b><\/td>\n<\/tr>\n<\/tbody>\n<\/table>\n<p>&nbsp;<\/p>\n<p><b>Nota:<\/b><span style=\"font-weight: 400;\"> Si realiza la reserva dentro de las 24 horas anteriores a la hora de salida del tour\/excursi\u00f3n, podemos organizar la recogida en el hotel con un costo adicional. Una vez que se complete su compra, le enviaremos la informaci\u00f3n de contacto completa (n\u00famero de tel\u00e9fono, direcci\u00f3n de correo electr\u00f3nico, etc.) para que nuestro gu\u00eda tur\u00edstico local organice los arreglos de recogida.<\/span><\/p>\n<h4><b><i>Confirmaci\u00f3n de informaci\u00f3n adicional <\/i><\/b><\/h4>\n<ol>\n<li>Los boletos son el Recibo despu\u00e9s de pagar este Tour. Puede mostrar el pago en su tel\u00e9fono.<\/li>\n<li style=\"font-weight: 400;\"><span style=\"font-weight: 400;\">El Punto de Encuentro se recibir\u00e1 Despu\u00e9s del Proceso de Reserva.<\/span><\/li>\n<li style=\"font-weight: 400;\"><span style=\"font-weight: 400;\">Los ni\u00f1os deben estar acompa\u00f1ados por un adulto.<\/span><\/li>\n<li style=\"font-weight: 400;\"><span style=\"font-weight: 400;\">silla de ruedas accesible <\/span><\/li>\n<li style=\"font-weight: 400;\"><span style=\"font-weight: 400;\">Los beb\u00e9s deben sentarse en el regazo <\/span><\/li>\n<li style=\"font-weight: 400;\"><span style=\"font-weight: 400;\">La mayor\u00eda de los viajeros pueden participar<\/span><\/li>\n<\/ol>\n<h4><b><i>Pol\u00edtica de cancelaci\u00f3n<\/i><\/b><\/h4>\n<p>Para obtener un reembolso completo, lea nuestras Pol\u00edticas de cancelaci\u00f3n\u00a0<a href=\"https:\/\/www.boattoursamana.com\/es\/reserva-en-linea\/\" target=\"_blank\" rel=\"noopener\" data-saferedirecturl=\"https:\/\/www.google.com\/url?q=https:\/\/www.boattoursamana.com\/online-booking\/&amp;source=gmail&amp;ust=1672449202351000&amp;usg=AOvVaw1yAeVAPktmaVCqDujgUn90\">haga clic aqu\u00ed<\/a>. Los fondos se perder\u00e1n si la reserva se cancela el mismo d\u00eda del viaje.<\/p>\n<p>NOTA: Si desea realizar esta excursi\u00f3n y desea conocer algunos detalles m\u00e1s puede<a href=\"mailto:info@bookingadventures.com.do\">\u00a0cont\u00e1ctenos por correo electr\u00f3nico<\/a>yo<strong>\u00a0<\/strong>o a trav\u00e9s de nuestro chat de servicio directo Whatsapp a este n\u00famero:\u00a0<strong>+1 809-720-6035<\/strong>. Le atenderemos inmediatamente y podemos hacerle una oferta ajustando el precio en funci\u00f3n del n\u00famero de personas.<\/p>\n<p>(Requerimos un m\u00ednimo de 4 personas para organizar el tour en privado. Para menos personas podemos organizar un tour semiprivado con un m\u00e1ximo de 15 personas).<\/p>\n<div id=\"gtx-trans\" style=\"position: absolute; left: -1px; top: 1055.03px;\">\n<div class=\"gtx-trans-icon\"><\/div>\n<\/div>\n\n\t\t<\/div>\n\t<\/div>\n<\/div><\/div><\/div><\/div><div class=\"vc_row wpb_row vc_row-fluid\" ><div class=\"wpb_column vc_column_container vc_col-sm-12\"><div class=\"vc_column-inner\"><div class=\"wpb_wrapper\"><div class=\"vc_btn3-container vc_btn3-inline\" ><a class=\"vc_general vc_btn3 vc_btn3-size-md vc_btn3-shape-rounded vc_btn3-style-modern vc_btn3-color-green\" href=\"https:\/\/bookingadventures.tours\/booking.php?tour_id=af94ac080d3382290b700f103567ecab\" title=\"\" rel=\"noopener\">RESERVAR AHORA<\/a><\/div><\/div><\/div><\/div><\/div><div class=\"vc_row wpb_row vc_row-fluid\" ><div class=\"wpb_column vc_column_container vc_col-sm-12\"><div class=\"vc_column-inner\"><div class=\"wpb_wrapper\"><div class=\"vc_empty_space\"   style=\"height: 32px\"><span class=\"vc_empty_space_inner\"><\/span><\/div>\n\t<div class=\"wpb_video_widget wpb_content_element vc_clearfix   vc_video-aspect-ratio-169 vc_video-el-width-100 vc_video-align-left\" >\n\t\t<div class=\"wpb_wrapper\">\n\t\t\t<h2 class=\"wpb_heading wpb_video_heading\">Video de Tours y Excursiones a la Isla Saona:<\/h2>\n\t\t\t<div class=\"wpb_video_wrapper\"><iframe loading=\"lazy\" title=\"Isla Saola Full day por Booking Adventures, Viajes Rep\u00fablica Dominicana\" width=\"1100\" height=\"619\" src=\"https:\/\/www.youtube.com\/embed\/sas91N4zMHo?feature=oembed\" frameborder=\"0\" allow=\"accelerometer; autoplay; encrypted-media; gyroscope; picture-in-picture\" allowfullscreen><\/iframe><\/div>\n\t\t<\/div>\n\t<\/div>\n<div class=\"vc_empty_space\"   style=\"height: 32px\"><span class=\"vc_empty_space_inner\"><\/span><\/div><\/div><\/div><\/div><\/div><div class=\"vc_row wpb_row vc_row-fluid\" ><\/div><div class=\"wpb_column vc_column_container vc_col-sm-12\"><div class=\"vc_column-inner\"><div class=\"wpb_wrapper\"><div class=\"vc_btn3-container vc_btn3-inline\" ><a class=\"vc_general vc_btn3 vc_btn3-size-md vc_btn3-shape-rounded vc_btn3-style-modern vc_btn3-color-green\" href=\"https:\/\/bookingadventures.tours\/booking.php?tour_id=af94ac080d3382290b700f103567ecab\" title=\"\" rel=\"noopener\">RESERVAR AHORA<\/a><\/div><\/div><\/div><\/div><div class=\"vc_empty_space\"   style=\"height: 32px\"><span class=\"vc_empty_space_inner\"><\/span><\/div><div class=\"vc_empty_space\"   style=\"height: 32px\"><span class=\"vc_empty_space_inner\"><\/span><\/div>","protected":false},"excerpt":{"rendered":"<p>Pasad\u00eda a Isla Saona desde el puerto de Bayahibe. El almuerzo y las piscinas naturales est\u00e1n incluidos. De ser necesario, traslado desde cualquier parte de Rep\u00fablica Dominicana. Simplemente cont\u00e1ctanos y vivamos la mejor experiencia en Isla Saona.<\/p>\n<p>&nbsp;<\/p>\n<p><strong>Selecciona la fecha para el tour:<\/strong><\/p>","protected":false},"featured_media":11534,"template":"","meta":[],"product_cat":[948,821,826],"product_tag":[400,244,242,395,272,823,690,241,243,315,398,824,825,314],"class_list":["post-11525","product","type-product","status-publish","has-post-thumbnail","hentry","product_cat-1-punta-cana","product_cat-saona-island-offers","product_cat-saona-island-private-tour-from-boca-chica-hotels-boca-chica-lobby","product_tag-all-inclusive-trip-to-saona-island-by-speedboat-catamaran","product_tag-bayahibe","product_tag-catamaran","product_tag-how-to-get-to-saona-island","product_tag-isla-saona","product_tag-private-day-trip-saona","product_tag-private-tours","product_tag-saona","product_tag-saona-island","product_tag-saona-island-excursion","product_tag-saona-island-hotels","product_tag-saona-island-private","product_tag-saona-island-private-tour-from-punta-cana-hotels-punta-cana-lobby","product_tag-saona-island-tour"],"_links":{"self":[{"href":"https:\/\/www.boattoursamana.com\/es\/wp-json\/wp\/v2\/product\/11525","targetHints":{"allow":["GET"]}}],"collection":[{"href":"https:\/\/www.boattoursamana.com\/es\/wp-json\/wp\/v2\/product"}],"about":[{"href":"https:\/\/www.boattoursamana.com\/es\/wp-json\/wp\/v2\/types\/product"}],"wp:featuredmedia":[{"embeddable":true,"href":"https:\/\/www.boattoursamana.com\/es\/wp-json\/wp\/v2\/media\/11534"}],"wp:attachment":[{"href":"https:\/\/www.boattoursamana.com\/es\/wp-json\/wp\/v2\/media?parent=11525"}],"wp:term":[{"taxonomy":"product_cat","embeddable":true,"href":"https:\/\/www.boattoursamana.com\/es\/wp-json\/wp\/v2\/product_cat?post=11525"},{"taxonomy":"product_tag","embeddable":true,"href":"https:\/\/www.boattoursamana.com\/es\/wp-json\/wp\/v2\/product_tag?post=11525"}],"curies":[{"name":"wp","href":"https:\/\/api.w.org\/{rel}","templated":true}]}}