{"id":11569,"date":"2020-10-10T15:42:33","date_gmt":"2020-10-10T15:42:33","guid":{"rendered":"https:\/\/www.ticketswhales.com\/?post_type=product&#038;p=11569"},"modified":"2023-11-07T21:53:32","modified_gmt":"2023-11-07T21:53:32","slug":"private-kayaking-snorkeling-with-lunch-on-cayo-levantado-island","status":"publish","type":"product","link":"https:\/\/www.boattoursamana.com\/es\/recorrido\/kayak-privado-snorkeling-con-almuerzo-en-isla-cayo-levantado","title":{"rendered":"Saman\u00e1: Cayo Levantado y kayak + snorkel"},"content":{"rendered":"<div class=\"wpb_column vc_column_container vc_col-sm-12\"><div class=\"vc_column-inner\"><div class=\"wpb_wrapper\"><\/div><\/div><\/div><div class=\"vc_row wpb_row vc_row-fluid\" ><div class=\"wpb_column vc_column_container vc_col-sm-12\"><div class=\"vc_column-inner\"><div class=\"wpb_wrapper\">\n\t<div class=\"wpb_text_column wpb_content_element\" >\n\t\t<div class=\"wpb_wrapper\">\n\t\t\t<div class=\"vc_row wpb_row vc_row-fluid\">\n<div class=\"wpb_column vc_column_container vc_col-sm-12\">\n<div class=\"vc_column-inner\">\n<div class=\"wpb_wrapper\">\n<div class=\"mkdf-section-title-holder\">\n<div class=\"mkdf-st-inner\">\n<h5 class=\"mkdf-st-subtitle\">Desde el puerto de Saman\u00e1: tour privado<\/h5>\n<h3 class=\"mkdf-st-title\">Kayak privado y snorkel con almuerzo en la isla Cayo Levantado<\/h3>\n<\/div>\n<\/div>\n<div class=\"vc_empty_space\"><\/div>\n<\/div>\n<\/div>\n<\/div>\n<\/div>\n<div class=\"vc_row wpb_row vc_row-fluid\"><\/div>\n<div class=\"wpb_column vc_column_container vc_col-sm-12\">\n<div class=\"vc_column-inner\">\n<div class=\"wpb_wrapper\"><\/div>\n<\/div>\n<\/div>\n<div class=\"wpb_text_column wpb_content_element\">\n<div class=\"wpb_wrapper\"><\/div>\n<\/div>\n<div class=\"vc_row wpb_row vc_row-fluid\">\n<div class=\"wpb_column vc_column_container vc_col-sm-12\">\n<div class=\"vc_column-inner\">\n<div class=\"wpb_wrapper\">\n<div class=\"wpb_text_column wpb_content_element\">\n<div class=\"wpb_wrapper\">\n<div class=\"vc_row wpb_row vc_row-fluid\">\n<div class=\"wpb_column vc_column_container vc_col-sm-12\">\n<div class=\"vc_column-inner\">\n<div class=\"wpb_wrapper\">\n<div class=\"wpb_text_column wpb_content_element\">\n<div class=\"wpb_wrapper\">\n<h4><b><i>Visi\u00f3n general\ud83d\udc33<\/i><\/b><\/h4>\n<p><strong>Evite grandes grupos de turistas.<\/strong>\u00a0y realiza tu Tour Privado de Kayak y Snorkel en la Bah\u00eda de Saman\u00e1 saliendo desde el puerto de Saman\u00e1.<\/p>\n<p>Admire 40 minutos de vistas panor\u00e1micas incomparables de la Bah\u00eda de Saman\u00e1 desde el mar en kayak y practique snorkel en las aguas cristalinas de una playa cercana en el famoso Cayo Levantado\/Isla Bacard\u00ed. Donde podemos estirar las piernas y usar nuestros kits de snorkel, \u00a1hay otro mundo para explorar!<br \/>\nDespu\u00e9s de hacer snorkel, tomaremos un almuerzo t\u00edpico dominicano en la playa y descubriremos la isla m\u00e1s bonita de Rep\u00fablica Dominicana. Hogar de un hermoso hotel de lujo, playas de arena blanca, una exuberante selva tropical y artistas incre\u00edbles que ofrecen sus pinturas hechas a mano y otros productos.<\/p>\n<p>\u00bfQu\u00e9 puedes hacer en la isla?<br \/>\nNadar, caminar, jugar voleibol, tomar fotograf\u00edas, hacer snorkel, disfrutar de la playa o simplemente relajarse a la sombra y tomar una bebida refrescante (Pi\u00f1a Colada, Coco Loco, Cuba Libre, etc.) Hay muchas opciones para disfrutar de la isla para todos. !<\/p>\n<p>En el camino de regreso a Saman\u00e1 cambiamos de perspectiva y nuestra atenci\u00f3n es captada por detalles que antes no hab\u00edamos notado, disfrutando cada metro aproximadamente 40 min.<\/p>\n<p>\u00a1Somos los \u00fanicos ofreciendo este Tour en toda la Rep\u00fablica Dominicana! Esta experiencia \u00fanica es el sue\u00f1o hecho realidad para los amantes de la naturaleza y el mar.<\/p>\n<p><strong>Nota:<\/strong>\u00a0Este recorrido es privado. (Solo usted y su familia o amigos y el Gu\u00eda Tur\u00edstico).<\/p>\n<p>&nbsp;<\/p>\n<h4><b>Inclusiones y exclusiones<\/b><\/h4>\n<p>&nbsp;<\/p>\n<p><b>Inclusiones<\/b><\/p>\n<p>&nbsp;<\/p>\n<ol>\n<li>Almuerzo buffet en la playa.<\/li>\n<li>Gu\u00eda tur\u00edstico<\/li>\n<li>kayaks, paddle surf<\/li>\n<li>Chaleco salvavidas<\/li>\n<li>Equipo de snorkel<\/li>\n<li>Todos los impuestos, tasas y gastos de manipulaci\u00f3n.<\/li>\n<li>Impuestos locales<\/li>\n<li>Bebidas (Botella de agua por persona)<\/li>\n<\/ol>\n<p><b>Exclusiones<\/b><\/p>\n<ol>\n<li>Consejos<\/li>\n<li>Traslado en coche<\/li>\n<li>Alcohol<\/li>\n<\/ol>\n<p>&nbsp;<\/p>\n<h4><em><strong>Salida y regreso<\/strong><\/em><\/h4>\n<p>Este viaje comienza a las 8:00 am y finaliza alrededor de las 4:00 pm. Pero como ser\u00e1 un viaje privado, puedes establecer la hora de inicio y finalizaci\u00f3n.<\/p>\n<p>El viajero obtendr\u00e1 un punto de encuentro despu\u00e9s del proceso de reserva. Los tours comienzan y terminan en nuestros puntos de encuentro.<\/p>\n<p>&nbsp;<\/p>\n<h4><b><i>\u00bfQue esperar?<\/i><\/b><\/h4>\n<p>&nbsp;<\/p>\n<p><em><strong>Consigue tus entradas<\/strong><\/em>\u00a0para practicar kayak y snorkel en la Bah\u00eda de Saman\u00e1. 40 minutos de incomparables vistas panor\u00e1micas de la Bah\u00eda de Saman\u00e1 desde el mar en kayak y haciendo snorkel en las aguas cristalinas de una playa cercana del famoso Cayo Levantado\/Bacard\u00ed. Almuerzo t\u00edpico dominicano en la playa. En la temporada de avistamiento de ballenas existe la posibilidad de ver ballenas jorobadas.<\/p>\n<p>El Tour de Kayak &amp; Snorkel, organizado por \u201cBooking Adventures\u201d, comienza en el punto de encuentro fijado con el Gu\u00eda Tur\u00edstico. Almuerzo en la playa y podr\u00e1s quedarte todo el tiempo que quieras nadando. Si eres vegano tambi\u00e9n podemos prepararte algo de comida.<\/p>\n<p><strong>Calendario:<\/strong><\/p>\n<p>8:00 a. m. a 4:00 p. m.<\/p>\n<p>&nbsp;<\/p>\n<h4><em><strong>\u00bfQu\u00e9 debes traer?<\/strong><\/em><\/h4>\n<ul>\n<li>C\u00e1mara<\/li>\n<li>Toalla<\/li>\n<li>proteccion solar<\/li>\n<li>Sombrero<\/li>\n<li>Pantalones y zapatos c\u00f3modos.<\/li>\n<li>Sandalias para la playa<\/li>\n<li>vestido de nadador<\/li>\n<li>Efectivo para souvenirs<\/li>\n<\/ul>\n<p>&nbsp;<\/p>\n<h4><b><i>Recogida en el hotel<\/i><\/b><\/h4>\n<p>La recogida en el hotel no se ofrece para este tour.<\/p>\n<p>&nbsp;<\/p>\n<p><b>Nota:<\/b>\u00a0Si realiza la reserva dentro de las 24 horas anteriores a la hora de salida del tour\/excursi\u00f3n, podemos organizar la recogida en el hotel con cargos adicionales. Una vez completada su compra, le enviaremos la informaci\u00f3n de contacto completa (n\u00famero de tel\u00e9fono, direcci\u00f3n de correo electr\u00f3nico, etc.) de nuestro gu\u00eda tur\u00edstico local para organizar la recogida.<\/p>\n<h4><b><i>Confirmaci\u00f3n de informaci\u00f3n adicional<\/i><\/b><\/h4>\n<ol>\n<li>Los boletos son el Recibo luego de pagar este Tour. Puede mostrar el pago en su tel\u00e9fono.<\/li>\n<li>El punto de encuentro se recibir\u00e1 tras el proceso de reserva.<\/li>\n<li>Los ni\u00f1os deben estar acompa\u00f1ados por un adulto.<\/li>\n<li>Silla de ruedas accesible<\/li>\n<li>Los beb\u00e9s deben sentarse en el regazo.<\/li>\n<li>La mayor\u00eda de los viajeros son elegibles para participar.<\/li>\n<\/ol>\n<h4><b><i>Pol\u00edtica de cancelaci\u00f3n<\/i><\/b><\/h4>\n<p>Para obtener un reembolso completo, cancele al menos 24 horas antes de la fecha de inicio de la experiencia.<\/p>\n<\/div>\n<\/div>\n<\/div>\n<\/div>\n<\/div>\n<\/div>\n<\/div>\n<\/div>\n<\/div>\n<\/div>\n<\/div>\n<\/div>\n<div class=\"vc_row wpb_row vc_row-fluid\">\n<div class=\"wpb_column vc_column_container vc_col-sm-12\">\n<div class=\"vc_column-inner\">\n<div class=\"wpb_wrapper\">\n<div class=\"vc_empty_space\"><\/div>\n<div class=\"wpb_text_column wpb_content_element\">\n<div class=\"wpb_wrapper\">\n<h4>\u00bfCont\u00e1ctenos?<\/h4>\n<h5><b><i>Reservas de Aventura<\/i><\/b><\/h5>\n<p><em>Gu\u00edas tur\u00edsticos y servicios al hu\u00e9sped.\u00a0<strong>local<\/strong>\u00a0y\u00a0<strong>nacional<\/strong><\/em><\/p>\n<p><span class=\"text-turquoise\">Reservas:<\/span>\u00a0Tours y excursiones en Dom. Representantes.<\/p>\n<p>\ud83d\udcde Tel\u00e9fono\/Whatsapp\u00a0<a href=\"tel: 1-809-720-6035\">+ 1-809-720-6035<\/a>\u00a0.<\/p>\n<p>\ud83d\udce9\u00a0<a href=\"mailto:info@bookingadventures.com.do\">info@bookingadventures.com.do<\/a><\/p>\n<p><strong>Somos tours privados con configuraci\u00f3n flexible por Whatsapp:\u00a0<a href=\"tel: 18097206035\">+18097206035.<\/a><\/strong><\/p>\n<\/div>\n<\/div>\n<\/div>\n<\/div>\n<\/div>\n<\/div>\n\n\t\t<\/div>\n\t<\/div>\n<\/div><\/div><\/div><\/div>","protected":false},"excerpt":{"rendered":"<p>Tour privado en kayak y snorkel en la Bah\u00eda de Saman\u00e1, Rep\u00fablica Dominicana con gu\u00edas tur\u00edsticos locales. No dudes en establecer la hora de inicio que m\u00e1s te convenga. Reserva ahora esta Excursi\u00f3n a la Bah\u00eda de Saman\u00e1 para vivir la verdadera Aventura Caribe\u00f1a.<\/p>\n<p>Nota: \u00a1Este tour es privado!<\/p>\n<p>&nbsp;<\/p>\n<p><em><strong>Selecciona la fecha del tour:<\/strong><\/em><\/p>","protected":false},"featured_media":13413,"template":"","meta":[],"product_cat":[255,946,655],"product_tag":[184,328,208,327,187,342,433,276],"class_list":["post-11569","product","type-product","status-publish","has-post-thumbnail","hentry","product_cat-tours-excursions-samana-bay-dominican-republic","product_cat-1-sabana-de-la-mar","product_cat-1-samana","product_tag-bacardi-island","product_tag-cayo-levantado-day-pass","product_tag-kayaking-dominican-republic","product_tag-private-tours-samana","product_tag-samana-tours","product_tag-samana-whale-watching","product_tag-snorkeling","product_tag-whale-samana"],"_links":{"self":[{"href":"https:\/\/www.boattoursamana.com\/es\/wp-json\/wp\/v2\/product\/11569","targetHints":{"allow":["GET"]}}],"collection":[{"href":"https:\/\/www.boattoursamana.com\/es\/wp-json\/wp\/v2\/product"}],"about":[{"href":"https:\/\/www.boattoursamana.com\/es\/wp-json\/wp\/v2\/types\/product"}],"wp:featuredmedia":[{"embeddable":true,"href":"https:\/\/www.boattoursamana.com\/es\/wp-json\/wp\/v2\/media\/13413"}],"wp:attachment":[{"href":"https:\/\/www.boattoursamana.com\/es\/wp-json\/wp\/v2\/media?parent=11569"}],"wp:term":[{"taxonomy":"product_cat","embeddable":true,"href":"https:\/\/www.boattoursamana.com\/es\/wp-json\/wp\/v2\/product_cat?post=11569"},{"taxonomy":"product_tag","embeddable":true,"href":"https:\/\/www.boattoursamana.com\/es\/wp-json\/wp\/v2\/product_tag?post=11569"}],"curies":[{"name":"wp","href":"https:\/\/api.w.org\/{rel}","templated":true}]}}