{"id":11778,"date":"2020-12-13T08:28:52","date_gmt":"2020-12-13T08:28:52","guid":{"rendered":"https:\/\/www.ticketswhales.com\/?post_type=product&#038;p=11778"},"modified":"2023-11-07T21:16:27","modified_gmt":"2023-11-07T21:16:27","slug":"hiking-trails-in-barahona-dominican-republic-cachote-mountains-tropical-fruits-swim","status":"publish","type":"product","link":"https:\/\/www.boattoursamana.com\/es\/recorrido\/senderismo-senderos-en-barahona-republica-dominicana-cachote-montanas-frutas-tropicales-nado-2","title":{"rendered":"Rutas de senderismo en Barahona (Rep\u00fablica Dominicana). Monta\u00f1as de Cachote, Frutas Tropicales y Nado"},"content":{"rendered":"<div class=\"vc_row wpb_row vc_row-fluid\" ><div class=\"wpb_column vc_column_container vc_col-sm-12\"><div class=\"vc_column-inner\"><div class=\"wpb_wrapper\">\n\t<div class=\"wpb_text_column wpb_content_element\" >\n\t\t<div class=\"wpb_wrapper\">\n\t\t\t<p><span style=\"vertical-align: inherit;\"><span style=\"vertical-align: inherit;\"><\/p>\n\n\t\t<\/div>\n\t<\/div>\n<div class=\"vc_btn3-container vc_btn3-inline\" ><button class=\"vc_general vc_btn3 vc_btn3-size-md vc_btn3-shape-rounded vc_btn3-style-modern vc_btn3-color-green\">RESERVAR AHORA<\/button><\/div>\n\t<div class=\"wpb_text_column wpb_content_element\" >\n\t\t<div class=\"wpb_wrapper\">\n\t\t\t<p><\/span><\/span><\/p>\n<div class=\"vc_row wpb_row vc_row-fluid\">\n<div class=\"wpb_column vc_column_container vc_col-sm-12\">\n<div class=\"vc_column-inner\">\n<div class=\"wpb_wrapper\">\n<div class=\"mkdf-section-title-holder\">\n<div class=\"mkdf-st-inner\">\n<h5 class=\"mkdf-st-subtitle\">Monta\u00f1as Cachote, Frutas Tropicales y Nataci\u00f3n<\/h5>\n<h3 class=\"mkdf-st-title\">Rutas de senderismo en Barahona (Rep\u00fablica Dominicana).<\/h3>\n<\/div>\n<\/div>\n<\/div>\n<\/div>\n<\/div>\n<\/div>\n<div class=\"vc_row wpb_row vc_row-fluid\">\n<div class=\"wpb_column vc_column_container vc_col-sm-12\">\n<div class=\"vc_column-inner\">\n<div class=\"wpb_wrapper\">\n<div class=\"wpb_text_column wpb_content_element\">\n<div class=\"wpb_wrapper\">\n<h4><b><i>Descripci\u00f3n general<\/i><\/b><\/h4>\n<p>Disfrute de un d\u00eda de caminata en las Monta\u00f1as de Cachote, Barahona. Partiendo de la Comunidad Para\u00edso. Conociendo las zonas de plantaciones de caf\u00e9. Nadar en manantiales naturales y una de las playas m\u00e1s hermosas de Rep\u00fablica Dominicana con fotos panor\u00e1micas.<\/p>\n<h4><b>Inclusiones y Exclusiones<\/b><\/h4>\n<p>&nbsp;<\/p>\n<p><b>Inclusiones<\/b><\/p>\n<ol>\n<li>Gu\u00eda Local con experiencia en Seguridad en la zona.<\/li>\n<li>Transporte privado para grupos peque\u00f1os.<\/li>\n<li>Todos los impuestos, tasas y gastos de tramitaci\u00f3n<\/li>\n<li>Recojo\/Transporte desde su hotel (zona Barahona \/ Para\u00edso \/ Los Patos)<\/li>\n<li>Gu\u00eda local que habla ingl\u00e9s o franc\u00e9s.<\/li>\n<li>Almuerzo t\u00edpico (tipo s\u00e1ndwiches) y botella de agua<\/li>\n<li>Impuestos locales<\/li>\n<li>Senderismo<\/li>\n<li>Piscinas Naturales<\/li>\n<\/ol>\n<p><b>Exclusiones<\/b><\/p>\n<ol>\n<li>Propinas<\/li>\n<li>Todas las bebidas<\/li>\n<li>Todos los servicios no mencionados espec\u00edficamente<\/li>\n<li>Gastos personales y propinas<\/li>\n<\/ol>\n<h4><em><strong>Salida y Regreso<\/strong><\/em><\/h4>\n<p>El viajero obtendr\u00e1 un punto de encuentro despu\u00e9s del Proceso de Reserva. Los tours comienzan y terminan en sus puntos de encuentro.<\/p>\n<p>Dificultad: Media-Dif\u00edcil<br \/>\nDuraci\u00f3n de la caminata: 5-6 horas<br \/>\nElevaci\u00f3n: 800 metros<br \/>\nSalida del Hotel: 08.00 AM<br \/>\nRegreso al Hotel: 05.00 PM<\/p>\n<h2 class=\"styles__heading___mD4_3\" data-radium=\"true\">Rutas de senderismo en Barahona (Rep\u00fablica Dominicana). Monta\u00f1as de Cachote, Frutas Tropicales y Nado<\/h2>\n<h4><em>\u00bfQue esperar?<\/em><\/h4>\n<p>Comenzaremos esta caminata en el pueblo de Ojeda, el cual es famoso por su gran producci\u00f3n de frutas y verduras t\u00edpicas del Caribe. En el camino, podemos degustar aguacates, naranjas, toronjas, limones, guayabas, mangos, papayas, zapotes y guan\u00e1banas.<\/p>\n<p>Luego de 1 hora y media de ascenso llegaremos a un impresionante mirador sobre el pueblo de Para\u00edso, el Riosito y las altas monta\u00f1as de Cachote.<\/p>\n<p>Continuaremos subiendo en un clima m\u00e1s fr\u00edo y h\u00famedo hasta llegar al pueblo de Barrio Nuevo donde almorzaremos.<\/p>\n<p>Por la tarde cruzaremos una magn\u00edfica finca cafetalera en lo alto de la monta\u00f1a a 800 metros sobre el nivel del mar. Luego bajaremos por 1 hora hasta llegar a la quebrada de Riosito donde podremos ba\u00f1arnos en una hermosa piscina natural rodeada de bosque tropical.<\/p>\n<p>Contin\u00fae caminando por el valle de Riosito para terminar el d\u00eda ba\u00f1\u00e1ndose en la playa Para\u00edso.<\/p>\n<h4><em><strong>\u00bfQu\u00e9 debes traer?<\/strong><\/em><\/h4>\n<ul>\n<li>C\u00e1mara<\/li>\n<li>Cogollos repelentes<\/li>\n<li>crema solar<\/li>\n<li>Inodoro<\/li>\n<li>Sombrero<\/li>\n<li>Pantalones c\u00f3modos<\/li>\n<li>Zapatos de senderismo para el bosque<\/li>\n<li>Sandalias para las zonas Primavera.<\/li>\n<li>Vestido nadador<\/li>\n<\/ul>\n<p>&nbsp;<\/p>\n<h4><b><i>Recogida en el hotel<\/i><\/b><\/h4>\n<p>Se ofrece recogida en el hotel para este tour. Recogida\/Transporte desde su hotel (\u00e1rea de Barahona\/Para\u00edso\/Los Patos).<\/p>\n<p><b>Nota:<\/b>\u00a0Si realiza la reserva dentro de las 24 horas anteriores a la hora de salida del tour\/excursi\u00f3n, podemos organizar la recogida en el hotel. Solo recogemos en zonas de Barahona. Una vez completada su compra, le enviaremos la informaci\u00f3n de contacto completa (n\u00famero de tel\u00e9fono, direcci\u00f3n de correo electr\u00f3nico, etc.) de nuestro gu\u00eda tur\u00edstico local para organizar los arreglos de recogida.<\/p>\n<h4><b><i>Confirmaci\u00f3n de informaci\u00f3n adicional<\/i><\/b><\/h4>\n<ol>\n<li>Los boletos son el Recibo despu\u00e9s de pagar este Tour. Puede mostrar el pago en su tel\u00e9fono.<\/li>\n<li>El Punto de Encuentro se recibir\u00e1 Luego del Proceso de Reserva.<\/li>\n<li>Los ni\u00f1os deben estar acompa\u00f1ados por un adulto.<\/li>\n<li>No accesible para sillas de ruedas<\/li>\n<li>Los beb\u00e9s deben sentarse en el regazo<\/li>\n<li>No recomendado para viajeros con problemas de espalda.<\/li>\n<li>No recomendado para viajeros embarazadas.<\/li>\n<li>Sin problemas card\u00edacos u otras condiciones m\u00e9dicas graves.<\/li>\n<li>La mayor\u00eda de los viajeros pueden participar<\/li>\n<\/ol>\n<h4><b><i>Pol\u00edtica de cancelaci\u00f3n<\/i><\/b><\/h4>\n<p>Para obtener un reembolso completo, cancele al menos 72 horas antes de la fecha de inicio de la experiencia. Se perder\u00e1n los fondos si la reserva se cancela el mismo d\u00eda del viaje.<\/p>\n<\/div>\n<\/div>\n<\/div>\n<\/div>\n<\/div>\n<\/div>\n\n\t\t<\/div>\n\t<\/div>\n<\/div><\/div><\/div><\/div><div class=\"wpb_column vc_column_container vc_col-sm-12\"><div class=\"vc_column-inner\"><div class=\"wpb_wrapper\"><\/div><\/div><\/div><div class=\"wpb_column vc_column_container vc_col-sm-12\"><div class=\"vc_column-inner\"><div class=\"wpb_wrapper\"><\/div><\/div><\/div>","protected":false},"excerpt":{"rendered":"<p>Compra un Day Pass Entradas a Bah\u00eda las \u00c1guilas desde Barahona. Conduciendo por el parque nacional Jaragua y dirigi\u00e9ndonos a Cabo Rojo, donde lo espera un bote. Despu\u00e9s de un paseo de 15 minutos en lancha, llegar\u00e1s a la hermosa y aislada Bah\u00eda de las \u00c1guilas, considerada la playa m\u00e1s hermosa del pa\u00eds. El almuerzo se servir\u00e1 en la playa y tendr\u00e1 la oportunidad de nadar o simplemente relajarse en la playa. Disfrute de la pr\u00edstina arena blanca de esta playa de 8 km de largo.<\/p>\n<p>&nbsp;<\/p>\n<p><strong>Seleccione el d\u00eda para este viaje:<\/strong><\/p>","protected":false},"featured_media":11651,"template":"","meta":[],"product_cat":[160,847],"product_tag":[850,566,849,848],"class_list":["post-11778","product","type-product","status-publish","has-post-thumbnail","hentry","product_cat-lunch","product_cat-barahona","product_tag-barahona-hiking","product_tag-barahona-tours","product_tag-cachote-tour","product_tag-paraiso-tour"],"_links":{"self":[{"href":"https:\/\/www.boattoursamana.com\/es\/wp-json\/wp\/v2\/product\/11778","targetHints":{"allow":["GET"]}}],"collection":[{"href":"https:\/\/www.boattoursamana.com\/es\/wp-json\/wp\/v2\/product"}],"about":[{"href":"https:\/\/www.boattoursamana.com\/es\/wp-json\/wp\/v2\/types\/product"}],"wp:featuredmedia":[{"embeddable":true,"href":"https:\/\/www.boattoursamana.com\/es\/wp-json\/wp\/v2\/media\/11651"}],"wp:attachment":[{"href":"https:\/\/www.boattoursamana.com\/es\/wp-json\/wp\/v2\/media?parent=11778"}],"wp:term":[{"taxonomy":"product_cat","embeddable":true,"href":"https:\/\/www.boattoursamana.com\/es\/wp-json\/wp\/v2\/product_cat?post=11778"},{"taxonomy":"product_tag","embeddable":true,"href":"https:\/\/www.boattoursamana.com\/es\/wp-json\/wp\/v2\/product_tag?post=11778"}],"curies":[{"name":"wp","href":"https:\/\/api.w.org\/{rel}","templated":true}]}}