{"id":12043,"date":"2021-01-29T08:54:31","date_gmt":"2021-01-29T08:54:31","guid":{"rendered":"https:\/\/www.ticketswhales.com\/Tours-Excursions\/uncategorized\/import-placeholder-for-8649\/"},"modified":"2023-11-07T21:08:26","modified_gmt":"2023-11-07T21:08:26","slug":"excursion-whale-watching-samana-bay-cayo-levantado-from-puerto-plata-private-transportation","status":"publish","type":"product","link":"https:\/\/www.boattoursamana.com\/es\/recorrido\/excursion-avistamiento-de-ballenas-bahia-de-samana-cayo-levantado-desde-puerto-plata-transporte-privado-2","title":{"rendered":"Excursi\u00f3n Avistamiento de Ballenas Bah\u00eda de Saman\u00e1 + Cayo Levantado desde Puerto Plata (Transporte Privado)"},"content":{"rendered":"<div class=\"vc_row wpb_row vc_row-fluid\" ><\/div><div class=\"wpb_column vc_column_container vc_col-sm-12\"><div class=\"vc_column-inner\"><div class=\"wpb_wrapper\"><div class=\"vc_btn3-container vc_btn3-inline\" ><button class=\"vc_general vc_btn3 vc_btn3-size-md vc_btn3-shape-rounded vc_btn3-style-modern vc_btn3-color-green\">RESERVAR AHORA<\/button><\/div><\/div><\/div><\/div>\n\t<div class=\"wpb_text_column wpb_content_element\" >\n\t\t<div class=\"wpb_wrapper\">\n\t\t\t\n\t\t<\/div>\n\t<\/div>\n<div class=\"vc_row wpb_row vc_row-fluid\" ><div class=\"wpb_column vc_column_container vc_col-sm-12\"><div class=\"vc_column-inner\"><div class=\"wpb_wrapper\"><div class=\"vc_btn3-container vc_btn3-inline\" ><button class=\"vc_general vc_btn3 vc_btn3-size-md vc_btn3-shape-rounded vc_btn3-style-modern vc_btn3-color-green\">RESERVAR AHORA<\/button><\/div><\/div><\/div><\/div><\/div><div class=\"vc_row wpb_row vc_row-fluid\" ><div class=\"wpb_column vc_column_container vc_col-sm-12\"><div class=\"vc_column-inner\"><div class=\"wpb_wrapper\">\n\t<div class=\"wpb_text_column wpb_content_element\" >\n\t\t<div class=\"wpb_wrapper\">\n\t\t\t<div class=\"vc_row wpb_row vc_row-fluid\">\n<div class=\"wpb_column vc_column_container vc_col-sm-12\">\n<div class=\"vc_column-inner\">\n<div class=\"wpb_wrapper\">\n<div class=\"wpb_text_column wpb_content_element\">\n<div class=\"wpb_wrapper\">\n<h3>Excursi\u00f3n Avistamiento de Ballenas Bah\u00eda Saman\u00e1 + Cayo Levantado desde Puerto Plata (Transporte Privado)<\/h3>\n<p>Partiendo desde Puerto Plata, Sosua o Cabarete. Lo recogemos en su lugar y lo llevamos a la Bah\u00eda de Saman\u00e1. Este viaje comienza en el puerto de Saman\u00e1 a las 9:00 a. m. y finaliza a las 5:00 p. m., pero podemos ser flexibles con el tiempo para llevarlo de regreso a su lugar.<\/p>\n<p>Luego abortaremos nuestro Catamar\u00e1n o Lancha para visitar las Ballenas en su propio h\u00e1bitat. Desde las 9:00 am hasta las 12:00 del mediod\u00eda Observatorio de ballenas. Luego de este viaje de avistamiento de ballenas visitaremos la Isla Bacard\u00ed \/ Cayo Levantado. En la Isla Bacard\u00ed se brindar\u00e1 almuerzo buffet al estilo t\u00edpico dominicano. Cuando termine el almuerzo se le permitir\u00e1 nadar hasta las 4:30 pm. El tour finalizar\u00e1 en el mismo puerto desde donde iniciar\u00e1 a las 5:00 pm.<\/p>\n<p><em><strong>Nota: este tour no es privado. Solo transporte privado desde Puerto Plata. Para un recorrido en barco privado, cont\u00e1ctenos.<\/strong><\/em><\/p>\n<ul>\n<li>Viaje de avistamiento de ballenas<\/li>\n<li>Recogida en zonas de Puerto Plata.<\/li>\n<li>Entradas al Observatorio<\/li>\n<li>Incluye Almuerzo Buffet en la playa<\/li>\n<li>Traslado en barco<\/li>\n<li>El Capit\u00e1n proporciona instrucci\u00f3n y Supervisi\u00f3n.<\/li>\n<li>Gu\u00eda tur\u00edstico<\/li>\n<\/ul>\n<p>&nbsp;<\/p>\n<h4><b>Inclusiones y Exclusiones<\/b><\/h4>\n<p>&nbsp;<\/p>\n<p><b>Inclusiones<\/b><\/p>\n<p>&nbsp;<\/p>\n<ol>\n<li>Almuerzo buffet en la playa<\/li>\n<li>Transferencia de coche<\/li>\n<li>Gu\u00eda tur\u00edstico en el viaje de avistamiento de ballenas<\/li>\n<li>Paseo en Catamar\u00e1n o Barco<\/li>\n<li>Todos los impuestos, tasas y gastos de tramitaci\u00f3n<\/li>\n<li>Impuestos locales<\/li>\n<li>Bebidas<\/li>\n<\/ol>\n<p><b>Exclusiones<\/b><\/p>\n<ol>\n<li>Propinas<\/li>\n<li>Bebidas alcoh\u00f3licas<\/li>\n<\/ol>\n<p>&nbsp;<\/p>\n<h4><em><strong>Salida y Regreso<\/strong><\/em><\/h4>\n<p>El viajero obtendr\u00e1 una hora de punto de encuentro despu\u00e9s del proceso de reserva. Los tours comienzan y terminan en nuestros puntos de encuentro.<\/p>\n<p>&nbsp;<\/p>\n<h4><b><i>\u00bfQue esperar?<\/i><\/b><\/h4>\n<p>&nbsp;<\/p>\n<p><em><strong>Consigue tus entradas<\/strong><\/em>\u00a0por un d\u00eda de avistamiento de ballenas en la bah\u00eda de Saman\u00e1 desde Sosua, Cabarete o cualquier \u00e1rea de Puerto Plata. evite el transporte con grupos grandes y disfrute de un maravilloso almuerzo y tiempo en la playa.<\/p>\n<p>El Daypass para avistamiento de ballenas desde Puerto Plata lo organiza \u201cBooking Adventures\u201d comienza en el punto de encuentro fijado con el por whatsapp o mail. Almuerzo en la playa y podr\u00e1s quedarte todo el tiempo que quieras nadando. Si eres vegano tambi\u00e9n podemos prepararte algo de comida.<\/p>\n<p><strong>Calendario:<\/strong><\/p>\n<p>De 5:45 a. m. a 4:00 p. m. El horario puede cambiar seg\u00fan sus necesidades.<\/p>\n<p>&nbsp;<\/p>\n<h4><em><strong>\u00bfQu\u00e9 debes traer?<\/strong><\/em><\/h4>\n<ul>\n<li>C\u00e1mara<\/li>\n<li>Cogollos repelentes<\/li>\n<li>crema solar<\/li>\n<li>Sombrero<\/li>\n<li>Pantalones c\u00f3modos<\/li>\n<li>Sandalias a la playa<\/li>\n<li>Vestido nadador<\/li>\n<li>Efectivo para souvenirs<\/li>\n<\/ul>\n<p>&nbsp;<\/p>\n<h4><b><i>Recogida en el hotel<\/i><\/b><\/h4>\n<p>Se ofrece recogida en el hotel para este tour.<\/p>\n<p>&nbsp;<\/p>\n<p><b>Nota:<\/b>\u00a0Si realiza la reserva dentro de las 24 horas anteriores a la hora de salida del tour\/excursi\u00f3n, haremos los arreglos necesarios para la recogida en el hotel. Una vez completada su compra, le enviaremos la informaci\u00f3n de contacto completa (n\u00famero de tel\u00e9fono, direcci\u00f3n de correo electr\u00f3nico, etc.) de nuestro gu\u00eda tur\u00edstico local para organizar los arreglos de recogida.<\/p>\n<h4><b><i>Confirmaci\u00f3n de informaci\u00f3n adicional<\/i><\/b><\/h4>\n<ol>\n<li>Los boletos son el Recibo despu\u00e9s de pagar este Tour. Puede mostrar el pago en su tel\u00e9fono.<\/li>\n<li>El Punto de Encuentro se recibir\u00e1 Luego del Proceso de Reserva.<\/li>\n<li>Los ni\u00f1os deben estar acompa\u00f1ados por un adulto.<\/li>\n<li>silla de ruedas accesible<\/li>\n<li>Los beb\u00e9s deben sentarse en el regazo<\/li>\n<li>La mayor\u00eda de los viajeros pueden participar<\/li>\n<\/ol>\n<h4><b><i>Pol\u00edtica de cancelaci\u00f3n<\/i><\/b><\/h4>\n<p>Para obtener un reembolso completo, cancele al menos 24 horas antes de la fecha de inicio de la experiencia.<\/p>\n<\/div>\n<\/div>\n<\/div>\n<\/div>\n<\/div>\n<\/div>\n<div class=\"vc_row wpb_row vc_row-fluid\">\n<div class=\"wpb_column vc_column_container vc_col-sm-12\">\n<div class=\"vc_column-inner\">\n<div class=\"wpb_wrapper\">\n<div class=\"wpb_text_column wpb_content_element\">\n<div class=\"wpb_wrapper\">\n<h4>\u00bfCont\u00e1ctenos?<\/h4>\n<h5><b><i>TOUR DE BALLENAS EN SAMAN\u00c1<\/i><\/b><\/h5>\n<p><em><strong>Locales<\/strong>\u00a0y\u00a0<strong>Nacionales<\/strong>\u00a0Gu\u00edas tur\u00edsticos y servicios para hu\u00e9spedes<\/em><\/p>\n<p><span class=\"text-turquoise\">Reservaciones:<\/span>\u00a0\u00a0Tours y Excursiones en Dom. Reps.<\/p>\n<p>\ud83d\udcde Tel \/ Whatsapp\u00a0\u00a0\u00a0<a href=\"tel: 1-809-720-6035\">+ 1-809-720-6035<\/a>\u00a0.<\/p>\n<p>\ud83d\udce9\u00a0<a href=\"mailto:info@bookingadventures.com.do\">info@bookingadventures.com.do<\/a><\/p>\n<p><strong>Somos tours privados con configuraci\u00f3n flexible por Whatsapp:\u00a0\u00a0<a href=\"tel: 18097206035\">+18097206035.<\/a><\/strong><\/p>\n<\/div>\n<\/div>\n<\/div>\n<\/div>\n<\/div>\n<\/div>\n\n\t\t<\/div>\n\t<\/div>\n<\/div><\/div><\/div><\/div>","protected":false},"excerpt":{"rendered":"<p>Desde Puerto Plata, Sosua o Cabarete hasta el puerto de la Bah\u00eda de Saman\u00e1. Con Gu\u00edas Tur\u00edsticos Naturalistas Profesionales en Avistamiento de Ballenas. Si deseas contactarnos para asesor\u00eda, email, Whatsapp o Llamadas disponibles.<\/p>\n<p>Por favor reserve sus boletos con anticipaci\u00f3n. Durante la temporada de ballenas hay muchas reservas y nos gustar\u00eda tener sus boletos seguros para usted. Establece lugar y horario de recogida con nosotros.<\/p>\n<p><em><strong>Selecciona la fecha de la excursi\u00f3n:<\/strong><\/em><\/p>\n<p>&nbsp;<\/p>","protected":false},"featured_media":13309,"template":"","meta":[],"product_cat":[947,655,859,657,658,659,660,661,662,663,664],"product_tag":[186,667,668,524,669,276,274,670],"class_list":["post-12043","product","type-product","status-publish","has-post-thumbnail","hentry","product_cat-1-puerto-plata","product_cat-1-samana","product_cat-puerto-plata-2021","product_cat-tours-excursions","product_cat-tours-excursions-whale-watching-samana-bay-dominican-republic","product_cat-whale-miches","product_cat-whale-sabana-de-la-mar","product_cat-whale-samana","product_cat-whale-watching","product_cat-whale-watching-puerto-plata","product_cat-whale-watching-punta-cana","product_tag-samana","product_tag-samana-tour","product_tag-whale","product_tag-whale-punta-cana","product_tag-whale-sabana-de-la-mar","product_tag-whale-samana","product_tag-whale-watching-dominican-republic","product_tag-whales-trips"],"_links":{"self":[{"href":"https:\/\/www.boattoursamana.com\/es\/wp-json\/wp\/v2\/product\/12043","targetHints":{"allow":["GET"]}}],"collection":[{"href":"https:\/\/www.boattoursamana.com\/es\/wp-json\/wp\/v2\/product"}],"about":[{"href":"https:\/\/www.boattoursamana.com\/es\/wp-json\/wp\/v2\/types\/product"}],"wp:featuredmedia":[{"embeddable":true,"href":"https:\/\/www.boattoursamana.com\/es\/wp-json\/wp\/v2\/media\/13309"}],"wp:attachment":[{"href":"https:\/\/www.boattoursamana.com\/es\/wp-json\/wp\/v2\/media?parent=12043"}],"wp:term":[{"taxonomy":"product_cat","embeddable":true,"href":"https:\/\/www.boattoursamana.com\/es\/wp-json\/wp\/v2\/product_cat?post=12043"},{"taxonomy":"product_tag","embeddable":true,"href":"https:\/\/www.boattoursamana.com\/es\/wp-json\/wp\/v2\/product_tag?post=12043"}],"curies":[{"name":"wp","href":"https:\/\/api.w.org\/{rel}","templated":true}]}}