{"id":12429,"date":"2021-03-22T09:20:50","date_gmt":"2021-03-22T09:20:50","guid":{"rendered":"https:\/\/www.ticketswhales.com\/?post_type=product&#038;p=12429"},"modified":"2023-11-07T20:41:22","modified_gmt":"2023-11-07T20:41:22","slug":"los-haitises-mountain-bike-private-boat-trip","status":"publish","type":"product","link":"https:\/\/www.boattoursamana.com\/es\/recorrido\/los-haitises-bicicleta-de-montana-viaje-en-barco-privado-2","title":{"rendered":"Los Haitises Mountain Bike + Paseo Privado en Barco"},"content":{"rendered":"<div class=\"wpb_column vc_column_container vc_col-sm-12\"><div class=\"vc_column-inner\"><div class=\"wpb_wrapper\"><\/div><\/div><\/div><div class=\"wpb_column vc_column_container vc_col-sm-12\"><div class=\"vc_column-inner\"><div class=\"wpb_wrapper\"><\/div><\/div><\/div><div class=\"wpb_column vc_column_container vc_col-sm-12\"><div class=\"vc_column-inner\"><div class=\"wpb_wrapper\"><\/div><\/div><\/div><div class=\"wpb_column vc_column_container vc_col-sm-12\"><div class=\"vc_column-inner\"><div class=\"wpb_wrapper\"><\/div><\/div><\/div><div class=\"vc_row wpb_row vc_row-fluid\" ><div class=\"wpb_column vc_column_container vc_col-sm-12\"><div class=\"vc_column-inner\"><div class=\"wpb_wrapper\">\n\t<div class=\"wpb_text_column wpb_content_element\" >\n\t\t<div class=\"wpb_wrapper\">\n\t\t\t<div class=\"vc_row wpb_row vc_row-fluid\">\n<div class=\"wpb_column vc_column_container vc_col-sm-12\">\n<div class=\"vc_column-inner\">\n<div class=\"wpb_wrapper\">\n<div class=\"mkdf-section-title-holder\">\n<div class=\"mkdf-st-inner\">\n<h5 class=\"mkdf-st-subtitle\">Bicicleta, Manglares, Paseo en Bote, Cuevas y M\u00e1s.<\/h5>\n<h3 class=\"mkdf-st-title\">Los Haitises Mountain Bike + Paseo Privado en Barco<\/h3>\n<\/div>\n<\/div>\n<\/div>\n<\/div>\n<\/div>\n<\/div>\n<div class=\"vc_row wpb_row vc_row-fluid\">\n<div class=\"wpb_column vc_column_container vc_col-sm-12\">\n<div class=\"vc_column-inner\">\n<div class=\"wpb_wrapper\">\n<div class=\"vc_empty_space\"><\/div>\n<\/div>\n<\/div>\n<\/div>\n<\/div>\n<div class=\"vc_row wpb_row vc_row-fluid\">\n<div class=\"wpb_column vc_column_container vc_col-sm-12\">\n<div class=\"vc_column-inner\">\n<div class=\"wpb_wrapper\">\n<div class=\"wpb_text_column wpb_content_element\">\n<div class=\"wpb_wrapper\">\n<h5><strong>Descripci\u00f3n general<\/strong><\/h5>\n<p>Viaje con un experto local y obtenga la experiencia \u00fanica de andar en bicicleta desde Sabana de la Mar, este recorrido lo llevar\u00e1 a ver el hermoso paisaje del campo de la Rep\u00fablica Dominicana. \u00a1Mientras montas en bicicleta podr\u00e1s saludar! los agricultores montan sus caballos o motos a su propiedad y durante el recorrido, podr\u00e1 emerger en la aventura y la cultura local de Sabana de la Mar. Algunos datos sobre Los Haitises: es una de las formaciones de piedra caliza m\u00e1s grande del mundo, un lugar para la conservaci\u00f3n de especies end\u00e9micas, Ubicaci\u00f3n con la mayor parte de la biodiversidad de la isla y all\u00ed se encuentra uno de los bosques de manglares m\u00e1s grandes de Quisqueya.<\/p>\n<p>&nbsp;<\/p>\n<p><strong>Inclusiones y Exclusiones<\/strong><\/p>\n<p>&nbsp;<\/p>\n<p><strong>Inclusiones<\/strong><\/p>\n<p>ciclismo<\/p>\n<p>Barco de turismo<\/p>\n<p>Meriendas<\/p>\n<p>1 botella de agua<\/p>\n<p>Botiqu\u00edn de primeros auxilios<\/p>\n<p>Todos los impuestos, tasas y gastos de tramitaci\u00f3n<\/p>\n<p>Impuestos locales<\/p>\n<p>Oficiales Ecologistas gu\u00edas tur\u00edsticos Ingl\u00e9s\/Espa\u00f1ol<\/p>\n<p>&nbsp;<\/p>\n<p><strong>Exclusiones<\/strong><\/p>\n<p>Propinas<\/p>\n<p>Transferir<\/p>\n<p>Bebida<\/p>\n<p>&nbsp;<\/p>\n<p>&nbsp;<\/p>\n<p>Salida y Regreso<\/p>\n<p>&nbsp;<\/p>\n<p>El tour, organizado por \u201cBooking Adventures\u201d comienza en el punto de encuentro fijado con el Gu\u00eda Tur\u00edstico. El viajero obtendr\u00e1 un punto de encuentro despu\u00e9s del Proceso de Reserva. Los tours comienzan y terminan en nuestros puntos de encuentro.<\/p>\n<p>&nbsp;<\/p>\n<p>\u00bfQue esperar?<\/p>\n<p>Adquiere tu boleto para Ciclismo y Canotaje desde Sabana de la Mar<\/p>\n<p>&nbsp;<\/p>\n<p>Esta excursi\u00f3n comienza desde el punto de encuentro que debe confirmar con nuestros agentes de viajes o su gu\u00eda tur\u00edstico antes de dirigirse a cualquier lugar. Una vez que conozca a su gu\u00eda, habr\u00e1 informado sobre el recorrido y todo lo relacionado con su d\u00eda.<\/p>\n<p>&nbsp;<\/p>\n<p>Cuando todos est\u00e9n listos, nos dirigiremos al puerto del Parque Nacional Los Haitises, donde comenzar\u00e1 a navegar en el r\u00edo Ca\u00f1o Hondo, que termina en la Bah\u00eda de San Lorenzo, esta es una peque\u00f1a bah\u00eda de solo 10 Km2 y durante dos horas usted mismo emerger\u00e1 en los diferentes ecosistemas de Los Haitises.<\/p>\n<p>&nbsp;<\/p>\n<p>Durante esta parte de su viaje, navegar\u00e1 alrededor del bosque de manglares, que es el segundo m\u00e1s grande de la isla con m\u00e1s de 90 Km2 y cuando llegue a la Bah\u00eda de San Lorenzo, ver\u00e1 la Pen\u00ednsula y la Bah\u00eda de Saman\u00e1.<\/p>\n<p>&nbsp;<\/p>\n<p>Mientras est\u00e1 all\u00ed, existe la posibilidad de ver algunos delfines, aves como la garza azul, la garza real, los cuervos, el pel\u00edcano pardo, el charr\u00e1n real, la fragata magn\u00edfica y las vistas \u00fanicas del Parque Nacional Los Haitises. Luego de 4 horas y media de actividades en el Parque Nacional Los Haitises y Sabana de la Mar, esta excursi\u00f3n finaliza en el mismo lugar donde se inici\u00f3.<\/p>\n<p>&nbsp;<\/p>\n<p>Nota: Estos tours son con gu\u00edas tur\u00edsticos Ecologistas Oficiales. Favor de reservar con tiempo porque en el parque no hay demasiados especialistas.<\/p>\n<p>&nbsp;<\/p>\n<p>&nbsp;<\/p>\n<p>\u00bfQu\u00e9 debes traer?<\/p>\n<ul>\n<li aria-level=\"1\">C\u00e1mara<\/li>\n<li aria-level=\"1\">Cogollos repelentes<\/li>\n<li aria-level=\"1\">crema solar<\/li>\n<li aria-level=\"1\">Sombrero<\/li>\n<li aria-level=\"1\">Pantalones c\u00f3modos<\/li>\n<li aria-level=\"1\">Zapatos para correr<\/li>\n<li aria-level=\"1\">Sandalias para el kayak<\/li>\n<li aria-level=\"1\">Vestido nadador<\/li>\n<li aria-level=\"1\">Toallas<\/li>\n<\/ul>\n<p>&nbsp;<\/p>\n<h4><b><i>Recogida en el hotel<\/i><\/b><\/h4>\n<p>No se ofrece recogida en el hotel para este tour.<\/p>\n<p>&nbsp;<\/p>\n<p><b>Nota:<\/b>\u00a0Si realiza la reserva dentro de las 24 horas anteriores a la hora de salida del tour\/excursi\u00f3n, podemos organizar la recogida en el hotel con cargos adicionales. Una vez que se complete su compra, le enviaremos la informaci\u00f3n de contacto completa (n\u00famero de tel\u00e9fono, direcci\u00f3n de correo electr\u00f3nico, etc.) para que nuestro gu\u00eda tur\u00edstico local organice los arreglos de recogida.<\/p>\n<h4><b><i>Confirmaci\u00f3n de informaci\u00f3n adicional<\/i><\/b><\/h4>\n<ol>\n<li>Los boletos son el Recibo despu\u00e9s de pagar por este Tour. Puede mostrar el pago en su tel\u00e9fono.<\/li>\n<li>El Punto de Encuentro se recibir\u00e1 Despu\u00e9s del Proceso de Reserva.<\/li>\n<li>Los ni\u00f1os deben estar acompa\u00f1ados por un adulto.<\/li>\n<li>No accesible para sillas de ruedas<\/li>\n<li>Los beb\u00e9s deben sentarse en el regazo<\/li>\n<li>No recomendado para viajeros con problemas de espalda.<\/li>\n<li>No recomendado para viajeros embarazadas.<\/li>\n<li>Sin problemas card\u00edacos u otras condiciones m\u00e9dicas graves.<\/li>\n<li>La mayor\u00eda de los viajeros pueden participar<\/li>\n<\/ol>\n<h4><b><i>Pol\u00edtica de cancelaci\u00f3n<\/i><\/b><\/h4>\n<p>Para obtener un reembolso completo, cancele al menos 24 horas antes de la fecha de inicio de la experiencia.<\/p>\n<\/div>\n<\/div>\n<\/div>\n<\/div>\n<\/div>\n<\/div>\n<div class=\"vc_row wpb_row vc_row-fluid\">\n<div class=\"wpb_column vc_column_container vc_col-sm-12\">\n<div class=\"vc_column-inner\">\n<div class=\"wpb_wrapper\">\n<div class=\"vc_empty_space\"><\/div>\n<div class=\"wpb_text_column wpb_content_element\">\n<div class=\"wpb_wrapper\">\n<h4>\u00bfCont\u00e1ctenos?<\/h4>\n<h5>Reservando Aventuras<\/h5>\n<p><em><strong>Locales<\/strong>\u00a0y\u00a0<strong>Nacionales<\/strong>\u00a0Gu\u00edas tur\u00edsticos y servicios para hu\u00e9spedes<\/em><\/p>\n<p><span class=\"text-turquoise\">Reservas:<\/span>\u00a0Tours y Excursiones en Dom. Reps.<\/p>\n<p>\ud83d\udcde Tel \/ Whatsapp\u00a0\u00a0<a href=\"tel:+1-809-720-6035\">+1-809-720-6035<\/a>.<\/p>\n<p>\ud83d\udce9\u00a0<a href=\"mailto:info@bookingadventures.com.do\">info@bookingadventures.com.do<\/a><\/p>\n<p><strong>Somos Tours Privados de Ambiente Flexible por Whatsapp:\u00a0<a href=\"tel:+18097206035\">+18097206035.<\/a><\/strong><\/p>\n<\/div>\n<\/div>\n<\/div>\n<\/div>\n<\/div>\n<\/div>\n\n\t\t<\/div>\n\t<\/div>\n<\/div><\/div><\/div><\/div>","protected":false},"excerpt":{"rendered":"<p>Viaje con un experto local y viva la experiencia \u00fanica de andar en bicicleta desde Sabana de la Mar, este recorrido lo llevar\u00e1 a ver el hermoso paisaje del campo de la Rep\u00fablica Dominicana. \u00a1Mientras andas en bicicleta podr\u00e1s saludar! los agricultores viajan a caballo o en motocicleta a su propiedad y durante el recorrido, usted podr\u00e1 sumergirse en la aventura y la cultura local de Sabana de la Mar. \u00a1Experiencia \u00fanica en bicicleta de monta\u00f1a!<\/p>\n<p>&nbsp;<\/p>\n<p><strong>Seleccione la fecha para el Tour:<\/strong><\/p>","protected":false},"featured_media":12738,"template":"","meta":[],"product_cat":[870,946,928,838,930,254,255],"product_tag":[176,211,192,171,209,426,327,175,199,200],"class_list":["post-12429","product","type-product","status-publish","has-post-thumbnail","hentry","product_cat-private-boat-trip-los-haitises","product_cat-1-sabana-de-la-mar","product_cat-boat-trip-los-haitises","product_cat-mangroves-projects","product_cat-mountain-bike-los-haitises","product_cat-tours-excursions-los-haitises-national-park","product_cat-tours-excursions-samana-bay-dominican-republic","product_tag-cano-hondo","product_tag-cano-hondo-hotel","product_tag-day-tour-cano-hondo","product_tag-los-haitises","product_tag-los-haitises-national-park","product_tag-los-haitises-tours","product_tag-private-tours-samana","product_tag-sabana-de-la-mar","product_tag-samana-bay","product_tag-samana-excursions"],"_links":{"self":[{"href":"https:\/\/www.boattoursamana.com\/es\/wp-json\/wp\/v2\/product\/12429","targetHints":{"allow":["GET"]}}],"collection":[{"href":"https:\/\/www.boattoursamana.com\/es\/wp-json\/wp\/v2\/product"}],"about":[{"href":"https:\/\/www.boattoursamana.com\/es\/wp-json\/wp\/v2\/types\/product"}],"wp:featuredmedia":[{"embeddable":true,"href":"https:\/\/www.boattoursamana.com\/es\/wp-json\/wp\/v2\/media\/12738"}],"wp:attachment":[{"href":"https:\/\/www.boattoursamana.com\/es\/wp-json\/wp\/v2\/media?parent=12429"}],"wp:term":[{"taxonomy":"product_cat","embeddable":true,"href":"https:\/\/www.boattoursamana.com\/es\/wp-json\/wp\/v2\/product_cat?post=12429"},{"taxonomy":"product_tag","embeddable":true,"href":"https:\/\/www.boattoursamana.com\/es\/wp-json\/wp\/v2\/product_tag?post=12429"}],"curies":[{"name":"wp","href":"https:\/\/api.w.org\/{rel}","templated":true}]}}