{"id":12453,"date":"2021-03-27T19:17:04","date_gmt":"2021-03-27T19:17:04","guid":{"rendered":"https:\/\/www.ticketswhales.com\/?post_type=product&#038;p=12453"},"modified":"2023-11-07T20:26:43","modified_gmt":"2023-11-07T20:26:43","slug":"los-haitises-tainos-canoe-mountain-bike-tour","status":"publish","type":"product","link":"https:\/\/www.boattoursamana.com\/es\/recorrido\/los-haitises-tainos-canoa-mountain-bike-tour","title":{"rendered":"Mountain Bikes + Canoa Taino Los Haitises"},"content":{"rendered":"<div class=\"vc_row wpb_row vc_row-fluid\" ><div class=\"wpb_column vc_column_container vc_col-sm-12\"><div class=\"vc_column-inner\"><div class=\"wpb_wrapper\"><div class=\"vc_btn3-container vc_btn3-inline\" ><button class=\"vc_general vc_btn3 vc_btn3-size-md vc_btn3-shape-rounded vc_btn3-style-modern vc_btn3-color-green\">RESERVAR AHORA<\/button><\/div>\n\t<div class=\"wpb_text_column wpb_content_element\" >\n\t\t<div class=\"wpb_wrapper\">\n\t\t\t<p><span style=\"vertical-align: inherit;\"><span style=\"vertical-align: inherit;\"><\/p>\n\n\t\t<\/div>\n\t<\/div>\n\n\t<div class=\"wpb_text_column wpb_content_element\" >\n\t\t<div class=\"wpb_wrapper\">\n\t\t\t<p><\/span><\/span><\/p>\n<h2>Mountain Bikes + Canoa Taino Los Haitises<\/h2>\n<p>&nbsp;<\/p>\n<p>Viaje con un experto local y obtenga la experiencia \u00fanica de andar en bicicleta desde Sabana de la Mar, este recorrido lo llevar\u00e1 a ver el hermoso paisaje del campo de la Rep\u00fablica Dominicana. \u00a1Mientras montas en bicicleta podr\u00e1s saludar! a los agricultores montando sus caballos o motos a su propiedad y durante el recorrido, podr\u00e1 emerger en la aventura y la cultura local de Sabana de la Mar. Algunos datos sobre Los Haitises: es una de las formaciones calizas m\u00e1s grandes del mundo, un lugar para la conservaci\u00f3n de especies end\u00e9micas, Lugar con la mayor parte de la biodiversidad de la isla, se encuentra uno de los bosques de manglares m\u00e1s grandes de Quisqueya y la cueva con m\u00e1s pictograf\u00eda del Caribe.<\/p>\n<p>\u00bfTienes curiosidad por la vida cotidiana de los ta\u00ednos? Con la actividad Taino Adventure, ser\u00e1s transportado en el tiempo para experimentar el mundo de los pueblos ind\u00edgenas de la Rep\u00fablica Dominicana.<\/p>\n<p>Podr\u00eda decirse que la canoa era la parte m\u00e1s importante de la vida de los ta\u00ednos. Con \u00e9l, pescaron, viajaron a islas m\u00e1s peque\u00f1as, se comunicaron con otras tribus y visitaron a los chamanes para realizar rituales, curar y profetizar. En Booking Adventures queremos sumergirte en el mundo de los ta\u00ednos.<\/p>\n<p>&nbsp;<\/p>\n<h4><a id=\"inclusions-exclusions\" class=\"aal_anchor\" href=\"https:\/\/bookingadventures.com.do\/dominicantour\/mountain-bikes-tainos-canoe-los-haitises\/#inclusions-exclusions\" aria-hidden=\"true\" rel=\"noopener\"><\/a><b>Inclusiones y Exclusiones<\/b><\/h4>\n<p><b>Inclusiones<\/b><\/p>\n<ol>\n<li>Paseo en canoas<\/li>\n<li>bicicletas de monta\u00f1a<\/li>\n<li>Camiseta Gratis con Pictograma Ta\u00edno<\/li>\n<li>Sabor a pan casabe<\/li>\n<li>Visitas a cuevas<\/li>\n<li>Todos los impuestos, tasas y gastos de tramitaci\u00f3n<\/li>\n<li>Impuestos locales<\/li>\n<li>Gu\u00eda local<\/li>\n<\/ol>\n<p><b>Exclusiones<\/b><\/p>\n<ol>\n<li>Propinas<\/li>\n<li>Transferir<\/li>\n<li>El almuerzo no est\u00e1 incluido.<\/li>\n<li>Bebidas alcoh\u00f3licas<\/li>\n<\/ol>\n<p>&nbsp;<\/p>\n<h4><a id=\"departure-return\" class=\"aal_anchor\" href=\"https:\/\/bookingadventures.com.do\/dominicantour\/mountain-bikes-tainos-canoe-los-haitises\/#departure-return\" aria-hidden=\"true\" rel=\"noopener\"><\/a><em><strong>Salida y Regreso<\/strong><\/em><\/h4>\n<p>El viajero obtendr\u00e1 un punto de encuentro despu\u00e9s del Proceso de Reserva. Los tours comienzan y terminan en nuestros puntos de encuentro.<\/p>\n<h4><a id=\"what-to-expect\" class=\"aal_anchor\" href=\"https:\/\/bookingadventures.com.do\/dominicantour\/mountain-bikes-tainos-canoe-los-haitises\/#what-to-expect\" aria-hidden=\"true\" rel=\"noopener\"><\/a><b><i>\u00bfQue esperar?<\/i><\/b><\/h4>\n<p>En esta actividad, te embarcar\u00e1s en las canoas artesanales, tal como lo hac\u00edan los ta\u00ednos. Escuchar\u00e1 muchos de los sonidos que marcaron su conexi\u00f3n con la naturaleza: la llamada de las grullas, el chapuz\u00f3n de los cangrejos en el agua y el suave chapoteo de las olas contra las formaciones rocosas naturales. Los arcos de las ra\u00edces de los manglares te recordar\u00e1n a las catedrales y, de hecho, los ta\u00ednos (aunque no ten\u00edan iglesias) eran profundamente espirituales. Una vez que hayas salido con nuestro gu\u00eda, disfrutar\u00e1s de la rica variedad de aves, reptiles y peces de los manglares. Deslumbrado por el brillo de las olas gui\u00f1ando la luz de la ma\u00f1ana, las monta\u00f1as de Saman\u00e1 a lo lejos, y el verde esmeralda de las palmeras meci\u00e9ndose.<\/p>\n<p>A continuaci\u00f3n, podr\u00e1 visitar algunas de las cuevas que fueron especialmente importantes para los ta\u00ednos. Viajaban de cueva en cueva para visitar a los reyes magos, refugiarse de los huracanes y ser puntos de encuentro con otras tribus. Una vez que est\u00e9s en las cuevas, podr\u00e1s apreciar el silencio y el aura sagrada del espacio. Ver\u00e1s algunos de los grabados en roca, llamados petroglifos, que representan a sus deidades y esp\u00edritus. Finalmente, podr\u00e1 probar algunas de las mismas frutas tropicales que recolectaron los ta\u00ednos antes de regresar al punto de encuentro.<\/p>\n<p>En este recorrido, nuestros gu\u00edas expertos describir\u00e1n los m\u00faltiples usos de la canoa, c\u00f3mo viv\u00edan los ta\u00ednos antes de la \u00e9poca de Col\u00f3n y c\u00f3mo el bosque de manglares es esencial para la salud del medio ambiente.<\/p>\n<p>&nbsp;<\/p>\n<h4><a id=\"what-you-should-bring\" class=\"aal_anchor\" href=\"https:\/\/bookingadventures.com.do\/dominicantour\/mountain-bikes-tainos-canoe-los-haitises\/#what-you-should-bring\" aria-hidden=\"true\" rel=\"noopener\"><\/a><em><strong>\u00bfQu\u00e9 debes traer?<\/strong><\/em><\/h4>\n<ul>\n<li>C\u00e1mara<\/li>\n<li>Cogollos repelentes<\/li>\n<li>crema solar<\/li>\n<li>Sombrero<\/li>\n<li>Pantalones c\u00f3modos<\/li>\n<li>Sandalias o Zapatos para zonas con barro.<\/li>\n<li>Vestido nadador<\/li>\n<\/ul>\n<p>&nbsp;<\/p>\n<h4><a id=\"hotel-pickup\" class=\"aal_anchor\" href=\"https:\/\/bookingadventures.com.do\/dominicantour\/mountain-bikes-tainos-canoe-los-haitises\/#hotel-pickup\" aria-hidden=\"true\" rel=\"noopener\"><\/a><b><i>Recogida en el hotel<\/i><\/b><\/h4>\n<p>No se ofrece recogida en el hotel para este tour.<\/p>\n<p><b>Nota:<\/b>\u00a0Si realiza la reserva dentro de las 24 horas anteriores a la hora de salida del tour\/excursi\u00f3n, podemos organizar la recogida en el hotel con cargos adicionales. Una vez que se complete su compra, le enviaremos la informaci\u00f3n de contacto completa (n\u00famero de tel\u00e9fono, direcci\u00f3n de correo electr\u00f3nico, etc.) para que nuestro gu\u00eda tur\u00edstico local organice los arreglos de recogida.<\/p>\n<h4><a id=\"additional-info-confirmation\" class=\"aal_anchor\" href=\"https:\/\/bookingadventures.com.do\/dominicantour\/mountain-bikes-tainos-canoe-los-haitises\/#additional-info-confirmation\" aria-hidden=\"true\" rel=\"noopener\"><\/a><b><i>Confirmaci\u00f3n de informaci\u00f3n adicional<\/i><\/b><\/h4>\n<ol>\n<li>Los boletos son el Recibo despu\u00e9s de pagar por este Tour. Puede mostrar el pago en su tel\u00e9fono.<\/li>\n<li>El Punto de Encuentro se recibir\u00e1 Despu\u00e9s del Proceso de Reserva.<\/li>\n<li>Los ni\u00f1os deben estar acompa\u00f1ados por un adulto.<\/li>\n<li>No accesible para sillas de ruedas<\/li>\n<li>Los beb\u00e9s deben sentarse en el regazo<\/li>\n<li>No recomendado para viajeros con problemas de espalda.<\/li>\n<li>No recomendado para viajeros embarazadas.<\/li>\n<li>Sin problemas card\u00edacos u otras condiciones m\u00e9dicas graves.<\/li>\n<li>La mayor\u00eda de los viajeros pueden participar<\/li>\n<\/ol>\n\n\t\t<\/div>\n\t<\/div>\n<\/div><\/div><\/div><\/div><div class=\"wpb_column vc_column_container vc_col-sm-12\"><div class=\"vc_column-inner\"><div class=\"wpb_wrapper\"><\/div><\/div><\/div><div class=\"wpb_column vc_column_container vc_col-sm-12\"><div class=\"vc_column-inner\"><div class=\"wpb_wrapper\"><\/div><\/div><\/div><div class=\"wpb_column vc_column_container vc_col-sm-12\"><div class=\"vc_column-inner\"><div class=\"wpb_wrapper\"><\/div><\/div><\/div><div class=\"wpb_column vc_column_container vc_col-sm-12\"><div class=\"vc_column-inner\"><div class=\"wpb_wrapper\"><\/div><\/div><\/div><div class=\"wpb_column vc_column_container vc_col-sm-12\"><div class=\"vc_column-inner\"><div class=\"wpb_wrapper\"><\/div><\/div><\/div>","protected":false},"excerpt":{"rendered":"<p><span style=\"font-weight: 400;\"><span style=\"vertical-align: inherit;\"><span style=\"vertical-align: inherit;\">En esta actividad navegar\u00e1s en canoas hechas a mano, tal como lo hac\u00edan los ta\u00ednos. Escuchar\u00e1 muchos de los sonidos que marcaron su conexi\u00f3n con la naturaleza: el canto de las grullas, el chapuz\u00f3n de los cangrejos en el agua y el suave chapoteo de las olas contra las formaciones rocosas naturales. Los arcos de ra\u00edces de manglares te recordar\u00e1n a las catedrales, y de hecho, los ta\u00ednos (aunque no ten\u00edan iglesias) eran profundamente espirituales. <\/span><\/span><\/span><\/p>\n<p><span style=\"font-weight: 400;\"><span style=\"vertical-align: inherit;\"><span style=\"vertical-align: inherit;\"> Una vez que haya partido con nuestro gu\u00eda, disfrutar\u00e1 de la rica variedad de aves, reptiles y peces en los manglares. Deslumbrado por el brillo de las olas titilantes a la luz de la ma\u00f1ana, las monta\u00f1as de Saman\u00e1 a lo lejos y el verde esmeralda de las palmeras meci\u00e9ndose.\u00a0<\/span><\/span><\/span><\/p>\n<p><strong>Seleccione la fecha para el Tour:<\/strong><\/p>","protected":false},"featured_media":12221,"template":"","meta":[],"product_cat":[838,946,867,930,926,254,255],"product_tag":[176,211,868,869,192,319,208,206,207,171,877,209,426,837,327,175,199,200],"class_list":["post-12453","product","type-product","status-publish","has-post-thumbnail","hentry","product_cat-mangroves-projects","product_cat-1-sabana-de-la-mar","product_cat-los-haitises","product_cat-mountain-bike-los-haitises","product_cat-tainos-canoes","product_cat-tours-excursions-los-haitises-national-park","product_cat-tours-excursions-samana-bay-dominican-republic","product_tag-cano-hondo","product_tag-cano-hondo-hotel","product_tag-canoes","product_tag-canoes-dominican-republic","product_tag-day-tour-cano-hondo","product_tag-kayak-dominican-republic","product_tag-kayaking-dominican-republic","product_tag-kayaking-los-haitises","product_tag-kayaks","product_tag-los-haitises","product_tag-los-haitises-mountain-bike","product_tag-los-haitises-national-park","product_tag-los-haitises-tours","product_tag-mangroves-reforestation-in-los-haitises-with-locals","product_tag-private-tours-samana","product_tag-sabana-de-la-mar","product_tag-samana-bay","product_tag-samana-excursions"],"_links":{"self":[{"href":"https:\/\/www.boattoursamana.com\/es\/wp-json\/wp\/v2\/product\/12453","targetHints":{"allow":["GET"]}}],"collection":[{"href":"https:\/\/www.boattoursamana.com\/es\/wp-json\/wp\/v2\/product"}],"about":[{"href":"https:\/\/www.boattoursamana.com\/es\/wp-json\/wp\/v2\/types\/product"}],"wp:featuredmedia":[{"embeddable":true,"href":"https:\/\/www.boattoursamana.com\/es\/wp-json\/wp\/v2\/media\/12221"}],"wp:attachment":[{"href":"https:\/\/www.boattoursamana.com\/es\/wp-json\/wp\/v2\/media?parent=12453"}],"wp:term":[{"taxonomy":"product_cat","embeddable":true,"href":"https:\/\/www.boattoursamana.com\/es\/wp-json\/wp\/v2\/product_cat?post=12453"},{"taxonomy":"product_tag","embeddable":true,"href":"https:\/\/www.boattoursamana.com\/es\/wp-json\/wp\/v2\/product_tag?post=12453"}],"curies":[{"name":"wp","href":"https:\/\/api.w.org\/{rel}","templated":true}]}}