{"id":12607,"date":"2021-07-16T05:50:21","date_gmt":"2021-07-16T05:50:21","guid":{"rendered":"https:\/\/www.ticketswhales.com\/?post_type=product&#038;p=12607"},"modified":"2023-10-06T11:35:26","modified_gmt":"2023-10-06T11:35:26","slug":"los-haitises-kayaking-boat-trip-caves-and-swimming-at-private-beach-all-in-one","status":"publish","type":"product","link":"https:\/\/www.boattoursamana.com\/es\/recorrido\/los-haitises-kayak-barco-paseo-cuevas-y-bano-en-playa-privada-todo-en-uno-2","title":{"rendered":"Los Haitises Kayak + Paseo en Bote + Cuevas y Ba\u00f1o en Playa Privada (Todo en Uno)."},"content":{"rendered":"<div class=\"vc_row wpb_row vc_row-fluid\" ><div class=\"wpb_column vc_column_container vc_col-sm-12\"><div class=\"vc_column-inner\"><div class=\"wpb_wrapper\"><div class=\"vc_btn3-container vc_btn3-inline\" ><button class=\"vc_general vc_btn3 vc_btn3-size-md vc_btn3-shape-rounded vc_btn3-style-modern vc_btn3-color-green\">RESERVAR AHORA<\/button><\/div>\n\t<div class=\"wpb_text_column wpb_content_element\" >\n\t\t<div class=\"wpb_wrapper\">\n\t\t\t<h4><b><i>Descripci\u00f3n general <\/i><\/b><\/h4>\n<p><span style=\"font-weight: 400;\">Esc\u00e1pate de la ciudad para sumergirte en el ecoturismo de la provincia de Hato Mayor, la primera provincia ecotur\u00edstica de Rep\u00fablica Dominicana. Ven con nosotros y disfruta de las frescas aguas de una de las playas inexploradas de Los Haitises, donde se encuentra la Bah\u00eda de San Lorenzo. El lugar es accesible en bote, rodeado de selva tropical y bosque de manglares. Mientras navegas entrar\u00e1s en contacto con la naturaleza y el inolvidable paisaje de este parque nacional. Este tour ser\u00e1 una mezcla de kayak, canotaje, visitar una cueva y nadar en uno de los parques nacionales m\u00e1s importantes del pa\u00eds, aqu\u00ed se encuentra la mayor parte de la biodiversidad de la isla y el segundo bosque de manglares m\u00e1s grande con m\u00e1s de 98 km2.\u00a0<\/span><\/p>\n<p>&nbsp;<\/p>\n<p><span style=\"font-weight: 400;\">Nuestro personal local y experto se asegurar\u00e1 de que realmente conozcas la cultura ta\u00edna, su historia en Los Haitises y su conexi\u00f3n con la naturaleza. Este tour es en modalidad ecotur\u00edstica donde la comunidad juega un papel muy importante, son gu\u00edas, capitanes de embarcaciones y choferes.<\/span><\/p>\n<p>&nbsp;<\/p>\n<p><span style=\"font-weight: 400;\">La prioridad de Booking Adventure es asegurarse de que obtenga lo mejor de lo mejor, desde el momento en que compra el boleto hasta que finaliza su viaje. Nuestros tours se enfocan en la educaci\u00f3n ambiental, la aventura y la historia local y durante este viaje podr\u00e1s ver un poco de todo.\u00a0<\/span><\/p>\n<h3><span style=\"font-weight: 400;\">Inclusiones y Exclusiones<\/span><\/h3>\n<h6><strong>Inclusiones<\/strong><\/h6>\n<ul>\n<li><span style=\"font-weight: 400;\">barco y capit\u00e1n\u00a0<\/span><\/li>\n<li><span style=\"font-weight: 400;\">kayaks\u00a0<\/span><\/li>\n<li><span style=\"font-weight: 400;\">Snacks (agua, frutas, s\u00e1ndwiches y refrescos)<\/span><\/li>\n<li><span style=\"font-weight: 400;\">Todos los impuestos, tasas y gastos de tramitaci\u00f3n<\/span><\/li>\n<li><span style=\"font-weight: 400;\">Impuestos locales<\/span><\/li>\n<li><span style=\"font-weight: 400;\">Oficiales Ecologistas gu\u00edas tur\u00edsticos Ingl\u00e9s\/Espa\u00f1ol<\/span><\/li>\n<li><span style=\"font-weight: 400;\">Piscinas Naturales y Playa Inexplorada\u00a0<\/span><\/li>\n<li><span style=\"font-weight: 400;\">una cueva\u00a0<\/span><\/li>\n<\/ul>\n<p>&nbsp;<\/p>\n<h6><strong>Exclusiones<\/strong><\/h6>\n<p>&nbsp;<\/p>\n<ul>\n<li><span style=\"font-weight: 400;\">Propinas<\/span><\/li>\n<li><span style=\"font-weight: 400;\">Bebida<\/span><\/li>\n<li><span style=\"font-weight: 400;\">Transferir\u00a0<\/span><\/li>\n<\/ul>\n<p><span style=\"font-weight: 400;\">\u00a0<\/span><\/p>\n<h6><strong>Salida y Regreso<\/strong><\/h6>\n<p>&nbsp;<\/p>\n<p><span style=\"font-weight: 400;\">El tour, organizado por \u201cBooking Adventures\u201d comienza en el punto de encuentro establecido con el Gu\u00eda Tur\u00edstico o miembro del Staff. El viajero obtendr\u00e1 un punto de encuentro despu\u00e9s del Proceso de Reserva. Los tours comienzan y terminan en nuestros puntos de encuentro.<\/span><\/p>\n<h2>Los Haitises Kayak + Paseo en Barco + Cuevas y Playa para nadar (Todo en Uno).<\/h2>\n<p><span style=\"font-weight: 400;\">\u00bfQue esperar?<\/span><\/p>\n<p>&nbsp;<\/p>\n<p><span style=\"font-weight: 400;\">Adquiere tu boleto para el Tour Eco-Aventura Parque Nacional Los Haitises Todo En Uno\u00a0<\/span><\/p>\n<p>&nbsp;<\/p>\n<p><span style=\"font-weight: 400;\">Esta excursi\u00f3n comienza desde un punto de encuentro que debe confirmar con nuestros agentes de viajes o su gu\u00eda tur\u00edstico antes de dirigirse a cualquier lugar. Una vez que conozca a su gu\u00eda, tendr\u00e1 un resumen del recorrido y todo lo relacionado con su d\u00eda.<\/span><\/p>\n<p>&nbsp;<\/p>\n<p><span style=\"font-weight: 400;\">Cuando todos est\u00e9n listos y recojamos los kayaks, nos dirigiremos al primer lugar que es Playita Las Almejas, donde se encuentran las piscinas naturales, mientras navegamos por el bosque de manglar y el abrigo de la Bah\u00eda de San Lorenzo, compartiremos con ustedes historias sobre Los Haitises, Geolog\u00eda y repasar las especies de manglares que hay alrededor de la Bah\u00eda de San Lorenzo.\u00a0<\/span><\/p>\n<p>&nbsp;<\/p>\n<p><span style=\"font-weight: 400;\">Al llegar a la primera ubicaci\u00f3n deber\u00e1s preparar tu traje de ba\u00f1o para subirte a tu kayak y remar hasta la Cueva de la l\u00ednea con tu gu\u00eda tur\u00edstico, el resto del personal te esperar\u00e1 hasta que finalices la primera parte de la actividad.<\/span><\/p>\n<p>&nbsp;<\/p>\n<p><span style=\"font-weight: 400;\">En esta parte de tu viaje podr\u00e1s recorrer el Viejo Puerto de Las Perlas que es una de las primeras estructuras construidas por los europeos en la zona, alrededor de 1866, y este estaba conectado con una l\u00ednea de tren que era el transporte para los caf\u00e9, pl\u00e1tanos y todo lo que este grupo de europeos cultivaba en lo que hoy es Los Haitises.\u00a0<\/span><\/p>\n<p>&nbsp;<\/p>\n<p><span style=\"font-weight: 400;\">En la cueva que visitar\u00e1 hay m\u00e1s de 1200 pictograf\u00edas pintadas por los ta\u00ednos, esta era una forma de expresarse, y hoy estas obras de arte nos cuentan historias que nunca pensamos que encontrar\u00edamos hoy en d\u00eda. Cuando termine aqu\u00ed, regresaremos a Playa de las Almejas para tomar un refrigerio y nadar.\u00a0<\/span><\/p>\n<p>&nbsp;<\/p>\n<p><span style=\"font-weight: 400;\">Despu\u00e9s de nadar en la piscina natural, regresaremos al puerto principal en el \u00e1rea de Ca\u00f1o Hondo, este es un recorrido de 5 horas que le brinda la oportunidad de supervisar la mayor parte de Sabana de la Mar y el Parque Nacional Los Haitises, esta excursi\u00f3n termina en el mismo lugar donde empez\u00f3.<\/span><\/p>\n<p>&nbsp;<\/p>\n<p><span style=\"font-weight: 400;\">Nota: Estos tours son con gu\u00edas tur\u00edsticos Ecologistas Oficiales. Favor de reservar con tiempo porque en el parque no hay demasiados especialistas.<\/span><\/p>\n<p>&nbsp;<\/p>\n<h6><strong>\u00bfQu\u00e9 debes traer?<\/strong><\/h6>\n<ul>\n<li style=\"font-weight: 400;\" aria-level=\"1\"><span style=\"font-weight: 400;\">C\u00e1mara<\/span><\/li>\n<li style=\"font-weight: 400;\" aria-level=\"1\"><span style=\"font-weight: 400;\">Repelente de insectos\u00a0<\/span><\/li>\n<li style=\"font-weight: 400;\" aria-level=\"1\"><span style=\"font-weight: 400;\">crema solar<\/span><\/li>\n<li style=\"font-weight: 400;\" aria-level=\"1\"><span style=\"font-weight: 400;\">Pantalones c\u00f3modos<\/span><\/li>\n<li style=\"font-weight: 400;\" aria-level=\"1\"><span style=\"font-weight: 400;\">Zapatos para correr<\/span><\/li>\n<li style=\"font-weight: 400;\" aria-level=\"1\"><span style=\"font-weight: 400;\">Chubasquero\u00a0<\/span><\/li>\n<li style=\"font-weight: 400;\" aria-level=\"1\"><span style=\"font-weight: 400;\">Traje de ba\u00f1o\u00a0<\/span><\/li>\n<li style=\"font-weight: 400;\" aria-level=\"1\"><span style=\"font-weight: 400;\">Toalla\u00a0<\/span><\/li>\n<\/ul>\n<h4><b><i>Recogida en el hotel <\/i><\/b><\/h4>\n<p><span style=\"font-weight: 400;\">No se ofrece recogida en el hotel para este tour. Solo si se encuentra en Hotel Cano Hondo u Hoteles en la zona de Sabana de la mar.<\/span><\/p>\n<p><b>Nota:<\/b><span style=\"font-weight: 400;\"> Si realiza la reserva dentro de las 24 horas anteriores a la hora de salida del tour\/excursi\u00f3n, podemos organizar la recogida en el hotel con cargos adicionales desde cualquier lugar de la Rep\u00fablica Dominicana. Una vez que se complete su compra, le enviaremos la informaci\u00f3n de contacto completa (n\u00famero de tel\u00e9fono, direcci\u00f3n de correo electr\u00f3nico, etc.) para que nuestro gu\u00eda tur\u00edstico local organice los arreglos de recogida.<\/span><\/p>\n<h4><b><i>Confirmaci\u00f3n de informaci\u00f3n adicional <\/i><\/b><\/h4>\n<ol>\n<li>Los boletos son el Recibo despu\u00e9s de pagar este Tour. Puede mostrar el pago en su tel\u00e9fono.<\/li>\n<li style=\"font-weight: 400;\"><span style=\"font-weight: 400;\">El Punto de Encuentro se recibir\u00e1 Despu\u00e9s del Proceso de Reserva.<\/span><\/li>\n<li style=\"font-weight: 400;\"><span style=\"font-weight: 400;\">Los ni\u00f1os deben estar acompa\u00f1ados por un adulto.<\/span><\/li>\n<li style=\"font-weight: 400;\"><span style=\"font-weight: 400;\"> No accesible para sillas de ruedas <\/span><\/li>\n<li style=\"font-weight: 400;\"><span style=\"font-weight: 400;\">Los beb\u00e9s deben sentarse en el regazo <\/span><\/li>\n<li style=\"font-weight: 400;\"><span style=\"font-weight: 400;\">No recomendado para viajeros con problemas de espalda.<\/span><\/li>\n<li style=\"font-weight: 400;\"><span style=\"font-weight: 400;\">No recomendado para viajeros embarazadas. <\/span><\/li>\n<li style=\"font-weight: 400;\"><span style=\"font-weight: 400;\"> Sin problemas card\u00edacos u otras condiciones m\u00e9dicas graves. <\/span><\/li>\n<li style=\"font-weight: 400;\"><span style=\"font-weight: 400;\">La mayor\u00eda de los viajeros pueden participar<\/span><\/li>\n<\/ol>\n<h4><b><i>Pol\u00edtica de cancelaci\u00f3n<\/i><\/b><\/h4>\n<p>Para obtener un reembolso completo, lea nuestras Pol\u00edticas de cancelaci\u00f3n\u00a0<a href=\"https:\/\/www.boattoursamana.com\/es\/reserva-en-linea\/\" target=\"_blank\" rel=\"noopener\" data-saferedirecturl=\"https:\/\/www.google.com\/url?q=https:\/\/www.boattoursamana.com\/online-booking\/&amp;source=gmail&amp;ust=1672449202351000&amp;usg=AOvVaw1yAeVAPktmaVCqDujgUn90\">haga clic aqu\u00ed<\/a>. Los fondos se perder\u00e1n si la reserva se cancela el mismo d\u00eda del viaje.<\/p>\n\n\t\t<\/div>\n\t<\/div>\n<\/div><\/div><\/div><\/div><div class=\"vc_row wpb_row vc_row-fluid\" ><div class=\"wpb_column vc_column_container vc_col-sm-12\"><div class=\"vc_column-inner\"><div class=\"wpb_wrapper\"><\/div><\/div><\/div><\/div><div class=\"vc_row wpb_row vc_row-fluid\" ><div class=\"wpb_column vc_column_container vc_col-sm-12\"><div class=\"vc_column-inner\"><div class=\"wpb_wrapper\"><\/div><\/div><\/div><\/div><div class=\"wpb_column vc_column_container vc_col-sm-12\"><div class=\"vc_column-inner\"><div class=\"wpb_wrapper\"><\/div><\/div><\/div><div class=\"vc_row wpb_row vc_row-fluid\" ><div class=\"wpb_column vc_column_container vc_col-sm-12\"><div class=\"vc_column-inner\"><div class=\"wpb_wrapper\">\n\t<div class=\"wpb_video_widget wpb_content_element vc_clearfix   vc_video-aspect-ratio-169 vc_video-el-width-100 vc_video-align-left\" >\n\t\t<div class=\"wpb_wrapper\">\n\t\t\t<h2 class=\"wpb_heading wpb_video_heading\">Kayaks Los Haitises<\/h2>\n\t\t\t<div class=\"wpb_video_wrapper\"><iframe loading=\"lazy\" title=\"Excursi\u00f3n en kayak y espeleolog\u00eda en el Parque Nacional de Los Haitises, Rep\u00fablica Dominicana\" width=\"1100\" height=\"619\" src=\"https:\/\/www.youtube.com\/embed\/ucU1uwB57wQ?feature=oembed\" frameborder=\"0\" allow=\"accelerometer; autoplay; clipboard-write; encrypted-media; gyroscope; picture-in-picture; web-share\" allowfullscreen><\/iframe><\/div>\n\t\t<\/div>\n\t<\/div>\n<div class=\"vc_btn3-container vc_btn3-inline\" ><button class=\"vc_general vc_btn3 vc_btn3-size-md vc_btn3-shape-rounded vc_btn3-style-modern vc_btn3-color-green\">RESERVAR AHORA<\/button><\/div><\/div><\/div><\/div><\/div>","protected":false},"excerpt":{"rendered":"<div>Kayak + Paseo en Bote + Cuevas y Playa para Nadar (Todo en Uno). Parque Nacional Los Haitises con gu\u00eda tur\u00edstico local desde Sabana de la Mar. Visita a la selva tropical, la peque\u00f1a playa privada, las zonas de coco, caf\u00e9 y cacao. Conociendo la historia original del Parque Nacional Los Haitises.<\/div>\n<div><\/div>\n<div>Selecciona la fecha para el viaje de aventura todo en uno:<\/div>","protected":false},"featured_media":13254,"template":"","meta":[],"product_cat":[456,946,928,934,862,254,255],"product_tag":[422,268,174,173,577,576,571,570,569,317,316,206,209,575,441,574,572,499,175,498,200,187,573],"class_list":["post-12607","product","type-product","status-publish","has-post-thumbnail","hentry","product_cat-day-trips","product_cat-1-sabana-de-la-mar","product_cat-boat-trip-los-haitises","product_cat-kayaking-los-haitises","product_cat-los-haitises-national-park","product_cat-tours-excursions-los-haitises-national-park","product_cat-tours-excursions-samana-bay-dominican-republic","product_tag-cano-hondo-sabana-de-la-mar","product_tag-caves-los-haitises","product_tag-eco-tours","product_tag-excursion","product_tag-hike-kayak","product_tag-hike-kayak-los-haitises-national-park","product_tag-hiking-los-haitises","product_tag-hiking-sabana-de-la-mar","product_tag-hiking-samana","product_tag-kayak-tour","product_tag-kayaking","product_tag-kayaking-los-haitises","product_tag-los-haitises-national-park","product_tag-los-haitises-national-park-entrance-fee","product_tag-los-haitises-national-park-tour-from-las-terrenas","product_tag-los-haitises-national-park-tour-from-santo-domingo","product_tag-los-haitises-national-park-weather","product_tag-los-haitises-sabana-de-la-mar","product_tag-sabana-de-la-mar","product_tag-sabana-de-la-mar-tour","product_tag-samana-excursions","product_tag-samana-tours","product_tag-secrets-of-los-haitises"],"_links":{"self":[{"href":"https:\/\/www.boattoursamana.com\/es\/wp-json\/wp\/v2\/product\/12607","targetHints":{"allow":["GET"]}}],"collection":[{"href":"https:\/\/www.boattoursamana.com\/es\/wp-json\/wp\/v2\/product"}],"about":[{"href":"https:\/\/www.boattoursamana.com\/es\/wp-json\/wp\/v2\/types\/product"}],"wp:featuredmedia":[{"embeddable":true,"href":"https:\/\/www.boattoursamana.com\/es\/wp-json\/wp\/v2\/media\/13254"}],"wp:attachment":[{"href":"https:\/\/www.boattoursamana.com\/es\/wp-json\/wp\/v2\/media?parent=12607"}],"wp:term":[{"taxonomy":"product_cat","embeddable":true,"href":"https:\/\/www.boattoursamana.com\/es\/wp-json\/wp\/v2\/product_cat?post=12607"},{"taxonomy":"product_tag","embeddable":true,"href":"https:\/\/www.boattoursamana.com\/es\/wp-json\/wp\/v2\/product_tag?post=12607"}],"curies":[{"name":"wp","href":"https:\/\/api.w.org\/{rel}","templated":true}]}}