{"id":13290,"date":"2021-11-06T08:14:25","date_gmt":"2021-11-06T08:14:25","guid":{"rendered":"https:\/\/www.ticketswhales.com\/?post_type=product&#038;p=13290"},"modified":"2023-02-26T04:25:06","modified_gmt":"2023-02-26T04:25:06","slug":"el-limon-waterfall-cayo-levantado-from-sosua-or-cabarete-private-tour","status":"publish","type":"product","link":"https:\/\/www.boattoursamana.com\/es\/recorrido\/cascada-el-limon-cayo-levantado-desde-sosua-o-cabarete-tour-privado-2","title":{"rendered":"Cascada El Lim\u00f3n y Cayo Levantado Desde Sosua o Cabarete Tour Privado"},"content":{"rendered":"<div class=\"vc_row wpb_row vc_row-fluid\" ><div class=\"wpb_column vc_column_container vc_col-sm-12\"><div class=\"vc_column-inner\"><div class=\"wpb_wrapper\"><div class=\"vc_btn3-container vc_btn3-inline\" ><button class=\"vc_general vc_btn3 vc_btn3-size-md vc_btn3-shape-rounded vc_btn3-style-modern vc_btn3-color-green\">RESERVAR AHORA<\/button><\/div><div class=\"mkdf-section-title-holder\" style=\"text-align: left\">\n\t<div class=\"mkdf-st-inner\">\n\t\t\t\t\t<h5 class=\"mkdf-st-subtitle\" >\n\t\t\t\tTransporte y Almuerzo Incluido\t\t\t<\/h5>\n\t\t\t\t\t\t\t<h3 class=\"mkdf-st-title\" >\n\t\t\t\tCascada El Lim\u00f3n y Cayo Levantado Desde Sosua o Cabarete Tour Privado\t\t\t<\/h3>\n\t\t\t\t\t<\/div>\n<\/div><\/div><\/div><\/div><\/div><div class=\"vc_row wpb_row vc_row-fluid\" ><div class=\"wpb_column vc_column_container vc_col-sm-12\"><div class=\"vc_column-inner\"><div class=\"wpb_wrapper\">\n\t<div class=\"wpb_text_column wpb_content_element\" >\n\t\t<div class=\"wpb_wrapper\">\n\t\t\t<h3 class=\"LC20lb\"><\/h3>\n<h4><b><i>Descripci\u00f3n general <\/i><\/b><\/h4>\n<p>Excursi\u00f3n Privada para Visitar Cascadas El Lim\u00f3n y Cayo Levantado (Isla Bacard\u00ed) Desde Puerto Plata. Dos actividades en un solo d\u00eda, visitando con gu\u00eda tur\u00edstico local la belleza del bosque y las cascadas de la comunidad de el lim\u00f3n. Este viaje se puede realizar caminando o montando a caballo por los caminos de caf\u00e9 y cocoteros. Despu\u00e9s de visitar las cascadas de El Lim\u00f3n, nos dirigiremos al muelle del centro de la ciudad de Saman\u00e1 y tomaremos un bote a Cayo Levantado, tambi\u00e9n llamado Isla Bacard\u00ed. All\u00ed tendremos almuerzo buffet y por la tarde nadaremos en la playa de Cayo Levantado con opciones de snorkeling en los arrecifes de coral.<\/p>\n<p>Despu\u00e9s de esta experiencia, regresar\u00e1 a nuestro punto de encuentro desde donde lo recogeremos en Puerto Plata.<\/p>\n<ul>\n<li style=\"font-weight: 400;\">Tarifas incluidas<\/li>\n<li>Almuerzo<\/li>\n<li>Meriendas<\/li>\n<li style=\"font-weight: 400;\">Gu\u00eda tur\u00edstico local en ingl\u00e9s o franc\u00e9s.<\/li>\n<li>Transportaci\u00f3n<\/li>\n<li>Viaje en barco<\/li>\n<\/ul>\n<p>&nbsp;<\/p>\n<h4><b>Inclusiones y Exclusiones<\/b><\/h4>\n<p>&nbsp;<\/p>\n<p><b>Inclusiones<\/b><\/p>\n<ol>\n<li style=\"font-weight: 400;\">Cascadas El Lim\u00f3n Senderismo o cabalgatas<\/li>\n<li>Almuerzo<\/li>\n<li style=\"font-weight: 400;\"><span style=\"font-weight: 400;\">Todos los impuestos, tasas y gastos de tramitaci\u00f3n<\/span><\/li>\n<li style=\"font-weight: 400;\"><span style=\"font-weight: 400;\">Impuestos locales<\/span><\/li>\n<li style=\"font-weight: 400;\"><span style=\"font-weight: 400;\">Bebidas<\/span><\/li>\n<li>Meriendas<\/li>\n<li style=\"font-weight: 400;\"><span style=\"font-weight: 400;\">Todas las actividades<\/span><\/li>\n<li style=\"font-weight: 400;\"><span style=\"font-weight: 400;\">Gu\u00eda local<\/span><\/li>\n<\/ol>\n<p><b> Exclusiones<\/b><\/p>\n<ol>\n<li style=\"font-weight: 400;\"><span style=\"font-weight: 400;\">Propinas<\/span><\/li>\n<li style=\"font-weight: 400;\"><span style=\"font-weight: 400;\">Bebidas alcoh\u00f3licas<\/span><\/li>\n<\/ol>\n<p>&nbsp;<\/p>\n<h4><em><strong>Salida y Regreso<\/strong><\/em><\/h4>\n<p><span style=\"font-weight: 400;\">El viajero obtendr\u00e1 un punto de encuentro despu\u00e9s del Proceso de Reserva. Los tours comienzan y terminan en sus puntos de encuentro.<\/span><\/p>\n<h4><\/h4>\n<h3 class=\"LC20lb\">Cascada El Lim\u00f3n + Cayo Levantado \u2013 Excursi\u00f3n en Saman\u00e1<\/h3>\n<h4><b><i>\u00bfQue esperar?<\/i><\/b><\/h4>\n<p><em><strong>Consigue tus entradas<\/strong><\/em> para visitar las Cascadas de El Lim\u00f3n m\u00e1s la isla de Cayo Levantado con traslado incluido desde Puerto Plata. Viaje de d\u00eda completo. Partiendo de Saman\u00e1 con transporte a las cascadas El limon.<\/p>\n<p>La excursi\u00f3n, organizada por \u201cBooking Adventures\u201d, comienza en el punto de encuentro establecido con el Gu\u00eda Tur\u00edstico. Ven con Booking Adventures en Viajes privados a las cascadas de El Lim\u00f3n con un gu\u00eda tur\u00edstico local. Paseo a caballo o caminata por el Bosque bordeando el r\u00edo Lim\u00f3n, visitando plantaciones de cacao y caf\u00e9 bajo la sombra de los cocoteros. Primero, haz una parada en la Cascada Peque\u00f1a donde normalmente no hay mucha gente y puedes nadar alrededor. Luego continuamos hacia la gran cascada donde nos quedaremos por una hora o m\u00e1s si lo desea.<\/p>\n<p>Conseguir caballos o caminar de regreso al autom\u00f3vil y conducir de regreso al puerto de Saman\u00e1. Subiendo a bordo para Visitar Isla Bacard\u00ed, Porque Pescados a la Parrilla con Tostones y Ensalada nos esperan para almorzar degustaci\u00f3n o puedes conseguir otras opciones como langostas en el men\u00fa con cargo extra.<\/p>\n<p>Si\u00e9ntase libre de nadar en una de las playas m\u00e1s hermosas de la Rep\u00fablica Dominicana. Y establezca tiempo para terminar con nuestro Gu\u00eda tur\u00edstico.<\/p>\n<p>&nbsp;<\/p>\n<h4><em><strong>\u00bfQu\u00e9 debes traer?<\/strong><\/em><\/h4>\n<ul>\n<li style=\"font-weight: 400;\"><span style=\"font-weight: 400;\">C\u00e1mara<\/span><\/li>\n<li style=\"font-weight: 400;\"><span style=\"font-weight: 400;\">Cogollos repelentes<\/span><\/li>\n<li style=\"font-weight: 400;\"><span style=\"font-weight: 400;\">crema solar<\/span><\/li>\n<li style=\"font-weight: 400;\"><span style=\"font-weight: 400;\">Sombrero<\/span><\/li>\n<li style=\"font-weight: 400;\"><span style=\"font-weight: 400;\">Pantalones c\u00f3modos<\/span><\/li>\n<li style=\"font-weight: 400;\"><span style=\"font-weight: 400;\">Zapatos de senderismo para el bosque<\/span><\/li>\n<li style=\"font-weight: 400;\"><span style=\"font-weight: 400;\">Sandalias para las zonas Primavera.<\/span><\/li>\n<li style=\"font-weight: 400;\"><span style=\"font-weight: 400;\">Vestido nadador<\/span><\/li>\n<\/ul>\n<p>&nbsp;<\/p>\n<h4><b><i>Recogida en el hotel <\/i><\/b><\/h4>\n<p><span style=\"font-weight: 400;\">No se ofrece recogida en el hotel para este tour. <\/span><\/p>\n<p>&nbsp;<\/p>\n<p><b>Nota:<\/b><span style=\"font-weight: 400;\"> Si realiza la reserva dentro de las 24 horas anteriores a la hora de salida del tour\/excursi\u00f3n, podemos organizar la recogida en el hotel con cargos adicionales. Una vez que se complete su compra, le enviaremos la informaci\u00f3n de contacto completa (n\u00famero de tel\u00e9fono, direcci\u00f3n de correo electr\u00f3nico, etc.) para que nuestro gu\u00eda tur\u00edstico local organice los arreglos de recogida.<\/span><\/p>\n<h4><b><i>Confirmaci\u00f3n de informaci\u00f3n adicional <\/i><\/b><\/h4>\n<ol>\n<li>Los boletos son el Recibo despu\u00e9s de pagar este Tour. Puede mostrar el pago en su tel\u00e9fono.<\/li>\n<li style=\"font-weight: 400;\"><span style=\"font-weight: 400;\">El Punto de Encuentro se recibir\u00e1 Despu\u00e9s del Proceso de Reserva.<\/span><\/li>\n<li style=\"font-weight: 400;\"><span style=\"font-weight: 400;\">Los ni\u00f1os deben estar acompa\u00f1ados por un adulto.<\/span><\/li>\n<li style=\"font-weight: 400;\"><span style=\"font-weight: 400;\"> No accesible para sillas de ruedas <\/span><\/li>\n<li style=\"font-weight: 400;\"><span style=\"font-weight: 400;\">Los beb\u00e9s deben sentarse en el regazo <\/span><\/li>\n<li style=\"font-weight: 400;\"><span style=\"font-weight: 400;\">No recomendado para viajeros con problemas de espalda.<\/span><\/li>\n<li style=\"font-weight: 400;\"><span style=\"font-weight: 400;\">No recomendado para viajeros embarazadas. <\/span><\/li>\n<li style=\"font-weight: 400;\"><span style=\"font-weight: 400;\"> Sin problemas card\u00edacos u otras condiciones m\u00e9dicas graves. <\/span><\/li>\n<li style=\"font-weight: 400;\"><span style=\"font-weight: 400;\">La mayor\u00eda de los viajeros pueden participar<\/span><\/li>\n<\/ol>\n<h4><b><i>Pol\u00edtica de cancelaci\u00f3n<\/i><\/b><\/h4>\n<p>Para obtener un reembolso completo, lea nuestras Pol\u00edticas de cancelaci\u00f3n\u00a0<a href=\"https:\/\/www.boattoursamana.com\/es\/reserva-en-linea\/\" target=\"_blank\" rel=\"noopener\" data-saferedirecturl=\"https:\/\/www.google.com\/url?q=https:\/\/www.boattoursamana.com\/online-booking\/&amp;source=gmail&amp;ust=1672449202351000&amp;usg=AOvVaw1yAeVAPktmaVCqDujgUn90\">haga clic aqu\u00ed<\/a>. Los fondos se perder\u00e1n si la reserva se cancela el mismo d\u00eda del viaje.<\/p>\n\n\t\t<\/div>\n\t<\/div>\n<div class=\"vc_btn3-container vc_btn3-inline\" ><button class=\"vc_general vc_btn3 vc_btn3-size-md vc_btn3-shape-rounded vc_btn3-style-modern vc_btn3-color-green\">RESERVAR AHORA<\/button><\/div><\/div><\/div><\/div><\/div><div class=\"vc_row wpb_row vc_row-fluid\" ><div class=\"wpb_column vc_column_container vc_col-sm-12\"><div class=\"vc_column-inner\"><div class=\"wpb_wrapper\">\n\t<div class=\"wpb_video_widget wpb_content_element vc_clearfix   vc_video-aspect-ratio-169 vc_video-el-width-100 vc_video-align-left\" >\n\t\t<div class=\"wpb_wrapper\">\n\t\t\t\n\t\t\t<div class=\"wpb_video_wrapper\"><iframe loading=\"lazy\" title=\"Saman\u00e1 lo tiene - Rep\u00fablica Dominicana lo tiene todo\" width=\"1100\" height=\"619\" src=\"https:\/\/www.youtube.com\/embed\/oWlwxZLQnVU?feature=oembed\" frameborder=\"0\" allow=\"accelerometer; autoplay; encrypted-media; gyroscope; picture-in-picture\" allowfullscreen><\/iframe><\/div>\n\t\t<\/div>\n\t<\/div>\n<\/div><\/div><\/div><\/div><div class=\"vc_row wpb_row vc_row-fluid\" ><div class=\"wpb_column vc_column_container vc_col-sm-12\"><div class=\"vc_column-inner\"><div class=\"wpb_wrapper\"><div class=\"vc_empty_space\"   style=\"height: 32px\"><span class=\"vc_empty_space_inner\"><\/span><\/div>\n\t<div class=\"wpb_text_column wpb_content_element\" >\n\t\t<div class=\"wpb_wrapper\">\n\t\t\t<h4>\u00bfCont\u00e1ctenos?<\/h4>\n<h5>Reservando Aventuras<\/h5>\n<p><em><strong>Locales<\/strong>\u00a0y\u00a0<strong>Nacionales<\/strong>\u00a0Gu\u00edas tur\u00edsticos y servicios para hu\u00e9spedes<\/em><\/p>\n<p><span class=\"text-turquoise\">Reservas:<\/span>\u00a0Tours y Excursiones en Dom. Reps.<\/p>\n<p><img decoding=\"async\" class=\"emoji\" draggable=\"false\" src=\"https:\/\/s.w.org\/images\/core\/emoji\/11.2.0\/svg\/1f4de.svg\" alt=\"\ud83d\udcde\" title=\"\">\u00a0Tel\u00e9fono \/ Whatsapp\u00a0\u00a0<a href=\"tel:+1-809-720-6035\">+1-809-720-6035<\/a>.<\/p>\n<p><img decoding=\"async\" class=\"emoji\" draggable=\"false\" src=\"https:\/\/s.w.org\/images\/core\/emoji\/11.2.0\/svg\/1f4e9.svg\" alt=\"\ud83d\udce9\" title=\"\">\u00a0<a href=\"mailto:info@bookingadventures.com.do\">info@bookingadventures.com.do<\/a><\/p>\n<p><strong>Somos Tours Privados de Ambiente Flexible por Whatsapp:\u00a0<a href=\"tel:+18097206035\">+18097206035.<\/a><\/strong><\/p>\n\n\t\t<\/div>\n\t<\/div>\n<div class=\"vc_empty_space\"   style=\"height: 32px\"><span class=\"vc_empty_space_inner\"><\/span><\/div><\/div><\/div><\/div><\/div><div class=\"vc_row wpb_row vc_row-fluid\" ><div class=\"wpb_column vc_column_container vc_col-sm-12\"><div class=\"vc_column-inner\"><div class=\"wpb_wrapper\"><div class=\"vc_btn3-container vc_btn3-inline\" ><button class=\"vc_general vc_btn3 vc_btn3-size-md vc_btn3-shape-rounded vc_btn3-style-modern vc_btn3-color-green\">RESERVAR AHORA<\/button><\/div><\/div><\/div><\/div><\/div>","protected":false},"excerpt":{"rendered":"<p><span class=\"Y2IQFc\" lang=\"en\">Excursi\u00f3n privada para visitar las Cascadas El Lim\u00f3n y Cayo Levantado (Isla Bacard\u00ed) Desde Sosua o Cabarete. Dos actividades en un d\u00eda, visitando la belleza del bosque y las cascadas de la comunidad de El Lim\u00f3n con un gu\u00eda tur\u00edstico local. Este recorrido se puede realizar a pie oa caballo por los senderos del caf\u00e9 y del cocotero. Luego de visitar las Cascadas de El Lim\u00f3n, nos dirigiremos al muelle en el centro de la ciudad de Saman\u00e1 y tomaremos un bote a Cayo Levantado, tambi\u00e9n llamada Isla Bacard\u00ed. All\u00ed tendremos almuerzo buffet y por la tarde ba\u00f1o en la playa de Cayo Levantado con opciones para hacer snorkel en los arrecifes de coral.<\/span><\/p>\n<p>&nbsp;<\/p>\n<p><b>Seleccione la fecha para el viaje:\u00a0<\/b><\/p>","protected":false},"featured_media":12588,"template":"","meta":[],"product_cat":[985,961,956,982,307,253,255,1000],"product_tag":[223,311,606,986,185,267,984,983,309,310,312,186,200,187],"class_list":["post-13290","product","type-product","status-publish","has-post-thumbnail","hentry","product_cat-sosua-cabarete","product_cat-el-limon-horseback-riding","product_cat-el-limon-samana","product_cat-puerto-plata-tour","product_cat-salto-el-limon-and-bacardi-island","product_cat-tours-and-excursions","product_cat-tours-excursions-samana-bay-dominican-republic","product_cat-ultimo2022","product_tag-cayo-levantado","product_tag-cayo-levantado-tour","product_tag-el-limon-tours","product_tag-el-limon-waterfall-cayo-levantado-from-sosua-or-cabarete-private-tour","product_tag-el-limon-waterfalls","product_tag-las-terrenas","product_tag-puerto-plata-excursion","product_tag-puerto-plata-tour","product_tag-salto-el-limon","product_tag-salto-el-limon-hiking","product_tag-salto-el-limon-tour","product_tag-samana","product_tag-samana-excursions","product_tag-samana-tours"],"_links":{"self":[{"href":"https:\/\/www.boattoursamana.com\/es\/wp-json\/wp\/v2\/product\/13290","targetHints":{"allow":["GET"]}}],"collection":[{"href":"https:\/\/www.boattoursamana.com\/es\/wp-json\/wp\/v2\/product"}],"about":[{"href":"https:\/\/www.boattoursamana.com\/es\/wp-json\/wp\/v2\/types\/product"}],"wp:featuredmedia":[{"embeddable":true,"href":"https:\/\/www.boattoursamana.com\/es\/wp-json\/wp\/v2\/media\/12588"}],"wp:attachment":[{"href":"https:\/\/www.boattoursamana.com\/es\/wp-json\/wp\/v2\/media?parent=13290"}],"wp:term":[{"taxonomy":"product_cat","embeddable":true,"href":"https:\/\/www.boattoursamana.com\/es\/wp-json\/wp\/v2\/product_cat?post=13290"},{"taxonomy":"product_tag","embeddable":true,"href":"https:\/\/www.boattoursamana.com\/es\/wp-json\/wp\/v2\/product_tag?post=13290"}],"curies":[{"name":"wp","href":"https:\/\/api.w.org\/{rel}","templated":true}]}}