{"id":14048,"date":"2022-05-20T10:42:09","date_gmt":"2022-05-20T10:42:09","guid":{"rendered":"https:\/\/www.ticketswhales.com\/?post_type=product&#038;p=14048"},"modified":"2023-10-19T14:13:36","modified_gmt":"2023-10-19T14:13:36","slug":"punta-cana-helicopter-tour-to-salto-de-la-jalda-waterfall-60-minute-experience","status":"publish","type":"product","link":"https:\/\/www.boattoursamana.com\/es\/recorrido\/punta-cana-helicopter-tour-to-salto-de-la-jalda-waterfall-60-minute-experience","title":{"rendered":"Tour en helic\u00f3ptero de Punta Cana a la cascada Salto de la Jalda Experiencia de 60 minutos"},"content":{"rendered":"<div class=\"vc_row wpb_row vc_row-fluid\" ><div class=\"wpb_column vc_column_container vc_col-sm-12\"><div class=\"vc_column-inner\"><div class=\"wpb_wrapper\"><div class=\"mkdf-section-title-holder\" style=\"text-align: left\">\n\t<div class=\"mkdf-st-inner\">\n\t\t\t\t\t<h5 class=\"mkdf-st-subtitle\" >\n\t\t\t\tSalto la Jalda\t\t\t<\/h5>\n\t\t\t\t\t\t\t<h3 class=\"mkdf-st-title\" >\n\t\t\t\tTour en helic\u00f3ptero de Punta Cana a la cascada Salto de la Jalda Experiencia de 60 minutos\t\t\t<\/h3>\n\t\t\t\t\t\t\t<p class=\"mkdf-st-text\" >\n\t\t\t\tTour en helic\u00f3ptero Experiencia de 60 minutos\t\t\t<\/p>\n\t\t\t<\/div>\n<\/div><div class=\"vc_btn3-container vc_btn3-inline\" ><a class=\"vc_general vc_btn3 vc_btn3-size-md vc_btn3-shape-rounded vc_btn3-style-modern vc_btn3-color-green\" href=\"https:\/\/bookingadventures.tours\/booking.php?tour_id=cf0c7b2af9d3e7d3c0d0b8017c605e6c\" title=\"\" rel=\"noopener\">RESERVAR AHORA<\/a><\/div><\/div><\/div><\/div><\/div><div class=\"vc_row wpb_row vc_row-fluid\" ><div class=\"wpb_column vc_column_container vc_col-sm-12\"><div class=\"vc_column-inner\"><div class=\"wpb_wrapper\">\n\t<div class=\"wpb_text_column wpb_content_element\" >\n\t\t<div class=\"wpb_wrapper\">\n\t\t\t<h4><b><i>Descripci\u00f3n general <\/i><\/b><\/h4>\n<p>Este es un tour privado a\u00a0<strong>Cascadas Salto de la Jalda <\/strong>Ubicado en lo profundo de la Cordillera Oriental y rodeado de una exuberante selva tropical, se encuentra la cascada m\u00e1s alta del Caribe, Salto La Jalda. Vuele a lo largo de las playas v\u00edrgenes de Punta Cana, pase los tranquilos pueblos de las laderas norte de la sierra y descubra la magia y el misterio de esta incre\u00edble belleza enclavada en lo profundo de una exuberante selva tropical. Experimente un vuelo en helic\u00f3ptero de ida y vuelta de 60 minutos sobre la cascada y Playa Esmeralda con una parada de picnic de una hora. Vea c\u00f3mo las aguas torrenciales se derraman sobre los acantilados y luego disfrute de la paz y la tranquilidad de la naturaleza durante su estad\u00eda en la playa Esmeralda m\u00e1s incre\u00edble.<\/p>\n<p>&nbsp;<\/p>\n<ul>\n<li class=\"activity-highlights__list-item\" data-v-86039ad0=\"\">Descubre la magia de la cascada m\u00e1s alta del Caribe, Salto La jada<\/li>\n<li class=\"activity-highlights__list-item\" data-v-86039ad0=\"\">Explora la naturaleza durante tu estad\u00eda en playa Esmeralda<\/li>\n<li class=\"activity-highlights__list-item\" data-v-86039ad0=\"\">Vuela sobre playas incre\u00edbles y pasa por los tranquilos pueblos de las laderas norte de la Sierra.<\/li>\n<li class=\"activity-highlights__list-item\" data-v-86039ad0=\"\">Mira c\u00f3mo las aguas torrenciales se derraman sobre los acantilados.<\/li>\n<\/ul>\n<h4><b>Inclusiones y Exclusiones<\/b><\/h4>\n<p>&nbsp;<\/p>\n<p><b>Inclusiones<\/b><\/p>\n<ol>\n<li class=\"activity-inclusions__item activity-inclusions__item--inclusion\" data-v-0d17907c=\"\"><span class=\"activity-inclusions__test activity-inclusions__test--include\" data-v-0d17907c=\"\">Transporte terrestre desde\/hacia su hotel<\/span><\/li>\n<li class=\"activity-inclusions__item activity-inclusions__item--inclusion\" data-v-0d17907c=\"\"><span class=\"activity-inclusions__test activity-inclusions__test--include\" data-v-0d17907c=\"\">Check-in Express VIP a la llegada<\/span><\/li>\n<li class=\"activity-inclusions__item activity-inclusions__item--inclusion\" data-v-0d17907c=\"\"><span class=\"activity-inclusions__test activity-inclusions__test--include\" data-v-0d17907c=\"\">Vuelo en helic\u00f3ptero de ida y vuelta de 60 minutos<\/span><\/li>\n<li class=\"activity-inclusions__item activity-inclusions__item--inclusion\" data-v-0d17907c=\"\"><span class=\"activity-inclusions__test activity-inclusions__test--include\" data-v-0d17907c=\"\">Estancia total de 1 hora en la playa virgen m\u00e1s incre\u00edble<\/span><\/li>\n<li class=\"activity-inclusions__item activity-inclusions__item--inclusion\" data-v-0d17907c=\"\"><span class=\"activity-inclusions__test activity-inclusions__test--include\" data-v-0d17907c=\"\">Almuerzo tipo picnic en el metro en la playa con refrescos y agua.<\/span><\/li>\n<li style=\"font-weight: 400;\"><span style=\"font-weight: 400;\">Todos los impuestos, tasas y gastos de tramitaci\u00f3n<\/span><\/li>\n<li style=\"font-weight: 400;\"><span style=\"font-weight: 400;\">Impuestos locales<\/span><\/li>\n<li style=\"font-weight: 400;\"><span style=\"font-weight: 400;\">Todas las actividades<\/span><\/li>\n<li style=\"font-weight: 400;\"><span style=\"font-weight: 400;\">Gu\u00eda local<\/span><\/li>\n<\/ol>\n<p><b> Exclusiones<\/b><\/p>\n<ol>\n<li style=\"font-weight: 400;\"><span style=\"font-weight: 400;\">Propinas<\/span><\/li>\n<li style=\"font-weight: 400;\"><span style=\"font-weight: 400;\">Transferir<\/span><\/li>\n<li>Almuerzo<\/li>\n<li style=\"font-weight: 400;\"><span style=\"font-weight: 400;\">Bebidas alcoh\u00f3licas<\/span><\/li>\n<\/ol>\n<p>&nbsp;<\/p>\n<h4><em><strong>Salida y Regreso<\/strong><\/em><\/h4>\n<p><span style=\"font-weight: 400;\">El viajero obtendr\u00e1 un punto de encuentro despu\u00e9s del Proceso de Reserva. Los tours comienzan y terminan en nuestros puntos de encuentro.<\/span><\/p>\n<p>&nbsp;<\/p>\n<h2>Helic\u00f3ptero Punta Cana<\/h2>\n<h4><b><i>\u00bfQue esperar?<\/i><\/b><\/h4>\n<p><em><strong>Consigue tus entradas<\/strong><\/em> para visitar Las Cataratas M\u00e1s Altas del Caribe.\u00a0 <strong>El Salto la Jalda<\/strong> en vuelo en Helic\u00f3ptero desde Punta Cana.<\/p>\n<p>Descubra como un p\u00e1jaro Salto La Jalda, la cascada m\u00e1s alta del Caribe que se encuentra en lo profundo de la Cordillera Oriental y rodeada de una exuberante selva tropical. Una experiencia que nunca olvidaras.<\/p>\n<p>Solo hay una forma de apreciar los amplios valles y el espectacular paisaje de la cascada m\u00e1s alta de la Rep\u00fablica Dominicana: desde el aire. Realice un impresionante vuelo en helic\u00f3ptero sobre el Parque Nacional Salto Jalda para disfrutar de unas vacaciones inolvidables.<\/p>\n<p>La aventura comienza cuando te trasladan de tu hotel al helipuerto. Sube a bordo del helic\u00f3ptero y prep\u00e1rate para despegar. Pronto estar\u00e1 volando por encima de granjas remotas, pueblos y una exuberante selva tropical verde hacia las laderas del norte de la Cordillera Oriental. Sobrevolando los acantilados, tu piloto experto se acercar\u00e1 m\u00e1s que nunca para que admires los 272 pies de altura del Salto Jalda.<\/p>\n<p>Luego, descendiendo a trav\u00e9s del dosel de la jungla, aterrizar\u00e1s en la apartada playa de Playa Esmeralda. Extienda su toalla aqu\u00ed y tome un poco de sol en la arena blanca. Y tiene tiempo para darse un chapuz\u00f3n en el Caribe antes de que el vuelo de regreso ofrezca m\u00e1s vistas desde la tribuna.<\/p>\n<p>&nbsp;<\/p>\n<h4><em><strong>\u00bfQu\u00e9 debes traer?<\/strong><\/em><\/h4>\n<ul>\n<li style=\"font-weight: 400;\"><span style=\"font-weight: 400;\">C\u00e1mara<\/span><\/li>\n<li style=\"font-weight: 400;\"><span style=\"font-weight: 400;\">Cogollos repelentes<\/span><\/li>\n<li style=\"font-weight: 400;\"><span style=\"font-weight: 400;\">crema solar<\/span><\/li>\n<li style=\"font-weight: 400;\"><span style=\"font-weight: 400;\">Sombrero<\/span><\/li>\n<li style=\"font-weight: 400;\"><span style=\"font-weight: 400;\">Pantalones c\u00f3modos<\/span><\/li>\n<li style=\"font-weight: 400;\"><span style=\"font-weight: 400;\">Zapatos de senderismo para el bosque<\/span><\/li>\n<li style=\"font-weight: 400;\"><span style=\"font-weight: 400;\">Vestido nadador<\/span><\/li>\n<li>Botella de agua adicional<\/li>\n<li>Almuerzo o merienda<\/li>\n<\/ul>\n<p>&nbsp;<\/p>\n<h4><b><i>Recogida en el hotel <\/i><\/b><\/h4>\n<p><span style=\"font-weight: 400;\">Se ofrece recogida en el hotel para este tour. <\/span><\/p>\n<p>&nbsp;<\/p>\n<p><b>Nota:<\/b><span style=\"font-weight: 400;\"> Si realiza la reserva dentro de las 24 horas anteriores a la hora de salida del tour\/excursi\u00f3n, podemos organizar la recogida en el hotel sin cargos adicionales. Una vez que se complete su compra, le enviaremos la informaci\u00f3n de contacto completa (n\u00famero de tel\u00e9fono, direcci\u00f3n de correo electr\u00f3nico, etc.) para que nuestro gu\u00eda tur\u00edstico local organice los arreglos de recogida.<\/span><\/p>\n<h4><b><i>Confirmaci\u00f3n de informaci\u00f3n adicional <\/i><\/b><\/h4>\n<ol>\n<li>Los boletos son el Recibo despu\u00e9s de pagar este Tour. Puede mostrar el pago en su tel\u00e9fono.<\/li>\n<li style=\"font-weight: 400;\"><span style=\"font-weight: 400;\">El Punto de Encuentro se recibir\u00e1 Despu\u00e9s del Proceso de Reserva.<\/span><\/li>\n<li style=\"font-weight: 400;\"><span style=\"font-weight: 400;\">Los ni\u00f1os deben estar acompa\u00f1ados por un adulto y la edad m\u00ednima es de 7 a\u00f1os.<\/span><\/li>\n<li class=\"activity-important-information__item\" data-v-772d15b6=\"\" data-v-45a03bbc=\"\">Este tour no se recomienda para personas con movilidad limitada a menos que tengan al menos 2 personas que puedan ayudarlos.<\/li>\n<li class=\"activity-important-information__item\" data-v-772d15b6=\"\" data-v-45a03bbc=\"\">Todos los vuelos est\u00e1n sujetos a disponibilidad y condiciones clim\u00e1ticas.<\/li>\n<li class=\"activity-important-information__item\" data-v-772d15b6=\"\" data-v-45a03bbc=\"\">El proveedor de la actividad se reserva el derecho de agregar m\u00e1s pasajeros al tour.<\/li>\n<li style=\"font-weight: 400;\"><span style=\"font-weight: 400;\"> No accesible para sillas de ruedas <\/span><\/li>\n<li style=\"font-weight: 400;\"><span style=\"font-weight: 400;\">No se permiten beb\u00e9s para este viaje.<\/span><\/li>\n<li style=\"font-weight: 400;\"><span style=\"font-weight: 400;\">No recomendado para viajeros con problemas de espalda.<\/span><\/li>\n<li style=\"font-weight: 400;\"><span style=\"font-weight: 400;\">No recomendado para viajeros embarazadas. <\/span><\/li>\n<li style=\"font-weight: 400;\"><span style=\"font-weight: 400;\"> Sin problemas card\u00edacos u otras condiciones m\u00e9dicas graves. <\/span><\/li>\n<li style=\"font-weight: 400;\"><span style=\"font-weight: 400;\">La mayor\u00eda de los viajeros pueden participar<\/span><\/li>\n<\/ol>\n<h4><b><i>Pol\u00edtica de cancelaci\u00f3n<\/i><\/b><\/h4>\n<p>Para obtener un reembolso completo, lea nuestras Pol\u00edticas de cancelaci\u00f3n\u00a0<a href=\"https:\/\/www.boattoursamana.com\/es\/reserva-en-linea\/\" target=\"_blank\" rel=\"noopener\" data-saferedirecturl=\"https:\/\/www.google.com\/url?q=https:\/\/www.boattoursamana.com\/online-booking\/&amp;source=gmail&amp;ust=1672449202351000&amp;usg=AOvVaw1yAeVAPktmaVCqDujgUn90\">haga clic aqu\u00ed<\/a>. Los fondos se perder\u00e1n si la reserva se cancela el mismo d\u00eda del viaje.<\/p>\n\n\t\t<\/div>\n\t<\/div>\n<div class=\"vc_btn3-container vc_btn3-inline\" ><a class=\"vc_general vc_btn3 vc_btn3-size-md vc_btn3-shape-rounded vc_btn3-style-modern vc_btn3-color-green\" href=\"https:\/\/bookingadventures.tours\/booking.php?tour_id=cf0c7b2af9d3e7d3c0d0b8017c605e6c\" title=\"\" rel=\"noopener\">RESERVAR AHORA<\/a><\/div><\/div><\/div><\/div><\/div><div class=\"vc_row wpb_row vc_row-fluid\" ><div class=\"wpb_column vc_column_container vc_col-sm-12\"><div class=\"vc_column-inner\"><div class=\"wpb_wrapper\">\n\t<div class=\"wpb_text_column wpb_content_element\" >\n\t\t<div class=\"wpb_wrapper\">\n\t\t\t<h4>\u00bfCont\u00e1ctenos?<\/h4>\n<h5><em><strong>Reservando Aventuras<\/strong><\/em><\/h5>\n<p><em><strong>Locales<\/strong> y <strong>Nacionales<\/strong> Gu\u00edas tur\u00edsticos y servicios para hu\u00e9spedes<\/em><\/p>\n<p><span class=\"text-turquoise\">Reservas:<\/span> Tours y Excursiones en Dom. Reps.<\/p>\n<p><img decoding=\"async\" class=\"emoji\" draggable=\"false\" src=\"https:\/\/s.w.org\/images\/core\/emoji\/11.2.0\/svg\/1f4de.svg\" alt=\"\ud83d\udcde\" title=\"\"> Tel\u00e9fono \/ Whatsapp\u00a0 <a href=\"tel:+1-809-720-6035\">+1-809-720-6035<\/a>.<\/p>\n<p><img decoding=\"async\" class=\"emoji\" draggable=\"false\" src=\"https:\/\/s.w.org\/images\/core\/emoji\/11.2.0\/svg\/1f4e9.svg\" alt=\"\ud83d\udce9\" title=\"\"> <a href=\"mailto:info@bookingadventures.com.do\">info@bookingadventures.com.do<\/a><\/p>\n<p><strong>Somos Tours Privados de Ambiente Flexible por Whatsapp: <a href=\"tel:+18097206035\">+18097206035.<\/a><\/strong><\/p>\n\n\t\t<\/div>\n\t<\/div>\n<\/div><\/div><\/div><\/div><div class=\"vc_row wpb_row vc_row-fluid\" ><div class=\"wpb_column vc_column_container vc_col-sm-12\"><div class=\"vc_column-inner\"><div class=\"wpb_wrapper\"><div class=\"vc_btn3-container vc_btn3-inline\" ><a class=\"vc_general vc_btn3 vc_btn3-size-md vc_btn3-shape-rounded vc_btn3-style-modern vc_btn3-color-green\" href=\"https:\/\/bookingadventures.tours\/booking.php?tour_id=cf0c7b2af9d3e7d3c0d0b8017c605e6c\" title=\"\" rel=\"noopener\">RESERVAR AHORA<\/a><\/div><\/div><\/div><\/div><\/div>","protected":false},"excerpt":{"rendered":"<p>Disfruta de una experiencia \u00fanica volando en helic\u00f3ptero sobre la cascada m\u00e1s alta del Caribe, el Salto La Jada. Vea las playas v\u00edrgenes de Punta Cana y descubra la magia de esta incre\u00edble belleza enclavada en lo profundo de una exuberante selva tropical.<\/p>\n<p>&nbsp;<\/p>\n<p><strong>Seleccione la fecha para el Tour:<\/strong><\/p>","protected":false},"featured_media":14053,"template":"","meta":[],"product_cat":[948,170,1044,191,252],"product_tag":[226,635,636,180,637,638,224,225,639,640,227,641,228,175,642,643,644,645],"class_list":["post-14048","product","type-product","status-publish","has-post-thumbnail","hentry","product_cat-1-punta-cana","product_cat-local-tour-guides","product_cat-punta-cana-helicopter","product_cat-swimming-natural-springs","product_cat-waterfalls","product_tag-higthest-waterfall-in-the-caribean","product_tag-hike-la-jalda","product_tag-hike-to-miches-la-jalda-waterfall-waterfalls","product_tag-hiking","product_tag-la-jalda-excursions","product_tag-la-jalda-horses","product_tag-la-jalda-national-park","product_tag-la-jalda-waterfall","product_tag-leaping","product_tag-leaping-jalda","product_tag-magua","product_tag-magua-la-jalda","product_tag-miches","product_tag-sabana-de-la-mar","product_tag-salto-de-la-jalda","product_tag-salto-la-jalda-sabana-de-la-mar","product_tag-salto-la-jalda-tours","product_tag-waterfalls"],"_links":{"self":[{"href":"https:\/\/www.boattoursamana.com\/es\/wp-json\/wp\/v2\/product\/14048","targetHints":{"allow":["GET"]}}],"collection":[{"href":"https:\/\/www.boattoursamana.com\/es\/wp-json\/wp\/v2\/product"}],"about":[{"href":"https:\/\/www.boattoursamana.com\/es\/wp-json\/wp\/v2\/types\/product"}],"wp:featuredmedia":[{"embeddable":true,"href":"https:\/\/www.boattoursamana.com\/es\/wp-json\/wp\/v2\/media\/14053"}],"wp:attachment":[{"href":"https:\/\/www.boattoursamana.com\/es\/wp-json\/wp\/v2\/media?parent=14048"}],"wp:term":[{"taxonomy":"product_cat","embeddable":true,"href":"https:\/\/www.boattoursamana.com\/es\/wp-json\/wp\/v2\/product_cat?post=14048"},{"taxonomy":"product_tag","embeddable":true,"href":"https:\/\/www.boattoursamana.com\/es\/wp-json\/wp\/v2\/product_tag?post=14048"}],"curies":[{"name":"wp","href":"https:\/\/api.w.org\/{rel}","templated":true}]}}