{"id":9218,"date":"2019-07-18T11:24:01","date_gmt":"2019-07-18T11:24:01","guid":{"rendered":"https:\/\/www.ticketswhales.com\/?post_type=product&#038;p=9218"},"modified":"2023-02-14T18:40:51","modified_gmt":"2023-02-14T18:40:51","slug":"samana-cayo-levantado-bacardi-island-and-whale-watching-from-miches-in-catamaran","status":"publish","type":"product","link":"https:\/\/www.boattoursamana.com\/es\/recorrido\/samana-cayo-levantado-isla-bacardi-y-avistamiento-de-ballenas-desde-miches-en-catamaran-2","title":{"rendered":"Saman\u00e1 Cayo Levantado (Isla Bacard\u00ed) y Avistamiento de Ballenas desde Miches en Catamar\u00e1n"},"content":{"rendered":"<div class=\"vc_row wpb_row vc_row-fluid\" ><div class=\"wpb_column vc_column_container vc_col-sm-12\"><div class=\"vc_column-inner\"><div class=\"wpb_wrapper\">\n\t<div class=\"wpb_text_column wpb_content_element\" >\n\t\t<div class=\"wpb_wrapper\">\n\t\t\t<p><span style=\"vertical-align: inherit;\"><span style=\"vertical-align: inherit;\"><\/p>\n\n\t\t<\/div>\n\t<\/div>\n<\/div><\/div><\/div><\/div><div class=\"vc_row wpb_row vc_row-fluid\" ><\/div><div class=\"wpb_column vc_column_container vc_col-sm-12\"><div class=\"vc_column-inner\"><div class=\"wpb_wrapper\"><\/div><\/div><\/div><div class=\"vc_row wpb_row vc_row-fluid\" ><\/div><div class=\"wpb_column vc_column_container vc_col-sm-12\"><div class=\"vc_column-inner\"><div class=\"wpb_wrapper\"><div class=\"vc_btn3-container vc_btn3-inline\" ><button class=\"vc_general vc_btn3 vc_btn3-size-md vc_btn3-shape-rounded vc_btn3-style-modern vc_btn3-color-green\">RESERVAR AHORA<\/button><\/div><\/div><\/div><\/div><div class=\"mkdf-section-title-holder\" style=\"text-align: left\">\n\t<div class=\"mkdf-st-inner\">\n\t\t\t\t\t\t\t<h3 class=\"mkdf-st-title\" >\n\t\t\t\tCayo Levantado + Avistamiento de ballenas de Miches en catamar\u00e1n\t\t\t<\/h3>\n\t\t\t\t\t<\/div>\n<\/div><div class=\"vc_empty_space\"   style=\"height: 32px\"><span class=\"vc_empty_space_inner\"><\/span><\/div>\n\t<div class=\"wpb_text_column wpb_content_element\" >\n\t\t<div class=\"wpb_wrapper\">\n\t\t\t<p>\u00a0<\/span><\/span><\/p>\n<div class=\"vc_empty_space\"><\/div>\n<div class=\"wpb_text_column wpb_content_element\">\n<div class=\"wpb_wrapper\">\n<div class=\"vc_row wpb_row vc_row-fluid\">\n<div class=\"wpb_column vc_column_container vc_col-sm-12\">\n<div class=\"vc_column-inner\">\n<div class=\"wpb_wrapper\">\n<div class=\"wpb_text_column wpb_content_element\">\n<div class=\"wpb_wrapper\">\n<div class=\"vc_row wpb_row vc_row-fluid\">\n<div class=\"wpb_column vc_column_container vc_col-sm-12\">\n<div class=\"vc_column-inner\">\n<div class=\"wpb_wrapper\">\n<div class=\"wpb_text_column wpb_content_element\">\n<div class=\"wpb_wrapper\">\n<h4><a id=\"overview\" class=\"aal_anchor\" href=\"https:\/\/www.boattoursamana.com\/es\/recorrido\/samana-cayo-levantado-isla-bacardi-y-avistamiento-de-ballenas-desde-miches-en-catamaran-2\/#overview\" aria-hidden=\"true\"><\/a><b><i>Descripci\u00f3n general<\/i><\/b><\/h4>\n<p>Avistamiento de ballenas en la bah\u00eda de Saman\u00e1 desde el puerto de Miches en Catamar\u00e1n. Este viaje comienza a las 9:00 a. m. y finaliza a las 5:00 p. m. Encuentro antes en Nuestro puerto en Miches. Despu\u00e9s de abortar nuestro Catamar\u00e1n o Bote para visitar las Ballenas en su propio h\u00e1bitat.<\/p>\n<p>Desde las 9:00 am hasta las 12:00 del mediod\u00eda observatorio de avistamiento de ballenas y despu\u00e9s de este viaje de ballenas visitaremos la isla Bacard\u00ed \/ Cayo Levantado. En Isla Bacard\u00ed, se brindar\u00e1 Almuerzo Buffet al Estilo T\u00edpico Dominicano. Cuando termine el almuerzo, puede nadar hasta las 4:30 p.m. El tour finalizar\u00e1 a las 17:00 horas en el mismo puerto donde se iniciar\u00e1.<\/p>\n<p>Nota: Este tour no es privado.<strong>\u00a0Para un tour privado por favor cont\u00e1ctenos.<\/strong><\/p>\n<ul>\n<li>Viaje de avistamiento de ballenas<\/li>\n<li>Entradas al Observatorio<\/li>\n<li>Incluye Almuerzo Buffet en la playa<\/li>\n<li>Traslado en barco<\/li>\n<li>El Capit\u00e1n proporciona instrucci\u00f3n y Supervisi\u00f3n.<\/li>\n<li>Gu\u00eda tur\u00edstico<\/li>\n<\/ul>\n<p>&nbsp;<\/p>\n<h4><a id=\"inclusions-exclusions\" class=\"aal_anchor\" href=\"https:\/\/www.boattoursamana.com\/es\/recorrido\/samana-cayo-levantado-isla-bacardi-y-avistamiento-de-ballenas-desde-miches-en-catamaran-2\/#inclusions-exclusions\" aria-hidden=\"true\"><\/a><b>Inclusiones y Exclusiones<\/b><\/h4>\n<p>&nbsp;<\/p>\n<p><b>Inclusiones<\/b><\/p>\n<p>&nbsp;<\/p>\n<ol>\n<li>Almuerzo buffet en la playa<\/li>\n<li>Avistamiento de ballenas<\/li>\n<li>Gu\u00eda tur\u00edstico<\/li>\n<li>Paseo en Catamar\u00e1n o Barco<\/li>\n<li>Todos los impuestos, tasas y gastos de tramitaci\u00f3n<\/li>\n<li>Impuestos locales<\/li>\n<li>Bebidas<\/li>\n<li>Bebidas alcoh\u00f3licas<\/li>\n<\/ol>\n<p><b>Exclusiones<\/b><\/p>\n<ol>\n<li>Propinas<\/li>\n<li>Transferencia de coche<\/li>\n<\/ol>\n<p>&nbsp;<\/p>\n<h4><a id=\"departure-return\" class=\"aal_anchor\" href=\"https:\/\/www.boattoursamana.com\/es\/recorrido\/samana-cayo-levantado-isla-bacardi-y-avistamiento-de-ballenas-desde-miches-en-catamaran-2\/#departure-return\" aria-hidden=\"true\"><\/a><em><strong>Salida y Regreso<\/strong><\/em><\/h4>\n<p>El viajero obtendr\u00e1 un punto de encuentro despu\u00e9s del Proceso de Reserva. Los tours comienzan y terminan en nuestros puntos de encuentro.<\/p>\n<p>&nbsp;<\/p>\n<h4><a id=\"what-to-expect\" class=\"aal_anchor\" href=\"https:\/\/www.boattoursamana.com\/es\/recorrido\/samana-cayo-levantado-isla-bacardi-y-avistamiento-de-ballenas-desde-miches-en-catamaran-2\/#what-to-expect\" aria-hidden=\"true\"><\/a><b><i>\u00bfQue esperar?<\/i><\/b><\/h4>\n<p>&nbsp;<\/p>\n<p><em><strong>Consigue tus entradas<\/strong><\/em>\u00a0por un d\u00eda de excursi\u00f3n de avistamiento de ballenas en la bah\u00eda de Saman\u00e1 desde Miches en catamar\u00e1n con bebidas locales m\u00e1s un maravilloso almuerzo y tiempo en la playa.<\/p>\n<p>El Daypass para el avistamiento de cet\u00e1ceos, organizado por \u201cBooking Adventures\u201d, comienza en el punto de encuentro fijado con el Gu\u00eda Tur\u00edstico. Almuerzo en la playa y puedes quedarte todo el tiempo que quieras nadando. Si eres vegano tambi\u00e9n podemos prepararte algo de comida.<\/p>\n<p><strong>Calendario:<\/strong><\/p>\n<p>8:45 a. m. a 5:00 p. m.<\/p>\n<p>&nbsp;<\/p>\n<h4><a id=\"what-you-should-bring\" class=\"aal_anchor\" href=\"https:\/\/www.boattoursamana.com\/es\/recorrido\/samana-cayo-levantado-isla-bacardi-y-avistamiento-de-ballenas-desde-miches-en-catamaran-2\/#what-you-should-bring\" aria-hidden=\"true\"><\/a><em><strong>\u00bfQu\u00e9 debes traer?<\/strong><\/em><\/h4>\n<ul>\n<li>C\u00e1mara<\/li>\n<li>Cogollos repelentes<\/li>\n<li>crema solar<\/li>\n<li>Sombrero<\/li>\n<li>Pantalones c\u00f3modos<\/li>\n<li>Sandalias a la playa<\/li>\n<li>Vestido nadador<\/li>\n<li>Efectivo para souvenirs<\/li>\n<\/ul>\n<p>&nbsp;<\/p>\n<h4><a id=\"hotel-pickup\" class=\"aal_anchor\" href=\"https:\/\/www.boattoursamana.com\/es\/recorrido\/samana-cayo-levantado-isla-bacardi-y-avistamiento-de-ballenas-desde-miches-en-catamaran-2\/#hotel-pickup\" aria-hidden=\"true\"><\/a><b><i>Recogida en el hotel<\/i><\/b><\/h4>\n<p>No se ofrece recogida en el hotel para este tour.<\/p>\n<p>&nbsp;<\/p>\n<p><b>Nota:<\/b>\u00a0Si realiza la reserva dentro de las 24 horas anteriores a la hora de salida del tour\/excursi\u00f3n, podemos organizar la recogida en el hotel con cargos adicionales. Una vez que se complete su compra, le enviaremos la informaci\u00f3n de contacto completa (n\u00famero de tel\u00e9fono, direcci\u00f3n de correo electr\u00f3nico, etc.) para que nuestro gu\u00eda tur\u00edstico local organice los arreglos de recogida.<\/p>\n<h4><a id=\"additional-info-confirmation\" class=\"aal_anchor\" href=\"https:\/\/www.boattoursamana.com\/es\/recorrido\/samana-cayo-levantado-isla-bacardi-y-avistamiento-de-ballenas-desde-miches-en-catamaran-2\/#additional-info-confirmation\" aria-hidden=\"true\"><\/a><b><i>Confirmaci\u00f3n de informaci\u00f3n adicional<\/i><\/b><\/h4>\n<ol>\n<li>Los boletos son el Recibo despu\u00e9s de pagar este Tour. Puede mostrar el pago en su tel\u00e9fono.<\/li>\n<li>El Punto de Encuentro se recibir\u00e1 Despu\u00e9s del Proceso de Reserva.<\/li>\n<li>Los ni\u00f1os deben estar acompa\u00f1ados por un adulto.<\/li>\n<li>silla de ruedas accesible<\/li>\n<li>Los beb\u00e9s deben sentarse en el regazo<\/li>\n<li>La mayor\u00eda de los viajeros pueden participar<\/li>\n<\/ol>\n<h4><a id=\"cancellation-policy\" class=\"aal_anchor\" href=\"https:\/\/www.boattoursamana.com\/es\/recorrido\/samana-cayo-levantado-isla-bacardi-y-avistamiento-de-ballenas-desde-miches-en-catamaran-2\/#cancellation-policy\" aria-hidden=\"true\"><\/a><b><i>Pol\u00edtica de cancelaci\u00f3n<\/i><\/b><\/h4>\n<p>Para obtener un reembolso completo, cancele al menos 24 horas antes de la fecha de inicio de la experiencia.<\/p>\n<\/div>\n<\/div>\n<\/div>\n<\/div>\n<\/div>\n<\/div>\n<\/div>\n<\/div>\n<\/div>\n<\/div>\n<\/div>\n<\/div>\n<div class=\"vc_row wpb_row vc_row-fluid\">\n<div class=\"wpb_column vc_column_container vc_col-sm-12\">\n<div class=\"vc_column-inner\">\n<div class=\"wpb_wrapper\">\n<div class=\"vc_empty_space\"><\/div>\n<div class=\"wpb_text_column wpb_content_element\">\n<div class=\"wpb_wrapper\">\n<h4><a id=\"contact-us\" class=\"aal_anchor\" href=\"https:\/\/www.boattoursamana.com\/es\/recorrido\/samana-cayo-levantado-isla-bacardi-y-avistamiento-de-ballenas-desde-miches-en-catamaran-2\/#contact-us\" aria-hidden=\"true\"><\/a>\u00bfCont\u00e1ctenos?<\/h4>\n<h5><\/h5>\n<p><em><strong>Locales<\/strong>\u00a0y\u00a0<strong>Nacionales<\/strong>\u00a0Gu\u00edas tur\u00edsticos y servicios para hu\u00e9spedes<\/em><\/p>\n<p><span class=\"text-turquoise\">Reservas:<\/span>\u00a0Tours y Excursiones en Dom. Reps.<\/p>\n<p><img decoding=\"async\" class=\"emoji\" title=\"Saman\u00e1 Cayo Levantado (Isla Bacard\u00ed) y Avistamiento de Ballenas desde Miches en Catamar\u00e1n 1\" draggable=\"false\" src=\"https:\/\/s.w.org\/images\/core\/emoji\/11.2.0\/svg\/1f4de.svg\" alt=\"\ud83d\udcde\" \/> Tel\u00e9fono \/ Whatsapp <strong><a href=\"tel:+1 (829) 318-9463\">+1 (829) 318-9463.<\/a><\/strong><\/p>\n<p><img decoding=\"async\" class=\"emoji\" title=\"Saman\u00e1 Cayo Levantado (Isla Bacard\u00ed) y Avistamiento de Ballenas desde Miches en Catamar\u00e1n 2\" draggable=\"false\" src=\"https:\/\/s.w.org\/images\/core\/emoji\/11.2.0\/svg\/1f4e9.svg\" alt=\"\ud83d\udce9\" \/>\u00a0<a href=\"mailto:reservabatour@gmail.com\">reservabatour@gmail.com<\/a><\/p>\n<p><strong>Somos Tours Privados de Ambiente Flexible por Whatsapp:\u00a0<a href=\"tel:+1 (829) 318-9463\">+1 (829) 318-9463.<\/a><\/strong><\/p>\n<\/div>\n<\/div>\n<\/div>\n<\/div>\n<\/div>\n<\/div>\n<\/div>\n<\/div>\n\n\t\t<\/div>\n\t<\/div>\n<div class=\"vc_row wpb_row vc_row-fluid\" ><div class=\"wpb_column vc_column_container vc_col-sm-12\"><div class=\"vc_column-inner\"><div class=\"wpb_wrapper\"><div class=\"vc_btn3-container vc_btn3-inline\" ><button class=\"vc_general vc_btn3 vc_btn3-size-md vc_btn3-shape-rounded vc_btn3-style-modern vc_btn3-color-green\">RESERVAR AHORA<\/button><\/div><\/div><\/div><\/div><\/div>","protected":false},"excerpt":{"rendered":"<p><span style=\"vertical-align: inherit;\"><span style=\"vertical-align: inherit;\">Whale Miches Tours &amp; Excursiones. <\/span><span style=\"vertical-align: inherit;\">Reserve sus boletos para el avistamiento de ballenas en la Bah\u00eda de Saman\u00e1, comenzando desde Miches y visitando Cayo Levantado, tambi\u00e9n conocida como Isla Bacard\u00ed para una aventura con pase de un d\u00eda.<\/span><\/span><\/p>\n<p>&nbsp;<\/p>\n<p><em><strong><span style=\"vertical-align: inherit;\"><span style=\"vertical-align: inherit;\">Seleccione la fecha de la excursi\u00f3n:<\/span><\/span><\/strong><\/em><\/p>","protected":false},"featured_media":11588,"template":"","meta":[],"product_cat":[255,937],"product_tag":[393,375,342,392,391,276,274,322,394,390],"class_list":["post-9218","product","type-product","status-publish","has-post-thumbnail","hentry","product_cat-tours-excursions-samana-bay-dominican-republic","product_cat-whale-watching-miches","product_tag-miches-whale-watching","product_tag-samana-dominican-republic","product_tag-samana-whale-watching","product_tag-samana-whale-watching-price","product_tag-things-to-do-in-dominican-republic","product_tag-whale-samana","product_tag-whale-watching-dominican-republic","product_tag-whale-watching-miches","product_tag-whale-watching-miches-dominican-republic","product_tag-when-to-see-whales-dominican-republic"],"_links":{"self":[{"href":"https:\/\/www.boattoursamana.com\/es\/wp-json\/wp\/v2\/product\/9218","targetHints":{"allow":["GET"]}}],"collection":[{"href":"https:\/\/www.boattoursamana.com\/es\/wp-json\/wp\/v2\/product"}],"about":[{"href":"https:\/\/www.boattoursamana.com\/es\/wp-json\/wp\/v2\/types\/product"}],"wp:featuredmedia":[{"embeddable":true,"href":"https:\/\/www.boattoursamana.com\/es\/wp-json\/wp\/v2\/media\/11588"}],"wp:attachment":[{"href":"https:\/\/www.boattoursamana.com\/es\/wp-json\/wp\/v2\/media?parent=9218"}],"wp:term":[{"taxonomy":"product_cat","embeddable":true,"href":"https:\/\/www.boattoursamana.com\/es\/wp-json\/wp\/v2\/product_cat?post=9218"},{"taxonomy":"product_tag","embeddable":true,"href":"https:\/\/www.boattoursamana.com\/es\/wp-json\/wp\/v2\/product_tag?post=9218"}],"curies":[{"name":"wp","href":"https:\/\/api.w.org\/{rel}","templated":true}]}}