{"id":9613,"date":"2019-10-11T07:35:12","date_gmt":"2019-10-11T07:35:12","guid":{"rendered":"https:\/\/www.ticketswhales.com\/?post_type=product&#038;p=9613"},"modified":"2023-11-04T16:43:25","modified_gmt":"2023-11-04T16:43:25","slug":"samana-day-trip-from-punta-cana-el-limon-waterfall-and-bacardi-island","status":"publish","type":"product","link":"https:\/\/www.boattoursamana.com\/es\/recorrido\/samana-day-trip-from-punta-cana-el-limon-waterfall-e-bacardi-island","title":{"rendered":"Punta Cana: Excursi\u00f3n de un d\u00eda a Saman\u00e1 - Cascada El Lim\u00f3n e Isla Bacard\u00ed"},"content":{"rendered":"<div class=\"vc_row wpb_row vc_row-fluid\" ><div class=\"wpb_column vc_column_container vc_col-sm-12\"><div class=\"vc_column-inner\"><div class=\"wpb_wrapper\"><div class=\"mkdf-section-title-holder\" style=\"text-align: left\">\n\t<div class=\"mkdf-st-inner\">\n\t\t\t\t\t<h5 class=\"mkdf-st-subtitle\" >\n\t\t\t\t(Recogida en Punta Cana)\t\t\t<\/h5>\n\t\t\t\t\t\t\t<h3 class=\"mkdf-st-title\" >\n\t\t\t\tEscapada de un d\u00eda a Saman\u00e1 desde Punta Cana - Cascada El Lim\u00f3n e Isla Bacard\u00ed\t\t\t<\/h3>\n\t\t\t\t\t<\/div>\n<\/div><div class=\"vc_empty_space\"   style=\"height: 32px\"><span class=\"vc_empty_space_inner\"><\/span><\/div>\n\t<div class=\"wpb_text_column wpb_content_element\" >\n\t\t<div class=\"wpb_wrapper\">\n\t\t\t<div class=\"vc_row wpb_row vc_row-fluid\">\n<div class=\"wpb_column vc_column_container vc_col-sm-12\">\n<div class=\"vc_column-inner\">\n<div class=\"wpb_wrapper\">\n<div class=\"mkdf-section-title-holder\">\n<div class=\"mkdf-st-inner\">\n<h5 class=\"mkdf-st-subtitle\">(Recogida en Punta Cana)<\/h5>\n<h3 class=\"mkdf-st-title\">Escapada de un d\u00eda a Saman\u00e1 desde Punta Cana - Cascada El Lim\u00f3n e Isla Bacard\u00ed<\/h3>\n<\/div>\n<\/div>\n<\/div>\n<\/div>\n<\/div>\n<\/div>\n<div class=\"vc_row wpb_row vc_row-fluid\"><\/div>\n<div class=\"wpb_column vc_column_container vc_col-sm-12\">\n<div class=\"vc_column-inner\">\n<div class=\"wpb_wrapper\"><\/div>\n<\/div>\n<\/div>\n<div class=\"wpb_text_column wpb_content_element\">\n<div class=\"wpb_wrapper\"><\/div>\n<\/div>\n<h4><a id=\"overview\" class=\"aal_anchor\" href=\"https:\/\/bookingadventures.com.do\/dominicantour\/samana-day-trip-from-punta-cana-el-limon-waterfall-and-bacardi-island\/#overview\" aria-hidden=\"true\" rel=\"noopener\"><\/a><b><i>Descripci\u00f3n general<\/i><\/b><\/h4>\n<p>Si est\u00e1s en Punta Cana o B\u00e1varo, y quieres tener un viaje de un d\u00eda pagando menos de lo habitual, no dudes en reservar este viaje. Dentro de este viaje, lo llevaremos a Saman\u00e1, donde en un catamar\u00e1n, lo llevar\u00e1n a Sabana de la Mar, un municipio de Hato Mayor, la casa del Parque Nacional Los Haitises. Este viaje incluye visitar las comunidades de Saman\u00e1 y El Lim\u00f3n donde podr\u00e1 montar a caballo o caminar hasta una cascada justo despu\u00e9s de cruzar la Bah\u00eda de Saman\u00e1. El almuerzo se servir\u00e1 en la isla Bacard\u00ed. Los viajes comienzan a las 6:00 am y terminan a las 6:30 pm. \u00a1Haz tu reserva ahora!<\/p>\n<p>Despu\u00e9s de esta experiencia, lo dejaremos en su hotel.<\/p>\n<ul>\n<li>Tarifas incluidas<\/li>\n<li>Almuerzo en la playa incluido<\/li>\n<li>Traslado incluido<\/li>\n<li>La gu\u00eda proporciona instrucci\u00f3n y supervisi\u00f3n.<\/li>\n<\/ul>\n<p>&nbsp;<\/p>\n<h4><a id=\"inclusions-exclusions\" class=\"aal_anchor\" href=\"https:\/\/bookingadventures.com.do\/dominicantour\/samana-day-trip-from-punta-cana-el-limon-waterfall-and-bacardi-island\/#inclusions-exclusions\" aria-hidden=\"true\" rel=\"noopener\"><\/a><b>Inclusiones y Exclusiones<\/b><\/h4>\n<p>&nbsp;<\/p>\n<p><b>Inclusiones<\/b><\/p>\n<p>&nbsp;<\/p>\n<ol>\n<li>recogida en hoteles<\/li>\n<li>Bah\u00eda de Saman\u00e1<\/li>\n<li>Isla Bacard\u00ed, playa y almuerzo<\/li>\n<li>Safari a El Lim\u00f3n<\/li>\n<li>Cabalgata o Senderismo a Cascadas<\/li>\n<li>C\u00f3cteles Dominicanos<\/li>\n<li>Todos los impuestos, tasas y gastos de tramitaci\u00f3n<\/li>\n<li>Impuestos locales<\/li>\n<li>Bebidas<\/li>\n<li>Todas las actividades<\/li>\n<li>Gu\u00eda local<\/li>\n<\/ol>\n<p><b>Exclusiones<\/b><\/p>\n<ol>\n<li>Propinas<\/li>\n<li>Bebidas alcoh\u00f3licas despu\u00e9s de c\u00f3cteles<\/li>\n<\/ol>\n<p>&nbsp;<\/p>\n<h4><a id=\"departure-return\" class=\"aal_anchor\" href=\"https:\/\/bookingadventures.com.do\/dominicantour\/samana-day-trip-from-punta-cana-el-limon-waterfall-and-bacardi-island\/#departure-return\" aria-hidden=\"true\" rel=\"noopener\"><\/a><em><strong>Salida y Regreso<\/strong><\/em><\/h4>\n<p>El viajero obtendr\u00e1 un punto de encuentro despu\u00e9s del Proceso de Reserva. Los tours comienzan y terminan en nuestros puntos de encuentro.<\/p>\n<p>&nbsp;<\/p>\n<h3><a id=\"samana-day-trip-from-punta-cana-el-limon-waterfall-and-bacardi-island\" class=\"aal_anchor\" href=\"https:\/\/bookingadventures.com.do\/dominicantour\/samana-day-trip-from-punta-cana-el-limon-waterfall-and-bacardi-island\/#samana-day-trip-from-punta-cana-el-limon-waterfall-and-bacardi-island\" aria-hidden=\"true\" rel=\"noopener\"><\/a>Excursi\u00f3n de un d\u00eda a Saman\u00e1 desde Punta Cana: cascada El Lim\u00f3n e isla Bacard\u00ed<\/h3>\n<h4><a id=\"what-to-expect\" class=\"aal_anchor\" href=\"https:\/\/bookingadventures.com.do\/dominicantour\/samana-day-trip-from-punta-cana-el-limon-waterfall-and-bacardi-island\/#what-to-expect\" aria-hidden=\"true\" rel=\"noopener\"><\/a><b><i>\u00bfQue esperar?<\/i><\/b><\/h4>\n<p>&nbsp;<\/p>\n<p><strong>Consigue tus entradas ahora<\/strong>. Las cascadas, cabalgatas, caminatas y tour de safari, nataci\u00f3n en manantiales naturales, almuerzo en la isla Bacard\u00ed y otras actividades divertidas te est\u00e1n esperando.<\/p>\n<p>Saliendo de Punta Cana en un autob\u00fas, nos dirigiremos al puerto de la Bah\u00eda de Saman\u00e1. Una vez en el puerto, abordaremos un bote o catamar\u00e1n con gu\u00edas tur\u00edsticos locales que lo dirigir\u00e1n a la comunidad de Saman\u00e1. En esta comunidad, un Safari Tour lo llevar\u00e1 y le ense\u00f1ar\u00e1 sobre la historia de este pueblo. Pero esto no es todo, le sigue la cascada El Lim\u00f3n, aqu\u00ed podr\u00e1 nadar y caminar o montar a caballo. La cascada El Lim\u00f3n es un fant\u00e1stico monumento natural con un bosque tropical y manantiales naturales claros. En el camino de regreso a Saman\u00e1, haremos una parada en la isla Bacard\u00ed, donde se servir\u00e1 un almuerzo y podr\u00e1 nadar en una de las piscinas m\u00e1s naturales de Rep\u00fablica Dominicana.<\/p>\n<p>&nbsp;<\/p>\n<p>En caso de que desee ajustar este viaje para que sea m\u00e1s corto o m\u00e1s largo, cont\u00e1ctenos.<\/p>\n<p>&nbsp;<\/p>\n<h4><a id=\"what-you-should-bring\" class=\"aal_anchor\" href=\"https:\/\/bookingadventures.com.do\/dominicantour\/samana-day-trip-from-punta-cana-el-limon-waterfall-and-bacardi-island\/#what-you-should-bring\" aria-hidden=\"true\" rel=\"noopener\"><\/a><em><strong>\u00bfQu\u00e9 debes traer?<\/strong><\/em><\/h4>\n<ul>\n<li>C\u00e1mara<\/li>\n<li>Cogollos repelentes<\/li>\n<li>crema solar<\/li>\n<li>Sombrero<\/li>\n<li>Pantalones c\u00f3modos<\/li>\n<li>Zapatos de senderismo para el bosque<\/li>\n<li>Sandalias para las zonas Primavera.<\/li>\n<li>Vestido nadador<\/li>\n<\/ul>\n<p>&nbsp;<\/p>\n<h4><a id=\"hotel-pickup\" class=\"aal_anchor\" href=\"https:\/\/bookingadventures.com.do\/dominicantour\/samana-day-trip-from-punta-cana-el-limon-waterfall-and-bacardi-island\/#hotel-pickup\" aria-hidden=\"true\" rel=\"noopener\"><\/a><b><i>Recogida en el hotel<\/i><\/b><\/h4>\n<p>\u00a1Se ofrece recogida de viajeros!<\/p>\n<p>Recogemos en todos los hoteles de Punta Cana. El lugar de recogida es el vest\u00edbulo del hotel.<br \/>\nSi se hospeda en un condominio en el \u00e1rea, lo estaremos recogiendo en el condominio o en la entrada del resort m\u00e1s cercano. Programamos la recogida contact\u00e1ndonos por Whatsapp.<\/p>\n<p><b>Nota:<\/b>\u00a0Si realiza la reserva dentro de las 24 horas anteriores a la hora de salida del tour\/excursi\u00f3n, podemos organizar la recogida en el hotel. Una vez que se complete su compra, le enviaremos la informaci\u00f3n de contacto completa (n\u00famero de tel\u00e9fono, direcci\u00f3n de correo electr\u00f3nico, etc.) para que nuestro gu\u00eda tur\u00edstico local organice los arreglos de recogida.<\/p>\n<h4><a id=\"additional-info-confirmation\" class=\"aal_anchor\" href=\"https:\/\/bookingadventures.com.do\/dominicantour\/samana-day-trip-from-punta-cana-el-limon-waterfall-and-bacardi-island\/#additional-info-confirmation\" aria-hidden=\"true\" rel=\"noopener\"><\/a><b><i>Confirmaci\u00f3n de informaci\u00f3n adicional<\/i><\/b><\/h4>\n<ol>\n<li>Los boletos son el Recibo despu\u00e9s de pagar este Tour. Puede mostrar el pago en su tel\u00e9fono.<\/li>\n<li>El Punto de Encuentro se recibir\u00e1 Despu\u00e9s del Proceso de Reserva.<\/li>\n<li>Los ni\u00f1os deben estar acompa\u00f1ados por un adulto.<\/li>\n<li>No accesible para sillas de ruedas<\/li>\n<li>Los beb\u00e9s deben sentarse en el regazo<\/li>\n<li>No recomendado para viajeros con problemas de espalda.<\/li>\n<li>No recomendado para viajeros embarazadas.<\/li>\n<li>Sin problemas card\u00edacos u otras condiciones m\u00e9dicas graves.<\/li>\n<li>La mayor\u00eda de los viajeros pueden participar<\/li>\n<\/ol>\n\n\t\t<\/div>\n\t<\/div>\n<\/div><\/div><\/div><\/div><div class=\"wpb_column vc_column_container vc_col-sm-12\"><div class=\"vc_column-inner\"><div class=\"wpb_wrapper\"><\/div><\/div><\/div><div class=\"wpb_column vc_column_container vc_col-sm-12\"><div class=\"vc_column-inner\"><div class=\"wpb_wrapper\"><\/div><\/div><\/div>","protected":false},"excerpt":{"rendered":"<p>Si est\u00e1s en Punta Cana o B\u00e1varo y quieres hacer una excursi\u00f3n de un d\u00eda pagando menos de lo habitual, reserva esta excursi\u00f3n. Dentro de este viaje, lo llevaremos a Saman\u00e1, donde en un catamar\u00e1n lo llevar\u00e1n a Sabana de la Mar, municipio de Hato Mayor, hogar del Parque Nacional Los Haitises. Este viaje incluye Safari Tour, catamar\u00e1n, nado en cascada y playa, y m\u00e1s. El viaje comienza a las 6:00 am y finaliza a las 6:30 pm.<\/p>\n<p><strong>Selecciona la fecha del tour\u00a0<\/strong><\/p>","protected":false},"featured_media":11580,"template":"","meta":[],"product_cat":[456,948,961,959,189,972,963,190,307,253,254,255],"product_tag":[184,183,384,223,382,380,185,381,222,175,383,186,458,457,200,187],"class_list":["post-9613","product","type-product","status-publish","has-post-thumbnail","hentry","product_cat-day-trips","product_cat-1-punta-cana","product_cat-el-limon-horseback-riding","product_cat-el-limon-punta-cana","product_cat-horse-riding-to-waterfalls","product_cat-punta-cana-group-tours","product_cat-punta-cana-samana-day-trips","product_cat-safari-samana","product_cat-salto-el-limon-and-bacardi-island","product_cat-tours-and-excursions","product_cat-tours-excursions-los-haitises-national-park","product_cat-tours-excursions-samana-bay-dominican-republic","product_tag-bacardi-island","product_tag-beach-time","product_tag-cascada-el-limon-salto-el-limon-samana-republica-dominicana","product_tag-cayo-levantado","product_tag-el-limon-waterfall-bacardi-island-from-punta-cana","product_tag-el-limon-waterfall-and-bacardi-island-tour-from-punta-cana","product_tag-el-limon-waterfalls","product_tag-guided-adventures","product_tag-punta-cana","product_tag-sabana-de-la-mar","product_tag-salto-de-limon-punta-cana","product_tag-samana","product_tag-samana-day-trip-from-punta-cana","product_tag-samana-day-trip-from-punta-cana-el-limon-waterfall-and-bacardi-island","product_tag-samana-excursions","product_tag-samana-tours"],"_links":{"self":[{"href":"https:\/\/www.boattoursamana.com\/es\/wp-json\/wp\/v2\/product\/9613","targetHints":{"allow":["GET"]}}],"collection":[{"href":"https:\/\/www.boattoursamana.com\/es\/wp-json\/wp\/v2\/product"}],"about":[{"href":"https:\/\/www.boattoursamana.com\/es\/wp-json\/wp\/v2\/types\/product"}],"wp:featuredmedia":[{"embeddable":true,"href":"https:\/\/www.boattoursamana.com\/es\/wp-json\/wp\/v2\/media\/11580"}],"wp:attachment":[{"href":"https:\/\/www.boattoursamana.com\/es\/wp-json\/wp\/v2\/media?parent=9613"}],"wp:term":[{"taxonomy":"product_cat","embeddable":true,"href":"https:\/\/www.boattoursamana.com\/es\/wp-json\/wp\/v2\/product_cat?post=9613"},{"taxonomy":"product_tag","embeddable":true,"href":"https:\/\/www.boattoursamana.com\/es\/wp-json\/wp\/v2\/product_tag?post=9613"}],"curies":[{"name":"wp","href":"https:\/\/api.w.org\/{rel}","templated":true}]}}