{"id":15730,"date":"2023-07-15T07:42:45","date_gmt":"2023-07-15T07:42:45","guid":{"rendered":"https:\/\/www.ticketswhales.com\/salto-la-jalda-hiking-and-swimming\/"},"modified":"2023-07-15T07:42:45","modified_gmt":"2023-07-15T07:42:45","slug":"salto-la-jalda-hiking-and-swimming","status":"publish","type":"page","link":"https:\/\/www.boattoursamana.com\/et\/salto-la-jalda-matkamine-ja-ujumine","title":{"rendered":"Salto La Jalda (matkamine ja ujumine)"},"content":{"rendered":"<p>Ekstreemne seiklus Kariibi mere k\u00f5rgema kose juurde. Tulge koos kohalike elanikega kose juurde matkama v\u00f5i ratsutama. Metsa t\u00f5elise Dominikaani elustiili tundma\u00f5ppimine. Dominikaani Vabariigi suurimate kakaometsade istanduste k\u00fclastamine ja selle loo \u00f5ppimine Natives Touri giididega.<br \/>\nn<br \/>\nnSelle reisi broneerimisel toetate perekondi Maguast, Sabana de la Mari kogukonnast. Kus ei ole aastaringselt turiste. Raha j\u00e4\u00e4b nendele kohalikele.<br \/>\nn<br \/>\nn&nbsp;<br \/>\nn<br \/>\nn<strong>Palun valige ringk\u00e4igu kuup\u00e4ev\u00a0<\/strong><\/p>\n<p>&nbsp;<\/p>\n<div class=\"vc_row wpb_row vc_row-fluid\" ><div class=\"wpb_column vc_column_container vc_col-sm-12\"><div class=\"vc_column-inner\"><div class=\"wpb_wrapper\"><div class=\"mkdf-section-title-holder\" style=\"text-align: left\">\n\t<div class=\"mkdf-st-inner\">\n\t\t\t\t\t<h5 class=\"mkdf-st-subtitle\" >\n\t\t\t\tKariibi mere k\u00f5rgeim juga 272 jalga\t\t\t<\/h5>\n\t\t\t\t\t\t\t<h3 class=\"mkdf-st-title\" >\n\t\t\t\tSalto de la Jalda rahvuspark\t\t\t<\/h3>\n\t\t\t\t\t\t\t<p class=\"mkdf-st-text\" >\n\t\t\t\tMatk v\u00f5i ratsutamine.\t\t\t<\/p>\n\t\t\t<\/div>\n<\/div><\/div><\/div><\/div><\/div><div class=\"vc_row wpb_row vc_row-fluid\" ><div class=\"wpb_column vc_column_container vc_col-sm-12\"><div class=\"vc_column-inner\"><div class=\"wpb_wrapper\"><div class=\"vc_btn3-container vc_btn3-inline\" ><button class=\"vc_general vc_btn3 vc_btn3-size-md vc_btn3-shape-rounded vc_btn3-style-modern vc_btn3-color-green\">BRONEERI KOHE<\/button><\/div>\n\t<div class=\"wpb_text_column wpb_content_element\" >\n\t\t<div class=\"wpb_wrapper\">\n\t\t\t<p>\nn<\/p>\n<h4><b><i>\u00dclevaade <\/i><\/b><\/h4>\n<p>nSee on privaatne ringreis\u00a0<strong>Salto de la Jalda kosed<\/strong> ratsutamise v\u00f5i matkamisega. Kakao- ja kohvimetsa k\u00fclastamine Coconuts Palms Canopy all. Koskede juurde j\u00f5udes lubatakse teil ujuda ja m\u00e4\u00e4rata aeg koos kohaliku giidiga.<br \/>\nn<br \/>\nn\u00d5ppige koos kohalikega ja hankige turvaline reis. Hankige oma piletid juba t\u00e4na.<br \/>\nn<br \/>\nn&nbsp;<br \/>\nn<\/p>\n<ul>\nn \t<\/p>\n<li>Ratsutamine v\u00f5i matkamine<\/li>\n<p>n \t<\/p>\n<li style=\"font-weight: 400;\"><span style=\"font-weight: 400;\">Juhend sisaldab juhiseid ja j\u00e4relevalvet<\/span><\/li>\n<p>n \t<\/p>\n<li>Tasud rahvuspargile<\/li>\n<p>n<\/ul>\n<p>n&nbsp;<br \/>\nn<\/p>\n<h4><b>Kaasamised ja v\u00e4listused<\/b><\/h4>\n<p>n&nbsp;<br \/>\nn<br \/>\nn<b>Kaasamised<\/b><br \/>\nn<\/p>\n<ol>\nn \t<\/p>\n<li style=\"font-weight: 400;\"><span style=\"font-weight: 400;\">Matkamine v\u00f5i ratsutamine<\/span><\/li>\n<p>n \t<\/p>\n<li style=\"font-weight: 400;\"><span style=\"font-weight: 400;\">K\u00f5ik maksud, tasud ja k\u00e4itlustasud<\/span><\/li>\n<p>n \t<\/p>\n<li style=\"font-weight: 400;\"><span style=\"font-weight: 400;\">Kohalikud maksud<\/span><\/li>\n<p>n \t<\/p>\n<li style=\"font-weight: 400;\"><span style=\"font-weight: 400;\">Joogid<\/span><\/li>\n<p>n \t<\/p>\n<li style=\"font-weight: 400;\"><span style=\"font-weight: 400;\">K\u00f5ik tegevused<\/span><\/li>\n<p>n \t<\/p>\n<li style=\"font-weight: 400;\"><span style=\"font-weight: 400;\">Kohalik giid<\/span><\/li>\n<p>n<\/ol>\n<p>n<b> V\u00e4listused<\/b><br \/>\nn<\/p>\n<ol>\nn \t<\/p>\n<li style=\"font-weight: 400;\"><span style=\"font-weight: 400;\">Jootraha<\/span><\/li>\n<p>n \t<\/p>\n<li style=\"font-weight: 400;\"><span style=\"font-weight: 400;\">\u00dclekanne<\/span><\/li>\n<p>n \t<\/p>\n<li>L\u00f5unas\u00f6\u00f6k<\/li>\n<p>n \t<\/p>\n<li style=\"font-weight: 400;\"><span style=\"font-weight: 400;\">Alkohoolsed joogid<\/span><\/li>\n<p>n<\/ol>\n<p>n&nbsp;<br \/>\nn<\/p>\n<h4><em><strong>V\u00e4ljumine ja tagasitulek<\/strong><\/em><\/h4>\n<p>n<span style=\"font-weight: 400;\">Reisija saab p\u00e4rast broneerimisprotsessi kohtumispunkti. Ekskursioonid algavad ja l\u00f5ppevad meie kohtumispunktides.<\/span><br \/>\nn<br \/>\nn&nbsp;<br \/>\nn<\/p>\n<h2>Matk Salto de la Jalda rahvusparki<\/h2>\n<p>n<\/p>\n<h4><b><i>Mida oodata?<\/i><\/b><\/h4>\n<p>n<em><strong>Hankige oma piletid<\/strong><\/em> Kariibi mere k\u00f5rgeimate jugade k\u00fclastamiseks.\u00a0 <strong>El Salto la Jalda<\/strong> Matkamine ja ratsutamine.<br \/>\nn<br \/>\nn<span style=\"font-weight: 400;\">\u201cBroneeringute seikluste\u201d korraldatav ringreis algab reisijuhiga m\u00e4\u00e4ratud kohtumiskohast. <\/span>Ringreisi alustamiseks saame kokku<strong> Sabana de la Mar<\/strong>. Seej\u00e4rel istume s\u00f5idukisse, mille teeme 25 min Magua kogukonna poole. Kus kohtume oma kohalike matkajuhtidega. Elades oma s\u00f5idukile turvalises parklas, l\u00e4heme ratsutama v\u00f5i jalgsi Salto de La Jalda rahvusparki, kuhu j\u00f5udmiseks on aega kolm tundi.<br \/>\nn<br \/>\nnRaja pikkus on 6,5 kilomeetrit, see on pikk kogemus l\u00e4bi Dominikaani metsa, l\u00e4bides kakao-, kookosp\u00e4hkli- ja kohvimetsa. Kogu reisi jooksul m\u00f6\u00f6dume Magua j\u00f5e l\u00e4hedalt ja \u00fcletame selle ilma suuremate raskusteta umbes 8 korda.<br \/>\nn<br \/>\nnPeaaegu kogu rajal on enne piirkonna Salto de La Jalda rahvuspargiks kuulutamist istutatud suur hulk kakaometsa. Selles \u00f6koturismi seikluse esimeses osas saate nautida lindude laulu, veevoolude h\u00e4\u00e4lt, enamasti tasast maastikku ja kogu rohelist taimestikku.<br \/>\nn<br \/>\nnLa Jalda rahvuspargi maal on peale kakao n\u00e4ha ka kohviistandusi. Peaaegu kose juurde j\u00f5udes peatume Jalda rahvuspargi alla kuuluva Magua linna pargivahtide majade juures. Seal saate teha v\u00e4ikese pausi, kust avaneb suurep\u00e4rane vaade Salto de La Jaldale.<br \/>\nn<br \/>\nnJ\u00e4tkame koskedeni. seal ujuda ja m\u00f5ne tunni p\u00e4rast sama rada l\u00e4bides s\u00f5iduki juurde tagasi j\u00f5uda. See on ekstreemne seiklus. Kui teil pole matkamiseks tingimusi, peate s\u00f5itma ratsutamisega.<br \/>\nn<br \/>\nn&nbsp;<br \/>\nn<\/p>\n<h4><em><strong>Mida peaksite kaasa v\u00f5tma?<\/strong><\/em><\/h4>\n<p>n<\/p>\n<ul>\nn \t<\/p>\n<li style=\"font-weight: 400;\"><span style=\"font-weight: 400;\">Kaamera<\/span><\/li>\n<p>n \t<\/p>\n<li style=\"font-weight: 400;\"><span style=\"font-weight: 400;\">T\u00f5rjuvad pungad<\/span><\/li>\n<p>n \t<\/p>\n<li style=\"font-weight: 400;\"><span style=\"font-weight: 400;\">p\u00e4ikesekreem<\/span><\/li>\n<p>n \t<\/p>\n<li style=\"font-weight: 400;\"><span style=\"font-weight: 400;\">M\u00fcts<\/span><\/li>\n<p>n \t<\/p>\n<li style=\"font-weight: 400;\"><span style=\"font-weight: 400;\">Mugavad p\u00fcksid<\/span><\/li>\n<p>n \t<\/p>\n<li style=\"font-weight: 400;\"><span style=\"font-weight: 400;\">Matkajalatsid metsa<\/span><\/li>\n<p>n \t<\/p>\n<li style=\"font-weight: 400;\"><span style=\"font-weight: 400;\">Ujumisriided<\/span><\/li>\n<p>n \t<\/p>\n<li>T\u00e4iendav veepudel<\/li>\n<p>n \t<\/p>\n<li>L\u00f5unas\u00f6\u00f6k v\u00f5i suupisted<\/li>\n<p>n<\/ul>\n<p>n&nbsp;<br \/>\nn<\/p>\n<h4><b><i>Hotelli j\u00e4reletulemine <\/i><\/b><\/h4>\n<p>n<span style=\"font-weight: 400;\">Selle ekskursiooni puhul hotelli vastutulemist ei pakuta. <\/span><br \/>\nn<br \/>\nn&nbsp;<br \/>\nn<br \/>\nn<b>M\u00e4rge:<\/b><span style=\"font-weight: 400;\"> Kui broneerite 24 tunni jooksul p\u00e4rast ekskursiooni\/ekskursiooni v\u00e4ljumisaega, saame korraldada lisatasu eest hotelli pealetulemise. Kui teie ost on l\u00f5pule viidud, saadame teile meie kohaliku giidi t\u00e4ieliku kontaktteabe (telefoninumber, e-posti aadress jne), et korraldada kohaletoomise korraldamine.<\/span><br \/>\nn<\/p>\n<h4><b><i>Lisateabe kinnitus <\/i><\/b><\/h4>\n<p>n<\/p>\n<ol>\nn \t<\/p>\n<li>Piletid on kviitung p\u00e4rast selle ekskursiooni tasumist. Saate n\u00e4idata makset oma telefonis.<\/li>\n<p>n \t<\/p>\n<li style=\"font-weight: 400;\"><span style=\"font-weight: 400;\">Kohtumispunkt v\u00f5etakse vastu p\u00e4rast broneerimisprotsessi.<\/span><\/li>\n<p>n \t<\/p>\n<li style=\"font-weight: 400;\"><span style=\"font-weight: 400;\">Lastega peab kaasas olema t\u00e4iskasvanu.<\/span><\/li>\n<p>n \t<\/p>\n<li style=\"font-weight: 400;\"><span style=\"font-weight: 400;\"> Pole ratastooliga ligip\u00e4\u00e4setav <\/span><\/li>\n<p>n \t<\/p>\n<li style=\"font-weight: 400;\"><span style=\"font-weight: 400;\">Sellel reisil ei ole imikud lubatud<\/span><\/li>\n<p>n \t<\/p>\n<li style=\"font-weight: 400;\"><span style=\"font-weight: 400;\">Ei soovitata seljaprobleemidega reisijatele<\/span><\/li>\n<p>n \t<\/p>\n<li style=\"font-weight: 400;\"><span style=\"font-weight: 400;\">Ei soovitata rasedatele reisijatele <\/span><\/li>\n<p>n \t<\/p>\n<li style=\"font-weight: 400;\"><span style=\"font-weight: 400;\"> Puuduvad s\u00fcdameprobleemid ega muud t\u00f5sised haigusseisundid <\/span><\/li>\n<p>n \t<\/p>\n<li style=\"font-weight: 400;\"><span style=\"font-weight: 400;\">Enamik reisijaid saab osaleda<\/span><\/li>\n<p>n<\/ol>\n<p>n<\/p>\n<h4><b><i>T\u00fchistamispoliitika<\/i><\/b><\/h4>\n<p>T\u00e4ieliku tagasimakse saamiseks lugege palun meie t\u00fchistamiseeskirju\u00a0<a href=\"https:\/\/www.boattoursamana.com\/et\/online-broneerimine\/\" target=\"_blank\" rel=\"noopener\" data-saferedirecturl=\"https:\/\/www.google.com\/url?q=https:\/\/www.boattoursamana.com\/online-booking\/&amp;source=gmail&amp;ust=1672449202351000&amp;usg=AOvVaw1yAeVAPktmaVCqDujgUn90\">Kliki siia<\/a>. Vahendid l\u00e4hevad kaotsi, kui broneering t\u00fchistatakse samal reisip\u00e4eval.<\/p>\n\n\t\t<\/div>\n\t<\/div>\n<\/div><\/div><\/div><\/div><div class=\"vc_row wpb_row vc_row-fluid\" ><div class=\"wpb_column vc_column_container vc_col-sm-12\"><div class=\"vc_column-inner\"><div class=\"wpb_wrapper\">\n\t<div class=\"wpb_text_column wpb_content_element\" >\n\t\t<div class=\"wpb_wrapper\">\n\t\t\t<p>\nn<\/p>\n<h4>V\u00f5ta meiega \u00fchendust?<\/h4>\n<p>n<\/p>\n<h5><em><strong>Seikluste broneerimine<\/strong><\/em><\/h5>\n<p>n<em><strong>Kohalikud<\/strong> ja <strong>Rahvuslased<\/strong> Giidid ja k\u00fclalisteteenused<\/em><br \/>\nn<br \/>\nn<span class=\"text-turquoise\">Broneeringud:<\/span> Reisid ja ekskursioonid Domis. Rep.<br \/>\nn<br \/>\nn<img decoding=\"async\" class=\"emoji\" draggable=\"false\" src=\"https:\/\/s.w.org\/images\/core\/emoji\/11.2.0\/svg\/1f4de.svg\" alt=\" \" title=\"\"> Tel \/ Whatsapp\u00a0 <a href=\"tel:+1-809-720-6035\">+1-809-720-6035<\/a>.<br \/>\nn<br \/>\nn<img decoding=\"async\" class=\"emoji\" draggable=\"false\" src=\"https:\/\/s.w.org\/images\/core\/emoji\/11.2.0\/svg\/1f4e9.svg\" alt=\" \" title=\"\"> <a href=\"mailto:info@bookingadventures.com.do\">info@bookingadventures.com.do<\/a><br \/>\nn<br \/>\nn<strong>Me korraldame paindlikult Whatsapi privaatreise: <a href=\"tel:+18097206035\">+18097206035.<\/a><\/strong><\/p>\n\n\t\t<\/div>\n\t<\/div>\n<\/div><\/div><\/div><\/div><div class=\"vc_row wpb_row vc_row-fluid\" ><div class=\"wpb_column vc_column_container vc_col-sm-12\"><div class=\"vc_column-inner\"><div class=\"wpb_wrapper\"><div class=\"vc_btn3-container vc_btn3-inline\" ><button class=\"vc_general vc_btn3 vc_btn3-size-md vc_btn3-shape-rounded vc_btn3-style-modern vc_btn3-color-green\">BRONEERI KOHE<\/button><\/div><\/div><\/div><\/div><\/div>","protected":false},"excerpt":{"rendered":"<p>An extreme adventure to the higher waterfall of the Caribbean. Come with locals hiking or Horse riding to the Waterfall. Learning about the real Dominican lifestyle of the forest. Visiting the biggest plantations of Cacao trees forest in the Dominican Republic and learning about this story with Natives Tour guides. n nWhen you book this trip you are supporting Families from Magua, Sabana de la Mar Comunity. Where there are not tourists all around the year. Money stays with these [&hellip;]<\/p>\n","protected":false},"author":2,"featured_media":0,"parent":0,"menu_order":0,"comment_status":"open","ping_status":"closed","template":"","meta":{"footnotes":""},"class_list":["post-15730","page","type-page","status-publish","hentry"],"_links":{"self":[{"href":"https:\/\/www.boattoursamana.com\/et\/wp-json\/wp\/v2\/pages\/15730","targetHints":{"allow":["GET"]}}],"collection":[{"href":"https:\/\/www.boattoursamana.com\/et\/wp-json\/wp\/v2\/pages"}],"about":[{"href":"https:\/\/www.boattoursamana.com\/et\/wp-json\/wp\/v2\/types\/page"}],"author":[{"embeddable":true,"href":"https:\/\/www.boattoursamana.com\/et\/wp-json\/wp\/v2\/users\/2"}],"replies":[{"embeddable":true,"href":"https:\/\/www.boattoursamana.com\/et\/wp-json\/wp\/v2\/comments?post=15730"}],"version-history":[{"count":0,"href":"https:\/\/www.boattoursamana.com\/et\/wp-json\/wp\/v2\/pages\/15730\/revisions"}],"wp:attachment":[{"href":"https:\/\/www.boattoursamana.com\/et\/wp-json\/wp\/v2\/media?parent=15730"}],"curies":[{"name":"wp","href":"https:\/\/api.w.org\/{rel}","templated":true}]}}