{"id":15764,"date":"2023-07-15T07:43:13","date_gmt":"2023-07-15T07:43:13","guid":{"rendered":"https:\/\/www.ticketswhales.com\/half-day-whale-watching-samana-in-catamaran-morning\/"},"modified":"2023-07-15T07:43:13","modified_gmt":"2023-07-15T07:43:13","slug":"half-day-whale-watching-samana-in-catamaran-morning","status":"publish","type":"page","link":"https:\/\/www.boattoursamana.com\/et\/half-day-whale-watching-samana-in-catamaran-morning","title":{"rendered":"Poolp\u00e4evane vaalavaatlus Saman\u00e1 katamaraanide hommikul"},"content":{"rendered":"<p>Poolep\u00e4evane vaalavaatlus Samana lahes, Dominikaani Vabariik. Vaalavaatlus Saman\u00e1 sadamast mugavas katamaraanis. Broneerige hommiku- v\u00f5i p\u00e4rastl\u00f5unareisid vaalavaatluseks. Broneerige kohe see ekskursioon Samana lahes, et saada hea vaalavaatlusreis kogemus.<br \/>\nn<br \/>\nn<strong>Hind ei sisalda l\u00f5unas\u00f6\u00f6ki. Kui teile meeldib k\u00f5ik, palun:\u00a0 <a href=\"https:\/\/www.boattoursamana.com\/et\/tours-excursions\/tours-and-excursions\/samana-vaalade-vaatamine-cayo-levantado\/\">Kliki siia\u00a0<\/a><\/strong><br \/>\nn<br \/>\nn&nbsp;<\/p>\n<p>&nbsp;<\/p>\n<div class=\"vc_row wpb_row vc_row-fluid\" ><div class=\"wpb_column vc_column_container vc_col-sm-12\"><div class=\"vc_column-inner\"><div class=\"wpb_wrapper\"><div class=\"mkdf-section-title-holder\" style=\"text-align: left\">\n\t<div class=\"mkdf-st-inner\">\n\t\t\t\t\t<h5 class=\"mkdf-st-subtitle\" >\n\t\t\t\tHommikul v\u00f5i p\u00e4rastl\u00f5unal\t\t\t<\/h5>\n\t\t\t\t\t\t\t<h3 class=\"mkdf-st-title\" >\n\t\t\t\tPoolp\u00e4evane vaalavaatlus Samana katamaraanis\t\t\t<\/h3>\n\t\t\t\t\t<\/div>\n<\/div><div class=\"vc_empty_space\"   style=\"height: 32px\"><span class=\"vc_empty_space_inner\"><\/span><\/div><div class=\"vc_message_box vc_message_box-standard vc_message_box-rounded vc_color-info\" ><div class=\"vc_message_box-icon\"><i class=\"fas fa-info-circle\"><\/i><\/div><p><strong>Hind ei sisalda l\u00f5unas\u00f6\u00f6ki. kui teile meeldib, lisage palun:\u00a0 <a href=\"https:\/\/www.boattoursamana.com\/et\/tours-excursions\/tours-and-excursions\/samana-vaalade-vaatamine-cayo-levantado\/\">Kliki siia\u00a0<\/a><\/strong><\/p>\n<\/div><div class=\"vc_empty_space\"   style=\"height: 32px\"><span class=\"vc_empty_space_inner\"><\/span><\/div><\/div><\/div><\/div><\/div><div class=\"vc_row wpb_row vc_row-fluid\" ><div class=\"wpb_column vc_column_container vc_col-sm-12\"><div class=\"vc_column-inner\"><div class=\"wpb_wrapper\"><div class=\"vc_btn3-container vc_btn3-inline\" ><button class=\"vc_general vc_btn3 vc_btn3-size-md vc_btn3-shape-rounded vc_btn3-style-modern vc_btn3-color-green\">BRONEERI KOHE<\/button><\/div>\n\t<div class=\"wpb_text_column wpb_content_element\" >\n\t\t<div class=\"wpb_wrapper\">\n\t\t\t<p>\nn<\/p>\n<div class=\"vc_row wpb_row vc_row-fluid\">\nn<\/p>\n<div class=\"wpb_column vc_column_container vc_col-sm-12\">\nn<\/p>\n<div class=\"vc_column-inner\">\nn<\/p>\n<div class=\"wpb_wrapper\">\nn<\/p>\n<div class=\"wpb_text_column wpb_content_element\">\nn<\/p>\n<div class=\"wpb_wrapper\">\nn<\/p>\n<div class=\"vc_row wpb_row vc_row-fluid\">\nn<\/p>\n<div class=\"wpb_column vc_column_container vc_col-sm-12\">\nn<\/p>\n<div class=\"vc_column-inner\">\nn<\/p>\n<div class=\"wpb_wrapper\">\nn<\/p>\n<div class=\"wpb_text_column wpb_content_element\">\nn<\/p>\n<div class=\"wpb_wrapper\">\nn<\/p>\n<h4><b><i>\u00dclevaade<img decoding=\"async\" class=\"emoji\" draggable=\"false\" src=\"https:\/\/s.w.org\/images\/core\/emoji\/12.0.0-1\/svg\/1f433.svg\" alt=\" \" title=\"\"><\/i><\/b><\/h4>\n<p>nP\u00e4rast meie Paadi katkestamist vaalade k\u00fclastamiseks nende elupaigas. Meie kaptenid on koolitatud, et veenduda, et n\u00e4ete vaalu.<br \/>\nn<br \/>\nnKell 9.00 kuni 12.00 v\u00f5i privaatne v\u00e4hemalt 4 inimest kella 13.00-15.30. Vaalavaatlusobservatoorium ja P\u00e4rast seda Whale Whatchigi reisi tuleme tagasi Samana peasadamasse.<br \/>\nn<br \/>\nn<strong>M\u00e4rge:<\/strong> See ringk\u00e4ik ei ole privaatne. Kui soovite korraldada privaatset ringreisi, v\u00f5tke meiega \u00fchendust!<br \/>\nn<\/p>\n<ul>\nn \t<\/p>\n<li>Vaalavaatlusreis<\/li>\n<p>n \t<\/p>\n<li>Transfeer paadi katamarniga<\/li>\n<p>n \t<\/p>\n<li>Kapten annab juhiseid ja j\u00e4relevalvet<\/li>\n<p>n \t<\/p>\n<li>Giid<\/li>\n<p>n<\/ul>\n<p>n&nbsp;<br \/>\nn<\/p>\n<h4><b>Kaasamised ja v\u00e4listused<\/b><\/h4>\n<p>n&nbsp;<br \/>\nn<br \/>\nn<b>Kaasamised<\/b><br \/>\nn<\/p>\n<ol>\nn \t<\/p>\n<li>Giid<\/li>\n<p>n \t<\/p>\n<li>Katamaraani v\u00f5i paadireis<\/li>\n<p>n \t<\/p>\n<li>K\u00f5ik maksud, tasud ja k\u00e4itlustasud<\/li>\n<p>n \t<\/p>\n<li>Kohalikud maksud<\/li>\n<p>n<\/ol>\n<p>n<b>V\u00e4listused<\/b><br \/>\nn<\/p>\n<ol>\nn \t<\/p>\n<li>Jootraha<\/li>\n<p>n \t<\/p>\n<li>Transfer Auto<\/li>\n<p>n \t<\/p>\n<li>Alkohoolsed joogid<\/li>\n<p>n \t<\/p>\n<li>Joogid<\/li>\n<p>n \t<\/p>\n<li>Dramamiini tabletid (valikuline)<\/li>\n<p>n \t<\/p>\n<li>P\u00fchakoja sissep\u00e4\u00e4sutasud. (k\u00e4ev\u00f5ru)<\/li>\n<p>n<\/ol>\n<p>n&nbsp;<br \/>\nn<\/p>\n<h4><em><strong>V\u00e4ljumine ja tagasitulek<\/strong><\/em><\/h4>\n<p>Reisija saab p\u00e4rast broneerimisprotsessi kohtumispunkti. Ekskursioonid algavad ja l\u00f5ppevad meie kohtumispunktides.<br \/>\nn<\/p>\n<h3>Poolp\u00e4evane vaalavaatlus Samana katamaraanil<\/h3>\n<p>n<\/p>\n<h4><b><i>Mida oodata?<\/i><\/b><\/h4>\n<p>n&nbsp;<br \/>\nn<br \/>\nn<em><strong>Hankige oma piletid<\/strong><\/em> poolep\u00e4evaseks reisiks Vaalavaatlusreis Saman\u00e1 lahes.<br \/>\nn<br \/>\nnBroneeringu Seikluste poolt korraldatav poolep\u00e4evane vaalavaatlusretk algab reisijuhiga m\u00e4\u00e4ratud kohtumispaigas. L\u00f5unas\u00f6\u00f6k rannas on <strong>mitte<\/strong> kaasata sellele ringk\u00e4igule.<br \/>\nn<br \/>\nn&nbsp;<br \/>\nn<br \/>\nn<strong>Tunniplaan:<\/strong><br \/>\nn<br \/>\nn 9.00\u201312.30<br \/>\nn<br \/>\nn1: 00:00\u201315:30. (Enamasti v\u00f5ib see olla erareis, kus on v\u00e4hemalt 4 inimest v\u00f5i v\u00f5tke meiega \u00fchendust).<br \/>\nn<br \/>\nn<\/div>\n<p>nAeg v\u00f5ib muutuda s\u00f5ltuvalt sellest, kui palju vaalu me n\u00e4eme.<br \/>\nn<\/p>\n<div class=\"wpb_wrapper\">\nn<br \/>\nn&nbsp;<br \/>\nn<\/p>\n<h4><em><strong>Mida peaksite kaasa v\u00f5tma?<\/strong><\/em><\/h4>\n<p>n<\/p>\n<ul>\nn \t<\/p>\n<li>Kaamera<\/li>\n<p>n \t<\/p>\n<li>T\u00f5rjuvad pungad<\/li>\n<p>n \t<\/p>\n<li>p\u00e4ikesekreem<\/li>\n<p>n \t<\/p>\n<li>M\u00fcts<\/li>\n<p>n \t<\/p>\n<li>Mugavad p\u00fcksid<\/li>\n<p>n \t<\/p>\n<li>Ujumisriided<\/li>\n<p>n \t<\/p>\n<li>Sularaha suveniiride eest<\/li>\n<p>n<\/ul>\n<p>n&nbsp;<br \/>\nn<\/p>\n<h4><b><i>Hotelli j\u00e4reletulemine<\/i><\/b><\/h4>\n<p>nSelle ekskursiooni puhul hotelli vastutulemist ei pakuta.<br \/>\nn<br \/>\nn&nbsp;<br \/>\nn<br \/>\nn<b>M\u00e4rge:<\/b>\u00a0Kui broneerite 24 tunni jooksul p\u00e4rast ekskursiooni\/ekskursiooni v\u00e4ljumisaega, saame korraldada lisatasu eest hotelli pealetulemise. Kui teie ost on l\u00f5pule viidud, saadame teile meie kohaliku giidi t\u00e4ieliku kontaktteabe (telefoninumber, e-posti aadress jne), et korraldada kohaletoomise korraldamine.<br \/>\nn<\/p>\n<h4><b><i>Lisateabe kinnitus<\/i><\/b><\/h4>\n<p>n<\/p>\n<ol>\nn \t<\/p>\n<li>Piletid on kviitung p\u00e4rast selle ekskursiooni tasumist. Saate n\u00e4idata makset oma telefonis.<\/li>\n<p>n \t<\/p>\n<li>Kohtumispunkt v\u00f5etakse vastu p\u00e4rast broneerimisprotsessi.<\/li>\n<p>n \t<\/p>\n<li>Lastega peab kaasas olema t\u00e4iskasvanu.<\/li>\n<p>n \t<\/p>\n<li>ratastooliga ligip\u00e4\u00e4setav<\/li>\n<p>n \t<\/p>\n<li>Imikud peavad istuma s\u00fcles<\/li>\n<p>n \t<\/p>\n<li>Enamik reisijaid saab osaleda<\/li>\n<p>n<\/ol>\n<p>n<\/p>\n<h4><b><i>T\u00fchistamispoliitika<\/i><\/b><\/h4>\n<p>T\u00e4ieliku tagasimakse saamiseks lugege palun meie t\u00fchistamiseeskirju\u00a0<a href=\"https:\/\/www.boattoursamana.com\/et\/online-broneerimine\/\" target=\"_blank\" rel=\"noopener\" data-saferedirecturl=\"https:\/\/www.google.com\/url?q=https:\/\/www.boattoursamana.com\/online-booking\/&amp;source=gmail&amp;ust=1672449202351000&amp;usg=AOvVaw1yAeVAPktmaVCqDujgUn90\">Kliki siia<\/a>. Vahendid l\u00e4hevad kaotsi, kui broneering t\u00fchistatakse samal reisip\u00e4eval.<br \/>\nn<br \/>\nn<\/div>\n<p>n\n<\/p><\/div>\n<p>n\n<\/p><\/div>\n<p>n\n<\/p><\/div>\n<p>n\n<\/p><\/div>\n<p>n\n<\/p><\/div>\n<p>n\n<\/p><\/div>\n<p>n\n<\/p><\/div>\n<p>n\n<\/p><\/div>\n<p>n\n<\/p><\/div>\n<p>n\n<\/p><\/div>\n<p>n\n<\/p><\/div>\n<p>n<\/p>\n<div class=\"vc_row wpb_row vc_row-fluid\">\nn<\/p>\n<div class=\"wpb_column vc_column_container vc_col-sm-12\">\nn<\/p>\n<div class=\"vc_column-inner\">\nn<\/p>\n<div class=\"wpb_wrapper\">\nn<\/p>\n<div class=\"vc_empty_space\"><\/div>\n<p>n<\/p>\n<div class=\"wpb_text_column wpb_content_element\">\nn<\/p>\n<div class=\"wpb_wrapper\">\nn<\/p>\n<h4>V\u00f5ta meiega \u00fchendust?<\/h4>\n<p>n<\/p>\n<h5><b><i>TOUR VAALAD SAMANA<\/i><\/b><\/h5>\n<p>n<em><strong>Kohalikud<\/strong>\u00a0ja\u00a0<strong>Rahvuslased<\/strong>\u00a0Giidid ja k\u00fclalisteteenused<\/em><br \/>\nn<br \/>\nn<span class=\"text-turquoise\">Broneeringud:<\/span>\u00a0Reisid ja ekskursioonid Domis. Rep.<br \/>\nn<br \/>\nn<img decoding=\"async\" class=\"emoji\" draggable=\"false\" src=\"https:\/\/s.w.org\/images\/core\/emoji\/11.2.0\/svg\/1f4de.svg\" alt=\" \" title=\"\">\u00a0Tel \/ Whatsapp\u00a0\u00a0<a href=\"tel:+1-809-720-6035\">+1-809-720-6035<\/a>.<br \/>\nn<br \/>\nn<img decoding=\"async\" class=\"emoji\" draggable=\"false\" src=\"https:\/\/s.w.org\/images\/core\/emoji\/11.2.0\/svg\/1f4e9.svg\" alt=\" \" title=\"\">\u00a0<a href=\"mailto:info@bookingadventures.com.do\">info@bookingadventures.com.do<\/a><br \/>\nn<br \/>\nn<strong>Me korraldame paindlikult Whatsapi privaatreise:\u00a0<a href=\"tel:+18097206035\">+18097206035.<\/a><\/strong><br \/>\nn<br \/>\nn<\/div>\n<p>n\n<\/p><\/div>\n<p>n\n<\/p><\/div>\n<p>n\n<\/p><\/div>\n<p>n\n<\/p><\/div>\n<p>n\n<\/p><\/div>\n<p>n<\/p>\n\n\t\t<\/div>\n\t<\/div>\n<div class=\"vc_message_box vc_message_box-standard vc_message_box-rounded vc_color-info\" ><div class=\"vc_message_box-icon\"><i class=\"fas fa-info-circle\"><\/i><\/div><p><strong>Hind ei sisalda l\u00f5unas\u00f6\u00f6ki. kui teile meeldib, lisage palun:\u00a0 <a href=\"https:\/\/www.boattoursamana.com\/et\/tours-excursions\/tours-and-excursions\/samana-vaalade-vaatamine-cayo-levantado\/\">Kliki siia\u00a0<\/a><\/strong><\/p>\n<\/div><\/div><\/div><\/div><\/div><div class=\"vc_row wpb_row vc_row-fluid\" ><div class=\"wpb_column vc_column_container vc_col-sm-12\"><div class=\"vc_column-inner\"><div class=\"wpb_wrapper\"><div class=\"vc_btn3-container vc_btn3-inline\" ><button class=\"vc_general vc_btn3 vc_btn3-size-md vc_btn3-shape-rounded vc_btn3-style-modern vc_btn3-color-green\">BRONEERI KOHE<\/button><\/div><\/div><\/div><\/div><\/div>","protected":false},"excerpt":{"rendered":"<p>Half-Day Whale Watching Samana Bay, Dominican Republic. Whale Watching from Saman\u00e1 port in a comfortable Catamaran. Book in the Morning or Afternoon trips for Whale watching. Book Now this excursion in Samana bay for a Good whale watching trip experience. n nPrice do not include Lunch. If you will like all include please:\u00a0 Click here\u00a0 n n&nbsp; &nbsp;<\/p>","protected":false},"author":2,"featured_media":0,"parent":0,"menu_order":0,"comment_status":"open","ping_status":"closed","template":"","meta":{"footnotes":""},"class_list":["post-15764","page","type-page","status-publish","hentry"],"_links":{"self":[{"href":"https:\/\/www.boattoursamana.com\/et\/wp-json\/wp\/v2\/pages\/15764","targetHints":{"allow":["GET"]}}],"collection":[{"href":"https:\/\/www.boattoursamana.com\/et\/wp-json\/wp\/v2\/pages"}],"about":[{"href":"https:\/\/www.boattoursamana.com\/et\/wp-json\/wp\/v2\/types\/page"}],"author":[{"embeddable":true,"href":"https:\/\/www.boattoursamana.com\/et\/wp-json\/wp\/v2\/users\/2"}],"replies":[{"embeddable":true,"href":"https:\/\/www.boattoursamana.com\/et\/wp-json\/wp\/v2\/comments?post=15764"}],"version-history":[{"count":0,"href":"https:\/\/www.boattoursamana.com\/et\/wp-json\/wp\/v2\/pages\/15764\/revisions"}],"wp:attachment":[{"href":"https:\/\/www.boattoursamana.com\/et\/wp-json\/wp\/v2\/media?parent=15764"}],"curies":[{"name":"wp","href":"https:\/\/api.w.org\/{rel}","templated":true}]}}