{"id":15768,"date":"2023-07-15T07:43:13","date_gmt":"2023-07-15T07:43:13","guid":{"rendered":"https:\/\/www.ticketswhales.com\/playa-rincon-rincon-beach-half-day-trip-samana-dominican-republic\/"},"modified":"2023-07-15T07:43:13","modified_gmt":"2023-07-15T07:43:13","slug":"playa-rincon-rincon-beach-half-day-trip-samana-dominican-republic","status":"publish","type":"page","link":"https:\/\/www.boattoursamana.com\/et\/playa-rincon-rincon-rand-poolepaevane-reis-samana-dominikaani-vabariik","title":{"rendered":"Playa Rinc\u00f3n (Rinconi rand), poolep\u00e4evane reis, Saman\u00e1 \u2013 Dominikaani Vabariik."},"content":{"rendered":"<p>Playa el Rinconi ranna k\u00fclastamine koos l\u00f5unas\u00f6\u00f6giga rannas, peatumine Dominican House&#039;is ja puuviljapoes ning ujumine Cano Frio j\u00f5e kristallvees. See on poolep\u00e4evane kogemus t\u00f5elisest Samanast Dominikaani Vabariigis.<br \/>\nn<br \/>\nn&nbsp;<br \/>\nn<br \/>\nn<strong>Palun valige ringk\u00e4igu kuup\u00e4ev:\u00a0<\/strong><\/p>\n<p>&nbsp;<\/p>\n<div class=\"vc_row wpb_row vc_row-fluid\" ><div class=\"wpb_column vc_column_container vc_col-sm-12\"><div class=\"vc_column-inner\"><div class=\"wpb_wrapper\"><div class=\"mkdf-section-title-holder\" style=\"text-align: left\">\n\t<div class=\"mkdf-st-inner\">\n\t\t\t\t\t<h5 class=\"mkdf-st-subtitle\" >\n\t\t\t\tL\u00f5unas\u00f6\u00f6k, paadis\u00f5it ja eratransport hotellidest.\t\t\t<\/h5>\n\t\t\t\t\t\t\t<h3 class=\"mkdf-st-title\" >\n\t\t\t\tPlaya Rinc\u00f3n, Playa Fronton + Playa Madame rand, Saman\u00e1 \u2013 Dominikaani Vabariik.\t\t\t<\/h3>\n\t\t\t\t\t<\/div>\n<\/div><div class=\"vc_btn3-container vc_btn3-inline\" ><button class=\"vc_general vc_btn3 vc_btn3-size-md vc_btn3-shape-rounded vc_btn3-style-modern vc_btn3-color-green\">BRONEERI KOHE<\/button><\/div>\n\t<div class=\"wpb_text_column wpb_content_element\" >\n\t\t<div class=\"wpb_wrapper\">\n\t\t\t<p>\nn<\/p>\n<h3><\/h3>\n<p>n<\/p>\n<h4><b><i>\u00dclevaade <\/i><\/b><\/h4>\n<p>nReis algab teie hotellist v\u00f5i lennujaamast Samana piirkonnas v\u00f5i Las Galeras. Avastage koos meiega El Rinconi rand, \u00fcrgne ja pikk valge liivarand, mis piirneb rahuliku t\u00fcrkiissinise veega lahte, mis on kaetud kookosp\u00e4hklipuudega, mis k\u00f6idab k\u00f5igi k\u00fclastajate t\u00e4helepanu. El Rincon on \u00fcks k\u00fcmnest parimast rannast. Sellele ainulaadsele rannale j\u00f5udmiseks naudite randa minnes Dominikaani Vabariigi elustiili. Bussis on paar peatust puuviljapoodides, kust saate soovi korral osta, n\u00e4ha kohalikke maju ja tutvuda Dominikaani tegeliku eluga.<br \/>\nn<\/p>\n<ul>\nn \t<\/p>\n<li>L\u00f5unatate varbad liiva sees, samal ajal kui Merengue ja Bachata laulud m\u00e4ngivad El Paraisos, kus teile pakutakse t\u00e4ielikku einet, sealhulgas kalarooga, koos kohalike jookide ja kokteilidega. Siit leiate loodusliku p\u00e4rli, mida peetakse riigi \u00fcheks kaunimaks rannaks. Valge peen liiv, t\u00fcrkiissinine meri ja meetrik\u00f5rgused palmid r\u00e4\u00e4givad enda eest.<\/li>\n<p>n<\/ul>\n<p>n&nbsp;<br \/>\nn<\/p>\n<ul>\nn \t<\/p>\n<li>Piirkonnas ohutuskogemusega kohalik giid.<\/li>\n<p>n \t<\/p>\n<li>Eratransport<\/li>\n<p>n \t<\/p>\n<li>Tasud hinna sees<\/li>\n<p>n \t<\/p>\n<li>L\u00f5unas\u00f6\u00f6k Rannas<\/li>\n<p>n \t<\/p>\n<li>Kohalik reisijuht hispaania, inglise v\u00f5i prantsuse keeles.<\/li>\n<p>n \t<\/p>\n<li>Matkamine<\/li>\n<p>n<\/ul>\n<p>n<\/p>\n<h4><b>Kaasamised ja v\u00e4listused<\/b><\/h4>\n<p>n&nbsp;<br \/>\nn<br \/>\nn<b>Kaasamised<\/b><br \/>\nn<\/p>\n<ol>\nn \t<\/p>\n<li><span style=\"font-weight: 400;\">Piirkonna ohutuskogemusega kohalik giid.<\/span><\/li>\n<p>n \t<\/p>\n<li>V\u00e4ikeste gruppide privaattransport<\/li>\n<p>n \t<\/p>\n<li style=\"font-weight: 400;\">El Rinconi rand<\/li>\n<p>n \t<\/p>\n<li>Dominikaani maja rant\u0161o<\/li>\n<p>n \t<\/p>\n<li>Cano Frio j\u00f5gi<\/li>\n<p>n \t<\/p>\n<li style=\"font-weight: 400;\"><span style=\"font-weight: 400;\">K\u00f5ik maksud, tasud ja k\u00e4itlustasud<\/span><\/li>\n<p>n \t<\/p>\n<li style=\"font-weight: 400;\"><span style=\"font-weight: 400;\">Kohalikud maksud<\/span><\/li>\n<p>n \t<\/p>\n<li>L\u00f5unas\u00f6\u00f6k Rannas<\/li>\n<p>n \t<\/p>\n<li>Matkamine<\/li>\n<p>n \t<\/p>\n<li style=\"font-weight: 400;\"><span style=\"font-weight: 400;\">K\u00f5ik tegevused<\/span><\/li>\n<p>n<\/ol>\n<p>n<b> V\u00e4listused<\/b><br \/>\nn<\/p>\n<ol>\nn \t<\/p>\n<li style=\"font-weight: 400;\"><span style=\"font-weight: 400;\">Jootraha<\/span><\/li>\n<p>n \t<\/p>\n<li>K\u00f5ik joogid<\/li>\n<p>n<\/ol>\n<p>n<\/p>\n<h4><em><strong>V\u00e4ljumine ja tagasitulek<\/strong><\/em><\/h4>\n<p>n<span style=\"font-weight: 400;\">Reisija saab p\u00e4rast broneerimisprotsessi kohtumispunkti. Ekskursioonid algavad ja l\u00f5ppevad meie kohtumispunktides.<\/span><br \/>\nn<\/p>\n<h3>Playa Rinc\u00f3n (Rinconi rand), poolep\u00e4evane reis, Saman\u00e1 \u2013 Dominikaani Vabariik.<\/h3>\n<p>n<\/p>\n<h4><em>Mida oodata?<\/em><\/h4>\n<p>nP\u00e4rast Samana hotellide piirkonnast lahkumist ja Dominikaani t\u00e4navatel s\u00f5itmist n\u00e4ete ja saate teada kohalike elustiilist. Playa Rinc\u00f3ni k\u00fclastamine on rikkumata valge liivariba, mis ulatub umbes 2,5 miili (4 kilomeetrit) piki ranniku arendamata osa. See eraldatud rand, mida \u00fcmbritseb kookospalmide \u00e4\u00e4ris ning m\u00f5lemast otsast \u00fcmbritseb m\u00e4e- ja kaljutipud, tundub t\u00f5elise utoopiana, mis on tsivilisatsioonist \u00e4ra l\u00f5igatud. Siin on vesi \u00fcliselge ja \u00fcmbritsev korallriff tagab ranna ohutuse, mis t\u00e4hendab, et ujuma saab minna ilma riskita. K\u00fclastame ka Cano Frio j\u00f5ge.<br \/>\nn<br \/>\nn&nbsp;<br \/>\nn<br \/>\nnSee ringreis, mille korraldab Booking Adventures, algab meie reisijuhiga m\u00e4\u00e4ratud kohtumiskohast. Tulge koos Booking Adventuresiga ja s\u00f6\u00f6ge rannas l\u00f5unat ning nautige Dominikaani Vabariigi Samana \u00fcht h\u00e4mmastavamat randa.<br \/>\nn<\/p>\n<h4><em><strong>Mida peaksite kaasa v\u00f5tma?<\/strong><\/em><\/h4>\n<p>n<\/p>\n<ul>\nn \t<\/p>\n<li style=\"font-weight: 400;\"><span style=\"font-weight: 400;\">Kaamera<\/span><\/li>\n<p>n \t<\/p>\n<li style=\"font-weight: 400;\"><span style=\"font-weight: 400;\">T\u00f5rjuvad pungad<\/span><\/li>\n<p>n \t<\/p>\n<li style=\"font-weight: 400;\"><span style=\"font-weight: 400;\">P\u00e4ikesekreem<\/span><\/li>\n<p>n \t<\/p>\n<li>Vesi<\/li>\n<p>n \t<\/p>\n<li style=\"font-weight: 400;\"><span style=\"font-weight: 400;\">M\u00fcts<\/span><\/li>\n<p>n \t<\/p>\n<li style=\"font-weight: 400;\"><span style=\"font-weight: 400;\">Mugavad p\u00fcksid<\/span><\/li>\n<p>n \t<\/p>\n<li style=\"font-weight: 400;\"><span style=\"font-weight: 400;\">Matkajalatsid metsa<\/span><\/li>\n<p>n \t<\/p>\n<li style=\"font-weight: 400;\"><span style=\"font-weight: 400;\">Sandaalid kevadpiirkondadesse.<\/span><\/li>\n<p>n \t<\/p>\n<li style=\"font-weight: 400;\"><span style=\"font-weight: 400;\">Ujumisriided<\/span><\/li>\n<p>n<\/ul>\n<p>n&nbsp;<br \/>\nn<\/p>\n<h4><b><i>Hotelli j\u00e4reletulemine <\/i><\/b><\/h4>\n<p>n<span style=\"font-weight: 400;\">Sellel ekskursioonil pakutakse hotelli vastuv\u00f5ttu. <\/span><br \/>\nn<br \/>\nn&nbsp;<br \/>\nn<br \/>\nn<b>M\u00e4rge:<\/b><span style=\"font-weight: 400;\"> Kui broneerite 24 tunni jooksul p\u00e4rast ekskursiooni\/ekskursiooni v\u00e4ljumisaega, saame korraldada hotelli pealetulemise. Tuleme just j\u00e4rele Samana piirkonnas. Kui teie ost on l\u00f5pule viidud, saadame teile meie kohaliku giidi t\u00e4ieliku kontaktteabe (telefoninumber, e-posti aadress jne), et korraldada kohaletoomise korraldamine.<\/span><br \/>\nn<\/p>\n<h4><b><i>Lisateabe kinnitus <\/i><\/b><\/h4>\n<p>n<\/p>\n<ol>\nn \t<\/p>\n<li>Piletid on kviitung p\u00e4rast selle ekskursiooni tasumist. Saate n\u00e4idata makset oma telefonis.<\/li>\n<p>n \t<\/p>\n<li style=\"font-weight: 400;\"><span style=\"font-weight: 400;\">Kohtumispunkt v\u00f5etakse vastu p\u00e4rast broneerimisprotsessi.<\/span><\/li>\n<p>n \t<\/p>\n<li style=\"font-weight: 400;\"><span style=\"font-weight: 400;\">Lastega peab kaasas olema t\u00e4iskasvanu.<\/span><\/li>\n<p>n \t<\/p>\n<li style=\"font-weight: 400;\"><span style=\"font-weight: 400;\"> Pole ratastooliga ligip\u00e4\u00e4setav <\/span><\/li>\n<p>n \t<\/p>\n<li style=\"font-weight: 400;\"><span style=\"font-weight: 400;\">Imikud peavad istuma s\u00fcles <\/span><\/li>\n<p>n \t<\/p>\n<li style=\"font-weight: 400;\"><span style=\"font-weight: 400;\">Ei soovitata seljaprobleemidega reisijatele<\/span><\/li>\n<p>n \t<\/p>\n<li style=\"font-weight: 400;\"><span style=\"font-weight: 400;\">Ei soovitata rasedatele reisijatele <\/span><\/li>\n<p>n \t<\/p>\n<li style=\"font-weight: 400;\"><span style=\"font-weight: 400;\"> Puuduvad s\u00fcdameprobleemid ega muud t\u00f5sised haigusseisundid <\/span><\/li>\n<p>n \t<\/p>\n<li style=\"font-weight: 400;\"><span style=\"font-weight: 400;\">Enamik reisijaid saab osaleda<\/span><\/li>\n<p>n<\/ol>\n<p>n<\/p>\n<h4><b><i>T\u00fchistamispoliitika<\/i><\/b><\/h4>\n<p>T\u00e4ieliku tagasimakse saamiseks lugege palun meie t\u00fchistamiseeskirju\u00a0<a href=\"https:\/\/www.boattoursamana.com\/et\/online-broneerimine\/\" target=\"_blank\" rel=\"noopener\" data-saferedirecturl=\"https:\/\/www.google.com\/url?q=https:\/\/www.boattoursamana.com\/online-booking\/&amp;source=gmail&amp;ust=1672532492004000&amp;usg=AOvVaw3ylqI1cdbIPTimEqEWneyd\">Kliki siia<\/a>. Vahendid l\u00e4hevad kaotsi, kui broneering t\u00fchistatakse samal reisip\u00e4eval.<\/p>\n\n\t\t<\/div>\n\t<\/div>\n<div class=\"vc_btn3-container vc_btn3-inline\" ><button class=\"vc_general vc_btn3 vc_btn3-size-md vc_btn3-shape-rounded vc_btn3-style-modern vc_btn3-color-green\">BRONEERI KOHE<\/button><\/div><\/div><\/div><\/div><\/div><div class=\"vc_row wpb_row vc_row-fluid\" ><div class=\"wpb_column vc_column_container vc_col-sm-12\"><div class=\"vc_column-inner\"><div class=\"wpb_wrapper\">\n\t<div class=\"wpb_video_widget wpb_content_element vc_clearfix   vc_video-aspect-ratio-169 vc_video-el-width-100 vc_video-align-left\" >\n\t\t<div class=\"wpb_wrapper\">\n\t\t\t<h2 class=\"wpb_heading wpb_video_heading\">Boca del Diablo ja Frontoni rand<\/h2>\n\t\t\t<div class=\"wpb_video_wrapper\"><iframe loading=\"lazy\" title=\"Saman\u00e1 poolsaar, Dominikaani Vabariik (DJI Phantom 4 4K)\" width=\"1100\" height=\"619\" src=\"https:\/\/www.youtube.com\/embed\/DYDXVm8Q_iM?feature=oembed\" frameborder=\"0\" allow=\"accelerometer; autoplay; clipboard-write; encrypted-media; gyroscope; picture-in-picture; web-share\" allowfullscreen><\/iframe><\/div>\n\t\t<\/div>\n\t<\/div>\n<\/div><\/div><\/div><\/div><div class=\"vc_row wpb_row vc_row-fluid\" ><div class=\"wpb_column vc_column_container vc_col-sm-12\"><div class=\"vc_column-inner\"><div class=\"wpb_wrapper\"><div class=\"vc_empty_space\"   style=\"height: 32px\"><span class=\"vc_empty_space_inner\"><\/span><\/div>\n\t<div class=\"wpb_text_column wpb_content_element\" >\n\t\t<div class=\"wpb_wrapper\">\n\t\t\t<p>\nn<\/p>\n<h4>V\u00f5ta meiega \u00fchendust?<\/h4>\n<p>n<\/p>\n<h5>Seikluste broneerimine<\/h5>\n<p>n<em><strong>Kohalikud<\/strong>\u00a0ja\u00a0<strong>Rahvuslased<\/strong>\u00a0Giidid ja k\u00fclalisteteenused<\/em><br \/>\nn<br \/>\nn<span class=\"text-turquoise\">Broneeringud:<\/span>\u00a0Reisid ja ekskursioonid Domis. Rep.<br \/>\nn<br \/>\nn<img decoding=\"async\" class=\"emoji\" draggable=\"false\" src=\"https:\/\/s.w.org\/images\/core\/emoji\/11.2.0\/svg\/1f4de.svg\" alt=\" \" title=\"\">\u00a0Tel \/ Whatsapp\u00a0\u00a0<a href=\"tel:+1-809-720-6035\">+1-809-720-6035<\/a>.<br \/>\nn<br \/>\nn<img decoding=\"async\" class=\"emoji\" draggable=\"false\" src=\"https:\/\/s.w.org\/images\/core\/emoji\/11.2.0\/svg\/1f4e9.svg\" alt=\" \" title=\"\">\u00a0<a href=\"mailto:info@bookingadventures.com.do\">info@bookingadventures.com.do<\/a><br \/>\nn<br \/>\nn<strong>Me korraldame paindlikult Whatsapi privaatreise:\u00a0<a href=\"tel:+18097206035\">+18097206035.<\/a><\/strong><\/p>\n\n\t\t<\/div>\n\t<\/div>\n<div class=\"vc_empty_space\"   style=\"height: 32px\"><span class=\"vc_empty_space_inner\"><\/span><\/div><\/div><\/div><\/div><\/div><div class=\"vc_row wpb_row vc_row-fluid\" ><div class=\"wpb_column vc_column_container vc_col-sm-12\"><div class=\"vc_column-inner\"><div class=\"wpb_wrapper\"><\/div><\/div><\/div><\/div>","protected":false},"excerpt":{"rendered":"<p>Playa el Rinconi ranna k\u00fclastamine koos l\u00f5unas\u00f6\u00f6giga rannas, peatumine Dominican House&#039;is ja puuviljapoes ning ujumine Cano Frio j\u00f5e kristallvees. See on poolep\u00e4evane kogemus t\u00f5elisest Samanast Dominikaani Vabariigis. nn n nPalun valige ringk\u00e4igu kuup\u00e4ev:\u00a0 &nbsp;<\/p>","protected":false},"author":2,"featured_media":0,"parent":0,"menu_order":0,"comment_status":"open","ping_status":"closed","template":"","meta":{"footnotes":""},"class_list":["post-15768","page","type-page","status-publish","hentry"],"_links":{"self":[{"href":"https:\/\/www.boattoursamana.com\/et\/wp-json\/wp\/v2\/pages\/15768","targetHints":{"allow":["GET"]}}],"collection":[{"href":"https:\/\/www.boattoursamana.com\/et\/wp-json\/wp\/v2\/pages"}],"about":[{"href":"https:\/\/www.boattoursamana.com\/et\/wp-json\/wp\/v2\/types\/page"}],"author":[{"embeddable":true,"href":"https:\/\/www.boattoursamana.com\/et\/wp-json\/wp\/v2\/users\/2"}],"replies":[{"embeddable":true,"href":"https:\/\/www.boattoursamana.com\/et\/wp-json\/wp\/v2\/comments?post=15768"}],"version-history":[{"count":0,"href":"https:\/\/www.boattoursamana.com\/et\/wp-json\/wp\/v2\/pages\/15768\/revisions"}],"wp:attachment":[{"href":"https:\/\/www.boattoursamana.com\/et\/wp-json\/wp\/v2\/media?parent=15768"}],"curies":[{"name":"wp","href":"https:\/\/api.w.org\/{rel}","templated":true}]}}