{"id":15792,"date":"2023-07-15T07:43:59","date_gmt":"2023-07-15T07:43:59","guid":{"rendered":"https:\/\/www.ticketswhales.com\/hotel-hiking-swimming-kayaking-2-days-trip-los-haitises\/"},"modified":"2023-07-15T07:43:59","modified_gmt":"2023-07-15T07:43:59","slug":"hotel-hiking-swimming-kayaking-2-days-trip-los-haitises","status":"publish","type":"page","link":"https:\/\/www.boattoursamana.com\/et\/hotell-matkamine-ujumine-susta-2-paeva-reis-los-haitises","title":{"rendered":"Hotell + matkamine + ujumine + s\u00fcsta 2-p\u00e4evane reis Los Haitises"},"content":{"rendered":"<p><span style=\"vertical-align: inherit;\"><span style=\"vertical-align: inherit;\">Caminata de 3 horas y kayak en manglares en el Parque Nacional Los Haitises con un gu\u00eda tur\u00edstico local desde Sabana de la mar. <\/span><span style=\"vertical-align: inherit;\">Selva Tropical, Cocos, Caf\u00e9 ja Cacao k\u00fclastamine. <\/span><span style=\"vertical-align: inherit;\">Los Haitises&#039;i rahvuspargi algne ajalugu.<\/span><\/span><br \/>\nn<br \/>\nn&nbsp;<br \/>\nn<br \/>\nn<strong><span style=\"vertical-align: inherit;\"><span style=\"vertical-align: inherit;\">Selectione la fecha para el viaje de senderismo:<\/span><\/span><\/strong><\/p>\n<p>&nbsp;<\/p>\n<div class=\"vc_row wpb_row vc_row-fluid\" ><div class=\"wpb_column vc_column_container vc_col-sm-12\"><div class=\"vc_column-inner\"><div class=\"wpb_wrapper\">\n\t<div class=\"wpb_text_column wpb_content_element\" >\n\t\t<div class=\"wpb_wrapper\">\n\t\t\t<p><span style=\"vertical-align: inherit;\"><span style=\"vertical-align: inherit;\"><\/p>\n\n\t\t<\/div>\n\t<\/div>\n<\/div><\/div><\/div><\/div><div class=\"vc_row wpb_row vc_row-fluid\" ><div class=\"wpb_column vc_column_container vc_col-sm-12\"><div class=\"vc_column-inner\"><div class=\"wpb_wrapper\"><div class=\"mkdf-section-title-holder\" style=\"text-align: left\">\n\t<div class=\"mkdf-st-inner\">\n\t\t\t\t\t<h5 class=\"mkdf-st-subtitle\" >\n\t\t\t\tHotell + Senderismo + Nataci\u00f3n + s\u00fcsta\t\t\t<\/h5>\n\t\t\t\t\t\t\t<h3 class=\"mkdf-st-title\" >\n\t\t\t\tLos Haitisese t\u00e4ielik seiklus\t\t\t<\/h3>\n\t\t\t\t\t<\/div>\n<\/div><div class=\"vc_empty_space\"   style=\"height: 32px\"><span class=\"vc_empty_space_inner\"><\/span><\/div>\n\t<div class=\"wpb_text_column wpb_content_element\" >\n\t\t<div class=\"wpb_wrapper\">\n\t\t\t<p>\u00a0<\/span><\/span><br \/>\nn<\/p>\n<h4><\/h4>\n<p>n<\/p>\n<h3><span style=\"vertical-align: inherit;\"><span style=\"vertical-align: inherit;\">1. p\u00e4ev<\/span><\/span><\/h3>\n<p>nK\u00fclastame Dominikaani Vabariigi idapoolset osa, Los Haitisese rahvuspargi vihmametsa, meie seiklus algab p\u00e4rast Ecolodge&#039;is sisseregistreerimist. K\u00f5igepealt 2-3-tunnise matkaga. Seal saate nautida maastikku, tutvuda Dominikaani Vabariigi eluga maal ja elada looduses. Teel saate teada vihmametsade bioloogiliselt mitmekesise \u00f6kos\u00fcsteemi kohta, puudutada kakaosepuid, ainulaadset taimestikku ja ajaloolisi piirkondi.<br \/>\nn<br \/>\nnEdaspidi p\u00e4rast matka l\u00f5ppu toimub Dominikaani stiilis \u00f5htus\u00f6\u00f6k ja l\u00f5kked t\u00e4htede valguses.<br \/>\nn<\/p>\n<h3>2. p\u00e4ev<\/h3>\n<p>nJ\u00e4rgmisel p\u00e4eval Dominikaani stiilis hommikus\u00f6\u00f6k. Peale hommikus\u00f6\u00f6ki matkame minutid Mangroovide sadamasse. Seej\u00e4rel v\u00f5tame kaasa teie turvalisuse tagamiseks vajaliku varustuse (p\u00e4\u00e4stevestid jne), s\u00fcstad ja mangroovisoode l\u00e4bimise. N\u00e4ete lindudega t\u00e4idetud mangroove, lopsaka taimestikuga m\u00e4gesid.<br \/>\nn<br \/>\nnL\u00e4bi mangroovide ja Landi avatud San Lorenzo lahe \u00e4\u00e4res, kust saate pildistada karmi metsamaastikku. Alustage m\u00f5ne endeemiliste lindude, imetajate ja taimede liikide, lopsaka taimestikuga m\u00e4gede ja <em><strong>Los Haitisese rahvuspark<\/strong><\/em>.<br \/>\nn<\/p>\n<div class=\"body-description secondary\">\nn<br \/>\nRahvuspargi nimi p\u00e4rineb selle algsete elanike, taino indiaanlaste j\u00e4rgi. Nende keeles t\u00e4hendab &quot;haitises&quot; m\u00e4gismaad v\u00f5i m\u00e4gesid, viide rannajoone j\u00e4rskudele geoloogilistele moodustistele koos lubjakividega. Seiklege s\u00fcgavamale parki, et uurida selliseid koopaid nagu <em><strong>Cueva de la Arena.\u00a0<\/strong><\/em><br \/>\nn<\/p>\n<h3>L\u00f5pup\u00e4ev<\/h3>\n<p>nP\u00e4rast Ecolodge&#039;i naasmist on vaba aega, et nautida loodusliku veebasseini ujumist Los Haitisese rahvuspargi esimestes mineraalkoskede piirkonnas. Dominikaani stiilis l\u00f5unas\u00f6\u00f6k ja hotellist v\u00e4ljaregistreerimine kell 13.00.<br \/>\nn<br \/>\nn\n<\/div>\n<p>nSee seiklus sobib neile, kes soovivad nautida loodust ja ainulaadset vihmametsaelamust. Keskendutakse t\u00f5elise kohaliku \u00fclevaate pakkumisele Dominikaani Vabariigist Los Haitisese rahvuspargis koos ajalooliste faktide ja teabega kogu reisi \u00f6kos\u00fcsteemi kohta. Transport ei sisaldu hinnas.<br \/>\nn<\/p>\n<h3>Kohtumispaik<\/h3>\n<p>nKohtume Sabana de la maris, siit l\u00e4hete oma s\u00f5idukiga giidi j\u00e4rgi meie peidetud p\u00e4rlini!. Olge valmis t\u00f5eliseks seiklusmatkaks, l\u00f5kkeks, s\u00fcstaks ja koskedeks ning ainulaadseks Ecolodge&#039;iks Dominikaani Vabariigis.<br \/>\nn<br \/>\nKui olete grupp v\u00f5i olete huvitatud kuup\u00e4evast, mida te ei n\u00e4e, v\u00f5tke meiega otse \u00fchendust ja ma aitan teid. Nagu arvustustest n\u00e4ete, suhtub Booking Adventures meie t\u00f6\u00f6sse v\u00e4ga kirglikult ja meile meeldib oma k\u00fclalistele n\u00e4idata saare tegelikku elu. Igal tuuril istutame \u00fche mangroovipuu annetusena Loodusele.<br \/>\nn<\/p>\n<h4><b>Kaasamised ja v\u00e4listused<\/b><\/h4>\n<p>n<b>Kaasamised<\/b><br \/>\nn<\/p>\n<ul>\nn \t<\/p>\n<li style=\"font-weight: 400;\">Los Haitisese rahvuspark<\/li>\n<p>n \t<\/p>\n<li>L\u00f5ke \u00f6\u00f6sel<\/li>\n<p>n \t<\/p>\n<li>4 tundi matkamist vihmametsas<\/li>\n<p>n \t<\/p>\n<li>1 tuba Ecolodge&#039;is<\/li>\n<p>n \t<\/p>\n<li>1 \u00f5htus\u00f6\u00f6k inimese kohta<\/li>\n<p>n \t<\/p>\n<li>1 hommikus\u00f6\u00f6k inimese kohta<\/li>\n<p>n \t<\/p>\n<li>1 l\u00f5unas\u00f6\u00f6k inimese kohta<\/li>\n<p>n \t<\/p>\n<li>3 tundi kajakis\u00f5itu (v\u00f5i paadireis)<\/li>\n<p>n \t<\/p>\n<li>Linnuvaatlus<\/li>\n<p>n \t<\/p>\n<li>Mangrooviistandus<\/li>\n<p>n \t<\/p>\n<li>1 koopak\u00fclastus<\/li>\n<p>n \t<\/p>\n<li style=\"font-weight: 400;\"><span style=\"font-weight: 400;\">K\u00f5ik maksud, tasud ja k\u00e4itlustasud<\/span><\/li>\n<p>n \t<\/p>\n<li style=\"font-weight: 400;\"><span style=\"font-weight: 400;\">Kohalikud maksud<\/span><\/li>\n<p>n \t<\/p>\n<li style=\"font-weight: 400;\"><span style=\"font-weight: 400;\">Kohalik giid<\/span><\/li>\n<p>n<\/ul>\n<p>n<b> V\u00e4listused<\/b><br \/>\nn<\/p>\n<ol>\nn \t<\/p>\n<li style=\"font-weight: 400;\"><span style=\"font-weight: 400;\">Jootraha<\/span><\/li>\n<p>n \t<\/p>\n<li style=\"font-weight: 400;\"><span style=\"font-weight: 400;\">\u00dclekanne<\/span><\/li>\n<p>n \t<\/p>\n<li style=\"font-weight: 400;\"><span style=\"font-weight: 400;\">Alkohoolsed joogid<\/span><\/li>\n<p>n<\/ol>\n<p>n&nbsp;<br \/>\nn<\/p>\n<h4><em><strong>V\u00e4ljumine ja tagasitulek<\/strong><\/em><\/h4>\n<p>n<span style=\"font-weight: 400;\">Reisija saab p\u00e4rast broneerimisprotsessi kohtumispunkti. Ekskursioonid algavad ja l\u00f5ppevad meie kohtumispunktides.<\/span><br \/>\nn<br \/>\nnAlates:<br \/>\nn<br \/>\nn15:00 Esimene p\u00e4ev<br \/>\nn<br \/>\nnTo:<br \/>\nn<br \/>\nn1: 22:00 Teine p\u00e4ev.<br \/>\nn<br \/>\nn&nbsp;<br \/>\nn<\/p>\n<h4><em><strong>Mida peaksite kaasa v\u00f5tma?<\/strong><\/em><\/h4>\n<p>n<\/p>\n<ul>\nn \t<\/p>\n<li style=\"font-weight: 400;\"><span style=\"font-weight: 400;\">Kaamera<\/span><\/li>\n<p>n \t<\/p>\n<li style=\"font-weight: 400;\"><span style=\"font-weight: 400;\">T\u00f5rjuvad pungad<\/span><\/li>\n<p>n \t<\/p>\n<li style=\"font-weight: 400;\"><span style=\"font-weight: 400;\">P\u00e4ikesekreem<\/span><\/li>\n<p>n \t<\/p>\n<li style=\"font-weight: 400;\"><span style=\"font-weight: 400;\">M\u00fcts<\/span><\/li>\n<p>n \t<\/p>\n<li style=\"font-weight: 400;\"><span style=\"font-weight: 400;\">Mugavad p\u00fcksid<\/span><\/li>\n<p>n \t<\/p>\n<li style=\"font-weight: 400;\"><span style=\"font-weight: 400;\">Matkajalatsid metsa<\/span><\/li>\n<p>n \t<\/p>\n<li style=\"font-weight: 400;\"><span style=\"font-weight: 400;\">Sandaalid kevadpiirkondadesse.<\/span><\/li>\n<p>n \t<\/p>\n<li style=\"font-weight: 400;\"><span style=\"font-weight: 400;\">Ujumisriided<\/span><\/li>\n<p>n<\/ul>\n<p>n&nbsp;<br \/>\nn<\/p>\n<h4><b><i>Korja \u00fcles <\/i><\/b><\/h4>\n<p>n<span style=\"font-weight: 400;\">Hotelli vastutulemine on <em style=\"font-weight: 400;\"><strong>mitte<\/strong>\u00a0<\/em><i>kaasatud<\/i> selle tuuri jaoks.\u00a0<\/span><br \/>\nn<br \/>\nn<b>M\u00e4rge:<\/b><span style=\"font-weight: 400;\"> Kui teete broneeringu 24 tunni jooksul p\u00e4rast ekskursiooni\/ekskursiooni v\u00e4ljumisaega, saame korraldada lisatasudega hotelli pealetulemise mis tahes kohast Dominikaani Vabariigis. Kui teie ost on l\u00f5pule viidud, saadame teile meie kohaliku giidi t\u00e4ieliku kontaktteabe (telefoninumber, e-posti aadress jne), et korraldada kohaletoomise korraldamine.<\/span><br \/>\nn<\/p>\n<h4><b><i>Lisateabe kinnitus <\/i><\/b><\/h4>\n<p>n<\/p>\n<ol>\nn \t<\/p>\n<li>Piletid on kviitung p\u00e4rast selle ekskursiooni tasumist. Saate n\u00e4idata makset oma telefonis.<\/li>\n<p>n \t<\/p>\n<li style=\"font-weight: 400;\"><span style=\"font-weight: 400;\">Kohtumispunkt v\u00f5etakse vastu p\u00e4rast broneerimisprotsessi.<\/span><\/li>\n<p>n \t<\/p>\n<li style=\"font-weight: 400;\"><span style=\"font-weight: 400;\">Lastega peab kaasas olema t\u00e4iskasvanu.<\/span><\/li>\n<p>n \t<\/p>\n<li style=\"font-weight: 400;\"><span style=\"font-weight: 400;\"> Pole ratastooliga ligip\u00e4\u00e4setav <\/span><\/li>\n<p>n \t<\/p>\n<li style=\"font-weight: 400;\"><span style=\"font-weight: 400;\">Imikud peavad istuma s\u00fcles <\/span><\/li>\n<p>n \t<\/p>\n<li style=\"font-weight: 400;\"><span style=\"font-weight: 400;\">Ei soovitata seljaprobleemidega reisijatele<\/span><\/li>\n<p>n \t<\/p>\n<li style=\"font-weight: 400;\"><span style=\"font-weight: 400;\">Ei soovitata rasedatele reisijatele <\/span><\/li>\n<p>n \t<\/p>\n<li style=\"font-weight: 400;\"><span style=\"font-weight: 400;\"> Puuduvad s\u00fcdameprobleemid ega muud t\u00f5sised haigusseisundid <\/span><\/li>\n<p>n \t<\/p>\n<li style=\"font-weight: 400;\"><span style=\"font-weight: 400;\">Enamik reisijaid saab osaleda<\/span><\/li>\n<p>n<\/ol>\n<p>n<\/p>\n<h4><b><i>T\u00fchistamispoliitika<\/i><\/b><\/h4>\n<p>T\u00e4ieliku tagasimakse saamiseks lugege palun meie t\u00fchistamiseeskirju\u00a0<a href=\"https:\/\/www.boattoursamana.com\/et\/online-broneerimine\/\" target=\"_blank\" rel=\"noopener\" data-saferedirecturl=\"https:\/\/www.google.com\/url?q=https:\/\/www.boattoursamana.com\/online-booking\/&amp;source=gmail&amp;ust=1672449202351000&amp;usg=AOvVaw1yAeVAPktmaVCqDujgUn90\">Kliki siia<\/a>. Vahendid l\u00e4hevad kaotsi, kui broneering t\u00fchistatakse samal reisip\u00e4eval.<\/p>\n\n\t\t<\/div>\n\t<\/div>\n<div class=\"vc_empty_space\"   style=\"height: 32px\"><span class=\"vc_empty_space_inner\"><\/span><\/div><div class=\"woocommerce columns-4\"><ul class=\"products columns-4\">\n<li class=\"product type-product post-8855 status-publish first instock product_cat-kayaking product_cat-1-sabana-de-la-mar product_cat-kayaking-los-haitises product_cat-tours-excursions-los-haitises-national-park product_cat-tours-excursions-samana-bay-dominican-republic product_tag-cano-hondo product_tag-cano-hondo-hotel product_tag-day-tour-cano-hondo product_tag-kayak-dominican-republic product_tag-kayaking-dominican-republic product_tag-kayaking-los-haitises product_tag-kayaks product_tag-los-haitises product_tag-los-haitises-national-park product_tag-los-haitises-tours product_tag-private-tours-samana product_tag-sabana-de-la-mar product_tag-samana-bay product_tag-samana-excursions has-post-thumbnail sale sold-individually shipping-taxable product-type-external\">\n\t<div class=\"mkdf-pl-inner\"><div class=\"mkdf-pl-image\"><div class=\"mkdf-pl-text\"><div class=\"mkdf-pl-text-outer\"><div class=\"mkdf-pl-text-inner\"><a href=\"https:\/\/bookingadventures.tours\/booking.php?tour_id=a9cb493d865c3629426ab07d6bacff97\" data-quantity=\"1\" class=\"button wp-element-button product_type_external\" data-product_id=\"8855\" data-product_sku=\"\" aria-label=\"BRONEERI KOHE\" rel=\"nofollow noopener\">BRONEERI KOHE<\/a><\/div><\/div><\/div><\/div><a href=\"https:\/\/www.boattoursamana.com\/et\/ringreis\/sustasoit-los-haitises-koos-reisijuhiga-cano-hondo-4-tundi\" class=\"woocommerce-LoopProduct-link woocommerce-loop-product__link\"><\/a><\/div><div class=\"mkdf-pl-text-wrapper\"><div class=\"mkdf-pl-rating-holder\"><\/div><h4 class=\"mkdf-product-list-title\"><a href=\"https:\/\/www.boattoursamana.com\/et\/ringreis\/sustasoit-los-haitises-koos-reisijuhiga-cano-hondo-4-tundi\">4 tunni s\u00fcsta Los Haitises<\/a><\/h4>\n\t<span class=\"price\"><del aria-hidden=\"true\"><span class=\"woocommerce-Price-amount amount\"><bdi><span class=\"woocommerce-Price-currencySymbol\">&#36;<\/span>70.00<\/bdi><\/span><\/del> <ins><span class=\"woocommerce-Price-amount amount\"><bdi><span class=\"woocommerce-Price-currencySymbol\">&#36;<\/span>53.50<\/bdi><\/span><\/ins><\/span>\n<\/div><\/li><li class=\"product type-product post-9807 status-publish instock product_cat-day-trips product_cat-1-sabana-de-la-mar product_cat-hiking product_cat-hiking-los-haitises product_cat-kayaking-los-haitises product_cat-tours-excursions-los-haitises-national-park product_cat-tours-excursions-samana-bay-dominican-republic product_tag-cano-hondo-sabana-de-la-mar product_tag-caves-los-haitises product_tag-eco-tours product_tag-excursion product_tag-hike-kayak product_tag-hike-kayak-los-haitises-national-park product_tag-hiking-los-haitises product_tag-hiking-sabana-de-la-mar product_tag-hiking-samana product_tag-kayak-tour product_tag-kayaking product_tag-kayaking-los-haitises product_tag-los-haitises-national-park product_tag-los-haitises-national-park-entrance-fee product_tag-los-haitises-national-park-tour-from-las-terrenas product_tag-los-haitises-national-park-tour-from-santo-domingo product_tag-los-haitises-national-park-weather product_tag-los-haitises-sabana-de-la-mar product_tag-sabana-de-la-mar product_tag-sabana-de-la-mar-tour product_tag-samana-excursions product_tag-samana-tours product_tag-secrets-of-los-haitises has-post-thumbnail sale sold-individually shipping-taxable product-type-external\">\n\t<div class=\"mkdf-pl-inner\"><div class=\"mkdf-pl-image\"><div class=\"mkdf-pl-text\"><div class=\"mkdf-pl-text-outer\"><div class=\"mkdf-pl-text-inner\"><a href=\"https:\/\/bookingadventures.tours\/booking.php?tour_id=214ab2ed515734864898e23b426328be\" data-quantity=\"1\" class=\"button wp-element-button product_type_external\" data-product_id=\"9807\" data-product_sku=\"\" aria-label=\"BRONEERI KOHE\" rel=\"nofollow noopener\">BRONEERI KOHE<\/a><\/div><\/div><\/div><\/div><a href=\"https:\/\/www.boattoursamana.com\/et\/ringreis\/matkasust-los-haitises-rahvuspark\" class=\"woocommerce-LoopProduct-link woocommerce-loop-product__link\"><\/a><\/div><div class=\"mkdf-pl-text-wrapper\"><h4 class=\"mkdf-product-list-title\"><a href=\"https:\/\/www.boattoursamana.com\/et\/ringreis\/matkasust-los-haitises-rahvuspark\">Matk + s\u00fcsta Los Haitises<\/a><\/h4>\n\t<span class=\"price\"><del aria-hidden=\"true\"><span class=\"woocommerce-Price-amount amount\"><bdi><span class=\"woocommerce-Price-currencySymbol\">&#36;<\/span>75.00<\/bdi><\/span><\/del> <ins><span class=\"woocommerce-Price-amount amount\"><bdi><span class=\"woocommerce-Price-currencySymbol\">&#36;<\/span>67.00<\/bdi><\/span><\/ins><\/span>\n<\/div><\/li><li class=\"product type-product post-8857 status-publish instock product_cat-tours-excursions-los-haitises-national-park product_cat-1-samana product_cat-boat-trip-los-haitises product_cat-tours-excursions-samana-bay-dominican-republic product_tag-bacardi-island product_tag-bacardi-island-tours product_tag-birdwatching product_tag-boat-tour product_tag-caves-los-haitises product_tag-cayo-levantado product_tag-cayo-levantado-tour product_tag-eco-tours product_tag-excursiones-a-los-haitises-y-cayo-levantado product_tag-haitises-park-and-cayo-levantado-island product_tag-los-haitises product_tag-los-haitises-and-cayo-levantado product_tag-los-haitises-excursiones product_tag-los-haitises-excursions product_tag-los-haitises-mapa product_tag-los-haitises-mas-cayo-levantado product_tag-los-haitises-national-park product_tag-los-haitises-national-park-map product_tag-los-haitises-national-park-mas-cayo-levantado product_tag-los-haitises-national-park-tour-from-las-terrenas product_tag-los-haitises-national-park-tour-from-samana-port-bacardi-island-cayo-levantado product_tag-los-haitises-national-park-tour-from-santo-domingo product_tag-los-haitises-park-tour-cayo-levantado-island product_tag-los-haitises-samana product_tag-los-haitises-y-cayo-levantado product_tag-sabana-de-la-mar product_tag-samana product_tag-samana-excursions product_tag-samana-tours product_tag-tour-los-haitises-national-park-cayo-levantado has-post-thumbnail sale sold-individually shipping-taxable product-type-external\">\n\t<div class=\"mkdf-pl-inner\"><div class=\"mkdf-pl-image\"><div class=\"mkdf-pl-text\"><div class=\"mkdf-pl-text-outer\"><div class=\"mkdf-pl-text-inner\"><a href=\"https:\/\/bookingadventures.tours\/booking.php?tour_id=cd01687b47db9fe0c95acae017fc39c6\" data-quantity=\"1\" class=\"button wp-element-button product_type_external\" data-product_id=\"8857\" data-product_sku=\"\" aria-label=\"BRONEERI KOHE\" rel=\"nofollow noopener\">BRONEERI KOHE<\/a><\/div><\/div><\/div><\/div><a href=\"https:\/\/www.boattoursamana.com\/et\/ringreis\/los-haitises-rahvuspargi-ringreis-samana-sadamast-bacardi-saarelt-cayo-levantadost-2\" class=\"woocommerce-LoopProduct-link woocommerce-loop-product__link\"><\/a><\/div><div class=\"mkdf-pl-text-wrapper\"><div class=\"mkdf-pl-rating-holder\"><\/div><h4 class=\"mkdf-product-list-title\"><a href=\"https:\/\/www.boattoursamana.com\/et\/ringreis\/los-haitises-rahvuspargi-ringreis-samana-sadamast-bacardi-saarelt-cayo-levantadost-2\">Los Haitisese rahvuspargi ekskursioon Saman\u00e1 sadamast + Bacardi saar (Cayo Levantado)<\/a><\/h4>\n\t<span class=\"price\"><del aria-hidden=\"true\"><span class=\"woocommerce-Price-amount amount\"><bdi><span class=\"woocommerce-Price-currencySymbol\">&#36;<\/span>90.00<\/bdi><\/span><\/del> <ins><span class=\"woocommerce-Price-amount amount\"><bdi><span class=\"woocommerce-Price-currencySymbol\">&#36;<\/span>60.00<\/bdi><\/span><\/ins><\/span>\n<\/div><\/li><li class=\"product type-product post-11569 status-publish last instock product_cat-tours-excursions-samana-bay-dominican-republic product_cat-1-sabana-de-la-mar product_cat-1-samana product_tag-bacardi-island product_tag-cayo-levantado-day-pass product_tag-kayaking-dominican-republic product_tag-private-tours-samana product_tag-samana-tours product_tag-samana-whale-watching product_tag-snorkeling product_tag-whale-samana has-post-thumbnail sale sold-individually shipping-taxable product-type-external\">\n\t<div class=\"mkdf-pl-inner\"><div class=\"mkdf-pl-image\"><div class=\"mkdf-pl-text\"><div class=\"mkdf-pl-text-outer\"><div class=\"mkdf-pl-text-inner\"><a href=\"https:\/\/bookingadventures.tours\/booking.php?tour_id=1f8a301f1dc36a0236b212940f3c840c\" data-quantity=\"1\" class=\"button wp-element-button product_type_external\" data-product_id=\"11569\" data-product_sku=\"\" aria-label=\"BRONEERI KOHE\" rel=\"nofollow noopener\">BRONEERI KOHE<\/a><\/div><\/div><\/div><\/div><a href=\"https:\/\/www.boattoursamana.com\/et\/ringreis\/privaatne-sustaga-snorgeldamine-koos-lounasoogiga-cayo-levantado-saarel\" class=\"woocommerce-LoopProduct-link woocommerce-loop-product__link\"><\/a><\/div><div class=\"mkdf-pl-text-wrapper\"><h4 class=\"mkdf-product-list-title\"><a href=\"https:\/\/www.boattoursamana.com\/et\/ringreis\/privaatne-sustaga-snorgeldamine-koos-lounasoogiga-cayo-levantado-saarel\">Samana: Cayo Levantado ja kajakis\u00f5it + snorgeldamine<\/a><\/h4>\n\t<span class=\"price\"><del aria-hidden=\"true\"><span class=\"woocommerce-Price-amount amount\"><bdi><span class=\"woocommerce-Price-currencySymbol\">&#36;<\/span>87.00<\/bdi><\/span><\/del> <ins><span class=\"woocommerce-Price-amount amount\"><bdi><span class=\"woocommerce-Price-currencySymbol\">&#36;<\/span>75.00<\/bdi><\/span><\/ins><\/span>\n<\/div><\/li><\/ul>\n<\/div><\/div><\/div><\/div><\/div><div class=\"vc_row wpb_row vc_row-fluid\" ><\/div><div class=\"wpb_column vc_column_container vc_col-sm-12\"><div class=\"vc_column-inner\"><div class=\"wpb_wrapper\"><\/div><\/div><\/div><div class=\"vc_empty_space\"   style=\"height: 32px\"><span class=\"vc_empty_space_inner\"><\/span><\/div>\n\t<div class=\"wpb_text_column wpb_content_element\" >\n\t\t<div class=\"wpb_wrapper\">\n\t\t\t<p>\nn<br \/>\nnMa olen tekstiplokk. Selle teksti muutmiseks kl\u00f5psake nuppu Redigeeri. Lorem ipsum dolor sit amet, consectetur adipiscing eliit. Ut elit tellus, luctus nec ullamcorper mattis, pulvinar dapibus leo.<br \/>\nn<br \/>\nn<\/p>\n\n\t\t<\/div>\n\t<\/div>\n<div class=\"vc_empty_space\"   style=\"height: 32px\"><span class=\"vc_empty_space_inner\"><\/span><\/div>","protected":false},"excerpt":{"rendered":"<p>Caminata de 3 horas y kayak en manglares en el Parque Nacional Los Haitises con un gu\u00eda tur\u00edstico local desde Sabana de la mar. Visitando las \u00e1reas de Selva Tropical, Cocos, Caf\u00e9 y Cacao. Aprendiendo sobre la historia original del Parque Nacional Los Haitises. n n&nbsp; n nSeleccione la fecha para el viaje de senderismo: &nbsp;<\/p>","protected":false},"author":2,"featured_media":0,"parent":0,"menu_order":0,"comment_status":"open","ping_status":"closed","template":"","meta":{"footnotes":""},"class_list":["post-15792","page","type-page","status-publish","hentry"],"_links":{"self":[{"href":"https:\/\/www.boattoursamana.com\/et\/wp-json\/wp\/v2\/pages\/15792","targetHints":{"allow":["GET"]}}],"collection":[{"href":"https:\/\/www.boattoursamana.com\/et\/wp-json\/wp\/v2\/pages"}],"about":[{"href":"https:\/\/www.boattoursamana.com\/et\/wp-json\/wp\/v2\/types\/page"}],"author":[{"embeddable":true,"href":"https:\/\/www.boattoursamana.com\/et\/wp-json\/wp\/v2\/users\/2"}],"replies":[{"embeddable":true,"href":"https:\/\/www.boattoursamana.com\/et\/wp-json\/wp\/v2\/comments?post=15792"}],"version-history":[{"count":0,"href":"https:\/\/www.boattoursamana.com\/et\/wp-json\/wp\/v2\/pages\/15792\/revisions"}],"wp:attachment":[{"href":"https:\/\/www.boattoursamana.com\/et\/wp-json\/wp\/v2\/media?parent=15792"}],"curies":[{"name":"wp","href":"https:\/\/api.w.org\/{rel}","templated":true}]}}