{"id":15802,"date":"2023-07-15T07:43:59","date_gmt":"2023-07-15T07:43:59","guid":{"rendered":"https:\/\/www.ticketswhales.com\/excursion-whale-watching-samana-bay-cano-hondo-los-haitises-from-samana-port\/"},"modified":"2023-07-15T07:43:59","modified_gmt":"2023-07-15T07:43:59","slug":"excursion-whale-watching-samana-bay-cano-hondo-los-haitises-from-samana-port","status":"publish","type":"page","link":"https:\/\/www.boattoursamana.com\/et\/ekskursioon-vaalade-vaatamine-samana-bay-cano-hondo-los-haitises-samana-sadamast-2","title":{"rendered":"Vaalavaatlus Saman\u00e1 lahte + Ca\u00f1o Hondo + Los Haitises Saman\u00e1 sadamast"},"content":{"rendered":"<p><span style=\"vertical-align: inherit;\"><span style=\"vertical-align: inherit;\">Esta es una excursi\u00f3n privada al observatorio de avistamiento de ballenas despu\u00e9s del almuerzo en el albergue ecol\u00f3gico Ca\u00f1o Hondo y el Parque Nacional Los Haitises. <\/span><span style=\"vertical-align: inherit;\">Nadie more ofrece esta uskumatu kogemus en un viaje de un soolo d\u00eda con gu\u00edas profesionales ecologistas en el avistamiento de ballenas. <\/span><span style=\"vertical-align: inherit;\">Si desea ponerse en contacto con nosotros para recibir asesoramiento, env\u00ede un correo electr\u00f3nico, Whatsapp v\u00f5i Llamadas disponibles. <\/span><span style=\"vertical-align: inherit;\">For favor reserve sus boletos con tiempo.<\/span><\/span><br \/>\nn<br \/>\nn&nbsp;<br \/>\nn<br \/>\nn<em><strong><span style=\"vertical-align: inherit;\"><span style=\"vertical-align: inherit;\">Vali ekskursiooni fecha:<\/span><\/span><\/strong><\/em><\/p>\n<p>&nbsp;<\/p>\n<div class=\"vc_row wpb_row vc_row-fluid\" ><\/div><div class=\"wpb_column vc_column_container vc_col-sm-12\"><div class=\"vc_column-inner\"><div class=\"wpb_wrapper\"><\/div><\/div><\/div><div class=\"mkdf-section-title-holder\" style=\"text-align: left\">\n\t<div class=\"mkdf-st-inner\">\n\t\t\t\t\t<h5 class=\"mkdf-st-subtitle\" >\n\t\t\t\tReisid ja ekskursioonid\t\t\t<\/h5>\n\t\t\t\t\t\t\t<h3 class=\"mkdf-st-title\" >\n\t\t\t\tSamana lahe vaalavaatlus + Cano Hondo + Los Haitises Samana sadamast\t\t\t<\/h3>\n\t\t\t\t\t<\/div>\n<\/div>\n\t<div class=\"wpb_text_column wpb_content_element\" >\n\t\t<div class=\"wpb_wrapper\">\n\t\t\t<p>\nn<\/p>\n<div class=\"vc_row wpb_row vc_row-fluid\">\nn<\/p>\n<div class=\"wpb_column vc_column_container vc_col-sm-12\">\nn<\/p>\n<div class=\"vc_column-inner\">\nn<\/p>\n<div class=\"wpb_wrapper\">\nn<\/p>\n<div class=\"wpb_text_column wpb_content_element\">\nn<\/p>\n<div class=\"wpb_wrapper\">\nn<\/p>\n<h3><\/h3>\n<p>nVaalaevaatlus Saman\u00e1 linnas algab Saman\u00e1 sadamast p\u00e4rast vaalavaatlust, mille j\u00e4rel l\u00e4heme \u00fcle lahe, et k\u00fclastada Ca\u00f1o Hondo looduslikke basseine ning l\u00f5unas\u00f6\u00f6k ja t\u00e4isreis Los Haitisese rahvuspargis.<br \/>\nn<br \/>\nnSee reis algab kell 9.00 ja l\u00f5peb kell 17.00. Kohtumine enne meie kontoris. P\u00e4rast meie eralaeva katkestamist vaalade k\u00fclastamiseks nende elupaigas. Kella 9.00-11.00 Vaalaobservatoorium ja p\u00e4rast seda vaalavaatlusreisi k\u00fclastame l\u00f5unas\u00f6\u00f6giks Ca\u00f1o Hondot, ujume looduslikes basseinides ja l\u00f5petame reisiga Los Haitisese rahvusparki. See ekskursioon l\u00f5ppeb samas sadamas, kust algab kell 17.00.<br \/>\nn<br \/>\nn<strong>M\u00e4rkus: see on eraekskursioon.\u00a0<\/strong><br \/>\nn<\/p>\n<ul>\nn \t<\/p>\n<li>Vaalavaatlusreis<\/li>\n<p>n \t<\/p>\n<li>Los Haitisese rahvuspargi ringreis<\/li>\n<p>n \t<\/p>\n<li>Ca\u00f1o Hondo, l\u00f5unas\u00f6\u00f6k ja basseinid<\/li>\n<p>n \t<\/p>\n<li>Observatooriumi sissep\u00e4\u00e4sutasud<\/li>\n<p>n \t<\/p>\n<li>Paaditransfeer<\/li>\n<p>n \t<\/p>\n<li>Kapten annab juhiseid ja j\u00e4relevalvet<\/li>\n<p>n \t<\/p>\n<li>Giid<\/li>\n<p>n<\/ul>\n<p>n&nbsp;<br \/>\nn<\/p>\n<h4><b>Kaasamised ja v\u00e4listused<\/b><\/h4>\n<p>n&nbsp;<br \/>\nn<br \/>\nn<b>Kaasamised<\/b><br \/>\nn<\/p>\n<ol>\nn \t<\/p>\n<li>L\u00f5unas\u00f6\u00f6k Rootsi lauas Ca\u00f1o Hondos<\/li>\n<p>n \t<\/p>\n<li>Looduslikud basseinid<\/li>\n<p>n \t<\/p>\n<li>Vaalavaatlus Saman\u00e1 laht<\/li>\n<p>n \t<\/p>\n<li>Los Haitisese rahvuspark, koopad, mangroovid ja San Lorenzo laht<\/li>\n<p>n \t<\/p>\n<li>Giid<\/li>\n<p>n \t<\/p>\n<li>Katamaraani v\u00f5i paadireis<\/li>\n<p>n \t<\/p>\n<li>K\u00f5ik maksud, tasud ja k\u00e4itlustasud<\/li>\n<p>n \t<\/p>\n<li>Kohalikud maksud<\/li>\n<p>n \t<\/p>\n<li>Joogid<\/li>\n<p>n<\/ol>\n<p>n<b>V\u00e4listused<\/b><br \/>\nn<\/p>\n<ol>\nn \t<\/p>\n<li>Jootraha<\/li>\n<p>n \t<\/p>\n<li>Transfer Auto<\/li>\n<p>n \t<\/p>\n<li>Alkohoolsed joogid<\/li>\n<p>n<\/ol>\n<p>n&nbsp;<br \/>\nn<\/p>\n<h4><em><strong>V\u00e4ljumine ja tagasitulek<\/strong><\/em><\/h4>\n<p>Reisija saab p\u00e4rast broneerimisprotsessi kohtumispunkti. Ekskursioonid algavad ja l\u00f5ppevad meie kohtumispunktides.<br \/>\nn<br \/>\nn&nbsp;<br \/>\nn<\/p>\n<h4><b><i>Mida oodata?<\/i><\/b><\/h4>\n<p>n&nbsp;<br \/>\nn<br \/>\nn<em><strong>Hankige oma piletid<\/strong><\/em> \u00fchep\u00e4evane vaalavaatlustuur Samana lahes, lisaks suurep\u00e4rane l\u00f5una- ja rannaaeg ning Los Haitisese rahvuspargi k\u00fclastamine.<br \/>\nn<br \/>\nVaalavaatlusretke korraldab \u201cBooking Adventures\u201d, mis algab reisijuhiga m\u00e4\u00e4ratud kohtumispunktis. L\u00f5unas\u00f6\u00f6k rannas ja v\u00f5id viibida nii kaua, kui tahad ringi ujuda. Kui olete vegan, saame teile ka m\u00f5ned toidud valmistada.<br \/>\nn<br \/>\nn<strong>Tunniplaan:<\/strong><br \/>\nn<br \/>\n8:45\u201317:00<br \/>\nn<br \/>\nn&nbsp;<br \/>\nn<\/p>\n<h4><em><strong>Mida peaksite kaasa v\u00f5tma?<\/strong><\/em><\/h4>\n<p>n<\/p>\n<ul>\nn \t<\/p>\n<li>Kaamera<\/li>\n<p>n \t<\/p>\n<li>T\u00f5rjuvad pungad<\/li>\n<p>n \t<\/p>\n<li>p\u00e4ikesekreem<\/li>\n<p>n \t<\/p>\n<li>M\u00fcts<\/li>\n<p>n \t<\/p>\n<li>Mugavad p\u00fcksid<\/li>\n<p>n \t<\/p>\n<li>Sandaalid randa<\/li>\n<p>n \t<\/p>\n<li>Ujumisriided<\/li>\n<p>n \t<\/p>\n<li>Sularaha suveniiride eest<\/li>\n<p>n<\/ul>\n<p>n&nbsp;<br \/>\nn<\/p>\n<h4><b><i>Hotelli j\u00e4reletulemine<\/i><\/b><\/h4>\n<p>nSelle ekskursiooni puhul hotelli vastutulemist ei pakuta.<br \/>\nn<br \/>\nn&nbsp;<br \/>\nn<br \/>\nn<b>M\u00e4rge:<\/b>\u00a0Kui broneerite 24 tunni jooksul p\u00e4rast ekskursiooni\/ekskursiooni v\u00e4ljumisaega, saame korraldada lisatasu eest hotelli pealetulemise. Kui teie ost on l\u00f5pule viidud, saadame teile meie kohaliku giidi t\u00e4ieliku kontaktteabe (telefoninumber, e-posti aadress jne), et korraldada kohaletoomise korraldamine.<br \/>\nn<\/p>\n<h4><b><i>Lisateabe kinnitus<\/i><\/b><\/h4>\n<p>n<\/p>\n<ol>\nn \t<\/p>\n<li>Piletid on kviitung p\u00e4rast selle ekskursiooni tasumist. Saate n\u00e4idata makset oma telefonis.<\/li>\n<p>n \t<\/p>\n<li>Kohtumispunkt v\u00f5etakse vastu p\u00e4rast broneerimisprotsessi.<\/li>\n<p>n \t<\/p>\n<li>Lastega peab kaasas olema t\u00e4iskasvanu.<\/li>\n<p>n \t<\/p>\n<li>ratastooliga ligip\u00e4\u00e4setav<\/li>\n<p>n \t<\/p>\n<li>Imikud peavad istuma s\u00fcles<\/li>\n<p>n \t<\/p>\n<li>Enamik reisijaid saab osaleda<\/li>\n<p>n<\/ol>\n<p>n<\/p>\n<h4><b><i>T\u00fchistamispoliitika<\/i><\/b><\/h4>\n<p>T\u00e4ieliku tagasimakse saamiseks lugege palun meie t\u00fchistamiseeskirju\u00a0<a href=\"https:\/\/www.boattoursamana.com\/et\/online-broneerimine\/\" target=\"_blank\" rel=\"noopener\" data-saferedirecturl=\"https:\/\/www.google.com\/url?q=https:\/\/www.boattoursamana.com\/online-booking\/&amp;source=gmail&amp;ust=1672449202351000&amp;usg=AOvVaw1yAeVAPktmaVCqDujgUn90\">Kliki siia<\/a>. Vahendid l\u00e4hevad kaotsi, kui broneering t\u00fchistatakse samal reisip\u00e4eval.<br \/>\nn<br \/>\nn<\/div>\n<p>n\n<\/p><\/div>\n<p>n\n<\/p><\/div>\n<p>n\n<\/p><\/div>\n<p>n\n<\/p><\/div>\n<p>n\n<\/p><\/div>\n<p>n<\/p>\n<div class=\"vc_row wpb_row vc_row-fluid\">\nn<\/p>\n<div class=\"wpb_column vc_column_container vc_col-sm-12\">\nn<\/p>\n<div class=\"vc_column-inner\">\nn<\/p>\n<div class=\"wpb_wrapper\">\nn<\/p>\n<div class=\"wpb_text_column wpb_content_element\">\nn<\/p>\n<div class=\"wpb_wrapper\">\nn<\/p>\n<h4>V\u00f5ta meiega \u00fchendust?<\/h4>\n<p>n<\/p>\n<h5><b><i>TOUR VAALAD SAMANA<\/i><\/b><\/h5>\n<p>n<em><strong>Kohalikud<\/strong>\u00a0ja\u00a0<strong>Rahvuslased<\/strong>\u00a0Giidid ja k\u00fclalisteteenused<\/em><br \/>\nn<br \/>\nn<span class=\"text-turquoise\">Broneeringud:<\/span>\u00a0Reisid ja ekskursioonid Domis. Rep.<br \/>\nn<br \/>\nn<img decoding=\"async\" class=\"emoji\" draggable=\"false\" src=\"https:\/\/s.w.org\/images\/core\/emoji\/11.2.0\/svg\/1f4de.svg\" alt=\" \" title=\"\">\u00a0Tel \/ Whatsapp\u00a0\u00a0<a href=\"tel:+1-809-720-6035\">+1-809-720-6035<\/a>.<br \/>\nn<br \/>\nn<img decoding=\"async\" class=\"emoji\" draggable=\"false\" src=\"https:\/\/s.w.org\/images\/core\/emoji\/11.2.0\/svg\/1f4e9.svg\" alt=\" \" title=\"\">\u00a0<a href=\"mailto:info@bookingadventures.com.do\">info@bookingadventures.com.do<\/a><br \/>\nn<br \/>\nn<strong>Me korraldame paindlikult Whatsapi privaatreise:\u00a0<a href=\"tel:+18097206035\">+18097206035.<\/a><\/strong><br \/>\nn<br \/>\nn<\/div>\n<p>n\n<\/p><\/div>\n<p>n\n<\/p><\/div>\n<p>n\n<\/p><\/div>\n<p>n\n<\/p><\/div>\n<p>n\n<\/p><\/div>\n<p>n<\/p>\n\n\t\t<\/div>\n\t<\/div>\n<div class=\"mkdf-section-title-holder\" style=\"text-align: left\">\n\t<div class=\"mkdf-st-inner\">\n\t\t\t\t\t<h5 class=\"mkdf-st-subtitle\" >\n\t\t\t\tErareisid ja ekskursioonid\t\t\t<\/h5>\n\t\t\t\t\t\t\t<h3 class=\"mkdf-st-title\" >\n\t\t\t\tPrivaatne ekskursioon Vaalavaatlus Samana lahes + Cano Hondo + Los Haitises Samana sadamast\t\t\t<\/h3>\n\t\t\t\t\t<\/div>\n<\/div>\n\t<div class=\"wpb_text_column wpb_content_element\" >\n\t\t<div class=\"wpb_wrapper\">\n\t\t\t<p>\nn<br \/>\nnMa olen tekstiplokk. Selle teksti muutmiseks kl\u00f5psake nuppu Redigeeri. Lorem ipsum dolor sit amet, consectetur adipiscing eliit. Ut elit tellus, luctus nec ullamcorper mattis, pulvinar dapibus leo.<br \/>\nn<br \/>\nn<\/p>\n\n\t\t<\/div>\n\t<\/div>","protected":false},"excerpt":{"rendered":"<p>Esta es una excursi\u00f3n privada al observatorio de avistamiento de ballenas despu\u00e9s del almuerzo en el albergue ecol\u00f3gico Ca\u00f1o Hondo y el Parque Nacional Los Haitises. Nadie m\u00e1s ofrece esta incre\u00edble experiencia en un viaje de un solo d\u00eda con gu\u00edas profesionales ecologistas en el avistamiento de ballenas. Si desea ponerse en contacto con nosotros para recibir asesoramiento, env\u00ede un correo electr\u00f3nico, Whatsapp o Llamadas disponibles. Por favor reserve sus boletos con tiempo. n n&nbsp; n nSeleccione la fecha de [&hellip;]<\/p>\n","protected":false},"author":2,"featured_media":0,"parent":0,"menu_order":0,"comment_status":"open","ping_status":"closed","template":"","meta":{"footnotes":""},"class_list":["post-15802","page","type-page","status-publish","hentry"],"_links":{"self":[{"href":"https:\/\/www.boattoursamana.com\/et\/wp-json\/wp\/v2\/pages\/15802","targetHints":{"allow":["GET"]}}],"collection":[{"href":"https:\/\/www.boattoursamana.com\/et\/wp-json\/wp\/v2\/pages"}],"about":[{"href":"https:\/\/www.boattoursamana.com\/et\/wp-json\/wp\/v2\/types\/page"}],"author":[{"embeddable":true,"href":"https:\/\/www.boattoursamana.com\/et\/wp-json\/wp\/v2\/users\/2"}],"replies":[{"embeddable":true,"href":"https:\/\/www.boattoursamana.com\/et\/wp-json\/wp\/v2\/comments?post=15802"}],"version-history":[{"count":0,"href":"https:\/\/www.boattoursamana.com\/et\/wp-json\/wp\/v2\/pages\/15802\/revisions"}],"wp:attachment":[{"href":"https:\/\/www.boattoursamana.com\/et\/wp-json\/wp\/v2\/media?parent=15802"}],"curies":[{"name":"wp","href":"https:\/\/api.w.org\/{rel}","templated":true}]}}