{"id":15807,"date":"2023-07-15T07:43:59","date_gmt":"2023-07-15T07:43:59","guid":{"rendered":"https:\/\/www.ticketswhales.com\/saona-island-rentals-rent-a-private-boat\/"},"modified":"2023-07-15T07:43:59","modified_gmt":"2023-07-15T07:43:59","slug":"saona-island-rentals-rent-a-private-boat","status":"publish","type":"page","link":"https:\/\/www.boattoursamana.com\/et\/saona-saare-uurid-rentida-privaatpaati-2","title":{"rendered":"Saona saare rentimine \u2013 rentige privaatne paat"},"content":{"rendered":"<p>&nbsp;<\/p>\n<div class=\"vc_row wpb_row vc_row-fluid\" > <div class=\"wpb_column vc_column_container vc_col-sm-12\"><div class=\"vc_column-inner\"><div class=\"wpb_wrapper\"> \n\t<div class=\"wpb_text_column wpb_content_element\" >\n\t\t<div class=\"wpb_wrapper\">\n\t\t\t\n\t\t<\/div>\n\t<\/div>\n <\/div><\/div><\/div> <\/div> <div class=\"wpb_column vc_column_container vc_col-sm-12\"><div class=\"vc_column-inner\"><div class=\"wpb_wrapper\"> <div class=\"vc_btn3-container vc_btn3-inline\" ><button class=\"vc_general vc_btn3 vc_btn3-size-md vc_btn3-shape-rounded vc_btn3-style-modern vc_btn3-color-green\">BRONEERI KOHE<\/button><\/div> <\/div><\/div><\/div> <div class=\"vc_tta-container\" data-vc-action=\"collapse\"><div class=\"vc_general vc_tta vc_tta-tabs vc_tta-color-grey vc_tta-style-classic vc_tta-shape-rounded vc_tta-spacing-1 vc_tta-tabs-position-top vc_tta-controls-align-left\"><div class=\"vc_tta-tabs-container\"><ul class=\"vc_tta-tabs-list\"><\/ul><\/div><div class=\"vc_tta-panels-container\"><div class=\"vc_tta-panels\"> <\/div><\/div><\/div><\/div> <div class=\"vc_tta-panel vc_active\" id=\"1616582286467-74629ea8-fd69\" data-vc-content=\".vc_tta-panel-body\"><div class=\"vc_tta-panel-heading\"><h4 class=\"vc_tta-panel-title\"><a href=\"#1616582286467-74629ea8-fd69\" data-vc-accordion data-vc-container=\".vc_tta-container\"><span class=\"vc_tta-title-text\">Descripci\u00f3n<\/span><\/a><\/h4><\/div><div class=\"vc_tta-panel-body\"> \n\t<div class=\"wpb_text_column wpb_content_element\" >\n\t\t<div class=\"wpb_wrapper\">\n\t\t\t<p>\nn<\/p>\n<div class=\"custom-left\">\nn<\/p>\n<div class=\"row\">\nn<\/p>\n<div class=\"col-md-12 cust-clas\">\nn<\/p>\n<div class=\"product-header alignleft\">\nn<br \/>\nnSAONA SAAR \u2013 PAAT \u2013 RENT<br \/>\nn<br \/>\nnT\u00c4ISP\u00c4EVANE ERAHARTTA SAONA SAARELE<br \/>\nn<br \/>\nnPAINDLIK KESTUS \u2013 ESMASP\u00c4EVAST P\u00dcHAP\u00c4EVANI<br \/>\nn<br \/>\nn<\/div>\n<p>n\n<\/p><\/div>\n<p>n\n<\/p><\/div>\n<p>n\n<\/p><\/div>\n<p>n<\/p>\n<div class=\"custom-left para-p\">\nn<\/p>\n<div class=\"info_content_label\">\nn<br \/>\nn&nbsp;<br \/>\nn<br \/>\nn&nbsp;<br \/>\nn<br \/>\nn&nbsp;<br \/>\nn<br \/>\nn&nbsp;<br \/>\nn<br \/>\nnLaenutage seda vapustavat paati kogu p\u00e4evaks kuni 16 inimesele, et k\u00fclastada Saona saart.<br \/>\nn<br \/>\nn<strong>KAASAS<\/strong><br \/>\nn<\/p>\n<ul>\nn \t<\/p>\n<li>Meeskond (kapten ja kapteni abi)<\/li>\n<p>n \t<\/p>\n<li>K\u00fctus<\/li>\n<p>n \t<\/p>\n<li>J\u00e4\u00e4jahuti j\u00e4\u00e4ga<\/li>\n<p>n<\/ul>\n<p>nFood on saadaval lisatasu eest:<br \/>\nn<br \/>\nn<strong>Traditsioonilise Rootsi laua l\u00f5unas\u00f6\u00f6gi \u00fcksikasjad, $15 USD p\/p:<\/strong><br \/>\nn<br \/>\nn-Roheline salat, Vene salat<br \/>\nn<br \/>\nn-R\u00fc\u00fctel<br \/>\nn<br \/>\nn-Moro de Guandule (Dominikaani stiilis riis) kookosp\u00e4hkliga<br \/>\nn<br \/>\nn-Pasta tomatikastmes-Cassaava vormiroad<br \/>\nn<br \/>\nn-Grillitud kala ja kana (dorado) + soovi korral kookospiimakaste<br \/>\nn<br \/>\n- V\u00e4rsked puuviljad - 1 alkoholivaba jook (karastusjook v\u00f5i vesi)<br \/>\nn-kohvik<br \/>\nn<br \/>\nn<strong>T\u00e4iendav homaariteenus + kookosp\u00e4hkli fudge $19 USD (lisatasu).<\/strong><br \/>\nn<br \/>\nn<\/div>\n<p>n<strong><label>Ei sisalda:<\/label><\/strong> Joogid ja toidud EI OLE hinna sees ning neid saab kokku leppida lisatasu eest.<br \/>\nn<br \/>\nn&nbsp;<br \/>\nn<br \/>\nn<\/div>\n<p>nKui vajate lisateavet v\u00f5i teil on k\u00fcsimusi, v\u00f5tke meiega \u00fchendust Whatsapi kaudu: +1-809-720-6035 v\u00f5i otsevestluse kaudu. Pakume veebis parimat hinda!<br \/>\nn<br \/>\nn&nbsp;<br \/>\nn<\/p>\n<h4><b><i>T\u00fchistamispoliitika<\/i><\/b><\/h4>\n<p>T\u00e4ieliku tagasimakse saamiseks lugege palun meie t\u00fchistamiseeskirju <a href=\"https:\/\/www.boattoursamana.com\/et\/online-broneerimine\/\" target=\"_blank\" rel=\"noopener\" data-saferedirecturl=\"https:\/\/www.google.com\/url?q=https:\/\/www.boattoursamana.com\/online-booking\/&amp;source=gmail&amp;ust=1672449202351000&amp;usg=AOvVaw1yAeVAPktmaVCqDujgUn90\">Kliki siia<\/a>. Vahendid j\u00e4\u00e4vad ilma, kui broneering t\u00fchistatakse samal reisip\u00e4eval. <\/p>\n\n\t\t<\/div>\n\t<\/div>\n <\/div><\/div> <div class=\"vc_tta-panel\" id=\"1616580432722-00be9baf-46e3\" data-vc-content=\".vc_tta-panel-body\"><div class=\"vc_tta-panel-heading\"><h4 class=\"vc_tta-panel-title\"><a href=\"#1616580432722-00be9baf-46e3\" data-vc-accordion data-vc-container=\".vc_tta-container\"><span class=\"vc_tta-title-text\">Hinnad<\/span><\/a><\/h4><\/div><div class=\"vc_tta-panel-body\"> <\/div><\/div> <div class=\"mkdf-section-title-holder\" style=\"text-align: center\">\n\t<div class=\"mkdf-st-inner\">\n\t\t\t\t\t\t\t<h3 class=\"mkdf-st-title\" >\n\t\t\t\tHINNAD\t\t\t<\/h3>\n\t\t\t\t\t<\/div>\n<\/div> <div class=\"vc_empty_space\"   style=\"height: 32px\"><span class=\"vc_empty_space_inner\"><\/span><\/div> <div class=\"vc_row wpb_row vc_row-fluid\" > <div class=\"wpb_column vc_column_container vc_col-sm-12\"><div class=\"vc_column-inner\"><div class=\"wpb_wrapper\"> <div class=\"vc_btn3-container vc_btn3-inline\" ><button class=\"vc_general vc_btn3 vc_btn3-size-md vc_btn3-shape-rounded vc_btn3-style-modern vc_btn3-color-green\">BRONEERI KOHE<\/button><\/div> <\/div><\/div><\/div> <\/div>","protected":false},"excerpt":{"rendered":"<p>&nbsp;<\/p>","protected":false},"author":2,"featured_media":0,"parent":0,"menu_order":0,"comment_status":"open","ping_status":"closed","template":"","meta":{"footnotes":""},"class_list":["post-15807","page","type-page","status-publish","hentry"],"_links":{"self":[{"href":"https:\/\/www.boattoursamana.com\/et\/wp-json\/wp\/v2\/pages\/15807","targetHints":{"allow":["GET"]}}],"collection":[{"href":"https:\/\/www.boattoursamana.com\/et\/wp-json\/wp\/v2\/pages"}],"about":[{"href":"https:\/\/www.boattoursamana.com\/et\/wp-json\/wp\/v2\/types\/page"}],"author":[{"embeddable":true,"href":"https:\/\/www.boattoursamana.com\/et\/wp-json\/wp\/v2\/users\/2"}],"replies":[{"embeddable":true,"href":"https:\/\/www.boattoursamana.com\/et\/wp-json\/wp\/v2\/comments?post=15807"}],"version-history":[{"count":0,"href":"https:\/\/www.boattoursamana.com\/et\/wp-json\/wp\/v2\/pages\/15807\/revisions"}],"wp:attachment":[{"href":"https:\/\/www.boattoursamana.com\/et\/wp-json\/wp\/v2\/media?parent=15807"}],"curies":[{"name":"wp","href":"https:\/\/api.w.org\/{rel}","templated":true}]}}