{"id":15819,"date":"2023-07-15T07:44:18","date_gmt":"2023-07-15T07:44:18","guid":{"rendered":"https:\/\/www.ticketswhales.com\/salto-del-limon-el-limon-waterfalls-tour-from-sabana-de-la-mar\/"},"modified":"2023-07-15T07:44:18","modified_gmt":"2023-07-15T07:44:18","slug":"salto-del-limon-el-limon-waterfalls-tour-from-sabana-de-la-mar","status":"publish","type":"page","link":"https:\/\/www.boattoursamana.com\/et\/salto-del-limon-el-limoni-jugade-ekskursioon-sabana-de-la-martsist","title":{"rendered":"Salto Del Lim\u00f3n \u2013 El Lim\u00f3ni jugade ekskursioon Sabana de La Marist"},"content":{"rendered":"<p><strong><span style=\"vertical-align: inherit;\"><span style=\"vertical-align: inherit;\">Selectione la fecha para el tour\u00a0<\/span><\/span><\/strong><\/p>\n<p>&nbsp;<\/p>\n<div class=\"vc_row wpb_row vc_row-fluid\" ><div class=\"wpb_column vc_column_container vc_col-sm-12\"><div class=\"vc_column-inner\"><div class=\"wpb_wrapper\"><div class=\"vc_btn3-container vc_btn3-inline\" ><button class=\"vc_general vc_btn3 vc_btn3-size-md vc_btn3-shape-rounded vc_btn3-style-modern vc_btn3-color-green\">BRONEERI KOHE<\/button><\/div>\n\t<div class=\"wpb_text_column wpb_content_element\" >\n\t\t<div class=\"wpb_wrapper\">\n\t\t\t<p>Del Limon \u2013 El Lim\u00f3ni jugade ekskursioon Sabana de La Marist, eratuur<\/p>\n\n\t\t<\/div>\n\t<\/div>\n<\/div><\/div><\/div><\/div><div class=\"vc_row wpb_row vc_row-fluid\" ><div class=\"wpb_column vc_column_container vc_col-sm-12\"><div class=\"vc_column-inner\"><div class=\"wpb_wrapper\">\n\t<div class=\"wpb_text_column wpb_content_element\" >\n\t\t<div class=\"wpb_wrapper\">\n\t\t\t<p>\nn<\/p>\n<h4><b><i>\u00dclevaade <\/i><\/b><\/h4>\n<p>nSee on privaatne ringreis <strong>El Lim\u00f3ni kosed<\/strong> hobustega ratsutamine v\u00f5i matkamine algab Sabana de la marist, \u00fcletades Samana lahe privaatse paadiga ja eratranspordiga, mis ootab meid koskede juurde minekuks. Kakao- ja kohvimetsa k\u00fclastamine Coconuts Palms Canopy all. Koskede juurde j\u00f5udes lubatakse teil ujuda ja m\u00e4\u00e4rata aeg koos kohaliku giidiga. P\u00e4rast tavap\u00e4rase l\u00f5unas\u00f6\u00f6gi nautimist El Lim\u00f3ni kogukonnas.<br \/>\nn<br \/>\nn\u00d5ppige koos kohalikega ja hankige turvaline reis. Hankige oma piletid juba t\u00e4na.<br \/>\nn<\/p>\n<ul>\nn \t<\/p>\n<li style=\"font-weight: 400;\"><span style=\"font-weight: 400;\">Sisaldab l\u00f5unas\u00f6\u00f6ki\u00a0<\/span><\/li>\n<p>n \t<\/p>\n<li>Ratsutamine v\u00f5i matkamine<\/li>\n<p>n \t<\/p>\n<li style=\"font-weight: 400;\"><span style=\"font-weight: 400;\">Juhend sisaldab juhiseid ja j\u00e4relevalvet<\/span><\/li>\n<p>n \t<\/p>\n<li>Tasud rahvuspargile<\/li>\n<p>n<\/ul>\n<p>n&nbsp;<br \/>\nn<\/p>\n<h4><b>Kaasamised ja v\u00e4listused<\/b><\/h4>\n<p>n&nbsp;<br \/>\nn<br \/>\nn<b>Kaasamised<\/b><br \/>\nn<\/p>\n<ol>\nn \t<\/p>\n<li style=\"font-weight: 400;\"><span style=\"font-weight: 400;\">L\u00f5unas\u00f6\u00f6k Rootsi lauas El Lim\u00f3nis<\/span><\/li>\n<p>n \t<\/p>\n<li style=\"font-weight: 400;\"><span style=\"font-weight: 400;\">Matkamine v\u00f5i ratsutamine<\/span><\/li>\n<p>n \t<\/p>\n<li style=\"font-weight: 400;\"><span style=\"font-weight: 400;\">K\u00f5ik maksud, tasud ja k\u00e4itlustasud<\/span><\/li>\n<p>n \t<\/p>\n<li style=\"font-weight: 400;\"><span style=\"font-weight: 400;\">Kohalikud maksud<\/span><\/li>\n<p>n \t<\/p>\n<li style=\"font-weight: 400;\"><span style=\"font-weight: 400;\">Joogid<\/span><\/li>\n<p>n \t<\/p>\n<li style=\"font-weight: 400;\"><span style=\"font-weight: 400;\">K\u00f5ik tegevused<\/span><\/li>\n<p>n \t<\/p>\n<li style=\"font-weight: 400;\"><span style=\"font-weight: 400;\">Kohalik giid<\/span><\/li>\n<p>n \t<\/p>\n<li>\u00fclekanded<\/li>\n<p>n \t<\/p>\n<li>Laevareis<\/li>\n<p>n<\/ol>\n<p>n<b> V\u00e4listused<\/b><br \/>\nn<\/p>\n<ol>\nn \t<\/p>\n<li style=\"font-weight: 400;\"><span style=\"font-weight: 400;\">Jootraha<\/span><\/li>\n<p>n \t<\/p>\n<li style=\"font-weight: 400;\"><span style=\"font-weight: 400;\">Alkohoolsed joogid<\/span><\/li>\n<p>n<\/ol>\n<p>n&nbsp;<br \/>\nn<\/p>\n<h4><em><strong>V\u00e4ljumine ja tagasitulek<\/strong><\/em><\/h4>\n<p>n<span style=\"font-weight: 400;\">Reisija saab p\u00e4rast broneerimisprotsessi kohtumispunkti. Ekskursioonid algavad ja l\u00f5ppevad meie kohtumispunktides.<\/span><br \/>\nn<br \/>\nn&nbsp;<br \/>\nn<\/p>\n<h4><b><i>Mida oodata?<\/i><\/b><\/h4>\n<p>n&nbsp;<br \/>\nn<br \/>\nn<em><strong>Hankige oma piletid<\/strong><\/em> El Lim\u00f3ni jugade k\u00fclastamiseks Saman\u00e1 linnas ja suurep\u00e4rase l\u00f5unas\u00f6\u00f6gi eest restoranis El Lim\u00f3n alates Sabana de la Marist.<br \/>\nn<br \/>\nn<span style=\"font-weight: 400;\">\u201cBroneeringute seikluste\u201d korraldatav ringreis algab reisijuhiga m\u00e4\u00e4ratud kohtumiskohast.<\/span><br \/>\nn<br \/>\nnParimad erareisid El Limoni jugadele koos kohaliku giidiga. Broneerige ratsutamisretk metsa \u00e4\u00e4res, mis kulgeb \u00fcmber Lim\u00f3ni j\u00f5e serva, k\u00fclastades kakao- ja kohviistandusi kookosp\u00e4hklite varjude palmide all.<br \/>\nn<br \/>\nnEsmalt peatuge V\u00e4ikeses koses, kus tavaliselt pole palju inimesi ja saate ringi ujuda. P\u00e4rast liigume edasi suure kose juurde, kus j\u00e4\u00e4me soovi korral tunniks v\u00f5i kauemaks.<br \/>\nn<br \/>\nn Hobuste viimine tagasi restorani, kus naudime t\u00fc\u00fcpilist l\u00f5unas\u00f6\u00f6ki rannas. Frite kala tostonete ja salatiga v\u00f5i saad lisatasu eest ka muid valikuid men\u00fc\u00fcst.<br \/>\nn<br \/>\nnL\u00f5unas\u00f6\u00f6k El Lim\u00f3ni kogukonna restoranis ja v\u00f5ite j\u00e4\u00e4da nii kauaks, kui soovite ringi ujuda. Kui olete vegan, saame teile ka m\u00f5ned toidud valmistada.<br \/>\nn<br \/>\np\u00e4rast seda kogemust l\u00f5petame oma reisi Tagasi Sabana de la mari kohtumispaika.<br \/>\nn<br \/>\nn&nbsp;<br \/>\nn<\/p>\n<h4><em><strong>Mida peaksite kaasa v\u00f5tma?<\/strong><\/em><\/h4>\n<p>n<\/p>\n<ul>\nn \t<\/p>\n<li style=\"font-weight: 400;\"><span style=\"font-weight: 400;\">Kaamera<\/span><\/li>\n<p>n \t<\/p>\n<li style=\"font-weight: 400;\"><span style=\"font-weight: 400;\">T\u00f5rjuvad pungad<\/span><\/li>\n<p>n \t<\/p>\n<li style=\"font-weight: 400;\"><span style=\"font-weight: 400;\">p\u00e4ikesekreem<\/span><\/li>\n<p>n \t<\/p>\n<li style=\"font-weight: 400;\"><span style=\"font-weight: 400;\"><span style=\"vertical-align: inherit;\"><span style=\"vertical-align: inherit;\">Sombrero<\/span><\/span><\/span><\/li>\n<p>n \t<\/p>\n<li style=\"font-weight: 400;\"><span style=\"font-weight: 400;\"><span style=\"vertical-align: inherit;\"><span style=\"vertical-align: inherit;\">Pantalones c\u00f3modos<\/span><\/span><\/span><\/li>\n<p>n \t<\/p>\n<li style=\"font-weight: 400;\"><span style=\"font-weight: 400;\"><span style=\"vertical-align: inherit;\"><span style=\"vertical-align: inherit;\">Zapatos de senderismo para el bosque<\/span><\/span><\/span><\/li>\n<p>n \t<\/p>\n<li style=\"font-weight: 400;\"><span style=\"font-weight: 400;\"><span style=\"vertical-align: inherit;\"><span style=\"vertical-align: inherit;\">Vestido nadador<\/span><\/span><\/span><\/li>\n<p>n<\/ul>\n<p>n&nbsp;<br \/>\nn<\/p>\n<h4><b><i><span style=\"vertical-align: inherit;\"><span style=\"vertical-align: inherit;\">Recogida en el hotel <\/span><\/span><\/i><\/b><\/h4>\n<p>n<span style=\"font-weight: 400;\"><span style=\"vertical-align: inherit;\"><span style=\"vertical-align: inherit;\">No se ofrece recogida en el hotel para este tour. <\/span><\/span><\/span><br \/>\nn<br \/>\nn&nbsp;<br \/>\nn<br \/>\nn<b><span style=\"vertical-align: inherit;\"><span style=\"vertical-align: inherit;\">M\u00e4rkus:<\/span><\/span><\/b><span style=\"font-weight: 400;\"> Kui broneerite 24 tunni jooksul p\u00e4rast ekskursiooni\/ekskursiooni v\u00e4ljumisaega, saame korraldada lisatasu eest hotelli pealetulemise. Kui teie ost on l\u00f5pule viidud, saadame teile meie kohaliku giidi t\u00e4ieliku kontaktteabe (telefoninumber, e-posti aadress jne), et korraldada kohaletoomise korraldamine.<\/span><br \/>\nn<\/p>\n<h4><b><i><span style=\"vertical-align: inherit;\"><span style=\"vertical-align: inherit;\">Lisainformatsiooni kinnitus <\/span><\/span><\/i><\/b><\/h4>\n<p>n<\/p>\n<ol>\nn \t<\/p>\n<li>Piletid on kviitung p\u00e4rast selle ekskursiooni tasumist. Saate n\u00e4idata makset oma telefonis.<\/li>\n<p>n \t<\/p>\n<li style=\"font-weight: 400;\"><span style=\"font-weight: 400;\"><span style=\"vertical-align: inherit;\"><span style=\"vertical-align: inherit;\">El punto de encuentro se recibir\u00e1 despu\u00e9s del proceso de reserva.<\/span><\/span><\/span><\/li>\n<p>n \t<\/p>\n<li style=\"font-weight: 400;\"><span style=\"font-weight: 400;\"><span style=\"vertical-align: inherit;\"><span style=\"vertical-align: inherit;\">Los ni\u00f1os deben estar acompa\u00f1ados por un adulto.<\/span><\/span><\/span><\/li>\n<p>n \t<\/p>\n<li style=\"font-weight: 400;\"><span style=\"font-weight: 400;\"><span style=\"vertical-align: inherit;\"><span style=\"vertical-align: inherit;\"> Pole ligip\u00e4\u00e4setav para sillas de ruedas <\/span><\/span><\/span><\/li>\n<p>n \t<\/p>\n<li style=\"font-weight: 400;\"><span style=\"font-weight: 400;\"><span style=\"vertical-align: inherit;\"><span style=\"vertical-align: inherit;\">Los beb\u00e9s deben sentarse en el regazo <\/span><\/span><\/span><\/li>\n<p>n \t<\/p>\n<li style=\"font-weight: 400;\"><span style=\"font-weight: 400;\"><span style=\"vertical-align: inherit;\"><span style=\"vertical-align: inherit;\">No Recomendado para viajeros con problems de espalda.<\/span><\/span><\/span><\/li>\n<p>n \t<\/p>\n<li style=\"font-weight: 400;\"><span style=\"font-weight: 400;\"><span style=\"vertical-align: inherit;\"><span style=\"vertical-align: inherit;\">No recomendado para viajeras embarazadas. <\/span><\/span><\/span><\/li>\n<p>n \t<\/p>\n<li style=\"font-weight: 400;\"><span style=\"font-weight: 400;\"><span style=\"vertical-align: inherit;\"><span style=\"vertical-align: inherit;\"> Sin problemas card\u00edacos ni otras afecciones m\u00e9dicas graves <\/span><\/span><\/span><\/li>\n<p>n \t<\/p>\n<li style=\"font-weight: 400;\"><span style=\"font-weight: 400;\"><span style=\"vertical-align: inherit;\"><span style=\"vertical-align: inherit;\">La mayor\u00eda de los viajeros pueden participar<\/span><\/span><\/span><\/li>\n<p>n<\/ol>\n<p>nPolitica de cancelaci\u00f3n<br \/>\nn<br \/>\nnPara obtener un reembolso completo, lea nuestras Pol\u00edticas de cancelaci\u00f3n\u00a0<a href=\"https:\/\/www.boattoursamana.com\/et\/online-broneerimine\/\" target=\"_blank\" rel=\"noopener\" data-saferedirecturl=\"https:\/\/www.google.com\/url?q=https:\/\/www.boattoursamana.com\/online-booking\/&amp;source=gmail&amp;ust=1672449202351000&amp;usg=AOvVaw1yAeVAPktmaVCqDujgUn90\">haga kliki aqu\u00ed<\/a>. Los fondos se perder\u00e1n si la reserva se cancela el mismo d\u00eda del viaje.<\/p>\n\n\t\t<\/div>\n\t<\/div>\n<\/div><\/div><\/div><\/div><div class=\"vc_row wpb_row vc_row-fluid\" ><\/div><div class=\"wpb_column vc_column_container vc_col-sm-12\"><div class=\"vc_column-inner\"><div class=\"wpb_wrapper\"><\/div><\/div><\/div><div class=\"vc_empty_space\"   style=\"height: 32px\"><span class=\"vc_empty_space_inner\"><\/span><\/div><div class=\"vc_empty_space\"   style=\"height: 32px\"><span class=\"vc_empty_space_inner\"><\/span><\/div><div class=\"vc_row wpb_row vc_row-fluid\" ><div class=\"wpb_column vc_column_container vc_col-sm-12\"><div class=\"vc_column-inner\"><div class=\"wpb_wrapper\"><div class=\"vc_btn3-container vc_btn3-inline\" ><button class=\"vc_general vc_btn3 vc_btn3-size-md vc_btn3-shape-rounded vc_btn3-style-modern vc_btn3-color-green\">BRONEERI KOHE<\/button><\/div><\/div><\/div><\/div><\/div>","protected":false},"excerpt":{"rendered":"<p>Selectione la fecha para el tour\u00a0 &nbsp;<\/p>","protected":false},"author":2,"featured_media":0,"parent":0,"menu_order":0,"comment_status":"open","ping_status":"closed","template":"","meta":{"footnotes":""},"class_list":["post-15819","page","type-page","status-publish","hentry"],"_links":{"self":[{"href":"https:\/\/www.boattoursamana.com\/et\/wp-json\/wp\/v2\/pages\/15819","targetHints":{"allow":["GET"]}}],"collection":[{"href":"https:\/\/www.boattoursamana.com\/et\/wp-json\/wp\/v2\/pages"}],"about":[{"href":"https:\/\/www.boattoursamana.com\/et\/wp-json\/wp\/v2\/types\/page"}],"author":[{"embeddable":true,"href":"https:\/\/www.boattoursamana.com\/et\/wp-json\/wp\/v2\/users\/2"}],"replies":[{"embeddable":true,"href":"https:\/\/www.boattoursamana.com\/et\/wp-json\/wp\/v2\/comments?post=15819"}],"version-history":[{"count":0,"href":"https:\/\/www.boattoursamana.com\/et\/wp-json\/wp\/v2\/pages\/15819\/revisions"}],"wp:attachment":[{"href":"https:\/\/www.boattoursamana.com\/et\/wp-json\/wp\/v2\/media?parent=15819"}],"curies":[{"name":"wp","href":"https:\/\/api.w.org\/{rel}","templated":true}]}}