{"id":15832,"date":"2023-07-15T07:44:42","date_gmt":"2023-07-15T07:44:42","guid":{"rendered":"https:\/\/www.ticketswhales.com\/los-haitises-tour-from-las-terrenas-bacardi-island-cayo-levantado\/"},"modified":"2023-07-15T07:44:42","modified_gmt":"2023-07-15T07:44:42","slug":"los-haitises-tour-from-las-terrenas-bacardi-island-cayo-levantado","status":"publish","type":"page","link":"https:\/\/www.boattoursamana.com\/et\/los-haitises-tuur-las-terrenase-bacardi-saarelt-cayo-levantado","title":{"rendered":"Los Haitisese ringreis Las Terrenasest ja Bacardi saarest (Cayo Levantado)"},"content":{"rendered":"<p><span style=\"vertical-align: inherit;\"><span style=\"vertical-align: inherit;\">Ekskursioonid Los Haitises ja Cayo levantados, Viaje Ecol\u00f3gico al Parque Nacional Los Haitises koos Gu\u00eda Tur\u00edstico Localiga. <\/span><span style=\"vertical-align: inherit;\">Visitando los Cayos en el Parque Nacional Los Haitises, Manglares, Vegetaci\u00f3n, Observaci\u00f3n de aves, Cuevas, Pictogramas y las Areas Hist\u00f3ricas de Sabana de la Mar en el Parque Nacional Los Haitises. <\/span><span style=\"vertical-align: inherit;\">Despu\u00e9s de Los Haitises almorzamos en la playa de la isla Bacardi. <\/span><span style=\"vertical-align: inherit;\">Reserve ahora Tour al Parque Nacional Los Haitises desde Puerto Saman\u00e1 + Isla Bacardi (Cayo Levantado) con nosotros.<\/span><\/span><br \/>\nn<br \/>\nn&nbsp;<br \/>\nn<br \/>\nn<strong><span style=\"vertical-align: inherit;\"><span style=\"vertical-align: inherit;\">Vali ekskursiooni eest:<\/span><\/span><\/strong><\/p>\n<p>&nbsp;<\/p>\n<div class=\"vc_row wpb_row vc_row-fluid\" ><div class=\"wpb_column vc_column_container vc_col-sm-12\"><div class=\"vc_column-inner\"><div class=\"wpb_wrapper\"><div class=\"mkdf-section-title-holder\" style=\"text-align: left\">\n\t<div class=\"mkdf-st-inner\">\n\t\t\t\t\t<h5 class=\"mkdf-st-subtitle\" >\n\t\t\t\tLas Terrenase ringreis\t\t\t<\/h5>\n\t\t\t\t\t\t\t<h3 class=\"mkdf-st-title\" >\n\t\t\t\tLos Haitisese ringreis Las Terrenasest ja Bacardi saarest (Cayo Levantado)\t\t\t<\/h3>\n\t\t\t\t\t<\/div>\n<\/div><\/div><\/div><\/div><\/div><div class=\"vc_row wpb_row vc_row-fluid\" ><div class=\"wpb_column vc_column_container vc_col-sm-12\"><div class=\"vc_column-inner\"><div class=\"wpb_wrapper\"><div class=\"vc_btn3-container vc_btn3-inline\" ><button class=\"vc_general vc_btn3 vc_btn3-size-md vc_btn3-shape-rounded vc_btn3-style-modern vc_btn3-color-green\">BRONEERI KOHE<\/button><\/div>\n\t<div class=\"wpb_text_column wpb_content_element\" >\n\t\t<div class=\"wpb_wrapper\">\n\t\t\t<p>\nn<\/p>\n<h4><\/h4>\n<p>n<\/p>\n<h2>Los Haitisese ringreis Las Terrenasest ja Bacardi saarest (Cayo Levantado)<\/h2>\n<p>n<\/p>\n<h4><b><i>\u00dclevaade <\/i><\/b><\/h4>\n<p>nLos Haitises National park starting from Las Terrenas and driving to Saman\u00e1 Port. After the visit to Los Haitises National Park, we go for Lunch to Bacardi Island.\u00a0 Come with us and visit the most beautiful national park of the Dominican Republic, Visiting Mangroves, Caves, and San Lorenzo Bay plus crossing the gorgeous Saman\u00e1 bay. Then Back to the Saman\u00e1 area to Visit Bacardi island, have lunch at the beach, and swimming in one of the most pretty beaches in Saman\u00e1 Bay.<br \/>\nn<br \/>\nnAfter this experience, you will get Back to Saman\u00e1 port and take your transfer to Las Terrenas.<br \/>\nn<\/p>\n<ul>\nn \t<\/p>\n<li style=\"font-weight: 400;\">Tasud hinna sees<\/li>\n<p>n \t<\/p>\n<li>Transfeer hinna sees<\/li>\n<p>n \t<\/p>\n<li>Sisaldab l\u00f5unas\u00f6\u00f6ki Bacardi saarel<\/li>\n<p>n \t<\/p>\n<li style=\"font-weight: 400;\"><span style=\"font-weight: 400;\">Juhend pakub juhendamist ja j\u00e4relevalvet<\/span><\/li>\n<p>n<\/ul>\n<p>n&nbsp;<br \/>\nn<\/p>\n<h4><b>Kaasamised ja v\u00e4listused<\/b><\/h4>\n<p>n<b>Kaasamised<\/b><br \/>\nn<\/p>\n<ol>\nn \t<\/p>\n<li style=\"font-weight: 400;\">Los Haitisese ringreis + koopad ja pildid<\/li>\n<p>n \t<\/p>\n<li>L\u00f5unas\u00f6\u00f6k Cayo Levantados (Bacardi saar), kui teile meeldib sarnane tuur: Los Haitises + Ca\u00f1o Hondo<\/li>\n<p>n \t<\/p>\n<li style=\"font-weight: 400;\"><span style=\"font-weight: 400;\">K\u00f5ik maksud, tasud ja k\u00e4itlustasud<\/span><\/li>\n<p>n \t<\/p>\n<li style=\"font-weight: 400;\"><span style=\"font-weight: 400;\">Kohalikud maksud<\/span><\/li>\n<p>n \t<\/p>\n<li style=\"font-weight: 400;\"><span style=\"font-weight: 400;\">Joogid<\/span><\/li>\n<p>n \t<\/p>\n<li style=\"font-weight: 400;\"><span style=\"font-weight: 400;\">K\u00f5ik tegevused<\/span><\/li>\n<p>n \t<\/p>\n<li>Transport Las Terrenasest<\/li>\n<p>n \t<\/p>\n<li style=\"font-weight: 400;\"><span style=\"font-weight: 400;\">Kohalik giid<\/span><\/li>\n<p>n<\/ol>\n<p>n<b> V\u00e4listused<\/b><br \/>\nn<\/p>\n<ol>\nn \t<\/p>\n<li style=\"font-weight: 400;\"><span style=\"font-weight: 400;\">Jootraha<\/span><\/li>\n<p>n \t<\/p>\n<li style=\"font-weight: 400;\"><span style=\"font-weight: 400;\">Alkohoolsed joogid<\/span><\/li>\n<p>n<\/ol>\n<p>n&nbsp;<br \/>\nn<\/p>\n<h4><em><strong>V\u00e4ljumine ja tagasitulek<\/strong><\/em><\/h4>\n<p>n<span style=\"font-weight: 400;\">Reisija saab p\u00e4rast broneerimisprotsessi kohtumispunkti. Ekskursioonid algavad ja l\u00f5pevad meie kohtumispunktides.<\/span><br \/>\nn<br \/>\nn&nbsp;<br \/>\nn<\/p>\n<h2>Los Haitisese ringreis Las Terrenasest ja Bacardi saarest (Cayo Levantado)<\/h2>\n<p>n&nbsp;<br \/>\nn<\/p>\n<h4><b><i>Mida oodata?<\/i><\/b><\/h4>\n<p>n<b><i>V<\/i><\/b>isiting<strong> Los Haitisese rahvuspark Las Terrenasest<\/strong> imelise l\u00f5unas\u00f6\u00f6giga kl<strong> Cayo Levantado saar<\/strong> ja rannas ujumine. K\u00e4ivitamine <strong>Saman\u00e1 sadamast<\/strong> Paadi v\u00f5i katamaraani pardal koos kohaliku giidiga m\u00f6\u00f6dume Saman\u00e1 lahest Sabana de la Mari poole, et k\u00fclastada Dominikaani Vabariigi \u00fcht kaunimat rahvusparki. <em><strong>Haitisese rahvuspark<\/strong><\/em>.<br \/>\nn<br \/>\n\u201cBroneeringute seikluste\u201d korraldatav ringreis algab reisijuhiga m\u00e4\u00e4ratud kohtumiskohast. Tulge Booking Adventuresiga ja hakake vaatama lindudega t\u00e4idetud mangroove, lopsaka taimestikuga m\u00e4gesid ja koopaid <em><strong>Los Haitisese rahvuspark<\/strong><\/em>Saare k\u00fclastamine lindudega. Pesitsusajal n\u00e4eme pesadel isegi Pelicansi tibusid. Kivise saarega tutvumine ja koobaste k\u00fclastamine p\u00f5lisrahvaste piltide ja petrograafidega.<br \/>\nn<br \/>\nnL\u00e4bi mangroovide ja Landi avatud San Lorenzo lahe \u00e4\u00e4res, kust saate pildistada karmi metsamaastikku. Vaata vette, et m\u00e4rgata <em><strong>Manatees<\/strong><\/em>, koorikloomad ja <em><strong>delfiinid.<\/strong><\/em><br \/>\nn<\/p>\n<h2><strong>Koopad Los Haitisese rahvuspargis<\/strong><\/h2>\n<p>n<\/p>\n<div class=\"body-description secondary\">\nn<br \/>\nRahvuspargi nimi p\u00e4rineb selle algsete elanike, taino indiaanlaste j\u00e4rgi. Nende keeles t\u00e4hendab &quot;haitises&quot; m\u00e4gismaad v\u00f5i m\u00e4gesid, viide rannajoone j\u00e4rskudele geoloogilistele moodustistele koos lubjakividega. Seiklege s\u00fcgavamale parki, et uurida selliseid koopaid nagu <em><strong>Cueva de la Arena<\/strong><\/em> ja <strong><em>Cueva de la L\u00ednea.<\/em><\/strong><br \/>\nn<br \/>\nnCaves in the reserve were used as shelter by the Taino Indians and, later, by hiding pirates. Look for drawings by Indians that decorate some of the walls. After visiting Los Haitises National Park we will go back to Saman\u00e1 port passing Saman\u00e1 bay for 30 min and visiting Bacardi island. We will have a typical lunch on the island. If you are vegan no worries we also have food for you!<br \/>\nn<br \/>\nnAfter swimming a full afternoon and chilling on the beach our tour guide will set time to go back to Saman\u00e1 port your transfer will take you back to your place in las Terrenas.<br \/>\nn<br \/>\nn<\/div>\n<p>nKui teile meeldib see reis pikem v\u00f5i l\u00fchem, on meil j\u00e4rgmised v\u00f5imalused:<br \/>\nn<\/p>\n<ol>\nn \t<\/p>\n<li>Just Los Haitises Saman\u00e1 sadamast.<\/li>\n<p>n \t<\/p>\n<li>Los Haitises + Ca\u00f1o Hondo Saman\u00e1 sadamast.<\/li>\n<p>n<\/ol>\n<p>n&nbsp;<br \/>\nn<\/p>\n<h4><em><strong>Mida peaksite kaasa v\u00f5tma?<\/strong><\/em><\/h4>\n<p>n<\/p>\n<ul>\nn \t<\/p>\n<li style=\"font-weight: 400;\"><span style=\"font-weight: 400;\">Kaamera<\/span><\/li>\n<p>n \t<\/p>\n<li style=\"font-weight: 400;\"><span style=\"font-weight: 400;\">T\u00f5rjuvad pungad<\/span><\/li>\n<p>n \t<\/p>\n<li style=\"font-weight: 400;\"><span style=\"font-weight: 400;\">P\u00e4ikesekreem<\/span><\/li>\n<p>n \t<\/p>\n<li style=\"font-weight: 400;\"><span style=\"font-weight: 400;\">M\u00fcts<\/span><\/li>\n<p>n \t<\/p>\n<li style=\"font-weight: 400;\"><span style=\"font-weight: 400;\">Mugavad p\u00fcksid<\/span><\/li>\n<p>n \t<\/p>\n<li style=\"font-weight: 400;\"><span style=\"font-weight: 400;\">Matkajalatsid metsa<\/span><\/li>\n<p>n \t<\/p>\n<li style=\"font-weight: 400;\"><span style=\"font-weight: 400;\">Sandaalid kevadpiirkondadesse.<\/span><\/li>\n<p>n \t<\/p>\n<li style=\"font-weight: 400;\"><span style=\"font-weight: 400;\">Ujumisriided<\/span><\/li>\n<p>n<\/ul>\n<p>n&nbsp;<br \/>\nn<\/p>\n<h4><b><i>Hotelli j\u00e4reletulemine <\/i><\/b><\/h4>\n<p>n<span style=\"font-weight: 400;\">Selle ekskursiooni jaoks pakutakse hotelli vastuv\u00f5ttu Las Terrenase v\u00f5i El Limoni kogukonnas.\u00a0<\/span><br \/>\nn<br \/>\nn&nbsp;<br \/>\nn<br \/>\nn<b>M\u00e4rge:<\/b><span style=\"font-weight: 400;\"> Kui broneerite 24 tunni jooksul p\u00e4rast ekskursiooni\/ekskursiooni v\u00e4ljumisaega, saame korraldada lisatasu eest hotelli pealetulemise. Kui teie ost on l\u00f5pule viidud, saadame teile meie kohaliku giidi t\u00e4ieliku kontaktteabe (telefoninumber, e-posti aadress jne), et korraldada kohaletoomise korraldamine.<\/span><br \/>\nn<\/p>\n<h4><b><i>Lisateabe kinnitus <\/i><\/b><\/h4>\n<p>n<\/p>\n<ol>\nn \t<\/p>\n<li>Piletid on kviitung p\u00e4rast selle ekskursiooni tasumist. Saate n\u00e4idata makset oma telefonis.<\/li>\n<p>n \t<\/p>\n<li style=\"font-weight: 400;\"><span style=\"font-weight: 400;\">Kohtumispunkt v\u00f5etakse vastu p\u00e4rast broneerimisprotsessi.<\/span><\/li>\n<p>n \t<\/p>\n<li style=\"font-weight: 400;\"><span style=\"font-weight: 400;\">Lastega peab kaasas olema t\u00e4iskasvanu.<\/span><\/li>\n<p>n \t<\/p>\n<li style=\"font-weight: 400;\"><span style=\"font-weight: 400;\"> Pole ratastooliga ligip\u00e4\u00e4setav <\/span><\/li>\n<p>n \t<\/p>\n<li style=\"font-weight: 400;\"><span style=\"font-weight: 400;\">Imikud peavad istuma s\u00fcles <\/span><\/li>\n<p>n \t<\/p>\n<li style=\"font-weight: 400;\"><span style=\"font-weight: 400;\">Ei soovitata seljaprobleemidega reisijatele<\/span><\/li>\n<p>n \t<\/p>\n<li style=\"font-weight: 400;\"><span style=\"font-weight: 400;\">Ei soovitata rasedatele reisijatele <\/span><\/li>\n<p>n \t<\/p>\n<li style=\"font-weight: 400;\"><span style=\"font-weight: 400;\"> Puuduvad s\u00fcdameprobleemid ega muud t\u00f5sised haigusseisundid <\/span><\/li>\n<p>n \t<\/p>\n<li style=\"font-weight: 400;\"><span style=\"font-weight: 400;\">Enamik reisijaid saab osaleda<\/span><\/li>\n<p>n<\/ol>\n<p>n<\/p>\n<h4><b><i>T\u00fchistamispoliitika<\/i><\/b><\/h4>\n<p>T\u00e4ieliku tagasimakse saamiseks lugege palun meie t\u00fchistamiseeskirju\u00a0<a href=\"https:\/\/www.boattoursamana.com\/et\/online-broneerimine\/\" target=\"_blank\" rel=\"noopener\" data-saferedirecturl=\"https:\/\/www.google.com\/url?q=https:\/\/www.boattoursamana.com\/online-booking\/&amp;source=gmail&amp;ust=1672449202351000&amp;usg=AOvVaw1yAeVAPktmaVCqDujgUn90\">Kliki siia<\/a>. Vahendid l\u00e4hevad kaotsi, kui broneering t\u00fchistatakse samal reisip\u00e4eval.<\/p>\n\n\t\t<\/div>\n\t<\/div>\n<div class=\"vc_btn3-container vc_btn3-inline\" ><button class=\"vc_general vc_btn3 vc_btn3-size-md vc_btn3-shape-rounded vc_btn3-style-modern vc_btn3-color-green\">BRONEERI KOHE<\/button><\/div>\n\t<div class=\"wpb_video_widget wpb_content_element vc_clearfix   vc_video-aspect-ratio-169 vc_video-el-width-100 vc_video-align-left\" >\n\t\t<div class=\"wpb_wrapper\">\n\t\t\t<h2 class=\"wpb_heading wpb_video_heading\">Los Haitisese rahvuspark<\/h2>\n\t\t\t<div class=\"wpb_video_wrapper\"><iframe loading=\"lazy\" title=\"Los Haitisese rahvuspargi ekskursioonid ja ekskursioonid\" width=\"1100\" height=\"619\" src=\"https:\/\/www.youtube.com\/embed\/vMI4Ou81cd4?feature=oembed\" frameborder=\"0\" allow=\"accelerometer; autoplay; clipboard-write; encrypted-media; gyroscope; picture-in-picture; web-share\" allowfullscreen><\/iframe><\/div>\n\t\t<\/div>\n\t<\/div>\n<\/div><\/div><\/div><\/div><div class=\"vc_row wpb_row vc_row-fluid\" ><div class=\"wpb_column vc_column_container vc_col-sm-12\"><div class=\"vc_column-inner\"><div class=\"wpb_wrapper\"><div class=\"vc_empty_space\"   style=\"height: 32px\"><span class=\"vc_empty_space_inner\"><\/span><\/div>\n\t<div class=\"wpb_text_column wpb_content_element\" >\n\t\t<div class=\"wpb_wrapper\">\n\t\t\t<p>\nn<\/p>\n<h4>V\u00f5ta meiega \u00fchendust?<\/h4>\n<p>n<\/p>\n<h5>Seikluste broneerimine<\/h5>\n<p>n<em><strong>Kohalikud<\/strong>\u00a0ja\u00a0<strong>Rahvuslased<\/strong>\u00a0Giidid ja k\u00fclalisteteenused<\/em><br \/>\nn<br \/>\nn<span class=\"text-turquoise\">Broneeringud:<\/span>\u00a0Reisid ja ekskursioonid Domis. Rep.<br \/>\nn<br \/>\nn<img decoding=\"async\" class=\"emoji\" draggable=\"false\" src=\"https:\/\/s.w.org\/images\/core\/emoji\/11.2.0\/svg\/1f4de.svg\" alt=\" \" title=\"\">\u00a0Tel \/ Whatsapp\u00a0\u00a0<a href=\"tel:+1-809-720-6035\">+1-809-720-6035<\/a>.<br \/>\nn<br \/>\nn<img decoding=\"async\" class=\"emoji\" draggable=\"false\" src=\"https:\/\/s.w.org\/images\/core\/emoji\/11.2.0\/svg\/1f4e9.svg\" alt=\" \" title=\"\">\u00a0<a href=\"mailto:info@bookingadventures.com.do\">info@bookingadventures.com.do<\/a><br \/>\nn<br \/>\nn<strong>Me korraldame paindlikult Whatsapi privaatreise:\u00a0<a href=\"tel:+18097206035\">+18097206035.<\/a><\/strong><\/p>\n\n\t\t<\/div>\n\t<\/div>\n<div class=\"vc_empty_space\"   style=\"height: 32px\"><span class=\"vc_empty_space_inner\"><\/span><\/div><\/div><\/div><\/div><\/div><div class=\"vc_row wpb_row vc_row-fluid\" ><div class=\"wpb_column vc_column_container vc_col-sm-12\"><div class=\"vc_column-inner\"><div class=\"wpb_wrapper\"><div class=\"mkdf-section-title-holder\" style=\"text-align: left\">\n\t<div class=\"mkdf-st-inner\">\n\t\t\t\t\t<h5 class=\"mkdf-st-subtitle\" >\n\t\t\t\tSamana sadamast\t\t\t<\/h5>\n\t\t\t\t\t\t\t<h3 class=\"mkdf-st-title\" >\n\t\t\t\tLos Haitises ja Cayo Levantado Samana Tour\t\t\t<\/h3>\n\t\t\t\t\t<\/div>\n<\/div><div class=\"vc_empty_space\"   style=\"height: 32px\"><span class=\"vc_empty_space_inner\"><\/span><\/div><\/div><\/div><\/div><\/div><div class=\"vc_row wpb_row vc_row-fluid\" ><div class=\"wpb_column vc_column_container vc_col-sm-12\"><div class=\"vc_column-inner\"><div class=\"wpb_wrapper\"><div class=\"woocommerce columns-4\"><ul class=\"products columns-4\">\n<li class=\"product type-product post-8219 status-publish first instock product_cat-tours-excursions-samana-bay-dominican-republic product_cat-1-samana product_cat-boat-trip-los-haitises product_cat-caves product_cat-hiking product_cat-kayaking product_cat-local-tour-guides product_cat-lunch product_cat-mangroves product_cat-natural-pools-los-haitises product_cat-swimming-natural-springs product_cat-tours-and-excursions product_cat-tours-excursions-los-haitises-national-park product_tag-cano-hondo product_tag-cano-hondo-hotel product_tag-cano-hondo-tours product_tag-day-tour-cano-hondo product_tag-los-haitises product_tag-los-haitises-national-park product_tag-mangroves-los-haitises product_tag-samana-bay product_tag-samana-excursions product_tag-samana-tours has-post-thumbnail sale sold-individually shipping-taxable product-type-external\">\n\t<div class=\"mkdf-pl-inner\"><div class=\"mkdf-pl-image\"><div class=\"mkdf-pl-text\"><div class=\"mkdf-pl-text-outer\"><div class=\"mkdf-pl-text-inner\"><a href=\"https:\/\/bookingadventures.tours\/booking.php?tour_id=115599b2f3856c5f8f20eead7f885855\" data-quantity=\"1\" class=\"button wp-element-button product_type_external\" data-product_id=\"8219\" data-product_sku=\"\" aria-label=\"BRONEERI KOHE\" rel=\"nofollow noopener\">BRONEERI KOHE<\/a><\/div><\/div><\/div><\/div><a href=\"https:\/\/www.boattoursamana.com\/et\/ringreis\/los-haitises-rahvuspargi-lounasook-cano-hondos-samana-sadamast\" class=\"woocommerce-LoopProduct-link woocommerce-loop-product__link\"><\/a><\/div><div class=\"mkdf-pl-text-wrapper\"><div class=\"mkdf-pl-rating-holder\"><\/div><h4 class=\"mkdf-product-list-title\"><a href=\"https:\/\/www.boattoursamana.com\/et\/ringreis\/los-haitises-rahvuspargi-lounasook-cano-hondos-samana-sadamast\">Los Haitisese rahvuspark + l\u00f5unas\u00f6\u00f6k Ca\u00f1o Hondos Saman\u00e1 sadamast.<\/a><\/h4>\n\t<span class=\"price\"><del aria-hidden=\"true\"><span class=\"woocommerce-Price-amount amount\"><bdi><span class=\"woocommerce-Price-currencySymbol\">&#36;<\/span>150.00<\/bdi><\/span><\/del> <ins><span class=\"woocommerce-Price-amount amount\"><bdi><span class=\"woocommerce-Price-currencySymbol\">&#36;<\/span>97.50<\/bdi><\/span><\/ins><\/span>\n<\/div><\/li><li class=\"product type-product post-8854 status-publish instock product_cat-tours-excursions-samana-bay-dominican-republic product_cat-1-samana product_cat-boat-trip-los-haitises product_cat-local-tour-guides product_cat-lunch product_cat-trails-or-paths product_tag-beach-time product_tag-el-rincon-beach product_tag-playa-el-rincon product_tag-samana product_tag-samana-bay product_tag-samana-excursions product_tag-samana-tours has-post-thumbnail sale sold-individually shipping-taxable product-type-external\">\n\t<div class=\"mkdf-pl-inner\"><div class=\"mkdf-pl-image\"><div class=\"mkdf-pl-text\"><div class=\"mkdf-pl-text-outer\"><div class=\"mkdf-pl-text-inner\"><a href=\"https:\/\/bookingadventures.tours\/booking.php?tour_id=18edd15a2a473d6c5e4a936ce7d4440e\" data-quantity=\"1\" class=\"button wp-element-button product_type_external\" data-product_id=\"8854\" data-product_sku=\"\" aria-label=\"BRONEERI KOHE\" rel=\"nofollow noopener\">BRONEERI KOHE<\/a><\/div><\/div><\/div><\/div><a href=\"https:\/\/www.boattoursamana.com\/et\/ringreis\/los-haitisesi-rahvuspark-playa-el-rinconi-rand\" class=\"woocommerce-LoopProduct-link woocommerce-loop-product__link\"><\/a><\/div><div class=\"mkdf-pl-text-wrapper\"><div class=\"mkdf-pl-rating-holder\"><\/div><h4 class=\"mkdf-product-list-title\"><a href=\"https:\/\/www.boattoursamana.com\/et\/ringreis\/los-haitisesi-rahvuspark-playa-el-rinconi-rand\">Los Haitisese rahvuspark + Playa el Rinc\u00f3ni rand<\/a><\/h4>\n\t<span class=\"price\"><del aria-hidden=\"true\"><span class=\"woocommerce-Price-amount amount\"><bdi><span class=\"woocommerce-Price-currencySymbol\">&#36;<\/span>99.99<\/bdi><\/span><\/del> <ins><span class=\"woocommerce-Price-amount amount\"><bdi><span class=\"woocommerce-Price-currencySymbol\">&#36;<\/span>89.99<\/bdi><\/span><\/ins><\/span>\n<\/div><\/li><li class=\"product type-product post-8852 status-publish instock product_cat-local-tour-guides product_cat-1-samana product_cat-boat-trip-los-haitises product_cat-caves product_cat-fees-entrace product_cat-mangroves product_tag-los-haitises product_tag-los-haitises-national-park product_tag-samana product_tag-samana-bay product_tag-samana-excursions product_tag-samana-tours has-post-thumbnail sale sold-individually shipping-taxable product-type-external\">\n\t<div class=\"mkdf-pl-inner\"><div class=\"mkdf-pl-image\"><div class=\"mkdf-pl-text\"><div class=\"mkdf-pl-text-outer\"><div class=\"mkdf-pl-text-inner\"><a href=\"https:\/\/bookingadventures.tours\/booking.php?tour_id=74f49ad02323a4407f5c10b98f9dd188\" data-quantity=\"1\" class=\"button wp-element-button product_type_external\" data-product_id=\"8852\" data-product_sku=\"\" aria-label=\"BRONEERI KOHE\" rel=\"nofollow noopener\">BRONEERI KOHE<\/a><\/div><\/div><\/div><\/div><a href=\"https:\/\/www.boattoursamana.com\/et\/ringreis\/los-haitises-rahvuspargi-ringreis-samana-sadamast\" class=\"woocommerce-LoopProduct-link woocommerce-loop-product__link\"><\/a><\/div><div class=\"mkdf-pl-text-wrapper\"><div class=\"mkdf-pl-rating-holder\"><\/div><h4 class=\"mkdf-product-list-title\"><a href=\"https:\/\/www.boattoursamana.com\/et\/ringreis\/los-haitises-rahvuspargi-ringreis-samana-sadamast\">Los Haitisese rahvuspargi ekskursioon Saman\u00e1 sadamast<\/a><\/h4>\n\t<span class=\"price\"><del aria-hidden=\"true\"><span class=\"woocommerce-Price-amount amount\"><bdi><span class=\"woocommerce-Price-currencySymbol\">&#36;<\/span>95.00<\/bdi><\/span><\/del> <ins><span class=\"woocommerce-Price-amount amount\"><bdi><span class=\"woocommerce-Price-currencySymbol\">&#36;<\/span>85.00<\/bdi><\/span><\/ins><\/span>\n<\/div><\/li><li class=\"product type-product post-9228 status-publish last instock product_cat-tours-excursions-samana-bay-dominican-republic product_cat-1-samana product_cat-whale-watching-private-tours product_cat-whale-watching-samana product_tag-bacardi-island product_tag-cayo-levantado-day-pass product_tag-private-tours-samana product_tag-samana-tours product_tag-samana-whale product_tag-samana-whale-watching product_tag-samana-whale-watching-excursions product_tag-whale-samana product_tag-whale-watching product_tag-whale-watching-2020 product_tag-whale-watching-dominican-republic has-post-thumbnail sale shipping-taxable product-type-external\">\n\t<div class=\"mkdf-pl-inner\"><div class=\"mkdf-pl-image\"><div class=\"mkdf-pl-text\"><div class=\"mkdf-pl-text-outer\"><div class=\"mkdf-pl-text-inner\"><a href=\"https:\/\/bookingadventures.tours\/booking.php?tour_id=ca38c1361b978f1cbced1eaddcec5b99\" data-quantity=\"1\" class=\"button wp-element-button product_type_external\" data-product_id=\"9228\" data-product_sku=\"\" aria-label=\"BRONEERI KOHE\" rel=\"nofollow noopener\">BRONEERI KOHE<\/a><\/div><\/div><\/div><\/div><a href=\"https:\/\/www.boattoursamana.com\/et\/ringreis\/cayo-levantado-vaalavaatlus-samana-sadama-privaatsest-paadireisist\" class=\"woocommerce-LoopProduct-link woocommerce-loop-product__link\"><\/a><\/div><div class=\"mkdf-pl-text-wrapper\"><div class=\"mkdf-pl-rating-holder\"><\/div><h4 class=\"mkdf-product-list-title\"><a href=\"https:\/\/www.boattoursamana.com\/et\/ringreis\/cayo-levantado-vaalavaatlus-samana-sadama-privaatsest-paadireisist\">Privaatreis Saman\u00e1 vaalavaatlus + Cayo Levantado (Bacardi saar) Saman\u00e1 sadamast<\/a><\/h4>\n\t<span class=\"price\"><del aria-hidden=\"true\"><span class=\"woocommerce-Price-amount amount\"><bdi><span class=\"woocommerce-Price-currencySymbol\">&#36;<\/span>99.00<\/bdi><\/span><\/del> <ins><span class=\"woocommerce-Price-amount amount\"><bdi><span class=\"woocommerce-Price-currencySymbol\">&#36;<\/span>90.00<\/bdi><\/span><\/ins><\/span>\n<\/div><\/li><\/ul>\n<\/div><\/div><\/div><\/div><\/div><div class=\"vc_row wpb_row vc_row-fluid\" ><div class=\"wpb_column vc_column_container vc_col-sm-12\"><div class=\"vc_column-inner\"><div class=\"wpb_wrapper\"><div class=\"vc_btn3-container vc_btn3-inline\" ><button class=\"vc_general vc_btn3 vc_btn3-size-md vc_btn3-shape-rounded vc_btn3-style-modern vc_btn3-color-green\">BRONEERI KOHE<\/button><\/div><\/div><\/div><\/div><\/div>","protected":false},"excerpt":{"rendered":"<p>Excursiones a Los haitises y Cayo levantado, Viaje Ecol\u00f3gico al Parque Nacional Los Haitises con un Gu\u00eda Tur\u00edstico Local. Visitando los Cayos en el Parque Nacional Los Haitises, Manglares, Vegetaci\u00f3n, Observaci\u00f3n de aves, Cuevas, Pictogramas y las \u00e1reas hist\u00f3ricas de Sabana de la Mar en el Parque Nacional Los Haitises. Despu\u00e9s de Los Haitises almorzamos en la playa de la isla Bacardi. Reserve ahora Tour al Parque Nacional Los Haitises desde Puerto Saman\u00e1 + Isla Bacardi (Cayo Levantado) con nosotros. [&hellip;]<\/p>\n","protected":false},"author":2,"featured_media":0,"parent":0,"menu_order":0,"comment_status":"open","ping_status":"closed","template":"","meta":{"footnotes":""},"class_list":["post-15832","page","type-page","status-publish","hentry"],"_links":{"self":[{"href":"https:\/\/www.boattoursamana.com\/et\/wp-json\/wp\/v2\/pages\/15832","targetHints":{"allow":["GET"]}}],"collection":[{"href":"https:\/\/www.boattoursamana.com\/et\/wp-json\/wp\/v2\/pages"}],"about":[{"href":"https:\/\/www.boattoursamana.com\/et\/wp-json\/wp\/v2\/types\/page"}],"author":[{"embeddable":true,"href":"https:\/\/www.boattoursamana.com\/et\/wp-json\/wp\/v2\/users\/2"}],"replies":[{"embeddable":true,"href":"https:\/\/www.boattoursamana.com\/et\/wp-json\/wp\/v2\/comments?post=15832"}],"version-history":[{"count":0,"href":"https:\/\/www.boattoursamana.com\/et\/wp-json\/wp\/v2\/pages\/15832\/revisions"}],"wp:attachment":[{"href":"https:\/\/www.boattoursamana.com\/et\/wp-json\/wp\/v2\/media?parent=15832"}],"curies":[{"name":"wp","href":"https:\/\/api.w.org\/{rel}","templated":true}]}}