{"id":15846,"date":"2023-07-15T07:44:42","date_gmt":"2023-07-15T07:44:42","guid":{"rendered":"https:\/\/www.ticketswhales.com\/el-limon-waterfall-cayo-levantado-from-puerto-plata-private-tour\/"},"modified":"2023-07-15T07:44:42","modified_gmt":"2023-07-15T07:44:42","slug":"el-limon-waterfall-cayo-levantado-from-puerto-plata-private-tour","status":"publish","type":"page","link":"https:\/\/www.boattoursamana.com\/et\/el-limoni-juga-cayo-levantado-puerto-platast-privaatne-ringreis","title":{"rendered":"El Lim\u00f3ni juga ja Cayo Levantado privaatreis Puerto Platast"},"content":{"rendered":"<p><span class=\"Y2IQFc\" lang=\"en\">Privaatne ekskursioon El Lim\u00f3ni ja Cayo Levantado jugade k\u00fclastamiseks (Bacardi saar). Kaks tegevust \u00fchel p\u00e4eval, metsa ilu ja El Lim\u00f3ni kogukonna koskede k\u00fclastamine koos kohaliku giidiga. Selle reisi saab ette v\u00f5tta jalgsi v\u00f5i hobusega m\u00f6\u00f6da kohvi- ja kookosradasid. Peale El Lim\u00f3ni jugade k\u00fclastamist l\u00e4heme Saman\u00e1 linna keskuses asuva muuli juurde ja s\u00f5idame paadiga Cayo Levantadosse, mida nimetatakse ka Bacardi saareks. Seal s\u00f6\u00f6me l\u00f5unas\u00f6\u00f6ki Rootsi lauas ja p\u00e4rastl\u00f5unast ujumist Cayo Levantado rannas koos v\u00f5imalustega snorgeldada korallriffidel.<\/span><br \/>\nn<br \/>\nn&nbsp;<br \/>\nn<br \/>\nn<b>Valige reisi kuup\u00e4ev:\u00a0<\/b><\/p>\n<p>&nbsp;<\/p>\n<div class=\"vc_row wpb_row vc_row-fluid\" ><div class=\"wpb_column vc_column_container vc_col-sm-12\"><div class=\"vc_column-inner\"><div class=\"wpb_wrapper\"><div class=\"mkdf-section-title-holder\" style=\"text-align: left\">\n\t<div class=\"mkdf-st-inner\">\n\t\t\t\t\t<h5 class=\"mkdf-st-subtitle\" >\n\t\t\t\tTransport ja l\u00f5unas\u00f6\u00f6k hinna sees\t\t\t<\/h5>\n\t\t\t\t\t\t\t<h3 class=\"mkdf-st-title\" >\n\t\t\t\tEl Limoni kosed ja Cayo Levantado Puerto Platast.\t\t\t<\/h3>\n\t\t\t\t\t<\/div>\n<\/div><\/div><\/div><\/div><\/div><div class=\"vc_row wpb_row vc_row-fluid\" ><div class=\"wpb_column vc_column_container vc_col-sm-12\"><div class=\"vc_column-inner\"><div class=\"wpb_wrapper\">\n\t<div class=\"wpb_text_column wpb_content_element\" >\n\t\t<div class=\"wpb_wrapper\">\n\t\t\t<p>\nn<\/p>\n<h3 class=\"LC20lb\">El Lim\u00f3ni juga + Cayo Levantado \u2013 Saman\u00e1 ekskursioon terve p\u00e4eva Reis Puerto Platast.<\/h3>\n<p>n<\/p>\n<h4><b><i>\u00dclevaade <\/i><\/b><\/h4>\n<p>Eraekskursioon El Limoni jugade ja Cayo Levantado (Bacrdi saar) k\u00fclastamiseks. Kaks tegevust vaid \u00fchel p\u00e4eval, k\u00fclastus koos kohaliku ringreisiga. Juhendage kaunitar metsast ja kosed El Limoni kogukonnast. Selle reisi saate teha matkates v\u00f5i hobustega ratsutades m\u00f6\u00f6da kohvi- ja kookosp\u00e4hkliradasid. P\u00e4rast El Limoni jugade k\u00fclastamist s\u00f5idame Samana kesklinna kai juurde ja s\u00f5idame paadiga Cayo Levantadosse, mida nimetatakse ka Bacardi saareks. Seal s\u00f6\u00f6me l\u00f5unas\u00f6\u00f6ki Rootsi lauas ja p\u00e4rastl\u00f5unast ujumist Cayo Levantado rannas koos v\u00f5imalusega snorgeldada koralliriffidel.<br \/>\nn<br \/>\nnP\u00e4rast seda kogemust j\u00f5uate tagasi meie kohtumispunkti, kust me teid Puerto Platast vastu v\u00f5tame<br \/>\nn<\/p>\n<ul>\nn \t<\/p>\n<li style=\"font-weight: 400;\">Tasud hinna sees<\/li>\n<p>n \t<\/p>\n<li>L\u00f5unas\u00f6\u00f6k<\/li>\n<p>n \t<\/p>\n<li>Suupisted<\/li>\n<p>n \t<\/p>\n<li style=\"font-weight: 400;\">Kohalik reisijuht inglise v\u00f5i prantsuse keeles<\/li>\n<p>n \t<\/p>\n<li>Transport<\/li>\n<p>n \t<\/p>\n<li>Laevareis<\/li>\n<p>n<\/ul>\n<p>n&nbsp;<br \/>\nn<\/p>\n<h4><b>Kaasamised ja v\u00e4listused<\/b><\/h4>\n<p>n&nbsp;<br \/>\nn<br \/>\nn<b>Kaasamised<\/b><br \/>\nn<\/p>\n<ol>\nn \t<\/p>\n<li style=\"font-weight: 400;\">El Limoni kosed Matkamine v\u00f5i ratsutamine<\/li>\n<p>n \t<\/p>\n<li>L\u00f5unas\u00f6\u00f6k<\/li>\n<p>n \t<\/p>\n<li style=\"font-weight: 400;\"><span style=\"font-weight: 400;\">K\u00f5ik maksud, tasud ja k\u00e4itlustasud<\/span><\/li>\n<p>n \t<\/p>\n<li style=\"font-weight: 400;\"><span style=\"font-weight: 400;\">Kohalikud maksud<\/span><\/li>\n<p>n \t<\/p>\n<li style=\"font-weight: 400;\"><span style=\"font-weight: 400;\">Joogid<\/span><\/li>\n<p>n \t<\/p>\n<li>Suupisted<\/li>\n<p>n \t<\/p>\n<li style=\"font-weight: 400;\"><span style=\"font-weight: 400;\">K\u00f5ik tegevused<\/span><\/li>\n<p>n \t<\/p>\n<li style=\"font-weight: 400;\"><span style=\"font-weight: 400;\">Kohalik giid<\/span><\/li>\n<p>n<\/ol>\n<p>n<b> V\u00e4listused<\/b><br \/>\nn<\/p>\n<ol>\nn \t<\/p>\n<li style=\"font-weight: 400;\"><span style=\"font-weight: 400;\">Jootraha<\/span><\/li>\n<p>n \t<\/p>\n<li style=\"font-weight: 400;\"><span style=\"font-weight: 400;\">Alkohoolsed joogid<\/span><\/li>\n<p>n<\/ol>\n<p>n&nbsp;<br \/>\nn<\/p>\n<h4><em><strong>V\u00e4ljumine ja tagasitulek<\/strong><\/em><\/h4>\n<p>n<span style=\"font-weight: 400;\">Reisija saab p\u00e4rast broneerimisprotsessi kohtumispunkti. Ekskursioonid algavad ja l\u00f5ppevad meie kohtumispunktides.<\/span><br \/>\nn<\/p>\n<h4><\/h4>\n<p>n<\/p>\n<h3 class=\"LC20lb\">El Lim\u00f3ni juga + Cayo Levantado \u2013 ekskursioon Saman\u00e1 linnas<\/h3>\n<p>n<\/p>\n<h4><b><i>Mida oodata?<\/i><\/b><\/h4>\n<p>n<em><strong>Hankige oma piletid<\/strong><\/em> El Limoni jugade ja Cayo Levantado saare k\u00fclastamiseks koos transfeeriga Puerto Platast. Terve p\u00e4eva reis. Alustades Saman\u00e1st koos transpordiga El limoni jugadeni.<br \/>\nn<br \/>\nEkskursioon, mida korraldab \u201cBooking Adventures\u201d, algab reisijuhiga m\u00e4\u00e4ratud kohtumispaigast. Broneerige Adventures in Privaatsed reisid El Limoni jugadele koos kohaliku giidiga. Ratsutamine v\u00f5i matkamine metsa \u00e4\u00e4res, mis kulgeb \u00fcmber Sidrunij\u00f5e serva, kakao- ja kohviistanduste k\u00fclastamine kookosp\u00e4hklite varjude palmide all. K\u00f5igepealt peatuge V\u00e4ikeses koses, kus tavaliselt pole palju inimesi ja saate ujuda. P\u00e4rast liigume edasi suure kose juurde, kus j\u00e4\u00e4me soovi korral tunniks v\u00f5i kauemaks.<br \/>\nn<br \/>\nHobuste toomine v\u00f5i matkamine tagasi auto juurde ja tagasi Samana sadamasse s\u00f5itmine. Visit Bacardi saare pardale minnes ootavad Becouse Frite kala tostonete ja salatiga maitsta l\u00f5unas\u00f6\u00f6ki v\u00f5i lisatasu eest saab men\u00fc\u00fcst muid valikuid nagu homaarid.<br \/>\nn<br \/>\nnUjuge Dominikaani Vabariigi \u00fches ilusaimas rannas. Ja m\u00e4\u00e4rake meie giidiga aeg l\u00f5petamiseks.<br \/>\nn<br \/>\nn&nbsp;<br \/>\nn<\/p>\n<h4><em><strong>Mida peaksite kaasa v\u00f5tma?<\/strong><\/em><\/h4>\n<p>n<\/p>\n<ul>\nn \t<\/p>\n<li style=\"font-weight: 400;\"><span style=\"font-weight: 400;\">Kaamera<\/span><\/li>\n<p>n \t<\/p>\n<li style=\"font-weight: 400;\"><span style=\"font-weight: 400;\">T\u00f5rjuvad pungad<\/span><\/li>\n<p>n \t<\/p>\n<li style=\"font-weight: 400;\"><span style=\"font-weight: 400;\">P\u00e4ikesekreem<\/span><\/li>\n<p>n \t<\/p>\n<li style=\"font-weight: 400;\"><span style=\"font-weight: 400;\">M\u00fcts<\/span><\/li>\n<p>n \t<\/p>\n<li style=\"font-weight: 400;\"><span style=\"font-weight: 400;\">Mugavad p\u00fcksid<\/span><\/li>\n<p>n \t<\/p>\n<li style=\"font-weight: 400;\"><span style=\"font-weight: 400;\">Matkajalatsid metsa<\/span><\/li>\n<p>n \t<\/p>\n<li style=\"font-weight: 400;\"><span style=\"font-weight: 400;\">Sandaalid kevadpiirkondadesse.<\/span><\/li>\n<p>n \t<\/p>\n<li style=\"font-weight: 400;\"><span style=\"font-weight: 400;\">Ujumisriided<\/span><\/li>\n<p>n<\/ul>\n<p>n&nbsp;<br \/>\nn<\/p>\n<h4><b><i>Hotelli j\u00e4reletulemine <\/i><\/b><\/h4>\n<p>n<span style=\"font-weight: 400;\">Selle ekskursiooni puhul hotelli vastutulemist ei pakuta. <\/span><br \/>\nn<br \/>\nn&nbsp;<br \/>\nn<br \/>\nn<b>M\u00e4rge:<\/b><span style=\"font-weight: 400;\"> Kui broneerite 24 tunni jooksul p\u00e4rast ekskursiooni\/ekskursiooni v\u00e4ljumisaega, saame korraldada lisatasu eest hotelli pealetulemise. Kui teie ost on l\u00f5pule viidud, saadame teile meie kohaliku giidi t\u00e4ieliku kontaktteabe (telefoninumber, e-posti aadress jne), et korraldada kohaletoomise korraldamine.<\/span><br \/>\nn<\/p>\n<h4><b><i>Lisateabe kinnitus <\/i><\/b><\/h4>\n<p>n<\/p>\n<ol>\nn \t<\/p>\n<li>Piletid on kviitung p\u00e4rast selle ekskursiooni tasumist. Saate n\u00e4idata makset oma telefonis.<\/li>\n<p>n \t<\/p>\n<li style=\"font-weight: 400;\"><span style=\"font-weight: 400;\">Kohtumispunkt v\u00f5etakse vastu p\u00e4rast broneerimisprotsessi.<\/span><\/li>\n<p>n \t<\/p>\n<li style=\"font-weight: 400;\"><span style=\"font-weight: 400;\">Lastega peab kaasas olema t\u00e4iskasvanu.<\/span><\/li>\n<p>n \t<\/p>\n<li style=\"font-weight: 400;\"><span style=\"font-weight: 400;\"> Pole ratastooliga ligip\u00e4\u00e4setav <\/span><\/li>\n<p>n \t<\/p>\n<li style=\"font-weight: 400;\"><span style=\"font-weight: 400;\">Imikud peavad istuma s\u00fcles <\/span><\/li>\n<p>n \t<\/p>\n<li style=\"font-weight: 400;\"><span style=\"font-weight: 400;\">Ei soovitata seljaprobleemidega reisijatele<\/span><\/li>\n<p>n \t<\/p>\n<li style=\"font-weight: 400;\"><span style=\"font-weight: 400;\">Ei soovitata rasedatele reisijatele <\/span><\/li>\n<p>n \t<\/p>\n<li style=\"font-weight: 400;\"><span style=\"font-weight: 400;\"> Puuduvad s\u00fcdameprobleemid ega muud t\u00f5sised haigusseisundid <\/span><\/li>\n<p>n \t<\/p>\n<li style=\"font-weight: 400;\"><span style=\"font-weight: 400;\">Enamik reisijaid saab osaleda<\/span><\/li>\n<p>n<\/ol>\n<p>n<\/p>\n<h4><b><i>T\u00fchistamispoliitika<\/i><\/b><\/h4>\n<p>T\u00e4ieliku tagasimakse saamiseks lugege palun meie t\u00fchistamiseeskirju\u00a0<a href=\"https:\/\/www.boattoursamana.com\/et\/online-broneerimine\/\" target=\"_blank\" rel=\"noopener\" data-saferedirecturl=\"https:\/\/www.google.com\/url?q=https:\/\/www.boattoursamana.com\/online-booking\/&amp;source=gmail&amp;ust=1672449202351000&amp;usg=AOvVaw1yAeVAPktmaVCqDujgUn90\">Kliki siia<\/a>. Vahendid l\u00e4hevad kaotsi, kui broneering t\u00fchistatakse samal reisip\u00e4eval.<\/p>\n\n\t\t<\/div>\n\t<\/div>\n<\/div><\/div><\/div><\/div><div class=\"vc_row wpb_row vc_row-fluid\" ><div class=\"wpb_column vc_column_container vc_col-sm-12\"><div class=\"vc_column-inner\"><div class=\"wpb_wrapper\">\n\t<div class=\"wpb_video_widget wpb_content_element vc_clearfix   vc_video-aspect-ratio-169 vc_video-el-width-100 vc_video-align-left\" >\n\t\t<div class=\"wpb_wrapper\">\n\t\t\t\n\t\t\t<div class=\"wpb_video_wrapper\"><a href=\"https:\/\/www.youtube.com\/watch?v=oWlwxZLQnVU\" rel=\"noopener\">https:\/\/www.youtube.com\/watch?v=oWlwxZLQnVU<\/a><\/div>\n\t\t<\/div>\n\t<\/div>\n<\/div><\/div><\/div><\/div><div class=\"vc_row wpb_row vc_row-fluid\" ><div class=\"wpb_column vc_column_container vc_col-sm-12\"><div class=\"vc_column-inner\"><div class=\"wpb_wrapper\"><div class=\"vc_empty_space\"   style=\"height: 32px\"><span class=\"vc_empty_space_inner\"><\/span><\/div>\n\t<div class=\"wpb_text_column wpb_content_element\" >\n\t\t<div class=\"wpb_wrapper\">\n\t\t\t<p>\nn<\/p>\n<h4>V\u00f5ta meiega \u00fchendust?<\/h4>\n<p>n<\/p>\n<h5>Seikluste broneerimine<\/h5>\n<p>n<em><strong>Kohalikud<\/strong>\u00a0ja\u00a0<strong>Rahvuslased<\/strong>\u00a0Giidid ja k\u00fclalisteteenused<\/em><br \/>\nn<br \/>\nn<span class=\"text-turquoise\">Broneeringud:<\/span>\u00a0Reisid ja ekskursioonid Domis. Rep.<br \/>\nn<br \/>\nn<img decoding=\"async\" class=\"emoji\" draggable=\"false\" src=\"https:\/\/s.w.org\/images\/core\/emoji\/11.2.0\/svg\/1f4de.svg\" alt=\" \" title=\"\">\u00a0Tel \/ Whatsapp\u00a0\u00a0<a href=\"tel:+1-809-720-6035\">+1-809-720-6035<\/a>.<br \/>\nn<br \/>\nn<img decoding=\"async\" class=\"emoji\" draggable=\"false\" src=\"https:\/\/s.w.org\/images\/core\/emoji\/11.2.0\/svg\/1f4e9.svg\" alt=\" \" title=\"\">\u00a0<a href=\"mailto:info@bookingadventures.com.do\">info@bookingadventures.com.do<\/a><br \/>\nn<br \/>\nn<strong>Me korraldame paindlikult Whatsapi privaatreise:\u00a0<a href=\"tel:+18097206035\">+18097206035.<\/a><\/strong><\/p>\n\n\t\t<\/div>\n\t<\/div>\n<div class=\"vc_empty_space\"   style=\"height: 32px\"><span class=\"vc_empty_space_inner\"><\/span><\/div><\/div><\/div><\/div><\/div>","protected":false},"excerpt":{"rendered":"<p>Private excursion to visit El Lim\u00f3n and Cayo Levantado Waterfalls (Bacardi Island) From Puerto Plata. Two activities in one day, visiting the beauty of the forest and the waterfalls of the community of El Lim\u00f3n with a local tour guide. You can take this trip on foot or on horseback along the coffee and coconut trails. After visiting the El Lim\u00f3n Waterfalls, we will go to the pier in the center of the city of Saman\u00e1 and take a boat [&hellip;]<\/p>\n","protected":false},"author":2,"featured_media":0,"parent":0,"menu_order":0,"comment_status":"open","ping_status":"closed","template":"","meta":{"footnotes":""},"class_list":["post-15846","page","type-page","status-publish","hentry"],"_links":{"self":[{"href":"https:\/\/www.boattoursamana.com\/et\/wp-json\/wp\/v2\/pages\/15846","targetHints":{"allow":["GET"]}}],"collection":[{"href":"https:\/\/www.boattoursamana.com\/et\/wp-json\/wp\/v2\/pages"}],"about":[{"href":"https:\/\/www.boattoursamana.com\/et\/wp-json\/wp\/v2\/types\/page"}],"author":[{"embeddable":true,"href":"https:\/\/www.boattoursamana.com\/et\/wp-json\/wp\/v2\/users\/2"}],"replies":[{"embeddable":true,"href":"https:\/\/www.boattoursamana.com\/et\/wp-json\/wp\/v2\/comments?post=15846"}],"version-history":[{"count":0,"href":"https:\/\/www.boattoursamana.com\/et\/wp-json\/wp\/v2\/pages\/15846\/revisions"}],"wp:attachment":[{"href":"https:\/\/www.boattoursamana.com\/et\/wp-json\/wp\/v2\/media?parent=15846"}],"curies":[{"name":"wp","href":"https:\/\/api.w.org\/{rel}","templated":true}]}}