{"id":15859,"date":"2023-07-15T07:45:08","date_gmt":"2023-07-15T07:45:08","guid":{"rendered":"https:\/\/www.ticketswhales.com\/los-haitises-boat-private-trip-from-juan-dolio\/"},"modified":"2023-07-15T07:45:08","modified_gmt":"2023-07-15T07:45:08","slug":"los-haitises-boat-private-trip-from-juan-dolio","status":"publish","type":"page","link":"https:\/\/www.boattoursamana.com\/et\/los-haitises-boat-private-trip-from-juan-dolio","title":{"rendered":"Los Haitises Boat Privaatreis \u2013 Juan Doliolt"},"content":{"rendered":"<p id=\"tw-target-text\" class=\"tw-data-text tw-text-large tw-ta\" dir=\"ltr\" data-placeholder=\"Translation\"><span class=\"Y2IQFc\" lang=\"en\">The lowest price to visit Los Haitises National Park from Juan Dolio with the locals. The trip begins at the Main Port of the Los Haitises National Park. The trip can start from 6:00 am to 8:00 am. Pick up in areas of Punta Cana. A local tour guide who knows the original history of the beautiful National Park will be on your trip. <\/span><\/p>\n<p>n<\/p>\n<p class=\"tw-data-text tw-text-large tw-ta\" dir=\"ltr\" data-placeholder=\"Translation\"><span class=\"Y2IQFc\" lang=\"en\">Seej\u00e4rel v\u00e4ljume p\u00e4\u00e4stevestidega PAADIga Los Haitisese rahvuspargi peasadamast nimega Ca\u00f1o Hondo (Deep Creek). Naudime punast mangroovimetsa kuni j\u00f5uame San Lorenzo lahte, v\u00e4ikesesse lahte Saman\u00e1 lahe poole. Ja l\u00e4heb lahti! <\/span><\/p>\n<p>n<\/p>\n<p class=\"tw-data-text tw-text-large tw-ta\" dir=\"ltr\" data-placeholder=\"Translation\"><span class=\"Y2IQFc\" lang=\"en\">Esimene asi, mida n\u00e4ete, on tohutu m\u00e4gise lubjakivisaare kogumik nimega Mogotes. Nende kohal rohkem kui 700 taimeliiki ja palju m\u00e4rgalalinde, kes ringi lendavad. Hilisem koobaste k\u00fclastamine meie p\u00f5lisrahvaste kogukondade piltidega 750 aastat tagasi.<\/span><\/p>\n<p>n<br \/>\nn<\/p>\n<pre id=\"tw-target-text\" class=\"tw-data-text tw-text-large tw-ta\" dir=\"ltr\" data-placeholder=\"Translation\"><strong><span class=\"Y2IQFc\" lang=\"en\">Valige oma erareisi kuup\u00e4ev:<\/span><\/strong><\/pre>\n<p>&nbsp;<\/p>\n<div class=\"vc_row wpb_row vc_row-fluid\" ><div class=\"wpb_column vc_column_container vc_col-sm-12\"><div class=\"vc_column-inner\"><div class=\"wpb_wrapper\"><div class=\"mkdf-section-title-holder\" style=\"text-align: left\">\n\t<div class=\"mkdf-st-inner\">\n\t\t\t\t\t<h5 class=\"mkdf-st-subtitle\" >\n\t\t\t\tMangroovid, kohalikud giidid ja koopad\t\t\t<\/h5>\n\t\t\t\t\t\t\t<h3 class=\"mkdf-st-title\" >\n\t\t\t\tLos Haitisese paadiga erareis \u2013 Juan Doliost\t\t\t<\/h3>\n\t\t\t\t\t<\/div>\n<\/div><div class=\"vc_btn3-container vc_btn3-inline\" ><button class=\"vc_general vc_btn3 vc_btn3-size-md vc_btn3-shape-rounded vc_btn3-style-modern vc_btn3-color-green\">BRONEERI KOHE<\/button><\/div><\/div><\/div><\/div><\/div><div class=\"vc_row wpb_row vc_row-fluid\" ><div class=\"wpb_column vc_column_container vc_col-sm-12\"><div class=\"vc_column-inner\"><div class=\"wpb_wrapper\">\n\t<div class=\"wpb_text_column wpb_content_element\" >\n\t\t<div class=\"wpb_wrapper\">\n\t\t\t<p>\nn<\/p>\n<h4><b><i>\u00dclevaade <\/i><\/b><\/h4>\n<p>nIf you are In Juan Dolio pick a Private normal trip to Los Haitises National Park.\u00a0 Come with us and visit the most beautiful national park of the Dominican Republic, Visiting Mangroves, Caves, and San Lorenzo Bay. After private transportation from Juan Dolio, this private boat trip starts from the Sabana de la Mar community learning about the history of Sabana de la Mar.<br \/>\nn<\/p>\n<ul>\nn \t<\/p>\n<li style=\"font-weight: 400;\">Tasud hinna sees<\/li>\n<p>n \t<\/p>\n<li style=\"font-weight: 400;\"><span style=\"font-weight: 400;\">Juhend pakub juhendamist ja j\u00e4relevalvet<\/span><\/li>\n<p>n \t<\/p>\n<li>L\u00f5unas\u00f6\u00f6k<\/li>\n<p>n<\/ul>\n<p>n&nbsp;<br \/>\nn<\/p>\n<h4><b>Kaasamised ja v\u00e4listused<\/b><\/h4>\n<p>n&nbsp;<br \/>\nn<br \/>\nn<b>Kaasamised<\/b><br \/>\nn<\/p>\n<ol>\nn \t<\/p>\n<li style=\"font-weight: 400;\">Los Haitisese ringreis + koopad ja pildid<\/li>\n<p>n \t<\/p>\n<li style=\"font-weight: 400;\"><span style=\"font-weight: 400;\">K\u00f5ik maksud, tasud ja k\u00e4itlustasud<\/span><\/li>\n<p>n \t<\/p>\n<li style=\"font-weight: 400;\"><span style=\"font-weight: 400;\">Kohalikud maksud<\/span><\/li>\n<p>n \t<\/p>\n<li style=\"font-weight: 400;\"><span style=\"font-weight: 400;\">K\u00f5ik tegevused<\/span><\/li>\n<p>n \t<\/p>\n<li style=\"font-weight: 400;\"><span style=\"font-weight: 400;\">Kohalik giid<\/span><\/li>\n<p>n \t<\/p>\n<li>Transport hinna sees<\/li>\n<p>n<\/ol>\n<p>n<b> V\u00e4listused<\/b><br \/>\nn<\/p>\n<ol>\nn \t<\/p>\n<li style=\"font-weight: 400;\"><span style=\"font-weight: 400;\">Jootraha<\/span><\/li>\n<p>n \t<\/p>\n<li style=\"font-weight: 400;\"><span style=\"font-weight: 400;\">Alkohoolsed joogid<\/span><\/li>\n<p>n<\/ol>\n<p>n&nbsp;<br \/>\nn<\/p>\n<h4><em><strong>V\u00e4ljumine ja tagasitulek<\/strong><\/em><\/h4>\n<p>n<span style=\"font-weight: 400;\">Reisija saab p\u00e4rast broneerimisprotsessi kohtumispunkti. Ekskursioonid algavad ja l\u00f5ppevad meie kohtumispunktides.<\/span><br \/>\nn<br \/>\nn&nbsp;<br \/>\nn<\/p>\n<h4><b><i>Mida oodata?<\/i><\/b><\/h4>\n<p>n&nbsp;<br \/>\nn<br \/>\nn<em><strong>Hankige oma piletid<\/strong><\/em> aastast Los Haitisese rahvuspargi k\u00fclastamiseks<strong> Juan Dolio <\/strong>koos transpordiga koobaste, mangroovide ja San Lorenzo lahega.<br \/>\nn<br \/>\nnMadalaim hind k\u00fclastamiseks <strong>Los Haitisese rahvuspark<\/strong> from Juan Dolio<strong>\u00a0Hotellid<\/strong> v\u00f5i Airbnb kohalikega.<br \/>\nn<br \/>\nP\u00e4rast seda, kui alustame Los Haitisese rahvuspargi peasadamast nimega Ca\u00f1o Hondo (Deep Creek) p\u00e4\u00e4stevestidega PAADil. Nautime punaste mangroovide metsa, kuni j\u00f5uame San Lorenzo lahte. V\u00e4ike laht Saman\u00e1 lahte. Ja l\u00e4heb lahti! Esimene h\u00e4mmastav asi, mida n\u00e4ete, on tohutu lubjakividest m\u00e4gisaare kollektsioon nimega Mogotes. nende peal lendab \u00fcle 700 taimeliigi ja paljud m\u00e4rgaladel lendavad linnud. Hilisem koobaste k\u00fclastamine meie p\u00f5lisrahvaste kogukondade piltidega 750 aastat tagasi.<br \/>\nn<br \/>\nnL\u00e4bi mangroovide ja Landi avatud San Lorenzo lahe \u00e4\u00e4res, kust saate pildistada karmi metsamaastikku. Vaata vette, et m\u00e4rgata <em><strong>Manatees<\/strong><\/em>, koorikloomad ja <em><strong>delfiinid.<\/strong><\/em><br \/>\nn<\/p>\n<div class=\"body-description secondary\">\nn<br \/>\nRahvuspargi nimi p\u00e4rineb selle algsete elanike, taino indiaanlaste j\u00e4rgi. Nende keeles t\u00e4hendab &quot;haitises&quot; m\u00e4gismaad v\u00f5i m\u00e4gesid, viide rannajoone j\u00e4rskudele geoloogilistele moodustistele koos lubjakividega. Seiklege s\u00fcgavamale parki, et uurida selliseid koopaid nagu <em><strong>Cueva de la Arena<\/strong><\/em> ja <strong><em>Cueva de la L\u00ednea.<\/em><\/strong> Reservi koopaid kasutasid varjupaigana Taino indiaanlased ja hiljem varjasid piraadid. Otsige indiaanlaste joonistusi, mis kaunistavad m\u00f5nda seina. P\u00e4rast Los Haitisese rahvuspargi k\u00fclastamist l\u00e4heme tagasi sadamasse, kust meie reis algas.<br \/>\nn<br \/>\nn<\/div>\n<p>n&nbsp;<br \/>\nn<\/p>\n<h4><em><strong>Mida peaksite kaasa v\u00f5tma?<\/strong><\/em><\/h4>\n<p>n<\/p>\n<ul>\nn \t<\/p>\n<li style=\"font-weight: 400;\"><span style=\"font-weight: 400;\">Kaamera<\/span><\/li>\n<p>n \t<\/p>\n<li style=\"font-weight: 400;\"><span style=\"font-weight: 400;\">T\u00f5rjuvad pungad<\/span><\/li>\n<p>n \t<\/p>\n<li style=\"font-weight: 400;\"><span style=\"font-weight: 400;\">p\u00e4ikesekreem<\/span><\/li>\n<p>n \t<\/p>\n<li style=\"font-weight: 400;\"><span style=\"font-weight: 400;\">M\u00fcts<\/span><\/li>\n<p>n \t<\/p>\n<li style=\"font-weight: 400;\"><span style=\"font-weight: 400;\">Mugavad p\u00fcksid<\/span><\/li>\n<p>n \t<\/p>\n<li style=\"font-weight: 400;\"><span style=\"font-weight: 400;\">Matkajalatsid metsa<\/span><\/li>\n<p>n \t<\/p>\n<li style=\"font-weight: 400;\"><span style=\"font-weight: 400;\">Sandaalid kevadpiirkondadesse.<\/span><\/li>\n<p>n \t<\/p>\n<li style=\"font-weight: 400;\"><span style=\"font-weight: 400;\">Ujumisriided<\/span><\/li>\n<p>n<\/ul>\n<p>n&nbsp;<br \/>\nn<\/p>\n<h4><b><i>Hotelli j\u00e4reletulemine <\/i><\/b><\/h4>\n<p>n<span style=\"font-weight: 400;\">Kui olete sisse, pakutakse hotelli vastutulemist\u00a0 <strong>Juan Dolio.<\/strong><\/span><br \/>\nn<br \/>\nn&nbsp;<br \/>\nn<br \/>\nn<b>M\u00e4rge:<\/b><span style=\"font-weight: 400;\"> Kui broneerite 24 tunni jooksul p\u00e4rast ekskursiooni\/ekskursiooni v\u00e4ljumisaega, saame korraldada lisatasudega hotelli pealetulemise, kui te ei viibi Juan Dolio hotellides. Kui teie ost on l\u00f5pule viidud, saadame teile meie kohaliku giidi t\u00e4ieliku kontaktteabe (telefoninumber, e-posti aadress jne), et korraldada j\u00e4reletulemise korraldamine.<\/span><br \/>\nn<\/p>\n<h4><b><i>Lisateabe kinnitus <\/i><\/b><\/h4>\n<p>n<\/p>\n<ol>\nn \t<\/p>\n<li>Piletid on kviitung p\u00e4rast selle ekskursiooni tasumist. Saate n\u00e4idata makset oma telefonis.<\/li>\n<p>n \t<\/p>\n<li style=\"font-weight: 400;\"><span style=\"font-weight: 400;\">Kohtumispunkt v\u00f5etakse vastu p\u00e4rast broneerimisprotsessi.<\/span><\/li>\n<p>n \t<\/p>\n<li style=\"font-weight: 400;\"><span style=\"font-weight: 400;\">Lastega peab kaasas olema t\u00e4iskasvanu.<\/span><\/li>\n<p>n \t<\/p>\n<li style=\"font-weight: 400;\"><span style=\"font-weight: 400;\"> Pole ratastooliga ligip\u00e4\u00e4setav <\/span><\/li>\n<p>n \t<\/p>\n<li style=\"font-weight: 400;\"><span style=\"font-weight: 400;\">Imikud peavad istuma s\u00fcles <\/span><\/li>\n<p>n \t<\/p>\n<li style=\"font-weight: 400;\"><span style=\"font-weight: 400;\">Ei soovitata seljaprobleemidega reisijatele<\/span><\/li>\n<p>n \t<\/p>\n<li style=\"font-weight: 400;\"><span style=\"font-weight: 400;\">Ei soovitata rasedatele reisijatele <\/span><\/li>\n<p>n \t<\/p>\n<li style=\"font-weight: 400;\"><span style=\"font-weight: 400;\"> Puuduvad s\u00fcdameprobleemid ega muud t\u00f5sised haigusseisundid <\/span><\/li>\n<p>n \t<\/p>\n<li style=\"font-weight: 400;\"><span style=\"font-weight: 400;\">Enamik reisijaid saab osaleda<\/span><\/li>\n<p>n<\/ol>\n<p>n<\/p>\n<h4><b><i>T\u00fchistamispoliitika<\/i><\/b><\/h4>\n<p>T\u00e4ieliku tagasimakse saamiseks lugege palun meie t\u00fchistamiseeskirju\u00a0<a href=\"https:\/\/www.boattoursamana.com\/et\/online-broneerimine\/\" target=\"_blank\" rel=\"noopener\" data-saferedirecturl=\"https:\/\/www.google.com\/url?q=https:\/\/www.boattoursamana.com\/online-booking\/&amp;source=gmail&amp;ust=1672449202351000&amp;usg=AOvVaw1yAeVAPktmaVCqDujgUn90\">Kliki siia<\/a>. Vahendid l\u00e4hevad kaotsi, kui broneering t\u00fchistatakse samal reisip\u00e4eval.<\/p>\n\n\t\t<\/div>\n\t<\/div>\n<div class=\"vc_btn3-container vc_btn3-inline\" ><button class=\"vc_general vc_btn3 vc_btn3-size-md vc_btn3-shape-rounded vc_btn3-style-modern vc_btn3-color-green\">BRONEERI KOHE<\/button><\/div><\/div><\/div><\/div><\/div><div class=\"wpb_column vc_column_container vc_col-sm-12\"><div class=\"vc_column-inner\"><div class=\"wpb_wrapper\"><\/div><\/div><\/div><div class=\"wpb_column vc_column_container vc_col-sm-12\"><div class=\"vc_column-inner\"><div class=\"wpb_wrapper\"><\/div><\/div><\/div><div class=\"vc_row wpb_row vc_row-fluid\" ><div class=\"wpb_column vc_column_container vc_col-sm-12\"><div class=\"vc_column-inner\"><div class=\"wpb_wrapper\"><div class=\"vc_btn3-container vc_btn3-inline\" ><button class=\"vc_general vc_btn3 vc_btn3-size-md vc_btn3-shape-rounded vc_btn3-style-modern vc_btn3-color-green\">BRONEERI KOHE<\/button><\/div><\/div><\/div><\/div><\/div>","protected":false},"excerpt":{"rendered":"<p>The lowest price to visit Los Haitises National Park from Juan Dolio with the locals. The trip begins at the Main Port of the Los Haitises National Park. The trip can start from 6:00 am to 8:00 am. Pick up in areas of Punta Cana. A local tour guide who knows the original history of the beautiful National Park will be on your trip. n Then we depart from the main port of Los Haitises National Park named Ca\u00f1o Hondo [&hellip;]<\/p>\n","protected":false},"author":2,"featured_media":0,"parent":0,"menu_order":0,"comment_status":"open","ping_status":"closed","template":"","meta":{"footnotes":""},"class_list":["post-15859","page","type-page","status-publish","hentry"],"_links":{"self":[{"href":"https:\/\/www.boattoursamana.com\/et\/wp-json\/wp\/v2\/pages\/15859","targetHints":{"allow":["GET"]}}],"collection":[{"href":"https:\/\/www.boattoursamana.com\/et\/wp-json\/wp\/v2\/pages"}],"about":[{"href":"https:\/\/www.boattoursamana.com\/et\/wp-json\/wp\/v2\/types\/page"}],"author":[{"embeddable":true,"href":"https:\/\/www.boattoursamana.com\/et\/wp-json\/wp\/v2\/users\/2"}],"replies":[{"embeddable":true,"href":"https:\/\/www.boattoursamana.com\/et\/wp-json\/wp\/v2\/comments?post=15859"}],"version-history":[{"count":0,"href":"https:\/\/www.boattoursamana.com\/et\/wp-json\/wp\/v2\/pages\/15859\/revisions"}],"wp:attachment":[{"href":"https:\/\/www.boattoursamana.com\/et\/wp-json\/wp\/v2\/media?parent=15859"}],"curies":[{"name":"wp","href":"https:\/\/api.w.org\/{rel}","templated":true}]}}