{"id":11528,"date":"2020-09-08T10:03:32","date_gmt":"2020-09-08T10:03:32","guid":{"rendered":"https:\/\/www.ticketswhales.com\/Tours-Excursions\/uncategorized\/import-placeholder-for-302189\/"},"modified":"2023-11-10T13:16:47","modified_gmt":"2023-11-10T13:16:47","slug":"saona-island-private-tour-from-cap-cana-hotels-cap-cana-lobby","status":"publish","type":"product","link":"https:\/\/www.boattoursamana.com\/et\/ringreis\/saona-saare-privaattuur-cap-cana-hotellidest-cap-cana-fuajeest","title":{"rendered":"Saona saare eratuur Cap Cana hotellidest \u2013 Cap Cana fuajees"},"content":{"rendered":"<div class=\"vc_row wpb_row vc_row-fluid\" ><div class=\"wpb_column vc_column_container vc_col-sm-12\"><div class=\"vc_column-inner\"><div class=\"wpb_wrapper\"><div class=\"vc_btn3-container vc_btn3-inline\" ><a class=\"vc_general vc_btn3 vc_btn3-size-md vc_btn3-shape-rounded vc_btn3-style-modern vc_btn3-color-green\" href=\"https:\/\/bookingadventures.tours\/booking.php?tour_id=1c85fe9604e2cc8d0dc000a6eba6a86a\" title=\"\" rel=\"noopener\">BRONEERI KOHE<\/a><\/div>\n\t<div class=\"wpb_text_column wpb_content_element\" >\n\t\t<div class=\"wpb_wrapper\">\n\t\t\t<h2><b><i>Saona saare erareis\u00a0<\/i><\/b><\/h2>\n<h4><b><i>\u00dclevaade<\/i><\/b><\/h4>\n<div>Paatide v\u00e4ljumine toimub peamise muuli juurest <strong>Bayahibe<\/strong> kell 9.00 ja tagasi kell 17.00. Kui\u00a0<b>(lisate privaatset \u00fcmberistumist teistelt v\u00e4ljumistelt selle reisi aeg v\u00f5ib muutuda)<\/b> <span style=\"font-size: 16px;\">See reis viib teid parimatesse randadesse <strong>Saona saar<\/strong> (Isla Saona) alates Bayahibe linnast, l\u00f5unas\u00f6\u00f6k on saarel ja peatute saare looduslike basseinide juures.<strong> Cotubanama rahvuspark<\/strong>. Nautige Dominikaani Vabariigi kaunist kagurannikut, kus p\u00e4rast paadiga s\u00f5itmist s\u00f5idate m\u00f6\u00f6da rannikut, j\u00e4lgides selle ainulaadse koha erinevaid randu, maastikke, mangroove ja lubjakivimoodustisi.\u00a0<\/span><\/div>\n<div>\n<p><span style=\"font-weight: 400;\">Saarele j\u00f5udmiseks kulub umbes 45 minutit ja ekskursiooni ajal on teil v\u00f5imalus n\u00e4ha <strong>Mano Juan<\/strong>, mis on ainuke saarel asutatud kogukond, samas kohas on sul v\u00f5imalus l\u00f5unatada, juhuks kui Mano Juani ei j\u00f5ua, k\u00fclastad piirkonna erinevaid randu ja l\u00f5unas\u00f6\u00f6k toimub rannas, teil on ka v\u00f5imalus saarel snorgeldada.<\/span><\/p>\n<p><span style=\"font-weight: 400;\">Kui olete oma reisi saare erinevates kohtades l\u00f5petanud, suundute tagasi kohta, kus kohtute giidiga.<\/span><\/p>\n<ul>\n<li style=\"font-weight: 400;\"><span style=\"font-weight: 400;\">Sisaldab l\u00f5unas\u00f6\u00f6ki Rootsi lauas rannas.<\/span><\/li>\n<li style=\"font-weight: 400;\"><span style=\"font-weight: 400;\">Looduslik bassein<\/span><\/li>\n<li style=\"font-weight: 400;\"><span style=\"font-weight: 400;\">Transfeer paadi v\u00f5i katamaraaniga<\/span><\/li>\n<li style=\"font-weight: 400;\"><span style=\"font-weight: 400;\">Kapten juhendab ja juhendab<\/span><\/li>\n<\/ul>\n<\/div>\n<p>&nbsp;<\/p>\n<h2><b>Kaasamised ja v\u00e4listused<\/b><\/h2>\n<p><b>Kaasamised<\/b><\/p>\n<ol>\n<li>Kiirpaadi v\u00f5i katamaraani reis (k\u00f5ik oleneb grupi suurusest)<\/li>\n<li style=\"font-weight: 400;\"><span style=\"font-weight: 400;\">L\u00f5unas\u00f6\u00f6k Rootsi lauas rannas<\/span><\/li>\n<li>Looduslik bassein<\/li>\n<li style=\"font-weight: 400;\"><span style=\"font-weight: 400;\">K\u00f5ik maksud, tasud ja k\u00e4itlustasud<\/span><\/li>\n<li style=\"font-weight: 400;\"><span style=\"font-weight: 400;\">Kohalikud maksud<\/span><\/li>\n<li style=\"font-weight: 400;\"><span style=\"font-weight: 400;\">Joogid<\/span><\/li>\n<\/ol>\n<p><b> V\u00e4listused<\/b><\/p>\n<ol>\n<li style=\"font-weight: 400;\"><span style=\"font-weight: 400;\">Jootraha<\/span><\/li>\n<li>Kohalik giid<\/li>\n<\/ol>\n<p>&nbsp;<\/p>\n<h4><em><strong>V\u00e4ljumine ja tagasitulek<\/strong><\/em><\/h4>\n<p><span style=\"font-weight: 400;\">Meil on ajakava, mis on koostatud teile j\u00e4reletulemiseks ja v\u00e4ljasaatmiseks vastavalt teie asukohale. <\/span><span style=\"font-weight: 400;\">Reisija saab p\u00e4rast broneerimisprotsessi kohtumispunkti. Ekskursioonid algavad ja l\u00f5ppevad meie kohtumispunktides.<\/span><\/p>\n<p>&nbsp;<\/p>\n<h4><b><i>Mida oodata?<\/i><\/b><\/h4>\n<p>&nbsp;<\/p>\n<p><em><strong>Hankige oma piletid<\/strong><\/em> fora day pass Saona saarel (Isla Saona) Bayahibes pluss imeline l\u00f5una- ja rannaaeg.<\/p>\n<p><span style=\"font-weight: 400;\">Booking Adventuresi korraldatav P\u00e4evareis algab reisijuhiga kokkulepitud kohtumispaigast. <\/span>L\u00f5unas\u00f6\u00f6k rannas ja v\u00f5id viibida nii kaua, kui tahad ringi ujuda. Kui olete vegan, saame teile ka m\u00f5ned toidud valmistada.<\/p>\n<p>See paadireis algab Bayahibes, kuid pakume lisatasu eest privaattransporti, olenevalt grupi asukohast.<\/p>\n<p><strong>Tunniplaan:<\/strong><\/p>\n<p>7.45\u201318.00<\/p>\n<p>&nbsp;<\/p>\n<h4><em><strong>Mida peaksite kaasa v\u00f5tma?<\/strong><\/em><\/h4>\n<ul>\n<li style=\"font-weight: 400;\"><span style=\"font-weight: 400;\">Kaamera<\/span><\/li>\n<li style=\"font-weight: 400;\"><span style=\"font-weight: 400;\">T\u00f5rjuvad pungad<\/span><\/li>\n<li style=\"font-weight: 400;\"><span style=\"font-weight: 400;\">p\u00e4ikesekreem<\/span><\/li>\n<li style=\"font-weight: 400;\"><span style=\"font-weight: 400;\">M\u00fcts<\/span><\/li>\n<li style=\"font-weight: 400;\"><span style=\"font-weight: 400;\">Mugavad p\u00fcksid<\/span><\/li>\n<li style=\"font-weight: 400;\"><span style=\"font-weight: 400;\">Matkajalatsid metsa<\/span><\/li>\n<li style=\"font-weight: 400;\"><span style=\"font-weight: 400;\">Sandaalid randa<\/span><\/li>\n<li style=\"font-weight: 400;\"><span style=\"font-weight: 400;\">Ujumisriided<\/span><\/li>\n<li>Sularaha suveniiride eest<\/li>\n<\/ul>\n<p>&nbsp;<\/p>\n<h2><b><i>Hotelli vastuv\u00f5tmine Saona saare p\u00e4evareisile<\/i><\/b><\/h2>\n<p><span style=\"font-weight: 400;\">See on programm, mille oleme seadnud teie asukohtade p\u00f5hjal. Palun andke meile teada oma konkreetne hotell ja me v\u00f5tame teiega \u00fchendust, et \u00f6elda, kus teiega kohtume. Need \u00fclekandev\u00f5imalused kehtivad lisatasu eest. See reis algab Bayahibes.<\/span><\/p>\n<table style=\"height: 487px;\" width=\"420\">\n<tbody>\n<tr>\n<td><b>Koht<\/b><\/td>\n<td><b>Aeg<\/b><\/td>\n<\/tr>\n<tr>\n<td><b>Punta Cana<\/b><\/td>\n<td><b>7:45 hommikul<\/b><\/td>\n<\/tr>\n<tr>\n<td><b>B\u00e1varo<\/b><\/td>\n<td><b>7:30 hommikul<\/b><\/td>\n<\/tr>\n<tr>\n<td><b>Uvero Altos<\/b><\/td>\n<td><b>07:00<\/b><\/td>\n<\/tr>\n<tr>\n<td><b>Club Med<\/b><\/td>\n<td><b>07:00<\/b><\/td>\n<\/tr>\n<tr>\n<td><b>Boca Chica<\/b><\/td>\n<td><b>07:00<\/b><\/td>\n<\/tr>\n<tr>\n<td><b>Santo Domingo<\/b><\/td>\n<td><b>6:40 hommikul<\/b><\/td>\n<\/tr>\n<tr>\n<td><b>Juan Doli\u00f3<\/b><\/td>\n<td><b>07:00<\/b><\/td>\n<\/tr>\n<\/tbody>\n<\/table>\n<p>&nbsp;<\/p>\n<p><b>M\u00e4rge:<\/b><span style=\"font-weight: 400;\"> Kui broneerite 24 tunni jooksul p\u00e4rast ekskursiooni\/ekskursiooni v\u00e4ljumisaega, saame korraldada lisatasu eest hotelli pealetulemise. Kui teie ost on l\u00f5pule viidud, saadame teile meie kohaliku giidi t\u00e4ieliku kontaktteabe (telefoninumber, e-posti aadress jne), et korraldada kohaletoomise korraldamine.<\/span><\/p>\n<h4><b><i>Lisateabe kinnitus <\/i><\/b><\/h4>\n<ol>\n<li>Piletid on kviitung p\u00e4rast selle ekskursiooni tasumist. Saate n\u00e4idata makset oma telefonis.<\/li>\n<li style=\"font-weight: 400;\"><span style=\"font-weight: 400;\">Kohtumispunkt v\u00f5etakse vastu p\u00e4rast broneerimisprotsessi.<\/span><\/li>\n<li style=\"font-weight: 400;\"><span style=\"font-weight: 400;\">Lastega peab kaasas olema t\u00e4iskasvanu.<\/span><\/li>\n<li style=\"font-weight: 400;\"><span style=\"font-weight: 400;\">ratastooliga ligip\u00e4\u00e4setav <\/span><\/li>\n<li style=\"font-weight: 400;\"><span style=\"font-weight: 400;\">Imikud peavad istuma s\u00fcles <\/span><\/li>\n<li style=\"font-weight: 400;\"><span style=\"font-weight: 400;\">Enamik reisijaid saab osaleda<\/span><\/li>\n<\/ol>\n<h4><b><i>T\u00fchistamispoliitika<\/i><\/b><\/h4>\n<p>T\u00e4ieliku tagasimakse saamiseks lugege palun meie t\u00fchistamiseeskirju\u00a0<a href=\"https:\/\/www.boattoursamana.com\/et\/online-broneerimine\/\" target=\"_blank\" rel=\"noopener\" data-saferedirecturl=\"https:\/\/www.google.com\/url?q=https:\/\/www.boattoursamana.com\/online-booking\/&amp;source=gmail&amp;ust=1672449202351000&amp;usg=AOvVaw1yAeVAPktmaVCqDujgUn90\">Kliki siia<\/a>. Vahendid l\u00e4hevad kaotsi, kui broneering t\u00fchistatakse samal reisip\u00e4eval.<\/p>\n<p>M\u00c4RKUS: Kui soovite seda ekskursiooni teha ja soovite rohkem \u00fcksikasju teada, saate seda teha<a href=\"mailto:info@bookingadventures.com.do\">\u00a0v\u00f5tke meiega \u00fchendust meili teel<\/a>l<strong>\u00a0<\/strong>v\u00f5i meie otseteenuse Whatsapp-vestluse kaudu sellel numbril:\u00a0<strong>+1 809-720-6035<\/strong>. Tuleme kohe kohale ja saame teha pakkumise kohandades hinda vastavalt inimeste arvule.<\/p>\n<p>(Privaatseks ekskursiooni korraldamiseks vajame minimaalselt 4 inimest. V\u00e4hematele inimestele saame korraldada pool-privaatse ekskursiooni maksimaalselt 15 inimesega).<\/p>\n<div id=\"gtx-trans\" style=\"position: absolute; left: -1px; top: 1055.03px;\">\n<div class=\"gtx-trans-icon\"><\/div>\n<\/div>\n\n\t\t<\/div>\n\t<\/div>\n<\/div><\/div><\/div><\/div><div class=\"vc_row wpb_row vc_row-fluid\" ><div class=\"wpb_column vc_column_container vc_col-sm-12\"><div class=\"vc_column-inner\"><div class=\"wpb_wrapper\"><div class=\"vc_btn3-container vc_btn3-inline\" ><a class=\"vc_general vc_btn3 vc_btn3-size-md vc_btn3-shape-rounded vc_btn3-style-modern vc_btn3-color-green\" href=\"https:\/\/bookingadventures.tours\/booking.php?tour_id=1c85fe9604e2cc8d0dc000a6eba6a86a\" title=\"\" rel=\"noopener\">BRONEERI KOHE<\/a><\/div><\/div><\/div><\/div><\/div><div class=\"vc_row wpb_row vc_row-fluid\" ><div class=\"wpb_column vc_column_container vc_col-sm-12\"><div class=\"vc_column-inner\"><div class=\"wpb_wrapper\"><div class=\"vc_empty_space\"   style=\"height: 32px\"><span class=\"vc_empty_space_inner\"><\/span><\/div>\n\t<div class=\"wpb_video_widget wpb_content_element vc_clearfix   vc_video-aspect-ratio-169 vc_video-el-width-100 vc_video-align-left\" >\n\t\t<div class=\"wpb_wrapper\">\n\t\t\t<h2 class=\"wpb_heading wpb_video_heading\">Saona saare ekskursioonide ja ekskursioonide video:<\/h2>\n\t\t\t<div class=\"wpb_video_wrapper\"><iframe loading=\"lazy\" title=\"Saola saar Terve p\u00e4ev Booking Adventures&#039;is, Travel Dominikaani Vabariik\" width=\"1100\" height=\"619\" src=\"https:\/\/www.youtube.com\/embed\/sas91N4zMHo?feature=oembed\" frameborder=\"0\" allow=\"accelerometer; autoplay; encrypted-media; gyroscope; picture-in-picture\" allowfullscreen><\/iframe><\/div>\n\t\t<\/div>\n\t<\/div>\n<div class=\"vc_empty_space\"   style=\"height: 32px\"><span class=\"vc_empty_space_inner\"><\/span><\/div><div class=\"vc_btn3-container vc_btn3-inline\" ><a class=\"vc_general vc_btn3 vc_btn3-size-md vc_btn3-shape-rounded vc_btn3-style-modern vc_btn3-color-green\" href=\"https:\/\/bookingadventures.tours\/booking.php?tour_id=1c85fe9604e2cc8d0dc000a6eba6a86a\" title=\"\" rel=\"noopener\">BRONEERI KOHE<\/a><\/div><\/div><\/div><\/div><\/div><div class=\"vc_row wpb_row vc_row-fluid\" ><\/div><div class=\"wpb_column vc_column_container vc_col-sm-12\"><div class=\"vc_column-inner\"><div class=\"wpb_wrapper\"><\/div><\/div><\/div><div class=\"vc_empty_space\"   style=\"height: 32px\"><span class=\"vc_empty_space_inner\"><\/span><\/div><div class=\"vc_empty_space\"   style=\"height: 32px\"><span class=\"vc_empty_space_inner\"><\/span><\/div>","protected":false},"excerpt":{"rendered":"<p>Bayahibe sadamast p\u00e4evapilet Saona saarele. Hinna sees on l\u00f5unas\u00f6\u00f6k ja looduslikud basseinid. Vajadusel \u00fcmberistumine \u00fcksk\u00f5ik millisest Dominikaani Vabariigi osast. Lihtsalt v\u00f5tke meiega \u00fchendust ja saame Isla Saonas parima kogemuse.<\/p>\n<p>&nbsp;<\/p>\n<p><strong>Valige ekskursiooni kuup\u00e4ev:<\/strong><\/p>","protected":false},"featured_media":13414,"template":"","meta":[],"product_cat":[948,971,965,821,829,828],"product_tag":[400,244,830,242,395,272,823,690,241,243,315,398,824,825,314],"class_list":["post-11528","product","type-product","status-publish","has-post-thumbnail","hentry","product_cat-1-punta-cana","product_cat-punta-cana-private-tours","product_cat-punta-cana-saona-island","product_cat-saona-island-offers","product_cat-saona-island-private-tour-from-cap-cana-hotels-cap-cana-lobby","product_cat-saona-island-private-tour-from-la-romana-hotels-la-romana-lobby","product_tag-all-inclusive-trip-to-saona-island-by-speedboat-catamaran","product_tag-bayahibe","product_tag-cap-cana","product_tag-catamaran","product_tag-how-to-get-to-saona-island","product_tag-isla-saona","product_tag-private-day-trip-saona","product_tag-private-tours","product_tag-saona","product_tag-saona-island","product_tag-saona-island-excursion","product_tag-saona-island-hotels","product_tag-saona-island-private","product_tag-saona-island-private-tour-from-punta-cana-hotels-punta-cana-lobby","product_tag-saona-island-tour"],"_links":{"self":[{"href":"https:\/\/www.boattoursamana.com\/et\/wp-json\/wp\/v2\/product\/11528","targetHints":{"allow":["GET"]}}],"collection":[{"href":"https:\/\/www.boattoursamana.com\/et\/wp-json\/wp\/v2\/product"}],"about":[{"href":"https:\/\/www.boattoursamana.com\/et\/wp-json\/wp\/v2\/types\/product"}],"wp:featuredmedia":[{"embeddable":true,"href":"https:\/\/www.boattoursamana.com\/et\/wp-json\/wp\/v2\/media\/13414"}],"wp:attachment":[{"href":"https:\/\/www.boattoursamana.com\/et\/wp-json\/wp\/v2\/media?parent=11528"}],"wp:term":[{"taxonomy":"product_cat","embeddable":true,"href":"https:\/\/www.boattoursamana.com\/et\/wp-json\/wp\/v2\/product_cat?post=11528"},{"taxonomy":"product_tag","embeddable":true,"href":"https:\/\/www.boattoursamana.com\/et\/wp-json\/wp\/v2\/product_tag?post=11528"}],"curies":[{"name":"wp","href":"https:\/\/api.w.org\/{rel}","templated":true}]}}