{"id":12004,"date":"2021-01-16T16:21:26","date_gmt":"2021-01-16T16:21:26","guid":{"rendered":"https:\/\/www.ticketswhales.com\/Tours-Excursions\/uncategorized\/import-placeholder-for-8658\/"},"modified":"2023-11-07T21:11:43","modified_gmt":"2023-11-07T21:11:43","slug":"excursion-whale-watching-cayo-levantado-from-cap-cana-private-tour","status":"publish","type":"product","link":"https:\/\/www.boattoursamana.com\/et\/ringreis\/ekskursioon-vaalavaatlus-cayo-levantado-cap-cana-eratuur","title":{"rendered":"Punta Cana \/ Cap Cana: ekskursioon vaalavaatlus + Cayo Levantado (eratuur)"},"content":{"rendered":"<div class=\"wpb_column vc_column_container vc_col-sm-12\"><div class=\"vc_column-inner\"><div class=\"wpb_wrapper\"><div class=\"vc_btn3-container vc_btn3-inline\" ><a class=\"vc_general vc_btn3 vc_btn3-size-md vc_btn3-shape-rounded vc_btn3-style-modern vc_btn3-color-green\" href=\"https:\/\/bookingadventures.tours\/booking.php?tour_id=6ed21424a849c63fc6398949d1f80266\" title=\"\" rel=\"noopener\">BRONEERI KOHE<\/a><\/div><\/div><\/div><\/div><div class=\"vc_row wpb_row vc_row-fluid\" ><div class=\"wpb_column vc_column_container vc_col-sm-12\"><div class=\"vc_column-inner\"><div class=\"wpb_wrapper\">\n\t<div class=\"wpb_text_column wpb_content_element\" >\n\t\t<div class=\"wpb_wrapper\">\n\t\t\t<div class=\"vc_row wpb_row vc_row-fluid\">\n<div class=\"wpb_column vc_column_container vc_col-sm-12\">\n<div class=\"vc_column-inner\">\n<div class=\"wpb_wrapper\">\n<div class=\"wpb_text_column wpb_content_element\">\n<div class=\"wpb_wrapper\">\n<h3>Ekskursioon vaalavaatlus + Cayo Levantado Punta Canast\/Cap Canast (eratuur)<\/h3>\n<p>Vaalavaatlus Samana lahes alates Punta Cana\/Cap Cana hotellidest eratranspordis. See reis algab kell 6.00\u20138.00 ja l\u00f5peb umbes kell 19.00. P\u00e4rast meie paadi katkestamist vaalade k\u00fclastamiseks nende endi elupaigas. P\u00e4rast seda Whale reisi k\u00fclastame Bacardi saart \/ Cayo Levantadot (valikuline). Bacardi saarel pakutakse l\u00f5unas\u00f6\u00f6ki Rootsi lauas t\u00fc\u00fcpilises Dominikaani stiilis. Kui l\u00f5una on l\u00f5ppenud, on lubatud ujuda kuni kella 16.00-ni. Ekskursioon l\u00f5petatakse samas sadamas, kust alustatakse kell 17.00. P\u00e4rast seda viime teid tagasi teie hotelli.<\/p>\n<p>M\u00e4rkus. See on privaatreis, mille minimaalne makse on 540 USD. Kui olete v\u00e4hem kui 4 inimest, v\u00f5tke meiega \u00fchendust ja saadame teile lingi, kust saate selle ekskursiooni broneerida.\u00a0<strong><em>Kui soovite liituda vaalade vaatlemise grupiga, saate hotellist j\u00e4rele tulla<\/em>\u00a0<\/strong><a href=\"https:\/\/www.boattoursamana.com\/et\/Tours-Excursions\/tours-excursions-samana-bay-dominican-republic\/whale-watching-2020-in-punta-cana-to-samana-bay-cayo-levantado-bacardi-island-from-hotels\/\" data-mil=\"12004\">KLIKI SIIA.<\/a><\/p>\n<ul>\n<li>Vaalavaatlus Erareis<\/li>\n<li>Observatooriumi sissep\u00e4\u00e4sutasud<\/li>\n<li>Sisaldab l\u00f5unas\u00f6\u00f6ki Rootsi lauas rannas<\/li>\n<li>Privaatne transfeer hotellidest<\/li>\n<li>Privaatne paaditransport<\/li>\n<li>Kapten annab juhiseid ja j\u00e4relevalvet<\/li>\n<li>Giid<\/li>\n<\/ul>\n<p>&nbsp;<\/p>\n<h4><b>Kaasamised ja v\u00e4listused<\/b><\/h4>\n<p>&nbsp;<\/p>\n<p><b>Kaasamised<\/b><\/p>\n<ol>\n<li>L\u00f5unas\u00f6\u00f6k Rootsi lauas rannas<\/li>\n<li>Giid<\/li>\n<li>Transfer Auto<\/li>\n<li>Laevareis<\/li>\n<li>K\u00f5ik maksud, tasud ja k\u00e4itlustasud<\/li>\n<li>Kohalikud maksud<\/li>\n<li>Joogid<\/li>\n<\/ol>\n<p><b>V\u00e4listused<\/b><\/p>\n<ol>\n<li>Jootraha<\/li>\n<li>Alkohoolsed joogid<\/li>\n<\/ol>\n<p>&nbsp;<\/p>\n<h4><em><strong>V\u00e4ljumine ja tagasitulek<\/strong><\/em><\/h4>\n<p>Reisija saab p\u00e4rast broneerimisprotsessi kohtumispunkti. Ekskursioonid algavad ja l\u00f5ppevad kohtumispunktis.<\/p>\n<p>&nbsp;<\/p>\n<h4><b><i>Mida oodata?<\/i><\/b><\/h4>\n<p>&nbsp;<\/p>\n<p><em><strong>Hankige oma piletid<\/strong><\/em>\u00a0\u00fche p\u00e4eva vaalavaatlus privaatselt Cap Canast Samana laheni, lisaks imeline l\u00f5una- ja rannaaeg.<\/p>\n<p>Vaalavaatlusretke korraldab \u201cBooking Adventures\u201d, mis algab reisijuhiga m\u00e4\u00e4ratud kohtumispunktis. L\u00f5unas\u00f6\u00f6k rannas ja v\u00f5id viibida nii kaua, kui tahad ringi ujuda. Kui olete vegan, saame teile ka m\u00f5ned toidud valmistada.<\/p>\n<p><strong>Tunniplaan:<\/strong><\/p>\n<p>Paindlik<\/p>\n<p>&nbsp;<\/p>\n<h4><em><strong>Mida peaksite kaasa v\u00f5tma?<\/strong><\/em><\/h4>\n<ul>\n<li>Kaamera<\/li>\n<li>T\u00f5rjuvad pungad<\/li>\n<li>P\u00e4ikesekreem<\/li>\n<li>M\u00fcts<\/li>\n<li>Mugavad p\u00fcksid<\/li>\n<li>Sandaalid randa<\/li>\n<li>Ujumisriided<\/li>\n<li>Sularaha suveniiride eest<\/li>\n<\/ul>\n<p>&nbsp;<\/p>\n<h4><b><i>Hotelli j\u00e4reletulemine<\/i><\/b><\/h4>\n<p>Selle ekskursiooni hinna sees on hotelli vastutulemine. Tuleme j\u00e4rele mis tahes hotellist Punta Cana\/Cap Cana piirkonnas.<\/p>\n<p>&nbsp;<\/p>\n<p><b>M\u00e4rge:<\/b>\u00a0Kui broneerite 24 tunni jooksul p\u00e4rast ekskursiooni\/ekskursiooni v\u00e4ljumisaega, saame korraldada lisatasu eest hotelli pealetulemise. Kui teie ost on l\u00f5pule viidud, saadame teile meie kohaliku giidi t\u00e4ieliku kontaktteabe (telefoninumber, e-posti aadress jne), et korraldada kohaletoomise korraldamine.<\/p>\n<h4><b><i>Lisateabe kinnitus<\/i><\/b><\/h4>\n<ol>\n<li>Piletid on kviitung p\u00e4rast selle ekskursiooni tasumist. Saate n\u00e4idata makset oma telefonis.<\/li>\n<li>Kohtumispunkt v\u00f5etakse vastu p\u00e4rast broneerimisprotsessi.<\/li>\n<li>Lastega peab kaasas olema t\u00e4iskasvanu.<\/li>\n<li>ratastooliga ligip\u00e4\u00e4setav<\/li>\n<li>Imikud peavad istuma s\u00fcles<\/li>\n<li>Enamik reisijaid saab osaleda<\/li>\n<\/ol>\n<h4><b><i>T\u00fchistamispoliitika<\/i><\/b><\/h4>\n<p>T\u00e4ieliku raha tagasi saamiseks t\u00fchistage v\u00e4hemalt 24 tundi enne elamuse alguskuup\u00e4eva.<\/p>\n<\/div>\n<\/div>\n<\/div>\n<\/div>\n<\/div>\n<\/div>\n<div class=\"vc_row wpb_row vc_row-fluid\">\n<div class=\"wpb_column vc_column_container vc_col-sm-12\">\n<div class=\"vc_column-inner\">\n<div class=\"wpb_wrapper\">\n<div class=\"wpb_text_column wpb_content_element\">\n<div class=\"wpb_wrapper\">\n<h4>V\u00f5ta meiega \u00fchendust?<\/h4>\n<h5><b><i>TOUR VAALAD SAMANA<\/i><\/b><\/h5>\n<p><em><strong>Kohalikud<\/strong>\u00a0ja\u00a0<strong>Rahvuslased<\/strong>\u00a0Giidid ja k\u00fclalisteteenused<\/em><\/p>\n<p><span class=\"text-turquoise\">Reservid:<\/span>\u00a0\u00a0Tours y Excursiones en Dom. Reps.<\/p>\n<p><img decoding=\"async\" class=\"emoji\" draggable=\"false\" src=\"https:\/\/s.w.org\/images\/core\/emoji\/11.2.0\/svg\/1f4de.svg\" alt=\"\ud83d\udcde\" title=\"\">\u00a0Tel \/ Whatsapp\u00a0\u00a0\u00a0<a href=\"tel:+1-809-720-6035\">+ 1-809-720-6035<\/a>\u00a0.<\/p>\n<p data-wp-editing=\"1\"><a href=\"mailto:Reservabatour@gmail.com\"><img decoding=\"async\" class=\"emoji\" draggable=\"false\" src=\"https:\/\/s.w.org\/images\/core\/emoji\/11.2.0\/svg\/1f4e9.svg\" alt=\"\ud83d\udce9\" title=\"\"> Reservabatour@gmail.com<\/a><\/p>\n<p>&nbsp;<\/p>\n<\/div>\n<\/div>\n<\/div>\n<\/div>\n<\/div>\n<\/div>\n\n\t\t<\/div>\n\t<\/div>\n<div class=\"vc_btn3-container vc_btn3-inline\" ><a class=\"vc_general vc_btn3 vc_btn3-size-md vc_btn3-shape-rounded vc_btn3-style-modern vc_btn3-color-green\" href=\"https:\/\/bookingadventures.tours\/booking.php?tour_id=6ed21424a849c63fc6398949d1f80266\" title=\"\" rel=\"noopener\">BRONEERI KOHE<\/a><\/div><\/div><\/div><\/div><\/div>","protected":false},"excerpt":{"rendered":"<p>Broneerige oma reis vaalade vaatlemiseks alates Cap Canast erareisil koos professionaalsete keskkonnakaitsjate giididega. Kui soovite meiega n\u00f5u saamiseks \u00fchendust v\u00f5tta, saatke e-kiri, Whatsapp v\u00f5i k\u00f5ned. Palume piletid eelnevalt broneerida. Vaalahooajal on palju broneeringuid ja soovime, et teie piletid oleksid teie jaoks turvalised.<\/p>\n<p>M\u00e4rkus. See on privaatne ringreis, mille minimaalne makse on 4 . Kui teid on v\u00e4hem kui 4 inimest, v\u00f5tke meiega \u00fchendust ja saadame teile lingi, kust saate selle tuuri broneerida. Vaalavaatlusgrupiga liitumiseks hotellist j\u00e4reletulemisega kl\u00f5psa SIIA.<\/p>\n<p><strong>Pange t\u00e4hele: imikud (0\u201323 kuud) tasuta, lapsed (2\u201310 aastat)<\/strong><\/p>\n<p><em><strong>Valige ekskursiooni kuup\u00e4ev:<\/strong><\/em><\/p>","protected":false},"featured_media":13304,"template":"","meta":[],"product_cat":[948,655,854,855,971,968,856,662,942,664],"product_tag":[296,682,683,186,667,342,668,524,669,276,274,525,670],"class_list":["post-12004","product","type-product","status-publish","has-post-thumbnail","hentry","product_cat-1-punta-cana","product_cat-1-samana","product_cat-cap-cana-whale-watching","product_cat-outdoor-activities","product_cat-punta-cana-private-tours","product_cat-punta-cana-whale-watching","product_cat-water-activities","product_cat-whale-watching","product_cat-whale-watching-private-tours","product_cat-whale-watching-punta-cana","product_tag-day-trip-punta-cana","product_tag-private-punta-cana","product_tag-punta-cana-whale-watching","product_tag-samana","product_tag-samana-tour","product_tag-samana-whale-watching","product_tag-whale","product_tag-whale-punta-cana","product_tag-whale-sabana-de-la-mar","product_tag-whale-samana","product_tag-whale-watching-dominican-republic","product_tag-whale-watching-punta-cana","product_tag-whales-trips"],"_links":{"self":[{"href":"https:\/\/www.boattoursamana.com\/et\/wp-json\/wp\/v2\/product\/12004","targetHints":{"allow":["GET"]}}],"collection":[{"href":"https:\/\/www.boattoursamana.com\/et\/wp-json\/wp\/v2\/product"}],"about":[{"href":"https:\/\/www.boattoursamana.com\/et\/wp-json\/wp\/v2\/types\/product"}],"wp:featuredmedia":[{"embeddable":true,"href":"https:\/\/www.boattoursamana.com\/et\/wp-json\/wp\/v2\/media\/13304"}],"wp:attachment":[{"href":"https:\/\/www.boattoursamana.com\/et\/wp-json\/wp\/v2\/media?parent=12004"}],"wp:term":[{"taxonomy":"product_cat","embeddable":true,"href":"https:\/\/www.boattoursamana.com\/et\/wp-json\/wp\/v2\/product_cat?post=12004"},{"taxonomy":"product_tag","embeddable":true,"href":"https:\/\/www.boattoursamana.com\/et\/wp-json\/wp\/v2\/product_tag?post=12004"}],"curies":[{"name":"wp","href":"https:\/\/api.w.org\/{rel}","templated":true}]}}