{"id":12453,"date":"2021-03-27T19:17:04","date_gmt":"2021-03-27T19:17:04","guid":{"rendered":"https:\/\/www.ticketswhales.com\/?post_type=product&#038;p=12453"},"modified":"2023-11-07T20:26:43","modified_gmt":"2023-11-07T20:26:43","slug":"los-haitises-tainos-canoe-mountain-bike-tour","status":"publish","type":"product","link":"https:\/\/www.boattoursamana.com\/et\/ringreis\/los-haitises-tainos-kanuu-magirattaretk","title":{"rendered":"Maastikurattad + Taino kanuu Los Haitises"},"content":{"rendered":"<div class=\"vc_row wpb_row vc_row-fluid\" ><div class=\"wpb_column vc_column_container vc_col-sm-12\"><div class=\"vc_column-inner\"><div class=\"wpb_wrapper\"><div class=\"vc_btn3-container vc_btn3-inline\" ><button class=\"vc_general vc_btn3 vc_btn3-size-md vc_btn3-shape-rounded vc_btn3-style-modern vc_btn3-color-green\">BRONEERI KOHE<\/button><\/div>\n\t<div class=\"wpb_text_column wpb_content_element\" >\n\t\t<div class=\"wpb_wrapper\">\n\t\t\t<p><span style=\"vertical-align: inherit;\"><span style=\"vertical-align: inherit;\"><\/p>\n\n\t\t<\/div>\n\t<\/div>\n\n\t<div class=\"wpb_text_column wpb_content_element\" >\n\t\t<div class=\"wpb_wrapper\">\n\t\t\t<p><\/span><\/span><\/p>\n<h2>Maastikurattad + Taino kanuu Los Haitises<\/h2>\n<p>&nbsp;<\/p>\n<p>Reisige koos kohaliku eksperdiga ja saage Sabana de la Marist alustades ainulaadset rattas\u00f5idukogemust. See ringreis viib teid Dominikaani Vabariigi kauni maastikuga tutvuma. Rattaga s\u00f5ites saate tere \u00f6elda! talunikele, kes s\u00f5idavad oma hobuste v\u00f5i mootorrattaga oma kinnistule, ja ekskursiooni ajal saate Sabana de la Marist avastada seiklusi ja kohalikku kultuuri. M\u00f5ned faktid Los Haitisese kohta: on \u00fcks suurimaid lubjakivimoodustisi maailmas, koht endeemiliste liikide kaitseks, Asukoht, kus on suurem osa saare bioloogilisest mitmekesisusest, on \u00fcks Quisqueya suurimaid mangroovimetsi ja koobas, millel on k\u00f5ige rohkem Kariibi mere piirkonda.<\/p>\n<p>Kas tunnete huvi Ta\u00edno igap\u00e4evaelu vastu? Tegevuse Taino Adventure abil viiakse teid ajas tagasi, et kogeda Dominikaani Vabariigi p\u00f5lisrahvaste maailma.<\/p>\n<p>Kanuu oli vaieldamatult Ta\u00ednode elu k\u00f5ige olulisem osa. Sellega p\u00fc\u00fcti kala, reisiti v\u00e4iksematele saartele, suheldi teiste h\u00f5imudega ja k\u00fclastati \u0161amaane rituaale, tervendamist ja ennustamist. Booking Adventuresis tahame teid sukelduda Ta\u00ednose maailma.<\/p>\n<p>&nbsp;<\/p>\n<h4><a id=\"inclusions-exclusions\" class=\"aal_anchor\" href=\"https:\/\/bookingadventures.com.do\/dominicantour\/mountain-bikes-tainos-canoe-los-haitises\/#inclusions-exclusions\" aria-hidden=\"true\" rel=\"noopener\"><\/a><b>Kaasamised ja v\u00e4listused<\/b><\/h4>\n<p><b>Kaasamised<\/b><\/p>\n<ol>\n<li>Kanuumatk<\/li>\n<li>maastikurattad<\/li>\n<li>Tasuta T-s\u00e4rk Taino pildiga<\/li>\n<li>Casabe leiva maitse<\/li>\n<li>Koobasmatkad<\/li>\n<li>K\u00f5ik maksud, tasud ja k\u00e4itlustasud<\/li>\n<li>Kohalikud maksud<\/li>\n<li>Kohalik giid<\/li>\n<\/ol>\n<p><b>V\u00e4listused<\/b><\/p>\n<ol>\n<li>Jootraha<\/li>\n<li>\u00dclekanne<\/li>\n<li>L\u00f5unas\u00f6\u00f6k ei ole hinna sees<\/li>\n<li>Alkohoolsed joogid<\/li>\n<\/ol>\n<p>&nbsp;<\/p>\n<h4><a id=\"departure-return\" class=\"aal_anchor\" href=\"https:\/\/bookingadventures.com.do\/dominicantour\/mountain-bikes-tainos-canoe-los-haitises\/#departure-return\" aria-hidden=\"true\" rel=\"noopener\"><\/a><em><strong>V\u00e4ljumine ja tagasitulek<\/strong><\/em><\/h4>\n<p>Reisija saab p\u00e4rast broneerimisprotsessi kohtumispunkti. Ekskursioonid algavad ja l\u00f5ppevad meie kohtumispunktides.<\/p>\n<h4><a id=\"what-to-expect\" class=\"aal_anchor\" href=\"https:\/\/bookingadventures.com.do\/dominicantour\/mountain-bikes-tainos-canoe-los-haitises\/#what-to-expect\" aria-hidden=\"true\" rel=\"noopener\"><\/a><b><i>Mida oodata?<\/i><\/b><\/h4>\n<p>Selle tegevuse k\u00e4igus asute teele k\u00e4sitsi valmistatud kanuudega, nagu tegid Ta\u00ednod. Kuulete paljusid helisid, mis t\u00e4histasid nende seost loodusega: kurgede h\u00fc\u00fcd, krabide kastmine vette ja lainete \u00f5rn loksumine vastu looduslikke kivimoodustisi. Mangroovide juurte kaared meenutavad teile katedraale ja t\u00f5epoolest, Ta\u00ednod (kuigi neil polnud kirikuid) olid s\u00fcgavalt vaimsed. Kui olete meie giidiga teele asunud, saate nautida mangroovide lindude, roomajate ja kalade rikkalikku valikut. H\u00e4mmastas hommikuvalguses silma pilgutavate lainete s\u00e4delust, kauguses asuvaid Saman\u00e1 m\u00e4gesid ja \u00f5\u00f5tsuvate palmide smaragdrohelist v\u00e4rvi.<\/p>\n<p>J\u00e4rgmisena saate k\u00fclastada m\u00f5ningaid koopaid, mis olid Ta\u00ednose jaoks eriti olulised. Nad r\u00e4ndasid koopast koopasse, k\u00fclastasid tarku mehi, varjusid orkaanide eest ja kohtusid teiste h\u00f5imudega. Kui olete koobastes, saate hinnata ruumi vaikust ja p\u00fchitsetud aurat. N\u00e4ete m\u00f5ningaid kivinikerdusi, mida nimetatakse petrogl\u00fc\u00fcfideks, mis esindavad nende jumalusi ja vaime. L\u00f5puks saate maitsta samu troopilisi puuvilju, mille Ta\u00ednos kogus enne kohtumispaika naasmist.<\/p>\n<p>Sellel ekskursioonil kirjeldavad meie asjatundlikud giidid kanuu paljusid kasutusviise, kuidas Tainos elasid enne Kolumbuse aega ja kuidas mangroovimets on keskkonna tervise jaoks h\u00e4davajalik.<\/p>\n<p>&nbsp;<\/p>\n<h4><a id=\"what-you-should-bring\" class=\"aal_anchor\" href=\"https:\/\/bookingadventures.com.do\/dominicantour\/mountain-bikes-tainos-canoe-los-haitises\/#what-you-should-bring\" aria-hidden=\"true\" rel=\"noopener\"><\/a><em><strong>Mida peaksite kaasa v\u00f5tma?<\/strong><\/em><\/h4>\n<ul>\n<li>Kaamera<\/li>\n<li>T\u00f5rjuvad pungad<\/li>\n<li>p\u00e4ikesekreem<\/li>\n<li>M\u00fcts<\/li>\n<li>Mugavad p\u00fcksid<\/li>\n<li>Sandaalid v\u00f5i jalan\u00f5ud poristele aladele.<\/li>\n<li>Ujumisriided<\/li>\n<\/ul>\n<p>&nbsp;<\/p>\n<h4><a id=\"hotel-pickup\" class=\"aal_anchor\" href=\"https:\/\/bookingadventures.com.do\/dominicantour\/mountain-bikes-tainos-canoe-los-haitises\/#hotel-pickup\" aria-hidden=\"true\" rel=\"noopener\"><\/a><b><i>Hotelli j\u00e4reletulemine<\/i><\/b><\/h4>\n<p>Selle ekskursiooni puhul hotelli vastutulemist ei pakuta.<\/p>\n<p><b>M\u00e4rge:<\/b>\u00a0Kui broneerite 24 tunni jooksul p\u00e4rast ekskursiooni\/ekskursiooni v\u00e4ljumisaega, saame korraldada lisatasu eest hotelli pealetulemise. Kui teie ost on l\u00f5pule viidud, saadame teile meie kohaliku giidi t\u00e4ieliku kontaktteabe (telefoninumber, e-posti aadress jne), et korraldada kohaletoomise korraldamine.<\/p>\n<h4><a id=\"additional-info-confirmation\" class=\"aal_anchor\" href=\"https:\/\/bookingadventures.com.do\/dominicantour\/mountain-bikes-tainos-canoe-los-haitises\/#additional-info-confirmation\" aria-hidden=\"true\" rel=\"noopener\"><\/a><b><i>Lisateabe kinnitus<\/i><\/b><\/h4>\n<ol>\n<li>Piletid on kviitung p\u00e4rast selle ekskursiooni tasumist. Saate n\u00e4idata makset oma telefonis.<\/li>\n<li>Kohtumispunkt v\u00f5etakse vastu p\u00e4rast broneerimisprotsessi.<\/li>\n<li>Lastega peab kaasas olema t\u00e4iskasvanu.<\/li>\n<li>Pole ratastooliga ligip\u00e4\u00e4setav<\/li>\n<li>Imikud peavad istuma s\u00fcles<\/li>\n<li>Ei soovitata seljaprobleemidega reisijatele<\/li>\n<li>Ei soovitata rasedatele reisijatele<\/li>\n<li>Puuduvad s\u00fcdameprobleemid ega muud t\u00f5sised haigusseisundid<\/li>\n<li>Enamik reisijaid saab osaleda<\/li>\n<\/ol>\n\n\t\t<\/div>\n\t<\/div>\n<\/div><\/div><\/div><\/div><div class=\"wpb_column vc_column_container vc_col-sm-12\"><div class=\"vc_column-inner\"><div class=\"wpb_wrapper\"><\/div><\/div><\/div><div class=\"wpb_column vc_column_container vc_col-sm-12\"><div class=\"vc_column-inner\"><div class=\"wpb_wrapper\"><\/div><\/div><\/div><div class=\"wpb_column vc_column_container vc_col-sm-12\"><div class=\"vc_column-inner\"><div class=\"wpb_wrapper\"><\/div><\/div><\/div><div class=\"wpb_column vc_column_container vc_col-sm-12\"><div class=\"vc_column-inner\"><div class=\"wpb_wrapper\"><\/div><\/div><\/div><div class=\"wpb_column vc_column_container vc_col-sm-12\"><div class=\"vc_column-inner\"><div class=\"wpb_wrapper\"><\/div><\/div><\/div>","protected":false},"excerpt":{"rendered":"<p><span style=\"font-weight: 400;\"><span style=\"vertical-align: inherit;\"><span style=\"vertical-align: inherit;\">Selles tegevuses asute teele k\u00e4sit\u00f6\u00f6na valmistatud kanuudega, nagu tegid Taino. Kuulete paljusid helisid, mis t\u00e4histasid nende seost loodusega: kurgede h\u00fc\u00fcd, krabide kastmine vette ja lainete \u00f5rn loksumine vastu looduslikke kivimoodustisi. Mangroovide juurte kaared meenutavad teile katedraale ja tegelikult olid tainos (kuigi neil polnud kirikuid) s\u00fcgavalt vaimsed. <\/span><\/span><\/span><\/p>\n<p><span style=\"font-weight: 400;\"><span style=\"vertical-align: inherit;\"><span style=\"vertical-align: inherit;\"> Kui olete meie giidiga teele asunud, saate nautida mangroovide rikkalikku lindude, roomajate ja kalade valikut. Pimestanud hommikuvalguses virvendavate lainete s\u00e4delus, kauguses olevad Samana m\u00e4ed ja \u00f5\u00f5tsuvate palmipuude smaragdroheline v\u00e4rv.\u00a0<\/span><\/span><\/span><\/p>\n<p><strong>Valige ringk\u00e4igu kuup\u00e4ev:<\/strong><\/p>","protected":false},"featured_media":12221,"template":"","meta":[],"product_cat":[838,946,867,930,926,254,255],"product_tag":[176,211,868,869,192,319,208,206,207,171,877,209,426,837,327,175,199,200],"class_list":["post-12453","product","type-product","status-publish","has-post-thumbnail","hentry","product_cat-mangroves-projects","product_cat-1-sabana-de-la-mar","product_cat-los-haitises","product_cat-mountain-bike-los-haitises","product_cat-tainos-canoes","product_cat-tours-excursions-los-haitises-national-park","product_cat-tours-excursions-samana-bay-dominican-republic","product_tag-cano-hondo","product_tag-cano-hondo-hotel","product_tag-canoes","product_tag-canoes-dominican-republic","product_tag-day-tour-cano-hondo","product_tag-kayak-dominican-republic","product_tag-kayaking-dominican-republic","product_tag-kayaking-los-haitises","product_tag-kayaks","product_tag-los-haitises","product_tag-los-haitises-mountain-bike","product_tag-los-haitises-national-park","product_tag-los-haitises-tours","product_tag-mangroves-reforestation-in-los-haitises-with-locals","product_tag-private-tours-samana","product_tag-sabana-de-la-mar","product_tag-samana-bay","product_tag-samana-excursions"],"_links":{"self":[{"href":"https:\/\/www.boattoursamana.com\/et\/wp-json\/wp\/v2\/product\/12453","targetHints":{"allow":["GET"]}}],"collection":[{"href":"https:\/\/www.boattoursamana.com\/et\/wp-json\/wp\/v2\/product"}],"about":[{"href":"https:\/\/www.boattoursamana.com\/et\/wp-json\/wp\/v2\/types\/product"}],"wp:featuredmedia":[{"embeddable":true,"href":"https:\/\/www.boattoursamana.com\/et\/wp-json\/wp\/v2\/media\/12221"}],"wp:attachment":[{"href":"https:\/\/www.boattoursamana.com\/et\/wp-json\/wp\/v2\/media?parent=12453"}],"wp:term":[{"taxonomy":"product_cat","embeddable":true,"href":"https:\/\/www.boattoursamana.com\/et\/wp-json\/wp\/v2\/product_cat?post=12453"},{"taxonomy":"product_tag","embeddable":true,"href":"https:\/\/www.boattoursamana.com\/et\/wp-json\/wp\/v2\/product_tag?post=12453"}],"curies":[{"name":"wp","href":"https:\/\/api.w.org\/{rel}","templated":true}]}}