{"id":12454,"date":"2021-03-28T05:56:11","date_gmt":"2021-03-28T05:56:11","guid":{"rendered":"https:\/\/www.ticketswhales.com\/?post_type=product&#038;p=12454"},"modified":"2023-11-07T20:22:58","modified_gmt":"2023-11-07T20:22:58","slug":"altos-de-cano-hondo-mountain-bike-tour","status":"publish","type":"product","link":"https:\/\/www.boattoursamana.com\/et\/ringreis\/altos-de-cano-hondo-maastikurattaretk","title":{"rendered":"Altos de Ca\u00f1o Hondo + maastikurattaretk"},"content":{"rendered":"<div class=\"vc_row wpb_row vc_row-fluid\" ><div class=\"wpb_column vc_column_container vc_col-sm-12\"><div class=\"vc_column-inner\"><div class=\"wpb_wrapper\"><div class=\"vc_empty_space\"   style=\"height: 32px\"><span class=\"vc_empty_space_inner\"><\/span><\/div><\/div><\/div><\/div><\/div><div class=\"vc_row wpb_row vc_row-fluid\" ><div class=\"wpb_column vc_column_container vc_col-sm-12\"><div class=\"vc_column-inner\"><div class=\"wpb_wrapper\"><div class=\"vc_btn3-container vc_btn3-inline\" ><button class=\"vc_general vc_btn3 vc_btn3-size-md vc_btn3-shape-rounded vc_btn3-style-modern vc_btn3-color-green\">BRONEERI KOHE<\/button><\/div>\n\t<div class=\"wpb_text_column wpb_content_element\" >\n\t\t<div class=\"wpb_wrapper\">\n\t\t\t<h2 class=\"serp-title capitalize\">Altos de Cano Hondo ja maastikurattaretk<\/h2>\n<h4><b><i>\u00dclevaade<\/i><\/b><\/h4>\n<p><span style=\"font-weight: 400;\">Reisige koos kohaliku eksperdiga ja saage Sabana de la Marist alustades ainulaadset jalgrattas\u00f5idu kogemust. See ringreis viib teid ringi, et n\u00e4ha Dominikaani Vabariigi kaunist maastikku. Rattaga s\u00f5ites saate tere \u00f6elda! talunikele, kes s\u00f5idavad hobuste v\u00f5i mootorrattaga oma kinnistule, ja ekskursiooni ajal saate Sabana de la Mari seiklustest ja kohalikust kultuurist v\u00e4lja tulla. Selle linna asutasid ametlikult 1756. aastal umbes \u00fcksteist (11) kohale tulnud perekonda Kanaari saartelt Hispaanias. Sabana de la Mari peamised majandustegevused on p\u00f5llumajandus, \u00f6koturism ja kalap\u00fc\u00fck.\u00a0<\/span><\/p>\n<p>&nbsp;<\/p>\n<p><span style=\"font-weight: 400;\">Kaasamised ja v\u00e4listused<\/span><\/p>\n<p>&nbsp;<\/p>\n<p><span style=\"font-weight: 400;\">Kaasamised<\/span><\/p>\n<p>&nbsp;<\/p>\n<p><span style=\"font-weight: 400;\">Jalgrattas\u00f5it<\/span><\/p>\n<p>L\u00f5unas\u00f6\u00f6k kohalikega<\/p>\n<p><span style=\"font-weight: 400;\">Altos de Ca\u00f1o Hondo ja looduslikud basseinid<\/span><\/p>\n<p><span style=\"font-weight: 400;\">K\u00f5ik maksud, tasud ja k\u00e4itlustasud<\/span><\/p>\n<p><span style=\"font-weight: 400;\">Kohalikud maksud<\/span><\/p>\n<p><span style=\"font-weight: 400;\">Ametnikud \u00d6koloogid juhendavad inglise\/hispaania keeles<\/span><\/p>\n<p>&nbsp;<\/p>\n<p><span style=\"font-weight: 400;\">V\u00e4listused<\/span><\/p>\n<p>&nbsp;<\/p>\n<p><span style=\"font-weight: 400;\">Jootraha<\/span><\/p>\n<p><span style=\"font-weight: 400;\">\u00dclekanne<\/span><\/p>\n<p><span style=\"font-weight: 400;\">Jook<\/span><\/p>\n<p>&nbsp;<\/p>\n<p><span style=\"font-weight: 400;\">V\u00e4ljumine ja tagasitulek<\/span><\/p>\n<p>&nbsp;<\/p>\n<p><span style=\"font-weight: 400;\">Broneeringu seikluste korraldatav ringreis algab reisijuhi v\u00f5i personaliliikmega m\u00e4\u00e4ratud kohtumispaigas. Reisija saab p\u00e4rast broneerimisprotsessi kohtumispunkti. Ekskursioonid algavad ja l\u00f5pevad meie kohtumispunktides.<\/span><\/p>\n<p>&nbsp;<\/p>\n<p><span style=\"font-weight: 400;\">Mida oodata?<\/span><\/p>\n<p><span style=\"font-weight: 400;\">Hankige Sabana de la Mari pilet jalgrattas\u00f5idule ja Altos de Cano Hondole ning looduslikele basseinidele<\/span><\/p>\n<p>&nbsp;<\/p>\n<p><span style=\"font-weight: 400;\">See ekskursioon algab kohtumiskohast, mille peate enne mis tahes asukohta suundumist kinnitama meie reisib\u00fcroode v\u00f5i oma giidiga. Kui olete oma giidiga kohtunud, saate \u00fclevaate ringk\u00e4igust ja k\u00f5igest, mis on teie p\u00e4evaga seotud.<\/span><\/p>\n<p><span style=\"font-weight: 400;\">Kui k\u00f5ik on valmis, suundume Altos de Cano Hondo ja Natural Poolsi juurde, kus alustate jalgsimatka, et vaadata selle seikluse ajal ajakirja Forbes poolt maailma 10 parimat \u00f6koturismi sihtpunkti. sellest \u00f6koloodist.\u00a0<\/span><\/p>\n<p><span style=\"font-weight: 400;\">Cano Hondo on nimi, mille on pannud piirkonna kohalikud p\u00f5llumehed ja see nimi tuleneb asukoha geograafia t\u00fc\u00fcbist, see koht asub allpool merepinda ja seal on v\u00e4ikesed allikad, nagu Jivales ja Cano Hondo, mis tulevad maa-alusest j\u00f5est otse Los Haitisese m\u00e4gi.\u00a0<\/span><\/p>\n<p><span style=\"font-weight: 400;\">Selle reisi osa jooksul k\u00fclastate Altos de Cano Hondot, mis asub Los Haitisese rahvuspargi k\u00f5rval, mis on \u00fcks riigi suurimaid rahvusparke, mille pindala on \u00fcle 1600 km2 ja \u00fcks maailma suurimaid lubjakivimoodustisi.\u00a0<\/span><\/p>\n<p>&nbsp;<\/p>\n<p><span style=\"font-weight: 400;\">P\u00e4rast Altos de Cano Hondo jalutusk\u00e4iku valmistuge enne l\u00f5unat looduslikes basseinides h\u00fcppama ja p\u00e4rast l\u00f5unas\u00f6\u00f6ki suundute tagasi Sabana de la Mari. P\u00e4rast 4 tundi ja pool tundi Cano Hondos tegutsemist alustame oma m\u00e4el s\u00f5itmist. rattaga tagasi Sabana de la Mari, see ekskursioon l\u00f5peb samas kohas, kus algas.<\/span><\/p>\n<p>&nbsp;<\/p>\n<p><span style=\"font-weight: 400;\">M\u00e4rkus. Need ekskursioonid on koos ametnike \u00f6koloogide reisijuhtidega. Palun broneerige aeg, sest pargis ei ole liiga palju spetsialiste.<\/span><\/p>\n<p>&nbsp;<\/p>\n<p>&nbsp;<\/p>\n<p><span style=\"font-weight: 400;\">Mida peaksite kaasa v\u00f5tma?<\/span><\/p>\n<ul>\n<li style=\"font-weight: 400;\" aria-level=\"1\"><span style=\"font-weight: 400;\">Kaamera<\/span><\/li>\n<li style=\"font-weight: 400;\" aria-level=\"1\"><span style=\"font-weight: 400;\">T\u00f5rjuvad pungad<\/span><\/li>\n<li style=\"font-weight: 400;\" aria-level=\"1\"><span style=\"font-weight: 400;\">p\u00e4ikesekreem<\/span><\/li>\n<li style=\"font-weight: 400;\" aria-level=\"1\"><span style=\"font-weight: 400;\">Mugavad p\u00fcksid<\/span><\/li>\n<li style=\"font-weight: 400;\" aria-level=\"1\"><span style=\"font-weight: 400;\">Jooksukingad\u00a0<\/span><\/li>\n<\/ul>\n<p>&nbsp;<\/p>\n<h4><b><i>Hotelli j\u00e4reletulemine <\/i><\/b><\/h4>\n<p><span style=\"font-weight: 400;\">Selle ekskursiooni puhul hotelli vastutulemist ei pakuta. <\/span><\/p>\n<p><b>M\u00e4rge:<\/b><span style=\"font-weight: 400;\"> Kui broneerite 24 tunni jooksul p\u00e4rast ekskursiooni\/ekskursiooni v\u00e4ljumisaega, saame korraldada lisatasu eest hotelli pealetulemise. Kui teie ost on l\u00f5pule viidud, saadame teile meie kohaliku giidi t\u00e4ieliku kontaktteabe (telefoninumber, e-posti aadress jne), et korraldada kohaletoomise korraldamine.<\/span><\/p>\n<h4><b><i>Lisateabe kinnitus <\/i><\/b><\/h4>\n<ol>\n<li>Piletid on kviitung p\u00e4rast selle ekskursiooni tasumist. Saate n\u00e4idata makset oma telefonis.<\/li>\n<li style=\"font-weight: 400;\"><span style=\"font-weight: 400;\">Kohtumispunkt v\u00f5etakse vastu p\u00e4rast broneerimisprotsessi.<\/span><\/li>\n<li style=\"font-weight: 400;\"><span style=\"font-weight: 400;\">Lastega peab kaasas olema t\u00e4iskasvanu.<\/span><\/li>\n<li style=\"font-weight: 400;\"><span style=\"font-weight: 400;\"> Pole ratastooliga ligip\u00e4\u00e4setav <\/span><\/li>\n<li style=\"font-weight: 400;\"><span style=\"font-weight: 400;\">Imikud peavad istuma s\u00fcles <\/span><\/li>\n<li style=\"font-weight: 400;\"><span style=\"font-weight: 400;\">Ei soovitata seljaprobleemidega reisijatele<\/span><\/li>\n<li style=\"font-weight: 400;\"><span style=\"font-weight: 400;\">Ei soovitata rasedatele reisijatele <\/span><\/li>\n<li style=\"font-weight: 400;\"><span style=\"font-weight: 400;\"> Puuduvad s\u00fcdameprobleemid ega muud t\u00f5sised haigusseisundid <\/span><\/li>\n<li style=\"font-weight: 400;\"><span style=\"font-weight: 400;\">Enamik reisijaid saab osaleda<\/span><\/li>\n<\/ol>\n<h4><b><i>T\u00fchistamispoliitika<\/i><\/b><\/h4>\n<p>T\u00e4ieliku tagasimakse saamiseks lugege palun meie t\u00fchistamiseeskirju\u00a0<a href=\"https:\/\/www.boattoursamana.com\/et\/online-broneerimine\/\" target=\"_blank\" rel=\"noopener\" data-saferedirecturl=\"https:\/\/www.google.com\/url?q=https:\/\/www.boattoursamana.com\/online-booking\/&amp;source=gmail&amp;ust=1672449202351000&amp;usg=AOvVaw1yAeVAPktmaVCqDujgUn90\">Kliki siia<\/a>. Vahendid l\u00e4hevad kaotsi, kui broneering t\u00fchistatakse samal reisip\u00e4eval.<\/p>\n\n\t\t<\/div>\n\t<\/div>\n<\/div><\/div><\/div><\/div><div class=\"vc_row wpb_row vc_row-fluid\" ><div class=\"wpb_column vc_column_container vc_col-sm-12\"><div class=\"vc_column-inner\"><div class=\"wpb_wrapper\"><div class=\"vc_empty_space\"   style=\"height: 32px\"><span class=\"vc_empty_space_inner\"><\/span><\/div>\n\t<div class=\"wpb_text_column wpb_content_element\" >\n\t\t<div class=\"wpb_wrapper\">\n\t\t\t<h4>V\u00f5ta meiega \u00fchendust?<\/h4>\n<h5>Seikluste broneerimine<\/h5>\n<p><em><strong>Kohalikud<\/strong>\u00a0ja\u00a0<strong>Rahvuslased<\/strong>\u00a0Giidid ja k\u00fclalisteteenused<\/em><\/p>\n<p><span class=\"text-turquoise\">Broneeringud:<\/span>\u00a0Reisid ja ekskursioonid Domis. Rep.<\/p>\n<p><img decoding=\"async\" class=\"emoji\" draggable=\"false\" src=\"https:\/\/s.w.org\/images\/core\/emoji\/11.2.0\/svg\/1f4de.svg\" alt=\"\ud83d\udcde\" title=\"\">\u00a0Tel \/ Whatsapp\u00a0\u00a0<a href=\"tel:+1-809-720-6035\">+1-809-720-6035<\/a>.<\/p>\n<p><img decoding=\"async\" class=\"emoji\" draggable=\"false\" src=\"https:\/\/s.w.org\/images\/core\/emoji\/11.2.0\/svg\/1f4e9.svg\" alt=\"\ud83d\udce9\" title=\"\">\u00a0<a href=\"mailto:info@bookingadventures.com.do\">info@bookingadventures.com.do<\/a><\/p>\n<p><strong>Me korraldame paindlikult Whatsapi privaatreise:\u00a0<a href=\"tel:+18097206035\">+18097206035.<\/a><\/strong><\/p>\n\n\t\t<\/div>\n\t<\/div>\n<div class=\"vc_empty_space\"   style=\"height: 32px\"><span class=\"vc_empty_space_inner\"><\/span><\/div><\/div><\/div><\/div><\/div><div class=\"vc_row wpb_row vc_row-fluid\" ><div class=\"wpb_column vc_column_container vc_col-sm-12\"><div class=\"vc_column-inner\"><div class=\"wpb_wrapper\"><div class=\"vc_btn3-container vc_btn3-inline\" ><button class=\"vc_general vc_btn3 vc_btn3-size-md vc_btn3-shape-rounded vc_btn3-style-modern vc_btn3-color-green\">BRONEERI KOHE<\/button><\/div><\/div><\/div><\/div><\/div>","protected":false},"excerpt":{"rendered":"<p><span style=\"font-weight: 400;\">Cano Hondo on nimi, mille on pannud piirkonna kohalikud p\u00f5llumehed ja see nimi tuleneb asukoha geograafia t\u00fc\u00fcbist, see koht asub allpool merepinda ja seal on v\u00e4ikesed allikad, nagu Jivales ja Cano Hondo, mis tulevad maa-alusest j\u00f5est otse Los Haitisese m\u00e4gi.\u00a0<\/span><\/p>\n<p>Selle reisi osa jooksul k\u00fclastate Altos de Cano Hondot, mis asub Los Haitisese rahvuspargi k\u00f5rval, mis on \u00fcks riigi suurimaid rahvusparke, mille pindala on \u00fcle 1600 km2 ja \u00fcks maailma suurimaid lubjakivimoodustisi.<\/p>\n<p>P\u00e4rast Altos de Cano Hondo jalutusk\u00e4iku valmistuge enne l\u00f5unat looduslikesse basseinidesse h\u00fcppama ja p\u00e4rast l\u00f5unas\u00f6\u00f6ki naasete Sabana de la Mari. P\u00e4rast 4 ja pool tundi Cano Hondos tegutsemist j\u00f5uame tagasi <span style=\"font-weight: 400;\"><span style=\"vertical-align: inherit;\"><span style=\"vertical-align: inherit;\">Sabana. de la m\u00e4rts.<\/span><\/span><\/span><\/p>\n<p>&nbsp;<\/p>\n<p><em><strong>Valige ringk\u00e4igu kuup\u00e4ev:<\/strong><\/em><\/p>","protected":false},"featured_media":13214,"template":"","meta":[],"product_cat":[878,946,930,933],"product_tag":[879,176,211,868,869,192,319,208,206,207,171,877,209,426,837,327,175,199,200],"class_list":["post-12454","product","type-product","status-publish","has-post-thumbnail","hentry","product_cat-altos-de-cano-hondo","product_cat-1-sabana-de-la-mar","product_cat-mountain-bike-los-haitises","product_cat-natural-pools-los-haitises","product_tag-altos-de-cano-hondo","product_tag-cano-hondo","product_tag-cano-hondo-hotel","product_tag-canoes","product_tag-canoes-dominican-republic","product_tag-day-tour-cano-hondo","product_tag-kayak-dominican-republic","product_tag-kayaking-dominican-republic","product_tag-kayaking-los-haitises","product_tag-kayaks","product_tag-los-haitises","product_tag-los-haitises-mountain-bike","product_tag-los-haitises-national-park","product_tag-los-haitises-tours","product_tag-mangroves-reforestation-in-los-haitises-with-locals","product_tag-private-tours-samana","product_tag-sabana-de-la-mar","product_tag-samana-bay","product_tag-samana-excursions"],"_links":{"self":[{"href":"https:\/\/www.boattoursamana.com\/et\/wp-json\/wp\/v2\/product\/12454","targetHints":{"allow":["GET"]}}],"collection":[{"href":"https:\/\/www.boattoursamana.com\/et\/wp-json\/wp\/v2\/product"}],"about":[{"href":"https:\/\/www.boattoursamana.com\/et\/wp-json\/wp\/v2\/types\/product"}],"wp:featuredmedia":[{"embeddable":true,"href":"https:\/\/www.boattoursamana.com\/et\/wp-json\/wp\/v2\/media\/13214"}],"wp:attachment":[{"href":"https:\/\/www.boattoursamana.com\/et\/wp-json\/wp\/v2\/media?parent=12454"}],"wp:term":[{"taxonomy":"product_cat","embeddable":true,"href":"https:\/\/www.boattoursamana.com\/et\/wp-json\/wp\/v2\/product_cat?post=12454"},{"taxonomy":"product_tag","embeddable":true,"href":"https:\/\/www.boattoursamana.com\/et\/wp-json\/wp\/v2\/product_tag?post=12454"}],"curies":[{"name":"wp","href":"https:\/\/api.w.org\/{rel}","templated":true}]}}