{"id":12607,"date":"2021-07-16T05:50:21","date_gmt":"2021-07-16T05:50:21","guid":{"rendered":"https:\/\/www.ticketswhales.com\/?post_type=product&#038;p=12607"},"modified":"2023-10-06T11:35:26","modified_gmt":"2023-10-06T11:35:26","slug":"los-haitises-kayaking-boat-trip-caves-and-swimming-at-private-beach-all-in-one","status":"publish","type":"product","link":"https:\/\/www.boattoursamana.com\/et\/ringreis\/los-haitises-susta-paadimatka-koopad-ja-ujumine-erarannas-koik-uhes-2","title":{"rendered":"Los Haitisese s\u00fcstas\u00f5it + paadireis + koopad ja ujumine erarannal (k\u00f5ik \u00fches)."},"content":{"rendered":"<div class=\"vc_row wpb_row vc_row-fluid\" ><div class=\"wpb_column vc_column_container vc_col-sm-12\"><div class=\"vc_column-inner\"><div class=\"wpb_wrapper\"><div class=\"vc_btn3-container vc_btn3-inline\" ><button class=\"vc_general vc_btn3 vc_btn3-size-md vc_btn3-shape-rounded vc_btn3-style-modern vc_btn3-color-green\">BRONEERI KOHE<\/button><\/div>\n\t<div class=\"wpb_text_column wpb_content_element\" >\n\t\t<div class=\"wpb_wrapper\">\n\t\t\t<h4><b><i>\u00dclevaade <\/i><\/b><\/h4>\n<p><span style=\"font-weight: 400;\">P\u00f5genege linnast, et sukelduda Dominikaani Vabariigi esimese \u00f6koturismiprovintsi Hato Mayori provintsi \u00f6koturismi. Tulge meiega ja nautige v\u00e4rsket vett \u00fches Los Haitisese avastamata rannas, kus asub San Lorenzo laht. Kohale p\u00e4\u00e4seb paadiga, \u00fcmbritsetud vihmametsa ja mangroovimetsaga. Liikudes saate kontakti looduse ja selle rahvuspargi unustamatu maastikuga. See ekskursioon on segu s\u00fcstas\u00f5idust, paadis\u00f5idust, \u00fche koopa k\u00fclastamisest ja ujumisest riigi \u00fches olulisemas rahvuspargis, siin on suurem osa saare bioloogilisest mitmekesisusest ja suuruselt teine mangroovimets, kus on rohkem kui 98 km2.\u00a0<\/span><\/p>\n<p>&nbsp;<\/p>\n<p><span style=\"font-weight: 400;\">Meie kohalikud ja asjatundlikud t\u00f6\u00f6tajad hoolitsevad selle eest, et te t\u00f5esti tunneksite Taino kultuuri, nende ajalugu Los Haitises ja nende seost loodusega. See ekskursioon on \u00f6koturismi re\u017eiimis, kus kogukond m\u00e4ngib v\u00e4ga olulist rolli, nad on giidid, Capitan paadid ja autojuhid.<\/span><\/p>\n<p>&nbsp;<\/p>\n<p><span style=\"font-weight: 400;\">Booking Adventure&#039;i prioriteet on tagada, et saate parimast parima, alates pileti ostmisest kuni reisi l\u00f5petamiseni. Meie ekskursioonid on keskendunud keskkonnaharidusele, seiklustele ja kohalikule ajaloole ning selle reisi jooksul saate n\u00e4ha natuke k\u00f5ike.\u00a0<\/span><\/p>\n<h3><span style=\"font-weight: 400;\">Kaasamised ja v\u00e4listused<\/span><\/h3>\n<h6><strong>Kaasamised<\/strong><\/h6>\n<ul>\n<li><span style=\"font-weight: 400;\">Paat ja kapten\u00a0<\/span><\/li>\n<li><span style=\"font-weight: 400;\">Kajakid\u00a0<\/span><\/li>\n<li><span style=\"font-weight: 400;\">Suupisted (vesi, puuviljad, v\u00f5ileivad ja sooda)<\/span><\/li>\n<li><span style=\"font-weight: 400;\">K\u00f5ik maksud, tasud ja k\u00e4itlustasud<\/span><\/li>\n<li><span style=\"font-weight: 400;\">Kohalikud maksud<\/span><\/li>\n<li><span style=\"font-weight: 400;\">Ametnikud \u00d6koloogid juhendavad inglise\/hispaania keeles<\/span><\/li>\n<li><span style=\"font-weight: 400;\">Looduslikud ujumisbasseinid ja uurimata rand\u00a0<\/span><\/li>\n<li><span style=\"font-weight: 400;\">\u00dcks koobas\u00a0<\/span><\/li>\n<\/ul>\n<p>&nbsp;<\/p>\n<h6><strong>V\u00e4listused<\/strong><\/h6>\n<p>&nbsp;<\/p>\n<ul>\n<li><span style=\"font-weight: 400;\">Jootraha<\/span><\/li>\n<li><span style=\"font-weight: 400;\">Jook<\/span><\/li>\n<li><span style=\"font-weight: 400;\">\u00dclekanne\u00a0<\/span><\/li>\n<\/ul>\n<p><span style=\"font-weight: 400;\">\u00a0<\/span><\/p>\n<h6><strong>V\u00e4ljumine ja tagasitulek<\/strong><\/h6>\n<p>&nbsp;<\/p>\n<p><span style=\"font-weight: 400;\">Broneeringu seikluste korraldatav ringreis algab reisijuhi v\u00f5i personaliliikmega m\u00e4\u00e4ratud kohtumispaigas. Reisija saab p\u00e4rast broneerimisprotsessi kohtumispunkti. Ekskursioonid algavad ja l\u00f5pevad meie kohtumispunktides.<\/span><\/p>\n<h2>Los Haitisese s\u00fcsta + paadireis + koopad ja ujumisrand (k\u00f5ik \u00fches).<\/h2>\n<p><span style=\"font-weight: 400;\">Mida oodata?<\/span><\/p>\n<p>&nbsp;<\/p>\n<p><span style=\"font-weight: 400;\">Hankige pilet Eco-Adventure Tour Los Haitisese rahvuspargile k\u00f5ik \u00fches\u00a0<\/span><\/p>\n<p>&nbsp;<\/p>\n<p><span style=\"font-weight: 400;\">See ekskursioon algab kohtumiskohast, mille peate enne mis tahes asukohta suundumist kinnitama meie reisib\u00fcroode v\u00f5i oma giidiga. Kui olete oma giidiga kohtunud, saate \u00fclevaate ringk\u00e4igust ja k\u00f5igest, mis on teie p\u00e4evaga seotud.<\/span><\/p>\n<p>&nbsp;<\/p>\n<p><span style=\"font-weight: 400;\">Kui k\u00f5ik on valmis ja s\u00fcstad peale v\u00f5tame, suundume esimesse kohta Playita Las Almejasesse, kus asuvad looduslikud basseinid. Sel ajal, kui navigeerime San Lorenzo lahe mangroovimetsas ja karvkattes, jagame teiega lugusid Los Haitisesest. Geoloogia ja tutvuge San Lorenzo lahe \u00fcmbruses mangrooviliikidega.\u00a0<\/span><\/p>\n<p>&nbsp;<\/p>\n<p><span style=\"font-weight: 400;\">Kui j\u00f5uame esimesse kohta, peaksite oma ujumisriided valmis seadma, et s\u00fcsta selga minna ja koos matkajuhiga liinikoopasse aerutada, \u00fclej\u00e4\u00e4nud t\u00f6\u00f6tajad ootavad teid, kuni olete tegevuse esimese osa l\u00f5petanud.<\/span><\/p>\n<p>&nbsp;<\/p>\n<p><span style=\"font-weight: 400;\">Reisi selle osa jooksul saate minna \u00fcmber Las Perlase vana sadamasse, mis on \u00fcks esimesi eurooplaste ehitatud ehitisi selles piirkonnas (umbes 1876. aastal) ja see oli \u00fchendatud rongiliiniga, mis oli kohv, banaanid ja k\u00f5ik, mida see eurooplaste seltskond t\u00e4nap\u00e4eva Los Haitises talus.\u00a0<\/span><\/p>\n<p>&nbsp;<\/p>\n<p><span style=\"font-weight: 400;\">Koopas, mida k\u00fclastate, on \u00fcle 1200 tainode maalitud piktogrammi, see oli viis end v\u00e4ljendada ja t\u00e4nap\u00e4eval r\u00e4\u00e4gib see kunst meile lugusid, mida me poleks arvanud, et me t\u00e4nap\u00e4eval kohtame. Kui olete siin l\u00f5petanud, suundume tagasi Playa de las Almejasesse suupistete ja ujumisaega.\u00a0<\/span><\/p>\n<p>&nbsp;<\/p>\n<p><span style=\"font-weight: 400;\">P\u00e4rast ujumist looduslikus basseinis l\u00e4heme tagasi Cano Hondo piirkonna peamisse sadamasse, see on 5-tunnine ekskursioon, mis annab teile v\u00f5imaluse vaadata enamikku Sabana de la Marist ja Los Haitisese rahvuspargist. See ekskursioon l\u00f5peb samas kohas, kus see algas.<\/span><\/p>\n<p>&nbsp;<\/p>\n<p><span style=\"font-weight: 400;\">M\u00e4rkus. Need ekskursioonid on koos ametnike \u00f6koloogide reisijuhtidega. Palun broneerige aeg, sest pargis ei ole liiga palju spetsialiste.<\/span><\/p>\n<p>&nbsp;<\/p>\n<h6><strong>Mida peaksite kaasa v\u00f5tma?<\/strong><\/h6>\n<ul>\n<li style=\"font-weight: 400;\" aria-level=\"1\"><span style=\"font-weight: 400;\">Kaamera<\/span><\/li>\n<li style=\"font-weight: 400;\" aria-level=\"1\"><span style=\"font-weight: 400;\">Putukam\u00fcrk\u00a0<\/span><\/li>\n<li style=\"font-weight: 400;\" aria-level=\"1\"><span style=\"font-weight: 400;\">P\u00e4ikesekreem<\/span><\/li>\n<li style=\"font-weight: 400;\" aria-level=\"1\"><span style=\"font-weight: 400;\">Mugavad p\u00fcksid<\/span><\/li>\n<li style=\"font-weight: 400;\" aria-level=\"1\"><span style=\"font-weight: 400;\">Jooksukingad<\/span><\/li>\n<li style=\"font-weight: 400;\" aria-level=\"1\"><span style=\"font-weight: 400;\">Vihmajope\u00a0<\/span><\/li>\n<li style=\"font-weight: 400;\" aria-level=\"1\"><span style=\"font-weight: 400;\">Ujumisriided\u00a0<\/span><\/li>\n<li style=\"font-weight: 400;\" aria-level=\"1\"><span style=\"font-weight: 400;\">R\u00e4tik\u00a0<\/span><\/li>\n<\/ul>\n<h4><b><i>Hotelli j\u00e4reletulemine <\/i><\/b><\/h4>\n<p><span style=\"font-weight: 400;\">Selle ekskursiooni puhul hotelli vastutulemist ei pakuta. Just siis, kui olete Cano Hondo hotellis v\u00f5i hotellides Sabana de la Mari piirkonnas.<\/span><\/p>\n<p><b>M\u00e4rge:<\/b><span style=\"font-weight: 400;\"> Kui teete broneeringu 24 tunni jooksul p\u00e4rast ekskursiooni\/ekskursiooni v\u00e4ljumisaega, saame korraldada lisatasudega hotelli pealetulemise mis tahes kohast Dominikaani Vabariigis. Kui teie ost on l\u00f5pule viidud, saadame teile meie kohaliku giidi t\u00e4ieliku kontaktteabe (telefoninumber, e-posti aadress jne), et korraldada kohaletoomise korraldamine.<\/span><\/p>\n<h4><b><i>Lisateabe kinnitus <\/i><\/b><\/h4>\n<ol>\n<li>Piletid on kviitung p\u00e4rast selle ekskursiooni tasumist. Saate n\u00e4idata makset oma telefonis.<\/li>\n<li style=\"font-weight: 400;\"><span style=\"font-weight: 400;\">Kohtumispunkt v\u00f5etakse vastu p\u00e4rast broneerimisprotsessi.<\/span><\/li>\n<li style=\"font-weight: 400;\"><span style=\"font-weight: 400;\">Lastega peab kaasas olema t\u00e4iskasvanu.<\/span><\/li>\n<li style=\"font-weight: 400;\"><span style=\"font-weight: 400;\"> Pole ratastooliga ligip\u00e4\u00e4setav <\/span><\/li>\n<li style=\"font-weight: 400;\"><span style=\"font-weight: 400;\">Imikud peavad istuma s\u00fcles <\/span><\/li>\n<li style=\"font-weight: 400;\"><span style=\"font-weight: 400;\">Ei soovitata seljaprobleemidega reisijatele<\/span><\/li>\n<li style=\"font-weight: 400;\"><span style=\"font-weight: 400;\">Ei soovitata rasedatele reisijatele <\/span><\/li>\n<li style=\"font-weight: 400;\"><span style=\"font-weight: 400;\"> Puuduvad s\u00fcdameprobleemid ega muud t\u00f5sised haigusseisundid <\/span><\/li>\n<li style=\"font-weight: 400;\"><span style=\"font-weight: 400;\">Enamik reisijaid saab osaleda<\/span><\/li>\n<\/ol>\n<h4><b><i>T\u00fchistamispoliitika<\/i><\/b><\/h4>\n<p>T\u00e4ieliku tagasimakse saamiseks lugege palun meie t\u00fchistamiseeskirju\u00a0<a href=\"https:\/\/www.boattoursamana.com\/et\/online-broneerimine\/\" target=\"_blank\" rel=\"noopener\" data-saferedirecturl=\"https:\/\/www.google.com\/url?q=https:\/\/www.boattoursamana.com\/online-booking\/&amp;source=gmail&amp;ust=1672449202351000&amp;usg=AOvVaw1yAeVAPktmaVCqDujgUn90\">Kliki siia<\/a>. Vahendid l\u00e4hevad kaotsi, kui broneering t\u00fchistatakse samal reisip\u00e4eval.<\/p>\n\n\t\t<\/div>\n\t<\/div>\n<\/div><\/div><\/div><\/div><div class=\"vc_row wpb_row vc_row-fluid\" ><div class=\"wpb_column vc_column_container vc_col-sm-12\"><div class=\"vc_column-inner\"><div class=\"wpb_wrapper\"><\/div><\/div><\/div><\/div><div class=\"vc_row wpb_row vc_row-fluid\" ><div class=\"wpb_column vc_column_container vc_col-sm-12\"><div class=\"vc_column-inner\"><div class=\"wpb_wrapper\"><\/div><\/div><\/div><\/div><div class=\"wpb_column vc_column_container vc_col-sm-12\"><div class=\"vc_column-inner\"><div class=\"wpb_wrapper\"><\/div><\/div><\/div><div class=\"vc_row wpb_row vc_row-fluid\" ><div class=\"wpb_column vc_column_container vc_col-sm-12\"><div class=\"vc_column-inner\"><div class=\"wpb_wrapper\">\n\t<div class=\"wpb_video_widget wpb_content_element vc_clearfix   vc_video-aspect-ratio-169 vc_video-el-width-100 vc_video-align-left\" >\n\t\t<div class=\"wpb_wrapper\">\n\t\t\t<h2 class=\"wpb_heading wpb_video_heading\">Kajakid Los Haitises<\/h2>\n\t\t\t<div class=\"wpb_video_wrapper\"><iframe loading=\"lazy\" title=\"Kajaki- ja koopamatk Los Haitisese rahvuspargis, Dominikaani Vabariik\" width=\"1100\" height=\"619\" src=\"https:\/\/www.youtube.com\/embed\/ucU1uwB57wQ?feature=oembed\" frameborder=\"0\" allow=\"accelerometer; autoplay; clipboard-write; encrypted-media; gyroscope; picture-in-picture; web-share\" allowfullscreen><\/iframe><\/div>\n\t\t<\/div>\n\t<\/div>\n<div class=\"vc_btn3-container vc_btn3-inline\" ><button class=\"vc_general vc_btn3 vc_btn3-size-md vc_btn3-shape-rounded vc_btn3-style-modern vc_btn3-color-green\">BRONEERI KOHE<\/button><\/div><\/div><\/div><\/div><\/div>","protected":false},"excerpt":{"rendered":"<div>S\u00fcsta + paadis\u00f5it + koopad ja rand ujumiseks (k\u00f5ik \u00fches). Los Haitisese rahvuspark koos kohaliku giidiga Sabana de la Marist. Vihmametsa, v\u00e4ikese eraranna, kookose-, kohvi- ja kakaoalade k\u00fclastus. Los Haitisese rahvuspargi algse ajaloo tundma\u00f5ppimine.<\/div>\n<div><\/div>\n<div>Valige k\u00f5ik-\u00fches seiklusreisi kuup\u00e4ev:<\/div>","protected":false},"featured_media":13254,"template":"","meta":[],"product_cat":[456,946,928,934,862,254,255],"product_tag":[422,268,174,173,577,576,571,570,569,317,316,206,209,575,441,574,572,499,175,498,200,187,573],"class_list":["post-12607","product","type-product","status-publish","has-post-thumbnail","hentry","product_cat-day-trips","product_cat-1-sabana-de-la-mar","product_cat-boat-trip-los-haitises","product_cat-kayaking-los-haitises","product_cat-los-haitises-national-park","product_cat-tours-excursions-los-haitises-national-park","product_cat-tours-excursions-samana-bay-dominican-republic","product_tag-cano-hondo-sabana-de-la-mar","product_tag-caves-los-haitises","product_tag-eco-tours","product_tag-excursion","product_tag-hike-kayak","product_tag-hike-kayak-los-haitises-national-park","product_tag-hiking-los-haitises","product_tag-hiking-sabana-de-la-mar","product_tag-hiking-samana","product_tag-kayak-tour","product_tag-kayaking","product_tag-kayaking-los-haitises","product_tag-los-haitises-national-park","product_tag-los-haitises-national-park-entrance-fee","product_tag-los-haitises-national-park-tour-from-las-terrenas","product_tag-los-haitises-national-park-tour-from-santo-domingo","product_tag-los-haitises-national-park-weather","product_tag-los-haitises-sabana-de-la-mar","product_tag-sabana-de-la-mar","product_tag-sabana-de-la-mar-tour","product_tag-samana-excursions","product_tag-samana-tours","product_tag-secrets-of-los-haitises"],"_links":{"self":[{"href":"https:\/\/www.boattoursamana.com\/et\/wp-json\/wp\/v2\/product\/12607","targetHints":{"allow":["GET"]}}],"collection":[{"href":"https:\/\/www.boattoursamana.com\/et\/wp-json\/wp\/v2\/product"}],"about":[{"href":"https:\/\/www.boattoursamana.com\/et\/wp-json\/wp\/v2\/types\/product"}],"wp:featuredmedia":[{"embeddable":true,"href":"https:\/\/www.boattoursamana.com\/et\/wp-json\/wp\/v2\/media\/13254"}],"wp:attachment":[{"href":"https:\/\/www.boattoursamana.com\/et\/wp-json\/wp\/v2\/media?parent=12607"}],"wp:term":[{"taxonomy":"product_cat","embeddable":true,"href":"https:\/\/www.boattoursamana.com\/et\/wp-json\/wp\/v2\/product_cat?post=12607"},{"taxonomy":"product_tag","embeddable":true,"href":"https:\/\/www.boattoursamana.com\/et\/wp-json\/wp\/v2\/product_tag?post=12607"}],"curies":[{"name":"wp","href":"https:\/\/api.w.org\/{rel}","templated":true}]}}