{"id":12678,"date":"2021-08-16T05:49:28","date_gmt":"2021-08-16T05:49:28","guid":{"rendered":"https:\/\/www.ticketswhales.com\/?post_type=product&#038;p=12678"},"modified":"2023-10-06T11:14:26","modified_gmt":"2023-10-06T11:14:26","slug":"hike-kayak-los-haitises-national-park-from-boca-chica","status":"publish","type":"product","link":"https:\/\/www.boattoursamana.com\/et\/ringreis\/matk-kayak-los-haitisese-rahvuspark-boca-chicast-2","title":{"rendered":"Matk + Kayak Los Haitisese rahvuspark Boca Chicast"},"content":{"rendered":"<div class=\"vc_row wpb_row vc_row-fluid\" ><div class=\"wpb_column vc_column_container vc_col-sm-12\"><div class=\"vc_column-inner\"><div class=\"wpb_wrapper\"><div class=\"vc_btn3-container vc_btn3-inline\" ><a class=\"vc_general vc_btn3 vc_btn3-size-md vc_btn3-shape-rounded vc_btn3-style-modern vc_btn3-color-green\" href=\"https:\/\/bookingadventures.tours\/booking.php?tour_id=34f3a207c9a865171ef66759d2d5774e\" title=\"\" rel=\"noopener\">BRONEERI KOHE<\/a><\/div>\n\t<div class=\"wpb_text_column wpb_content_element\" >\n\t\t<div class=\"wpb_wrapper\">\n\t\t\t<h4><b><i>\u00dclevaade <\/i><\/b><\/h4>\n<p>See matkarada + kajakireis algab <strong>Boca Chica<\/strong> See matkarada ja s\u00fcstaretk algab Juan Doliost koos \u00fclekandega hotellidest. P\u00e4rast seda j\u00f5uame parki, kus matkame umbes 2 tundi m\u00f6\u00f6da niisket metsa Los Haitisese rahvuspargis. Saate teada selle piirkonna ravimtaimedest, n\u00e4ha laialeheliste metsade primaarseid ja sekundaarseid Los Haitisese rahvuspargi m\u00e4gesid ning samal ajal j\u00f5uda Jivalese j\u00f5e allikani, millest v\u00e4ljuvad Eco-Lodge Ca\u00f1o Hondo looduslikud basseinid. Seej\u00e4rel v\u00f5tame kaasa teie turvalisuse tagamiseks vajaliku varustuse (p\u00e4\u00e4stevestid jne), s\u00fcstad ja mangroovisoode l\u00e4bimise. N\u00e4ete lindudega t\u00e4idetud mangroove, lopsaka taimestikuga m\u00e4gesid. L\u00e4bi mangroovide ja Landi avatud San Lorenzo lahe \u00e4\u00e4res, kust saate pildistada karmi metsamaastikku.<\/p>\n<p>P\u00e4rast seda kogemust saate tagasi Cano Hondosse v\u00f5i Sabana de la mari s\u00f5ita tagasi Bayahibe piirkondadesse.<\/p>\n<ul>\n<li style=\"font-weight: 400;\">Tasud hinna sees<\/li>\n<li>Los Haitisese rahvuspargi matkareis<\/li>\n<li style=\"font-weight: 400;\"><span style=\"font-weight: 400;\">Juhend pakub juhendamist ja j\u00e4relevalvet<\/span><\/li>\n<\/ul>\n<p>&nbsp;<\/p>\n<h4><b>Kaasamised ja v\u00e4listused<\/b><\/h4>\n<p>&nbsp;<\/p>\n<p><b>Kaasamised<\/b><\/p>\n<p>&nbsp;<\/p>\n<ol>\n<li style=\"font-weight: 400;\">Los Haitisese rahvuspark<\/li>\n<li>Matk + s\u00fcsta<\/li>\n<li style=\"font-weight: 400;\"><span style=\"font-weight: 400;\">K\u00f5ik maksud, tasud ja k\u00e4itlustasud<\/span><\/li>\n<li style=\"font-weight: 400;\"><span style=\"font-weight: 400;\">Kohalikud maksud<\/span><\/li>\n<li style=\"font-weight: 400;\"><span style=\"font-weight: 400;\">Joogid<\/span><\/li>\n<li style=\"font-weight: 400;\"><span style=\"font-weight: 400;\">K\u00f5ik tegevused<\/span><\/li>\n<li style=\"font-weight: 400;\"><span style=\"font-weight: 400;\">Kohalik giid<\/span><\/li>\n<li><span style=\"font-weight: 400;\">\u00dclekanne<\/span><\/li>\n<li>L\u00f5unas\u00f6\u00f6k kohalikega<\/li>\n<\/ol>\n<p><b> V\u00e4listused<\/b><\/p>\n<ol>\n<li style=\"font-weight: 400;\"><span style=\"font-weight: 400;\">Jootraha<\/span><\/li>\n<li style=\"font-weight: 400;\"><span style=\"font-weight: 400;\">Alkohoolsed joogid<\/span><\/li>\n<\/ol>\n<p>&nbsp;<\/p>\n<h4><em><strong>V\u00e4ljumine ja tagasitulek<\/strong><\/em><\/h4>\n<p><span style=\"font-weight: 400;\">Reisija saab p\u00e4rast broneerimisprotsessi kohtumispunkti. Ekskursioonid algavad ja l\u00f5pevad meie kohtumispunktides.<\/span><\/p>\n<p>&nbsp;<\/p>\n<h2>Matk + Kayak Los Haitisese rahvuspark Boca Chicast<\/h2>\n<h4><b><i>Mida oodata?<\/i><\/b><\/h4>\n<p>Rahvuspargi nimi p\u00e4rineb selle algsete elanike, taino indiaanlaste j\u00e4rgi. Nende keeles t\u00e4hendab &quot;haitises&quot; m\u00e4gismaad v\u00f5i m\u00e4gesid, viide rannajoone j\u00e4rskudele geoloogilistele moodustistele koos lubjakividega. Kajakis\u00f5it on 2 tundi.<\/p>\n<p>Ajaloo ja looduse tundma\u00f5ppimine koos kohalikega, juhendavad giidid, kes kasvavad \u00fcles selles projektipiirkonnas keskkonnakaitsjatena ja vabatahtlikena. Organisatsiooni Booking Adventures korraldatav ringk\u00e4ik algab reisijuhiga m\u00e4\u00e4ratud kohtumiskohast.<\/p>\n<p>P\u00e4rast esialgset jalutusk\u00e4iku l\u00e4bi p\u00f5ldude ja p\u00f5llumaade, hakkate jalutama kookose- ja kakaometsa \u00e4\u00e4res. Saage iga minut Los Haitisese rahvuspargi peamises ja ainulaadses metsas. Tulge Booking Adventuresiga ja hakake kontrollima m\u00f5ningaid endeemiliste lindude, imetajate ja taimede liike, lopsaka taimestikuga m\u00e4gesid ja koopaid <em><strong>Los Haitisese rahvuspark<\/strong><\/em>.<\/p>\n<div class=\"body-description secondary\">\n<p>Rahvuspargi nimi p\u00e4rineb selle algsete elanike, taino indiaanlaste j\u00e4rgi. Nende keeles t\u00e4hendab &quot;haitises&quot; m\u00e4gismaad v\u00f5i m\u00e4gesid, viide rannajoone j\u00e4rskudele geoloogilistele moodustistele koos lubjakividega. Seiklege s\u00fcgavamale parki, et uurida selliseid koopaid nagu <em><strong>Cueva de la Arena<\/strong><\/em> ja <strong><em>Cueva de la L\u00ednea. Paadiretke saab sobitada Matkamatkaga. Lihtsalt v\u00f5tke meiega \u00fchendust.<\/em><\/strong><\/p>\n<p>Reservi koopaid kasutasid varjupaigana Taino indiaanlased ja hiljem varjasid piraadid. Otsige indiaanlaste joonistusi, mis kaunistavad m\u00f5nda seina. Vihmametsas kasvab \u00fcle 700 saja taimeliigi, p\u00fc\u00fcame k\u00fclastajatele sel matkarajal \u00f5petada k\u00f5iki meile tuttavaid ravimtaimi.<\/p>\n<p>Tulge \u00f5ppima, matkama ja nautige Los Haitisese rahvuspargi t\u00f5elist loodust.<\/p>\n<\/div>\n<p>&nbsp;<\/p>\n<h4><em><strong>Mida peaksite kaasa v\u00f5tma?<\/strong><\/em><\/h4>\n<ul>\n<li style=\"font-weight: 400;\"><span style=\"font-weight: 400;\">Kaamera<\/span><\/li>\n<li style=\"font-weight: 400;\"><span style=\"font-weight: 400;\">T\u00f5rjuvad pungad<\/span><\/li>\n<li style=\"font-weight: 400;\"><span style=\"font-weight: 400;\">P\u00e4ikesekreem<\/span><\/li>\n<li style=\"font-weight: 400;\"><span style=\"font-weight: 400;\">M\u00fcts<\/span><\/li>\n<li style=\"font-weight: 400;\"><span style=\"font-weight: 400;\">Mugavad p\u00fcksid<\/span><\/li>\n<li style=\"font-weight: 400;\"><span style=\"font-weight: 400;\">Matkajalatsid metsa<\/span><\/li>\n<li style=\"font-weight: 400;\"><span style=\"font-weight: 400;\">Sandaalid kevadpiirkondadesse.<\/span><\/li>\n<li style=\"font-weight: 400;\"><span style=\"font-weight: 400;\">Ujumisriided<\/span><\/li>\n<\/ul>\n<p>&nbsp;<\/p>\n<h4><b><i>Hotelli j\u00e4reletulemine <\/i><\/b><\/h4>\n<p><span style=\"font-weight: 400;\">Sellel ekskursioonil pakutakse hotelli vastuv\u00f5ttu.\u00a0<\/span><\/p>\n<p><b>M\u00e4rge:<\/b><span style=\"font-weight: 400;\"> Kui broneerite 24 tunni jooksul p\u00e4rast ekskursiooni\/ekskursiooni v\u00e4ljumisaega, saame korraldada lisatasu eest hotelli pealetulemise. Kui teie ost on l\u00f5pule viidud, saadame teile meie kohaliku giidi t\u00e4ieliku kontaktteabe (telefoninumber, e-posti aadress jne), et korraldada kohaletoomise korraldamine.<\/span><\/p>\n<h4><b><i>Lisateabe kinnitus <\/i><\/b><\/h4>\n<ol>\n<li>Piletid on kviitung p\u00e4rast selle ekskursiooni tasumist. Saate n\u00e4idata makset oma telefonis.<\/li>\n<li style=\"font-weight: 400;\"><span style=\"font-weight: 400;\">Kohtumispunkt v\u00f5etakse vastu p\u00e4rast broneerimisprotsessi.<\/span><\/li>\n<li style=\"font-weight: 400;\"><span style=\"font-weight: 400;\">Lastega peab kaasas olema t\u00e4iskasvanu.<\/span><\/li>\n<li style=\"font-weight: 400;\"><span style=\"font-weight: 400;\"> Pole ratastooliga ligip\u00e4\u00e4setav <\/span><\/li>\n<li style=\"font-weight: 400;\"><span style=\"font-weight: 400;\">Imikud peavad istuma s\u00fcles <\/span><\/li>\n<li style=\"font-weight: 400;\"><span style=\"font-weight: 400;\">Ei soovitata seljaprobleemidega reisijatele<\/span><\/li>\n<li style=\"font-weight: 400;\"><span style=\"font-weight: 400;\">Ei soovitata rasedatele reisijatele <\/span><\/li>\n<li style=\"font-weight: 400;\"><span style=\"font-weight: 400;\"> Puuduvad s\u00fcdameprobleemid ega muud t\u00f5sised haigusseisundid <\/span><\/li>\n<li style=\"font-weight: 400;\"><span style=\"font-weight: 400;\">Enamik reisijaid saab osaleda<\/span><\/li>\n<\/ol>\n<h4><b><i>T\u00fchistamispoliitika<\/i><\/b><\/h4>\n<p>T\u00e4ieliku tagasimakse saamiseks lugege palun meie t\u00fchistamiseeskirju\u00a0<a href=\"https:\/\/www.boattoursamana.com\/et\/online-broneerimine\/\" target=\"_blank\" rel=\"noopener\" data-saferedirecturl=\"https:\/\/www.google.com\/url?q=https:\/\/www.boattoursamana.com\/online-booking\/&amp;source=gmail&amp;ust=1672449202351000&amp;usg=AOvVaw1yAeVAPktmaVCqDujgUn90\">Kliki siia<\/a>. Vahendid l\u00e4hevad kaotsi, kui broneering t\u00fchistatakse samal reisip\u00e4eval.<\/p>\n\n\t\t<\/div>\n\t<\/div>\n<div class=\"mkdf-section-title-holder\" style=\"text-align: left\">\n\t<div class=\"mkdf-st-inner\">\n\t\t\t\t\t<h5 class=\"mkdf-st-subtitle\" >\n\t\t\t\tVihmametsa matkamine ja s\u00fcstas\u00f5it\t\t\t<\/h5>\n\t\t\t\t\t\t\t<h3 class=\"mkdf-st-title\" >\n\t\t\t\tMatk + kajak Los Haitisese rahvuspark\t\t\t<\/h3>\n\t\t\t\t\t\t\t<p class=\"mkdf-st-text\" >\n\t\t\t\tSee kogemus vajab v\u00e4hemalt 4 osalejat. Kui te pole 4-aastane, v\u00f5tke meiega julgelt \u00fchendust!\t\t\t<\/p>\n\t\t\t<\/div>\n<\/div><\/div><\/div><\/div><\/div><div class=\"vc_row wpb_row vc_row-fluid\" ><div class=\"wpb_column vc_column_container vc_col-sm-12\"><div class=\"vc_column-inner\"><div class=\"wpb_wrapper\">\n\t<div class=\"wpb_video_widget wpb_content_element vc_clearfix   vc_video-aspect-ratio-169 vc_video-el-width-100 vc_video-align-left\" >\n\t\t<div class=\"wpb_wrapper\">\n\t\t\t<h2 class=\"wpb_heading wpb_video_heading\">S\u00fcstaga Los Haitises<\/h2>\n\t\t\t<div class=\"wpb_video_wrapper\"><iframe loading=\"lazy\" title=\"Kajaki- ja koopamatk Los Haitisese rahvuspargis, Dominikaani Vabariik\" width=\"1100\" height=\"619\" src=\"https:\/\/www.youtube.com\/embed\/ucU1uwB57wQ?feature=oembed\" frameborder=\"0\" allow=\"accelerometer; autoplay; clipboard-write; encrypted-media; gyroscope; picture-in-picture; web-share\" allowfullscreen><\/iframe><\/div>\n\t\t<\/div>\n\t<\/div>\n<div class=\"vc_btn3-container vc_btn3-inline\" ><a class=\"vc_general vc_btn3 vc_btn3-size-md vc_btn3-shape-rounded vc_btn3-style-modern vc_btn3-color-green\" href=\"https:\/\/bookingadventures.tours\/booking.php?tour_id=34f3a207c9a865171ef66759d2d5774e\" title=\"\" rel=\"noopener\">BRONEERI KOHE<\/a><\/div><\/div><\/div><\/div><\/div><div class=\"vc_row wpb_row vc_row-fluid\" ><div class=\"wpb_column vc_column_container vc_col-sm-12\"><div class=\"vc_column-inner\"><div class=\"wpb_wrapper\"><\/div><\/div><\/div><\/div><div class=\"vc_row wpb_row vc_row-fluid\" ><\/div><div class=\"wpb_column vc_column_container vc_col-sm-12\"><div class=\"vc_column-inner\"><div class=\"wpb_wrapper\"><\/div><\/div><\/div><div class=\"vc_empty_space\"   style=\"height: 32px\"><span class=\"vc_empty_space_inner\"><\/span><\/div><div class=\"vc_empty_space\"   style=\"height: 32px\"><span class=\"vc_empty_space_inner\"><\/span><\/div>","protected":false},"excerpt":{"rendered":"<div>3-tunnine matk ja s\u00fcsta mangroovides Los Haitisese rahvuspargis koos kohaliku giidiga Sabana de la Marist. Vihmametsade, kookosp\u00e4hklite, kohvi ja kakao piirkondade k\u00fclastamine. Los Haitisese rahvuspargi algse ajaloo tundma\u00f5ppimine.<\/div>\n<div><\/div>\n<div>Valige matka kuup\u00e4ev:<\/div>","protected":false},"featured_media":8238,"template":"","meta":[],"product_cat":[456,946,178,927,934,254,255],"product_tag":[422,268,174,173,577,576,911,571,570,569,317,316,206,899,209,575,441,574,572,499,175,498,200,187,573],"class_list":["post-12678","product","type-product","status-publish","has-post-thumbnail","hentry","product_cat-day-trips","product_cat-1-sabana-de-la-mar","product_cat-hiking","product_cat-hiking-los-haitises","product_cat-kayaking-los-haitises","product_cat-tours-excursions-los-haitises-national-park","product_cat-tours-excursions-samana-bay-dominican-republic","product_tag-cano-hondo-sabana-de-la-mar","product_tag-caves-los-haitises","product_tag-eco-tours","product_tag-excursion","product_tag-hike-kayak","product_tag-hike-kayak-los-haitises-national-park","product_tag-hike-kayak-los-haitises-national-park-from-boca-chica","product_tag-hiking-los-haitises","product_tag-hiking-sabana-de-la-mar","product_tag-hiking-samana","product_tag-kayak-tour","product_tag-kayaking","product_tag-kayaking-los-haitises","product_tag-los-haitises-juan-dolio","product_tag-los-haitises-national-park","product_tag-los-haitises-national-park-entrance-fee","product_tag-los-haitises-national-park-tour-from-las-terrenas","product_tag-los-haitises-national-park-tour-from-santo-domingo","product_tag-los-haitises-national-park-weather","product_tag-los-haitises-sabana-de-la-mar","product_tag-sabana-de-la-mar","product_tag-sabana-de-la-mar-tour","product_tag-samana-excursions","product_tag-samana-tours","product_tag-secrets-of-los-haitises"],"_links":{"self":[{"href":"https:\/\/www.boattoursamana.com\/et\/wp-json\/wp\/v2\/product\/12678","targetHints":{"allow":["GET"]}}],"collection":[{"href":"https:\/\/www.boattoursamana.com\/et\/wp-json\/wp\/v2\/product"}],"about":[{"href":"https:\/\/www.boattoursamana.com\/et\/wp-json\/wp\/v2\/types\/product"}],"wp:featuredmedia":[{"embeddable":true,"href":"https:\/\/www.boattoursamana.com\/et\/wp-json\/wp\/v2\/media\/8238"}],"wp:attachment":[{"href":"https:\/\/www.boattoursamana.com\/et\/wp-json\/wp\/v2\/media?parent=12678"}],"wp:term":[{"taxonomy":"product_cat","embeddable":true,"href":"https:\/\/www.boattoursamana.com\/et\/wp-json\/wp\/v2\/product_cat?post=12678"},{"taxonomy":"product_tag","embeddable":true,"href":"https:\/\/www.boattoursamana.com\/et\/wp-json\/wp\/v2\/product_tag?post=12678"}],"curies":[{"name":"wp","href":"https:\/\/api.w.org\/{rel}","templated":true}]}}