{"id":12749,"date":"2021-08-25T07:19:45","date_gmt":"2021-08-25T07:19:45","guid":{"rendered":"https:\/\/www.ticketswhales.com\/?post_type=product&#038;p=12749"},"modified":"2023-11-06T13:28:29","modified_gmt":"2023-11-06T13:28:29","slug":"las-7-playas-escondidas-de-samana-the-7-hidden-beaches-in-samana","status":"publish","type":"product","link":"https:\/\/www.boattoursamana.com\/et\/ringreis\/las-7-playas-escondidas-de-samana-the-7-hidden-beaches-in-samana","title":{"rendered":"Las Galeras: Las 7 Playas Escondidas de Saman\u00e1 \u2013 7 peidetud randa Saman\u00e1s"},"content":{"rendered":"<div class=\"vc_row wpb_row vc_row-fluid\" ><div class=\"wpb_column vc_column_container vc_col-sm-12\"><div class=\"vc_column-inner\"><div class=\"wpb_wrapper\"><div class=\"vc_btn3-container vc_btn3-inline\" ><button class=\"vc_general vc_btn3 vc_btn3-size-md vc_btn3-shape-rounded vc_btn3-style-modern vc_btn3-color-green\">BRONEERI KOHE<\/button><\/div><div class=\"mkdf-section-title-holder\" style=\"text-align: left\">\n\t<div class=\"mkdf-st-inner\">\n\t\t\t\t\t<h5 class=\"mkdf-st-subtitle\" >\n\t\t\t\tL\u00f5unas\u00f6\u00f6k, paadis\u00f5it ja eratransport hotellidest.\t\t\t<\/h5>\n\t\t\t\t\t\t\t<h3 class=\"mkdf-st-title\" >\n\t\t\t\tPlaya Rinc\u00f3n, Playa Fronton + Playa Madame rand, Saman\u00e1 \u2013 Dominikaani Vabariik.\t\t\t<\/h3>\n\t\t\t\t\t<\/div>\n<\/div>\n\t<div class=\"wpb_text_column wpb_content_element\" >\n\t\t<div class=\"wpb_wrapper\">\n\t\t\t<h3>Playa Calet\u00f3n, Playa Escondida, Playa Colorado, Playa del Amor, Playa La Vaca, Playa la Playita Playa Brem\u00e1n.<\/h3>\n<h4><b><i>\u00dclevaade <\/i><\/b><\/h4>\n<p>\u00dcks ilusamaid ekskursioone Saman\u00e1 poolsaarel.<\/p>\n<p><span class=\"Y2IQFc\" lang=\"en\">Saman\u00e1 poolsaarel asuvad 7 peidetud randa, mis hoiavad endas kauneid ajaloo saladusi ning ka neid kohti tundes panustame kohalikku majandusse, mis on rahva toimetulekuks \u00fclioluline.<\/span><\/p>\n<p>Sisenege ainulaadsesse atmosf\u00e4\u00e4ri, k\u00fclastades paadil 7 randa, samuti matkates \u00fches v\u00e4ikeses koopas rannikul. M\u00f5nesse randa p\u00e4\u00e4seb ainult paadiga, mida \u00fcmbritseb korallrahu, mille \u00fcmber saate snorgeldada, kaladega ujuda ja korallid avastada ning l\u00f5\u00f5gastuda ja nautida imelist maastikku. L\u00f5\u00f5gastumine, ujumine ja seej\u00e4rel lahkumine Playa coloradosse, teise isoleeritud randa, mis on ideaalne snorgeldamiseks, kus saate k\u00fclastada ka koobast ja j\u00e4\u00e4dvustada suurep\u00e4raseid videoid v\u00f5i fotosid vinge m\u00e4lestuse saamiseks.<\/p>\n<p>L\u00f5unatate varbad liiva sees Merengue ja Bachata helide saatel El Paraisos \u2013 viimases restoranis enne d\u017eunglit \u2013 kus teile pakutakse t\u00e4ielikku einet, sealhulgas kalarooga, koos kohalike jookide ja kokteilidega. Tagasiteel peatume El Rinconi rannas, siit leiate loodusliku p\u00e4rli, mida peetakse \u00fcheks riigi kaunimaks rannaks. Valge peen liiv, t\u00fcrkiissinine meri ja meetrik\u00f5rgused palmid r\u00e4\u00e4givad enda eest.<\/p>\n<p>&nbsp;<\/p>\n<ul>\n<li><span style=\"font-weight: 400;\">Piirkonnas ohutuskogemusega kohalik giid.<\/span><\/li>\n<li style=\"font-weight: 400;\">Tasud hinna sees<\/li>\n<li>L\u00f5unas\u00f6\u00f6k Rannas<\/li>\n<li>Paadis\u00f5it<\/li>\n<li style=\"font-weight: 400;\">Kohalik reisijuht hispaania, inglise v\u00f5i prantsuse keeles.<\/li>\n<li>Matkamine<\/li>\n<li>ujumine<\/li>\n<\/ul>\n<p>&nbsp;<\/p>\n<h4><b>Kaasamised ja v\u00e4listused<\/b><\/h4>\n<p>&nbsp;<\/p>\n<p><b>Kaasamised<\/b><\/p>\n<ol>\n<li><span style=\"font-weight: 400;\">Piirkonnas ohutuskogemusega kohalik giid.<\/span><\/li>\n<li style=\"font-weight: 400;\">El Rinconi rand<\/li>\n<li>Colorado rand<\/li>\n<li>La Playita rand<\/li>\n<li>La Vaca rand<\/li>\n<li>Bremani rand<\/li>\n<li>Mariano rand<\/li>\n<li>Caletoni rand<\/li>\n<li style=\"font-weight: 400;\"><span style=\"font-weight: 400;\">K\u00f5ik maksud, tasud ja k\u00e4itlustasud<\/span><\/li>\n<li style=\"font-weight: 400;\"><span style=\"font-weight: 400;\">Kohalikud maksud<\/span><\/li>\n<li>L\u00f5unas\u00f6\u00f6k Rannas<\/li>\n<li>Matkamine<\/li>\n<li style=\"font-weight: 400;\"><span style=\"font-weight: 400;\">K\u00f5ik tegevused<\/span><\/li>\n<\/ol>\n<p><b> V\u00e4listused<\/b><\/p>\n<ol>\n<li style=\"font-weight: 400;\"><span style=\"font-weight: 400;\">Jootraha<\/span><\/li>\n<\/ol>\n<h4><em><strong>V\u00e4ljumine ja tagasitulek<\/strong><\/em><\/h4>\n<p><span style=\"font-weight: 400;\">Reisija saab p\u00e4rast broneerimisprotsessi kohtumispunkti. Ekskursioonid algavad ja l\u00f5ppevad meie kohtumispunktides.<\/span><\/p>\n<h3>Playa Calet\u00f3n, Playa Escondida, Playa Colorado, Playa del Amor, Playa La Vaca, Playa la Playita Playa Brem\u00e1n.<\/h3>\n<h4><b><i>Mida oodata?<\/i><\/b><\/h4>\n<p><em><strong>Hankige oma piletid<\/strong><\/em> Dominikaani Vabariigi 7 k\u00f5ige ainulaadsema ranna k\u00fclastamiseks. Algreisi kohtumispaik on Las Galerase piirkonnas matkamine ja ujumine \u00fche p\u00e4evaga 7 randa pluss el Rinconi rand. K\u00f5igepealt k\u00fclastame Duarte koobast, matkame ja vaatame las Galerase ilusaimat koobast. Sellel koobal on 900 meetrit ja 2 erinevat sissep\u00e4\u00e4su, et v\u00e4ltida sama maastiku kordumist.<\/p>\n<p>P\u00e4rast koopa k\u00fclastamist l\u00e4heme tagasi kiirpaadile, et k\u00fclastada Playa Caletoni, mis on selge vee t\u00f5ttu \u00fcks enim mainitud randu Samanas. Esmalt ujume ja naudime seda randa, et j\u00e4tkata oma reisi Playa del Amoris.<\/p>\n<p><strong>Playa 7<\/strong><\/p>\n<p>Playa Rinc\u00f3n on rikkumata valge liivariba, mis ulatub umbes 2,5 miili (4 kilomeetrit) piki ranniku arendamata osa. See eraldatud rand, mida \u00fcmbritseb kookospalmide \u00e4\u00e4ris ning m\u00f5lemast otsast \u00fcmbritseb m\u00e4e- ja kaljutipud, tundub t\u00f5elise utoopiana, mis on tsivilisatsioonist \u00e4ra l\u00f5igatud.<\/p>\n<p>Peale El Rinconi randa s\u00f5idame kiirpaadiga tagasi Las Galerase kohtumispaika!<\/p>\n<p>Broneeringu seikluste korraldatav ringreis algab meie reisijuhiga m\u00e4\u00e4ratud kohtumiskohast. Tulge Booking Adventuresiga ja s\u00f6\u00f6ge rannas l\u00f5unat ning nautige Dominikaani Vabariigi Samana 7 k\u00f5ige h\u00e4mmastavamat randa.<\/p>\n<div class=\"body-description secondary\">\n<p>&nbsp;<\/p>\n<\/div>\n<h4><em><strong>Mida peaksite kaasa v\u00f5tma?<\/strong><\/em><\/h4>\n<ul>\n<li style=\"font-weight: 400;\"><span style=\"font-weight: 400;\">Kaamera<\/span><\/li>\n<li style=\"font-weight: 400;\"><span style=\"font-weight: 400;\">T\u00f5rjuvad pungad<\/span><\/li>\n<li style=\"font-weight: 400;\"><span style=\"font-weight: 400;\">P\u00e4ikesekreem<\/span><\/li>\n<li>Vesi<\/li>\n<li style=\"font-weight: 400;\"><span style=\"font-weight: 400;\">M\u00fcts<\/span><\/li>\n<li style=\"font-weight: 400;\"><span style=\"font-weight: 400;\">Mugavad p\u00fcksid<\/span><\/li>\n<li style=\"font-weight: 400;\"><span style=\"font-weight: 400;\">Matkajalatsid metsa<\/span><\/li>\n<li style=\"font-weight: 400;\"><span style=\"font-weight: 400;\">Sandaalid kevadpiirkondadesse.<\/span><\/li>\n<li style=\"font-weight: 400;\"><span style=\"font-weight: 400;\">Ujumisriided<\/span><\/li>\n<\/ul>\n<p>&nbsp;<\/p>\n<h4><b><i>Hotelli j\u00e4reletulemine <\/i><\/b><\/h4>\n<p><span style=\"font-weight: 400;\">Selle ekskursiooni hinna sees ei ole hotelli vastutulemine. <\/span><\/p>\n<p>&nbsp;<\/p>\n<p><b>M\u00e4rge:<\/b><span style=\"font-weight: 400;\"> Kui broneerite 24 tunni jooksul p\u00e4rast ekskursiooni\/ekskursiooni v\u00e4ljumisaega, saame korraldada lisatasu eest hotelli pealetulemise. Me lihtsalt v\u00f5tame selle Samana piirkonnast. Kui teie ost on l\u00f5pule viidud, saadame teile meie kohaliku giidi t\u00e4ieliku kontaktteabe (telefoninumber, e-posti aadress jne), et korraldada kohaletoomise korraldamine.<\/span><\/p>\n<h4><b><i>Lisateabe kinnitus <\/i><\/b><\/h4>\n<ol>\n<li>Piletid on kviitung p\u00e4rast selle ekskursiooni tasumist. Saate n\u00e4idata makset oma telefonis.<\/li>\n<li style=\"font-weight: 400;\"><span style=\"font-weight: 400;\">Kohtumispunkt v\u00f5etakse vastu p\u00e4rast broneerimisprotsessi.<\/span><\/li>\n<li style=\"font-weight: 400;\"><span style=\"font-weight: 400;\">Lastega peab kaasas olema t\u00e4iskasvanu.<\/span><\/li>\n<li style=\"font-weight: 400;\"><span style=\"font-weight: 400;\"> Pole ratastooliga ligip\u00e4\u00e4setav <\/span><\/li>\n<li style=\"font-weight: 400;\"><span style=\"font-weight: 400;\">Imikud peavad istuma s\u00fcles <\/span><\/li>\n<li style=\"font-weight: 400;\"><span style=\"font-weight: 400;\">Ei soovitata seljaprobleemidega reisijatele<\/span><\/li>\n<li style=\"font-weight: 400;\"><span style=\"font-weight: 400;\">Ei soovitata rasedatele reisijatele <\/span><\/li>\n<li style=\"font-weight: 400;\"><span style=\"font-weight: 400;\"> Puuduvad s\u00fcdameprobleemid ega muud t\u00f5sised haigusseisundid <\/span><\/li>\n<li style=\"font-weight: 400;\"><span style=\"font-weight: 400;\">Enamik reisijaid saab osaleda<\/span><\/li>\n<\/ol>\n<h4><b><i>T\u00fchistamispoliitika<\/i><\/b><\/h4>\n<p>T\u00e4ieliku tagasimakse saamiseks lugege palun meie t\u00fchistamiseeskirju\u00a0<a href=\"https:\/\/www.boattoursamana.com\/et\/online-broneerimine\/\" target=\"_blank\" rel=\"noopener\" data-saferedirecturl=\"https:\/\/www.google.com\/url?q=https:\/\/www.boattoursamana.com\/online-booking\/&amp;source=gmail&amp;ust=1672449202351000&amp;usg=AOvVaw1yAeVAPktmaVCqDujgUn90\">Kliki siia<\/a>. Vahendid l\u00e4hevad kaotsi, kui broneering t\u00fchistatakse samal reisip\u00e4eval.<\/p>\n\n\t\t<\/div>\n\t<\/div>\n<div class=\"vc_btn3-container vc_btn3-inline\" ><button class=\"vc_general vc_btn3 vc_btn3-size-md vc_btn3-shape-rounded vc_btn3-style-modern vc_btn3-color-green\">BRONEERI KOHE<\/button><\/div><\/div><\/div><\/div><\/div><div class=\"vc_row wpb_row vc_row-fluid\" ><div class=\"wpb_column vc_column_container vc_col-sm-12\"><div class=\"vc_column-inner\"><div class=\"wpb_wrapper\">\n\t<div class=\"wpb_video_widget wpb_content_element vc_clearfix   vc_video-aspect-ratio-169 vc_video-el-width-100 vc_video-align-left\" >\n\t\t<div class=\"wpb_wrapper\">\n\t\t\t<h2 class=\"wpb_heading wpb_video_heading\">Boca del Diablo ja Frontoni rand<\/h2>\n\t\t\t<div class=\"wpb_video_wrapper\"><iframe loading=\"lazy\" title=\"Saman\u00e1 poolsaar, Dominikaani Vabariik (DJI Phantom 4 4K)\" width=\"1100\" height=\"619\" src=\"https:\/\/www.youtube.com\/embed\/DYDXVm8Q_iM?feature=oembed\" frameborder=\"0\" allow=\"accelerometer; autoplay; encrypted-media; gyroscope; picture-in-picture\" allowfullscreen><\/iframe><\/div>\n\t\t<\/div>\n\t<\/div>\n<\/div><\/div><\/div><\/div><div class=\"vc_row wpb_row vc_row-fluid\" ><\/div><div class=\"wpb_column vc_column_container vc_col-sm-12\"><div class=\"vc_column-inner\"><div class=\"wpb_wrapper\"><\/div><\/div><\/div><div class=\"vc_empty_space\"   style=\"height: 32px\"><span class=\"vc_empty_space_inner\"><\/span><\/div><div class=\"vc_empty_space\"   style=\"height: 32px\"><span class=\"vc_empty_space_inner\"><\/span><\/div><div class=\"vc_row wpb_row vc_row-fluid\" ><div class=\"wpb_column vc_column_container vc_col-sm-12\"><div class=\"vc_column-inner\"><div class=\"wpb_wrapper\"><div class=\"vc_btn3-container vc_btn3-inline\" ><button class=\"vc_general vc_btn3 vc_btn3-size-md vc_btn3-shape-rounded vc_btn3-style-modern vc_btn3-color-green\">BRONEERI KOHE<\/button><\/div><\/div><\/div><\/div><\/div>","protected":false},"excerpt":{"rendered":"<p>Kui k\u00fclastate Samanat ja soovite nautida t\u00f5elist kohalikku matka, paadireisi ja l\u00f5unas\u00f6\u00f6ki Rinconi rannas, peate selle reisi ette v\u00f5tma. K\u00fclastage Samana 7 peidetud randa Las Galerase piirkonnas, kus saate k\u00fclastada ka koobast ja j\u00e4\u00e4dvustada suurep\u00e4raseid videoid v\u00f5i fotosid, et j\u00e4\u00e4dvustada h\u00e4mmastavaid m\u00e4lestusi.<\/p>\n<p><em><strong>Valige ringk\u00e4igu kuup\u00e4ev:\u00a0<\/strong><\/em><\/p>","protected":false},"featured_media":9382,"template":"","meta":[],"product_cat":[160,255],"product_tag":[925,204,378,924,923,279,912,377,913,915,916,914,374,918,917,373,379,327,376,375,200,187],"class_list":["post-12749","product","type-product","status-publish","has-post-thumbnail","hentry","product_cat-lunch","product_cat-tours-excursions-samana-bay-dominican-republic","product_tag-boat-trip-las-galeras","product_tag-el-rincon-beach","product_tag-fronton-beach","product_tag-hike-las-galeras","product_tag-hiking-las-galeras","product_tag-las-galeras","product_tag-las-galeras-tour","product_tag-madame-beach","product_tag-playa-caleton","product_tag-playa-colorado","product_tag-playa-del-amor","product_tag-playa-escondida","product_tag-playa-fronton-playa-madame-beach","product_tag-playa-la-playita-playa-breman","product_tag-playa-la-vaca","product_tag-playa-rincon","product_tag-playa-rincon-tours","product_tag-private-tours-samana","product_tag-rincon-beach-tour","product_tag-samana-dominican-republic","product_tag-samana-excursions","product_tag-samana-tours"],"_links":{"self":[{"href":"https:\/\/www.boattoursamana.com\/et\/wp-json\/wp\/v2\/product\/12749","targetHints":{"allow":["GET"]}}],"collection":[{"href":"https:\/\/www.boattoursamana.com\/et\/wp-json\/wp\/v2\/product"}],"about":[{"href":"https:\/\/www.boattoursamana.com\/et\/wp-json\/wp\/v2\/types\/product"}],"wp:featuredmedia":[{"embeddable":true,"href":"https:\/\/www.boattoursamana.com\/et\/wp-json\/wp\/v2\/media\/9382"}],"wp:attachment":[{"href":"https:\/\/www.boattoursamana.com\/et\/wp-json\/wp\/v2\/media?parent=12749"}],"wp:term":[{"taxonomy":"product_cat","embeddable":true,"href":"https:\/\/www.boattoursamana.com\/et\/wp-json\/wp\/v2\/product_cat?post=12749"},{"taxonomy":"product_tag","embeddable":true,"href":"https:\/\/www.boattoursamana.com\/et\/wp-json\/wp\/v2\/product_tag?post=12749"}],"curies":[{"name":"wp","href":"https:\/\/api.w.org\/{rel}","templated":true}]}}