{"id":12996,"date":"2021-09-16T15:48:58","date_gmt":"2021-09-16T15:48:58","guid":{"rendered":"https:\/\/www.ticketswhales.com\/?post_type=product&#038;p=12996"},"modified":"2023-10-16T08:39:25","modified_gmt":"2023-10-16T08:39:25","slug":"los-haitises-mountain-bike-private-boat-trip-copy","status":"publish","type":"product","link":"https:\/\/www.boattoursamana.com\/et\/ringreis\/los-haitises-maastikuratta-erapaadireis-koopia","title":{"rendered":"Los Haitises maastikurattaga + privaatne paadireis"},"content":{"rendered":"<div class=\"vc_row wpb_row vc_row-fluid\" ><div class=\"wpb_column vc_column_container vc_col-sm-12\"><div class=\"vc_column-inner\"><div class=\"wpb_wrapper\"><div class=\"vc_btn3-container vc_btn3-inline\" ><a class=\"vc_general vc_btn3 vc_btn3-size-md vc_btn3-shape-rounded vc_btn3-style-modern vc_btn3-color-green\" href=\"https:\/\/bookingadventures.tours\/booking.php?tour_id=a7eaf8f70968fc40037fc986faa80770\" title=\"\" rel=\"noopener\">BRONEERI KOHE<\/a><\/div><div class=\"vc_empty_space\"   style=\"height: 32px\"><span class=\"vc_empty_space_inner\"><\/span><\/div>\n\t<div class=\"wpb_text_column wpb_content_element\" >\n\t\t<div class=\"wpb_wrapper\">\n\t\t\t<div class=\"vc_row wpb_row vc_row-fluid\">\n<div class=\"wpb_column vc_column_container vc_col-sm-12\">\n<div class=\"vc_column-inner\">\n<div class=\"wpb_wrapper\">\n<div class=\"mkdf-section-title-holder\">\n<div class=\"mkdf-st-inner\">\n<h5 class=\"mkdf-st-subtitle\">Jalgratas, mangroovid, paadireis, koopad ja palju muud.<\/h5>\n<h3 class=\"mkdf-st-title\">Los Haitises maastikurattaga + privaatne paadireis<\/h3>\n<\/div>\n<\/div>\n<\/div>\n<\/div>\n<\/div>\n<\/div>\n<div class=\"vc_row wpb_row vc_row-fluid\">\n<div class=\"wpb_column vc_column_container vc_col-sm-12\">\n<div class=\"vc_column-inner\">\n<div class=\"wpb_wrapper\">\n<div class=\"vc_empty_space\"><\/div>\n<\/div>\n<\/div>\n<\/div>\n<\/div>\n<div class=\"vc_row wpb_row vc_row-fluid\">\n<div class=\"wpb_column vc_column_container vc_col-sm-12\">\n<div class=\"vc_column-inner\">\n<div class=\"wpb_wrapper\">\n<div class=\"wpb_text_column wpb_content_element\">\n<div class=\"wpb_wrapper\">\n<h5><strong>\u00dclevaade<\/strong><\/h5>\n<p>Reisige koos kohaliku eksperdiga ja saage Sabana de la Marist alustades ainulaadset jalgrattas\u00f5idu kogemust. See ringreis viib teid ringi, et n\u00e4ha Dominikaani Vabariigi kaunist maastikku. Rattaga s\u00f5ites saate tere \u00f6elda! P\u00f5llumehed, kes s\u00f5idavad hobuste v\u00f5i mootorrattaga oma kinnistule ja ekskursiooni ajal saate Sabana de la Marist avastada seiklusi ja kohalikku kultuuri. M\u00f5ned faktid Los Haitisese kohta: on \u00fcks suurimaid lubjakivimoodustisi maailmas, koht endeemiliste liikide kaitseks, Asukoht, kus on suurem osa saare bioloogilisest mitmekesisusest ja seal on \u00fcks Quisqueya suurimaid mangroovimetsi.<\/p>\n<p>&nbsp;<\/p>\n<p><strong>Kaasamised ja v\u00e4listused<\/strong><\/p>\n<p>&nbsp;<\/p>\n<p><strong>Kaasamised<\/strong><\/p>\n<p>Jalgrattas\u00f5it<\/p>\n<p>Paadireis<\/p>\n<p>Suupisted<\/p>\n<p>1 veepudel<\/p>\n<p>Esmaabikomplekt<\/p>\n<p>K\u00f5ik maksud, tasud ja k\u00e4itlustasud<\/p>\n<p>Kohalikud maksud<\/p>\n<p>Ametnikud \u00d6koloogid juhendavad inglise\/hispaania keeles<\/p>\n<p>&nbsp;<\/p>\n<p><strong>V\u00e4listused<\/strong><\/p>\n<p>Jootraha<\/p>\n<p>\u00dclekanne<\/p>\n<p>Jook<\/p>\n<p>&nbsp;<\/p>\n<p>&nbsp;<\/p>\n<p>V\u00e4ljumine ja tagasitulek<\/p>\n<p>&nbsp;<\/p>\n<p>Broneeringu seikluste korraldatav ringreis algab reisijuhi v\u00f5i personaliliikmega m\u00e4\u00e4ratud kohtumispaigas. Reisija saab p\u00e4rast broneerimisprotsessi kohtumispunkti. Ekskursioonid algavad ja l\u00f5pevad meie kohtumispunktides.<\/p>\n<p>&nbsp;<\/p>\n<p>Mida oodata?<\/p>\n<p>Hankige Sabana de la Mari pilet ratta- ja paadis\u00f5idule<\/p>\n<p>&nbsp;<\/p>\n<p>See ekskursioon algab kohtumiskohast, mille peate enne mis tahes asukohta suundumist kinnitama meie reisib\u00fcroode v\u00f5i oma giidiga. Kui olete oma giidiga kohtunud, saate \u00fclevaate ringk\u00e4igust ja k\u00f5igest, mis on teie p\u00e4evaga seotud.<\/p>\n<p>&nbsp;<\/p>\n<p>Kui k\u00f5ik on valmis, suundume Los Haitisese rahvuspargi sadamasse, kus alustate paadiga s\u00f5itmist Cano Hondo j\u00f5e \u00e4\u00e4res, mis l\u00f5peb San Lorenzo lahes. See on v\u00e4ike, vaid 10 km2 suurune laht ja kaheks tunniks saate ise sealt v\u00e4lja tulla. Los Haitisese erinevad \u00f6kos\u00fcsteemid.<\/p>\n<p>&nbsp;<\/p>\n<p>Selle reisi osa jooksul navigeerite mangroovimetsas, mis on saare suuruselt teine suurem kui 90 km2, ja kui j\u00f5uate San Lorenzo lahte, n\u00e4ete Samana poolsaart ja lahte.<\/p>\n<p>&nbsp;<\/p>\n<p>S\u00f5idu ajal on v\u00f5imalus n\u00e4ha delfiine, linde, nagu sinihaigur, hallhaigur, varesed, pruunpelikan, kuningtiir, suurejooneline fregattlind ja unikaalseid vaateid Los Haitisese rahvuspargile. P\u00e4rast 4 tundi ja pool tundi tegevust Los Haitisese rahvuspargis ja Sabana de la Maris l\u00f5peb see ekskursioon samas kohas, kus see algas.<\/p>\n<p>&nbsp;<\/p>\n<p>M\u00e4rkus. Need ekskursioonid on koos ametnike \u00f6koloogide reisijuhtidega. Palun broneerige aeg, sest pargis ei ole liiga palju spetsialiste.<\/p>\n<p>&nbsp;<\/p>\n<p>&nbsp;<\/p>\n<p>Mida peaksite kaasa v\u00f5tma?<\/p>\n<ul>\n<li aria-level=\"1\">Kaamera<\/li>\n<li aria-level=\"1\">T\u00f5rjuvad pungad<\/li>\n<li aria-level=\"1\">p\u00e4ikesekreem<\/li>\n<li aria-level=\"1\">M\u00fcts<\/li>\n<li aria-level=\"1\">Mugavad p\u00fcksid<\/li>\n<li aria-level=\"1\">Jooksukingad<\/li>\n<li aria-level=\"1\">Sandaalid s\u00fcstas\u00f5iduks<\/li>\n<li aria-level=\"1\">Ujumisriided<\/li>\n<li aria-level=\"1\">K\u00e4ter\u00e4tikud<\/li>\n<\/ul>\n<p>&nbsp;<\/p>\n<h4><b><i>Hotelli j\u00e4reletulemine<\/i><\/b><\/h4>\n<p>Selle ekskursiooni puhul hotelli vastutulemist ei pakuta.<\/p>\n<p>&nbsp;<\/p>\n<p><b>M\u00e4rge:<\/b>\u00a0Kui broneerite 24 tunni jooksul p\u00e4rast ekskursiooni\/ekskursiooni v\u00e4ljumisaega, saame korraldada lisatasu eest hotelli pealetulemise. Kui teie ost on l\u00f5pule viidud, saadame teile meie kohaliku giidi t\u00e4ieliku kontaktteabe (telefoninumber, e-posti aadress jne), et korraldada kohaletoomise korraldamine.<\/p>\n<h4><b><i>Lisateabe kinnitus<\/i><\/b><\/h4>\n<ol>\n<li>Piletid on kviitung p\u00e4rast selle ekskursiooni tasumist. Saate n\u00e4idata makset oma telefonis.<\/li>\n<li>Kohtumispunkt v\u00f5etakse vastu p\u00e4rast broneerimisprotsessi.<\/li>\n<li>Lastega peab kaasas olema t\u00e4iskasvanu.<\/li>\n<li>Pole ratastooliga ligip\u00e4\u00e4setav<\/li>\n<li>Imikud peavad istuma s\u00fcles<\/li>\n<li>Ei soovitata seljaprobleemidega reisijatele<\/li>\n<li>Ei soovitata rasedatele reisijatele<\/li>\n<li>Puuduvad s\u00fcdameprobleemid ega muud t\u00f5sised haigusseisundid<\/li>\n<li>Enamik reisijaid saab osaleda<\/li>\n<\/ol>\n<h4><b><i>T\u00fchistamispoliitika<\/i><\/b><\/h4>\n<p>T\u00e4ieliku raha tagasi saamiseks t\u00fchistage v\u00e4hemalt 24 tundi enne elamuse alguskuup\u00e4eva.<\/p>\n<\/div>\n<\/div>\n<\/div>\n<\/div>\n<\/div>\n<\/div>\n<div class=\"vc_row wpb_row vc_row-fluid\">\n<div class=\"wpb_column vc_column_container vc_col-sm-12\">\n<div class=\"vc_column-inner\">\n<div class=\"wpb_wrapper\">\n<div class=\"vc_empty_space\"><\/div>\n<div class=\"wpb_text_column wpb_content_element\">\n<div class=\"wpb_wrapper\">\n<h4>V\u00f5ta meiega \u00fchendust?<\/h4>\n<h5>Seikluste broneerimine<\/h5>\n<p><em><strong>Kohalikud<\/strong>\u00a0ja\u00a0<strong>Rahvuslased<\/strong>\u00a0Giidid ja k\u00fclalisteteenused<\/em><\/p>\n<p><span class=\"text-turquoise\">Broneeringud:<\/span>\u00a0Reisid ja ekskursioonid Domis. Rep.<\/p>\n<p>\ud83d\udcde Tel \/ Whatsapp\u00a0\u00a0<a href=\"tel:+1-809-720-6035\">+1-809-720-6035<\/a>.<\/p>\n<p>\ud83d\udce9\u00a0<a href=\"mailto:info@bookingadventures.com.do\">info@bookingadventures.com.do<\/a><\/p>\n<p><strong>Me korraldame paindlikult Whatsapi privaatreise:\u00a0<a href=\"tel:+18097206035\">+18097206035.<\/a><\/strong><\/p>\n<\/div>\n<\/div>\n<\/div>\n<\/div>\n<\/div>\n<\/div>\n\n\t\t<\/div>\n\t<\/div>\n<\/div><\/div><\/div><\/div><div class=\"wpb_column vc_column_container vc_col-sm-12\"><div class=\"vc_column-inner\"><div class=\"wpb_wrapper\"><\/div><\/div><\/div><div class=\"wpb_column vc_column_container vc_col-sm-12\"><div class=\"vc_column-inner\"><div class=\"wpb_wrapper\"><\/div><\/div><\/div>","protected":false},"excerpt":{"rendered":"<div class=\"woocommerce-product-details__short-description\">\n<p>Reisige koos kohaliku eksperdiga ja saage Sabana de la Marist alustades ainulaadset jalgrattas\u00f5idu kogemust. See ringreis viib teid ringi, et n\u00e4ha Dominikaani Vabariigi kaunist maastikku. Rattaga s\u00f5ites saate tere \u00f6elda! p\u00f5llumehed, kes s\u00f5idavad hobuste v\u00f5i mootorrattaga oma kinnistule, ja ekskursiooni ajal saate Sabana de la Mari seiklustest ja kohalikust kultuurist v\u00e4lja tulla. Unikaalne maastikurattakogemus!<\/p>\n<p>&nbsp;<\/p>\n<p><strong>Palun valige ringk\u00e4igu kuup\u00e4ev:<\/strong><\/p>\n<\/div>","protected":false},"featured_media":12428,"template":"","meta":[],"product_cat":[870,946,928,838,930,254,255],"product_tag":[176,211,192,171,209,426,327,175,199,200],"class_list":["post-12996","product","type-product","status-publish","has-post-thumbnail","hentry","product_cat-private-boat-trip-los-haitises","product_cat-1-sabana-de-la-mar","product_cat-boat-trip-los-haitises","product_cat-mangroves-projects","product_cat-mountain-bike-los-haitises","product_cat-tours-excursions-los-haitises-national-park","product_cat-tours-excursions-samana-bay-dominican-republic","product_tag-cano-hondo","product_tag-cano-hondo-hotel","product_tag-day-tour-cano-hondo","product_tag-los-haitises","product_tag-los-haitises-national-park","product_tag-los-haitises-tours","product_tag-private-tours-samana","product_tag-sabana-de-la-mar","product_tag-samana-bay","product_tag-samana-excursions"],"_links":{"self":[{"href":"https:\/\/www.boattoursamana.com\/et\/wp-json\/wp\/v2\/product\/12996","targetHints":{"allow":["GET"]}}],"collection":[{"href":"https:\/\/www.boattoursamana.com\/et\/wp-json\/wp\/v2\/product"}],"about":[{"href":"https:\/\/www.boattoursamana.com\/et\/wp-json\/wp\/v2\/types\/product"}],"wp:featuredmedia":[{"embeddable":true,"href":"https:\/\/www.boattoursamana.com\/et\/wp-json\/wp\/v2\/media\/12428"}],"wp:attachment":[{"href":"https:\/\/www.boattoursamana.com\/et\/wp-json\/wp\/v2\/media?parent=12996"}],"wp:term":[{"taxonomy":"product_cat","embeddable":true,"href":"https:\/\/www.boattoursamana.com\/et\/wp-json\/wp\/v2\/product_cat?post=12996"},{"taxonomy":"product_tag","embeddable":true,"href":"https:\/\/www.boattoursamana.com\/et\/wp-json\/wp\/v2\/product_tag?post=12996"}],"curies":[{"name":"wp","href":"https:\/\/api.w.org\/{rel}","templated":true}]}}