{"id":13984,"date":"2022-03-17T14:52:59","date_gmt":"2022-03-17T14:52:59","guid":{"rendered":"https:\/\/www.ticketswhales.com\/?post_type=product&#038;p=13984"},"modified":"2023-10-19T15:18:55","modified_gmt":"2023-10-19T15:18:55","slug":"jarabacoa-buggy-with-baiguate-waterfall-double","status":"publish","type":"product","link":"https:\/\/www.boattoursamana.com\/et\/ringreis\/jarabacoa-karu-koos-baiguate-juga-topelt-2","title":{"rendered":"Jarabacoa k\u00e4ru koos Baiguate kose kahekordsega"},"content":{"rendered":"<div class=\"vc_row wpb_row vc_row-fluid\" ><div class=\"wpb_column vc_column_container vc_col-sm-12\"><div class=\"vc_column-inner\"><div class=\"wpb_wrapper\"><div class=\"mkdf-section-title-holder\" style=\"text-align: left\">\n\t<div class=\"mkdf-st-inner\">\n\t\t\t\t\t<h5 class=\"mkdf-st-subtitle\" >\n\t\t\t\tVanker \u2013 vankrid\t\t\t<\/h5>\n\t\t\t\t\t\t\t<h3 class=\"mkdf-st-title\" >\n\t\t\t\tJarabacoa koos Jimenoa ja Baiguate jugadega\t\t\t<\/h3>\n\t\t\t\t\t<\/div>\n<\/div><\/div><\/div><\/div><\/div><div class=\"vc_row wpb_row vc_row-fluid\" ><div class=\"wpb_column vc_column_container vc_col-sm-12\"><div class=\"vc_column-inner\"><div class=\"wpb_wrapper\"><div class=\"vc_btn3-container vc_btn3-inline\" ><a class=\"vc_general vc_btn3 vc_btn3-size-md vc_btn3-shape-rounded vc_btn3-style-modern vc_btn3-color-green\" href=\"https:\/\/bookingadventures.tours\/booking.php?tour_id=e29316590922029738666cca35b0d5d9\" title=\"\" rel=\"noopener\">BRONEERI KOHE<\/a><\/div>\n\t<div class=\"wpb_text_column wpb_content_element\" >\n\t\t<div class=\"wpb_wrapper\">\n\t\t\t<h3 class=\"ui_header h1 attractions-product-info-ProductTitle__title--1qM0o\">Jarabacoa k\u00e4ru koos Baiguate Waterfall Double<\/h3>\n<h4><b><i>\u00dclevaade <\/i><\/b><\/h4>\n<p><span style=\"font-weight: 400;\">Liituge meiega ja reisige koos kohaliku eksperdiga Jarabacoast ning saage ainulaadne kogemus \u00f6koturismi pealinna parimate paikade k\u00fclastamisest alates Jarabacoast. See ringreis viib teid ringi, et n\u00e4ha Dominikaani Vabariigi suurima m\u00e4girant\u0161o kaunist maastikku. Erinevatesse kohtadesse ringi s\u00f5ites tunnete m\u00e4gede \u00f5hku ja naudite maaelu ilu.\u00a0<\/span><\/p>\n<p><span style=\"font-weight: 400;\">Selle ekskursiooni jaoks saame j\u00f5uda erinevatesse kohtadesse. Teil on j\u00e4rgmised valikud: jalgrattas\u00f5it, ratsutamine, safari, neli ratast v\u00f5i k\u00e4ru. Ostke pilet veebist kohe ja nautige l\u00f5busalt Jarabacoa ja Dominikaani Vabariigi kultuuri tundma\u00f5ppimist, kui reisite linna parimatesse kohtadesse.<\/span><\/p>\n<p><span style=\"font-weight: 400;\">Jarabacoa on ilmastiku t\u00f5ttu igavese kevadvaheaja linn ja t\u00e4htsuselt teine omavalitsus la Vega provintsis. Ajaloo j\u00e4rgi t\u00e4hendab Jarabacoa \u201erohke vee koht\u201c. 27. septembril 1858 alustas Jarabacoa oma elu omavalitsusena, kategooria, mis saadi p\u00e4rast 19. sajandi algusest p\u00e4rit karj\u00e4\u00e4ri. Reisige koos meiega ja saage rohkem teada Dominikaani Vabariigi p\u00f5hjapiirkonna m\u00e4gede, looduse, kultuuri ja inimeste kohta.\u00a0<\/span><\/p>\n<ul>\n<li style=\"font-weight: 400;\">Tasud hinna sees<\/li>\n<li>L\u00f5unas\u00f6\u00f6k<\/li>\n<li>Suupisted<\/li>\n<li style=\"font-weight: 400;\">Kohalik giid inglise keeles<\/li>\n<\/ul>\n<h4><b>Kaasamised ja v\u00e4listused<\/b><\/h4>\n<p><b>Kaasamised<\/b><\/p>\n<ol>\n<li>L\u00f5unas\u00f6\u00f6k<\/li>\n<li style=\"font-weight: 400;\"><span style=\"font-weight: 400;\">K\u00f5ik maksud, tasud ja k\u00e4itlustasud<\/span><\/li>\n<li style=\"font-weight: 400;\"><span style=\"font-weight: 400;\">Kohalikud maksud<\/span><\/li>\n<li style=\"font-weight: 400;\"><span style=\"font-weight: 400;\">Joogid<\/span><\/li>\n<li>Suupisted<\/li>\n<li style=\"font-weight: 400;\"><span style=\"font-weight: 400;\">K\u00f5ik tegevused<\/span><\/li>\n<li style=\"font-weight: 400;\"><span style=\"font-weight: 400;\">Kohalik giid<\/span><\/li>\n<\/ol>\n<p><b> V\u00e4listused<\/b><\/p>\n<ol>\n<li style=\"font-weight: 400;\"><span style=\"font-weight: 400;\">Jootraha<\/span><\/li>\n<li>transport (m\u00e4\u00e4ratakse meiega \u00fchendust v\u00f5ttes)<\/li>\n<li style=\"font-weight: 400;\"><span style=\"font-weight: 400;\">Alkohoolsed joogid<\/span><\/li>\n<\/ol>\n<h4><em><strong>V\u00e4ljumine ja tagasitulek<\/strong><\/em><\/h4>\n<p><span style=\"font-weight: 400;\">Reisija saab p\u00e4rast broneerimisprotsessi kohtumispunkti. Ekskursioonid algavad ja l\u00f5ppevad meie kohtumispunktides.<\/span><\/p>\n<h3 class=\"ui_header h1 attractions-product-info-ProductTitle__title--1qM0o\">Jarabacoa k\u00e4ru koos Baiguate Waterfall Double<\/h3>\n<h4><b><i>Mida oodata?<\/i><\/b><\/h4>\n<p><span style=\"font-weight: 400;\">Hankige Buggy pilet Jarabacoa linnast Baiguate jugadele.\u00a0<\/span><\/p>\n<p><span style=\"font-weight: 400;\">Kui me r\u00e4\u00e4gime k\u00e4rudest, siis r\u00e4\u00e4gime maastikus\u00f5idukist, mis pakub ohutust ja juhitavust, v\u00f5imaldades samal ajal kasutajal s\u00f5idu ajal suuremat kontakti maastiku ja loodusega, mis teda \u00fcmbritseb. Tundke tuult, p\u00e4ikest, vihma, vaadake maastikku enda k\u00f5rval mugavas ja turvalises seadmes, mis on loodud nautima metsarada ja maastikul.<\/span><\/p>\n<p><span style=\"font-weight: 400;\">See ekskursioon algab kohtumiskohast, mille peate enne mis tahes asukohta suundumist kinnitama meie reisib\u00fcroode v\u00f5i oma giidiga. Kui olete oma giidiga kohtunud, saate \u00fclevaate ringk\u00e4igust ja k\u00f5igest, mis on teie p\u00e4evaga seotud.<\/span><\/p>\n<p><span style=\"font-weight: 400;\">Kui k\u00f5ik on valmis, alustame oma s\u00f5itu m\u00f5nesse Jarabacoa linna maapiirkonda, autok\u00e4ruga s\u00f5ites n\u00e4itavad riigi p\u00f5hjaosa konarlikud teed ja maapiirkonna m\u00e4gi\u00f5hk l\u00e4bi selle seikluse teile ilu ja loodust.<\/span><\/p>\n<p><span style=\"font-weight: 400;\">M\u00f5ned kohad, mida selle reisi ajal k\u00fclastate, on La Confluencia, kus kohtuvad Jimenoa ja Yaque Del Norte j\u00f5gi, Cieneguita ja Monte Arriba.\u00a0<\/span><\/p>\n<p><span style=\"font-weight: 400;\">P\u00e4rast umbes 30-kilomeetrist s\u00f5itu suundume Baiguate kose juurde 10-minutilisele matkale ja looduslikes basseinides ujumisele.\u00a0<\/span><\/p>\n<p><span style=\"font-weight: 400;\">Reisi selle osa jooksul saate minna umbes 1 tunni ujuma ja teha pausi, et proovida iga p\u00e4ev v\u00e4rskeid puuvilju, mis on korjatud Jarabacoa p\u00f5llumeeste maalt. Baiguate on 82 jala k\u00f5rgune langus ja see on ideaalne koht, kus enne linna naasmist veidi l\u00f5\u00f5gastuda.\u00a0\u00a0<\/span><\/p>\n<p><span style=\"font-weight: 400;\">Reisi selle osa jooksul saate minna umbes 1 tunni ujuma ja teha pausi, et proovida iga p\u00e4ev v\u00e4rskeid puuvilju, mis on korjatud Jarabacoa p\u00f5llumeeste maalt. Baiguate on 82 jala k\u00f5rgune langus ja see on ideaalne koht, kus enne linna naasmist veidi l\u00f5\u00f5gastuda.\u00a0\u00a0<\/span><\/p>\n<p><span style=\"font-weight: 400;\">Hiljem p\u00e4rast Baiguate juga suundume Ivon&#039;sisse, et proovida parimat kohalikku j\u00e4\u00e4tise maitset, mille on valmistanud kohalik ekspert, ja jalutada Duarte keskparki oma reisi viimaseks osaks. See on 6-tunnine tuur, mis annab teile v\u00f5imaluse Jarabacoat j\u00e4lgima, l\u00f5peb see ekskursioon samas kohas, kus see algas.<\/span><\/p>\n<p><span style=\"font-weight: 400;\">M\u00e4rkus. Need ekskursioonid on koos ametnike \u00f6koloogide reisijuhtidega. Palun broneerige aeg, sest pargis ei ole liiga palju spetsialiste.<\/span><\/p>\n<h4><em><strong>Mida peaksite kaasa v\u00f5tma?<\/strong><\/em><\/h4>\n<ul>\n<li style=\"font-weight: 400;\"><span style=\"font-weight: 400;\">Kaamera<\/span><\/li>\n<li style=\"font-weight: 400;\"><span style=\"font-weight: 400;\">T\u00f5rjuvad pungad<\/span><\/li>\n<li style=\"font-weight: 400;\"><span style=\"font-weight: 400;\">P\u00e4ikesekreem<\/span><\/li>\n<li style=\"font-weight: 400;\"><span style=\"font-weight: 400;\">M\u00fcts<\/span><\/li>\n<li style=\"font-weight: 400;\"><span style=\"font-weight: 400;\">Mugavad p\u00fcksid<\/span><\/li>\n<li style=\"font-weight: 400;\"><span style=\"font-weight: 400;\">Matkajalatsid metsa<\/span><\/li>\n<li style=\"font-weight: 400;\"><span style=\"font-weight: 400;\">Sandaalid kevadpiirkondadesse.<\/span><\/li>\n<li style=\"font-weight: 400;\"><span style=\"font-weight: 400;\">Ujumisriided<\/span><\/li>\n<\/ul>\n<h4><b><i>Hotelli j\u00e4reletulemine <\/i><\/b><\/h4>\n<p><span style=\"font-weight: 400;\">Sellel ekskursioonil pakutakse hotelli vastuv\u00f5ttu. Seadistasime j\u00e4reletulemise, et v\u00f5tta meiega \u00fchendust Whatsapi kaudu.<\/span><\/p>\n<p><b>M\u00e4rge:<\/b><span style=\"font-weight: 400;\"> Kui broneerite 24 tunni jooksul p\u00e4rast ekskursiooni\/ekskursiooni v\u00e4ljumisaega, saame korraldada lisatasu eest hotelli pealetulemise. Kui teie ost on l\u00f5pule viidud, saadame teile meie kohaliku giidi t\u00e4ieliku kontaktteabe (telefoninumber, e-posti aadress jne), et korraldada kohaletoomise korraldamine.<\/span><\/p>\n<h4><b><i>Lisateabe kinnitus <\/i><\/b><\/h4>\n<ol>\n<li>Piletid on kviitung p\u00e4rast selle ekskursiooni tasumist. Saate n\u00e4idata makset oma telefonis.<\/li>\n<li style=\"font-weight: 400;\"><span style=\"font-weight: 400;\">Kohtumispunkt v\u00f5etakse vastu p\u00e4rast broneerimisprotsessi.<\/span><\/li>\n<li style=\"font-weight: 400;\"><span style=\"font-weight: 400;\">Lastega peab kaasas olema t\u00e4iskasvanu.<\/span><\/li>\n<li style=\"font-weight: 400;\"><span style=\"font-weight: 400;\"> Pole ratastooliga ligip\u00e4\u00e4setav <\/span><\/li>\n<li style=\"font-weight: 400;\"><span style=\"font-weight: 400;\">Imikud peavad istuma s\u00fcles <\/span><\/li>\n<li style=\"font-weight: 400;\"><span style=\"font-weight: 400;\">Ei soovitata seljaprobleemidega reisijatele<\/span><\/li>\n<li style=\"font-weight: 400;\"><span style=\"font-weight: 400;\">Ei soovitata rasedatele reisijatele <\/span><\/li>\n<li style=\"font-weight: 400;\"><span style=\"font-weight: 400;\"> Puuduvad s\u00fcdameprobleemid ega muud t\u00f5sised haigusseisundid <\/span><\/li>\n<li style=\"font-weight: 400;\"><span style=\"font-weight: 400;\">Enamik reisijaid saab osaleda<\/span><\/li>\n<\/ol>\n<h4><b><i>T\u00fchistamispoliitika<\/i><\/b><\/h4>\n<p>T\u00e4ieliku tagasimakse saamiseks lugege palun meie t\u00fchistamiseeskirju\u00a0<a href=\"https:\/\/www.boattoursamana.com\/et\/online-broneerimine\/\" target=\"_blank\" rel=\"noopener\" data-saferedirecturl=\"https:\/\/www.google.com\/url?q=https:\/\/www.boattoursamana.com\/online-booking\/&amp;source=gmail&amp;ust=1672449202351000&amp;usg=AOvVaw1yAeVAPktmaVCqDujgUn90\">Kliki siia<\/a>. Vahendid l\u00e4hevad kaotsi, kui broneering t\u00fchistatakse samal reisip\u00e4eval.<\/p>\n\n\t\t<\/div>\n\t<\/div>\n<div class=\"vc_btn3-container vc_btn3-inline\" ><a class=\"vc_general vc_btn3 vc_btn3-size-md vc_btn3-shape-rounded vc_btn3-style-modern vc_btn3-color-green\" href=\"https:\/\/bookingadventures.tours\/booking.php?tour_id=e29316590922029738666cca35b0d5d9\" title=\"\" rel=\"noopener\">BRONEERI KOHE<\/a><\/div><\/div><\/div><\/div><\/div><div class=\"vc_row wpb_row vc_row-fluid\" ><div class=\"wpb_column vc_column_container vc_col-sm-12\"><div class=\"vc_column-inner\"><div class=\"wpb_wrapper\">\n\t<div class=\"wpb_video_widget wpb_content_element vc_clearfix   vc_video-aspect-ratio-169 vc_video-el-width-100 vc_video-align-left\" >\n\t\t<div class=\"wpb_wrapper\">\n\t\t\t<h2 class=\"wpb_heading wpb_video_heading\">Jarabacoa City video:<\/h2>\n\t\t\t<div class=\"wpb_video_wrapper\"><iframe loading=\"lazy\" title=\"Jarabacoa, Turismo entre rios y monta\u00f1a\" width=\"1100\" height=\"619\" src=\"https:\/\/www.youtube.com\/embed\/FRHfK4RS39A?feature=oembed\" frameborder=\"0\" allow=\"accelerometer; autoplay; clipboard-write; encrypted-media; gyroscope; picture-in-picture\" allowfullscreen><\/iframe><\/div>\n\t\t<\/div>\n\t<\/div>\n<\/div><\/div><\/div><\/div><div class=\"vc_row wpb_row vc_row-fluid\" ><\/div><div class=\"wpb_column vc_column_container vc_col-sm-12\"><div class=\"vc_column-inner\"><div class=\"wpb_wrapper\"><\/div><\/div><\/div><div class=\"vc_empty_space\"   style=\"height: 32px\"><span class=\"vc_empty_space_inner\"><\/span><\/div><div class=\"vc_row wpb_row vc_row-fluid\" ><div class=\"wpb_column vc_column_container vc_col-sm-12\"><div class=\"vc_column-inner\"><div class=\"wpb_wrapper\"><div class=\"vc_btn3-container vc_btn3-inline\" ><a class=\"vc_general vc_btn3 vc_btn3-size-md vc_btn3-shape-rounded vc_btn3-style-modern vc_btn3-color-green\" href=\"https:\/\/bookingadventures.tours\/booking.php?tour_id=e29316590922029738666cca35b0d5d9\" title=\"\" rel=\"noopener\">BRONEERI KOHE<\/a><\/div><\/div><\/div><\/div><\/div>","protected":false},"excerpt":{"rendered":"<p>Liituge meiega ja reisige koos kohaliku eksperdiga Jarabacoast ning saage ainulaadne kogemus \u00f6koturismi pealinna parimate kohtade k\u00fclastamisel alates Jarabacoast. See ringreis viib teid tundma Dominikaani Vabariigi suurima m\u00e4girant\u0161o kaunist maastikku. Erinevatest kohtadest l\u00e4bi s\u00f5ites tunnete m\u00e4gede \u00f5hku ja naudite maaelu ilu.<\/p>\n<p><strong>Valige ringk\u00e4igu kuup\u00e4ev:<\/strong><\/p>","protected":false},"featured_media":12529,"template":"","meta":[],"product_cat":[946,159,889,253],"product_tag":[895,892,891,890,896,894,893],"class_list":["post-13984","product","type-product","status-publish","has-post-thumbnail","hentry","product_cat-1-sabana-de-la-mar","product_cat-fees-entrace","product_cat-jarabacoa-buggy","product_cat-tours-and-excursions","product_tag-baiguate-waterfall","product_tag-jarabacoa-buggies","product_tag-jarabacoa-buggy","product_tag-jarabacoa-tour","product_tag-jimenoa-waterfall","product_tag-salto-baiguate","product_tag-salto-jimenoa"],"_links":{"self":[{"href":"https:\/\/www.boattoursamana.com\/et\/wp-json\/wp\/v2\/product\/13984","targetHints":{"allow":["GET"]}}],"collection":[{"href":"https:\/\/www.boattoursamana.com\/et\/wp-json\/wp\/v2\/product"}],"about":[{"href":"https:\/\/www.boattoursamana.com\/et\/wp-json\/wp\/v2\/types\/product"}],"wp:featuredmedia":[{"embeddable":true,"href":"https:\/\/www.boattoursamana.com\/et\/wp-json\/wp\/v2\/media\/12529"}],"wp:attachment":[{"href":"https:\/\/www.boattoursamana.com\/et\/wp-json\/wp\/v2\/media?parent=13984"}],"wp:term":[{"taxonomy":"product_cat","embeddable":true,"href":"https:\/\/www.boattoursamana.com\/et\/wp-json\/wp\/v2\/product_cat?post=13984"},{"taxonomy":"product_tag","embeddable":true,"href":"https:\/\/www.boattoursamana.com\/et\/wp-json\/wp\/v2\/product_tag?post=13984"}],"curies":[{"name":"wp","href":"https:\/\/api.w.org\/{rel}","templated":true}]}}