{"id":14264,"date":"2017-08-26T15:47:04","date_gmt":"2017-08-26T15:47:04","guid":{"rendered":"https:\/\/www.ticketswhales.com\/?post_type=product&#038;p=14264"},"modified":"2023-10-06T11:37:36","modified_gmt":"2023-10-06T11:37:36","slug":"los-haitises-all-in-one-from-las-terrenas","status":"publish","type":"product","link":"https:\/\/www.boattoursamana.com\/et\/ringreis\/los-haitises-koik-uhes-alates-las-terrenas","title":{"rendered":"Los Haitises k\u00f5ik \u00fches (s\u00fcstas\u00f5it, matkamine, paadis\u00f5it, koopas\u00f5it, ujumisbassein ja l\u00f5unas\u00f6\u00f6k) Las Terrenasest"},"content":{"rendered":"<div class=\"vc_row wpb_row vc_row-fluid\" ><div class=\"wpb_column vc_column_container vc_col-sm-12\"><div class=\"vc_column-inner\"><div class=\"wpb_wrapper\">\n\t<div class=\"wpb_text_column wpb_content_element\" >\n\t\t<div class=\"wpb_wrapper\">\n\t\t\t<h2>Los Haitises k\u00f5ik \u00fches (s\u00fcstas\u00f5it, matkamine, paadis\u00f5it, koopas\u00f5it, ujumisbassein ja l\u00f5unas\u00f6\u00f6k) Las Terrenasest<\/h2>\n<h4><b><i>\u00dclevaade <\/i><\/b><\/h4>\n<p><span style=\"font-weight: 400;\">Los Haitises All In One on p\u00f5genemine linnast, et sukelduda ajaloolise ja kalurilinna Sancheze ning Los Haitisese pealinna Sabana de la Mar vahel. Sanchezit tuntakse ekspordikeskusena ja selle poolest, et tal on rong, mis saabus sealt. La Vega provints ehitati 1800. aasta l\u00f5pus. Tule meiega ja naudi Los Haitisese rahvuspargi \u00fche uurimata ranna magedat vett, kus asub San Lorenzo laht. <\/span><\/p>\n<p><span style=\"font-weight: 400;\">Kohale p\u00e4\u00e4seb paadiga, \u00fcmbritsetud vihmametsade ja mangroovimetsadega. Sanchezist Los Haitisesesse navigeerides saate kontakti looduse ja selle pargi unustamatu maastikuga. See ekskursioon on segu s\u00fcstas\u00f5idust, paadis\u00f5idust, \u00fche koopa k\u00fclastamisest ja ujumisest riigi \u00fches olulisemas rahvuspargis, siin on suurem osa saare bioloogilisest mitmekesisusest ja suuruselt teine mangroovimets, kus on rohkem kui 98 metsa. km2.\u00a0<\/span><\/p>\n<p><span style=\"font-weight: 400;\">Meie kohalikud ja asjatundlikud t\u00f6\u00f6tajad hoolitsevad selle eest, et te t\u00f5esti tunneksite Taino kultuuri, nende ajalugu Los Haitises ja nende seost loodusega. See ekskursioon on \u00f6koturismi re\u017eiimis, kus kogukond m\u00e4ngib v\u00e4ga olulist rolli, nad on giidid, Capitan paadid ja autojuhid.<\/span><\/p>\n<p><span style=\"font-weight: 400;\">Booking Adventure&#039;i prioriteet on tagada, et saate parimast parima, alates pileti ostmisest kuni reisi l\u00f5petamiseni. Meie ekskursioonid on keskendunud keskkonnaharidusele, seiklustele ja kohalikule ajaloole ning selle reisi jooksul saate n\u00e4ha natuke k\u00f5ike.\u00a0<\/span><\/p>\n<h3><span style=\"font-weight: 400;\">Kaasamised ja v\u00e4listused<\/span><\/h3>\n<h6><strong>Kaasamised<\/strong><\/h6>\n<ul>\n<li><span style=\"font-weight: 400;\">Kiirpaat ja kapten\u00a0<\/span><\/li>\n<li><span style=\"font-weight: 400;\">S\u00fcstaga s\u00f5itmine\u00a0<\/span><\/li>\n<li>Matkarada<\/li>\n<li><span style=\"font-weight: 400;\">Suupisted (vesi, puuviljad, sooda)<\/span><\/li>\n<li>Kohalik l\u00f5unas\u00f6\u00f6k<\/li>\n<li><span style=\"font-weight: 400;\">K\u00f5ik maksud, tasud ja k\u00e4itlustasud<\/span><\/li>\n<li><span style=\"font-weight: 400;\">Ametnikud \u00d6koloogid juhendavad inglise\/hispaania keeles<\/span><\/li>\n<li><span style=\"font-weight: 400;\">Ujumine looduslikes basseinides v\u00f5i avastamata rannas\u00a0<\/span><\/li>\n<li><span style=\"font-weight: 400;\">Koopat\u00f6\u00f6<\/span><\/li>\n<li>Hotelli pealetulemine<\/li>\n<\/ul>\n<h6><strong>V\u00e4listused<\/strong><\/h6>\n<ul>\n<li><span style=\"font-weight: 400;\">Jootraha<\/span><\/li>\n<li><span style=\"font-weight: 400;\">Jook<\/span><\/li>\n<\/ul>\n<h6><strong>V\u00e4ljumine ja tagasitulek<\/strong><\/h6>\n<p><span style=\"font-weight: 400;\">Broneeringu seikluste korraldatav ringreis algab reisijuhi v\u00f5i personaliliikmega m\u00e4\u00e4ratud kohtumispaigas. Reisija saab p\u00e4rast broneerimisprotsessi kohtumispunkti. Ekskursioonid algavad ja l\u00f5pevad meie kohtumispunktides.<\/span><\/p>\n<h2>Los Haitises k\u00f5ik \u00fches (s\u00fcstas\u00f5it, matkamine, paadis\u00f5it, koopas\u00f5it, ujumisbassein ja l\u00f5unas\u00f6\u00f6k) Las Terrenasest<\/h2>\n<p><span style=\"font-weight: 400;\">Mida oodata?<\/span><\/p>\n<p><span style=\"font-weight: 400;\">Hankige pilet Eco-Adventure Tour Los Haitisese rahvuspargile k\u00f5ik \u00fches\u00a0<\/span><\/p>\n<p><span style=\"font-weight: 400;\">See ekskursioon algab kohtumiskohast, mille peate enne mis tahes asukohta suundumist kinnitama meie reisib\u00fcroode v\u00f5i oma giidiga. Kui olete oma giidiga kohtunud, saate \u00fclevaate ringk\u00e4igust ja k\u00f5igest, mis on teie p\u00e4evaga seotud.<\/span><\/p>\n<p><span style=\"font-weight: 400;\">Kui k\u00f5ik on valmis, suundume esimesse kohta Los Haitisese rajale, kus saate 30-minutilise matka, matka k\u00e4igus n\u00e4eme erinevaid endeemilisi taimi ja linde.\u00a0<\/span><\/p>\n<p><span style=\"font-weight: 400;\">P\u00e4rast matkamist j\u00f5uame tagasi paadi juurde ja s\u00f5idame Playita Las Almejasesse, kus on looduslikud basseinid, samal ajal kui navigeerime l\u00e4bi San Lorenzo lahe mangroovimetsa ja karvkatte, jagame teiega lugusid Los Haitisest, geoloogiast ja tutvume mangrooviliikidega. v\u00f5ttes \u00fcmber San Lorenzo lahe.\u00a0<\/span><\/p>\n<p><span style=\"font-weight: 400;\">Las Almejasesse j\u00f5udes peaksite oma ujumisriided valmis panema, et minna s\u00fcsta selga ja aerutada koos matkajuhiga liinikoopasse, \u00fclej\u00e4\u00e4nud t\u00f6\u00f6tajad ootavad teid, kuni olete tegevuse esimese osa l\u00f5petanud.<\/span><\/p>\n<p><span style=\"font-weight: 400;\">Reisi selle osa jooksul saate minna \u00fcmber Las Perlase vana sadamasse, mis on \u00fcks esimesi eurooplaste ehitatud ehitisi selles piirkonnas (umbes 1876. aastal) ja see oli \u00fchendatud rongiliiniga, mis oli kohv, banaanid ja k\u00f5ik, mida see eurooplaste seltskond t\u00e4nap\u00e4eva Los Haitises talus.\u00a0<\/span><\/p>\n<p><span style=\"font-weight: 400;\">Koopas, mida k\u00fclastate, on \u00fcle 1200 tainode maalitud piktogrammi, see oli viis end v\u00e4ljendada ja t\u00e4nap\u00e4eval r\u00e4\u00e4gib see kunst meile lugusid, mida me poleks arvanud, et me t\u00e4nap\u00e4eval kohtame. Kui olete siin l\u00f5petanud, suundume tagasi Playa de las Almejasesse suupistete ja ujumisaega.\u00a0<\/span><\/p>\n<p><span style=\"font-weight: 400;\">Tagasiteel sellest piirkonnast n\u00e4itame teile m\u00f5nda mangrooviliiki ja r\u00e4\u00e4gime mangroovimetsa t\u00e4htsusest \u00f6koloogia kui \u00f6kos\u00fcsteemi jaoks.<\/span><\/p>\n<p><span style=\"font-weight: 400;\">Kui oleme s\u00fcstas\u00f5idu ja ujumise l\u00f5petanud, teeme pausi, et s\u00fc\u00fca kohalikku l\u00f5unat, et nautida kohalikku k\u00f6\u00f6ki ning maitsta Kariibi mere saare parimat valget riisi ja punaseid ube.\u00a0<\/span><\/p>\n<p><span style=\"font-weight: 400;\">P\u00e4rast l\u00f5unas\u00f6\u00f6ki ja ujumist Los Haitisese rahvuspargis suundume tagasi Sanchezisse, tagasiteel nautige 30-minutilist s\u00f5itu Samana poolsaarele, see ekskursioon l\u00f5ppeb samas kohas, kus algas.<\/span><\/p>\n<p><span style=\"font-weight: 400;\">M\u00e4rkus. Need ekskursioonid on koos ametnike \u00f6koloogide reisijuhtidega. Palun broneerige aeg, sest pargis ei ole liiga palju spetsialiste.<\/span><\/p>\n<h6><strong>Mida peaksite kaasa v\u00f5tma?<\/strong><\/h6>\n<ul>\n<li style=\"font-weight: 400;\" aria-level=\"1\"><span style=\"font-weight: 400;\">Kaamera<\/span><\/li>\n<li style=\"font-weight: 400;\" aria-level=\"1\"><span style=\"font-weight: 400;\">Putukam\u00fcrk\u00a0<\/span><\/li>\n<li style=\"font-weight: 400;\" aria-level=\"1\"><span style=\"font-weight: 400;\">P\u00e4ikesekreem<\/span><\/li>\n<li style=\"font-weight: 400;\" aria-level=\"1\"><span style=\"font-weight: 400;\">Mugavad p\u00fcksid<\/span><\/li>\n<li style=\"font-weight: 400;\" aria-level=\"1\"><span style=\"font-weight: 400;\">Matkajalatsid<\/span><\/li>\n<li style=\"font-weight: 400;\" aria-level=\"1\"><span style=\"font-weight: 400;\">Vihmajope\u00a0<\/span><\/li>\n<li style=\"font-weight: 400;\" aria-level=\"1\"><span style=\"font-weight: 400;\">Ujumisriided\u00a0<\/span><\/li>\n<li style=\"font-weight: 400;\" aria-level=\"1\"><span style=\"font-weight: 400;\">R\u00e4tik<\/span><\/li>\n<li style=\"font-weight: 400;\" aria-level=\"1\"><span style=\"font-weight: 400;\">Kuivkott\u00a0\u00a0<\/span><\/li>\n<\/ul>\n<h4><b><i>Hotelli j\u00e4reletulemine <\/i><\/b><\/h4>\n<p><span style=\"font-weight: 400;\">Sellel ekskursioonil pakutakse hotelli vastuv\u00f5ttu. Just teie olete Santa Barbara de Samanas, Las Terrenases, Las Galeras ja Sanchezis\u00a0<\/span><\/p>\n<p><b>M\u00e4rge:<\/b><span style=\"font-weight: 400;\"> Kui teete broneeringu 24 tunni jooksul p\u00e4rast ekskursiooni\/ekskursiooni v\u00e4ljumisaega, saame korraldada lisatasudega hotelli pealetulemise mis tahes kohast Dominikaani Vabariigis. Kui teie ost on l\u00f5pule viidud, saadame teile meie kohaliku giidi t\u00e4ieliku kontaktteabe (telefoninumber, e-posti aadress jne), et korraldada kohaletoomise korraldamine.<\/span><\/p>\n<h4><b><i>Lisateabe kinnitus <\/i><\/b><\/h4>\n<ol>\n<li>Piletid on kviitung p\u00e4rast selle ekskursiooni tasumist. Saate n\u00e4idata makset oma telefonis.<\/li>\n<li style=\"font-weight: 400;\"><span style=\"font-weight: 400;\">Kohtumispunkt v\u00f5etakse vastu p\u00e4rast broneerimisprotsessi.<\/span><\/li>\n<li style=\"font-weight: 400;\"><span style=\"font-weight: 400;\">Lastega peab kaasas olema t\u00e4iskasvanu.<\/span><\/li>\n<li style=\"font-weight: 400;\"><span style=\"font-weight: 400;\"> Pole ratastooliga ligip\u00e4\u00e4setav <\/span><\/li>\n<li style=\"font-weight: 400;\"><span style=\"font-weight: 400;\">Imikud peavad istuma s\u00fcles <\/span><\/li>\n<li style=\"font-weight: 400;\"><span style=\"font-weight: 400;\">Ei soovitata seljaprobleemidega reisijatele<\/span><\/li>\n<li style=\"font-weight: 400;\"><span style=\"font-weight: 400;\">Ei soovitata rasedatele reisijatele <\/span><\/li>\n<li style=\"font-weight: 400;\"><span style=\"font-weight: 400;\"> Puuduvad s\u00fcdameprobleemid ega muud t\u00f5sised haigusseisundid <\/span><\/li>\n<li style=\"font-weight: 400;\"><span style=\"font-weight: 400;\">Enamik reisijaid saab osaleda<\/span><\/li>\n<\/ol>\n<h4><b><i>T\u00fchistamispoliitika<\/i><\/b><\/h4>\n<p><span style=\"font-weight: 400;\">T\u00e4ieliku tagasimakse saamiseks lugege palun meie t\u00fchistamiseeskirju\u00a0<a href=\"https:\/\/www.boattoursamana.com\/et\/online-broneerimine\/\" target=\"_blank\" rel=\"noopener\" data-saferedirecturl=\"https:\/\/www.google.com\/url?q=https:\/\/www.boattoursamana.com\/online-booking\/&amp;source=gmail&amp;ust=1672449202351000&amp;usg=AOvVaw1yAeVAPktmaVCqDujgUn90\">Kliki siia<\/a>. Vahendid l\u00e4hevad kaotsi, kui broneering t\u00fchistatakse samal reisip\u00e4eval.<\/span><\/p>\n\n\t\t<\/div>\n\t<\/div>\n<div class=\"mkdf-section-title-holder\" style=\"text-align: left\">\n\t<div class=\"mkdf-st-inner\">\n\t\t\t\t\t<h5 class=\"mkdf-st-subtitle\" >\n\t\t\t\t( K\u00f5ik \u00fches )\t\t\t<\/h5>\n\t\t\t\t\t\t\t<h3 class=\"mkdf-st-title\" >\n\t\t\t\tHaitises k\u00f5ik \u00fches (s\u00fcstas\u00f5it, matkamine, paadis\u00f5it, koopas\u00f5it, ujumisbassein ja l\u00f5unas\u00f6\u00f6k) Las Terrenasest\t\t\t<\/h3>\n\t\t\t\t\t\t\t<p class=\"mkdf-st-text\" >\n\t\t\t\tSee kogemus vajab v\u00e4hemalt 4 osalejat. Kui te pole 4-aastane, v\u00f5tke meiega julgelt \u00fchendust!\t\t\t<\/p>\n\t\t\t<\/div>\n<\/div><\/div><\/div><\/div><\/div><div class=\"vc_row wpb_row vc_row-fluid\" ><div class=\"wpb_column vc_column_container vc_col-sm-12\"><div class=\"vc_column-inner\"><div class=\"wpb_wrapper\">\n\t<div class=\"wpb_video_widget wpb_content_element vc_clearfix   vc_video-aspect-ratio-169 vc_video-el-width-100 vc_video-align-left\" >\n\t\t<div class=\"wpb_wrapper\">\n\t\t\t<h2 class=\"wpb_heading wpb_video_heading\">S\u00fcsta Los Haitises <\/h2>\n\t\t\t<div class=\"wpb_video_wrapper\"><iframe loading=\"lazy\" title=\"Kajaki- ja koopamatk Los Haitisese rahvuspargis, Dominikaani Vabariik\" width=\"1100\" height=\"619\" src=\"https:\/\/www.youtube.com\/embed\/ucU1uwB57wQ?feature=oembed\" frameborder=\"0\" allow=\"accelerometer; autoplay; clipboard-write; encrypted-media; gyroscope; picture-in-picture; web-share\" allowfullscreen><\/iframe><\/div>\n\t\t<\/div>\n\t<\/div>\n<\/div><\/div><\/div><\/div><div class=\"vc_row wpb_row vc_row-fluid\" ><\/div><div class=\"wpb_column vc_column_container vc_col-sm-12\"><div class=\"vc_column-inner\"><div class=\"wpb_wrapper\"><\/div><\/div><\/div><div class=\"vc_empty_space\"   style=\"height: 32px\"><span class=\"vc_empty_space_inner\"><\/span><\/div><div class=\"vc_empty_space\"   style=\"height: 32px\"><span class=\"vc_empty_space_inner\"><\/span><\/div>","protected":false},"excerpt":{"rendered":"<p><span style=\"font-weight: 400;\">P\u00f5genege linnast, et sukelduda ajaloolise ja kalurilinna Sancheze ning Los Haitises pealinna Sabana de la Mari vahele. Sanchez on tuntud ekspordikeskusena ja selle poolest, et 1800. aasta l\u00f5pus ehitas La vega provintsist saabunud rong Tulge meiega ja nautige \u00fche Los Haitisese rahvuspargi avastamata ranna magedat vett, kus asub San Lorenzo laht. Kohale p\u00e4\u00e4seb paadiga, \u00fcmbritsetud vihmametsade ja mangroovimetsadega. Sanchezist Los Haitisesesse navigeerides saate kontakti looduse ja selle pargi unustamatu maastikuga. See ekskursioon on segu s\u00fcstas\u00f5idust, paadis\u00f5idust, \u00fche koopa k\u00fclastamisest ja ujumisest riigi \u00fches olulisemas rahvuspargis, siin on suurem osa saare bioloogilisest mitmekesisusest ja suuruselt teine mangroovimets, kus on rohkem kui 98 metsa. km2.\u00a0<\/span><\/p>\n<p>&nbsp;<\/p>\n<p><strong><span style=\"vertical-align: inherit;\"><span style=\"vertical-align: inherit;\">Valige selle seikluse jaoks kuup\u00e4ev:<\/span><\/span><\/strong><\/p>","protected":false},"featured_media":14267,"template":"","meta":[],"product_cat":[456,946,878,928,168,920,927,934,1046,862,160,773,254,255],"product_tag":[422,268,174,173,577,576,571,570,569,317,316,206,1047,522,209,575,441,574,572,499,175,498,200,187,573],"class_list":["post-14264","product","type-product","status-publish","has-post-thumbnail","hentry","product_cat-day-trips","product_cat-1-sabana-de-la-mar","product_cat-altos-de-cano-hondo","product_cat-boat-trip-los-haitises","product_cat-caves","product_cat-group-tours","product_cat-hiking-los-haitises","product_cat-kayaking-los-haitises","product_cat-las-terrenas","product_cat-los-haitises-national-park","product_cat-lunch","product_cat-private-tours-excursions","product_cat-tours-excursions-los-haitises-national-park","product_cat-tours-excursions-samana-bay-dominican-republic","product_tag-cano-hondo-sabana-de-la-mar","product_tag-caves-los-haitises","product_tag-eco-tours","product_tag-excursion","product_tag-hike-kayak","product_tag-hike-kayak-los-haitises-national-park","product_tag-hiking-los-haitises","product_tag-hiking-sabana-de-la-mar","product_tag-hiking-samana","product_tag-kayak-tour","product_tag-kayaking","product_tag-kayaking-los-haitises","product_tag-las-galeras-excursions","product_tag-las-terrenas-excursions","product_tag-los-haitises-national-park","product_tag-los-haitises-national-park-entrance-fee","product_tag-los-haitises-national-park-tour-from-las-terrenas","product_tag-los-haitises-national-park-tour-from-santo-domingo","product_tag-los-haitises-national-park-weather","product_tag-los-haitises-sabana-de-la-mar","product_tag-sabana-de-la-mar","product_tag-sabana-de-la-mar-tour","product_tag-samana-excursions","product_tag-samana-tours","product_tag-secrets-of-los-haitises"],"_links":{"self":[{"href":"https:\/\/www.boattoursamana.com\/et\/wp-json\/wp\/v2\/product\/14264","targetHints":{"allow":["GET"]}}],"collection":[{"href":"https:\/\/www.boattoursamana.com\/et\/wp-json\/wp\/v2\/product"}],"about":[{"href":"https:\/\/www.boattoursamana.com\/et\/wp-json\/wp\/v2\/types\/product"}],"wp:featuredmedia":[{"embeddable":true,"href":"https:\/\/www.boattoursamana.com\/et\/wp-json\/wp\/v2\/media\/14267"}],"wp:attachment":[{"href":"https:\/\/www.boattoursamana.com\/et\/wp-json\/wp\/v2\/media?parent=14264"}],"wp:term":[{"taxonomy":"product_cat","embeddable":true,"href":"https:\/\/www.boattoursamana.com\/et\/wp-json\/wp\/v2\/product_cat?post=14264"},{"taxonomy":"product_tag","embeddable":true,"href":"https:\/\/www.boattoursamana.com\/et\/wp-json\/wp\/v2\/product_tag?post=14264"}],"curies":[{"name":"wp","href":"https:\/\/api.w.org\/{rel}","templated":true}]}}