{"id":14291,"date":"2022-11-02T08:35:02","date_gmt":"2022-11-02T08:35:02","guid":{"rendered":"https:\/\/www.ticketswhales.com\/?post_type=product&#038;p=14291"},"modified":"2023-10-12T02:05:54","modified_gmt":"2023-10-12T02:05:54","slug":"punta-cana-los-haitises-national-park-yanigua-waterfalls-montana-redonda","status":"publish","type":"product","link":"https:\/\/www.boattoursamana.com\/et\/ringreis\/punta-cana-los-haitisese-rahvuspark-yanigua-kosed-ja-montana-redonda-2","title":{"rendered":"Punta Cana: Los Haitisese rahvuspark, Yanigua kosed ja Montana Redonda"},"content":{"rendered":"<div class=\"vc_row wpb_row vc_row-fluid\" ><div class=\"wpb_column vc_column_container vc_col-sm-12\"><div class=\"vc_column-inner\"><div class=\"wpb_wrapper\"><div class=\"mkdf-section-title-holder\" style=\"text-align: left\">\n\t<div class=\"mkdf-st-inner\">\n\t\t\t\t\t<h5 class=\"mkdf-st-subtitle\" >\n\t\t\t\tTransport ja l\u00f5unas\u00f6\u00f6k hinna sees\t\t\t<\/h5>\n\t\t\t\t\t\t\t<h3 class=\"mkdf-st-title\" >\n\t\t\t\tPunta Cana: Los Haitisese rahvuspark, Yanigua kosed ja Montana Redonda\t\t\t<\/h3>\n\t\t\t\t\t<\/div>\n<\/div><\/div><\/div><\/div><\/div><div class=\"vc_row wpb_row vc_row-fluid\" ><div class=\"wpb_column vc_column_container vc_col-sm-12\"><div class=\"vc_column-inner\"><div class=\"wpb_wrapper\"><div class=\"vc_btn3-container vc_btn3-inline\" ><a class=\"vc_general vc_btn3 vc_btn3-size-md vc_btn3-shape-rounded vc_btn3-style-modern vc_btn3-color-green\" href=\"https:\/\/bookingadventures.tours\/booking.php?tour_id=8081df21d5fc51981b39e270d99ab5ab\" title=\"\" rel=\"noopener\">BRONEERI KOHE <\/a><\/div>\n\t<div class=\"wpb_text_column wpb_content_element\" >\n\t\t<div class=\"wpb_wrapper\">\n\t\t\t<h3>Punta Cana: Los Haitisese rahvuspark, Yanigua kosed ja Montana Redonda<\/h3>\n<h4><b><i>\u00dclevaade <\/i><\/b><\/h4>\n<p>Los Haitisese rahvuspargi ekskursioon Punta Cana p\u00e4evareisilt. Alustades oma hotellist Punta Canas v\u00f5i Bavaros. S\u00f5idame koos oma giidiga Montana Redondasse. Kus teil on aega teha h\u00e4mmastavaid fotosid Dominikaani Vabariigi \u00fchest k\u00f5ige muljetavaldavamast vaatest. P\u00e4rast esimest peatust j\u00e4tkame Los Haitisese rahvuspargi k\u00fclastamist, suupisteid ja t\u00fc\u00fcpilisi jooke, samal ajal kui liigume ringi mangroovides, koobastes ja kuulsatel kivisaaridel nagu Jurassic Parkis. P\u00e4rast Los Haitisese rahvuspargi k\u00fclastamist ootab meid l\u00f5unas\u00f6\u00f6k Yanigua koskedes. P\u00e4rast kohalikku ja gastronoomilist kohalikku l\u00f5unas\u00f6\u00f6ki peab teil olema aega ujuda ainulaadsetes looduslikes basseinides, mille vesi p\u00e4rineb Los Haitisese rahvuspargist.<\/p>\n<p>P\u00e4rast seda kogemust j\u00f5uate tagasi Punta Cana kogukonda, kust me teile j\u00e4rele tuleme.<\/p>\n<ul>\n<li style=\"font-weight: 400;\">Tasud hinna sees<\/li>\n<li>L\u00f5unas\u00f6\u00f6k<\/li>\n<li>Suupisted<\/li>\n<li style=\"font-weight: 400;\">Kohalik reisijuht inglise v\u00f5i prantsuse keeles<\/li>\n<li>Transport<\/li>\n<li>Laevareis<\/li>\n<li>Montana Redonda<\/li>\n<li>Yanigua juga<\/li>\n<\/ul>\n<p>&nbsp;<\/p>\n<h4><b>Kaasamised ja v\u00e4listused<\/b><\/h4>\n<p>&nbsp;<\/p>\n<p><b>Kaasamised<\/b><\/p>\n<ol>\n<li style=\"font-weight: 400;\">Los Haitisese ringreis + koopad ja pildid<\/li>\n<li>Montana Redonda<\/li>\n<li>Yanigua kosed<\/li>\n<li>L\u00f5unas\u00f6\u00f6k<\/li>\n<li>Hotellide pealev\u00f5tmine Punta Cana piirkondades.<\/li>\n<li style=\"font-weight: 400;\"><span style=\"font-weight: 400;\">K\u00f5ik maksud, tasud ja k\u00e4itlustasud<\/span><\/li>\n<li style=\"font-weight: 400;\"><span style=\"font-weight: 400;\">Kohalikud maksud<\/span><\/li>\n<li style=\"font-weight: 400;\"><span style=\"font-weight: 400;\">Joogid<\/span><\/li>\n<li>Suupisted<\/li>\n<li style=\"font-weight: 400;\"><span style=\"font-weight: 400;\">K\u00f5ik tegevused<\/span><\/li>\n<li style=\"font-weight: 400;\"><span style=\"font-weight: 400;\">Kohalik giid<\/span><\/li>\n<\/ol>\n<p><b> V\u00e4listused<\/b><\/p>\n<ol>\n<li style=\"font-weight: 400;\"><span style=\"font-weight: 400;\">Jootraha<\/span><\/li>\n<li style=\"font-weight: 400;\"><span style=\"font-weight: 400;\">Alkohoolsed joogid<\/span><\/li>\n<\/ol>\n<p>&nbsp;<\/p>\n<h4><em><strong>V\u00e4ljumine ja tagasitulek<\/strong><\/em><\/h4>\n<p><span style=\"font-weight: 400;\">Reisija saab p\u00e4rast broneerimisprotsessi kohtumispunkti. Ekskursioonid algavad ja l\u00f5ppevad meie kohtumispunktides.<\/span><\/p>\n<h4><\/h4>\n<h3>Punta Cana: Los Haitisese rahvuspark, Yanigua kosed ja Montana Redonda<\/h3>\n<h4><b><i>Mida oodata?<\/i><\/b><\/h4>\n<p><em><strong>Hankige oma piletid<\/strong><\/em> Los Haitisese rahvuspargi ekskursiooni k\u00fclastamiseks Punta Canast.<\/p>\n<p>The\u00a0<strong>Dominikaani Vabariigi troopiline loodus<\/strong>\u00a0on \u00fcks peamisi\u00a0<strong>vaatamisv\u00e4\u00e4rsused<\/strong>\u00a0riigis. T\u00e4na tahame teile pakkuda a\u00a0<strong>ainulaadne ekskursioon<\/strong>\u00a0mida saate teha Punta Canast ja mis h\u00f5lmab kolme koha k\u00fclastust, kus maastikud j\u00e4tavad teid s\u00f5natuks.<\/p>\n<p>Esimene neist on\u00a0<em>\u00dcmmargune m\u00e4gi<\/em>, koht, mis on viimastel aastatel kuulsaks saanud oma\u00a0<strong>panoraamvaade<\/strong>\u00a0\u00fcle Kariibi mere, kus\u00a0<strong>pildid kiigel<\/strong>\u00a0mis vaatab silmapiiri poole, on teinud sellest \u00fche\u00a0<strong>enim pildistatud kohad Dominikaani Vabariigis<\/strong>.<\/p>\n<p><strong>Los Haitisese rahvuspark<\/strong>\u00a0on meie j\u00e4rgmine sihtkoht kaardil, piirkond, kus\u00a0<strong>meri, mangroovid, d\u017eungel<\/strong>\u00a0ja isegi\u00a0<strong>arheoloogilised s\u00e4ilmed<\/strong>\u00a0koobastesse peidetud, paljastavad k\u00f5ik\u00a0<strong>looduslik v\u00f5lu, mida riik pakub<\/strong>. Selle v\u00e4ikesed k\u00fcnkad t\u00e4is taimestikku on ka ideaalne koht linnuvaatluseks, mida leiate ainult siit.<\/p>\n<p>Pargi sees on veel \u00fcks\u00a0<strong>maagiline koht: Yanigua Ranchi kosed<\/strong>. See t\u00e4helepanuv\u00e4\u00e4rne juga on\u00a0<strong>ideaalne koht \u00fchenduse katkestamiseks<\/strong>\u00a0Punta Cana turistide massidest, mida \u00fcmbritseb paks taimestik, mis paneb meid arvama, et oleme l\u00e4himast linnast rohkem kui 100 kilomeetri kaugusel, kuigi see tegelikult pole nii.<\/p>\n<div class=\"body-description secondary\">\n<p>Peale l\u00f5unat j\u00f5uame tagasi Punta Canasse!!<\/p>\n<h2 id=\"headline-62-1277\" class=\"ct-headline\">Ekskursiooni marsruut<\/h2>\n<div id=\"_rich_text-77-1277\" class=\"oxy-rich-text\">\n<p>Selle ekskursiooni marsruut on j\u00e4rgmine:<\/p>\n<ul>\n<li><strong>06:50 hommikul<\/strong>\u00a0\u2013 Tulen teile hotelli j\u00e4rele.<\/li>\n<li><strong>08:30 hommikul<\/strong>\u00a0\u2013 Saabumine \u00fcmarale m\u00e4ele, mis on ainulaadne maastik kogu riigis.<\/li>\n<li><strong>10:30 hommikul<\/strong>\u00a0\u2013 V\u00e4ljub Sabana de la Marist kiirpaadiga Haitisese rahvuspargi suunas. Tee peal n\u00e4eme\u00a0<strong>eksootilised linnud<\/strong>, ja j\u00f5uame kohale\u00a0<strong>koopad<\/strong>\u00a0kus n\u00e4ha saab\u00a0<strong>p\u00f5lisrahvaste maalid<\/strong>.<\/li>\n<li><strong>12:30<\/strong>\u00a0<strong>pm\u00a0<\/strong>\u2013 Minge s\u00fcgavale d\u017eunglisse, kuni j\u00f5uame Yanigua Ranchi jugade juurde, mis on ideaalne koht l\u00f5unas\u00f6\u00f6giks ja supluseks. V\u00f5ite v\u00f5tta ka ravimuda vanni.<\/li>\n<li><strong>02:00<\/strong>\u00a0<strong>pm<\/strong>\u00a0\u2013 Sa v\u00f5id maitsta\u00a0<strong>kohv ja kakao<\/strong>\u00a0kohalikest taludest ja rant\u0161odest.<\/li>\n<li><strong>03:00<\/strong>\u00a0<strong>pm<\/strong>\u2013 K\u00fclastage\u00a0<strong>sinise merevaigu kaevandus<\/strong>.<\/li>\n<li><strong>04:30 \u00f5htul<\/strong>\u00a0\u2013 Peatuge fotograafilises vaatepunktis, kus n\u00e4ete Haitisese rahvuspargi hiilgust.<\/li>\n<li><strong>05:00 \u00f5htul<\/strong>\u00a0\u2013 L\u00f5puks juhatab giid meid selle koha \u00fche uudishimulikuma ehitise juurde,\u00a0<em>Tarzani maja<\/em>, mis asub \u00fcle 100 jala k\u00f5rguses puus.<\/li>\n<li><strong>06:00 \u00f5htul<\/strong>\u00a0\u2013 Tagasi hotellidesse meie transpordiga.<\/li>\n<\/ul>\n<p><em>* \u00dclaltoodud ajad on ligikaudsed<\/em><\/p>\n<\/div>\n<\/div>\n<p>Kui teile meeldib see reis kauem v\u00f5i l\u00fchem, v\u00f5tke meiega \u00fchendust.<\/p>\n<p>&nbsp;<\/p>\n<h4><em><strong>Mida peaksite kaasa v\u00f5tma?<\/strong><\/em><\/h4>\n<ul>\n<li style=\"font-weight: 400;\"><span style=\"font-weight: 400;\">Kaamera<\/span><\/li>\n<li style=\"font-weight: 400;\"><span style=\"font-weight: 400;\">T\u00f5rjuvad pungad<\/span><\/li>\n<li style=\"font-weight: 400;\"><span style=\"font-weight: 400;\">P\u00e4ikesekreem<\/span><\/li>\n<li style=\"font-weight: 400;\"><span style=\"font-weight: 400;\">M\u00fcts<\/span><\/li>\n<li style=\"font-weight: 400;\"><span style=\"font-weight: 400;\">Mugavad p\u00fcksid<\/span><\/li>\n<li style=\"font-weight: 400;\"><span style=\"font-weight: 400;\">Matkajalatsid metsa<\/span><\/li>\n<li style=\"font-weight: 400;\"><span style=\"font-weight: 400;\">Sandaalid kevadpiirkondadesse.<\/span><\/li>\n<li style=\"font-weight: 400;\"><span style=\"font-weight: 400;\">Ujumisriided<\/span><\/li>\n<\/ul>\n<p>&nbsp;<\/p>\n<h4><b><i>Hotelli j\u00e4reletulemine <\/i><\/b><\/h4>\n<p><span style=\"font-weight: 400;\">Sellel ekskursioonil pakutakse hotelli vastuv\u00f5ttu. Valige siit hotelli nimi ja aeg. Kui teie hotelli nimekirjas pole, v\u00f5tke meiega \u00fchendust.<\/span><\/p>\n<p>&nbsp;<\/p>\n<p><b>M\u00e4rge:<\/b><span style=\"font-weight: 400;\"> Kui broneerite 24 tunni jooksul p\u00e4rast ekskursiooni\/ekskursiooni v\u00e4ljumisaega, saame korraldada lisatasu eest hotelli pealetulemise. Kui teie ost on l\u00f5pule viidud, saadame teile meie kohaliku giidi t\u00e4ieliku kontaktteabe (telefoninumber, e-posti aadress jne), et korraldada kohaletoomise korraldamine.<\/span><\/p>\n<h4><b><i>Lisateabe kinnitus <\/i><\/b><\/h4>\n<ol>\n<li>Piletid on kviitung p\u00e4rast selle ekskursiooni tasumist. Saate n\u00e4idata makset oma telefonis.<\/li>\n<li style=\"font-weight: 400;\"><span style=\"font-weight: 400;\">Kohtumispunkt v\u00f5etakse vastu p\u00e4rast broneerimisprotsessi.<\/span><\/li>\n<li style=\"font-weight: 400;\"><span style=\"font-weight: 400;\">Lastega peab kaasas olema t\u00e4iskasvanu.<\/span><\/li>\n<li style=\"font-weight: 400;\"><span style=\"font-weight: 400;\"> Pole ratastooliga ligip\u00e4\u00e4setav <\/span><\/li>\n<li style=\"font-weight: 400;\"><span style=\"font-weight: 400;\">Imikud peavad istuma s\u00fcles <\/span><\/li>\n<li style=\"font-weight: 400;\"><span style=\"font-weight: 400;\">Ei soovitata seljaprobleemidega reisijatele<\/span><\/li>\n<li style=\"font-weight: 400;\"><span style=\"font-weight: 400;\">Ei soovitata rasedatele reisijatele <\/span><\/li>\n<li style=\"font-weight: 400;\"><span style=\"font-weight: 400;\"> Puuduvad s\u00fcdameprobleemid ega muud t\u00f5sised haigusseisundid <\/span><\/li>\n<li style=\"font-weight: 400;\"><span style=\"font-weight: 400;\">Enamik reisijaid saab osaleda<\/span><\/li>\n<\/ol>\n<h4><b><i>T\u00fchistamispoliitika<\/i><\/b><\/h4>\n<p>T\u00e4ieliku tagasimakse saamiseks lugege palun meie t\u00fchistamiseeskirju\u00a0<a href=\"https:\/\/www.boattoursamana.com\/et\/online-broneerimine\/\" target=\"_blank\" rel=\"noopener\" data-saferedirecturl=\"https:\/\/www.google.com\/url?q=https:\/\/www.boattoursamana.com\/online-booking\/&amp;source=gmail&amp;ust=1672308980019000&amp;usg=AOvVaw26v5FL8g3-3hyHN76KOvdD\">Kliki siia<\/a>. Vahendid l\u00e4hevad kaotsi, kui broneering t\u00fchistatakse samal reisip\u00e4eval.<\/p>\n\n\t\t<\/div>\n\t<\/div>\n<div class=\"vc_btn3-container vc_btn3-inline\" ><a class=\"vc_general vc_btn3 vc_btn3-size-md vc_btn3-shape-rounded vc_btn3-style-modern vc_btn3-color-green\" href=\"https:\/\/bookingadventures.tours\/booking.php?tour_id=8081df21d5fc51981b39e270d99ab5ab\" title=\"\" rel=\"noopener\">BRONEERI KOHE <\/a><\/div><\/div><\/div><\/div><\/div><div class=\"vc_row wpb_row vc_row-fluid\" ><div class=\"wpb_column vc_column_container vc_col-sm-12\"><div class=\"vc_column-inner\"><div class=\"wpb_wrapper\"><div class=\"vc_empty_space\"   style=\"height: 32px\"><span class=\"vc_empty_space_inner\"><\/span><\/div>\n\t<div class=\"wpb_video_widget wpb_content_element vc_clearfix   vc_video-aspect-ratio-169 vc_video-el-width-100 vc_video-align-left\" >\n\t\t<div class=\"wpb_wrapper\">\n\t\t\t<h2 class=\"wpb_heading wpb_video_heading\">Los Haitisese rahvuspargi video:<\/h2>\n\t\t\t<div class=\"wpb_video_wrapper\"><iframe loading=\"lazy\" title=\"Los Haitisese rahvuspark, ekskursioonid ja ekskursioonid Samanast v\u00f5i Sabana de la Marist. Broneerige siit:\" src=\"https:\/\/player.vimeo.com\/video\/346508015?dnt=1&amp;app_id=122963\" width=\"1100\" height=\"619\" frameborder=\"0\" allow=\"autoplay; fullscreen\" allowfullscreen><\/iframe><\/div>\n\t\t<\/div>\n\t<\/div>\n<div class=\"vc_empty_space\"   style=\"height: 32px\"><span class=\"vc_empty_space_inner\"><\/span><\/div><\/div><\/div><\/div><\/div><div class=\"vc_row wpb_row vc_row-fluid\" ><div class=\"wpb_column vc_column_container vc_col-sm-12\"><div class=\"vc_column-inner\"><div class=\"wpb_wrapper\"><div class=\"vc_empty_space\"   style=\"height: 32px\"><span class=\"vc_empty_space_inner\"><\/span><\/div>\n\t<div class=\"wpb_text_column wpb_content_element\" >\n\t\t<div class=\"wpb_wrapper\">\n\t\t\t<h4>V\u00f5ta meiega \u00fchendust?<\/h4>\n<h5><em><strong>Seikluste broneerimine<\/strong><\/em><\/h5>\n<p><em><strong>Kohalikud<\/strong>\u00a0ja\u00a0<strong>Rahvuslased<\/strong>\u00a0Giidid ja k\u00fclalisteteenused<\/em><\/p>\n<p><span class=\"text-turquoise\">Broneeringud:<\/span>\u00a0Reisid ja ekskursioonid Domis. Rep.<\/p>\n<p><img decoding=\"async\" class=\"emoji\" draggable=\"false\" src=\"https:\/\/s.w.org\/images\/core\/emoji\/11.2.0\/svg\/1f4de.svg\" alt=\"\ud83d\udcde\" title=\"\">\u00a0Tel \/ Whatsapp\u00a0\u00a0<a href=\"tel:+1-809-720-6035\">+1-809-720-6035<\/a>.<\/p>\n<p><img decoding=\"async\" class=\"emoji\" draggable=\"false\" src=\"https:\/\/s.w.org\/images\/core\/emoji\/11.2.0\/svg\/1f4e9.svg\" alt=\"\ud83d\udce9\" title=\"\">\u00a0<a href=\"mailto:info@bookingadventures.com.do\">info@bookingadventures.com.do<\/a><\/p>\n<p><strong>Me korraldame paindlikult Whatsapi privaatreise:\u00a0<a href=\"tel:+18097206035\">+18097206035.<\/a><\/strong><\/p>\n\n\t\t<\/div>\n\t<\/div>\n<div class=\"vc_empty_space\"   style=\"height: 32px\"><span class=\"vc_empty_space_inner\"><\/span><\/div><\/div><\/div><\/div><\/div>","protected":false},"excerpt":{"rendered":"<p>Ekskursioon Punta Canast: Los Haitisese rahvuspark, Yanigua kosed ja Montana Redonda. Sisaldab l\u00f5unas\u00f6\u00f6ki ja transporti kolme peamise koopa k\u00fclastuseks, 2 erineva mangroovide \u00f6kos\u00fcsteemi, vaadete ja ujumisbasseinide avastamiseks.<\/p>\n<p>Terve p\u00e4eva reis kohaliku giidiga Los Haitisese rahvusparki. Los Haitisese rahvuspargi Caysi, mangroovide, taimestiku, linnustiku, koopate, piltide ja Sabana de la Mari ajalooliste piirkondade k\u00fclastamine Los Haitisese rahvuspargis. Suurep\u00e4rased vaated Montana Redondas ja l\u00f5unas\u00f6\u00f6k pluss basseinid Yanigua jugades.<\/p>\n<p>&nbsp;<\/p>\n<p><strong>Palun valige ringk\u00e4igu kuup\u00e4ev:\u00a0<\/strong><\/p>","protected":false},"featured_media":14278,"template":"","meta":[],"product_cat":[948,946,928,168,1050,1049],"product_tag":[268,296,267,171,209,440,441,299,1052,212,297,222,298,269,1053,1051],"class_list":["post-14291","product","type-product","status-publish","has-post-thumbnail","hentry","product_cat-1-punta-cana","product_cat-1-sabana-de-la-mar","product_cat-boat-trip-los-haitises","product_cat-caves","product_cat-waterfalls-los-haitises","product_cat-yanigua-waterfalls-montana-redonda","product_tag-caves-los-haitises","product_tag-day-trip-punta-cana","product_tag-las-terrenas","product_tag-los-haitises","product_tag-los-haitises-national-park","product_tag-los-haitises-national-park-map","product_tag-los-haitises-national-park-tour-from-las-terrenas","product_tag-los-haitises-national-park-tours-excursions","product_tag-los-haitises-waterfall","product_tag-mangroves-los-haitises","product_tag-montana-redonda-tours-excursion","product_tag-punta-cana","product_tag-punta-cana-tours-excursions","product_tag-transportation-los-haitises","product_tag-waterfalls-dominican-republic","product_tag-yanigua-waterfalls"],"_links":{"self":[{"href":"https:\/\/www.boattoursamana.com\/et\/wp-json\/wp\/v2\/product\/14291","targetHints":{"allow":["GET"]}}],"collection":[{"href":"https:\/\/www.boattoursamana.com\/et\/wp-json\/wp\/v2\/product"}],"about":[{"href":"https:\/\/www.boattoursamana.com\/et\/wp-json\/wp\/v2\/types\/product"}],"wp:featuredmedia":[{"embeddable":true,"href":"https:\/\/www.boattoursamana.com\/et\/wp-json\/wp\/v2\/media\/14278"}],"wp:attachment":[{"href":"https:\/\/www.boattoursamana.com\/et\/wp-json\/wp\/v2\/media?parent=14291"}],"wp:term":[{"taxonomy":"product_cat","embeddable":true,"href":"https:\/\/www.boattoursamana.com\/et\/wp-json\/wp\/v2\/product_cat?post=14291"},{"taxonomy":"product_tag","embeddable":true,"href":"https:\/\/www.boattoursamana.com\/et\/wp-json\/wp\/v2\/product_tag?post=14291"}],"curies":[{"name":"wp","href":"https:\/\/api.w.org\/{rel}","templated":true}]}}