{"id":16552,"date":"2023-10-29T11:41:45","date_gmt":"2023-10-29T11:41:45","guid":{"rendered":"https:\/\/www.ticketswhales.com\/?post_type=product&#038;p=16552"},"modified":"2023-10-29T12:15:58","modified_gmt":"2023-10-29T12:15:58","slug":"los-haitises-national-park-lunch-at-cano-hondo-from-sabana-de-la-mar-copy","status":"publish","type":"product","link":"https:\/\/www.boattoursamana.com\/et\/ringreis\/los-haitises-rahvuspargi-lounasook-cano-hondos-alates-sabana-de-la-mar-copy","title":{"rendered":"Los Haitisese rahvuspark + l\u00f5unas\u00f6\u00f6k Ca\u00f1o Hondos Sabana de la Marist (koopia)"},"content":{"rendered":"<div class=\"vc_row wpb_row vc_row-fluid\" ><div class=\"wpb_column vc_column_container vc_col-sm-12\"><div class=\"vc_column-inner\"><div class=\"wpb_wrapper\">\n\t<div class=\"wpb_text_column wpb_content_element\" >\n\t\t<div class=\"wpb_wrapper\">\n\t\t\t<div class=\"mkdf-single-product-content\">\n<div class=\"woocommerce-product-gallery woocommerce-product-gallery--with-images woocommerce-product-gallery--columns-4 images\" data-columns=\"4\"><\/div>\n<\/div>\n<div class=\"woocommerce-tabs wc-tabs-wrapper\">\n<div id=\"tab-description\" class=\"woocommerce-Tabs-panel woocommerce-Tabs-panel--description panel entry-content wc-tab\" role=\"tabpanel\" aria-labelledby=\"tab-title-description\">\n<div class=\"vc_row wpb_row vc_row-fluid\"><a id=\"overview\" class=\"aal_anchor\" style=\"font-size: 25px; font-weight: bold; letter-spacing: -0.005em;\" href=\"https:\/\/bookingadventures.com.do\/dominicantour\/los-haitises-national-park-lunch-at-cano-hondo-from-sabana-de-la-mar\/#overview\" aria-hidden=\"true\" rel=\"noopener\"><\/a><b style=\"color: #303030; font-size: 25px; letter-spacing: -0.005em;\"><i>\u00dclevaade<\/i><\/b><\/div>\n<p>Terve p\u00e4eva reis Los Haitisese rahvusparki ja l\u00f5unas\u00f6\u00f6k Ca\u00f1o Hondos ning ujumine Natural Springsis. Tulge meiega ja k\u00fclastage Dominikaani Vabariigi kauneimat rahvusparki, k\u00fclastades mangroove, koopaid ja San Lorenzo lahte. Nad tagasi Ca\u00f1o Hondo sadamasse, et matkata. 15 minuti p\u00e4rast saab nautida t\u00fc\u00fcpilist l\u00f5unas\u00f6\u00f6ki merevaatega Los Haitisese rahvusparki. Peale seda Ujumine looduslikus kevades kuni kella 16:30ni.<\/p>\n<p>P\u00e4rast seda kogemust saate rannas veedetud aja ja kohaliku l\u00f5unas\u00f6\u00f6gi rannas.<\/p>\n<ul>\n<li>Sisaldab l\u00f5unas\u00f6\u00f6ki Rootsi lauas<\/li>\n<li>Ujumine looduslikes allikates<\/li>\n<li>Tasud hinna sees<\/li>\n<li>Juhend pakub juhendamist ja j\u00e4relevalvet<\/li>\n<\/ul>\n<p>&nbsp;<\/p>\n<h4><a id=\"inclusions-exclusions\" class=\"aal_anchor\" href=\"https:\/\/bookingadventures.com.do\/dominicantour\/los-haitises-national-park-lunch-at-cano-hondo-from-sabana-de-la-mar\/#inclusions-exclusions\" aria-hidden=\"true\" rel=\"noopener\"><\/a><b>Kaasamised ja v\u00e4listused<\/b><\/h4>\n<p>&nbsp;<\/p>\n<p><b>Kaasamised<\/b><\/p>\n<ol>\n<li>\u00a0l\u00f5unas\u00f6\u00f6k Ecolodge&#039;is<\/li>\n<li>Los Haitisese ringreis + koopad ja pildid<\/li>\n<li>K\u00f5ik maksud, tasud ja k\u00e4itlustasud<\/li>\n<li>Kohalikud maksud<\/li>\n<li>Joogid<\/li>\n<li>K\u00f5ik tegevused<\/li>\n<li>Kohalik giid<\/li>\n<\/ol>\n<p><b>V\u00e4listused<\/b><\/p>\n<ol>\n<li>Jootraha<\/li>\n<li>\u00dclekanne<\/li>\n<li>Alkohoolsed joogid<\/li>\n<\/ol>\n<p>&nbsp;<\/p>\n<h4><a id=\"departure-return\" class=\"aal_anchor\" href=\"https:\/\/bookingadventures.com.do\/dominicantour\/los-haitises-national-park-lunch-at-cano-hondo-from-sabana-de-la-mar\/#departure-return\" aria-hidden=\"true\" rel=\"noopener\"><\/a><em><strong>V\u00e4ljumine ja tagasitulek<\/strong><\/em><\/h4>\n<p>Reisija saab p\u00e4rast broneerimisprotsessi kohtumispunkti. Ekskursioonid algavad ja l\u00f5ppevad meie kohtumispunktides.<\/p>\n<p>&nbsp;<\/p>\n<h4><a id=\"what-to-expect\" class=\"aal_anchor\" href=\"https:\/\/bookingadventures.com.do\/dominicantour\/los-haitises-national-park-lunch-at-cano-hondo-from-sabana-de-la-mar\/#what-to-expect\" aria-hidden=\"true\" rel=\"noopener\"><\/a><b><i>Mida oodata?<\/i><\/b><\/h4>\n<p>&nbsp;<\/p>\n<p><em><strong>Hankige oma piletid<\/strong><\/em>\u00a0Los Haitisese rahvuspargi k\u00fclastamiseks koos imelise l\u00f5unas\u00f6\u00f6giga Cano Hondos ja ujumisega Natural Springsis. Tehke paadireis l\u00e4bi mangroovide soode, m\u00f6\u00f6da iidseid piraadikoopaid ja kaitstud metsadesse sellel maalilisel kaitsealal alates Ca\u00f1o Hondo hotellide piirkonnast v\u00f5i Sabana de la Marist.<\/p>\n<p>\u201cBroneeringute seikluste\u201d korraldatav ringreis algab reisijuhiga m\u00e4\u00e4ratud kohtumiskohast. Tulge Booking Adventuresiga ja hakake vaatama lindudega t\u00e4idetud mangroove, lopsaka taimestikuga m\u00e4gesid ja koopaid\u00a0<em><strong>Los Haitisese rahvuspark<\/strong><\/em>. Paadis\u00f5it Ekskursioon Ca\u00f1o Hondo j\u00f5est, Sabana de la Mar.<\/p>\n<p>L\u00e4bi mangroovide ja Landi avatud San Lorenzo lahe \u00e4\u00e4res, kust saate pildistada karmi metsamaastikku. Vaata vette, et m\u00e4rgata\u00a0<em><strong>Manatees<\/strong><\/em>, koorikloomad ja\u00a0<em><strong>delfiinid.<\/strong><\/em><\/p>\n<div class=\"body-description secondary\">\n<p>Rahvuspargi nimi p\u00e4rineb selle algsete elanike, taino indiaanlaste j\u00e4rgi. Nende keeles t\u00e4hendab &quot;haitises&quot; m\u00e4gismaad v\u00f5i m\u00e4gesid, viide rannajoone j\u00e4rskudele geoloogilistele moodustistele koos lubjakividega. Seiklege s\u00fcgavamale parki, et uurida selliseid koopaid nagu\u00a0<em><strong>Cueva de la Arena<\/strong><\/em>\u00a0ja\u00a0<strong><em>Cueva de la linea.<\/em><\/strong>\u00a0Reservi koopaid kasutasid varjupaigana Taino indiaanlased ja hiljem varjasid piraadid. Otsige indiaanlaste joonistusi, mis kaunistavad m\u00f5nda seina. P\u00e4rast Los Haitisese rahvuspargi k\u00fclastamist l\u00e4heme Ca\u00f1o Hondosse. Ca\u00f1o Hondos \u00f5ppides tundma selle \u00f6komaja ajalugu ja l\u00f5unatama Sabana de la Mari kogukonna t\u00fc\u00fcpilise toiduga.<\/p>\n<p>L\u00f5unas\u00f6\u00f6k tuleb maitsev, kuid me ei j\u00f5udnud veel l\u00f5puni. P\u00e4rast l\u00f5unas\u00f6\u00f6ki ujume looduslikus allikas mitmeaastasest Jibalesi j\u00f5est kuni Ca\u00f1o Hondo j\u00f5eni. Kui soovite v\u00f5i v\u00e4hem, peatute Ca\u00f1o Hondos kuni kella 18.00.<\/p>\n<\/div>\n<p>Basseinide loodusallikas saate viibida nii kaua, kui soovite ujuda ja matkata. Kui olete vegan, saame teile ka m\u00f5ned toidud valmistada.<\/p>\n<p>&nbsp;<\/p>\n<h4><a id=\"what-you-should-bring\" class=\"aal_anchor\" href=\"https:\/\/bookingadventures.com.do\/dominicantour\/los-haitises-national-park-lunch-at-cano-hondo-from-sabana-de-la-mar\/#what-you-should-bring\" aria-hidden=\"true\" rel=\"noopener\"><\/a><em><strong>Mida peaksite kaasa v\u00f5tma?<\/strong><\/em><\/h4>\n<ul>\n<li>Kaamera<\/li>\n<li>T\u00f5rjuvad pungad<\/li>\n<li>p\u00e4ikesekreem<\/li>\n<li>M\u00fcts<\/li>\n<li>Mugavad p\u00fcksid<\/li>\n<li>Matkajalatsid metsa<\/li>\n<li>Sandaalid kevadpiirkondadesse.<\/li>\n<li>Ujumisriided<\/li>\n<\/ul>\n<p>&nbsp;<\/p>\n<h4><a id=\"hotel-pickup\" class=\"aal_anchor\" href=\"https:\/\/bookingadventures.com.do\/dominicantour\/los-haitises-national-park-lunch-at-cano-hondo-from-sabana-de-la-mar\/#hotel-pickup\" aria-hidden=\"true\" rel=\"noopener\"><\/a><b><i>Hotelli j\u00e4reletulemine<\/i><\/b><\/h4>\n<p>Selle ekskursiooni puhul hotelli vastutulemist ei pakuta.<\/p>\n<p>&nbsp;<\/p>\n<p><b>M\u00e4rge:<\/b>\u00a0Kui broneerite 24 tunni jooksul p\u00e4rast ekskursiooni\/ekskursiooni v\u00e4ljumisaega, saame korraldada lisatasu eest hotelli pealetulemise. Kui teie ost on l\u00f5pule viidud, saadame teile meie kohaliku giidi t\u00e4ieliku kontaktteabe (telefoninumber, e-posti aadress jne), et korraldada kohaletoomise korraldamine.<\/p>\n<h4><a id=\"additional-info-confirmation\" class=\"aal_anchor\" href=\"https:\/\/bookingadventures.com.do\/dominicantour\/los-haitises-national-park-lunch-at-cano-hondo-from-sabana-de-la-mar\/#additional-info-confirmation\" aria-hidden=\"true\" rel=\"noopener\"><\/a><b><i>Lisateabe kinnitus<\/i><\/b><\/h4>\n<ol>\n<li>Piletid on kviitung p\u00e4rast selle ekskursiooni tasumist. Saate n\u00e4idata makset oma telefonis.<\/li>\n<li>Kohtumispunkt v\u00f5etakse vastu p\u00e4rast broneerimisprotsessi.<\/li>\n<li>Lastega peab kaasas olema t\u00e4iskasvanu.<\/li>\n<li>Pole ratastooliga ligip\u00e4\u00e4setav<\/li>\n<li>Imikud peavad istuma s\u00fcles<\/li>\n<li>Ei soovitata seljaprobleemidega reisijatele<\/li>\n<li>Ei soovitata rasedatele reisijatele<\/li>\n<li>Puuduvad s\u00fcdameprobleemid ega muud t\u00f5sised haigusseisundid<\/li>\n<li>Enamik reisijaid saab osaleda<\/li>\n<\/ol>\n<\/div>\n<\/div>\n\n\t\t<\/div>\n\t<\/div>\n<div class=\"vc_btn3-container vc_btn3-inline\" ><a class=\"vc_general vc_btn3 vc_btn3-size-md vc_btn3-shape-rounded vc_btn3-style-modern vc_btn3-color-green\" href=\"https:\/\/bookingadventures.tours\/booking.php?tour_id=564682de5ff3fb75370322d9bb29062a\" title=\"\" rel=\"noopener\">BRONEERI KOHE<\/a><\/div><div class=\"mkdf-section-title-holder\" style=\"text-align: left\">\n\t<div class=\"mkdf-st-inner\">\n\t\t\t\t\t<h5 class=\"mkdf-st-subtitle\" >\n\t\t\t\tL\u00f5unas\u00f6\u00f6k ja ujumine Natural Springsis\t\t\t<\/h5>\n\t\t\t\t\t\t\t<h3 class=\"mkdf-st-title\" >\n\t\t\t\tLos Haitisese rahvuspark + l\u00f5unas\u00f6\u00f6k Cano Hondos Sabana de la Marist\t\t\t<\/h3>\n\t\t\t\t\t<\/div>\n<\/div><div class=\"vc_empty_space\"   style=\"height: 32px\"><span class=\"vc_empty_space_inner\"><\/span><\/div><div class=\"vc_empty_space\"   style=\"height: 32px\"><span class=\"vc_empty_space_inner\"><\/span><\/div><\/div><\/div><\/div><\/div><div class=\"wpb_column vc_column_container vc_col-sm-12\"><div class=\"vc_column-inner\"><div class=\"wpb_wrapper\"><\/div><\/div><\/div><div class=\"wpb_column vc_column_container vc_col-sm-12\"><div class=\"vc_column-inner\"><div class=\"wpb_wrapper\"><\/div><\/div><\/div><div class=\"wpb_column vc_column_container vc_col-sm-12\"><div class=\"vc_column-inner\"><div class=\"wpb_wrapper\"><\/div><\/div><\/div>","protected":false},"excerpt":{"rendered":"<p>Ekskursioon Los Haitisese rahvusparki algusega Sabana de la Marist, mangroovide, koobaste, piktogrammide k\u00fclastus + l\u00f5unas\u00f6\u00f6k Can\u00f1o Hondo ekskursioonidel ja basseinides.<\/p>\n<p>Seadke see ekskursioon koos matkarajaga ja \u00f5ppige kohalikelt Los Haitisese rahvuspargi ajaloost.<\/p>\n<p>&nbsp;<\/p>\n<p><strong>Valige ekskursiooni kuup\u00e4ev:\u00a0<\/strong><\/p>","protected":false},"featured_media":12271,"template":"","meta":[],"product_cat":[254,946,928,933,255],"product_tag":[176,211,210,192,215,214,171,209,212,175,213],"class_list":["post-16552","product","type-product","status-publish","has-post-thumbnail","hentry","product_cat-tours-excursions-los-haitises-national-park","product_cat-1-sabana-de-la-mar","product_cat-boat-trip-los-haitises","product_cat-natural-pools-los-haitises","product_cat-tours-excursions-samana-bay-dominican-republic","product_tag-cano-hondo","product_tag-cano-hondo-hotel","product_tag-cano-hondo-tours","product_tag-day-tour-cano-hondo","product_tag-la-arena-cave","product_tag-line-cave","product_tag-los-haitises","product_tag-los-haitises-national-park","product_tag-mangroves-los-haitises","product_tag-sabana-de-la-mar","product_tag-san-lorenzo-bay"],"_links":{"self":[{"href":"https:\/\/www.boattoursamana.com\/et\/wp-json\/wp\/v2\/product\/16552","targetHints":{"allow":["GET"]}}],"collection":[{"href":"https:\/\/www.boattoursamana.com\/et\/wp-json\/wp\/v2\/product"}],"about":[{"href":"https:\/\/www.boattoursamana.com\/et\/wp-json\/wp\/v2\/types\/product"}],"wp:featuredmedia":[{"embeddable":true,"href":"https:\/\/www.boattoursamana.com\/et\/wp-json\/wp\/v2\/media\/12271"}],"wp:attachment":[{"href":"https:\/\/www.boattoursamana.com\/et\/wp-json\/wp\/v2\/media?parent=16552"}],"wp:term":[{"taxonomy":"product_cat","embeddable":true,"href":"https:\/\/www.boattoursamana.com\/et\/wp-json\/wp\/v2\/product_cat?post=16552"},{"taxonomy":"product_tag","embeddable":true,"href":"https:\/\/www.boattoursamana.com\/et\/wp-json\/wp\/v2\/product_tag?post=16552"}],"curies":[{"name":"wp","href":"https:\/\/api.w.org\/{rel}","templated":true}]}}