{"id":16643,"date":"2023-11-06T07:14:14","date_gmt":"2023-11-06T07:14:14","guid":{"rendered":"https:\/\/www.ticketswhales.com\/?post_type=product&#038;p=16643"},"modified":"2023-11-06T08:59:17","modified_gmt":"2023-11-06T08:59:17","slug":"los-haitises-cueva-el-naranjo-y-laguna-cristal-from-samana","status":"publish","type":"product","link":"https:\/\/www.boattoursamana.com\/et\/ringreis\/los-haitises-cueva-el-naranjo-y-laguna-cristal-samanast","title":{"rendered":"Los Haitises: Cueva el Naranjo y Laguna Cristal Samanast"},"content":{"rendered":"<div class=\"vc_row wpb_row vc_row-fluid\" ><div class=\"wpb_column vc_column_container vc_col-sm-12\"><div class=\"vc_column-inner\"><div class=\"wpb_wrapper\">\n\t<div class=\"wpb_text_column wpb_content_element\" >\n\t\t<div class=\"wpb_wrapper\">\n\t\t\t<h2><span style=\"font-weight: 400;\">Los Haitises: Cueva el Naranjo ja Laguna Cristal<\/span><\/h2>\n<p>&nbsp;<\/p>\n<p><b>\u00dclevaade<\/b><span style=\"font-weight: 400;\">\u00a0<\/span><\/p>\n<p>&nbsp;<\/p>\n<p><span style=\"font-weight: 400;\">Los Haitisese rahvuspark on Dominikaani Vabariigi looduslik aare, kus Hispaniolas leidub 25% magevett. Selle kogemuse jooksul tutvume selle h\u00e4mmastava pargi m\u00f5ne olulisema kohaga. Hankige pilet, et uurida Ojo de Cielo koobast, Laguna Cristali, Barracote j\u00f5ge ja Samana lahte.\u00a0<\/span><\/p>\n<p>&nbsp;<\/p>\n<p><span style=\"font-weight: 400;\">H\u00fcdrograafia seisukohalt<\/span><span style=\"font-weight: 400;\">, Los Haitises ja selle m\u00f5jualad h\u00f5lmavad kahte piirkonda: Yuna j\u00f5e alumine vesikond ning Michesi ja Sabana de la Mari piirkond. Yuna voolab l\u00e4bi kahe suudme: Yuna enda ja Barracote&#039;i suudme. Lisaks on piirkonnas Payabo, Los Cocose ja Naranjo j\u00f5ed ning Cabirma, Estero, Prieto ja muud kanalid.<\/span><\/p>\n<p>&nbsp;<\/p>\n<p><span style=\"font-weight: 400;\">Los Haitisese maastiku kohta<\/span><span style=\"font-weight: 400;\"> lisaks koobastele on Ca\u00f1o Hondo, Punta Arena, Ca\u00f1o Salado, Bah\u00eda de San Lorenzo ja Cayo de los P\u00e1jaros, mis on v\u00e4ga muljetavaldavad maastikuelemendid. Viimane, mis asub Boca del Infierno ja El Naranjo Arriba vahel, on kergesti \u00e4ratuntav k\u00f5rvahargide ja pelikanide peaaegu p\u00fcsiva kohaloleku j\u00e4rgi.<\/span><\/p>\n<p>&nbsp;<\/p>\n<p><span style=\"font-weight: 400;\">Sanchezi linna kohta<\/span><span style=\"font-weight: 400;\"> Varem oli see v\u00e4ike linn nimega Las Ca\u00f1itas, kuid 1888. aastal t\u00f5steti see omavalitsuse staatusesse, mis sai nime \u00fche Dominikaani Vabariigi asutaja Francisco del Rosario S\u00e1ncheze j\u00e4rgi. Selle t\u00e4htsus ja rahvaarv kasvas p\u00e4rast raudtee rajamist 1865. aastal. See liin ulatus Cibao keskpiirkonnani, muutes selle v\u00e4ikese Kariibi mere kogukonna 19. sajandi l\u00f5pust kuni 19. sajandi alguseni riigi t\u00e4htsaimaks sadamaks. j\u00e4rgmisel sajandil. .<\/span><\/p>\n<p>&nbsp;<\/p>\n<p><span style=\"font-weight: 400;\">Laguna Cristali kohta<\/span><span style=\"font-weight: 400;\"> Laguna Cristal on kaunis mageveeallikas Los Haitisese rahvuspargi v\u00e4ravates, p\u00f5hja pool Monte Plata provintsist, mis on ainulaadne ilu t\u00e4nu oma looduslikele vaatamisv\u00e4\u00e4rsustele ja rahule, mida see meile annab. Laguuni toidab p\u00f5hjavesi, mis tuleb naaberpargist. Laguunist kerkib m\u00f5nesaja meetri ulatuses v\u00e4ike laevatatav j\u00f5gi, mis toidab Barracote j\u00f5ge, mis seej\u00e4rel suubub San Lorenzo lahte. Selle s\u00fcgavus oleks umbes 200 meetrit ja l\u00e4bim\u00f5\u00f5t 70 meetrit.\u00a0<\/span><\/p>\n<p>&nbsp;<\/p>\n<p><span style=\"font-weight: 400;\">El Naranjo koobas<\/span><span style=\"font-weight: 400;\">, Vaatamata 120-meetrisele pikkusele laevatatav El Naranjo j\u00f5gi p\u00e4rineb koopast ja seda v\u00f5ib pidada Los Haitisese rahvuspargi looduse ehteks. See on teadmist v\u00e4\u00e4rt vaatamisv\u00e4\u00e4rsus, mis v\u00f5imaldab hinnata piirkonna l\u00fchimat j\u00f5ge saar, Paadiga saab j\u00f5uda koopa l\u00f5ppu, kust vesi tuleb. Koobas on nahkhiirte ja kirjude veehoidla ning selle vetes elavad kohalikud kalaliigid, mis teistes j\u00f5gedes ja ojades on minevikku j\u00e4\u00e4nud, nagu guabiinad, dajaod, karpiad, krevetid ja krabid.<\/span><\/p>\n<p>&nbsp;<\/p>\n<p><b>Kaasamised<\/b><\/p>\n<p><span style=\"font-weight: 400;\">K\u00f5ik maksud, tasud ja k\u00e4itlustasud<\/span><\/p>\n<p><span style=\"font-weight: 400;\">Kohalikud maksud<\/span><\/p>\n<p><span style=\"font-weight: 400;\">Ametnikud \u00d6koloogid juhendavad inglise\/hispaania keeles<\/span><\/p>\n<p><span style=\"font-weight: 400;\">Kohalik transport (hotelli pealetulemine)<\/span><\/p>\n<p><span style=\"font-weight: 400;\">Kiirpaat<\/span><\/p>\n<p><span style=\"font-weight: 400;\">Kohalik l\u00f5unas\u00f6\u00f6k<\/span><\/p>\n<p><span style=\"font-weight: 400;\">Laguna Cristal\u00a0\u00a0<\/span><\/p>\n<p><span style=\"font-weight: 400;\">Cueva del Naranjo\u00a0<\/span><\/p>\n<p>&nbsp;<\/p>\n<p><b>V\u00e4listused<\/b><\/p>\n<p>&nbsp;<\/p>\n<p><span style=\"font-weight: 400;\">Jootraha<\/span><\/p>\n<p><span style=\"font-weight: 400;\">Jook<\/span><\/p>\n<p><span style=\"font-weight: 400;\">\u00a0<\/span><\/p>\n<p>&nbsp;<\/p>\n<p><b>V\u00e4ljumine ja tagasitulek<\/b><\/p>\n<p><span style=\"font-weight: 400;\">Broneeringu seikluste korraldatav ringreis algab reisijuhi v\u00f5i personaliliikmega m\u00e4\u00e4ratud kohtumispaigas. Reisija saab p\u00e4rast broneerimisprotsessi kohtumispunkti. Ekskursioonid algavad ja l\u00f5pevad meie kohtumispunktides.<\/span><\/p>\n<p>&nbsp;<\/p>\n<p><b>Mida oodata?<\/b><\/p>\n<p><span style=\"font-weight: 400;\">Hankige pilet \u00fcritusele Searching For The Los Haitises: Los Haitises: Cueva el Naranjo y Laguna Cristal, see kogemus annab teile v\u00f5imaluse n\u00e4ha suuremat osa saare bioloogilisest mitmekesisusest.\u00a0<\/span><\/p>\n<p>&nbsp;<\/p>\n<p><span style=\"font-weight: 400;\">See tegevus algab siis, kui tulete oma majutuskohalt k\u00e4tte mis tahes j\u00e4rgmistest piirkondadest:<\/span><\/p>\n<ul>\n<li style=\"font-weight: 400;\" aria-level=\"1\"><span style=\"font-weight: 400;\">Las Terrenas\u00a0<\/span><\/li>\n<li style=\"font-weight: 400;\" aria-level=\"1\"><span style=\"font-weight: 400;\">Sanchez\u00a0<\/span><\/li>\n<li style=\"font-weight: 400;\" aria-level=\"1\"><span style=\"font-weight: 400;\">Las Galeras<\/span><\/li>\n<li style=\"font-weight: 400;\" aria-level=\"1\"><span style=\"font-weight: 400;\">Santa Barbara de Samana\u00a0<\/span><\/li>\n<\/ul>\n<h3><b>Ajakava<\/b><b>\u00a0<\/b><\/h3>\n<p><b>Sanchez Samana, ujumine Laguna Cristalis ja El Naranjo j\u00f5es ja koobastes\u00a0<\/b><\/p>\n<p>&nbsp;<\/p>\n<p><span style=\"font-weight: 400;\">Hotelli j\u00e4reletulemine: algab kell 7.00 (olenevalt teie asukohast). Broneerimisvormil on erinevad ajastamise v\u00f5imalused. Ekskursioon kestab 8 tundi.\u00a0<\/span><\/p>\n<p>&nbsp;<\/p>\n<p><span style=\"font-weight: 400;\">See on varahommik, et teid hotellist peale v\u00f5tta ja teid meie Sanchez Samanas asuvasse kohtumispunkti s\u00f5idutada, kus kohtute kohaliku giidiga enne \u00fclej\u00e4\u00e4nud p\u00e4eva teekonna l\u00e4bimist.\u00a0<\/span><\/p>\n<p>&nbsp;<\/p>\n<p><span style=\"font-weight: 400;\">Kui olete valmis seadnud, astume kiirpaadile, et suunduda El Naranjosse, mis on p\u00e4eva esimene peatus, kus l\u00e4heme paadiga koopasse ja ujume saare l\u00fchima j\u00f5e magevees.\u00a0<\/span><\/p>\n<p>&nbsp;<\/p>\n<p><span style=\"font-weight: 400;\">Teie teine paadis\u00f5it toimub l\u00e4bi Barracote j\u00f5e, et j\u00f5uda Laguna Cristali. Peame s\u00f5itma riigi kirdeosa \u00fches suurimas j\u00f5es. Cristal Areas teeme l\u00f5unapausi enne vetteh\u00fcppamist.<\/span><\/p>\n<p>&nbsp;<\/p>\n<p><span style=\"font-weight: 400;\">P\u00e4rast kohaliku l\u00f5unas\u00f6\u00f6gi proovimist teeme Cristal Lagooni \u00e4\u00e4res siesta ja l\u00e4heme seej\u00e4rel ujuma, enne kui suundume tagasi Sanchez Samanasse.\u00a0<\/span><\/p>\n<p>&nbsp;<\/p>\n<p><span style=\"font-weight: 400;\">Hotellist lahkumine: kell 16.00 v\u00f5i hiljem, olenevalt reisi alustamise ajast. Ekskursioon kestab kokku 8 tundi.\u00a0<\/span><\/p>\n<p>&nbsp;<\/p>\n<p><span style=\"font-weight: 400;\">Teekonna p\u00e4evad ja tegevused v\u00f5ivad etteteatamata muutuda etten\u00e4gematute asjaolude v\u00f5i s\u00fcndmuste t\u00f5ttu. Lisateabe saamiseks vaadake k\u00f5iki tingimusi.<\/span><\/p>\n\n\t\t<\/div>\n\t<\/div>\n<\/div><\/div><\/div><\/div>","protected":false},"excerpt":{"rendered":"<p>El Naranjo j\u00f5e ja koopa ja Cristal Laguni k\u00fclastamine Los Haitisese rahvuspargis koos kohaliku asjatundliku giidiga. L\u00f5unas\u00f6\u00f6k ja transport on Samana provintsis hinna sees.<\/p>","protected":false},"featured_media":16644,"template":"","meta":[],"product_cat":[1096],"product_tag":[1097],"class_list":["post-16643","product","type-product","status-publish","has-post-thumbnail","hentry","product_cat-haitises","product_tag-haitises"],"_links":{"self":[{"href":"https:\/\/www.boattoursamana.com\/et\/wp-json\/wp\/v2\/product\/16643","targetHints":{"allow":["GET"]}}],"collection":[{"href":"https:\/\/www.boattoursamana.com\/et\/wp-json\/wp\/v2\/product"}],"about":[{"href":"https:\/\/www.boattoursamana.com\/et\/wp-json\/wp\/v2\/types\/product"}],"wp:featuredmedia":[{"embeddable":true,"href":"https:\/\/www.boattoursamana.com\/et\/wp-json\/wp\/v2\/media\/16644"}],"wp:attachment":[{"href":"https:\/\/www.boattoursamana.com\/et\/wp-json\/wp\/v2\/media?parent=16643"}],"wp:term":[{"taxonomy":"product_cat","embeddable":true,"href":"https:\/\/www.boattoursamana.com\/et\/wp-json\/wp\/v2\/product_cat?post=16643"},{"taxonomy":"product_tag","embeddable":true,"href":"https:\/\/www.boattoursamana.com\/et\/wp-json\/wp\/v2\/product_tag?post=16643"}],"curies":[{"name":"wp","href":"https:\/\/api.w.org\/{rel}","templated":true}]}}