{"id":9453,"date":"2019-09-23T17:16:42","date_gmt":"2019-09-23T17:16:42","guid":{"rendered":"https:\/\/www.ticketswhales.com\/Tours-Excursions\/uncategorized\/import-placeholder-for-977\/"},"modified":"2023-11-10T17:56:25","modified_gmt":"2023-11-10T17:56:25","slug":"day-pass-cano-hondo-natural-pools-lunch-included","status":"publish","type":"product","link":"https:\/\/www.boattoursamana.com\/et\/ringreis\/paevapass-cano-hondo-natural-pools-lounasook-hinna-sees","title":{"rendered":"Ca\u00f1o Hondo p\u00e4evapilet \u2013 looduslikud basseinid ja l\u00f5unas\u00f6\u00f6k hinna sees"},"content":{"rendered":"<div class=\"vc_row wpb_row vc_row-fluid\" ><div class=\"wpb_column vc_column_container vc_col-sm-12\"><div class=\"vc_column-inner\"><div class=\"wpb_wrapper\"><div class=\"vc_message_box vc_message_box-standard vc_message_box-rounded vc_color-info\" ><div class=\"vc_message_box-icon\"><i class=\"fas fa-info-circle\"><\/i><\/div><p>Broneerige Cano Hondo tubades madalad hinnad <a href=\"http:\/\/dominican-republic-hotels.com\/hotel\/cano-hondo-hotel-eco-lodge\/\" rel=\"noopener\">Kliki siia.<\/a><\/p>\n<\/div><div class=\"vc_btn3-container vc_btn3-inline\" ><button class=\"vc_general vc_btn3 vc_btn3-size-md vc_btn3-shape-rounded vc_btn3-style-modern vc_btn3-color-green\">BRONEERI KOHE<\/button><\/div>\n\t<div class=\"wpb_text_column wpb_content_element\" >\n\t\t<div class=\"wpb_wrapper\">\n\t\t\t<div class=\"vc_row wpb_row vc_row-fluid\">\n<div class=\"wpb_column vc_column_container vc_col-sm-12\">\n<div class=\"vc_column-inner\">\n<div class=\"wpb_wrapper\">\n<div class=\"wpb_text_column wpb_content_element\">\n<div class=\"wpb_wrapper\">\n<h2 class=\"mkdf-single-product-title\">Ca\u00f1o Hondo p\u00e4evapilet \u2013 looduslikud basseinid ja l\u00f5unas\u00f6\u00f6k hinna sees<\/h2>\n<h4><b><i>Kirjeldus<\/i><\/b><\/h4>\n<p>Ca\u00f1o Hondo p\u00e4evap\u00e4\u00e4sme pilet meie looduslikesse v\u00e4libasseinidesse koos l\u00f5unas\u00f6\u00f6giga Rootsi lauas. Iga p\u00e4ev 8.30-17.00.<\/p>\n<div class=\"wpb_text_column wpb_content_element\">\n<div class=\"wpb_wrapper\">\n<p>Basseinid on t\u00e4iesti bioloogilised, ei vaja kloori ega kemikaale, mis kujundab ja ehitab teatud viisil v\u00e4lja oma loomuliku \u00f6koloogia ja tasakaalustatud \u00f6kos\u00fcsteemi. Kui tasakaal on saavutatud, on vesi loomulikult selge nagu m\u00e4gij\u00e4rves.<\/p>\n<\/div>\n<\/div>\n<div class=\"wpb_text_column wpb_content_element\">\n<div class=\"wpb_wrapper\">\n<p><strong>Nautige looduslikke \u00f6kobasseine, mis sulanduvad kaunilt rahuliku ja originaalse maastikuga Los Haitisese rahvuspargis Sabana de la Maris. <\/strong><\/p>\n<p style=\"text-align: center;\"><strong>Veeda imeline p\u00e4ev oma pere v\u00f5i s\u00f5pradega.<\/strong><\/p>\n<\/div>\n<\/div>\n<p>&nbsp;<\/p>\n<h3><b>Kaasamine y v\u00e4listused<\/b><\/h3>\n<p><b>Kaasamised<\/b><\/p>\n<ol>\n<li>L\u00f5unas\u00f6\u00f6k \u2013 Rootsi laud<\/li>\n<li>Sissep\u00e4\u00e4s looduslikesse basseinidesse<\/li>\n<\/ol>\n<p><b>V\u00e4listused (ei kuulu komplekti)<\/b><\/p>\n<ol>\n<li>Transport<\/li>\n<li>Alkohoolsed joogid<\/li>\n<\/ol>\n<p>&nbsp;<\/p>\n<h4><em><strong>Miks pilet osta?<\/strong><\/em><\/h4>\n<p>Palume eelnevalt broneerida, et meie restoranis ruumi sisse seada ja l\u00f5unas\u00f6\u00f6k Rootsi lauas valmistada. Peale broneeringu tegemist v\u00f5tavad meie esindajad Sinuga \u00fchendust, et saada rohkem infot \u2013 kuidas meie juurde j\u00f5uda, milline on L\u00f5unapuhveti men\u00fc\u00fc ja vastata k\u00f5ikidele Sinu k\u00fcsimustele.<\/p>\n<p><strong>M\u00e4rkus: Alla 3-aastastele lastele tasuta. 4-10-aastased lapsed maksavad ainult poole hinnaga.<\/strong><\/p>\n<h2 style=\"text-align: center;\"><strong>Mineraalveebasseinid, mis on projekteeritud ja ehitatud, p\u00f6\u00f6rates t\u00e4helepanu detailidele ja loovusele.<\/strong><\/h2>\n<p><strong>Aeg:<\/strong><\/p>\n<p>8.30 \u2013 17.00<\/p>\n<p>&nbsp;<\/p>\n<h4><em><strong>Mida peaksite kaasa v\u00f5tma?<\/strong><\/em><\/h4>\n<ul>\n<li>Camara<\/li>\n<li>\u00a0T\u00f5rjuv<\/li>\n<li>p\u00e4ikesekreem<\/li>\n<\/ul>\n<p>&nbsp;<\/p>\n<h4><i>Transport: <\/i><\/h4>\n<p>Transport ei sisaldu.<\/p>\n<p><b>M\u00e4rkus: Kui soovite \u00fclekannet, v\u00f5tke meiega \u00fchendust.<\/b><\/p>\n<h4><b><i>T\u00fchistamispoliitika<\/i><\/b><\/h4>\n<p>T\u00e4ieliku tagasimakse saamiseks lugege veebisaidi jaluses meie t\u00fchistamiseeskirju.<\/p>\n<\/div>\n<\/div>\n<\/div>\n<\/div>\n<\/div>\n<\/div>\n<div class=\"vc_row wpb_row vc_row-fluid\">\n<div class=\"wpb_column vc_column_container vc_col-sm-12\">\n<div class=\"vc_column-inner\">\n<div class=\"wpb_wrapper\">\n<div class=\"wpb_text_column wpb_content_element\">\n<div class=\"wpb_wrapper\">\n<p>&nbsp;<\/p>\n<h3 style=\"text-align: center;\">Kohaliku giidi saatel saate nautida ka paljusid tegevusi ja ekskursioone.<\/h3>\n<p><strong>Tegevuste nimekiri:<\/strong><br \/>\nT\u00f5mblukuga vooder<br \/>\nKaljuseina ronimine<br \/>\nRatsutamine<br \/>\nGiidiga v\u00f5i isejuhitavad matkad Los Haitises<br \/>\nS\u00fcstaga s\u00f5itmine Los Haitises<br \/>\nGiidiga paadireisid Los Haitisesesse<br \/>\nVaalavaatlus (15. jaanuarist 20. m\u00e4rtsini)<br \/>\nGiidiga linnuvaatlus<br \/>\nCayo Levantado\/Bacardi saar<br \/>\nMetsloomad ja loodus<br \/>\nEl Limoni kosed, Samana<\/p>\n<p><strong>T\u00e4psema info saamiseks tegevuste ja ekskursioonide kohta v\u00f5tke meiega \u00fchendust. Samuti saate <a href=\"http:\/\/haitises.com\/\" rel=\"noopener\">Broneeri Siit.<\/a><\/strong><\/p>\n<h4><b><i>T\u00fchistamispoliitika<\/i><\/b><\/h4>\n<p>T\u00e4ieliku tagasimakse saamiseks lugege palun meie t\u00fchistamiseeskirju\u00a0<a href=\"https:\/\/www.boattoursamana.com\/et\/online-broneerimine\/\" target=\"_blank\" rel=\"noopener\" data-saferedirecturl=\"https:\/\/www.google.com\/url?q=https:\/\/www.boattoursamana.com\/online-booking\/&amp;source=gmail&amp;ust=1672449202351000&amp;usg=AOvVaw1yAeVAPktmaVCqDujgUn90\">Kliki siia<\/a>. Vahendid l\u00e4hevad kaotsi, kui broneering t\u00fchistatakse samal reisip\u00e4eval.<\/p>\n<\/div>\n<\/div>\n<\/div>\n<\/div>\n<\/div>\n<\/div>\n\n\t\t<\/div>\n\t<\/div>\n<\/div><\/div><\/div><\/div><div class=\"vc_row wpb_row vc_row-fluid\" ><div class=\"wpb_column vc_column_container vc_col-sm-12\"><div class=\"vc_column-inner\"><div class=\"wpb_wrapper\"><div class=\"vc_btn3-container vc_btn3-inline\" ><button class=\"vc_general vc_btn3 vc_btn3-size-md vc_btn3-shape-rounded vc_btn3-style-modern vc_btn3-color-green\">BRONEERI KOHE<\/button><\/div><\/div><\/div><\/div><\/div>","protected":false},"excerpt":{"rendered":"<p>Ostke p\u00e4evapilet looduslike basseinide juurde Ca\u00f1o Hondo hotellis Los Haitisese rahvuspargis, Sabana de la m\u00e4rtsis. L\u00f5unas\u00f6\u00f6k on hinna sees.<\/p>\n<p>Lisateabe saamiseks v\u00f5tke meiega \u00fchendust.<\/p>","protected":false},"featured_media":9457,"template":"","meta":[],"product_cat":[946,160,933,15],"product_tag":[425,176,421,422,171,209,426,423,424,175,186,187],"class_list":["post-9453","product","type-product","status-publish","has-post-thumbnail","hentry","product_cat-1-sabana-de-la-mar","product_cat-lunch","product_cat-natural-pools-los-haitises","product_cat-uncategorized","product_tag-altos-cano-hondo","product_tag-cano-hondo","product_tag-cano-hondo-day-pass","product_tag-cano-hondo-sabana-de-la-mar","product_tag-los-haitises","product_tag-los-haitises-national-park","product_tag-los-haitises-tours","product_tag-paraiso-cano-hondo","product_tag-parque-los-haitises","product_tag-sabana-de-la-mar","product_tag-samana","product_tag-samana-tours"],"_links":{"self":[{"href":"https:\/\/www.boattoursamana.com\/et\/wp-json\/wp\/v2\/product\/9453","targetHints":{"allow":["GET"]}}],"collection":[{"href":"https:\/\/www.boattoursamana.com\/et\/wp-json\/wp\/v2\/product"}],"about":[{"href":"https:\/\/www.boattoursamana.com\/et\/wp-json\/wp\/v2\/types\/product"}],"wp:featuredmedia":[{"embeddable":true,"href":"https:\/\/www.boattoursamana.com\/et\/wp-json\/wp\/v2\/media\/9457"}],"wp:attachment":[{"href":"https:\/\/www.boattoursamana.com\/et\/wp-json\/wp\/v2\/media?parent=9453"}],"wp:term":[{"taxonomy":"product_cat","embeddable":true,"href":"https:\/\/www.boattoursamana.com\/et\/wp-json\/wp\/v2\/product_cat?post=9453"},{"taxonomy":"product_tag","embeddable":true,"href":"https:\/\/www.boattoursamana.com\/et\/wp-json\/wp\/v2\/product_tag?post=9453"}],"curies":[{"name":"wp","href":"https:\/\/api.w.org\/{rel}","templated":true}]}}