{"id":9613,"date":"2019-10-11T07:35:12","date_gmt":"2019-10-11T07:35:12","guid":{"rendered":"https:\/\/www.ticketswhales.com\/?post_type=product&#038;p=9613"},"modified":"2023-11-04T16:43:25","modified_gmt":"2023-11-04T16:43:25","slug":"samana-day-trip-from-punta-cana-el-limon-waterfall-and-bacardi-island","status":"publish","type":"product","link":"https:\/\/www.boattoursamana.com\/et\/ringreis\/samana-paevareis-punta-cana-el-limoni-kosest-ja-bacardi-saarest","title":{"rendered":"Punta Cana: Saman\u00e1 p\u00e4evareis \u2013 El Lim\u00f3ni juga ja Bacardi saar"},"content":{"rendered":"<div class=\"vc_row wpb_row vc_row-fluid\" ><div class=\"wpb_column vc_column_container vc_col-sm-12\"><div class=\"vc_column-inner\"><div class=\"wpb_wrapper\"><div class=\"mkdf-section-title-holder\" style=\"text-align: left\">\n\t<div class=\"mkdf-st-inner\">\n\t\t\t\t\t<h5 class=\"mkdf-st-subtitle\" >\n\t\t\t\t(Punta Canast j\u00e4reletulemine)\t\t\t<\/h5>\n\t\t\t\t\t\t\t<h3 class=\"mkdf-st-title\" >\n\t\t\t\tSamana p\u00e4evareis Punta Canast - El Limoni juga ja Bacardi saar\t\t\t<\/h3>\n\t\t\t\t\t<\/div>\n<\/div><div class=\"vc_empty_space\"   style=\"height: 32px\"><span class=\"vc_empty_space_inner\"><\/span><\/div>\n\t<div class=\"wpb_text_column wpb_content_element\" >\n\t\t<div class=\"wpb_wrapper\">\n\t\t\t<div class=\"vc_row wpb_row vc_row-fluid\">\n<div class=\"wpb_column vc_column_container vc_col-sm-12\">\n<div class=\"vc_column-inner\">\n<div class=\"wpb_wrapper\">\n<div class=\"mkdf-section-title-holder\">\n<div class=\"mkdf-st-inner\">\n<h5 class=\"mkdf-st-subtitle\">(Punta Canast j\u00e4reletulemine)<\/h5>\n<h3 class=\"mkdf-st-title\">Samana p\u00e4evareis Punta Canast \u2013 El Limoni juga ja Bacardi saar<\/h3>\n<\/div>\n<\/div>\n<\/div>\n<\/div>\n<\/div>\n<\/div>\n<div class=\"vc_row wpb_row vc_row-fluid\"><\/div>\n<div class=\"wpb_column vc_column_container vc_col-sm-12\">\n<div class=\"vc_column-inner\">\n<div class=\"wpb_wrapper\"><\/div>\n<\/div>\n<\/div>\n<div class=\"wpb_text_column wpb_content_element\">\n<div class=\"wpb_wrapper\"><\/div>\n<\/div>\n<h4><a id=\"overview\" class=\"aal_anchor\" href=\"https:\/\/bookingadventures.com.do\/dominicantour\/samana-day-trip-from-punta-cana-el-limon-waterfall-and-bacardi-island\/#overview\" aria-hidden=\"true\" rel=\"noopener\"><\/a><b><i>\u00dclevaade<\/i><\/b><\/h4>\n<p>Kui viibite Punta Canas v\u00f5i Bavaros ja soovite \u00fchep\u00e4evareisi tasuda tavap\u00e4rasest v\u00e4hem, broneerige see reis. Selle reisi jooksul viime teid Samanasse, kus katamaraaniga viiakse teid Sabana de la Mari, Hato Mayori alevikku, Los Haitisese rahvuspargi maja. See teekond h\u00f5lmab Samana ja El Limoni kogukondade k\u00fclastamist, kus saate kohe p\u00e4rast Samana lahe \u00fcletamist ratsutada v\u00f5i matkata kose juurde. L\u00f5unas\u00f6\u00f6ki serveeritakse Bacardi saarel. Reisid algavad kell 6.00 ja l\u00f5pevad kell 18.30. Broneerige kohe!<\/p>\n<p>P\u00e4rast seda kogemust toome teid teie hotelli.<\/p>\n<ul>\n<li>Tasud hinna sees<\/li>\n<li>Hinna sees l\u00f5unas\u00f6\u00f6k rannas<\/li>\n<li>Transfeer hinna sees<\/li>\n<li>Juhend pakub juhendamist ja j\u00e4relevalvet<\/li>\n<\/ul>\n<p>&nbsp;<\/p>\n<h4><a id=\"inclusions-exclusions\" class=\"aal_anchor\" href=\"https:\/\/bookingadventures.com.do\/dominicantour\/samana-day-trip-from-punta-cana-el-limon-waterfall-and-bacardi-island\/#inclusions-exclusions\" aria-hidden=\"true\" rel=\"noopener\"><\/a><b>Kaasamised ja v\u00e4listused<\/b><\/h4>\n<p>&nbsp;<\/p>\n<p><b>Kaasamised<\/b><\/p>\n<p>&nbsp;<\/p>\n<ol>\n<li>Hotelli j\u00e4reletulemine<\/li>\n<li>Saman\u00e1 laht<\/li>\n<li>Bacardi saar, rand ja l\u00f5unas\u00f6\u00f6k<\/li>\n<li>Safari El Lim\u00f3ni<\/li>\n<li>Ratsutamine v\u00f5i matkamine koskede juurde<\/li>\n<li>Dominiiklaste kokteilid<\/li>\n<li>K\u00f5ik maksud, tasud ja k\u00e4itlustasud<\/li>\n<li>Kohalikud maksud<\/li>\n<li>Joogid<\/li>\n<li>K\u00f5ik tegevused<\/li>\n<li>Kohalik giid<\/li>\n<\/ol>\n<p><b>V\u00e4listused<\/b><\/p>\n<ol>\n<li>Jootraha<\/li>\n<li>Alkohoolsed joogid p\u00e4rast kokteile<\/li>\n<\/ol>\n<p>&nbsp;<\/p>\n<h4><a id=\"departure-return\" class=\"aal_anchor\" href=\"https:\/\/bookingadventures.com.do\/dominicantour\/samana-day-trip-from-punta-cana-el-limon-waterfall-and-bacardi-island\/#departure-return\" aria-hidden=\"true\" rel=\"noopener\"><\/a><em><strong>V\u00e4ljumine ja tagasitulek<\/strong><\/em><\/h4>\n<p>Reisija saab p\u00e4rast broneerimisprotsessi kohtumispunkti. Ekskursioonid algavad ja l\u00f5ppevad meie kohtumispunktides.<\/p>\n<p>&nbsp;<\/p>\n<h3><a id=\"samana-day-trip-from-punta-cana-el-limon-waterfall-and-bacardi-island\" class=\"aal_anchor\" href=\"https:\/\/bookingadventures.com.do\/dominicantour\/samana-day-trip-from-punta-cana-el-limon-waterfall-and-bacardi-island\/#samana-day-trip-from-punta-cana-el-limon-waterfall-and-bacardi-island\" aria-hidden=\"true\" rel=\"noopener\"><\/a>Samana p\u00e4evareis Punta Canast \u2013 El Limoni juga ja Bacardi saar<\/h3>\n<h4><a id=\"what-to-expect\" class=\"aal_anchor\" href=\"https:\/\/bookingadventures.com.do\/dominicantour\/samana-day-trip-from-punta-cana-el-limon-waterfall-and-bacardi-island\/#what-to-expect\" aria-hidden=\"true\" rel=\"noopener\"><\/a><b><i>Mida oodata?<\/i><\/b><\/h4>\n<p>&nbsp;<\/p>\n<p><strong>Hankige oma piletid kohe<\/strong>. Teid ootavad kosed, ratsutamine, matkamine ja safarituur, ujumine looduslikes allikates, l\u00f5unas\u00f6\u00f6k Bacardi saarel ja muud l\u00f5busad tegevused.<\/p>\n<p>V\u00e4ljudes Punta Canast bussiga, suundume Samana Bay sadamasse. Sadamas istume paadi v\u00f5i katamaraani pardale koos kohalike giididega, kes juhatavad teid Samana kogukonda. Selles kogukonnas viib teid Safari ringk\u00e4ik, mis \u00f5petab teile selle linna ajalugu. Kuid see pole veel k\u00f5ik, j\u00e4rgmine on El Limoni juga, siin saate ujuda ja matkata v\u00f5i ratsutada. El Limoni juga on fantastiline loodusm\u00e4lestis troopilise metsa ja selgete looduslike allikatega. Tagasiteel Samanasse teeme peatuse Bacardi saarel, kus serveeritakse l\u00f5unat ja saate ujuda Dominikaani Vabariigi \u00fches looduslikumas basseinis.<\/p>\n<p>&nbsp;<\/p>\n<p>Kui soovite seda reisi l\u00fchemaks v\u00f5i pikemaks muuta, v\u00f5tke meiega \u00fchendust.<\/p>\n<p>&nbsp;<\/p>\n<h4><a id=\"what-you-should-bring\" class=\"aal_anchor\" href=\"https:\/\/bookingadventures.com.do\/dominicantour\/samana-day-trip-from-punta-cana-el-limon-waterfall-and-bacardi-island\/#what-you-should-bring\" aria-hidden=\"true\" rel=\"noopener\"><\/a><em><strong>Mida peaksite kaasa v\u00f5tma?<\/strong><\/em><\/h4>\n<ul>\n<li>Kaamera<\/li>\n<li>T\u00f5rjuvad pungad<\/li>\n<li>p\u00e4ikesekreem<\/li>\n<li>M\u00fcts<\/li>\n<li>Mugavad p\u00fcksid<\/li>\n<li>Matkajalatsid metsa<\/li>\n<li>Sandaalid kevadpiirkondadesse.<\/li>\n<li>Ujumisriided<\/li>\n<\/ul>\n<p>&nbsp;<\/p>\n<h4><a id=\"hotel-pickup\" class=\"aal_anchor\" href=\"https:\/\/bookingadventures.com.do\/dominicantour\/samana-day-trip-from-punta-cana-el-limon-waterfall-and-bacardi-island\/#hotel-pickup\" aria-hidden=\"true\" rel=\"noopener\"><\/a><b><i>Hotelli j\u00e4reletulemine<\/i><\/b><\/h4>\n<p>Pakutakse reisijate j\u00e4reletulemist!<\/p>\n<p>Tuleme j\u00e4rele k\u00f5ikidest Punta Cana hotellidest. Vastuv\u00f5tukoht on hotelli fuajees<br \/>\nKui peatute selles piirkonnas asuvas korteris, tuleme teile j\u00e4rele korterist v\u00f5i l\u00e4hima kuurordi sissep\u00e4\u00e4su juurest. V\u00f5tame meiega \u00fchendust Whatsapi kaudu.<\/p>\n<p><b>M\u00e4rge:<\/b>\u00a0Kui broneerite 24 tunni jooksul p\u00e4rast ekskursiooni\/ekskursiooni v\u00e4ljumisaega, saame korraldada lisatasu eest hotelli pealetulemise. Kui teie ost on l\u00f5pule viidud, saadame teile meie kohaliku giidi t\u00e4ieliku kontaktteabe (telefoninumber, e-posti aadress jne), et korraldada kohaletoomise korraldamine.<\/p>\n<h4><a id=\"additional-info-confirmation\" class=\"aal_anchor\" href=\"https:\/\/bookingadventures.com.do\/dominicantour\/samana-day-trip-from-punta-cana-el-limon-waterfall-and-bacardi-island\/#additional-info-confirmation\" aria-hidden=\"true\" rel=\"noopener\"><\/a><b><i>Lisateabe kinnitus<\/i><\/b><\/h4>\n<ol>\n<li>Piletid on kviitung p\u00e4rast selle ekskursiooni tasumist. Saate n\u00e4idata makset oma telefonis.<\/li>\n<li>Kohtumispunkt v\u00f5etakse vastu p\u00e4rast broneerimisprotsessi.<\/li>\n<li>Lastega peab kaasas olema t\u00e4iskasvanu.<\/li>\n<li>Pole ratastooliga ligip\u00e4\u00e4setav<\/li>\n<li>Imikud peavad istuma s\u00fcles<\/li>\n<li>Ei soovitata seljaprobleemidega reisijatele<\/li>\n<li>Ei soovitata rasedatele reisijatele<\/li>\n<li>Puuduvad s\u00fcdameprobleemid ega muud t\u00f5sised haigusseisundid<\/li>\n<li>Enamik reisijaid saab osaleda<\/li>\n<\/ol>\n\n\t\t<\/div>\n\t<\/div>\n<\/div><\/div><\/div><\/div><div class=\"wpb_column vc_column_container vc_col-sm-12\"><div class=\"vc_column-inner\"><div class=\"wpb_wrapper\"><\/div><\/div><\/div><div class=\"wpb_column vc_column_container vc_col-sm-12\"><div class=\"vc_column-inner\"><div class=\"wpb_wrapper\"><\/div><\/div><\/div>","protected":false},"excerpt":{"rendered":"<p>Kui olete Punta Canas v\u00f5i Bavaros ja soovite v\u00f5tta ette \u00fchep\u00e4evareisi, makstes tavap\u00e4rasest v\u00e4hem, broneerige see reis. Selle reisi raames viime teid Samanasse, kus katamaraaniga viiakse teid Hato Mayori valda Sabana de la Mari, Los Haitisese rahvuspargi koduks. See reis sisaldab Safari ekskursiooni, katamaraani, juga ja rannas ujumist ning palju muud. Reis algab kell 6.00 ja l\u00f5peb kell 18.30.<\/p>\n<p><strong>Valige ringk\u00e4igu kuup\u00e4ev\u00a0<\/strong><\/p>","protected":false},"featured_media":11580,"template":"","meta":[],"product_cat":[456,948,961,959,189,972,963,190,307,253,254,255],"product_tag":[184,183,384,223,382,380,185,381,222,175,383,186,458,457,200,187],"class_list":["post-9613","product","type-product","status-publish","has-post-thumbnail","hentry","product_cat-day-trips","product_cat-1-punta-cana","product_cat-el-limon-horseback-riding","product_cat-el-limon-punta-cana","product_cat-horse-riding-to-waterfalls","product_cat-punta-cana-group-tours","product_cat-punta-cana-samana-day-trips","product_cat-safari-samana","product_cat-salto-el-limon-and-bacardi-island","product_cat-tours-and-excursions","product_cat-tours-excursions-los-haitises-national-park","product_cat-tours-excursions-samana-bay-dominican-republic","product_tag-bacardi-island","product_tag-beach-time","product_tag-cascada-el-limon-salto-el-limon-samana-republica-dominicana","product_tag-cayo-levantado","product_tag-el-limon-waterfall-bacardi-island-from-punta-cana","product_tag-el-limon-waterfall-and-bacardi-island-tour-from-punta-cana","product_tag-el-limon-waterfalls","product_tag-guided-adventures","product_tag-punta-cana","product_tag-sabana-de-la-mar","product_tag-salto-de-limon-punta-cana","product_tag-samana","product_tag-samana-day-trip-from-punta-cana","product_tag-samana-day-trip-from-punta-cana-el-limon-waterfall-and-bacardi-island","product_tag-samana-excursions","product_tag-samana-tours"],"_links":{"self":[{"href":"https:\/\/www.boattoursamana.com\/et\/wp-json\/wp\/v2\/product\/9613","targetHints":{"allow":["GET"]}}],"collection":[{"href":"https:\/\/www.boattoursamana.com\/et\/wp-json\/wp\/v2\/product"}],"about":[{"href":"https:\/\/www.boattoursamana.com\/et\/wp-json\/wp\/v2\/types\/product"}],"wp:featuredmedia":[{"embeddable":true,"href":"https:\/\/www.boattoursamana.com\/et\/wp-json\/wp\/v2\/media\/11580"}],"wp:attachment":[{"href":"https:\/\/www.boattoursamana.com\/et\/wp-json\/wp\/v2\/media?parent=9613"}],"wp:term":[{"taxonomy":"product_cat","embeddable":true,"href":"https:\/\/www.boattoursamana.com\/et\/wp-json\/wp\/v2\/product_cat?post=9613"},{"taxonomy":"product_tag","embeddable":true,"href":"https:\/\/www.boattoursamana.com\/et\/wp-json\/wp\/v2\/product_tag?post=9613"}],"curies":[{"name":"wp","href":"https:\/\/api.w.org\/{rel}","templated":true}]}}