{"id":9717,"date":"2019-11-01T19:22:33","date_gmt":"2019-11-01T19:22:33","guid":{"rendered":"https:\/\/www.ticketswhales.com\/?post_type=product&#038;p=9717"},"modified":"2023-11-10T16:55:15","modified_gmt":"2023-11-10T16:55:15","slug":"whale-watching-in-punta-cana-to-samana-bay-cayo-levantado-bacardi-island-from-hotels","status":"publish","type":"product","link":"https:\/\/www.boattoursamana.com\/et\/ringreis\/vaalavaatlus-punta-canast-samana-laheni-cayo-levantado-bacardi-saarelt-hotellidest","title":{"rendered":"Vaalavaatlus Punta Canas \/ Cap Canas kuni Saman\u00e1 laheni + Cayo Levantado (Bacardi saar) hotellidest."},"content":{"rendered":"<div class=\"vc_row wpb_row vc_row-fluid\" ><div class=\"wpb_column vc_column_container vc_col-sm-12\"><div class=\"vc_column-inner\"><div class=\"wpb_wrapper\"><div class=\"mkdf-section-title-holder\" style=\"text-align: left\">\n\t<div class=\"mkdf-st-inner\">\n\t\t\t\t\t<h5 class=\"mkdf-st-subtitle\" >\n\t\t\t\tVastutulemine hotellidest ja Cayo Levantadost (Bacardi saar).\t\t\t<\/h5>\n\t\t\t\t\t\t\t<h3 class=\"mkdf-st-title\" >\n\t\t\t\t2023. aasta vaalavaatlus Punta Canas\/Cap Canast Samana laheni\t\t\t<\/h3>\n\t\t\t\t\t<\/div>\n<\/div><\/div><\/div><\/div><\/div><div class=\"vc_row wpb_row vc_row-fluid\" ><div class=\"wpb_column vc_column_container vc_col-sm-12\"><div class=\"vc_column-inner\"><div class=\"wpb_wrapper\"><div class=\"vc_btn3-container vc_btn3-inline\" ><button class=\"vc_general vc_btn3 vc_btn3-size-md vc_btn3-shape-rounded vc_btn3-style-modern vc_btn3-color-green\">BRONEERI KOHE<\/button><\/div>\n\t<div class=\"wpb_text_column wpb_content_element\" >\n\t\t<div class=\"wpb_wrapper\">\n\t\t\t<div class=\"vc_row wpb_row vc_row-fluid\">\n<div class=\"wpb_column vc_column_container vc_col-sm-12\">\n<div class=\"vc_column-inner\">\n<div class=\"wpb_wrapper\">\n<div class=\"wpb_text_column wpb_content_element\">\n<div class=\"wpb_wrapper\">\n<div class=\"vc_row wpb_row vc_row-fluid\">\n<div class=\"wpb_column vc_column_container vc_col-sm-12\">\n<div class=\"vc_column-inner\">\n<div class=\"wpb_wrapper\">\n<div class=\"wpb_text_column wpb_content_element\">\n<div class=\"wpb_wrapper\">\n<h4><b><i>\u00dclevaade<img decoding=\"async\" class=\"emoji\" draggable=\"false\" src=\"https:\/\/s.w.org\/images\/core\/emoji\/12.0.0-1\/svg\/1f433.svg\" alt=\"\ud83d\udc33\" title=\"\"><\/i><\/b><\/h4>\n<p>Vaal Punta Cana, vaalavaatlus Saman\u00e1 lahes ja Cayo Levantado k\u00fclastamine selle Punta Cana hotellidest kogup\u00e4evase ekskursiooni ajal. S\u00f5itke mugava konditsioneeriga bussiga Saman\u00e1 lahte, seej\u00e4rel minge Michesi paadiga katamaraani. Kruiisige avavetesse, et otsida k\u00fc\u00fcrvaalade kaunasid, kes k\u00fclastavad piirkonnas paljunemist ja vasikaid. Lisateavet nende mereimetajate k\u00e4itumise ja bioloogia kohta saate oma asjatundlikust loodusteadlasest juhendist. J\u00e4tkake Cayo Levantado ehk Bacardi saarega, et nautida rannas l\u00f5unat ja supelda taevasinises vees, enne kui naasete Punta Canasse.<\/p>\n<p>&nbsp;<\/p>\n<p><strong>M\u00e4rge: <\/strong>See ringk\u00e4ik v\u00f5ib sisaldada peatust aadressil v\u00f5i mitte\u00a0<strong>Limoni juga<\/strong>. Kui soovite broneerida sama reisi koos koskedega <a href=\"https:\/\/www.boattoursamana.com\/et\/tours-excursions\/fees-entrace\/samana-vaala-vaatab-cayo-levantado-bacardi-saare-limoni-jugasid-punta-cana-hotellidest\/\">KLIKI SIIA.<\/a><\/p>\n<p>&nbsp;<\/p>\n<ul>\n<li>Vaalavaatlusreis<\/li>\n<li>Observatooriumi sissep\u00e4\u00e4sutasud<\/li>\n<li>Sisaldab l\u00f5unas\u00f6\u00f6ki Rootsi lauas rannas<\/li>\n<li>Paaditransfeer<\/li>\n<li>Transfeer Punta Cana hotellidest<\/li>\n<li>Kapten annab juhiseid ja j\u00e4relevalvet<\/li>\n<li>Giid<\/li>\n<\/ul>\n<p>&nbsp;<\/p>\n<h4><b>Kaasamised ja v\u00e4listused<\/b><\/h4>\n<p>&nbsp;<\/p>\n<p><b>Kaasamised<\/b><\/p>\n<p>&nbsp;<\/p>\n<ol>\n<li>L\u00f5unas\u00f6\u00f6k Rootsi lauas rannas<\/li>\n<li>Giid<\/li>\n<li>Katamaraani v\u00f5i paadireis<\/li>\n<li>K\u00f5ik maksud, tasud ja k\u00e4itlustasud<\/li>\n<li>Kohalikud maksud<\/li>\n<li>Joogid<\/li>\n<\/ol>\n<p><b>V\u00e4listused<\/b><\/p>\n<ol>\n<li>Jootraha<\/li>\n<\/ol>\n<p>&nbsp;<\/p>\n<h4><em><strong>V\u00e4ljumine ja tagasitulek<\/strong><\/em><\/h4>\n<p>Sellel ekskursioonil pakutakse hotelli vastuv\u00f5ttu. M\u00e4rkustes kirjutage lihtsalt hotelli nimi, et teile j\u00e4rele tulla. Tuleme j\u00e4rele k\u00f5ikidest Punta Cana hotellidest.<\/p>\n<p>&nbsp;<\/p>\n<h3>Vaalavaatlus Punta Canas\/Cap Canas Samana lahes + Cayo Levantados (Bacardi saar) hotellidest.<\/h3>\n<h4><b><i>Mida oodata?<\/i><\/b><\/h4>\n<p>Selle 12-tunnise k\u00fc\u00fcrvaalade vaatlusretke ajal S\u00e1mana lahel saate Dominikaani Vabariigi \u00f5rnade merehiiglastega l\u00e4hedalt tutvuda. Veetke unustamatu p\u00e4ev, j\u00e4lgides tuhandeid vaalu, kes igal aastal saarele soojades troopilistes vetes paarituma, toituma ja m\u00e4ngima suunduvad. Neid kauneid olendeid j\u00e4lgides saate nautida ainulaadseid teadmisi oma asjatundlikult vaalavaatlusjuhendilt. L\u00f5petage p\u00e4ev l\u00f5unas\u00f6\u00f6gi ja rannas\u00f5iduga kaunil Cayo Levantado saarel. Hinna sees on ka edasi-tagasi hotellitransport.<\/p>\n<p>Kell 9.00-12.00 Vaalavaatlusobservatoorium ja p\u00e4rast seda vaalareisi k\u00fclastame Bacardi saart \/ Cayo Levantadot. Bacardi saarel pakutakse l\u00f5unas\u00f6\u00f6ki Rootsi lauas t\u00fc\u00fcpilises Dominikaani stiilis (riis, oad, kala, salatid jne). Kui l\u00f5una on l\u00f5ppenud, on teil lubatud ujuda kuni kella 16.30-ni. Ringreis l\u00f5petatakse kell 17.00 samas sadamas, kust meie katamaraan alustab ja bussiga tagasi Punta Cana hotellidesse.<\/p>\n<p>See ringk\u00e4ik v\u00f5ib sisaldada peatust aadressil v\u00f5i mitte\u00a0<strong>Limoni juga<\/strong>. Kui soovite broneerida sama reisi koos koskedega <a href=\"https:\/\/www.boattoursamana.com\/et\/tours-excursions\/fees-entrace\/samana-vaala-vaatab-cayo-levantado-bacardi-saare-limoni-jugasid-punta-cana-hotellidest\/\">KLIKI SIIA.<\/a><\/p>\n<p><strong>Tunniplaan:<\/strong><\/p>\n<p>6:00 \u2013 7:00 Klientide pealev\u00f5tmine erinevatest hotellidest<br \/>\n07:00 V\u00e4ljas\u00f5it Las Canitasesse Sabana de la mar<br \/>\n08:15 Saabumine eradokki<br \/>\n08:15 \u2013 8:40 Hommikus\u00f6\u00f6k (v\u00f5ileivad, muffinid, tee, kohv, mahlad)<br \/>\n8:45 Pardale minek, et alustada teekonda k\u00fc\u00fcrvaalade varjupaika Samanas<br \/>\n11:00 Otsige vaalu 45-minutilise perioodi jooksul \u2013 see on ajastus, mille j\u00e4rgivad valitsuse eeskirjad.<br \/>\n11:45 Suunduge Samana lahes asuvasse Cayo Levantadosse<br \/>\n12:30 Saabumine Cayo Levantadosse<br \/>\n13:00 L\u00f5unas\u00f6\u00f6k (l\u00f5unas\u00f6\u00f6k Rootsi lauas, t\u00fc\u00fcpiline dominikaani keel)*<br \/>\n13:45 \u2013 15:30 Vaba aeg Cayo Levantados<br \/>\n15:00 \u2013 15:45 Pardal taas suund tagasi Michesi poole<br \/>\n17:00 Saabumine Michesi ja v\u00e4ljas\u00f5it Punta Cana hotellidesse<br \/>\n19:30 \u2013 20:00 Saabumine Punta Cana hotellidesse<\/p>\n<p><strong>* L\u00f5unamen\u00fc\u00fc (tavaline Dominikaani keel)<br \/>\n<\/strong>Riis, grillkana v\u00f5i grillkala, salat, k\u00f6\u00f6giviljad, v\u00e4rsked puuviljad.<\/p>\n<p><strong>*Kliendid, kes otsustavad p\u00e4rast vaalavaatlust lisada peatuse El Limoni kose juures, liiguvad kosereklaami juurde, saavad Cayo Levantados veeta v\u00e4hem aega.<\/strong><\/p>\n<p>See ringk\u00e4ik v\u00f5ib sisaldada peatust aadressil v\u00f5i mitte\u00a0<strong>Limoni juga<\/strong>. Kui soovite broneerida sama reisi koos koskedega <a href=\"https:\/\/www.boattoursamana.com\/et\/tours-excursions\/fees-entrace\/samana-vaala-vaatab-cayo-levantado-bacardi-saare-limoni-jugasid-punta-cana-hotellidest\/\">KLIKI SIIA.<\/a><\/p>\n<p>&nbsp;<\/p>\n<h4><em><strong>Mida peaksite kaasa v\u00f5tma?<\/strong><\/em><\/h4>\n<ul>\n<li>Kaamera<\/li>\n<li>T\u00f5rjuvad pungad<\/li>\n<li>p\u00e4ikesekreem<\/li>\n<li>M\u00fcts<\/li>\n<li>Mugavad p\u00fcksid<\/li>\n<li>Sandaalid randa<\/li>\n<li>Ujumisriided<\/li>\n<li>Sularaha suveniiride eest<\/li>\n<\/ul>\n<p>&nbsp;<\/p>\n<h4><b><i>Hotelli j\u00e4reletulemine<\/i><\/b><\/h4>\n<p>Sellel ekskursioonil pakutakse hotelli vastuv\u00f5ttu. M\u00e4rkustes kirjutage lihtsalt hotelli nimi, et teile j\u00e4rele tulla. Tuleme j\u00e4rele k\u00f5ikidest Punta Cana hotellidest.<\/p>\n<p>&nbsp;<\/p>\n<p><b>M\u00e4rge:<\/b> Kui broneerite 24 tunni jooksul p\u00e4rast ekskursiooni\/ekskursiooni v\u00e4ljumisaega, saame korraldada lisatasu eest hotelli pealetulemise. Kui teie ost on l\u00f5pule viidud, saadame teile meie kohaliku giidi t\u00e4ieliku kontaktteabe (telefoninumber, e-posti aadress jne), et korraldada kohaletoomise korraldamine.<\/p>\n<h4><b><i>Lisateabe kinnitus<\/i><\/b><\/h4>\n<ol>\n<li>Piletid on kviitung p\u00e4rast selle ekskursiooni tasumist. Saate n\u00e4idata makset oma telefonis.<\/li>\n<li>Kohtumispunkt v\u00f5etakse vastu p\u00e4rast broneerimisprotsessi.<\/li>\n<li>Lastega peab kaasas olema t\u00e4iskasvanu.<\/li>\n<li>ratastooliga ligip\u00e4\u00e4setav<\/li>\n<li>Imikud peavad istuma s\u00fcles<\/li>\n<li>Enamik reisijaid saab osaleda<\/li>\n<\/ol>\n<h5><b><i>T\u00fchistamispoliitika<\/i><\/b><\/h5>\n<p>T\u00e4ieliku tagasimakse saamiseks lugege palun meie t\u00fchistamiseeskirju\u00a0<a href=\"https:\/\/www.boattoursamana.com\/et\/online-broneerimine\/\" target=\"_blank\" rel=\"noopener\" data-saferedirecturl=\"https:\/\/www.google.com\/url?q=https:\/\/www.boattoursamana.com\/online-booking\/&amp;source=gmail&amp;ust=1672532492004000&amp;usg=AOvVaw3ylqI1cdbIPTimEqEWneyd\">Kliki siia<\/a>. Vahendid l\u00e4hevad kaotsi, kui broneering t\u00fchistatakse samal reisip\u00e4eval.<\/p>\n<\/div>\n<\/div>\n<\/div>\n<\/div>\n<\/div>\n<\/div>\n<\/div>\n<\/div>\n<\/div>\n<\/div>\n<\/div>\n<\/div>\n<div class=\"vc_row wpb_row vc_row-fluid\">\n<div class=\"wpb_column vc_column_container vc_col-sm-12\">\n<div class=\"vc_column-inner\">\n<div class=\"wpb_wrapper\">\n<div class=\"vc_empty_space\"><\/div>\n<div class=\"wpb_text_column wpb_content_element\">\n<div class=\"wpb_wrapper\">\n<h4>V\u00f5ta meiega \u00fchendust?<\/h4>\n<h5><b><i>TOUR VAALAD SAMANA<\/i><\/b><\/h5>\n<p><em><strong>Kohalikud<\/strong>\u00a0ja\u00a0<strong>Rahvuslased<\/strong>\u00a0Giidid ja k\u00fclalisteteenused<\/em><\/p>\n<p><span class=\"text-turquoise\">Broneeringud:<\/span>\u00a0Reisid ja ekskursioonid Domis. Rep.<\/p>\n<p><img decoding=\"async\" class=\"emoji\" draggable=\"false\" src=\"https:\/\/s.w.org\/images\/core\/emoji\/11.2.0\/svg\/1f4de.svg\" alt=\"\ud83d\udcde\" title=\"\">\u00a0Tel \/ Whatsapp\u00a0\u00a0<a href=\"tel:+1-809-720-6035\">+1-809-720-6035<\/a>.<\/p>\n<p><img decoding=\"async\" class=\"emoji\" draggable=\"false\" src=\"https:\/\/s.w.org\/images\/core\/emoji\/11.2.0\/svg\/1f4e9.svg\" alt=\"\ud83d\udce9\" title=\"\">\u00a0<a href=\"mailto:info@bookingadventures.com.do\">info@bookingadventures.com.do<\/a><\/p>\n<p><strong>Me korraldame paindlikult Whatsapi privaatreise:\u00a0<a href=\"tel:+18097206035\">+18097206035.<\/a><\/strong><\/p>\n<\/div>\n<\/div>\n<\/div>\n<\/div>\n<\/div>\n<\/div>\n\n\t\t<\/div>\n\t<\/div>\n<\/div><\/div><\/div><\/div><div class=\"vc_row wpb_row vc_row-fluid\" ><div class=\"wpb_column vc_column_container vc_col-sm-12\"><div class=\"vc_column-inner\"><div class=\"wpb_wrapper\"><div class=\"vc_btn3-container vc_btn3-inline\" ><button class=\"vc_general vc_btn3 vc_btn3-size-md vc_btn3-shape-rounded vc_btn3-style-modern vc_btn3-color-green\">BRONEERI KOHE<\/button><\/div><\/div><\/div><\/div><\/div>","protected":false},"excerpt":{"rendered":"<p>Punta Cana hotellidest naudime idamaade m\u00e4eaheliku kauneid maastikke, kui s\u00f5idame Punta Canast p\u00f5hja poole, enne kui j\u00f5uame v\u00e4ikesesse kalurik\u00fclla Michesi Samana lahe l\u00f5unakaldal. Seal saate nautida kiiret hommikus\u00f6\u00f6ki enne Samanasse s\u00f5itmist. Kruiisime s\u00fcgavale lahte, et vaalu vaadata. K\u00f5igepealt j\u00f5uame Cayo Levantadosse, mis on tuntud ka kui Bacardi saar, kuna see on v\u00e4ga sarnane randadega, mida Bacardi Rum kunagi kasutas oma kuulsate reklaamide jaoks. Cayo Levantado pole midagi muud kui troopiline oaas \u2013 v\u00e4ike saar keset ookeani t\u00fcrkiissinise vee ja valge liivaga.<\/p>\n<p>See ringk\u00e4ik v\u00f5ib sisaldada peatust aadressil v\u00f5i mitte\u00a0<strong>Limoni juga<\/strong>. Palun broneerige sama reis koskedega <a href=\"https:\/\/www.boattoursamana.com\/et\/tours-excursions\/fees-entrace\/samana-vaala-vaatab-cayo-levantado-bacardi-saare-limoni-jugasid-punta-cana-hotellidest\/\">KLIKI SIIA.<\/a><\/p>\n<p>&nbsp;<\/p>\n<p>&nbsp;<\/p>\n<p><em><strong>Palun valige ekskursiooni kuup\u00e4ev:<\/strong><\/em><\/p>","protected":false},"featured_media":12053,"template":"","meta":[],"product_cat":[294,948,972,968,255,664],"product_tag":[631,184,328,480,296,428,327,222,527,313,199,526,458,342,524,276,529,528,274,525],"class_list":["post-9717","product","type-product","status-publish","has-post-thumbnail","hentry","product_cat-tours-excursions-punta-cana-dominican-republic","product_cat-1-punta-cana","product_cat-punta-cana-group-tours","product_cat-punta-cana-whale-watching","product_cat-tours-excursions-samana-bay-dominican-republic","product_cat-whale-watching-punta-cana","product_tag-631","product_tag-bacardi-island","product_tag-cayo-levantado-day-pass","product_tag-cheap-punta-cana-excursions","product_tag-day-trip-punta-cana","product_tag-half-day-whale-watching-miches","product_tag-private-tours-samana","product_tag-punta-cana","product_tag-punta-cana-activities","product_tag-punta-cana-tours","product_tag-samana-bay","product_tag-samana-day-trip","product_tag-samana-day-trip-from-punta-cana","product_tag-samana-whale-watching","product_tag-whale-punta-cana","product_tag-whale-samana","product_tag-whale-watching-2020","product_tag-whale-watching-2020-in-punta-cana-to-samana-bay-cayo-levantado-bacardi-island-from-hotels","product_tag-whale-watching-dominican-republic","product_tag-whale-watching-punta-cana"],"_links":{"self":[{"href":"https:\/\/www.boattoursamana.com\/et\/wp-json\/wp\/v2\/product\/9717","targetHints":{"allow":["GET"]}}],"collection":[{"href":"https:\/\/www.boattoursamana.com\/et\/wp-json\/wp\/v2\/product"}],"about":[{"href":"https:\/\/www.boattoursamana.com\/et\/wp-json\/wp\/v2\/types\/product"}],"wp:featuredmedia":[{"embeddable":true,"href":"https:\/\/www.boattoursamana.com\/et\/wp-json\/wp\/v2\/media\/12053"}],"wp:attachment":[{"href":"https:\/\/www.boattoursamana.com\/et\/wp-json\/wp\/v2\/media?parent=9717"}],"wp:term":[{"taxonomy":"product_cat","embeddable":true,"href":"https:\/\/www.boattoursamana.com\/et\/wp-json\/wp\/v2\/product_cat?post=9717"},{"taxonomy":"product_tag","embeddable":true,"href":"https:\/\/www.boattoursamana.com\/et\/wp-json\/wp\/v2\/product_tag?post=9717"}],"curies":[{"name":"wp","href":"https:\/\/api.w.org\/{rel}","templated":true}]}}