{"id":15736,"date":"2023-07-15T07:42:45","date_gmt":"2023-07-15T07:42:45","guid":{"rendered":"https:\/\/www.ticketswhales.com\/private-el-limon-waterfalls-horse-riding-and-swimming\/"},"modified":"2023-07-15T07:42:45","modified_gmt":"2023-07-15T07:42:45","slug":"private-el-limon-waterfalls-horse-riding-and-swimming","status":"publish","type":"page","link":"https:\/\/www.boattoursamana.com\/eu\/private-el-limon-waterfalls-horse-riding-and-swimming","title":{"rendered":"El Lim\u00f3n ur-jauzi pribatuak (zaldiz ibilaldiak eta igeriketa)"},"content":{"rendered":"<p><strong>Mesedez, hautatu Tour-aren data\u00a0<\/strong><\/p>\n<p>&nbsp;<\/p>\n<div class=\"vc_row wpb_row vc_row-fluid\" ><div class=\"wpb_column vc_column_container vc_col-sm-12\"><div class=\"vc_column-inner\"><div class=\"wpb_wrapper\"><div class=\"mkdf-section-title-holder\" style=\"text-align: left\">\n\t<div class=\"mkdf-st-inner\">\n\t\t\t\t\t<h5 class=\"mkdf-st-subtitle\" >\n\t\t\t\tBidaia normala baina pribatua\t\t\t<\/h5>\n\t\t\t\t\t\t\t<h3 class=\"mkdf-st-title\" >\n\t\t\t\tEl Lim\u00f3n ur-jauziak Tour (zaldiz eta igeriketa) + bazkaria\t\t\t<\/h3>\n\t\t\t\t\t<\/div>\n<\/div><\/div><\/div><\/div><\/div><div class=\"vc_row wpb_row vc_row-fluid\" ><div class=\"wpb_column vc_column_container vc_col-sm-12\"><div class=\"vc_column-inner\"><div class=\"wpb_wrapper\"><div class=\"vc_btn3-container vc_btn3-inline\" ><button class=\"vc_general vc_btn3 vc_btn3-size-md vc_btn3-shape-rounded vc_btn3-style-modern vc_btn3-color-green\">ERRESERBATU ORAIN<\/button><\/div>\n\t<div class=\"wpb_text_column wpb_content_element\" >\n\t\t<div class=\"wpb_wrapper\">\n\t\t\t<p>\nn<\/p>\n<h4><b><i>Ikuspegi orokorra <\/i><\/b><\/h4>\n<p>nHau bisita pribatua da <strong>El Lim\u00f3n Ur-jauziak<\/strong> Zalditan Ibiltzea edo Mendi Ibiltzearekin. Kakao eta kafe basoa bisitatzen Coconuts Palms Canopy azpian. Ur-jauzietara iristen zarenean igeri egiteko baimena duzu eta zure Local Guiderekin ordua ezarri. El Lim\u00f3n Erkidegoan Bazkari Tipikoaz gozatu ondoren.<br \/>\nn<br \/>\nn Ikasi bertakoekin eta lortu bidaia seguru bat. Lortu zure Sarrerak Gaur Eskaintzan.<br \/>\nn<\/p>\n<ul>\nn \t<\/p>\n<li style=\"font-weight: 400;\"><span style=\"font-weight: 400;\">Bazkaria barne\u00a0<\/span><\/li>\n<p>n \t<\/p>\n<li>Ibilaldiak edo Ibilaldiak<\/li>\n<p>n \t<\/p>\n<li style=\"font-weight: 400;\"><span style=\"font-weight: 400;\">Gidak argibideak eta gainbegiratzea eskaintzen ditu<\/span><\/li>\n<p>n \t<\/p>\n<li>Parke Nazionalerako tasak<\/li>\n<p>n<\/ul>\n<p>n&nbsp;<br \/>\nn<\/p>\n<h4><b>Inklusioak eta bazterketak<\/b><\/h4>\n<p>n&nbsp;<br \/>\nn<br \/>\nn<b>Inklusioak<\/b><br \/>\nn<\/p>\n<ol>\nn \t<\/p>\n<li style=\"font-weight: 400;\"><span style=\"font-weight: 400;\">Buffet bazkaria El Limonen<\/span><\/li>\n<p>n \t<\/p>\n<li style=\"font-weight: 400;\"><span style=\"font-weight: 400;\">Mendi Ibilaldia edo Ibilaldia<\/span><\/li>\n<p>n \t<\/p>\n<li style=\"font-weight: 400;\"><span style=\"font-weight: 400;\">Zerga, tasa eta kudeaketa-gastu guztiak<\/span><\/li>\n<p>n \t<\/p>\n<li style=\"font-weight: 400;\"><span style=\"font-weight: 400;\">Tokiko zergak<\/span><\/li>\n<p>n \t<\/p>\n<li style=\"font-weight: 400;\"><span style=\"font-weight: 400;\">Edariak<\/span><\/li>\n<p>n \t<\/p>\n<li style=\"font-weight: 400;\"><span style=\"font-weight: 400;\">Jarduera guztiak<\/span><\/li>\n<p>n \t<\/p>\n<li style=\"font-weight: 400;\"><span style=\"font-weight: 400;\">Tokiko gida<\/span><\/li>\n<p>n<\/ol>\n<p>n<b> Bazterketak<\/b><br \/>\nn<\/p>\n<ol>\nn \t<\/p>\n<li style=\"font-weight: 400;\"><span style=\"font-weight: 400;\">Doanak<\/span><\/li>\n<p>n \t<\/p>\n<li style=\"font-weight: 400;\"><span style=\"font-weight: 400;\">Transferentzia<\/span><\/li>\n<p>n \t<\/p>\n<li style=\"font-weight: 400;\"><span style=\"font-weight: 400;\">Edari alkoholdunak<\/span><\/li>\n<p>n \t<\/p>\n<li>Janaria Hondartzan<\/li>\n<p>n<\/ol>\n<p>n&nbsp;<br \/>\nn<\/p>\n<h4><em><strong>Irteera eta Itzulera<\/strong><\/em><\/h4>\n<p>n<span style=\"font-weight: 400;\">Bidaiariak bilgune bat lortuko du Erreserba Prozesuaren ondoren. Bisitak gure topaguneetan hasi eta amaitu.<\/span><br \/>\nn<br \/>\nn&nbsp;<br \/>\nn<\/p>\n<h4><b><i>Zer espero?<\/i><\/b><\/h4>\n<p>n&nbsp;<br \/>\nn<br \/>\nn<em><strong>Eskuratu zure sarrerak<\/strong><\/em> The Waterfalls El Lim\u00f3n Saman\u00e1 bisitatzeagatik eta El Lim\u00f3n Jatetxean bazkari zoragarri batengatik.<br \/>\nn<br \/>\nn<span style=\"font-weight: 400;\">\u201cReserba Abenturak\u201d-k antolatutako ibilaldia, Gidariarekin ezarritako topagunetik hasten da.<\/span><br \/>\nn<br \/>\nn El Limon ur-jauzietara bidaia pribatu onenak tokiko gidari batekin. Erreserbatu zaldiz ibilaldi bat Basotik Lim\u00f3n ibaiaren ertza inguratuz, kakao eta kafe landaketak bisitatuz Coconuts itzalen palmondoen azpian.<br \/>\nn<br \/>\nnLehenik eta behin, geldialdia Txikiko ur-jauzian, normalean jende gutxi dagoen eta inguruan igeri egin dezakezun. Ur-jauzi handira jarraitu ondoren, nahi izanez gero ordubete edo gehiago egongo gara.<br \/>\nn<br \/>\nnZaldiak itzultzea jatetxera, eta bertan bazkari tipiko batez gozatuko dugu hondartzan. Frite arraina Tostones eta Entsaladarekin edo menuan beste aukera batzuk lor ditzakezu aparteko kostuekin.<br \/>\nn<br \/>\nn Bazkaria El Lim\u00f3n komunitateko Jatetxean eta nahi duzun denboran egon zaitezke igerian. Beganoa bazara, janaria ere ezar dezakegu.<br \/>\nn<br \/>\nn&nbsp;<br \/>\nn<\/p>\n<h4><em><strong>Zer ekarri beharko zenuke?<\/strong><\/em><\/h4>\n<p>n<\/p>\n<ul>\nn \t<\/p>\n<li style=\"font-weight: 400;\"><span style=\"font-weight: 400;\">Kamera<\/span><\/li>\n<p>n \t<\/p>\n<li style=\"font-weight: 400;\"><span style=\"font-weight: 400;\">Kimuak uxatzeko<\/span><\/li>\n<p>n \t<\/p>\n<li style=\"font-weight: 400;\"><span style=\"font-weight: 400;\">eguzkitako krema<\/span><\/li>\n<p>n \t<\/p>\n<li style=\"font-weight: 400;\"><span style=\"font-weight: 400;\">Txapela<\/span><\/li>\n<p>n \t<\/p>\n<li style=\"font-weight: 400;\"><span style=\"font-weight: 400;\">Praka erosoak<\/span><\/li>\n<p>n \t<\/p>\n<li style=\"font-weight: 400;\"><span style=\"font-weight: 400;\">Basorako mendiko oinetakoak<\/span><\/li>\n<p>n \t<\/p>\n<li style=\"font-weight: 400;\"><span style=\"font-weight: 400;\">Igeriketa arropa<\/span><\/li>\n<p>n<\/ul>\n<p>n&nbsp;<br \/>\nn<\/p>\n<h4><b><i>Hoteleko bilketa <\/i><\/b><\/h4>\n<p>n<span style=\"font-weight: 400;\">Bisita honetarako ez da hoteleko bilketa eskaintzen. <\/span><br \/>\nn<br \/>\nn&nbsp;<br \/>\nn<br \/>\nn<b>Ohar:<\/b><span style=\"font-weight: 400;\"> Txangoaren irteera ordutik 24 orduko epean erreserbatzen baduzu, hoteleko bilketa egin dezakegu aparteko karguekin. Erosketa amaitutakoan, harremanetarako informazio osoa bidaliko dizugu (telefono zenbakia, helbide elektronikoa, etab.) gure tokiko Tour gidari bilketa-antolaketak antola ditzan.<\/span><br \/>\nn<\/p>\n<h4><b><i>Informazio gehigarria berrespena <\/i><\/b><\/h4>\n<p>n<\/p>\n<ol>\nn \t<\/p>\n<li>Sarrerak Tour hau ordaindu ondoren ordainagiria dira. Ordainketa zure telefonoan erakutsi dezakezu.<\/li>\n<p>n \t<\/p>\n<li style=\"font-weight: 400;\"><span style=\"font-weight: 400;\">Topagunea Erreserba Prozesuaren ondoren jasoko da.<\/span><\/li>\n<p>n \t<\/p>\n<li style=\"font-weight: 400;\"><span style=\"font-weight: 400;\">Haurrak heldu batekin joan behar dira.<\/span><\/li>\n<p>n \t<\/p>\n<li style=\"font-weight: 400;\"><span style=\"font-weight: 400;\"> Ez dago gurpil-aulkirako sarbidea <\/span><\/li>\n<p>n \t<\/p>\n<li style=\"font-weight: 400;\"><span style=\"font-weight: 400;\">Haurrak magalean eseri behar dira <\/span><\/li>\n<p>n \t<\/p>\n<li style=\"font-weight: 400;\"><span style=\"font-weight: 400;\">Ez da gomendagarria bizkarreko arazoak dituzten bidaiarientzat<\/span><\/li>\n<p>n \t<\/p>\n<li style=\"font-weight: 400;\"><span style=\"font-weight: 400;\">Ez da gomendagarria haurdun dauden bidaiarientzat <\/span><\/li>\n<p>n \t<\/p>\n<li style=\"font-weight: 400;\"><span style=\"font-weight: 400;\"> Ez dago bihotzeko arazorik edo beste baldintza mediko larririk <\/span><\/li>\n<p>n \t<\/p>\n<li style=\"font-weight: 400;\"><span style=\"font-weight: 400;\">Bidaiari gehienek parte har dezakete<\/span><\/li>\n<p>n<\/ol>\n<p>n<\/p>\n<h4><b><i>Baliogabetze politika<\/i><\/b><\/h4>\n<p>Itzulketa osoa lortzeko, irakurri gure Ezeztapen-politikak\u00a0<a href=\"https:\/\/www.boattoursamana.com\/eu\/lineako-erreserba\/\" target=\"_blank\" rel=\"noopener\" data-saferedirecturl=\"https:\/\/www.google.com\/url?q=https:\/\/www.boattoursamana.com\/online-booking\/&amp;source=gmail&amp;ust=1672532492004000&amp;usg=AOvVaw3ylqI1cdbIPTimEqEWneyd\">Klikatu hemen<\/a>. Funtsak galduko dira erreserba bidaiaren egun berean bertan behera uzten bada.<\/p>\n\n\t\t<\/div>\n\t<\/div>\n<\/div><\/div><\/div><\/div><div class=\"vc_row wpb_row vc_row-fluid\" ><div class=\"wpb_column vc_column_container vc_col-sm-12\"><div class=\"vc_column-inner\"><div class=\"wpb_wrapper\"><div class=\"vc_empty_space\"   style=\"height: 32px\"><span class=\"vc_empty_space_inner\"><\/span><\/div>\n\t<div class=\"wpb_text_column wpb_content_element\" >\n\t\t<div class=\"wpb_wrapper\">\n\t\t\t<p>\nn<\/p>\n<h4>Jarri gurekin harremanetan?<\/h4>\n<p>n<\/p>\n<h5><em><strong>Erreserba Abenturak<\/strong><\/em><\/h5>\n<p>n<em><strong>Bertakoak<\/strong> eta <strong>Nazionalak<\/strong> Bisita gidatuak eta gonbidatuentzako zerbitzuak<\/em><br \/>\nn<br \/>\nn<span class=\"text-turquoise\">Erreserbak:<\/span> Bisitak eta txangoak Dom-en. Errep.<br \/>\nn<br \/>\nn<img decoding=\"async\" class=\"emoji\" draggable=\"false\" src=\"https:\/\/s.w.org\/images\/core\/emoji\/11.2.0\/svg\/1f4de.svg\" alt=\" \" title=\"\"> Tel \/ Whatsapp\u00a0 <a href=\"tel:+1-809-720-6035\">+1-809-720-6035<\/a>.<br \/>\nn<br \/>\nn<img decoding=\"async\" class=\"emoji\" draggable=\"false\" src=\"https:\/\/s.w.org\/images\/core\/emoji\/11.2.0\/svg\/1f4e9.svg\" alt=\" \" title=\"\"> <a href=\"mailto:info@bookingadventures.com.do\">info@bookingadventures.com.do<\/a><br \/>\nn<br \/>\nn<strong>Whatsapp bidez bisita pribatuak ezartzen malguak gara: <a href=\"tel:+18097206035\">+18097206035.<\/a><\/strong><\/p>\n\n\t\t<\/div>\n\t<\/div>\n<div class=\"vc_empty_space\"   style=\"height: 32px\"><span class=\"vc_empty_space_inner\"><\/span><\/div><\/div><\/div><\/div><\/div><div class=\"vc_row wpb_row vc_row-fluid\" ><div class=\"wpb_column vc_column_container vc_col-sm-12\"><div class=\"vc_column-inner\"><div class=\"wpb_wrapper\"><div class=\"vc_btn3-container vc_btn3-inline\" ><button class=\"vc_general vc_btn3 vc_btn3-size-md vc_btn3-shape-rounded vc_btn3-style-modern vc_btn3-color-green\">ERRESERBATU ORAIN<\/button><\/div><\/div><\/div><\/div><\/div>","protected":false},"excerpt":{"rendered":"<p>Mesedez, hautatu Tour-aren data\u00a0 &nbsp;<\/p>","protected":false},"author":2,"featured_media":0,"parent":0,"menu_order":0,"comment_status":"open","ping_status":"closed","template":"","meta":{"footnotes":""},"class_list":["post-15736","page","type-page","status-publish","hentry"],"_links":{"self":[{"href":"https:\/\/www.boattoursamana.com\/eu\/wp-json\/wp\/v2\/pages\/15736","targetHints":{"allow":["GET"]}}],"collection":[{"href":"https:\/\/www.boattoursamana.com\/eu\/wp-json\/wp\/v2\/pages"}],"about":[{"href":"https:\/\/www.boattoursamana.com\/eu\/wp-json\/wp\/v2\/types\/page"}],"author":[{"embeddable":true,"href":"https:\/\/www.boattoursamana.com\/eu\/wp-json\/wp\/v2\/users\/2"}],"replies":[{"embeddable":true,"href":"https:\/\/www.boattoursamana.com\/eu\/wp-json\/wp\/v2\/comments?post=15736"}],"version-history":[{"count":0,"href":"https:\/\/www.boattoursamana.com\/eu\/wp-json\/wp\/v2\/pages\/15736\/revisions"}],"wp:attachment":[{"href":"https:\/\/www.boattoursamana.com\/eu\/wp-json\/wp\/v2\/media?parent=15736"}],"curies":[{"name":"wp","href":"https:\/\/api.w.org\/{rel}","templated":true}]}}