{"id":15755,"date":"2023-07-15T07:43:13","date_gmt":"2023-07-15T07:43:13","guid":{"rendered":"https:\/\/www.ticketswhales.com\/samana-cayo-levantado-bacardi-island-and-whale-watching-from-miches-in-catamaran\/"},"modified":"2023-07-15T07:43:13","modified_gmt":"2023-07-15T07:43:13","slug":"samana-cayo-levantado-bacardi-island-and-whale-watching-from-miches-in-catamaran","status":"publish","type":"page","link":"https:\/\/www.boattoursamana.com\/eu\/samana-cayo-levantado-bacardi-irla-eta-baleen-behaketa-miches-etatik-katamaranean","title":{"rendered":"Saman\u00e1 Cayo Levantado (Bacardi uhartea) eta Miches-en baleen behaketa katamaranoan"},"content":{"rendered":"<p><span style=\"vertical-align: inherit;\"><span style=\"vertical-align: inherit;\">Whale Miches Tours &amp; Excursiones. <\/span><span style=\"vertical-align: inherit;\">Erreserbatu sus boletos para el avistamiento de ballenas en la Bah\u00eda de Saman\u00e1, hasita Miches eta Cayo Levantado bisitatuz, Isla Bacard\u00ed bezala ere ezaguna den egun batean paseatzeko abenturarekin.<\/span><\/span><br \/>\nn<br \/>\nn&nbsp;<br \/>\nn<br \/>\nn<em><strong><span style=\"vertical-align: inherit;\"><span style=\"vertical-align: inherit;\">Aukeratu bidaiaren data:<\/span><\/span><\/strong><\/em><\/p>\n<p>&nbsp;<\/p>\n<div class=\"vc_row wpb_row vc_row-fluid\" ><div class=\"wpb_column vc_column_container vc_col-sm-12\"><div class=\"vc_column-inner\"><div class=\"wpb_wrapper\">\n\t<div class=\"wpb_text_column wpb_content_element\" >\n\t\t<div class=\"wpb_wrapper\">\n\t\t\t<p><span style=\"vertical-align: inherit;\"><span style=\"vertical-align: inherit;\"><\/p>\n\n\t\t<\/div>\n\t<\/div>\n<\/div><\/div><\/div><\/div><div class=\"vc_row wpb_row vc_row-fluid\" ><\/div><div class=\"wpb_column vc_column_container vc_col-sm-12\"><div class=\"vc_column-inner\"><div class=\"wpb_wrapper\"><\/div><\/div><\/div><div class=\"vc_row wpb_row vc_row-fluid\" ><\/div><div class=\"wpb_column vc_column_container vc_col-sm-12\"><div class=\"vc_column-inner\"><div class=\"wpb_wrapper\"><div class=\"vc_btn3-container vc_btn3-inline\" ><button class=\"vc_general vc_btn3 vc_btn3-size-md vc_btn3-shape-rounded vc_btn3-style-modern vc_btn3-color-green\">ERRESERBATU ORAIN<\/button><\/div><\/div><\/div><\/div><div class=\"mkdf-section-title-holder\" style=\"text-align: left\">\n\t<div class=\"mkdf-st-inner\">\n\t\t\t\t\t\t\t<h3 class=\"mkdf-st-title\" >\n\t\t\t\tCayo Levantado + Avistamiento de ballenas de Miches en catamar\u00e1n\t\t\t<\/h3>\n\t\t\t\t\t<\/div>\n<\/div><div class=\"vc_empty_space\"   style=\"height: 32px\"><span class=\"vc_empty_space_inner\"><\/span><\/div>\n\t<div class=\"wpb_text_column wpb_content_element\" >\n\t\t<div class=\"wpb_wrapper\">\n\t\t\t<p>\u00a0<\/span><\/span><br \/>\nn<\/p>\n<div class=\"vc_empty_space\"><\/div>\n<p>n<\/p>\n<div class=\"wpb_text_column wpb_content_element\">\nn<\/p>\n<div class=\"wpb_wrapper\">\nn<\/p>\n<div class=\"vc_row wpb_row vc_row-fluid\">\nn<\/p>\n<div class=\"wpb_column vc_column_container vc_col-sm-12\">\nn<\/p>\n<div class=\"vc_column-inner\">\nn<\/p>\n<div class=\"wpb_wrapper\">\nn<\/p>\n<div class=\"wpb_text_column wpb_content_element\">\nn<\/p>\n<div class=\"wpb_wrapper\">\nn<\/p>\n<div class=\"vc_row wpb_row vc_row-fluid\">\nn<\/p>\n<div class=\"wpb_column vc_column_container vc_col-sm-12\">\nn<\/p>\n<div class=\"vc_column-inner\">\nn<\/p>\n<div class=\"wpb_wrapper\">\nn<\/p>\n<div class=\"wpb_text_column wpb_content_element\">\nn<\/p>\n<div class=\"wpb_wrapper\">\nn<\/p>\n<h4><a id=\"overview\" class=\"aal_anchor\" href=\"https:\/\/www.boattoursamana.com\/eu\/bira\/samana-cayo-levantado-bacardi-irla-eta-baleen-behaketa-miches-etatik-katamaranean\/#overview\" aria-hidden=\"true\"><\/a><b><i>Ikuspegi orokorra<\/i><\/b><\/h4>\n<p>nBaleen behaketa Saman\u00e1 badian Katamaraneko Miches portutik abiatuta. Bidaia hau goizeko 9:00etan hasi eta arratsaldeko 17:00etan amaituko da. Aurretik bilera Gure portuan Michesen. Gure Katamaran edo Itsasontzia abortatu ondoren, baleak beren habitatean bisitatzeko.<br \/>\nn<br \/>\nnGoizeko 9:00etatik eguerdiko 12:00ak arte Baleak behatzeko behatokia eta Balea bidaia honen ostean Bacardi uhartea \/ Cayo Levantado bisitatuko dugu. Bacardi uhartean, Dominikar estiloko bazkari-buffeta eskainiko da. Bazkaria amaitzen denean 16:30ak arte igeri egiteko aukera dago. Ibilaldia 17:00etan amaituko da hasiko den portu berean.<br \/>\nn<br \/>\nnOharra: ibilaldi hau ez da pribatua.<strong>\u00a0Bisita pribatu baterako, jar zaitez gurekin harremanetan.<\/strong><br \/>\nn<\/p>\n<ul>\nn \t<\/p>\n<li>Baleak Behatzeko bidaia<\/li>\n<p>n \t<\/p>\n<li>Behatokirako sarrerak<\/li>\n<p>n \t<\/p>\n<li>Buffet bazkaria hondartzan barne<\/li>\n<p>n \t<\/p>\n<li>Itsasontzien transferentzia<\/li>\n<p>n \t<\/p>\n<li>Kapitainak instrukzioa eta gainbegiratzea ematen du<\/li>\n<p>n \t<\/p>\n<li>Tour gida<\/li>\n<p>n<\/ul>\n<p>n&nbsp;<br \/>\nn<\/p>\n<h4><a id=\"inclusions-exclusions\" class=\"aal_anchor\" href=\"https:\/\/www.boattoursamana.com\/eu\/bira\/samana-cayo-levantado-bacardi-irla-eta-baleen-behaketa-miches-etatik-katamaranean\/#inclusions-exclusions\" aria-hidden=\"true\"><\/a><b>Inklusioak eta bazterketak<\/b><\/h4>\n<p>n&nbsp;<br \/>\nn<br \/>\nn<b>Inklusioak<\/b><br \/>\nn<br \/>\nn&nbsp;<br \/>\nn<\/p>\n<ol>\nn \t<\/p>\n<li>Buffet bazkaria hondartzan<\/li>\n<p>n \t<\/p>\n<li>Baleen behaketa<\/li>\n<p>n \t<\/p>\n<li>Tour gida<\/li>\n<p>n \t<\/p>\n<li>Katamaran edo itsasontziz bidaia<\/li>\n<p>n \t<\/p>\n<li>Zerga, tasa eta kudeaketa-gastu guztiak<\/li>\n<p>n \t<\/p>\n<li>Tokiko zergak<\/li>\n<p>n \t<\/p>\n<li>Edariak<\/li>\n<p>n \t<\/p>\n<li>Edari alkoholdunak<\/li>\n<p>n<\/ol>\n<p>n<b>Bazterketak<\/b><br \/>\nn<\/p>\n<ol>\nn \t<\/p>\n<li>Doanak<\/li>\n<p>n \t<\/p>\n<li>Transferentzia Autoa<\/li>\n<p>n<\/ol>\n<p>n&nbsp;<br \/>\nn<\/p>\n<h4><a id=\"departure-return\" class=\"aal_anchor\" href=\"https:\/\/www.boattoursamana.com\/eu\/bira\/samana-cayo-levantado-bacardi-irla-eta-baleen-behaketa-miches-etatik-katamaranean\/#departure-return\" aria-hidden=\"true\"><\/a><em><strong>Irteera eta Itzulera<\/strong><\/em><\/h4>\n<p>Bidaiariak bilgune bat lortuko du Erreserba Prozesuaren ondoren. Bisitak gure topaguneetan hasi eta amaitu.<br \/>\nn<br \/>\nn&nbsp;<br \/>\nn<\/p>\n<h4><a id=\"what-to-expect\" class=\"aal_anchor\" href=\"https:\/\/www.boattoursamana.com\/eu\/bira\/samana-cayo-levantado-bacardi-irla-eta-baleen-behaketa-miches-etatik-katamaranean\/#what-to-expect\" aria-hidden=\"true\"><\/a><b><i>Zer espero?<\/i><\/b><\/h4>\n<p>n&nbsp;<br \/>\nn<br \/>\nn<em><strong>Eskuratu zure sarrerak<\/strong><\/em>\u00a0Saman\u00e1 badian baleak ikusteko ibilaldi baterako Catamaran-en Miches-etik abiatuta, bertako edariekin eta bazkari zoragarri batekin eta hondartzarako denborarekin.<br \/>\nn<br \/>\nnBaleen behaketarako Daypass, \u201cBooking Adventures\u201d elkarteak antolatuta, Tour Gidariarekin jarritako elkargunetik abiatzen da. Bazkaria hondartzan eta nahi adina egon zaitezke igerian. Beganoa bazara, janaria ere ezar dezakegu.<br \/>\nn<br \/>\nn<strong>Ordutegia:<\/strong><br \/>\nn<br \/>\nn8:45 - 17:00<br \/>\nn<br \/>\nn&nbsp;<br \/>\nn<\/p>\n<h4><a id=\"what-you-should-bring\" class=\"aal_anchor\" href=\"https:\/\/www.boattoursamana.com\/eu\/bira\/samana-cayo-levantado-bacardi-irla-eta-baleen-behaketa-miches-etatik-katamaranean\/#what-you-should-bring\" aria-hidden=\"true\"><\/a><em><strong>Zer ekarri beharko zenuke?<\/strong><\/em><\/h4>\n<p>n<\/p>\n<ul>\nn \t<\/p>\n<li>Kamera<\/li>\n<p>n \t<\/p>\n<li>Kimuak uxatzeko<\/li>\n<p>n \t<\/p>\n<li>Eguzkitako krema<\/li>\n<p>n \t<\/p>\n<li>Txapela<\/li>\n<p>n \t<\/p>\n<li>Praka erosoak<\/li>\n<p>n \t<\/p>\n<li>Sandaliak hondartzara<\/li>\n<p>n \t<\/p>\n<li>Igeriketa arropa<\/li>\n<p>n \t<\/p>\n<li>Oroigarrietarako dirua<\/li>\n<p>n<\/ul>\n<p>n&nbsp;<br \/>\nn<\/p>\n<h4><a id=\"hotel-pickup\" class=\"aal_anchor\" href=\"https:\/\/www.boattoursamana.com\/eu\/bira\/samana-cayo-levantado-bacardi-irla-eta-baleen-behaketa-miches-etatik-katamaranean\/#hotel-pickup\" aria-hidden=\"true\"><\/a><b><i>Hoteleko bilketa<\/i><\/b><\/h4>\n<p>nBida honetarako ez da hotelen bilketa eskaintzen.<br \/>\nn<br \/>\nn&nbsp;<br \/>\nn<br \/>\nn<b>Ohar:<\/b>\u00a0Txangoaren irteera ordutik 24 orduko epean erreserbatzen baduzu, hoteleko bilketa egin dezakegu aparteko karguekin. Erosketa amaitutakoan, harremanetarako informazio osoa bidaliko dizugu (telefono zenbakia, helbide elektronikoa, etab.) gure tokiko Tour gidari bilketa-antolaketak antola ditzan.<br \/>\nn<\/p>\n<h4><a id=\"additional-info-confirmation\" class=\"aal_anchor\" href=\"https:\/\/www.boattoursamana.com\/eu\/bira\/samana-cayo-levantado-bacardi-irla-eta-baleen-behaketa-miches-etatik-katamaranean\/#additional-info-confirmation\" aria-hidden=\"true\"><\/a><b><i>Informazio gehigarria berrespena<\/i><\/b><\/h4>\n<p>n<\/p>\n<ol>\nn \t<\/p>\n<li>Sarrerak Tour hau ordaindu ondoren ordainagiria dira. Ordainketa zure telefonoan erakutsi dezakezu.<\/li>\n<p>n \t<\/p>\n<li>Topagunea Erreserba Prozesuaren ondoren jasoko da.<\/li>\n<p>n \t<\/p>\n<li>Haurrak heldu batekin joan behar dira.<\/li>\n<p>n \t<\/p>\n<li>gurpil-aulkirako sarbidea<\/li>\n<p>n \t<\/p>\n<li>Haurrak magalean eseri behar dira<\/li>\n<p>n \t<\/p>\n<li>Bidaiari gehienek parte har dezakete<\/li>\n<p>n<\/ol>\n<p>n<\/p>\n<h4><a id=\"cancellation-policy\" class=\"aal_anchor\" href=\"https:\/\/www.boattoursamana.com\/eu\/bira\/samana-cayo-levantado-bacardi-irla-eta-baleen-behaketa-miches-etatik-katamaranean\/#cancellation-policy\" aria-hidden=\"true\"><\/a><b><i>Baliogabetze politika<\/i><\/b><\/h4>\n<p>n Itzulketa osoa lortzeko, bertan behera utzi esperientziaren hasiera data baino 24 ordu lehenago gutxienez.<br \/>\nn<br \/>\nn\n<\/div>\n<p>n\n<\/p><\/div>\n<p>n\n<\/p><\/div>\n<p>n\n<\/p><\/div>\n<p>n\n<\/p><\/div>\n<p>n\n<\/p><\/div>\n<p>n\n<\/p><\/div>\n<p>n\n<\/p><\/div>\n<p>n\n<\/p><\/div>\n<p>n\n<\/p><\/div>\n<p>n\n<\/p><\/div>\n<p>n\n<\/p><\/div>\n<p>n<\/p>\n<div class=\"vc_row wpb_row vc_row-fluid\">\nn<\/p>\n<div class=\"wpb_column vc_column_container vc_col-sm-12\">\nn<\/p>\n<div class=\"vc_column-inner\">\nn<\/p>\n<div class=\"wpb_wrapper\">\nn<\/p>\n<div class=\"vc_empty_space\"><\/div>\n<p>n<\/p>\n<div class=\"wpb_text_column wpb_content_element\">\nn<\/p>\n<div class=\"wpb_wrapper\">\nn<\/p>\n<h4><a id=\"contact-us\" class=\"aal_anchor\" href=\"https:\/\/www.boattoursamana.com\/eu\/bira\/samana-cayo-levantado-bacardi-irla-eta-baleen-behaketa-miches-etatik-katamaranean\/#contact-us\" aria-hidden=\"true\"><\/a>Jarri gurekin harremanetan?<\/h4>\n<p>n<\/p>\n<h5><\/h5>\n<p>n<em><strong>Bertakoak<\/strong>\u00a0eta\u00a0<strong>Nazionalak<\/strong>\u00a0Bisita gidatuak eta gonbidatuentzako zerbitzuak<\/em><br \/>\nn<br \/>\nn<span class=\"text-turquoise\">Erreserbak:<\/span>\u00a0Bisitak eta txangoak Dom-en. Errep.<br \/>\nn<br \/>\nn<img decoding=\"async\" class=\"emoji\" title=\"Saman\u00e1 Cayo Levantado (Bacardi uhartea) eta Miches-en baleen behaketa katamaranoan\" draggable=\"false\" src=\"https:\/\/s.w.org\/images\/core\/emoji\/11.2.0\/svg\/1f4de.svg\" alt=\" \" \/> Tel \/ Whatsapp <strong><a href=\"tel:+1 (829) 318-9463\">+1 (829) 318-9463.<\/a><\/strong><br \/>\nn<br \/>\nn<img decoding=\"async\" class=\"emoji\" title=\"Saman\u00e1 Cayo Levantado (Bacardi uhartea) eta Miches-en baleen behaketa katamaranoan\" draggable=\"false\" src=\"https:\/\/s.w.org\/images\/core\/emoji\/11.2.0\/svg\/1f4e9.svg\" alt=\" \" \/>\u00a0<a href=\"mailto:reservabatour@gmail.com\">reservabatour@gmail.com<\/a><br \/>\nn<br \/>\nn<strong>Whatsapp bidez bisita pribatuak ezartzen malguak gara:\u00a0<a href=\"tel:+1 (829) 318-9463\">+1 (829) 318-9463.<\/a><\/strong><br \/>\nn<br \/>\nn<\/div>\n<p>n\n<\/p><\/div>\n<p>n\n<\/p><\/div>\n<p>n\n<\/p><\/div>\n<p>n\n<\/p><\/div>\n<p>n\n<\/p><\/div>\n<p>n\n<\/p><\/div>\n<p>n\n<\/p><\/div>\n<p>n<\/p>\n\n\t\t<\/div>\n\t<\/div>\n<div class=\"vc_row wpb_row vc_row-fluid\" ><div class=\"wpb_column vc_column_container vc_col-sm-12\"><div class=\"vc_column-inner\"><div class=\"wpb_wrapper\"><div class=\"vc_btn3-container vc_btn3-inline\" ><button class=\"vc_general vc_btn3 vc_btn3-size-md vc_btn3-shape-rounded vc_btn3-style-modern vc_btn3-color-green\">ERRESERBATU ORAIN<\/button><\/div><\/div><\/div><\/div><\/div>","protected":false},"excerpt":{"rendered":"<p>Whale Miches Tours &amp; Excursiones. Reserve sus boletos para el avistamiento de ballenas en la Bah\u00eda de Saman\u00e1, comenzando desde Miches y visitando Cayo Levantado, tambi\u00e9n conocida como Isla Bacard\u00ed para una aventura con pase de un d\u00eda. n n&nbsp; n nSeleccione la fecha de la excursi\u00f3n: &nbsp;<\/p>","protected":false},"author":2,"featured_media":0,"parent":0,"menu_order":0,"comment_status":"open","ping_status":"closed","template":"","meta":{"footnotes":""},"class_list":["post-15755","page","type-page","status-publish","hentry"],"_links":{"self":[{"href":"https:\/\/www.boattoursamana.com\/eu\/wp-json\/wp\/v2\/pages\/15755","targetHints":{"allow":["GET"]}}],"collection":[{"href":"https:\/\/www.boattoursamana.com\/eu\/wp-json\/wp\/v2\/pages"}],"about":[{"href":"https:\/\/www.boattoursamana.com\/eu\/wp-json\/wp\/v2\/types\/page"}],"author":[{"embeddable":true,"href":"https:\/\/www.boattoursamana.com\/eu\/wp-json\/wp\/v2\/users\/2"}],"replies":[{"embeddable":true,"href":"https:\/\/www.boattoursamana.com\/eu\/wp-json\/wp\/v2\/comments?post=15755"}],"version-history":[{"count":0,"href":"https:\/\/www.boattoursamana.com\/eu\/wp-json\/wp\/v2\/pages\/15755\/revisions"}],"wp:attachment":[{"href":"https:\/\/www.boattoursamana.com\/eu\/wp-json\/wp\/v2\/media?parent=15755"}],"curies":[{"name":"wp","href":"https:\/\/api.w.org\/{rel}","templated":true}]}}