{"id":15770,"date":"2023-07-15T07:43:40","date_gmt":"2023-07-15T07:43:40","guid":{"rendered":"https:\/\/www.ticketswhales.com\/parasailing-tour-from-punta-cana-95-usd\/"},"modified":"2023-07-15T07:43:40","modified_gmt":"2023-07-15T07:43:40","slug":"parasailing-tour-from-punta-cana-95-usd","status":"publish","type":"page","link":"https:\/\/www.boattoursamana.com\/eu\/parasailing-tour-from-punta-cana-95-usd","title":{"rendered":"Parasailing Tour Punta Canatik 95 USD."},"content":{"rendered":"<p><span style=\"vertical-align: inherit;\"><span style=\"vertical-align: inherit;\">Parasailing-en Punta Cana-n abentura ikaragarria da eta Punta Cana-n gauza hoberen bat egiteko. <\/span><span style=\"vertical-align: inherit;\">La costa desde 200 pies en el aire, mientras navega, es absolutamente impresionante.<\/span><\/span><br \/>\nn<br \/>\nn<span style=\"vertical-align: inherit;\"><span style=\"vertical-align: inherit;\">El parasailing es una experiencia sencilla y divertida para todos los miembros de la familia. <\/span><span style=\"vertical-align: inherit;\">Como la principal empresa de parasailing y aventura en Rep\u00fablica Dominicana, nuestro equipo de Parasailing se encuentra entre los m\u00e1s experimentados en Punta Cana, con m\u00e1s de 16 a\u00f1os de experiencia en vuelos. <\/span><span style=\"vertical-align: inherit;\">Puede disfrutar de unos 15 minutu hegaldiaren bitartean gozatzen de la hermosa vista panor\u00e1mica.<\/span><\/span><br \/>\nn<br \/>\nn&nbsp;<br \/>\nn<br \/>\nn<em><strong><span style=\"vertical-align: inherit;\"><span style=\"vertical-align: inherit;\">Aukeratu la fecha para el tour\u00a0<\/span><\/span><\/strong><\/em><\/p>\n<p>&nbsp;<\/p>\n<div class=\"vc_row wpb_row vc_row-fluid\" ><div class=\"wpb_column vc_column_container vc_col-sm-12\"><div class=\"vc_column-inner\"><div class=\"wpb_wrapper\">\n\t<div class=\"wpb_text_column wpb_content_element\" >\n\t\t<div class=\"wpb_wrapper\">\n\t\t\t<p>u<\/p>\n\n\t\t<\/div>\n\t<\/div>\n<\/div><\/div><\/div><\/div><div class=\"vc_row wpb_row vc_row-fluid\" ><div class=\"wpb_column vc_column_container vc_col-sm-12\"><div class=\"vc_column-inner\"><div class=\"wpb_wrapper\"><div class=\"mkdf-section-title-holder\" style=\"text-align: left\">\n\t<div class=\"mkdf-st-inner\">\n\t\t\t\t\t<h5 class=\"mkdf-st-subtitle\" >\n\t\t\t\tPunta Cana Hoteletatik\t\t\t<\/h5>\n\t\t\t\t\t\t\t<h3 class=\"mkdf-st-title\" >\n\t\t\t\tParasailing Tour Punta Canatik\t\t\t<\/h3>\n\t\t\t\t\t\t\t<p class=\"mkdf-st-text\" >\n\t\t\t\tOharra: Ibilbide hau 7: 00etan hasiko da Bilketa hotelen ordua alda daitekeen arabera. Gehigarriak kostua Gure Deskribapenean agertzen ez diren eremuetan jasotzeko.\t\t\t<\/p>\n\t\t\t<\/div>\n<\/div><\/div><\/div><\/div><\/div><div class=\"vc_row wpb_row vc_row-fluid\" ><div class=\"wpb_column vc_column_container vc_col-sm-12\"><div class=\"vc_column-inner\"><div class=\"wpb_wrapper\"><div class=\"vc_empty_space\"   style=\"height: 32px\"><span class=\"vc_empty_space_inner\"><\/span><\/div><\/div><\/div><\/div><\/div><div class=\"vc_row wpb_row vc_row-fluid\" ><div class=\"wpb_column vc_column_container vc_col-sm-12\"><div class=\"vc_column-inner\"><div class=\"wpb_wrapper\"><div class=\"vc_btn3-container vc_btn3-inline\" ><button class=\"vc_general vc_btn3 vc_btn3-size-md vc_btn3-shape-rounded vc_btn3-style-modern vc_btn3-color-green\">ERRESERBATU ORAIN<\/button><\/div>\n\t<div class=\"wpb_text_column wpb_content_element\" >\n\t\t<div class=\"wpb_wrapper\">\n\t\t\t<p>\nn<\/p>\n<h4><b><i>Ikuspegi orokorra <\/i><\/b><\/h4>\n<p>n<\/p>\n<div>\nn<br \/>\nParasaila Punta Cana\/Bavaro kostaldearen gainean Punta Canatik abiatzen den 40 minutuko jarduera honetan. Aprobetxatu Dominikar Errepublikako parasail-enpresarik eskarmentu handienetako baten esperientziaz, 2001etik 60.000 hegaldi baino gehiagorekin. Lortu hondartzei, ur turkesei eta itsasertzean dauden estazio zabalei buruzko ikuspegi paregabeak ehunka oin airean hegan egiten dituzun bitartean. Ekarri eguzkitarako krema, bainujantzia eta abentura zentzua. Aire-ibilaldi eszenikoa Bidaiatu itsasontziz eta ikusi uretatik ikusteko parada goizez edo arratsaldez Irteera aukeran Doako hoteleko bilketa eta irteera barne.<br \/>\nn<br \/>\nn<\/div>\n<p>n<\/p>\n<ul class=\"vcs-highlights\">\nn \t<\/p>\n<li>Egunean zehar hainbat irteera aukeratzea<\/li>\n<p>n \t<\/p>\n<li>Gozatu aireko ikuspegi zoragarriak<\/li>\n<p>n \t<\/p>\n<li>Familientzako errespetua<\/li>\n<p>n \t<\/p>\n<li>Bilketa erdigunean kokatutako topagune batetik<\/li>\n<p>n \t<\/p>\n<li>Esperientzia erromantikoa, bikoteentzako aproposa<\/li>\n<p>n<\/ul>\n<p>n&nbsp;<br \/>\nn<\/p>\n<h4><b>Inklusioak eta bazterketak<\/b><\/h4>\n<p>n&nbsp;<br \/>\nn<br \/>\nn<b>Inklusioak<\/b><br \/>\nn<br \/>\nn&nbsp;<br \/>\nn<\/p>\n<ol>\nn \t<\/p>\n<li>Parasaling Tour<\/li>\n<p>n \t<\/p>\n<li>Zure hoteletik autobusa jasotzea<\/li>\n<p>n \t<\/p>\n<li style=\"font-weight: 400;\"><span style=\"font-weight: 400;\">Zerga, tasa eta kudeaketa-gastu guztiak<\/span><\/li>\n<p>n \t<\/p>\n<li style=\"font-weight: 400;\"><span style=\"font-weight: 400;\">Tokiko zergak<\/span><\/li>\n<p>n \t<\/p>\n<li style=\"font-weight: 400;\"><span style=\"font-weight: 400;\">Edariak<\/span><\/li>\n<p>n<\/ol>\n<p>n<b> Bazterketak<\/b><br \/>\nn<\/p>\n<ol>\nn \t<\/p>\n<li style=\"font-weight: 400;\"><span style=\"font-weight: 400;\">Doanak<\/span><\/li>\n<p>n \t<\/p>\n<li>Bazkaria<\/li>\n<p>n<\/ol>\n<p>n&nbsp;<br \/>\nn<\/p>\n<h4><em><strong>Irteera eta Itzulera<\/strong><\/em><\/h4>\n<p>n<span style=\"font-weight: 400;\">Bidaiariak bilgune bat lortuko du Erreserba Prozesuaren ondoren. Bisitak gure topaguneetan hasi eta amaitu.<\/span><br \/>\nn<br \/>\nn&nbsp;<br \/>\nn<\/p>\n<h4><b><i>Zer espero?<\/i><\/b><\/h4>\n<p>Imajinatu airean 150 oin altxatuta zaudela, haize freskoak aurpegia laztantzen dizula lasaitzen ari zaren bitartean Bavaro - Punta Canako kostaldearen bista ikusgarri batekin. Utzi imajinatzeari eta bat egin gurekin parasailaren ibilaldi zirraragarrian, benetan ahaztezina den esperientzia batean. Eguzkitarako krema eta bainujantzia baino ez dituzu behar, ibilaldiaren zirraraz gozatzen duzun bitartean. Hegan egin Dominikar Errepublikako parasaileko estreinako konpainiarekin. 2001az geroztik 60.000 hegaldi baino gehiagorekin, gure kapitain eta tripulatzaile trebeak negozioan esperientzia handienetakoak dira.<br \/>\nn<br \/>\nn<strong>Ordutegia:<\/strong><br \/>\nn<br \/>\nn7:00 AM \u2013 7:00 PM\u2026 Ordu aldaketa Punta Cana-n zaudenaren arabera.<br \/>\nn<br \/>\nn&nbsp;<br \/>\nn<\/p>\n<h4><em><strong>Zer ekarri beharko zenuke?<\/strong><\/em><\/h4>\n<p>n<\/p>\n<ul>\nn \t<\/p>\n<li style=\"font-weight: 400;\"><span style=\"font-weight: 400;\">Kamera<\/span><\/li>\n<p>n \t<\/p>\n<li style=\"font-weight: 400;\"><span style=\"font-weight: 400;\">Kimuak uxatzeko<\/span><\/li>\n<p>n \t<\/p>\n<li style=\"font-weight: 400;\"><span style=\"font-weight: 400;\">eguzkitako krema<\/span><\/li>\n<p>n \t<\/p>\n<li style=\"font-weight: 400;\"><span style=\"font-weight: 400;\">Txapela<\/span><\/li>\n<p>n \t<\/p>\n<li style=\"font-weight: 400;\"><span style=\"font-weight: 400;\">Praka erosoak<\/span><\/li>\n<p>n \t<\/p>\n<li style=\"font-weight: 400;\"><span style=\"font-weight: 400;\">Basorako mendiko oinetakoak<\/span><\/li>\n<p>n \t<\/p>\n<li style=\"font-weight: 400;\"><span style=\"font-weight: 400;\">Sandaliak hondartzara<\/span><\/li>\n<p>n \t<\/p>\n<li style=\"font-weight: 400;\"><span style=\"font-weight: 400;\">Igeriketa arropa<\/span><\/li>\n<p>n \t<\/p>\n<li>Oroigarrietarako dirua<\/li>\n<p>n<\/ul>\n<p>n&nbsp;<br \/>\nn<\/p>\n<h4><b><i>Hoteleko bilketa <\/i><\/b><\/h4>\n<p>n<span style=\"font-weight: 400;\">Bidaiariaren bilketa eskaintzen da!<\/span><br \/>\nn<br \/>\nn<span style=\"font-weight: 400;\">Punta Canako hotel guztietatik jasotzen dugu. Jasotzeko lekua hotelaren atarian da<br \/>\nInguruko kondoi batean ostatu hartuz gero, etxebizitzan edo hurbilen dagoen estazioko sarreran jasoko zaitugu.. Hartu gurekin harremanetan Whatsapp bidez ezarri dugu.<\/span><br \/>\nn<br \/>\nn<b>Ohar:<\/b><span style=\"font-weight: 400;\"> Txangoaren irteera ordutik 24 orduko epean erreserbatzen baduzu, hoteleko bilketa egin dezakegu aparteko karguekin. Erosketa amaitutakoan, harremanetarako informazio osoa bidaliko dizugu (telefono zenbakia, helbide elektronikoa, etab.) gure tokiko Tour gidari bilketa-antolaketak antola ditzan.<\/span><br \/>\nn<\/p>\n<h4><b><i>Informazio gehigarria berrespena <\/i><\/b><\/h4>\n<p>n<\/p>\n<ol>\nn \t<\/p>\n<li>Sarrerak Tour hau ordaindu ondoren ordainagiria dira. Ordainketa zure telefonoan erakutsi dezakezu.<\/li>\n<p>n \t<\/p>\n<li style=\"font-weight: 400;\"><span style=\"font-weight: 400;\">Topagunea Erreserba Prozesuaren ondoren jasoko da.<\/span><\/li>\n<p>n \t<\/p>\n<li style=\"font-weight: 400;\"><span style=\"font-weight: 400;\">Haurrak heldu batekin joan behar dira.<\/span><\/li>\n<p>n \t<\/p>\n<li style=\"font-weight: 400;\"><span style=\"font-weight: 400;\">gurpil-aulkirako sarbidea <\/span><\/li>\n<p>n \t<\/p>\n<li style=\"font-weight: 400;\"><span style=\"font-weight: 400;\">Haurrak magalean eseri behar dira <\/span><\/li>\n<p>n \t<\/p>\n<li style=\"font-weight: 400;\"><span style=\"font-weight: 400;\">Bidaiari gehienek parte har dezakete<\/span><\/li>\n<p>n<\/ol>\n<p>n<\/p>\n<h4><b><i>Baliogabetze politika<\/i><\/b><\/h4>\n<p>Itzulketa osoa lortzeko, irakurri gure Ezeztapen-politikak\u00a0<a href=\"https:\/\/www.boattoursamana.com\/eu\/lineako-erreserba\/\" target=\"_blank\" rel=\"noopener\" data-saferedirecturl=\"https:\/\/www.google.com\/url?q=https:\/\/www.boattoursamana.com\/online-booking\/&amp;source=gmail&amp;ust=1672532492004000&amp;usg=AOvVaw3ylqI1cdbIPTimEqEWneyd\">Klikatu hemen<\/a>. Funtsak galduko dira erreserba bidaiaren egun berean bertan behera uzten bada.<\/p>\n\n\t\t<\/div>\n\t<\/div>\n<\/div><\/div><\/div><\/div><div class=\"vc_row wpb_row vc_row-fluid\" ><div class=\"wpb_column vc_column_container vc_col-sm-12\"><div class=\"vc_column-inner\"><div class=\"wpb_wrapper\">\n\t<div class=\"wpb_text_column wpb_content_element\" >\n\t\t<div class=\"wpb_wrapper\">\n\t\t\t<p>\nn<\/p>\n<h4>Jarri gurekin harremanetan?<\/h4>\n<p>n<\/p>\n<h5><em><strong>Erreserba Abenturak<\/strong><\/em><\/h5>\n<p>n<em><strong>Bertakoak<\/strong> eta <strong>Nazionalak<\/strong> Bisita gidatuak eta gonbidatuentzako zerbitzuak<\/em><br \/>\nn<br \/>\nn<span class=\"text-turquoise\">Erreserbak:<\/span> Bisitak eta txangoak Dom-en. Errep.<\/p>\n\n\t\t<\/div>\n\t<\/div>\n<\/div><\/div><\/div><\/div><div class=\"vc_row wpb_row vc_row-fluid\" ><\/div><div class=\"wpb_column vc_column_container vc_col-sm-12\"><div class=\"vc_column-inner\"><div class=\"wpb_wrapper\"><\/div><\/div><\/div>\n\t<div class=\"wpb_text_column wpb_content_element\" >\n\t\t<div class=\"wpb_wrapper\">\n\t\t\t<p>\nn<br \/>\nTestu blokea naiz. Egin klik editatu botoian testu hau aldatzeko. Lorem ipsum dolor sit amet, consectetur adipiscing elit. Ut elit tellus, luctus nec ullamcorper mattis, pulvinar dapibus leo.<br \/>\nn<br \/>\nn<\/p>\n\n\t\t<\/div>\n\t<\/div>\n<div class=\"vc_empty_space\"   style=\"height: 32px\"><span class=\"vc_empty_space_inner\"><\/span><\/div><div class=\"vc_row wpb_row vc_row-fluid\" ><div class=\"wpb_column vc_column_container vc_col-sm-12\"><div class=\"vc_column-inner\"><div class=\"wpb_wrapper\"><div class=\"vc_btn3-container vc_btn3-inline\" ><button class=\"vc_general vc_btn3 vc_btn3-size-md vc_btn3-shape-rounded vc_btn3-style-modern vc_btn3-color-green\">ERRESERBATU ORAIN<\/button><\/div><\/div><\/div><\/div><\/div>","protected":false},"excerpt":{"rendered":"<p>Parasailing en Punta Cana es una aventura incre\u00edble y una de las mejores cosas para hacer en Punta Cana. La costa desde 200 pies en el aire, mientras navega, es absolutamente impresionante. n nEl parasailing es una experiencia sencilla y divertida para todos los miembros de la familia. Como la principal empresa de parasailing y aventura en Rep\u00fablica Dominicana, nuestro equipo de Parasailing se encuentra entre los m\u00e1s experimentados en Punta Cana, con m\u00e1s de 16 a\u00f1os de experiencia en [&hellip;]<\/p>\n","protected":false},"author":2,"featured_media":0,"parent":0,"menu_order":0,"comment_status":"open","ping_status":"closed","template":"","meta":{"footnotes":""},"class_list":["post-15770","page","type-page","status-publish","hentry"],"_links":{"self":[{"href":"https:\/\/www.boattoursamana.com\/eu\/wp-json\/wp\/v2\/pages\/15770","targetHints":{"allow":["GET"]}}],"collection":[{"href":"https:\/\/www.boattoursamana.com\/eu\/wp-json\/wp\/v2\/pages"}],"about":[{"href":"https:\/\/www.boattoursamana.com\/eu\/wp-json\/wp\/v2\/types\/page"}],"author":[{"embeddable":true,"href":"https:\/\/www.boattoursamana.com\/eu\/wp-json\/wp\/v2\/users\/2"}],"replies":[{"embeddable":true,"href":"https:\/\/www.boattoursamana.com\/eu\/wp-json\/wp\/v2\/comments?post=15770"}],"version-history":[{"count":0,"href":"https:\/\/www.boattoursamana.com\/eu\/wp-json\/wp\/v2\/pages\/15770\/revisions"}],"wp:attachment":[{"href":"https:\/\/www.boattoursamana.com\/eu\/wp-json\/wp\/v2\/media?parent=15770"}],"curies":[{"name":"wp","href":"https:\/\/api.w.org\/{rel}","templated":true}]}}