{"id":15771,"date":"2023-07-15T07:43:40","date_gmt":"2023-07-15T07:43:40","guid":{"rendered":"https:\/\/www.ticketswhales.com\/four-adventures-parasailing-snorkeling-cruise-sharks-rays-in-natural-pools-from-punta-cana\/"},"modified":"2023-07-15T07:43:40","modified_gmt":"2023-07-15T07:43:40","slug":"four-adventures-parasailing-snorkeling-cruise-sharks-rays-in-natural-pools-from-punta-cana","status":"publish","type":"page","link":"https:\/\/www.boattoursamana.com\/eu\/lau-abentura-parasailing-snorkeling-gurutzaldi-marrazo-izpiak-punta-canatik-igerileku-naturaletan-2","title":{"rendered":"Lau Abentura: Parasailing, Snorkeling Cruise, Marrazoak eta Izpiak Punta Canatik Igerileku Naturaletan"},"content":{"rendered":"<p><span style=\"vertical-align: inherit;\"><span style=\"vertical-align: inherit;\"><span style=\"vertical-align: inherit;\"><span style=\"vertical-align: inherit;\">Parasailing-en Punta Cana-n abentura ikaragarria da eta Punta Cana-n gauza hoberen bat egiteko. <\/span><\/span><\/span><span style=\"vertical-align: inherit;\"><span style=\"vertical-align: inherit;\"><span style=\"vertical-align: inherit;\">La costa desde 200 pies en el aire, mientras navega, es absolutamente impresionante.<\/span><\/span><\/span><\/span><br \/>\nn<br \/>\nn<span style=\"vertical-align: inherit;\"><span style=\"vertical-align: inherit;\"><span style=\"vertical-align: inherit;\"><span style=\"vertical-align: inherit;\">El parasailing es una experiencia sencilla y divertida para todos los miembros de la familia. <\/span><\/span><\/span><span style=\"vertical-align: inherit;\"><span style=\"vertical-align: inherit;\"><span style=\"vertical-align: inherit;\">Como la principal empresa de parasailing y aventura en Rep\u00fablica Dominicana, nuestro equipo de Parasailing se encuentra entre los m\u00e1s experimentados en Punta Cana, con m\u00e1s de 16 a\u00f1os de experiencia en vuelos. <\/span><\/span><\/span><span style=\"vertical-align: inherit;\"><span style=\"vertical-align: inherit;\"><span style=\"vertical-align: inherit;\">Puede disfrutar de unos 15 minutu hegaldiaren bitartean gozatzen de la hermosa vista panor\u00e1mica.<\/span><\/span><\/span><\/span><br \/>\nn<br \/>\nn&nbsp;<br \/>\nn<br \/>\nn<em><strong><span style=\"vertical-align: inherit;\"><span style=\"vertical-align: inherit;\"><span style=\"vertical-align: inherit;\"><span style=\"vertical-align: inherit;\">Aukeratu la fecha para el tour\u00a0<\/span><\/span><\/span><\/span><\/strong><\/em><\/p>\n<p>&nbsp;<\/p>\n<div class=\"vc_row wpb_row vc_row-fluid\" ><div class=\"wpb_column vc_column_container vc_col-sm-12\"><div class=\"vc_column-inner\"><div class=\"wpb_wrapper\"><div class=\"mkdf-section-title-holder\" style=\"text-align: left\">\n\t<div class=\"mkdf-st-inner\">\n\t\t\t\t\t<h5 class=\"mkdf-st-subtitle\" >\n\t\t\t\tPunta Cana Hoteletatik\t\t\t<\/h5>\n\t\t\t\t\t\t\t<h3 class=\"mkdf-st-title\" >\n\t\t\t\tLau abentura: Parasailing, Snorkeling Cruise, Marrazoak eta Izpiak Punta Canatik igerileku naturaletan\t\t\t<\/h3>\n\t\t\t\t\t\t\t<p class=\"mkdf-st-text\" >\n\t\t\t\tOharra: ibilaldi hau ordu desberdinetan hasten da 7:00etatik 4:00etara. Gainera, Izurdea ikusteko baimena duzu baina ez Izurdeekin Igerian. Bilketa hotelen ordua non dagoenaren arabera alda daiteke. Gehigarriak kostua Gure Deskribapenean agertzen ez diren eremuetan jasotzeko.\t\t\t<\/p>\n\t\t\t<\/div>\n<\/div><\/div><\/div><\/div><\/div><div class=\"vc_row wpb_row vc_row-fluid\" ><div class=\"wpb_column vc_column_container vc_col-sm-12\"><div class=\"vc_column-inner\"><div class=\"wpb_wrapper\"><div class=\"vc_empty_space\"   style=\"height: 32px\"><span class=\"vc_empty_space_inner\"><\/span><\/div><\/div><\/div><\/div><\/div><div class=\"vc_row wpb_row vc_row-fluid\" ><div class=\"wpb_column vc_column_container vc_col-sm-12\"><div class=\"vc_column-inner\"><div class=\"wpb_wrapper\"><div class=\"vc_btn3-container vc_btn3-inline\" ><button class=\"vc_general vc_btn3 vc_btn3-size-md vc_btn3-shape-rounded vc_btn3-style-modern vc_btn3-color-green\">ERRESERBATU ORAIN<\/button><\/div>\n\t<div class=\"wpb_text_column wpb_content_element\" >\n\t\t<div class=\"wpb_wrapper\">\n\t\t\t<p>\nn<\/p>\n<h4><b><i>Ikuspegi orokorra <\/i><\/b><\/h4>\n<p>n<\/p>\n<div>\nn<br \/>\nBizi ezazu bakarrean lau abenturaren zirrara Punta Canatik egindako bira epiko honekin. Erlaxatu solairu biko katamaran batean, ezagutu itsasoko mirariak eta gozatu itsas bizitzarekin hurbileko topaketaz. Arrain tropikalez inguratutako hesi-errezife ikusgarri batean snorkel egingo duzu eta marrazoz eta marrazoz osatutako itsas ikuskizun interaktibo baten dibertsioa biziko duzu. Bidaia-aukera ezagun honek edari mugagabeak biltzen ditu inguruko festa-ontzi onenean eta ezin hobea da familiarekin eta lagunekin dibertitzeko. Urpeko bizitza dastatu ondoren, arakatu goitik parasail zirraragarri batekin uraren gainazaletik 500 metrora!<br \/>\nn<br \/>\nn<\/div>\n<p>n<\/p>\n<ul class=\"vcs-highlights\">\nn \t<\/p>\n<li>Egunean zehar hainbat irteera aukeratzea<\/li>\n<p>n \t<\/p>\n<li>Itsas zaleentzat<\/li>\n<p>n \t<\/p>\n<li>Gozatu aireko ikuspegi zoragarriak<\/li>\n<p>n \t<\/p>\n<li>Familientzako errespetua<\/li>\n<p>n \t<\/p>\n<li>Bilketa erdigunean kokatutako topagune batetik<\/li>\n<p>n \t<\/p>\n<li>Esperientzia erromantikoa, bikoteentzako aproposa<\/li>\n<p>n<\/ul>\n<p>n&nbsp;<br \/>\nn<\/p>\n<h4><b>Inklusioak eta bazterketak<\/b><\/h4>\n<p>n&nbsp;<br \/>\nn<br \/>\nn<b>Inklusioak<\/b><br \/>\nn<br \/>\nn&nbsp;<br \/>\nn<\/p>\n<ol>\nn \t<\/p>\n<li>Parasaling Tour<\/li>\n<p>n \t<\/p>\n<li>Snorkeling Cruise, marrazoak eta izpiak igerileku naturaletan<\/li>\n<p>n \t<\/p>\n<li>Zure hoteletik autobusa jasotzea<\/li>\n<p>n \t<\/p>\n<li style=\"font-weight: 400;\"><span style=\"font-weight: 400;\">Zerga, tasa eta kudeaketa-gastu guztiak<\/span><\/li>\n<p>n \t<\/p>\n<li style=\"font-weight: 400;\"><span style=\"font-weight: 400;\">Tokiko zergak<\/span><\/li>\n<p>n \t<\/p>\n<li style=\"font-weight: 400;\"><span style=\"font-weight: 400;\">Edariak<\/span><\/li>\n<p>n<\/ol>\n<p>n<b> Bazterketak<\/b><br \/>\nn<\/p>\n<ol>\nn \t<\/p>\n<li style=\"font-weight: 400;\"><span style=\"font-weight: 400;\">Doanak<\/span><\/li>\n<p>n \t<\/p>\n<li>Bazkaria<\/li>\n<p>n<\/ol>\n<p>n&nbsp;<br \/>\nn<\/p>\n<h4><em><strong>Irteera eta Itzulera<\/strong><\/em><\/h4>\n<p>n<span style=\"font-weight: 400;\">Bidaiariak bilgune bat lortuko du Erreserba Prozesuaren ondoren. Bisitak gure topaguneetan hasi eta amaitu.<\/span><br \/>\nn<br \/>\nn&nbsp;<br \/>\nn<\/p>\n<h4><b><i>Zer espero?<\/i><\/b><\/h4>\n<p>Bidaiatu aire girotuko erosotasunean zure Punta Cana hoteletik bi solairuko katamaran eder batera eta bidaiatu Punta Canako edertasun harrigarrira tripulazio aditu batekin. Bisitatu Bavaro hondartzara eta egin snorkel koral arrezifeetan eta arrain tropikaletan zehar urpekari profesionalen gainbegiratuta. Ondoren, zoaz itsas parke batera, non stingrays eta marrazo otzanekin topatuko dituzun. Igeri eta snorkel izaki erraldoi hauek inguratuta eta lortu ikuspegi sakonagoa zure gidari taldetik.<br \/>\nn<br \/>\nOndoren, igerileku natural freskagarri batean gozatuko duzu, non igeri egin eta erlaxatuko zaren garagardo hotz bat eskuan. Jarri taberna flotagarri bateko gozoak eta entzun bertako DJ batek erritmoak jotzen dituen irla ingurune paregabe honetan.<br \/>\nn<br \/>\nBizi ezazu ozeanoko ur gardenen zirrara jolasekin, edariekin eta entretenimenduarekin. Zure ibilbidea Cortesito hondartzatik parasailing abentura epiko batekin amaitzen da. Segurtasunaren ikuspegi orokorra egin ondoren, zerutik gora egingo duzu hegan ur urdin harrigarrien gainetik eta paradisutik hegan egiten duzun bitartean bista tropikal ikaragarriak ikusiko dituzu. Seguru itzuliko zara lehorrera zure garraioarekin hotelera itzuli aurretik.<br \/>\nn<br \/>\nn<strong>Ordutegia:<\/strong><br \/>\nn<br \/>\nn7:00 AM \u2013 4:00 PM\u2026 Ordu aldaketa Punta Cana-n zauden arabera. Jarri gurekin harremanetan ordua ezartzeko.<br \/>\nn<br \/>\nn&nbsp;<br \/>\nn<\/p>\n<h4><em><strong>Zer ekarri beharko zenuke?<\/strong><\/em><\/h4>\n<p>n<\/p>\n<ul>\nn \t<\/p>\n<li style=\"font-weight: 400;\"><span style=\"font-weight: 400;\">Kamera<\/span><\/li>\n<p>n \t<\/p>\n<li style=\"font-weight: 400;\"><span style=\"font-weight: 400;\">Kimuak uxatzeko<\/span><\/li>\n<p>n \t<\/p>\n<li style=\"font-weight: 400;\"><span style=\"font-weight: 400;\">eguzkitako krema<\/span><\/li>\n<p>n \t<\/p>\n<li style=\"font-weight: 400;\"><span style=\"font-weight: 400;\">Txapela<\/span><\/li>\n<p>n \t<\/p>\n<li style=\"font-weight: 400;\"><span style=\"font-weight: 400;\">Praka erosoak<\/span><\/li>\n<p>n \t<\/p>\n<li style=\"font-weight: 400;\"><span style=\"font-weight: 400;\">Basorako mendiko oinetakoak<\/span><\/li>\n<p>n \t<\/p>\n<li style=\"font-weight: 400;\"><span style=\"font-weight: 400;\">Sandaliak hondartzara<\/span><\/li>\n<p>n \t<\/p>\n<li style=\"font-weight: 400;\"><span style=\"font-weight: 400;\">Igeriketa arropa<\/span><\/li>\n<p>n \t<\/p>\n<li>Oroigarrietarako dirua<\/li>\n<p>n<\/ul>\n<p>n&nbsp;<br \/>\nn<\/p>\n<h4><b><i>Hoteleko bilketa <\/i><\/b><\/h4>\n<p>n<span style=\"font-weight: 400;\">Bidaiariaren bilketa eskaintzen da!<\/span><br \/>\nn<br \/>\nn<span style=\"font-weight: 400;\">Punta Canako hotel guztietatik jasotzen dugu. Jasotzeko lekua hotelaren atarian da<br \/>\nInguruko kondoi batean ostatu hartuz gero, etxebizitzan edo hurbilen dagoen estazioko sarreran jasoko zaitugu.. Hartu gurekin harremanetan Whatsapp bidez ezarri dugu.<\/span><br \/>\nn<br \/>\nn<b>Ohar:<\/b><span style=\"font-weight: 400;\"> Txangoaren irteera ordutik 24 orduko epean erreserbatzen baduzu, hoteleko bilketa egin dezakegu aparteko karguekin. Erosketa amaitutakoan, harremanetarako informazio osoa bidaliko dizugu (telefono zenbakia, helbide elektronikoa, etab.) gure tokiko Tour gidari bilketa-antolaketak antola ditzan.<\/span><br \/>\nn<\/p>\n<h4><b><i>Informazio gehigarria berrespena <\/i><\/b><\/h4>\n<p>n<\/p>\n<ol>\nn \t<\/p>\n<li>Sarrerak Tour hau ordaindu ondoren ordainagiria dira. Ordainketa zure telefonoan erakutsi dezakezu.<\/li>\n<p>n \t<\/p>\n<li style=\"font-weight: 400;\"><span style=\"font-weight: 400;\">Topagunea Erreserba Prozesuaren ondoren jasoko da.<\/span><\/li>\n<p>n \t<\/p>\n<li style=\"font-weight: 400;\"><span style=\"font-weight: 400;\">Haurrak heldu batekin joan behar dira.<\/span><\/li>\n<p>n \t<\/p>\n<li style=\"font-weight: 400;\"><span style=\"font-weight: 400;\">gurpil-aulkirako sarbidea <\/span><\/li>\n<p>n \t<\/p>\n<li style=\"font-weight: 400;\"><span style=\"font-weight: 400;\">Haurrak magalean eseri behar dira <\/span><\/li>\n<p>n \t<\/p>\n<li style=\"font-weight: 400;\"><span style=\"font-weight: 400;\">Bidaiari gehienek parte har dezakete<\/span><\/li>\n<p>n<\/ol>\n<p>n<\/p>\n<h4><b><i>Baliogabetze politika<\/i><\/b><\/h4>\n<p>Itzulketa osoa lortzeko, irakurri gure Ezeztapen-politikak\u00a0<a href=\"https:\/\/www.boattoursamana.com\/eu\/lineako-erreserba\/\" target=\"_blank\" rel=\"noopener\" data-saferedirecturl=\"https:\/\/www.google.com\/url?q=https:\/\/www.boattoursamana.com\/online-booking\/&amp;source=gmail&amp;ust=1672532492004000&amp;usg=AOvVaw3ylqI1cdbIPTimEqEWneyd\">Klikatu hemen<\/a>. Funtsak galduko dira erreserba bidaiaren egun berean bertan behera uzten bada.<\/p>\n\n\t\t<\/div>\n\t<\/div>\n<\/div><\/div><\/div><\/div><div class=\"vc_row wpb_row vc_row-fluid\" ><div class=\"wpb_column vc_column_container vc_col-sm-12\"><div class=\"vc_column-inner\"><div class=\"wpb_wrapper\">\n\t<div class=\"wpb_text_column wpb_content_element\" >\n\t\t<div class=\"wpb_wrapper\">\n\t\t\t<p>\nn<\/p>\n<h4>Jarri gurekin harremanetan?<\/h4>\n<p>n<\/p>\n<h5><em><strong>Erreserba Abenturak<\/strong><\/em><\/h5>\n<p>n<em><strong>Bertakoak<\/strong> eta <strong>Nazionalak<\/strong> Bisita gidatuak eta gonbidatuentzako zerbitzuak<\/em><br \/>\nn<br \/>\nn<span class=\"text-turquoise\">Erreserbak:<\/span> Bisitak eta txangoak Dom-en. Errep.<\/p>\n\n\t\t<\/div>\n\t<\/div>\n<\/div><\/div><\/div><\/div><div class=\"vc_row wpb_row vc_row-fluid\" ><\/div><div class=\"wpb_column vc_column_container vc_col-sm-12\"><div class=\"vc_column-inner\"><div class=\"wpb_wrapper\"><\/div><\/div><\/div><div class=\"vc_empty_space\"   style=\"height: 32px\"><span class=\"vc_empty_space_inner\"><\/span><\/div><div class=\"vc_empty_space\"   style=\"height: 32px\"><span class=\"vc_empty_space_inner\"><\/span><\/div><div class=\"vc_row wpb_row vc_row-fluid\" ><div class=\"wpb_column vc_column_container vc_col-sm-12\"><div class=\"vc_column-inner\"><div class=\"wpb_wrapper\"><div class=\"vc_btn3-container vc_btn3-inline\" ><button class=\"vc_general vc_btn3 vc_btn3-size-md vc_btn3-shape-rounded vc_btn3-style-modern vc_btn3-color-green\">ERRESERBATU ORAIN<\/button><\/div><\/div><\/div><\/div><\/div>","protected":false},"excerpt":{"rendered":"<p>Parasailing en Punta Cana es una aventura incre\u00edble y una de las mejores cosas para hacer en Punta Cana. La costa desde 200 pies en el aire, mientras navega, es absolutamente impresionante. n nEl parasailing es una experiencia sencilla y divertida para todos los miembros de la familia. Como la principal empresa de parasailing y aventura en Rep\u00fablica Dominicana, nuestro equipo de Parasailing se encuentra entre los m\u00e1s experimentados en Punta Cana, con m\u00e1s de 16 a\u00f1os de experiencia en [&hellip;]<\/p>\n","protected":false},"author":2,"featured_media":0,"parent":0,"menu_order":0,"comment_status":"open","ping_status":"closed","template":"","meta":{"footnotes":""},"class_list":["post-15771","page","type-page","status-publish","hentry"],"_links":{"self":[{"href":"https:\/\/www.boattoursamana.com\/eu\/wp-json\/wp\/v2\/pages\/15771","targetHints":{"allow":["GET"]}}],"collection":[{"href":"https:\/\/www.boattoursamana.com\/eu\/wp-json\/wp\/v2\/pages"}],"about":[{"href":"https:\/\/www.boattoursamana.com\/eu\/wp-json\/wp\/v2\/types\/page"}],"author":[{"embeddable":true,"href":"https:\/\/www.boattoursamana.com\/eu\/wp-json\/wp\/v2\/users\/2"}],"replies":[{"embeddable":true,"href":"https:\/\/www.boattoursamana.com\/eu\/wp-json\/wp\/v2\/comments?post=15771"}],"version-history":[{"count":0,"href":"https:\/\/www.boattoursamana.com\/eu\/wp-json\/wp\/v2\/pages\/15771\/revisions"}],"wp:attachment":[{"href":"https:\/\/www.boattoursamana.com\/eu\/wp-json\/wp\/v2\/media?parent=15771"}],"curies":[{"name":"wp","href":"https:\/\/api.w.org\/{rel}","templated":true}]}}