{"id":15798,"date":"2023-07-15T07:43:59","date_gmt":"2023-07-15T07:43:59","guid":{"rendered":"https:\/\/www.ticketswhales.com\/bahia-de-las-aguilas-beach-day-trip-by-boat-day-pass-pedernales\/"},"modified":"2023-07-15T07:43:59","modified_gmt":"2023-07-15T07:43:59","slug":"bahia-de-las-aguilas-beach-day-trip-by-boat-day-pass-pedernales","status":"publish","type":"page","link":"https:\/\/www.boattoursamana.com\/eu\/bahia-de-las-aguilas-hondartzara-eguneko-bidaia-itsasontziz-eguneko-pasea-pedernales-2","title":{"rendered":"Bah\u00eda de las Aguilas: Hondartza Eguneko Irteera Itsasontziz \u2013 Eguneko Abonamendua \u2013 Pedernales"},"content":{"rendered":"<p><span style=\"vertical-align: inherit;\"><span style=\"vertical-align: inherit;\">Compre un boleto de un d\u00eda a Bah\u00eda las \u00c1guilas desde las areas de Pedernales. <\/span><span style=\"vertical-align: inherit;\">Disfruta de un d\u00eda de playa y deja fluir el \u00e1nimo, lejos de las zonas tur\u00edsticos y de todo el estr\u00e9s. <\/span><span style=\"vertical-align: inherit;\">Ven y descubre el Parque Nacional Jaragua y Bah\u00eda de las \u00c1guilas. <\/span><span style=\"vertical-align: inherit;\">Conduzca por una hermosa carretera con impresionantes vistas del peque\u00f1o puerto y el pueblo pesquero de Cabo Rojo. <\/span><span style=\"vertical-align: inherit;\">En Las Cuevas, abordar\u00e1 un bote que lo llevar\u00e1 en un viaje de 15 minutos a una de las natural m\u00e1s hermosas del mundo. <\/span><span style=\"vertical-align: inherit;\">Las arenas de la Bah\u00eda de las \u00c1guilas son v\u00edrgenes y la bah\u00eda cubre 8 km. <\/span><span style=\"vertical-align: inherit;\">Experimente un paisaje costero excepcional con aguas cristalinas que brillan en tonos que van del turquesa al azul \u00f3palo que se derrite en el horizonte. <\/span><span style=\"vertical-align: inherit;\">El almuerzo se sirve en la playa, nadar o bucear y explorar este para\u00edso natural virgen.<\/span><\/span><br \/>\nn<br \/>\nn&nbsp;<br \/>\nn<br \/>\nn<strong><span style=\"vertical-align: inherit;\"><span style=\"vertical-align: inherit;\">Hautatu bidaia honetarako eguna:<\/span><\/span><\/strong><\/p>\n<p>&nbsp;<\/p>\n<div class=\"vc_row wpb_row vc_row-fluid\" ><div class=\"wpb_column vc_column_container vc_col-sm-12\"><div class=\"vc_column-inner\"><div class=\"wpb_wrapper\"><div class=\"mkdf-section-title-holder\" style=\"text-align: left\">\n\t<div class=\"mkdf-st-inner\">\n\t\t\t\t\t<h5 class=\"mkdf-st-subtitle\" >\n\t\t\t\tEguneko txartela - Snorkeling eta bazkaria\t\t\t<\/h5>\n\t\t\t\t\t\t\t<h3 class=\"mkdf-st-title\" >\n\t\t\t\tBah\u00eda de las Aguilas: Hondartza Eguneko Ibilaldia itsasontziz\t\t\t<\/h3>\n\t\t\t\t\t<\/div>\n<\/div><\/div><\/div><\/div><\/div><div class=\"vc_row wpb_row vc_row-fluid\" ><div class=\"wpb_column vc_column_container vc_col-sm-12\"><div class=\"vc_column-inner\"><div class=\"wpb_wrapper\">\n\t<div class=\"wpb_text_column wpb_content_element\" >\n\t\t<div class=\"wpb_wrapper\">\n\t\t\t<p>\nn<\/p>\n<h4><b><i>Ikuspegi orokorra<\/i><\/b><\/h4>\n<p>nGozatu hondartzan egun batez eta utzi gogoa, gune turistikoetatik eta estres guztietatik urrun. Zatoz Jaragua Parke Nazionala eta Bahia de las \u00c1guilas ezagutzera. Gidatu errepide eder batetik Cabo Rojo portu txikiaren eta arrantzale herriaren bista paregabeak dituena. Las Cuevasen munduko hondartza natural ederrenetako batera 15 minutuko ibilaldi batean eramaten zaituen itsasontzi batera igotzen zara. Bah\u00eda de las Aguilas-eko harea garbia da eta badiak 8 km ditu. Bizi ezazu kostaldeko paisaia paregabea, ur gardena turkesatik opal-urdinera iristen den tonuetan distira egiten duena, zeruertzean urtzen dena. Bazkaria hondartzan zerbitzatzen da, joan igerian edo snorkeling eta arakatu ukitu gabeko paradisu natural hau.<br \/>\nn<br \/>\nn&nbsp;<br \/>\nn<\/p>\n<ul>\nn \t<\/p>\n<li>Inguruko Segurtasun esperientzia duen Local Guide.<\/li>\n<p>n \t<\/p>\n<li>Garraio pribatua<\/li>\n<p>n \t<\/p>\n<li>Tasak barne<\/li>\n<p>n \t<\/p>\n<li>Bazkaria<\/li>\n<p>n \t<\/p>\n<li>Tokiko Tour Guide gaztelaniaz, ingelesez edo frantsesez.<\/li>\n<p>n \t<\/p>\n<li>Mendi ibilaldiak<\/li>\n<p>n \t<\/p>\n<li>Snorkeling<\/li>\n<p>n<\/ul>\n<p>n<\/p>\n<h4><b>Inklusioak eta bazterketak<\/b><\/h4>\n<p>n&nbsp;<br \/>\nn<br \/>\nn<b>Inklusioak<\/b><br \/>\nn<\/p>\n<ol>\nn \t<\/p>\n<li>Inguruko Segurtasuneko esperientzia duen Tokiko Gida.<\/li>\n<p>n \t<\/p>\n<li>Talde txikientzako garraio pribatua<\/li>\n<p>n \t<\/p>\n<li>Zerga, tasa eta kudeaketa-gastu guztiak<\/li>\n<p>n \t<\/p>\n<li>Tokiko zergak<\/li>\n<p>n \t<\/p>\n<li>Bazkaria<\/li>\n<p>n \t<\/p>\n<li>Mendi ibilaldiak<\/li>\n<p>n \t<\/p>\n<li>Igerileku Naturalak<\/li>\n<p>n \t<\/p>\n<li>Snorkeling<\/li>\n<p>n \t<\/p>\n<li>Jarduera guztiak<\/li>\n<p>n<\/ol>\n<p>n<b>Bazterketak<\/b><br \/>\nn<\/p>\n<ol>\nn \t<\/p>\n<li>Doanak<\/li>\n<p>n \t<\/p>\n<li>Edari guztiak<\/li>\n<p>n<\/ol>\n<p>n<\/p>\n<h4><em><strong>Irteera eta Itzulera<\/strong><\/em><\/h4>\n<p>Bidaiariak bilgune bat lortuko du Erreserba Prozesuaren ondoren. Bisitak gure topaguneetan hasi eta amaitu.<br \/>\nn<\/p>\n<h2 class=\"styles__heading___mD4_3\" data-radium=\"true\">Bah\u00eda de las Aguilas: Hondartzako eguneko irteera itsasontziz -Eguneko txartela - Snorkeling eta bazkaria<\/h2>\n<p>n<\/p>\n<h4><em>Zer espero?<\/em><\/h4>\n<p>nPlaya de las Aguilas arrano indigenaren izena jarri zioten. Ibilbidea Bahia de las Aguilas-etik garraio pribatuan egiten da, non hondartza afrodisiako honen natura-mirariak modu oso ezberdin eta jasangarri batean ezagutzeko aukera ematen dizu. Pasa ezazu eguna herrialdeko hegoaldetik natura-bira batean, eta bertan Bahia de las Aguila ezagutuko duzu, Dominikar Errepublikako hondartza ederrenetako bat, non itsasontziz helduko garen hondartza paradisiako honetara, eremu batera. ingurumen-legeak guztiz babestuta. Eman denbora lasaigarria Bahia de las Aguilasen, inor ez dagoen natur erreserba eta parke nazionalean, eta gozatu barbakoa estiloko bazkariaz haitzuloetan.<br \/>\nn<br \/>\nnItsaso bareak eta haize arinak eguzkia eta beroa gehiegi sufritzea eragotziko dizu. Bihurtu esploratzaile egunean eta ezagutu paradisu ekologiko, natural eta guztiz hondatu gabeko bat. 130 hegazti espezie baino gehiago beha ditzakezu, horietatik 76 badian etengabe bizi direnak, 10 endemikoak eta 47 migratzaileak.<br \/>\nn<br \/>\nn08.30 \u2013 Elkargunetik irteera<br \/>\nn08.45 \u2013 Irteera itsasontziz La Cueva herritik Bahia de las Aguilas aldera<br \/>\nn12.30 \u2013 Bazkari tipikoa hondartzan<br \/>\nn03.00 \u2013 La Cuevara itzulera<br \/>\nn05.30 \u2013 Elkargunera iristea<br \/>\nn<\/p>\n<h4><em><strong>Zer ekarri beharko zenuke?<\/strong><\/em><\/h4>\n<p>n<\/p>\n<ul>\nn \t<\/p>\n<li>Kamera<\/li>\n<p>n \t<\/p>\n<li>Kimuak uxatzeko<\/li>\n<p>n \t<\/p>\n<li>Eguzkitako krema<\/li>\n<p>n \t<\/p>\n<li>Ura<\/li>\n<p>n \t<\/p>\n<li>Txapela<\/li>\n<p>n \t<\/p>\n<li>Praka erosoak<\/li>\n<p>n \t<\/p>\n<li>Basorako mendiko oinetakoak<\/li>\n<p>n \t<\/p>\n<li>Sandaliak Udaberriko guneetara.<\/li>\n<p>n \t<\/p>\n<li>Igeriketa arropa<\/li>\n<p>n<\/ul>\n<p>n&nbsp;<br \/>\nn<\/p>\n<h4><b><i>Hoteleko bilketa<\/i><\/b><\/h4>\n<p>nHotel-bilketa bidaia honetarako kostu gehigarriarekin eskaintzen da.<br \/>\nn<br \/>\nn<b>Ohar:<\/b> Txangoaren irteera ordutik 24 orduko epean erreserbatzen baduzu, hoteleko bilketa antolatu dezakegu. Pedernales eremuan besterik ez dugu jasotzen. Erosketa amaitutakoan, harremanetarako informazio osoa bidaliko dizugu (telefono zenbakia, helbide elektronikoa, etab.) gure tokiko Tour gidari bilketa-antolaketak antola ditzan.<br \/>\nn<\/p>\n<h4><b><i>Informazio gehigarria berrespena<\/i><\/b><\/h4>\n<p>n<\/p>\n<ol>\nn \t<\/p>\n<li>Sarrerak Tour hau ordaindu ondoren ordainagiria dira. Ordainketa zure telefonoan erakutsi dezakezu.<\/li>\n<p>n \t<\/p>\n<li>Topagunea Erreserba Prozesuaren ondoren jasoko da.<\/li>\n<p>n \t<\/p>\n<li>Haurrak heldu batekin joan behar dira.<\/li>\n<p>n \t<\/p>\n<li>Ez dago gurpil-aulkirako sarbidea<\/li>\n<p>n \t<\/p>\n<li>Haurrak magalean eseri behar dira<\/li>\n<p>n \t<\/p>\n<li>Ez da gomendagarria bizkarreko arazoak dituzten bidaiarientzat<\/li>\n<p>n \t<\/p>\n<li>Ez da gomendagarria haurdun dauden bidaiarientzat<\/li>\n<p>n \t<\/p>\n<li>Ez dago bihotzeko arazorik edo beste baldintza mediko larririk<\/li>\n<p>n \t<\/p>\n<li>Bidaiari gehienek parte har dezakete<\/li>\n<p>n<\/ol>\n<p>n<\/p>\n<h4><b><i>Baliogabetze politika<\/i><\/b><\/h4>\n<p>Itzulketa osoa lortzeko, irakurri gure Ezeztapen-politikak\u00a0<a href=\"https:\/\/www.boattoursamana.com\/eu\/lineako-erreserba\/\" target=\"_blank\" rel=\"noopener\" data-saferedirecturl=\"https:\/\/www.google.com\/url?q=https:\/\/www.boattoursamana.com\/online-booking\/&amp;source=gmail&amp;ust=1672449202351000&amp;usg=AOvVaw1yAeVAPktmaVCqDujgUn90\">Klikatu hemen<\/a>. Funtsak galduko dira erreserba bidaiaren egun berean bertan behera uzten bada.<\/p>\n\n\t\t<\/div>\n\t<\/div>\n<\/div><\/div><\/div><\/div>","protected":false},"excerpt":{"rendered":"<p>Compre un boleto de un d\u00eda a Bah\u00eda las \u00c1guilas desde las \u00e1reas de Pedernales. Disfruta de un d\u00eda de playa y deja fluir el \u00e1nimo, lejos de las zonas tur\u00edsticas y de todo el estr\u00e9s. Ven y descubre el Parque Nacional Jaragua y Bah\u00eda de las \u00c1guilas. Conduzca por una hermosa carretera con impresionantes vistas del peque\u00f1o puerto y el pueblo pesquero de Cabo Rojo. En Las Cuevas, abordar\u00e1 un bote que lo llevar\u00e1 en un viaje de 15 [&hellip;]<\/p>\n","protected":false},"author":2,"featured_media":0,"parent":0,"menu_order":0,"comment_status":"open","ping_status":"closed","template":"","meta":{"footnotes":""},"class_list":["post-15798","page","type-page","status-publish","hentry"],"_links":{"self":[{"href":"https:\/\/www.boattoursamana.com\/eu\/wp-json\/wp\/v2\/pages\/15798","targetHints":{"allow":["GET"]}}],"collection":[{"href":"https:\/\/www.boattoursamana.com\/eu\/wp-json\/wp\/v2\/pages"}],"about":[{"href":"https:\/\/www.boattoursamana.com\/eu\/wp-json\/wp\/v2\/types\/page"}],"author":[{"embeddable":true,"href":"https:\/\/www.boattoursamana.com\/eu\/wp-json\/wp\/v2\/users\/2"}],"replies":[{"embeddable":true,"href":"https:\/\/www.boattoursamana.com\/eu\/wp-json\/wp\/v2\/comments?post=15798"}],"version-history":[{"count":0,"href":"https:\/\/www.boattoursamana.com\/eu\/wp-json\/wp\/v2\/pages\/15798\/revisions"}],"wp:attachment":[{"href":"https:\/\/www.boattoursamana.com\/eu\/wp-json\/wp\/v2\/media?parent=15798"}],"curies":[{"name":"wp","href":"https:\/\/api.w.org\/{rel}","templated":true}]}}