{"id":15812,"date":"2023-07-15T07:44:18","date_gmt":"2023-07-15T07:44:18","guid":{"rendered":"https:\/\/www.ticketswhales.com\/hike-kayak-los-haitises-national-park-from-punta-cana\/"},"modified":"2023-07-15T07:44:18","modified_gmt":"2023-07-15T07:44:18","slug":"hike-kayak-los-haitises-national-park-from-punta-cana","status":"publish","type":"page","link":"https:\/\/www.boattoursamana.com\/eu\/ibilaldia-kayak-los-haitises-parke-nazionala-punta-canatik","title":{"rendered":"Ibilaldia + Kayak Los Haitises Parke Nazionala Punta Canatik"},"content":{"rendered":"<p><span style=\"vertical-align: inherit;\"><span style=\"vertical-align: inherit;\">Caminata de 3 horas y kayak en manglares en el Parque Nacional Los Haitises con un gu\u00eda tur\u00edstico local desde Sabana de la mar. <\/span><span style=\"vertical-align: inherit;\">Selva Tropical, Cocos, Caf\u00e9 y Cacao aretoak bisitatuz. <\/span><span style=\"vertical-align: inherit;\">Aprendiendo sobre la historia original del Parque Nacional Los Haitises.<\/span><\/span><br \/>\nn<br \/>\nn&nbsp;<br \/>\nn<br \/>\nn<strong><span style=\"vertical-align: inherit;\"><span style=\"vertical-align: inherit;\">Hautatu bidaltzailearen bidaiarako data:<\/span><\/span><\/strong><\/p>\n<p>&nbsp;<\/p>\n<div class=\"vc_row wpb_row vc_row-fluid\" ><div class=\"wpb_column vc_column_container vc_col-sm-12\"><div class=\"vc_column-inner\"><div class=\"wpb_wrapper\"><div class=\"vc_btn3-container vc_btn3-inline\" ><button class=\"vc_general vc_btn3 vc_btn3-size-md vc_btn3-shape-rounded vc_btn3-style-modern vc_btn3-color-green\">ERRESERBATU ORAIN<\/button><\/div>\n\t<div class=\"wpb_text_column wpb_content_element\" >\n\t\t<div class=\"wpb_wrapper\">\n\t\t\t<p>\nn<\/p>\n<h4><b><i>Ikuspegi orokorra <\/i><\/b><\/h4>\n<p>n Mendi Ibilbide + Kayaking Tour hau Punta Canatik hasten da Hoteletatik transferentzia batekin. Honen ondoren, Los Haitises Parke Nazionaleko Baso Hezean zehar 2 ordu inguru ibiliko gara parkera iritsiko gara. Inguru honetako sendabelarrak ezagutuko dituzu, hosto zabaleko basoa lehen eta bigarren mailako Los Haitises Parke Nazionaleko mendiak ikusiko dituzu eta, aldi berean, Jivales ibaiaren iturrira iritsiko zara, bertatik Eco-lodge Ca\u00f1o Hondoko igerileku naturalen urak. Ondoren, zure segurtasunerako beharrezkoak diren ekipoak (Salbamendu-txakak, etab.), kayakak eta mangladietako padurak zeharkatzen ditugu. Hegaztiz betetako mangladi batzuk ikusiko dituzu, landaredi oparoz betetako muino oztopoak. San Lorentzo badia irekiko mangladietan eta Landatik barrena, bertatik baso-paisaia malkartsua argazkia dezakezu.<br \/>\nn<br \/>\nnEsperientzia honen ostean, Cano Hondora edo Sabana de la marra itzuliko zara.<br \/>\nn<\/p>\n<ul>\nn \t<\/p>\n<li style=\"font-weight: 400;\">Tasak barne<\/li>\n<p>n \t<\/p>\n<li>Los Haitises Parke Nazionaleko Ibilaldia<\/li>\n<p>n \t<\/p>\n<li style=\"font-weight: 400;\"><span style=\"font-weight: 400;\">Gidak instrukzioa eta gainbegiratzea eskaintzen du<\/span><\/li>\n<p>n<\/ul>\n<p>n&nbsp;<br \/>\nn<\/p>\n<h4><b>Inklusioak eta bazterketak<\/b><\/h4>\n<p>n&nbsp;<br \/>\nn<br \/>\nn<b>Inklusioak<\/b><br \/>\nn<br \/>\nn&nbsp;<br \/>\nn<\/p>\n<ol>\nn \t<\/p>\n<li style=\"font-weight: 400;\">Los Haitises Parke Nazionala<\/li>\n<p>n \t<\/p>\n<li>Ibilaldia + Kayak<\/li>\n<p>n \t<\/p>\n<li style=\"font-weight: 400;\"><span style=\"font-weight: 400;\">Zerga, tasa eta kudeaketa-gastu guztiak<\/span><\/li>\n<p>n \t<\/p>\n<li style=\"font-weight: 400;\"><span style=\"font-weight: 400;\">Tokiko zergak<\/span><\/li>\n<p>n \t<\/p>\n<li style=\"font-weight: 400;\"><span style=\"font-weight: 400;\">Edariak<\/span><\/li>\n<p>n \t<\/p>\n<li style=\"font-weight: 400;\"><span style=\"font-weight: 400;\">Jarduera guztiak<\/span><\/li>\n<p>n \t<\/p>\n<li style=\"font-weight: 400;\"><span style=\"font-weight: 400;\">Tokiko gida<\/span><\/li>\n<p>n \t<\/p>\n<li><span style=\"font-weight: 400;\">Transferentzia<\/span><\/li>\n<p>n \t<\/p>\n<li>Herritarrekin bazkaria<\/li>\n<p>n<\/ol>\n<p>n<b> Bazterketak<\/b><br \/>\nn<\/p>\n<ol>\nn \t<\/p>\n<li style=\"font-weight: 400;\"><span style=\"font-weight: 400;\">Doanak<\/span><\/li>\n<p>n \t<\/p>\n<li style=\"font-weight: 400;\"><span style=\"font-weight: 400;\">Edari alkoholdunak<\/span><\/li>\n<p>n<\/ol>\n<p>n&nbsp;<br \/>\nn<\/p>\n<h4><em><strong>Irteera eta Itzulera<\/strong><\/em><\/h4>\n<p>n<span style=\"font-weight: 400;\">Bidaiariak bilgune bat lortuko du Erreserba Prozesuaren ondoren. Bisitak gure topaguneetan hasi eta amaitu.<\/span><br \/>\nn<br \/>\nn&nbsp;<br \/>\nn<\/p>\n<h2>Ibilaldia + Kayak Los Haitises Parke Nazionala Punta Canatik<\/h2>\n<p>n<\/p>\n<h4><b><i>Zer espero?<\/i><\/b><\/h4>\n<p>nParke nazionalaren izena jatorrizko biztanleengandik dator, hots, taino indiarrengandik. Haien hizkuntzan &quot;Haitises&quot; mendilerroak edo muinoak itzultzen dira, kostaldeko formazio geologiko aldapatsuak Kareharriekin. Kayak egiteko 2 ordu da.<br \/>\nn<br \/>\nnIngurumen babesle eta boluntario gisa hazten diren tokikoekin Historia eta Naturari buruz ikasi proiektuaren eremuaren barruan. \u201cBooking Adventures\u201d-ek antolatutako ibilaldia, Gidariarekin ezarritako topagunetik hasten da.<br \/>\nn<br \/>\nnLehenengo soroetan eta nekazari lurretan zehar ibilaldi bat egin ondoren, Koko eta Kakao basotik ibiltzen hasiko zara. Minutu bakoitza Los Haitises Parke Nazionaleko baso-eremua kontserbatzeko lehen eta bakarraren barruan sartzea. Zatoz Booking Adventures-ekin eta hasi hegazti, ugaztun eta landare-espezie endemiko batzuk, landaredi oparoz beteriko muino eta kobazuloak egiaztatzen. <em><strong>Los Haitises Parke Nazionala<\/strong><\/em>.<br \/>\nn<\/p>\n<div class=\"body-description secondary\">\nn<br \/>\nParke nazionalaren izena jatorrizko biztanleengandik dator, Taino indiarrengandik. Haien hizkuntzan &quot;Haitises&quot; mendilerroak edo muinoak itzultzen dira, kostaldeko formazio geologiko aldapatsuak Kareharriekin. Abenturatu parkean sakondu, Cueva San Gabriel bezalako kobazuloak arakatzeko, <em><strong>Cueva de la Arena<\/strong><\/em> eta <strong><em>Cueva de la L\u00ednea. Itsasontziko ibilaldia Mendi-bidaiarekin lotu dezakezu. Jarri gurekin harremanetan.<\/em><\/strong><br \/>\nn<br \/>\nn Erreserbako kobak aterpe gisa erabili zituzten taino indiarrek eta, geroago, piratak ezkutatzeko. Bilatu horma batzuk apaintzen dituzten indiarren marrazkiak. Euri Basoan, 700 ehunka landare espezie baino gehiago daude, bisitariei mendi-ibilbide honetan ezagutzen ditugun sendabelar landare guztiak irakasten saiatzen gara.<br \/>\nn<br \/>\nn Zatoz ikastera, ibili eta gozatu Los Haitises Parke Nazionaleko benetako naturaz.<br \/>\nn<br \/>\nn<\/div>\n<p>n&nbsp;<br \/>\nn<\/p>\n<h4><em><strong>Zer ekarri beharko zenuke?<\/strong><\/em><\/h4>\n<p>n<\/p>\n<ul>\nn \t<\/p>\n<li style=\"font-weight: 400;\"><span style=\"font-weight: 400;\">Kamera<\/span><\/li>\n<p>n \t<\/p>\n<li style=\"font-weight: 400;\"><span style=\"font-weight: 400;\">Kimuak uxatzeko<\/span><\/li>\n<p>n \t<\/p>\n<li style=\"font-weight: 400;\"><span style=\"font-weight: 400;\">Eguzkitako krema<\/span><\/li>\n<p>n \t<\/p>\n<li style=\"font-weight: 400;\"><span style=\"font-weight: 400;\">Txapela<\/span><\/li>\n<p>n \t<\/p>\n<li style=\"font-weight: 400;\"><span style=\"font-weight: 400;\">Praka erosoak<\/span><\/li>\n<p>n \t<\/p>\n<li style=\"font-weight: 400;\"><span style=\"font-weight: 400;\">Basorako mendiko oinetakoak<\/span><\/li>\n<p>n \t<\/p>\n<li style=\"font-weight: 400;\"><span style=\"font-weight: 400;\">Sandaliak Udaberriko guneetara.<\/span><\/li>\n<p>n \t<\/p>\n<li style=\"font-weight: 400;\"><span style=\"font-weight: 400;\">Igeriketa arropa<\/span><\/li>\n<p>n<\/ul>\n<p>n&nbsp;<br \/>\nn<\/p>\n<h4><b><i>Hoteleko bilketa <\/i><\/b><\/h4>\n<p>n<span style=\"font-weight: 400;\">Ibilaldi honetarako hotelean jasotzea eskaintzen da.\u00a0<\/span><br \/>\nn<br \/>\nn<b>Ohar:<\/b><span style=\"font-weight: 400;\"> Txangoaren irteera ordutik 24 orduko epean erreserbatzen baduzu, hoteleko bilketa egin dezakegu aparteko karguekin. Erosketa amaitutakoan, harremanetarako informazio osoa bidaliko dizugu (telefono zenbakia, helbide elektronikoa, etab.) gure tokiko Tour gidari bilketa-antolaketak antola ditzan.<\/span><br \/>\nn<\/p>\n<h4><b><i>Informazio gehigarria berrespena <\/i><\/b><\/h4>\n<p>n<\/p>\n<ol>\nn \t<\/p>\n<li>Sarrerak Tour hau ordaindu ondoren ordainagiria dira. Ordainketa zure telefonoan erakutsi dezakezu.<\/li>\n<p>n \t<\/p>\n<li style=\"font-weight: 400;\"><span style=\"font-weight: 400;\">Topagunea Erreserba Prozesuaren ondoren jasoko da.<\/span><\/li>\n<p>n \t<\/p>\n<li style=\"font-weight: 400;\"><span style=\"font-weight: 400;\">Haurrak heldu batekin joan behar dira.<\/span><\/li>\n<p>n \t<\/p>\n<li style=\"font-weight: 400;\"><span style=\"font-weight: 400;\"> Ez dago gurpil-aulkirako sarbidea <\/span><\/li>\n<p>n \t<\/p>\n<li style=\"font-weight: 400;\"><span style=\"font-weight: 400;\">Haurrak magalean eseri behar dira <\/span><\/li>\n<p>n \t<\/p>\n<li style=\"font-weight: 400;\"><span style=\"font-weight: 400;\">Ez da gomendagarria bizkarreko arazoak dituzten bidaiarientzat<\/span><\/li>\n<p>n \t<\/p>\n<li style=\"font-weight: 400;\"><span style=\"font-weight: 400;\">Ez da gomendagarria haurdun dauden bidaiarientzat <\/span><\/li>\n<p>n \t<\/p>\n<li style=\"font-weight: 400;\"><span style=\"font-weight: 400;\"> Ez dago bihotzeko arazorik edo beste baldintza mediko larririk <\/span><\/li>\n<p>n \t<\/p>\n<li style=\"font-weight: 400;\"><span style=\"font-weight: 400;\">Bidaiari gehienek parte har dezakete<\/span><\/li>\n<p>n<\/ol>\n<p>n<\/p>\n<h4><b><i>Baliogabetze politika<\/i><\/b><\/h4>\n<p>Itzulketa osoa lortzeko, irakurri gure Ezeztapen-politikak\u00a0<a href=\"https:\/\/www.boattoursamana.com\/eu\/lineako-erreserba\/\" target=\"_blank\" rel=\"noopener\" data-saferedirecturl=\"https:\/\/www.google.com\/url?q=https:\/\/www.boattoursamana.com\/online-booking\/&amp;source=gmail&amp;ust=1672449202351000&amp;usg=AOvVaw1yAeVAPktmaVCqDujgUn90\">Klikatu hemen<\/a>. Funtsak galduko dira erreserba bidaiaren egun berean bertan behera uzten bada.<\/p>\n\n\t\t<\/div>\n\t<\/div>\n<\/div><\/div><\/div><\/div><div class=\"vc_row wpb_row vc_row-fluid\" ><div class=\"wpb_column vc_column_container vc_col-sm-12\"><div class=\"vc_column-inner\"><div class=\"wpb_wrapper\"><\/div><\/div><\/div><\/div><div class=\"vc_row wpb_row vc_row-fluid\" ><\/div><div class=\"wpb_column vc_column_container vc_col-sm-12\"><div class=\"vc_column-inner\"><div class=\"wpb_wrapper\"><\/div><\/div><\/div><div class=\"vc_empty_space\"   style=\"height: 32px\"><span class=\"vc_empty_space_inner\"><\/span><\/div><div class=\"vc_row wpb_row vc_row-fluid\" ><div class=\"wpb_column vc_column_container vc_col-sm-12\"><div class=\"vc_column-inner\"><div class=\"wpb_wrapper\"><div class=\"vc_btn3-container vc_btn3-inline\" ><button class=\"vc_general vc_btn3 vc_btn3-size-md vc_btn3-shape-rounded vc_btn3-style-modern vc_btn3-color-green\">ERRESERBATU ORAIN<\/button><\/div><\/div><\/div><\/div><\/div>","protected":false},"excerpt":{"rendered":"<p>Caminata de 3 horas y kayak en manglares en el Parque Nacional Los Haitises con un gu\u00eda tur\u00edstico local desde Sabana de la mar. Selva Tropical, Cocos, Caf\u00e9 y Cacao aretoak bisitatuz. Aprendiendo sobre la historia original del Parque Nacional Los Haitises. Hautatu bidaltzailearen bidaiarako data: &nbsp;<\/p>","protected":false},"author":2,"featured_media":0,"parent":0,"menu_order":0,"comment_status":"open","ping_status":"closed","template":"","meta":{"footnotes":""},"class_list":["post-15812","page","type-page","status-publish","hentry"],"_links":{"self":[{"href":"https:\/\/www.boattoursamana.com\/eu\/wp-json\/wp\/v2\/pages\/15812","targetHints":{"allow":["GET"]}}],"collection":[{"href":"https:\/\/www.boattoursamana.com\/eu\/wp-json\/wp\/v2\/pages"}],"about":[{"href":"https:\/\/www.boattoursamana.com\/eu\/wp-json\/wp\/v2\/types\/page"}],"author":[{"embeddable":true,"href":"https:\/\/www.boattoursamana.com\/eu\/wp-json\/wp\/v2\/users\/2"}],"replies":[{"embeddable":true,"href":"https:\/\/www.boattoursamana.com\/eu\/wp-json\/wp\/v2\/comments?post=15812"}],"version-history":[{"count":0,"href":"https:\/\/www.boattoursamana.com\/eu\/wp-json\/wp\/v2\/pages\/15812\/revisions"}],"wp:attachment":[{"href":"https:\/\/www.boattoursamana.com\/eu\/wp-json\/wp\/v2\/media?parent=15812"}],"curies":[{"name":"wp","href":"https:\/\/api.w.org\/{rel}","templated":true}]}}