{"id":15825,"date":"2023-07-15T07:44:18","date_gmt":"2023-07-15T07:44:18","guid":{"rendered":"https:\/\/www.ticketswhales.com\/los-haitises-boat-private-trip-from-bayahibe\/"},"modified":"2023-07-15T07:44:18","modified_gmt":"2023-07-15T07:44:18","slug":"los-haitises-boat-private-trip-from-bayahibe","status":"publish","type":"page","link":"https:\/\/www.boattoursamana.com\/eu\/los-haitises-txalupa-bidaia-pribatua-bayahibetik","title":{"rendered":"Los Haitises itsasontzia Bidaia pribatua - Bayahibetik"},"content":{"rendered":"<p>Bisitatzeko preziorik baxuena <strong>Los Haitises Parke Nazionala<\/strong> tik <b>Bayahibe <\/b>Bertakoekin. Bidaia Haitises Parke Nazionaleko Portu Nagusian hasten da. Bidaia goizeko 6:00etatik 8:00etara hasi daiteke. Bayahibeko guneetan jasotzea. Parke Nazional zoragarriaren jatorrizko historia ezagutzen duen tokiko gida gidatua izango da zure bidaian.<br \/>\nn<br \/>\nn<span style=\"vertical-align: inherit;\"><span style=\"vertical-align: inherit;\">Luego partimos desde el puerto principal del Parque Nacional Los Haitises nombre Ca\u00f1o Hondo (Deep Creek) en un BARCO con chalecos salvavidas. <\/span><span style=\"vertical-align: inherit;\">Disfrutaremos del bosque de manglares rojos hasta llegar a la bah\u00eda de San Lorenzo, una peque\u00f1a bah\u00eda hacia la bah\u00eda de Saman\u00e1. <\/span><span style=\"vertical-align: inherit;\">\u00a1Y hemen goaz! <\/span><span style=\"vertical-align: inherit;\">Lo primero que puedes ver es la colecci\u00f3n de una enorme isla monta\u00f1osa de piedra caliza llamada Mogotes. <\/span><span style=\"vertical-align: inherit;\">Encima de ellos m\u00e1s de 700 especies de plantas y muchas aves de los humedales que vuelan alrededor. <\/span><span style=\"vertical-align: inherit;\">Geroago Bisitatu Cuevas con pictograf\u00edas de nuestras comunidades indigenas duela 750 urte.<\/span><\/span><br \/>\nn<br \/>\nn<strong><span style=\"vertical-align: inherit;\"><span style=\"vertical-align: inherit;\">Hautatu bidaia pribaturako data:<\/span><\/span><\/strong><\/p>\n<p>&nbsp;<\/p>\n<div class=\"vc_row wpb_row vc_row-fluid\" ><div class=\"wpb_column vc_column_container vc_col-sm-12\"><div class=\"vc_column-inner\"><div class=\"wpb_wrapper\"><div class=\"mkdf-section-title-holder\" style=\"text-align: left\">\n\t<div class=\"mkdf-st-inner\">\n\t\t\t\t\t<h5 class=\"mkdf-st-subtitle\" >\n\t\t\t\tMangladiak, Tokiko Gidak eta Haitzuloak\t\t\t<\/h5>\n\t\t\t\t\t\t\t<h3 class=\"mkdf-st-title\" >\n\t\t\t\tLos Haitises Boat Bidaia pribatua - Bayahibetik\t\t\t<\/h3>\n\t\t\t\t\t<\/div>\n<\/div><\/div><\/div><\/div><\/div><div class=\"vc_row wpb_row vc_row-fluid\" ><div class=\"wpb_column vc_column_container vc_col-sm-12\"><div class=\"vc_column-inner\"><div class=\"wpb_wrapper\"><div class=\"vc_btn3-container vc_btn3-inline\" ><button class=\"vc_general vc_btn3 vc_btn3-size-md vc_btn3-shape-rounded vc_btn3-style-modern vc_btn3-color-green\">ERRESERBATU ORAIN<\/button><\/div>\n\t<div class=\"wpb_text_column wpb_content_element\" >\n\t\t<div class=\"wpb_wrapper\">\n\t\t\t<p>\nn<\/p>\n<h4><b><i>Ikuspegi orokorra <\/i><\/b><\/h4>\n<p>n Bayahiben bazaude, aukeratu Los Haitises Parke Nazionalerako bidaia arrunt pribatu bat. Zatoz gurekin eta bisitatu Dominikar Errepublikako parke nazional ederrena, mangladiak, kobazuloak eta San Lorenzo badia bisitatuz. Bayahibetik garraio pribatua egin ondoren, itsasontzi pribatu hau Sabana de la Mar komunitatetik abiatzen da Sabana de la Mar-eko historia ikasten.<br \/>\nn<\/p>\n<ul>\nn \t<\/p>\n<li style=\"font-weight: 400;\">Tasak barne<\/li>\n<p>n \t<\/p>\n<li style=\"font-weight: 400;\"><span style=\"font-weight: 400;\">Gidak instrukzioa eta gainbegiratzea eskaintzen du<\/span><\/li>\n<p>n \t<\/p>\n<li>Bazkaria<\/li>\n<p>n<\/ul>\n<p>n&nbsp;<br \/>\nn<\/p>\n<h4><b>Inklusioak eta bazterketak<\/b><\/h4>\n<p>n&nbsp;<br \/>\nn<br \/>\nn<b>Inklusioak<\/b><br \/>\nn<\/p>\n<ol>\nn \t<\/p>\n<li style=\"font-weight: 400;\">Los Haitises Tour + Kobazuloak eta Piktogramak<\/li>\n<p>n \t<\/p>\n<li style=\"font-weight: 400;\"><span style=\"font-weight: 400;\">Zerga, tasa eta kudeaketa-gastu guztiak<\/span><\/li>\n<p>n \t<\/p>\n<li style=\"font-weight: 400;\"><span style=\"font-weight: 400;\">Tokiko zergak<\/span><\/li>\n<p>n \t<\/p>\n<li style=\"font-weight: 400;\"><span style=\"font-weight: 400;\">Jarduera guztiak<\/span><\/li>\n<p>n \t<\/p>\n<li style=\"font-weight: 400;\"><span style=\"font-weight: 400;\">Tokiko gida<\/span><\/li>\n<p>n \t<\/p>\n<li>Garraioa barne<\/li>\n<p>n<\/ol>\n<p>n<b> Bazterketak<\/b><br \/>\nn<\/p>\n<ol>\nn \t<\/p>\n<li style=\"font-weight: 400;\"><span style=\"font-weight: 400;\">Doanak<\/span><\/li>\n<p>n \t<\/p>\n<li style=\"font-weight: 400;\"><span style=\"font-weight: 400;\">Edari alkoholdunak<\/span><\/li>\n<p>n<\/ol>\n<p>n&nbsp;<br \/>\nn<\/p>\n<h4><em><strong>Irteera eta Itzulera<\/strong><\/em><\/h4>\n<p>n<span style=\"font-weight: 400;\">Bidaiariak bilgune bat lortuko du Erreserba Prozesuaren ondoren. Bisitak gure topaguneetan hasi eta amaitu.<\/span><br \/>\nn<br \/>\nn&nbsp;<br \/>\nn<\/p>\n<h4><b><i>Zer espero?<\/i><\/b><\/h4>\n<p>n&nbsp;<br \/>\nn<br \/>\nn<em><strong>Eskuratu zure sarrerak<\/strong><\/em> Bayahibetik Los Haitises Parke Nazionala bisitatzeagatik, haitzuloekin, mangladiekin eta San Lorentzoko badiarekin garraioarekin.<br \/>\nn<br \/>\nn Bisitatzeko preziorik baxuena <strong>Los Haitises Parke Nazionala<\/strong> Bayahibetik<strong>\u00a0Hotelak<\/strong> edo Airbnb bertakoekin.<br \/>\nn<br \/>\nnOndoren, Los Haitises Parke Nazionaleko Portu Nagusitik abiatuko gara Ca\u00f1o Hondo (Deep Creek) Salbamendu-txakak dituen ITSASontzi batean. Mangladi Gorriaren basoaz gozatuko dugu San Lorentzo badiara iritsi arte. Badia txikia Saman\u00e1 badiara. Eta hemen goaz! Ikus dezakezun lehenengo gauza harrigarria Mogotes izeneko kareharrizko mendi uharte erraldoi baten bilduma da. horien gainean 700 landare espezie baino gehiago eta hezeguneetako hegazti asko inguruan hegan. Geroago, duela 750 urte gure komunitate indigenen piktogramekin haitzuloak bisitatuz.<br \/>\nn<br \/>\nnMangladietan eta San Lorentzoko badia irekiko Lurren barrena, basoko paisaia malkartsuari argazkiak ateratzeko. Begiratu urari antzemateko <em><strong>Manateak<\/strong><\/em>, krustazeoak eta <em><strong>izurdeak.<\/strong><\/em><br \/>\nn<\/p>\n<div class=\"body-description secondary\">\nn<br \/>\nParke nazionalaren izena jatorrizko biztanleengandik dator, Taino indiarrengandik. Haien hizkuntzan &quot;Haitises&quot; mendilerroak edo muinoak itzultzen dira, kostaldeko formazio geologiko aldapatsuak Kareharriekin. Abenturatu parkean sakondu, Cueva San Gabriel bezalako kobazuloak arakatzeko, <em><strong>Cueva de la Arena<\/strong><\/em> eta <strong><em>Cueva de la L\u00ednea.<\/em><\/strong> Erreserbako kobak aterpe gisa erabili zituzten taino indiarrek eta, geroago, piratak ezkutatzeko. Bilatu horma batzuk apaintzen dituzten indiarren marrazkiak. Los Haitises Parke Nazionala bisitatu ondoren gure bidaia hasi zen portura itzuliko gara.<br \/>\nn<br \/>\nn<\/div>\n<p>n&nbsp;<br \/>\nn<\/p>\n<h4><em><strong>Zer ekarri beharko zenuke?<\/strong><\/em><\/h4>\n<p>n<\/p>\n<ul>\nn \t<\/p>\n<li style=\"font-weight: 400;\"><span style=\"font-weight: 400;\">Kamera<\/span><\/li>\n<p>n \t<\/p>\n<li style=\"font-weight: 400;\"><span style=\"font-weight: 400;\">Kimuak uxatzeko<\/span><\/li>\n<p>n \t<\/p>\n<li style=\"font-weight: 400;\"><span style=\"font-weight: 400;\">eguzkitako krema<\/span><\/li>\n<p>n \t<\/p>\n<li style=\"font-weight: 400;\"><span style=\"font-weight: 400;\">Txapela<\/span><\/li>\n<p>n \t<\/p>\n<li style=\"font-weight: 400;\"><span style=\"font-weight: 400;\">Praka erosoak<\/span><\/li>\n<p>n \t<\/p>\n<li style=\"font-weight: 400;\"><span style=\"font-weight: 400;\">Basorako mendiko oinetakoak<\/span><\/li>\n<p>n \t<\/p>\n<li style=\"font-weight: 400;\"><span style=\"font-weight: 400;\">Sandaliak Udaberriko guneetara.<\/span><\/li>\n<p>n \t<\/p>\n<li style=\"font-weight: 400;\"><span style=\"font-weight: 400;\">Igeriketa arropa<\/span><\/li>\n<p>n<\/ul>\n<p>n&nbsp;<br \/>\nn<\/p>\n<h4><b><i>Hoteleko bilketa <\/i><\/b><\/h4>\n<p>n<span style=\"font-weight: 400;\">Hotelaren bilketa Bayahiben edo La Romanan bazaude eskaintzen da.<\/span><br \/>\nn<br \/>\nn&nbsp;<br \/>\nn<br \/>\nn<b>Ohar:<\/b><span style=\"font-weight: 400;\"> Txangoaren irteera ordutik 24 orduko epean erreserbatzen baduzu, hotelaren bilketa antola dezakegu aparteko Kargoekin Miches edo Sabana de la mar hoteletan ez bazaude. Erosketa amaitutakoan, harremanetarako informazio osoa bidaliko dizugu (telefono zenbakia, helbide elektronikoa, etab.) gure tokiko Tour gidari bilketa-antolaketak antola ditzan.<\/span><br \/>\nn<\/p>\n<h4><b><i>Informazio gehigarria berrespena <\/i><\/b><\/h4>\n<p>n<\/p>\n<ol>\nn \t<\/p>\n<li>Sarrerak Tour hau ordaindu ondoren ordainagiria dira. Ordainketa zure telefonoan erakutsi dezakezu.<\/li>\n<p>n \t<\/p>\n<li style=\"font-weight: 400;\"><span style=\"font-weight: 400;\">Topagunea Erreserba Prozesuaren ondoren jasoko da.<\/span><\/li>\n<p>n \t<\/p>\n<li style=\"font-weight: 400;\"><span style=\"font-weight: 400;\">Haurrak heldu batekin joan behar dira.<\/span><\/li>\n<p>n \t<\/p>\n<li style=\"font-weight: 400;\"><span style=\"font-weight: 400;\"> Ez dago gurpil-aulkirako sarbidea <\/span><\/li>\n<p>n \t<\/p>\n<li style=\"font-weight: 400;\"><span style=\"font-weight: 400;\">Haurrak magalean eseri behar dira <\/span><\/li>\n<p>n \t<\/p>\n<li style=\"font-weight: 400;\"><span style=\"font-weight: 400;\">Ez da gomendagarria bizkarreko arazoak dituzten bidaiarientzat<\/span><\/li>\n<p>n \t<\/p>\n<li style=\"font-weight: 400;\"><span style=\"font-weight: 400;\">Ez da gomendagarria haurdun dauden bidaiarientzat <\/span><\/li>\n<p>n \t<\/p>\n<li style=\"font-weight: 400;\"><span style=\"font-weight: 400;\"> Ez dago bihotzeko arazorik edo beste baldintza mediko larririk <\/span><\/li>\n<p>n \t<\/p>\n<li style=\"font-weight: 400;\"><span style=\"font-weight: 400;\">Bidaiari gehienek parte har dezakete<\/span><\/li>\n<p>n<\/ol>\n<p>n<\/p>\n<h4><b><i>Baliogabetze politika<\/i><\/b><\/h4>\n<p>Itzulketa osoa lortzeko, irakurri gure Ezeztapen-politikak\u00a0<a href=\"https:\/\/www.boattoursamana.com\/eu\/lineako-erreserba\/\" target=\"_blank\" rel=\"noopener\" data-saferedirecturl=\"https:\/\/www.google.com\/url?q=https:\/\/www.boattoursamana.com\/online-booking\/&amp;source=gmail&amp;ust=1672449202351000&amp;usg=AOvVaw1yAeVAPktmaVCqDujgUn90\">Klikatu hemen<\/a>. Funtsak galduko dira erreserba bidaiaren egun berean bertan behera uzten bada.<\/p>\n\n\t\t<\/div>\n\t<\/div>\n<\/div><\/div><\/div><\/div><div class=\"vc_row wpb_row vc_row-fluid\" ><div class=\"wpb_column vc_column_container vc_col-sm-12\"><div class=\"vc_column-inner\"><div class=\"wpb_wrapper\"><div class=\"vc_empty_space\"   style=\"height: 32px\"><span class=\"vc_empty_space_inner\"><\/span><\/div>\n\t<div class=\"wpb_text_column wpb_content_element\" >\n\t\t<div class=\"wpb_wrapper\">\n\t\t\t<p>\nn<\/p>\n<h4>Jarri gurekin harremanetan?<\/h4>\n<p>n<\/p>\n<h5>Erreserba Abenturak<\/h5>\n<p>n<em><strong>Bertakoak<\/strong>\u00a0eta\u00a0<strong>Nazionalak<\/strong>\u00a0Bisita gidatuak eta gonbidatuentzako zerbitzuak<\/em><br \/>\nn<br \/>\nn<span class=\"text-turquoise\">Erreserbak:<\/span>\u00a0Bisitak eta txangoak Dom-en. Errep.<br \/>\nn<br \/>\nn<img decoding=\"async\" class=\"emoji\" draggable=\"false\" src=\"https:\/\/s.w.org\/images\/core\/emoji\/11.2.0\/svg\/1f4de.svg\" alt=\" \" title=\"\">\u00a0Tel \/ Whatsapp\u00a0\u00a0<a href=\"tel:+1-809-720-6035\">+1-809-720-6035<\/a>.<br \/>\nn<br \/>\nn<img decoding=\"async\" class=\"emoji\" draggable=\"false\" src=\"https:\/\/s.w.org\/images\/core\/emoji\/11.2.0\/svg\/1f4e9.svg\" alt=\" \" title=\"\">\u00a0<a href=\"mailto:info@bookingadventures.com.do\">info@bookingadventures.com.do<\/a><br \/>\nn<br \/>\nn<strong>Whatsapp bidez bisita pribatuak ezartzen malguak gara:\u00a0<a href=\"tel:+18097206035\">+18097206035.<\/a><\/strong><\/p>\n\n\t\t<\/div>\n\t<\/div>\n<div class=\"vc_empty_space\"   style=\"height: 32px\"><span class=\"vc_empty_space_inner\"><\/span><\/div><\/div><\/div><\/div><\/div><div class=\"vc_row wpb_row vc_row-fluid\" ><div class=\"wpb_column vc_column_container vc_col-sm-12\"><div class=\"vc_column-inner\"><div class=\"wpb_wrapper\"><div class=\"mkdf-section-title-holder\" style=\"text-align: left\">\n\t<div class=\"mkdf-st-inner\">\n\t\t\t\t\t<h5 class=\"mkdf-st-subtitle\" >\n\t\t\t\tIbilbideak eta txangoak Cano Hondo inguruan\t\t\t<\/h5>\n\t\t\t\t\t\t\t<h3 class=\"mkdf-st-title\" >\n\t\t\t\tCano Hondo Irteerak\t\t\t<\/h3>\n\t\t\t\t\t\t\t<p class=\"mkdf-st-text\" >\n\t\t\t\tCano Hondo eremuan bisitak eta txangoak egiteko beste aukera batzuk. Sabana de la mar, Dominikanako Errepublika.\t\t\t<\/p>\n\t\t\t<\/div>\n<\/div><div class=\"woocommerce columns-4\"><ul class=\"products columns-4\">\n<li class=\"product type-product post-8237 status-publish first instock product_cat-tours-excursions-los-haitises-national-park product_cat-1-sabana-de-la-mar product_cat-caves product_cat-hiking product_cat-kayaking product_cat-kayaking-los-haitises product_cat-local-tour-guides product_cat-mangroves product_cat-swimming-natural-springs product_cat-tours-and-excursions product_cat-tours-excursions-samana-bay-dominican-republic product_tag-cano-hondo product_tag-cano-hondo-hotel product_tag-cano-hondo-river product_tag-day-tour-cano-hondo product_tag-kayak-dominican-republic product_tag-kayak-los-haitises product_tag-kayak-tour product_tag-kayaking product_tag-los-haitises product_tag-los-haitises-national-park product_tag-sabana-de-la-mar product_tag-samana-excursions product_tag-samana-tours has-post-thumbnail sale shipping-taxable product-type-external\">\n\t<div class=\"mkdf-pl-inner\"><div class=\"mkdf-pl-image\"><div class=\"mkdf-pl-text\"><div class=\"mkdf-pl-text-outer\"><div class=\"mkdf-pl-text-inner\"><a href=\"https:\/\/bookingadventures.tours\/booking.php?tour_id=76244158e4bf48f84872b711d82fa754\" data-quantity=\"1\" class=\"button wp-element-button product_type_external\" data-product_id=\"8237\" data-product_sku=\"\" aria-label=\"ERRESERBATU ORAIN\" rel=\"nofollow noopener\">ERRESERBATU ORAIN<\/a><\/div><\/div><\/div><\/div><a href=\"https:\/\/www.boattoursamana.com\/eu\/bira\/kayakean-los-haitisesen-gida-gidatuarekin-cano-hondo-2tik\" class=\"woocommerce-LoopProduct-link woocommerce-loop-product__link\"><\/a><\/div><div class=\"mkdf-pl-text-wrapper\"><div class=\"mkdf-pl-rating-holder\"><\/div><h4 class=\"mkdf-product-list-title\"><a href=\"https:\/\/www.boattoursamana.com\/eu\/bira\/kayakean-los-haitisesen-gida-gidatuarekin-cano-hondo-2tik\">2 Ordu Kayak Los Haitises<\/a><\/h4>\n\t<span class=\"price\"><del aria-hidden=\"true\"><span class=\"woocommerce-Price-amount amount\"><bdi><span class=\"woocommerce-Price-currencySymbol\">&#36;<\/span>59.00<\/bdi><\/span><\/del> <ins><span class=\"woocommerce-Price-amount amount\"><bdi><span class=\"woocommerce-Price-currencySymbol\">&#36;<\/span>43.50<\/bdi><\/span><\/ins><\/span>\n<\/div><\/li><li class=\"product type-product post-8855 status-publish instock product_cat-kayaking product_cat-1-sabana-de-la-mar product_cat-kayaking-los-haitises product_cat-tours-excursions-los-haitises-national-park product_cat-tours-excursions-samana-bay-dominican-republic product_tag-cano-hondo product_tag-cano-hondo-hotel product_tag-day-tour-cano-hondo product_tag-kayak-dominican-republic product_tag-kayaking-dominican-republic product_tag-kayaking-los-haitises product_tag-kayaks product_tag-los-haitises product_tag-los-haitises-national-park product_tag-los-haitises-tours product_tag-private-tours-samana product_tag-sabana-de-la-mar product_tag-samana-bay product_tag-samana-excursions has-post-thumbnail sale sold-individually shipping-taxable product-type-external\">\n\t<div class=\"mkdf-pl-inner\"><div class=\"mkdf-pl-image\"><div class=\"mkdf-pl-text\"><div class=\"mkdf-pl-text-outer\"><div class=\"mkdf-pl-text-inner\"><a href=\"https:\/\/bookingadventures.tours\/booking.php?tour_id=a9cb493d865c3629426ab07d6bacff97\" data-quantity=\"1\" class=\"button wp-element-button product_type_external\" data-product_id=\"8855\" data-product_sku=\"\" aria-label=\"ERRESERBATU ORAIN\" rel=\"nofollow noopener\">ERRESERBATU ORAIN<\/a><\/div><\/div><\/div><\/div><a href=\"https:\/\/www.boattoursamana.com\/eu\/bira\/kayak-en-los-haitis-en-bidai-gidarekin-cano-hondotik-4-ordu\" class=\"woocommerce-LoopProduct-link woocommerce-loop-product__link\"><\/a><\/div><div class=\"mkdf-pl-text-wrapper\"><div class=\"mkdf-pl-rating-holder\"><\/div><h4 class=\"mkdf-product-list-title\"><a href=\"https:\/\/www.boattoursamana.com\/eu\/bira\/kayak-en-los-haitis-en-bidai-gidarekin-cano-hondotik-4-ordu\">4 Orduak Kayak Los Haitises<\/a><\/h4>\n\t<span class=\"price\"><del aria-hidden=\"true\"><span class=\"woocommerce-Price-amount amount\"><bdi><span class=\"woocommerce-Price-currencySymbol\">&#36;<\/span>70.00<\/bdi><\/span><\/del> <ins><span class=\"woocommerce-Price-amount amount\"><bdi><span class=\"woocommerce-Price-currencySymbol\">&#36;<\/span>53.50<\/bdi><\/span><\/ins><\/span>\n<\/div><\/li><li class=\"product type-product post-9453 status-publish instock product_cat-1-sabana-de-la-mar product_cat-lunch product_cat-natural-pools-los-haitises product_cat-uncategorized product_tag-altos-cano-hondo product_tag-cano-hondo product_tag-cano-hondo-day-pass product_tag-cano-hondo-sabana-de-la-mar product_tag-los-haitises product_tag-los-haitises-national-park product_tag-los-haitises-tours product_tag-paraiso-cano-hondo product_tag-parque-los-haitises product_tag-sabana-de-la-mar product_tag-samana product_tag-samana-tours has-post-thumbnail sale sold-individually shipping-taxable product-type-external\">\n\t<div class=\"mkdf-pl-inner\"><div class=\"mkdf-pl-image\"><div class=\"mkdf-pl-text\"><div class=\"mkdf-pl-text-outer\"><div class=\"mkdf-pl-text-inner\"><a href=\"https:\/\/bookingadventures.tours\/booking.php?tour_id=3719146a2c28905b1a2543d5d4629073\" data-quantity=\"1\" class=\"button wp-element-button product_type_external\" data-product_id=\"9453\" data-product_sku=\"\" aria-label=\"ERRESERBATU ORAIN\" rel=\"nofollow noopener\">ERRESERBATU ORAIN<\/a><\/div><\/div><\/div><\/div><a href=\"https:\/\/www.boattoursamana.com\/eu\/bira\/eguneko-abonua-cano-hondo-igerileku-naturalak-bazkaria-barne-2\" class=\"woocommerce-LoopProduct-link woocommerce-loop-product__link\"><\/a><\/div><div class=\"mkdf-pl-text-wrapper\"><div class=\"mkdf-pl-rating-holder\"><\/div><h4 class=\"mkdf-product-list-title\"><a href=\"https:\/\/www.boattoursamana.com\/eu\/bira\/eguneko-abonua-cano-hondo-igerileku-naturalak-bazkaria-barne-2\">Eguneko txartela Ca\u00f1o Hondo \u2013 Igerileku naturalak eta bazkaria barne<\/a><\/h4>\n\t<span class=\"price\"><del aria-hidden=\"true\"><span class=\"woocommerce-Price-amount amount\"><bdi><span class=\"woocommerce-Price-currencySymbol\">&#36;<\/span>40.00<\/bdi><\/span><\/del> <ins><span class=\"woocommerce-Price-amount amount\"><bdi><span class=\"woocommerce-Price-currencySymbol\">&#36;<\/span>25.00<\/bdi><\/span><\/ins><\/span>\n<\/div><\/li><li class=\"product type-product post-8219 status-publish last instock product_cat-tours-excursions-samana-bay-dominican-republic product_cat-1-samana product_cat-boat-trip-los-haitises product_cat-caves product_cat-hiking product_cat-kayaking product_cat-local-tour-guides product_cat-lunch product_cat-mangroves product_cat-natural-pools-los-haitises product_cat-swimming-natural-springs product_cat-tours-and-excursions product_cat-tours-excursions-los-haitises-national-park product_tag-cano-hondo product_tag-cano-hondo-hotel product_tag-cano-hondo-tours product_tag-day-tour-cano-hondo product_tag-los-haitises product_tag-los-haitises-national-park product_tag-mangroves-los-haitises product_tag-samana-bay product_tag-samana-excursions product_tag-samana-tours has-post-thumbnail sale sold-individually shipping-taxable product-type-external\">\n\t<div class=\"mkdf-pl-inner\"><div class=\"mkdf-pl-image\"><div class=\"mkdf-pl-text\"><div class=\"mkdf-pl-text-outer\"><div class=\"mkdf-pl-text-inner\"><a href=\"https:\/\/bookingadventures.tours\/booking.php?tour_id=115599b2f3856c5f8f20eead7f885855\" data-quantity=\"1\" class=\"button wp-element-button product_type_external\" data-product_id=\"8219\" data-product_sku=\"\" aria-label=\"ERRESERBATU ORAIN\" rel=\"nofollow noopener\">ERRESERBATU ORAIN<\/a><\/div><\/div><\/div><\/div><a href=\"https:\/\/www.boattoursamana.com\/eu\/bira\/los-haitises-parke-nazionalean-bazkaria-cano-hondo-samanako-portutik\" class=\"woocommerce-LoopProduct-link woocommerce-loop-product__link\"><\/a><\/div><div class=\"mkdf-pl-text-wrapper\"><div class=\"mkdf-pl-rating-holder\"><\/div><h4 class=\"mkdf-product-list-title\"><a href=\"https:\/\/www.boattoursamana.com\/eu\/bira\/los-haitises-parke-nazionalean-bazkaria-cano-hondo-samanako-portutik\">Los Haitises Parke Nazionala + Bazkaria Ca\u00f1o Hondon Samanako portutik.<\/a><\/h4>\n\t<span class=\"price\"><del aria-hidden=\"true\"><span class=\"woocommerce-Price-amount amount\"><bdi><span class=\"woocommerce-Price-currencySymbol\">&#36;<\/span>150.00<\/bdi><\/span><\/del> <ins><span class=\"woocommerce-Price-amount amount\"><bdi><span class=\"woocommerce-Price-currencySymbol\">&#36;<\/span>97.50<\/bdi><\/span><\/ins><\/span>\n<\/div><\/li><\/ul>\n<\/div><\/div><\/div><\/div><\/div><div class=\"vc_row wpb_row vc_row-fluid\" ><div class=\"wpb_column vc_column_container vc_col-sm-12\"><div class=\"vc_column-inner\"><div class=\"wpb_wrapper\"><div class=\"vc_btn3-container vc_btn3-inline\" ><button class=\"vc_general vc_btn3 vc_btn3-size-md vc_btn3-shape-rounded vc_btn3-style-modern vc_btn3-color-green\">ERRESERBATU ORAIN<\/button><\/div><\/div><\/div><\/div><\/div>","protected":false},"excerpt":{"rendered":"<p>Lowest price to visit Los Haitises National Park from Bayahibe with Locals. The Trip starts in the Main Port of\u00a0 The Haitises National Park. The trip can start from 6:00 Am to\u00a0 8:00 am. Pick up at Bayahibe areas. Local Tour Guide that knows the original History of the gorgeous National Park will be on your trip. n nLuego partimos desde el puerto principal del Parque Nacional Los Haitises nombre Ca\u00f1o Hondo (Deep Creek) en un BARCO con chalecos salvavidas. [&hellip;]<\/p>\n","protected":false},"author":2,"featured_media":0,"parent":0,"menu_order":0,"comment_status":"open","ping_status":"closed","template":"","meta":{"footnotes":""},"class_list":["post-15825","page","type-page","status-publish","hentry"],"_links":{"self":[{"href":"https:\/\/www.boattoursamana.com\/eu\/wp-json\/wp\/v2\/pages\/15825","targetHints":{"allow":["GET"]}}],"collection":[{"href":"https:\/\/www.boattoursamana.com\/eu\/wp-json\/wp\/v2\/pages"}],"about":[{"href":"https:\/\/www.boattoursamana.com\/eu\/wp-json\/wp\/v2\/types\/page"}],"author":[{"embeddable":true,"href":"https:\/\/www.boattoursamana.com\/eu\/wp-json\/wp\/v2\/users\/2"}],"replies":[{"embeddable":true,"href":"https:\/\/www.boattoursamana.com\/eu\/wp-json\/wp\/v2\/comments?post=15825"}],"version-history":[{"count":0,"href":"https:\/\/www.boattoursamana.com\/eu\/wp-json\/wp\/v2\/pages\/15825\/revisions"}],"wp:attachment":[{"href":"https:\/\/www.boattoursamana.com\/eu\/wp-json\/wp\/v2\/media?parent=15825"}],"curies":[{"name":"wp","href":"https:\/\/api.w.org\/{rel}","templated":true}]}}