{"id":15830,"date":"2023-07-15T07:44:42","date_gmt":"2023-07-15T07:44:42","guid":{"rendered":"https:\/\/www.ticketswhales.com\/las-galeras-las-7-playas-escondidas-de-samana-the-7-hidden-beaches-in-samana\/"},"modified":"2023-07-15T07:44:42","modified_gmt":"2023-07-15T07:44:42","slug":"las-galeras-las-7-playas-escondidas-de-samana-the-7-hidden-beaches-in-samana","status":"publish","type":"page","link":"https:\/\/www.boattoursamana.com\/eu\/las-galeras-las-7-playas-escondidas-de-samana-samaneko-7-hondartza-ezkutuak","title":{"rendered":"Las Galeras: Las 7 Playas Escondidas de Saman\u00e1 - Saman\u00e1ko 7 hondartzak ezkutuak"},"content":{"rendered":"<p><span style=\"vertical-align: inherit;\"><span style=\"vertical-align: inherit;\">Si est\u00e1 visitando Saman\u00e1 y le gusta tener una verdadera experiencia local haciendo senderismo, un viaje en barco m\u00e1s almuerzo en la playa de Rinc\u00f3n, este es el viaje que necesita hacer. <\/span><span style=\"vertical-align: inherit;\">Bisitatu las 7 playas escondidas de Saman\u00e1 en el \u00e1rea de Las Galeras, donde tambi\u00e9n puede visitar una cueva y tomar excelentes videos o fotos para recuerdos incre\u00edbles.<\/span><\/span><br \/>\nn<br \/>\nn<strong><span style=\"vertical-align: inherit;\"><span style=\"vertical-align: inherit;\">Aukeratu data para el Tour:\u00a0<\/span><\/span><\/strong><\/p>\n<p>&nbsp;<\/p>\n<div class=\"vc_row wpb_row vc_row-fluid\" ><div class=\"wpb_column vc_column_container vc_col-sm-12\"><div class=\"vc_column-inner\"><div class=\"wpb_wrapper\"><div class=\"mkdf-section-title-holder\" style=\"text-align: left\">\n\t<div class=\"mkdf-st-inner\">\n\t\t\t\t\t<h5 class=\"mkdf-st-subtitle\" >\n\t\t\t\tBazkaria, Itsasontziz Ibilaldia eta Hoteletatik Garraio Pribatua.\t\t\t<\/h5>\n\t\t\t\t\t\t\t<h3 class=\"mkdf-st-title\" >\n\t\t\t\tPlaya Rinc\u00f3n, Playa Fronton + Playa Madame hondartza, Saman\u00e1 - Dominikar Errepublika.\t\t\t<\/h3>\n\t\t\t\t\t<\/div>\n<\/div>\n\t<div class=\"wpb_text_column wpb_content_element\" >\n\t\t<div class=\"wpb_wrapper\">\n\t\t\t<p>\nn<\/p>\n<h3>Playa Calet\u00f3n, Playa Escondida, Playa Colorado, Playa del Amor, Playa La Vaca, Playa la Playita Playa Brem\u00e1n.<\/h3>\n<p>n<\/p>\n<h4><b><i>Ikuspegi orokorra <\/i><\/b><\/h4>\n<p>ez Saman\u00e1 penintsulako txango ederrenetakoa.<br \/>\nn<br \/>\nn<span class=\"Y2IQFc\" lang=\"en\">Samanako ezkutuko 7 hondartzak, Samana penintsulan kokatuak eta historiaren sekretu ederrak gordetzen dituzte, eta, gainera, toki hauek ezagututa herri baten biziraupenerako ezinbestekoa den tokiko ekonomiari laguntzen diogu.<\/span><br \/>\nn<br \/>\nnSartu giro paregabean itsasontzian 7 hondartza bisitatuz, Kostaldeko kobazulo txiki batean ere mendi-ibilaldia. Hondartza batzuetara koralezko arrezife batez inguratuta dauden itsasontziz bakarrik iristen dira, eta horren inguruan snorkel egin dezakezu, arrainekin igeri egin eta bertako koralak ezagutu eta paisaia zoragarriaz lasaitu eta gozatu dezakezu. Erlaxatu, igeri egin eta gero irteera Playa colorado-ra, snorkeling egiteko beste hondartza ezin hobea, non kobazulo bat bisitatu eta bideo edo Argazki bikainak atera ditzakezun oroitzapen ikaragarriak lortzeko.<br \/>\nn<br \/>\nnBehatzak hondarrean bazkalduko dituzu Merengue eta Bachataren soinuan, \u201cEl Paraiso\u201d \u2013Oihanaren aurreko azken jatetxean\u2013, eta bertan otordu osoa eskainiko dizute, arrain plater bat barne, bertako edari eta koktelekin lagunduta. Bueltan El Rincon hondartzan geldituko gara, hemen herrialdeko hondartza ederrenetakotzat hartzen den perla natural bat aurkituko duzu. Hondar zuri eta finak, itsaso turkesak eta metroko altuera duten palmondoek hitz egiten dute.<br \/>\nn<br \/>\nn&nbsp;<br \/>\nn<\/p>\n<ul>\nn \t<\/p>\n<li><span style=\"font-weight: 400;\">Inguruko Segurtasun esperientzia duen Local Guide.<\/span><\/li>\n<p>n \t<\/p>\n<li style=\"font-weight: 400;\">Tasak barne<\/li>\n<p>n \t<\/p>\n<li>Bazkaria Hondartzan<\/li>\n<p>n \t<\/p>\n<li>Txalupa ibilaldia<\/li>\n<p>n \t<\/p>\n<li style=\"font-weight: 400;\">Tokiko Tour Guide gaztelaniaz, ingelesez edo frantsesez.<\/li>\n<p>n \t<\/p>\n<li>Mendi ibilaldiak<\/li>\n<p>n \t<\/p>\n<li>igeriketa<\/li>\n<p>n<\/ul>\n<p>n&nbsp;<br \/>\nn<\/p>\n<h4><b>Inklusioak eta bazterketak<\/b><\/h4>\n<p>n&nbsp;<br \/>\nn<br \/>\nn<b>Inklusioak<\/b><br \/>\nn<\/p>\n<ol>\nn \t<\/p>\n<li><span style=\"font-weight: 400;\">Inguruko Segurtasun esperientzia duen Local Guide.<\/span><\/li>\n<p>n \t<\/p>\n<li style=\"font-weight: 400;\">El Rincon hondartza<\/li>\n<p>n \t<\/p>\n<li>Colorado hondartza<\/li>\n<p>n \t<\/p>\n<li>La Playita hondartza<\/li>\n<p>n \t<\/p>\n<li>La Vaca hondartza<\/li>\n<p>n \t<\/p>\n<li>Breman hondartza<\/li>\n<p>n \t<\/p>\n<li>Mariano hondartza<\/li>\n<p>n \t<\/p>\n<li>Caleton hondartza<\/li>\n<p>n \t<\/p>\n<li style=\"font-weight: 400;\"><span style=\"font-weight: 400;\">Zerga, tasa eta kudeaketa-gastu guztiak<\/span><\/li>\n<p>n \t<\/p>\n<li style=\"font-weight: 400;\"><span style=\"font-weight: 400;\">Tokiko zergak<\/span><\/li>\n<p>n \t<\/p>\n<li>Bazkaria Hondartzan<\/li>\n<p>n \t<\/p>\n<li>Mendi ibilaldiak<\/li>\n<p>n \t<\/p>\n<li style=\"font-weight: 400;\"><span style=\"font-weight: 400;\">Jarduera guztiak<\/span><\/li>\n<p>n<\/ol>\n<p>n<b> Bazterketak<\/b><br \/>\nn<\/p>\n<ol>\nn \t<\/p>\n<li style=\"font-weight: 400;\"><span style=\"font-weight: 400;\">Doanak<\/span><\/li>\n<p>n<\/ol>\n<p>n<\/p>\n<h4><em><strong>Irteera eta Itzulera<\/strong><\/em><\/h4>\n<p>n<span style=\"font-weight: 400;\">Bidaiariak bilgune bat lortuko du Erreserba Prozesuaren ondoren. Bisitak gure topaguneetan hasi eta amaitu.<\/span><br \/>\nn<\/p>\n<h3>Playa Calet\u00f3n, Playa Escondida, Playa Colorado, Playa del Amor, Playa La Vaca, Playa la Playita Playa Brem\u00e1n.<\/h3>\n<p>n<\/p>\n<h4><b><i>Zer espero?<\/i><\/b><\/h4>\n<p>n<em><strong>Eskuratu zure sarrerak<\/strong><\/em> Dominikar Errepublikako hondartza berezienetako 7 bisitatzeagatik. Irteera bidaiaren topagunea Las Galeras eremuan dago egun bakarrean ibilaldiak eta igeriketa 7 hondartzak gehi el Rincon hondartza. Lehenik eta behin, Duarteko kobazuloa bisitatuko dugu, senderismoa, eta las Galeraseko kobarik ederrena ikusiko dugu. Kobazulo honek 900 metro ditu, 2 sarrera ezberdin ditu paisaia bera errepikatu ez dadin.<br \/>\nn<br \/>\nnKobazuloa bisitatu ondoren txalupa motorra itzuliko gara Playa Caleton bisitatzera, hau da Samanan gehien aipatzen den hondartza bat, ur garbiak direla eta. Igerian eta hondartza honetaz gozatuko dugu lehenik eta behin Playa del Amor-en bidaia jarraitzeko.<br \/>\nn<br \/>\nn<strong>hondartza 7<\/strong><br \/>\nn<br \/>\nnPlaya Rinc\u00f3n hondar zuri-zerrenda hondatu gabeko bat da, 2,5 milia (4 kilometro) inguru hedatzen dituena kostaldearen zati garatu gabeko batean zehar. Koko palmondoen ertz batek mugatuta eta bi muturretan mendi eta labar tontorrez itxita, hondartza bakartu hau benetako utopia bat sentitzen da, zibilizaziotik moztuta.<br \/>\nn<br \/>\nnEl Rincon hondartzaren ondoren abiadura txalupan itzuliko gara Las Galeras topagunera!<br \/>\nn<br \/>\nn \u201cReserba Abenturak\u201d-k antolatutako ibilaldia gure Gidariarekin ezarritako topagunetik hasten da. Zatoz Booking Adventures-ekin eta bazkaldu hondartzan eta gozatu Dominikar Errepublikako Samanako 7 hondartza harrigarrienez.<br \/>\nn<\/p>\n<div class=\"body-description secondary\">\nn<br \/>\nn&nbsp;<br \/>\nn<br \/>\nn<\/div>\n<p>n<\/p>\n<h4><em><strong>Zer ekarri beharko zenuke?<\/strong><\/em><\/h4>\n<p>n<\/p>\n<ul>\nn \t<\/p>\n<li style=\"font-weight: 400;\"><span style=\"font-weight: 400;\">Kamera<\/span><\/li>\n<p>n \t<\/p>\n<li style=\"font-weight: 400;\"><span style=\"font-weight: 400;\">Kimuak uxatzeko<\/span><\/li>\n<p>n \t<\/p>\n<li style=\"font-weight: 400;\"><span style=\"font-weight: 400;\">Eguzkitako krema<\/span><\/li>\n<p>n \t<\/p>\n<li>Ura<\/li>\n<p>n \t<\/p>\n<li style=\"font-weight: 400;\"><span style=\"font-weight: 400;\">Txapela<\/span><\/li>\n<p>n \t<\/p>\n<li style=\"font-weight: 400;\"><span style=\"font-weight: 400;\">Praka erosoak<\/span><\/li>\n<p>n \t<\/p>\n<li style=\"font-weight: 400;\"><span style=\"font-weight: 400;\">Basorako mendiko oinetakoak<\/span><\/li>\n<p>n \t<\/p>\n<li style=\"font-weight: 400;\"><span style=\"font-weight: 400;\">Sandaliak Udaberriko guneetara.<\/span><\/li>\n<p>n \t<\/p>\n<li style=\"font-weight: 400;\"><span style=\"font-weight: 400;\">Igeriketa arropa<\/span><\/li>\n<p>n<\/ul>\n<p>n&nbsp;<br \/>\nn<\/p>\n<h4><b><i>Hoteleko bilketa <\/i><\/b><\/h4>\n<p>n<span style=\"font-weight: 400;\">Ibilbide honetan hoteleko bilketa ez dago barne. <\/span><br \/>\nn<br \/>\nn&nbsp;<br \/>\nn<br \/>\nn<b>Ohar:<\/b><span style=\"font-weight: 400;\"> Txangoaren irteera ordutik 24 orduko epean erreserbatzen baduzu, hoteleko bilketa antola dezakegu kostu gehigarriarekin. Samana inguruan besterik ez dugu jasotzen. Erosketa amaitutakoan, harremanetarako informazio osoa bidaliko dizugu (telefono-zenbakia, helbide elektronikoa, etab.) gure tokiko Tour gidari bilketa-antolaketak antola ditzan.<\/span><br \/>\nn<\/p>\n<h4><b><i>Informazio gehigarria berrespena <\/i><\/b><\/h4>\n<p>n<\/p>\n<ol>\nn \t<\/p>\n<li>Sarrerak Tour hau ordaindu ondoren ordainagiria dira. Ordainketa zure telefonoan erakutsi dezakezu.<\/li>\n<p>n \t<\/p>\n<li style=\"font-weight: 400;\"><span style=\"font-weight: 400;\">Topagunea Erreserba Prozesuaren ondoren jasoko da.<\/span><\/li>\n<p>n \t<\/p>\n<li style=\"font-weight: 400;\"><span style=\"font-weight: 400;\">Haurrak heldu batekin joan behar dira.<\/span><\/li>\n<p>n \t<\/p>\n<li style=\"font-weight: 400;\"><span style=\"font-weight: 400;\"> Ez dago gurpil-aulkirako sarbidea <\/span><\/li>\n<p>n \t<\/p>\n<li style=\"font-weight: 400;\"><span style=\"font-weight: 400;\">Haurrak magalean eseri behar dira <\/span><\/li>\n<p>n \t<\/p>\n<li style=\"font-weight: 400;\"><span style=\"font-weight: 400;\">Ez da gomendagarria bizkarreko arazoak dituzten bidaiarientzat<\/span><\/li>\n<p>n \t<\/p>\n<li style=\"font-weight: 400;\"><span style=\"font-weight: 400;\">Ez da gomendagarria haurdun dauden bidaiarientzat <\/span><\/li>\n<p>n \t<\/p>\n<li style=\"font-weight: 400;\"><span style=\"font-weight: 400;\"> Ez dago bihotzeko arazorik edo beste baldintza mediko larririk <\/span><\/li>\n<p>n \t<\/p>\n<li style=\"font-weight: 400;\"><span style=\"font-weight: 400;\">Bidaiari gehienek parte har dezakete<\/span><\/li>\n<p>n<\/ol>\n<p>n<\/p>\n<h4><b><i>Baliogabetze politika<\/i><\/b><\/h4>\n<p>Itzulketa osoa lortzeko, irakurri gure Ezeztapen-politikak\u00a0<a href=\"https:\/\/www.boattoursamana.com\/eu\/lineako-erreserba\/\" target=\"_blank\" rel=\"noopener\" data-saferedirecturl=\"https:\/\/www.google.com\/url?q=https:\/\/www.boattoursamana.com\/online-booking\/&amp;source=gmail&amp;ust=1672449202351000&amp;usg=AOvVaw1yAeVAPktmaVCqDujgUn90\">Klikatu hemen<\/a>. Funtsak galduko dira erreserba bidaiaren egun berean bertan behera uzten bada.<\/p>\n\n\t\t<\/div>\n\t<\/div>\n<\/div><\/div><\/div><\/div><div class=\"vc_row wpb_row vc_row-fluid\" ><div class=\"wpb_column vc_column_container vc_col-sm-12\"><div class=\"vc_column-inner\"><div class=\"wpb_wrapper\">\n\t<div class=\"wpb_video_widget wpb_content_element vc_clearfix   vc_video-aspect-ratio-169 vc_video-el-width-100 vc_video-align-left\" >\n\t\t<div class=\"wpb_wrapper\">\n\t\t\t<h2 class=\"wpb_heading wpb_video_heading\">Boca del diablo eta Fronton hondartza<\/h2>\n\t\t\t<div class=\"wpb_video_wrapper\"><iframe loading=\"lazy\" title=\"Saman\u00e1 penintsula, Dominikar Errepublika (DJI Phantom 4 4K)\" width=\"1100\" height=\"619\" src=\"https:\/\/www.youtube.com\/embed\/DYDXVm8Q_iM?feature=oembed\" frameborder=\"0\" allow=\"accelerometer; autoplay; clipboard-write; encrypted-media; gyroscope; picture-in-picture; web-share\" allowfullscreen><\/iframe><\/div>\n\t\t<\/div>\n\t<\/div>\n<\/div><\/div><\/div><\/div><div class=\"vc_row wpb_row vc_row-fluid\" ><\/div><div class=\"wpb_column vc_column_container vc_col-sm-12\"><div class=\"vc_column-inner\"><div class=\"wpb_wrapper\"><\/div><\/div><\/div><div class=\"vc_empty_space\"   style=\"height: 32px\"><span class=\"vc_empty_space_inner\"><\/span><\/div>\n\t<div class=\"wpb_text_column wpb_content_element\" >\n\t\t<div class=\"wpb_wrapper\">\n\t\t\t<p>\nn<br \/>\nTestu blokea naiz. Egin klik editatu botoian testu hau aldatzeko. Lorem ipsum dolor sit amet, consectetur adipiscing elit. Ut elit tellus, luctus nec ullamcorper mattis, pulvinar dapibus leo.<br \/>\nn<br \/>\nn<\/p>\n\n\t\t<\/div>\n\t<\/div>\n<div class=\"vc_empty_space\"   style=\"height: 32px\"><span class=\"vc_empty_space_inner\"><\/span><\/div>","protected":false},"excerpt":{"rendered":"<p>Si est\u00e1 visitando Saman\u00e1 y le gusta tener una verdadera experiencia local haciendo senderismo, un viaje en barco m\u00e1s almuerzo en la playa de Rinc\u00f3n, este es el viaje que necesita hacer. Bisitatu las 7 playas escondidas de Saman\u00e1 en el \u00e1rea de Las Galeras, donde tambi\u00e9n puede visitar una cueva y tomar excelentes videos o fotos para recuerdos incre\u00edbles. n nSeleccione la fecha para el Tour:\u00a0 &nbsp;<\/p>","protected":false},"author":2,"featured_media":0,"parent":0,"menu_order":0,"comment_status":"open","ping_status":"closed","template":"","meta":{"footnotes":""},"class_list":["post-15830","page","type-page","status-publish","hentry"],"_links":{"self":[{"href":"https:\/\/www.boattoursamana.com\/eu\/wp-json\/wp\/v2\/pages\/15830","targetHints":{"allow":["GET"]}}],"collection":[{"href":"https:\/\/www.boattoursamana.com\/eu\/wp-json\/wp\/v2\/pages"}],"about":[{"href":"https:\/\/www.boattoursamana.com\/eu\/wp-json\/wp\/v2\/types\/page"}],"author":[{"embeddable":true,"href":"https:\/\/www.boattoursamana.com\/eu\/wp-json\/wp\/v2\/users\/2"}],"replies":[{"embeddable":true,"href":"https:\/\/www.boattoursamana.com\/eu\/wp-json\/wp\/v2\/comments?post=15830"}],"version-history":[{"count":0,"href":"https:\/\/www.boattoursamana.com\/eu\/wp-json\/wp\/v2\/pages\/15830\/revisions"}],"wp:attachment":[{"href":"https:\/\/www.boattoursamana.com\/eu\/wp-json\/wp\/v2\/media?parent=15830"}],"curies":[{"name":"wp","href":"https:\/\/api.w.org\/{rel}","templated":true}]}}