{"id":8848,"date":"2018-06-11T10:11:05","date_gmt":"2018-06-11T10:11:05","guid":{"rendered":"https:\/\/www.ticketswhales.com\/?post_type=product&#038;p=8848"},"modified":"2023-03-20T10:08:14","modified_gmt":"2023-03-20T10:08:14","slug":"birdwatching-in-los-haitises-national-park","status":"publish","type":"product","link":"https:\/\/www.boattoursamana.com\/eu\/bira\/hegaztiak-behatzea-los-haitises-parke-nazionalean","title":{"rendered":"Hegaztiak behatzea Los Haitises Parke Nazionalean"},"content":{"rendered":"<div class=\"vc_row wpb_row vc_row-fluid\" ><div class=\"wpb_column vc_column_container vc_col-sm-12\"><div class=\"vc_column-inner\"><div class=\"wpb_wrapper\"><div class=\"mkdf-section-title-holder\" style=\"text-align: left\">\n\t<div class=\"mkdf-st-inner\">\n\t\t\t\t\t<h5 class=\"mkdf-st-subtitle\" >\n\t\t\t\tHegaztiak Los Haitises Parke Nazionalean\t\t\t<\/h5>\n\t\t\t\t\t\t\t<h3 class=\"mkdf-st-title\" >\n\t\t\t\tRidgway&#039;s Hawk Tour\t\t\t<\/h3>\n\t\t\t\t\t<\/div>\n<\/div><div class=\"vc_empty_space\"   style=\"height: 32px\"><span class=\"vc_empty_space_inner\"><\/span><\/div><div class=\"vc_message_box vc_message_box-standard vc_message_box-rounded vc_color-info\" ><div class=\"vc_message_box-icon\"><i class=\"fas fa-info-circle\"><\/i><\/div><p>Check Zerrenda eguneratzea Los Haitises Parke Nazionalean:\u00a0 <a href=\"https:\/\/www.boattoursamana.com\/eu\/los-haitises-parke-nazionala-hegazti-behaketa-zerrenda-eguneratzea\/\">Klikatu hemen<\/a><\/p>\n<\/div><div class=\"vc_empty_space\"   style=\"height: 32px\"><span class=\"vc_empty_space_inner\"><\/span><\/div><\/div><\/div><\/div><\/div><div class=\"vc_row wpb_row vc_row-fluid\" ><div class=\"wpb_column vc_column_container vc_col-sm-12\"><div class=\"vc_column-inner\"><div class=\"wpb_wrapper\"><div class=\"vc_btn3-container vc_btn3-inline\" ><button class=\"vc_general vc_btn3 vc_btn3-size-md vc_btn3-shape-rounded vc_btn3-style-modern vc_btn3-color-green\">ERRESERBATU ORAIN<\/button><\/div>\n\t<div class=\"wpb_text_column wpb_content_element\" >\n\t\t<div class=\"wpb_wrapper\">\n\t\t\t<h4><b><i>Ikuspegi orokorra <\/i><\/b><\/h4>\n<section><\/section>\n<p>Los Haitises Parke Nazionalean aurki ditzakezun 110 hegazti espezie kontserbatzen ari gara. Baso magiko honetatik ibiltzea loro, Todys, Ridgway&#039;s Hawks, tanger, kolibrien eta askoz gehiagoren bila. Humit ibilbidean ikus ditzakezun hegazti guzti hauei buruzko Historia interesgarria eskainiz. Ridgway, Ashy Faced Owls eta beste espezie endemiko batzuen lekuen habitatak ezagutzen ditugu. Ibilbide hau naturan oinarritzen da eta faunari buruzko informazioan kontzentratuago dago.<\/p>\n<p><strong>Normalean, bisita pribatu bat izaten da kalitate handiko esperientzia baterako.<\/strong><\/p>\n<h4><\/h4>\n<h4><b>Inklusioak eta bazterketak<\/b><\/h4>\n<p><b>Inklusioak<\/b><\/p>\n<ol>\n<li style=\"font-weight: 400;\">3 ordu txori ibilaldia parkeko bideetan<\/li>\n<li style=\"font-weight: 400;\"><span style=\"font-weight: 400;\">Zerga, tasa eta kudeaketa-gastu guztiak<\/span><\/li>\n<li style=\"font-weight: 400;\"><span style=\"font-weight: 400;\">Tokiko zergak<\/span><\/li>\n<li style=\"font-weight: 400;\">Ofizialak Ekologistak gidari turistikoak ingelesa\/gaztelania<\/li>\n<\/ol>\n<p><b> Bazterketak<\/b><\/p>\n<ol>\n<li style=\"font-weight: 400;\"><span style=\"font-weight: 400;\">Doanak<\/span><\/li>\n<li style=\"font-weight: 400;\"><span style=\"font-weight: 400;\">Transferentzia<\/span><\/li>\n<li style=\"font-weight: 400;\"><span style=\"font-weight: 400;\">Edaria<\/span><\/li>\n<\/ol>\n<p>&nbsp;<\/p>\n<h4><em><strong>Irteera eta Itzulera<\/strong><\/em><\/h4>\n<p><span style=\"font-weight: 400;\">\u201cReserba Abenturak\u201d-k antolatutako ibilaldia, Gidariarekin ezarritako topagunetik hasten da. Bidaiariak bilgune bat lortuko du Erreserba Prozesuaren ondoren. Bisitak gure topaguneetan hasi eta amaitu.<\/span><\/p>\n<p>&nbsp;<\/p>\n<h4><b><i>Zer espero?<\/i><\/b><\/h4>\n<p><em><strong>Eskuratu zure txartela<\/strong><\/em> Los Haitises Parke Nazionalean hegaztiak ikusteko.<\/p>\n<p>n Txango hau elkargunetik hasten da Ridgway bideetatik Habia guneetaraino. 30 minutuko ibilaldia egin eta Belatzak ikusi ondoren, mendian ibiltzen jarraitzeko eta Los Haitises Parke Nazionalean Loroak, pikuletak eta beste espezie endemikoak dauden ikusteko aukera dugu.<\/p>\n<p>Los Haitises Parke Nazionalak bi bide besterik ez ditu Sabana de la Mar-en hegaztiak ikusteko. Los Hiatises Parke Nazionalerako bidean leku batzuetan gelditzen gara hegazti gehiago ikusteko.<\/p>\n<p>San Lorentzo badian egon da. bi kobazulo bisitatuko ditugu, Sadly Cave izenekoa gaztelaniaz Cueva de la Arena; Kobazulo honetan, inguru honen inguruan egondako tainoen komunitateetako petrografoak ikus ditzakegu. eta kobazuloak tenplu gisa erabiltzea.<\/p>\n<p>Horren ostean, Lineako kobazulora joango gara, honek 2.243 piktograma original dituena eta gure gidak arkeologoak piktograma horiei buruzko informazioa azaltzen dizu.<\/p>\n<p>Berriz itsasontzia hartuz Pajaros uhartera (Hegaztien uhartera) non Los Haitises Parke Nazionalera inguruko hezeguneetako hegazti gehienak ikus ditzakegu. Hegazti guztiak ez daudelako Uretan.<\/p>\n<p>Los Haitises Parke Nazionalean 4 ordu t&#039;erdiko hegaztiak ikasi ondoren, txango hau hasitako leku berean amaitzen da.<\/p>\n<p><strong>Oharra: bisita hauek Ofizialen Ekologistak gidariekin egiten dira. Mesedez, erreserbatu denborarekin, parkean ez baitago espezialista gehiegi.<\/strong><\/p>\n<p>&nbsp;<\/p>\n<h4><em><strong>Zer ekarri beharko zenuke?<\/strong><\/em><\/h4>\n<ul>\n<li style=\"font-weight: 400;\"><span style=\"font-weight: 400;\">Kamera<\/span><\/li>\n<li>Prismatikoak<\/li>\n<li style=\"font-weight: 400;\"><span style=\"font-weight: 400;\">Kimuak uxatzeko<\/span><\/li>\n<li style=\"font-weight: 400;\"><span style=\"font-weight: 400;\">eguzkitako krema<\/span><\/li>\n<li style=\"font-weight: 400;\"><span style=\"font-weight: 400;\">Txapela<\/span><\/li>\n<li style=\"font-weight: 400;\"><span style=\"font-weight: 400;\">Praka erosoak<\/span><\/li>\n<li style=\"font-weight: 400;\"><span style=\"font-weight: 400;\">Basorako mendiko oinetakoak<\/span><\/li>\n<li style=\"font-weight: 400;\"><span style=\"font-weight: 400;\">Sandaliak Udaberriko guneetara.<\/span><\/li>\n<li style=\"font-weight: 400;\"><span style=\"font-weight: 400;\">Igeriketa arropa<\/span><\/li>\n<\/ul>\n<p>&nbsp;<\/p>\n<h4><b><i>Hoteleko bilketa <\/i><\/b><\/h4>\n<p><span style=\"font-weight: 400;\">Bisita honetarako ez da hoteleko bilketa eskaintzen. <\/span><\/p>\n<p>&nbsp;<\/p>\n<p><b>Ohar:<\/b><span style=\"font-weight: 400;\"> Txangoaren irteera ordutik 24 orduko epean erreserbatzen baduzu, hoteleko bilketa egin dezakegu aparteko karguekin. Erosketa amaitutakoan, harremanetarako informazio osoa bidaliko dizugu (telefono zenbakia, helbide elektronikoa, etab.) gure tokiko Tour gidari bilketa-antolaketak antola ditzan.<\/span><\/p>\n<h4><b><i>Informazio gehigarria berrespena <\/i><\/b><\/h4>\n<ol>\n<li>Sarrerak Tour hau ordaindu ondoren ordainagiria dira. Ordainketa zure telefonoan erakutsi dezakezu.<\/li>\n<li style=\"font-weight: 400;\"><span style=\"font-weight: 400;\">Topagunea Erreserba Prozesuaren ondoren jasoko da.<\/span><\/li>\n<li style=\"font-weight: 400;\"><span style=\"font-weight: 400;\">Haurrak heldu batekin joan behar dira.<\/span><\/li>\n<li style=\"font-weight: 400;\"><span style=\"font-weight: 400;\"> Ez dago gurpil-aulkirako sarbidea <\/span><\/li>\n<li style=\"font-weight: 400;\"><span style=\"font-weight: 400;\">Haurrak magalean eseri behar dira <\/span><\/li>\n<li style=\"font-weight: 400;\"><span style=\"font-weight: 400;\">Ez da gomendagarria bizkarreko arazoak dituzten bidaiarientzat<\/span><\/li>\n<li style=\"font-weight: 400;\"><span style=\"font-weight: 400;\">Ez da gomendagarria haurdun dauden bidaiarientzat <\/span><\/li>\n<li style=\"font-weight: 400;\"><span style=\"font-weight: 400;\"> Ez dago bihotzeko arazorik edo beste baldintza mediko larririk <\/span><\/li>\n<li style=\"font-weight: 400;\"><span style=\"font-weight: 400;\">Bidaiari gehienek parte har dezakete<\/span><\/li>\n<\/ol>\n<p>Ibilbide hau gutxienez 2 pertsona eta gehienez 15 pertsonarentzat eskaintzen da. Jende gutxiago izanez gero, jar zaitez gurekin harremanetan.<\/p>\n<h4><b><i>Baliogabetze politika<\/i><\/b><\/h4>\n<p>Itzulketa osoa lortzeko, irakurri gure Ezeztapen-politikak\u00a0<a href=\"https:\/\/www.boattoursamana.com\/eu\/lineako-erreserba\/\" target=\"_blank\" rel=\"noopener\" data-saferedirecturl=\"https:\/\/www.google.com\/url?q=https:\/\/www.boattoursamana.com\/online-booking\/&amp;source=gmail&amp;ust=1672449202351000&amp;usg=AOvVaw1yAeVAPktmaVCqDujgUn90\">Klikatu hemen<\/a>. Funtsak galduko dira erreserba bidaiaren egun berean bertan behera uzten bada.<\/p>\n\n\t\t<\/div>\n\t<\/div>\n<\/div><\/div><\/div><\/div><div class=\"vc_row wpb_row vc_row-fluid\" ><\/div><div class=\"wpb_column vc_column_container vc_col-sm-12\"><div class=\"vc_column-inner\"><div class=\"wpb_wrapper\"><div class=\"vc_message_box vc_message_box-standard vc_message_box-rounded vc_color-info\" ><div class=\"vc_message_box-icon\"><i class=\"fas fa-info-circle\"><\/i><\/div><p>Check Zerrenda eguneratzea Los Haitises Parke Nazionalean:\u00a0 <a href=\"https:\/\/www.boattoursamana.com\/eu\/los-haitises-parke-nazionala-hegazti-behaketa-zerrenda-eguneratzea\/\">Klikatu hemen<\/a><\/p>\n<\/div><\/div><\/div><\/div><div class=\"vc_row wpb_row vc_row-fluid\" ><div class=\"wpb_column vc_column_container vc_col-sm-12\"><div class=\"vc_column-inner\"><div class=\"wpb_wrapper\"><div class=\"vc_btn3-container vc_btn3-inline\" ><button class=\"vc_general vc_btn3 vc_btn3-size-md vc_btn3-shape-rounded vc_btn3-style-modern vc_btn3-color-green\">ERRESERBATU ORAIN<\/button><\/div><\/div><\/div><\/div><\/div>","protected":false},"excerpt":{"rendered":"<p><span style=\"vertical-align: inherit;\"><span style=\"vertical-align: inherit;\">Viaje al Parque Nacional Los Haitises con un gu\u00eda tur\u00edstico local que se concentra en la observaci\u00f3n de aves + Cuevas. <\/span><span style=\"vertical-align: inherit;\">Visitando los Cayos en el Parque Nacional Los Haitises, Manglares, Vegetaci\u00f3n, Observaci\u00f3n de aves, Cuevas, Pictogramas y las \u00e1reas hist\u00f3ricas de Sabana de la Mar en el Parque Nacional Los Haitises.<\/span><\/span><\/p>\n<p>&nbsp;<\/p>\n<p><em><strong><span style=\"vertical-align: inherit;\"><span style=\"vertical-align: inherit;\">Aukeratu la fecha para el tour\u00a0<\/span><\/span><\/strong><\/em><\/p>","protected":false},"featured_media":8195,"template":"","meta":[],"product_cat":[178,946,932,168,159,170,169,253,254,255],"product_tag":[586,237,582,584,628,236,583,625,626,630,629,585,171,624,209,627,614,239,238,175,186,199,240],"class_list":["post-8848","product","type-product","status-publish","has-post-thumbnail","hentry","product_cat-hiking","product_cat-1-sabana-de-la-mar","product_cat-birdwatching-los-haitises","product_cat-caves","product_cat-fees-entrace","product_cat-local-tour-guides","product_cat-mangroves","product_cat-tours-and-excursions","product_cat-tours-excursions-los-haitises-national-park","product_cat-tours-excursions-samana-bay-dominican-republic","product_tag-biding-sabana-de-la-mar","product_tag-birding","product_tag-birding-dominican-republic","product_tag-birding-in-los-haitises","product_tag-los-haitises-national-park-birding-tour-from-punta-cana","product_tag-birdwatching","product_tag-birdwatching-dominicana","product_tag-birdwtaching","product_tag-boat-tour-birding","product_tag-carretera-cano-hondo","product_tag-eco-lodge-paraiso-cano-hondo","product_tag-hire-a-guide-in-los-haitises","product_tag-los-haitises","product_tag-los-haitises-birding","product_tag-los-haitises-national-park","product_tag-los-haitises-national-park-cano-hondo","product_tag-los-haitises-samana","product_tag-nature","product_tag-ridgways-hawk","product_tag-sabana-de-la-mar","product_tag-samana","product_tag-samana-bay","product_tag-wildlife"],"_links":{"self":[{"href":"https:\/\/www.boattoursamana.com\/eu\/wp-json\/wp\/v2\/product\/8848","targetHints":{"allow":["GET"]}}],"collection":[{"href":"https:\/\/www.boattoursamana.com\/eu\/wp-json\/wp\/v2\/product"}],"about":[{"href":"https:\/\/www.boattoursamana.com\/eu\/wp-json\/wp\/v2\/types\/product"}],"wp:featuredmedia":[{"embeddable":true,"href":"https:\/\/www.boattoursamana.com\/eu\/wp-json\/wp\/v2\/media\/8195"}],"wp:attachment":[{"href":"https:\/\/www.boattoursamana.com\/eu\/wp-json\/wp\/v2\/media?parent=8848"}],"wp:term":[{"taxonomy":"product_cat","embeddable":true,"href":"https:\/\/www.boattoursamana.com\/eu\/wp-json\/wp\/v2\/product_cat?post=8848"},{"taxonomy":"product_tag","embeddable":true,"href":"https:\/\/www.boattoursamana.com\/eu\/wp-json\/wp\/v2\/product_tag?post=8848"}],"curies":[{"name":"wp","href":"https:\/\/api.w.org\/{rel}","templated":true}]}}