{"id":9686,"date":"2019-10-25T17:17:13","date_gmt":"2019-10-25T17:17:13","guid":{"rendered":"https:\/\/www.ticketswhales.com\/?post_type=product&#038;p=9686"},"modified":"2023-10-25T07:18:51","modified_gmt":"2023-10-25T07:18:51","slug":"ermitano-beach-playa-ermitano-boat-tour-and-playa-onda-half-day-trip-samana-dominican-republic","status":"publish","type":"product","link":"https:\/\/www.boattoursamana.com\/eu\/bira\/ermitano-hondartza-playa-ermitano-itsasontzien-txangoa-eta-playa-onda-egun-erdiko-bidaia-samana-dominikar-errepublika","title":{"rendered":"(Ermitano hondartza) Playa Ermita\u00f1o Itsasontzien ibilaldia eta Playa Onda, Half \u2013 Day Trip, Saman\u00e1 \u2013 Dominikar Errepublika."},"content":{"rendered":"<div class=\"vc_row wpb_row vc_row-fluid\" ><div class=\"wpb_column vc_column_container vc_col-sm-12\"><div class=\"vc_column-inner\"><div class=\"wpb_wrapper\"><div class=\"vc_btn3-container vc_btn3-inline\" ><a class=\"vc_general vc_btn3 vc_btn3-size-md vc_btn3-shape-rounded vc_btn3-style-modern vc_btn3-color-green\" href=\"https:\/\/bookingadventures.tours\/booking.php?tour_id=7e99c2fca5922e90ee3d1d2969786362\" title=\"\" rel=\"noopener\">ERRESERBATU ORAIN<\/a><\/div><div class=\"mkdf-section-title-holder\" style=\"text-align: left\">\n\t<div class=\"mkdf-st-inner\">\n\t\t\t\t\t<h5 class=\"mkdf-st-subtitle\" >\n\t\t\t\tBazkaria, Itsasontziz Ibilaldia eta Hoteletatik Garraio Pribatua.\t\t\t<\/h5>\n\t\t\t\t\t\t\t<h3 class=\"mkdf-st-title\" >\n\t\t\t\t(Ermitano hondartza) Playa Ermita\u00f1o Itsasontzien ibilaldia eta Playa Onda, Egun erdiko bidaia, Saman\u00e1 - Dominikar Errepublika.\t\t\t<\/h3>\n\t\t\t\t\t<\/div>\n<\/div>\n\t<div class=\"wpb_text_column wpb_content_element\" >\n\t\t<div class=\"wpb_wrapper\">\n\t\t\t<h2 class=\"styles__heading___mD4_3\" data-radium=\"true\">(Ermitano hondartza) Playa Ermita\u00f1o itsasontziz txangoa eta Playa Onda bidaia pribatua.<\/h2>\n<h4><b><i>Ikuspegi orokorra <\/i><\/b><\/h4>\n<p>nBidaia zure hotelean edo Samana inguruko aireportuan edo Las Galerasen hartzen hasten da. Hasi zure esperientzia Playa El Vallen, Saman\u00e1tik gertu dagoen hondartza eder eta paregabean. Gozatu 25 minutuko itsasontziz Playa Ermita\u00f1ora, hau da, oraindik esploratu gabeko eta isolatutako hondartzara, ur urdin turkesa duena. Gozatu koko ur freskoa. Ezagutu Dominikar Errepublikaren benetako edertasuna eta ukitu gabekoa eta murgil zaitez naturan, inguruko koba sekretua arakatzen duzun bitartean. Egon zaitez Playa Ermita\u00f1on nahi adina, eta bisitatu Playa Onda, beste hondartza basati eder bat, itsasontziz 15 minutura bakarrik. Playa El Vallera itzuli eta gero Samanara joan, bertako etxeak ikusiko ditugu eta Dominikar bizitza erreala ezagutuko dugu.<\/p>\n<p>&nbsp;<\/p>\n<ul>\n<li>Inguruko Segurtasun esperientzia duen Local Guide.<\/li>\n<li>Garraio pribatua<\/li>\n<li>Tasak barne<\/li>\n<li>Bazkaria Hondartzan<\/li>\n<li>Tokiko Tour Guide gaztelaniaz, ingelesez edo frantsesez.<\/li>\n<li>Mendi ibilaldiak<\/li>\n<\/ul>\n<h4><b>Inklusioak eta bazterketak<\/b><\/h4>\n<p>&nbsp;<\/p>\n<p><b>Inklusioak<\/b><\/p>\n<ol>\n<li><span style=\"font-weight: 400;\">Inguruko Segurtasuneko esperientzia duen Tokiko Gida.<\/span><\/li>\n<li>Talde txikientzako garraio pribatua<\/li>\n<li style=\"font-weight: 400;\">El Rincon hondartza<\/li>\n<li>Dominikar Etxea ganadutegia<\/li>\n<li>Cano Frio ibaia<\/li>\n<li style=\"font-weight: 400;\"><span style=\"font-weight: 400;\">Zerga, tasa eta kudeaketa-gastu guztiak<\/span><\/li>\n<li style=\"font-weight: 400;\"><span style=\"font-weight: 400;\">Tokiko zergak<\/span><\/li>\n<li>Bazkaria Hondartzan<\/li>\n<li>Mendi ibilaldiak<\/li>\n<li style=\"font-weight: 400;\"><span style=\"font-weight: 400;\">Jarduera guztiak<\/span><\/li>\n<\/ol>\n<p><b> Bazterketak<\/b><\/p>\n<ol>\n<li style=\"font-weight: 400;\"><span style=\"font-weight: 400;\">Doanak<\/span><\/li>\n<li>Edari guztiak<\/li>\n<\/ol>\n<h4><em><strong>Irteera eta Itzulera<\/strong><\/em><\/h4>\n<p><span style=\"font-weight: 400;\">Bidaiariak bilgune bat lortuko du Erreserba Prozesuaren ondoren. Bisitak gure topaguneetan hasi eta amaitu.<\/span><\/p>\n<h2 class=\"styles__heading___mD4_3\" data-radium=\"true\">(Ermitano hondartza) Playa Ermita\u00f1o itsasontziz txangoa eta Playa Onda bidaia pribatua.<\/h2>\n<h4><em>Zer espero?<\/em><\/h4>\n<p>nSamanako hotelen eremutik irten eta Dominikar kaleetan zehar gidatu ondoren, bertako bizimodua ikusi eta ezagutuko duzu. Hondartza hau Playa Honda eta Playa El Valle artean dago Samanako penintsulan. 400 metroko luzera du eta arrezifez inguratuta dago. Hondartza honetara sartzeko modu bakarra mendi-ibiliak dira, oihanaren antzeko bide-bide trinko batetik edo itsasontziz.<\/p>\n<p><span style=\"vertical-align: inherit;\"><span style=\"vertical-align: inherit;\">La historia de su nombre es fascinante e interesante\u2026 Juan El Ermita\u00f1o itxuraz frantses pirata bat zen, arrepentido, egun batean Saman\u00e1 hondartzan utzi zuen. <\/span><span style=\"vertical-align: inherit;\">Cuenta la historia que hab\u00eda estado solo y aislado del mundo durante el a\u00f1o 1780. La leyenda dice que despu\u00e9s de 22 a\u00f1os de exilio, fue descubierto por sorpresa por sus antiguos compa\u00f1eros corsarios que lo creyeron muerto. <\/span><span style=\"vertical-align: inherit;\">Pero los espa\u00f1oles, asombrados por su austeridad y constancia, le concedieron el perd\u00f3n, consider\u00e1ndolo casi un santo. <\/span><span style=\"vertical-align: inherit;\">Pero como toda historia de piratas que se precie, Juan El Ermita\u00f1o guardaba un gran secreto: guardaba un precioso bot\u00edn de su \u00e9poca de pirata que se escond\u00eda en esta playa.<\/span><\/span><\/p>\n<p>nHara iristean postaleko paisaia ezin hobea ikusiko duzu aurrean. Munduan bakarra izatearen inpresioa izango duzu bere landaredi oparo eta tropikaleko leku magiko honetan eta bere ur gardenen edertasunarengatik. Hondartza honek izugarrizko esperientzia bihurtzen du.<\/p>\n<p>n Survivor telesailaren turkiar eta suediar bertsioa filmatu zuten hondartza honetan<\/p>\n<p>\u201cReserba Abenturak\u201d-k antolatutako ibilaldi hau gure Gidari Gidariarekin ezarritako topagunetik hasten da. Zatoz Booking Adventures-ekin eta bazkaldu hondartzan eta gozatu Samanako (Dominikar Errepublika) hondartza harrigarrienetakoa.<\/p>\n<h4><em><strong>Zer ekarri beharko zenuke?<\/strong><\/em><\/h4>\n<ul>\n<li style=\"font-weight: 400;\"><span style=\"font-weight: 400;\">Kamera<\/span><\/li>\n<li style=\"font-weight: 400;\"><span style=\"font-weight: 400;\">Kimuak uxatzeko<\/span><\/li>\n<li style=\"font-weight: 400;\"><span style=\"font-weight: 400;\">Eguzkitako krema<\/span><\/li>\n<li>Ura<\/li>\n<li style=\"font-weight: 400;\"><span style=\"font-weight: 400;\">Txapela<\/span><\/li>\n<li style=\"font-weight: 400;\"><span style=\"font-weight: 400;\">Praka erosoak<\/span><\/li>\n<li style=\"font-weight: 400;\"><span style=\"font-weight: 400;\">Basorako mendiko oinetakoak<\/span><\/li>\n<li style=\"font-weight: 400;\"><span style=\"font-weight: 400;\">Sandaliak Udaberriko guneetara.<\/span><\/li>\n<li style=\"font-weight: 400;\"><span style=\"font-weight: 400;\">Igeriketa arropa<\/span><\/li>\n<\/ul>\n<p>&nbsp;<\/p>\n<h4><b><i>Hoteleko bilketa <\/i><\/b><\/h4>\n<p><span style=\"font-weight: 400;\">Ibilaldi honetarako hotelean jasotzea eskaintzen da. <\/span><\/p>\n<p>&nbsp;<\/p>\n<p><b>Ohar:<\/b><span style=\"font-weight: 400;\"> Txangoaren irteera ordua baino 24 orduko epean erreserbatzen baduzu, hoteleko bilketa egin dezakegu. Samana eremuan jasotzen dugu. Erosketa amaitutakoan, harremanetarako informazio osoa bidaliko dizugu (telefono-zenbakia, helbide elektronikoa, etab.) gure tokiko Tour gidari bilketa-antolaketak antola ditzan.<\/span><\/p>\n<h4><b><i>Informazio gehigarria berrespena <\/i><\/b><\/h4>\n<ol>\n<li>Sarrerak Tour hau ordaindu ondoren ordainagiria dira. Ordainketa zure telefonoan erakutsi dezakezu.<\/li>\n<li style=\"font-weight: 400;\"><span style=\"font-weight: 400;\">Topagunea Erreserba Prozesuaren ondoren jasoko da.<\/span><\/li>\n<li style=\"font-weight: 400;\"><span style=\"font-weight: 400;\">Haurrak heldu batekin joan behar dira.<\/span><\/li>\n<li style=\"font-weight: 400;\"><span style=\"font-weight: 400;\"> Ez dago gurpil-aulkirako sarbidea <\/span><\/li>\n<li style=\"font-weight: 400;\"><span style=\"font-weight: 400;\">Haurrak magalean eseri behar dira <\/span><\/li>\n<li style=\"font-weight: 400;\"><span style=\"font-weight: 400;\">Ez da gomendagarria bizkarreko arazoak dituzten bidaiarientzat<\/span><\/li>\n<li style=\"font-weight: 400;\"><span style=\"font-weight: 400;\">Ez da gomendagarria haurdun dauden bidaiarientzat <\/span><\/li>\n<li style=\"font-weight: 400;\"><span style=\"font-weight: 400;\"> Ez dago bihotzeko arazorik edo beste baldintza mediko larririk <\/span><\/li>\n<li style=\"font-weight: 400;\"><span style=\"font-weight: 400;\">Bidaiari gehienek parte har dezakete<\/span><\/li>\n<\/ol>\n<h4><b><i>Baliogabetze politika<\/i><\/b><\/h4>\n<p>Itzulketa osoa lortzeko, irakurri gure Ezeztapen-politikak\u00a0<a href=\"https:\/\/www.boattoursamana.com\/eu\/lineako-erreserba\/\" target=\"_blank\" rel=\"noopener\" data-saferedirecturl=\"https:\/\/www.google.com\/url?q=https:\/\/www.boattoursamana.com\/online-booking\/&amp;source=gmail&amp;ust=1672532492004000&amp;usg=AOvVaw3ylqI1cdbIPTimEqEWneyd\">Klikatu hemen<\/a>. Funtsak galduko dira erreserba bidaiaren egun berean bertan behera uzten bada.<\/p>\n\n\t\t<\/div>\n\t<\/div>\n<\/div><\/div><\/div><\/div><div class=\"vc_row wpb_row vc_row-fluid\" ><div class=\"wpb_column vc_column_container vc_col-sm-12\"><div class=\"vc_column-inner\"><div class=\"wpb_wrapper\">\n\t<div class=\"wpb_video_widget wpb_content_element vc_clearfix   vc_video-aspect-ratio-169 vc_video-el-width-100 vc_video-align-left\" >\n\t\t<div class=\"wpb_wrapper\">\n\t\t\t<h2 class=\"wpb_heading wpb_video_heading\">Ikusi bideoa:<\/h2>\n\t\t\t<div class=\"wpb_video_wrapper\"><iframe loading=\"lazy\" title=\"Playa Ermita\u00f1o - Saman\u00e1, Dominikanako Errepublika\" src=\"https:\/\/player.vimeo.com\/video\/263076708?dnt=1&amp;app_id=122963\" width=\"1100\" height=\"619\" frameborder=\"0\" allow=\"autoplay; fullscreen\" allowfullscreen><\/iframe><\/div>\n\t\t<\/div>\n\t<\/div>\n<\/div><\/div><\/div><\/div><div class=\"vc_row wpb_row vc_row-fluid\" ><div class=\"wpb_column vc_column_container vc_col-sm-12\"><div class=\"vc_column-inner\"><div class=\"wpb_wrapper\"><div class=\"vc_empty_space\"   style=\"height: 32px\"><span class=\"vc_empty_space_inner\"><\/span><\/div>\n\t<div class=\"wpb_text_column wpb_content_element\" >\n\t\t<div class=\"wpb_wrapper\">\n\t\t\t<h4>Jarri gurekin harremanetan?<\/h4>\n<h5>Erreserba Abenturak<\/h5>\n<p><em><strong>Bertakoak<\/strong>\u00a0eta\u00a0<strong>Nazionalak<\/strong>\u00a0Bisita gidatuak eta gonbidatuentzako zerbitzuak<\/em><\/p>\n<p><span class=\"text-turquoise\">Erreserbak:<\/span>\u00a0Bisitak eta txangoak Dom-en. Errep.<\/p>\n<p><img decoding=\"async\" class=\"emoji\" draggable=\"false\" src=\"https:\/\/s.w.org\/images\/core\/emoji\/11.2.0\/svg\/1f4de.svg\" alt=\"\ud83d\udcde\" title=\"\">\u00a0Tel \/ Whatsapp\u00a0\u00a0<a href=\"tel:+1-809-720-6035\">+1-809-720-6035<\/a>.<\/p>\n<p><img decoding=\"async\" class=\"emoji\" draggable=\"false\" src=\"https:\/\/s.w.org\/images\/core\/emoji\/11.2.0\/svg\/1f4e9.svg\" alt=\"\ud83d\udce9\" title=\"\">\u00a0<a href=\"mailto:info@bookingadventures.com.do\">info@bookingadventures.com.do<\/a><\/p>\n<p><strong>Whatsapp bidez bisita pribatuak ezartzen malguak gara:\u00a0<a href=\"tel:+18097206035\">+18097206035.<\/a><\/strong><\/p>\n\n\t\t<\/div>\n\t<\/div>\n<div class=\"vc_empty_space\"   style=\"height: 32px\"><span class=\"vc_empty_space_inner\"><\/span><\/div><\/div><\/div><\/div><\/div><div class=\"vc_row wpb_row vc_row-fluid\" ><div class=\"wpb_column vc_column_container vc_col-sm-12\"><div class=\"vc_column-inner\"><div class=\"wpb_wrapper\"><div class=\"vc_btn3-container vc_btn3-inline\" ><a class=\"vc_general vc_btn3 vc_btn3-size-md vc_btn3-shape-rounded vc_btn3-style-modern vc_btn3-color-green\" href=\"https:\/\/bookingadventures.tours\/booking.php?tour_id=7e99c2fca5922e90ee3d1d2969786362\" title=\"\" rel=\"noopener\">ERRESERBATU ORAIN<\/a><\/div><\/div><\/div><\/div><\/div>","protected":false},"excerpt":{"rendered":"<pre id=\"tw-target-text\" class=\"tw-data-text tw-text-large tw-ta\" dir=\"ltr\" data-placeholder=\"Translation\" data-ved=\"2ahUKEwiCmvnO05CCAxVehP0HHTI_C5cQ3ewLegQIChAQ\"><span class=\"Y2IQFc\" lang=\"en\">Hasi zure esperientzia Playa El Vallen, Saman\u00e1tik gertu dagoen hondartza eder eta paregabean. Gozatu 25 minutuko itsasontziz Playa Ermita\u00f1ora, hau da, oraindik esploratu gabeko eta hondartza bakartu bat, ur urdin turkesa duena. Gozatu koko ur freskoa. Ezagutu Dominikar Errepublikaren benetako edertasuna eta ukitu gabekoa eta murgil zaitez naturan inguruko koba sekretua arakatzen duzun bitartean. Egon zaitez Playa Ermita\u00f1on nahi duzun bitartean eta bisitatu Playa Onda, beste hondartza basati eder bat, itsasontziz 15 minutu eskasera. Itzuli Playa El Vallera eta gero Samanara joan, bertako etxeak ikusiko dituzu eta Dominikar benetako bizitza ezagutuko duzu. Dominikar Errepublikako benetako Saman\u00e1 egun erdiko esperientzia da.<\/span><\/pre>\n<p>&nbsp;<\/p>\n<p><i><b>Egin klik ERRESERBATU ORAIN erabilgarritasuna ikusteko\u00a0<\/b><\/i><\/p>","protected":false},"featured_media":9698,"template":"","meta":[],"product_cat":[160,655,456,170,255],"product_tag":[510,516,520,515,519,522,521,517,523,511,518,512,514,513,327,375,200,187],"class_list":["post-9686","product","type-product","status-publish","has-post-thumbnail","hentry","product_cat-lunch","product_cat-1-samana","product_cat-day-trips","product_cat-local-tour-guides","product_cat-tours-excursions-samana-bay-dominican-republic","product_tag-ermitano-beach-playa-ermitano-boat-tour-and-playa-onda-private-trip","product_tag-ermitano-beach","product_tag-ermitano-excursion","product_tag-ermitano-samana","product_tag-ermitano-tour","product_tag-las-terrenas-excursions","product_tag-las-terrenas-tours","product_tag-onda-beach","product_tag-playa-ermitano-and-playa-onda-private-boat-tour","product_tag-playa-ermitano-tour","product_tag-playa-honda-samana","product_tag-playa-onda","product_tag-playa-onda-location","product_tag-playa-onda-samana-maps","product_tag-private-tours-samana","product_tag-samana-dominican-republic","product_tag-samana-excursions","product_tag-samana-tours"],"_links":{"self":[{"href":"https:\/\/www.boattoursamana.com\/eu\/wp-json\/wp\/v2\/product\/9686","targetHints":{"allow":["GET"]}}],"collection":[{"href":"https:\/\/www.boattoursamana.com\/eu\/wp-json\/wp\/v2\/product"}],"about":[{"href":"https:\/\/www.boattoursamana.com\/eu\/wp-json\/wp\/v2\/types\/product"}],"wp:featuredmedia":[{"embeddable":true,"href":"https:\/\/www.boattoursamana.com\/eu\/wp-json\/wp\/v2\/media\/9698"}],"wp:attachment":[{"href":"https:\/\/www.boattoursamana.com\/eu\/wp-json\/wp\/v2\/media?parent=9686"}],"wp:term":[{"taxonomy":"product_cat","embeddable":true,"href":"https:\/\/www.boattoursamana.com\/eu\/wp-json\/wp\/v2\/product_cat?post=9686"},{"taxonomy":"product_tag","embeddable":true,"href":"https:\/\/www.boattoursamana.com\/eu\/wp-json\/wp\/v2\/product_tag?post=9686"}],"curies":[{"name":"wp","href":"https:\/\/api.w.org\/{rel}","templated":true}]}}